{"id":28202,"date":"2022-07-21T13:41:10","date_gmt":"2022-07-21T11:41:10","guid":{"rendered":"https:\/\/sistemakalinka.com\/?page_id=28202"},"modified":"2024-11-21T22:54:57","modified_gmt":"2024-11-21T21:54:57","slug":"kontakt","status":"publish","type":"page","link":"https:\/\/sistemakalinka.com\/de\/kontakt\/","title":{"rendered":"Kontakt"},"content":{"rendered":"<div class=\"container-fluid\">\r\n   <div class=\"row\">\r\n      <div class=\"col-xs-12\">\r\n         <div class=\"page-header-seccion\">\r\n            <h1>Setz dich mit uns in Verbindung<\/h1>\r\n         <\/div>\r\n         <div class=\"row\">\r\n            <div class=\"col-sm-12\">\r\n\t\t\t\t<p>Danke f\u00fcr deinen Besuch. \u00dcber das untenstehende Formular kannst du uns kontaktieren.<\/p>\r\n\t\t\t\t<ul>\r\n\t\t\t\t\t<li>Hast du Fragen zu unseren Kursen oder B\u00fcchern?<\/li>\r\n\t\t\t\t\t<li>Hast du einen Fehler auf unserer Website gefunden?<\/li>\r\n\t\t\t\t\t<li>M\u00f6chtest du uns eine Nachricht schicken?<\/li>\r\n\t\t\t\t<\/ul>\r\n            <\/div>\r\n         <\/div>\r\n      <\/div>\r\n   <\/div>\r\n<\/div><!-- Intro --><div class=\"container-fluid\">\r\n   <div class=\"row\">\r\n      <div class=\"col-xs-12\">\n<div class=\"wpcf7 no-js\" id=\"wpcf7-f28580-o1\" lang=\"en-US\" dir=\"ltr\" data-wpcf7-id=\"28580\">\n<div class=\"screen-reader-response\"><p role=\"status\" aria-live=\"polite\" aria-atomic=\"true\"><\/p> <ul><\/ul><\/div>\n<form action=\"\/de\/wp-json\/wp\/v2\/pages\/28202#wpcf7-f28580-o1\" method=\"post\" class=\"wpcf7-form init\" aria-label=\"Contact form\" enctype=\"multipart\/form-data\" novalidate=\"novalidate\" data-status=\"init\">\n<fieldset class=\"hidden-fields-container\"><input type=\"hidden\" name=\"_wpcf7\" value=\"28580\" \/><input type=\"hidden\" name=\"_wpcf7_version\" value=\"6.1.5\" \/><input type=\"hidden\" name=\"_wpcf7_locale\" value=\"en_US\" \/><input type=\"hidden\" name=\"_wpcf7_unit_tag\" value=\"wpcf7-f28580-o1\" \/><input type=\"hidden\" name=\"_wpcf7_container_post\" value=\"0\" \/><input type=\"hidden\" name=\"_wpcf7_posted_data_hash\" value=\"\" \/><input type=\"hidden\" name=\"_wpcf7_recaptcha_response\" value=\"\" \/>\n<\/fieldset>\n<p><label>Name (erforderlich)<br \/>\n<span class=\"wpcf7-form-control-wrap\" data-name=\"your-name\"><input size=\"40\" maxlength=\"400\" class=\"wpcf7-form-control wpcf7-text wpcf7-validates-as-required\" aria-required=\"true\" aria-invalid=\"false\" value=\"\" type=\"text\" name=\"your-name\" \/><\/span> <\/label>\n<\/p>\n<p><label>E-Mail-Adresse (erforderlich)<br \/>\n<span class=\"wpcf7-form-control-wrap\" data-name=\"your-email\"><input size=\"40\" maxlength=\"400\" class=\"wpcf7-form-control wpcf7-email wpcf7-validates-as-required wpcf7-text wpcf7-validates-as-email\" aria-required=\"true\" aria-invalid=\"false\" value=\"\" type=\"email\" name=\"your-email\" \/><\/span> <\/label>\n<\/p>\n<p><label>Betreff<br \/>\n<span class=\"wpcf7-form-control-wrap\" data-name=\"your-subject\"><input size=\"40\" maxlength=\"400\" class=\"wpcf7-form-control wpcf7-text\" aria-invalid=\"false\" value=\"\" type=\"text\" name=\"your-subject\" \/><\/span> <\/label>\n<\/p>\n<p><label>Nachricht<br \/>\n<span class=\"wpcf7-form-control-wrap\" data-name=\"your-message\"><textarea cols=\"40\" rows=\"10\" maxlength=\"2000\" class=\"wpcf7-form-control wpcf7-textarea\" aria-invalid=\"false\" name=\"your-message\"><\/textarea><\/span> <\/label>\n<\/p>\n<p>Wenn Sie eine Datei anh\u00e4ngen m\u00f6chten (z. B. mit einem Bild eines Fehlers, den Sie auf unserer Website gefunden haben), verwenden Sie die Schaltfl\u00e4che unten:\n<\/p>\n<p><strong>Maximal 2 angeh\u00e4ngte Dateien und eine Gesamtdateigr\u00f6\u00dfe von 3\u00a0MB<\/strong>:\n<\/p>\n<p><span class=\"wpcf7-form-control-wrap\" data-name=\"file-780\"><input size=\"40\" class=\"wpcf7-form-control wpcf7-file\" accept=\".gif,.png,.jpg,.jpeg,.pdf,.doc,.docx,.txt,.ppt,.pptx,.odt,.avi,.ogg,.m4a,.mov,.mp3,.mp4,.mpg,.wav,.wmv\" aria-invalid=\"false\" type=\"file\" name=\"file-780\" \/><\/span><br \/>\n<span class=\"wpcf7-form-control-wrap\" data-name=\"file-781\"><input size=\"40\" class=\"wpcf7-form-control wpcf7-file\" accept=\".gif,.png,.jpg,.jpeg,.pdf,.doc,.docx,.txt,.ppt,.pptx,.odt,.avi,.ogg,.m4a,.mov,.mp3,.mp4,.mpg,.wav,.wmv\" aria-invalid=\"false\" type=\"file\" name=\"file-781\" \/><\/span>\n<\/p>\n\n<p>&nbsp;\n<\/p>\n<p><input class=\"wpcf7-form-control wpcf7-submit has-spinner\" type=\"submit\" value=\"Abschicken\" \/>\n<\/p><p style=\"display: none !important;\" class=\"akismet-fields-container\" data-prefix=\"_wpcf7_ak_\"><label>&#916;<textarea name=\"_wpcf7_ak_hp_textarea\" cols=\"45\" rows=\"8\" maxlength=\"100\"><\/textarea><\/label><input type=\"hidden\" id=\"ak_js_1\" name=\"_wpcf7_ak_js\" value=\"132\"\/><script type=\"text\/javascript\">\n\/* <![CDATA[ *\/\ndocument.getElementById( \"ak_js_1\" ).setAttribute( \"value\", ( new Date() ).getTime() );\n\/* ]]> *\/\n<\/script>\n<\/p><div class=\"wpcf7-response-output\" aria-hidden=\"true\"><\/div>\n<\/form>\n<\/div>\n<\/div>\r\n   <\/div>\r\n<\/div>\r\n<div class=\"container-fluid\">\r\n   <div class=\"row\">\r\n      <div class=\"col-xs-12\">\r\n      <p>&nbsp;<\/p>\r\n\t  <p style=\"color: grey;\">This site is protected by reCAPTCHA and the Google <a href=\"https:\/\/policies.google.com\/privacy\">Privacy Policy<\/a> and <a href=\"https:\/\/policies.google.com\/terms\">Terms of Service<\/a> apply.<\/p>\r\n\t  <p>&nbsp;<\/p>\r\n      <\/div>\r\n   <\/div>\r\n<\/div>","protected":false},"excerpt":{"rendered":"Setz dich mit uns in Verbindung Danke f\u00fcr deinen Besuch. \u00dcber das untenstehende Formular kannst du uns kontaktieren. Hast du Fragen zu unseren Kursen oder B\u00fcchern? Hast du einen Fehler auf unserer Website gefunden? M\u00f6chtest du uns eine Nachricht schicken? &nbsp; This site is protected by reCAPTCHA and the Google Privacy Policy and Terms of [&hellip;]","protected":false},"author":47,"featured_media":0,"parent":0,"menu_order":0,"comment_status":"closed","ping_status":"closed","template":"","meta":{"footnotes":""},"class_list":["post-28202","page","type-page","status-publish","hentry"],"yoast_head":"<!-- This site is optimized with the Yoast SEO plugin v27.4 - https:\/\/yoast.com\/product\/yoast-seo-wordpress\/ -->\n<title>Kontakt - Sistema Kalinka<\/title>\n<meta name=\"description\" content=\"Russischschule Red Kalinka - Lernplattform Sistema Kalinka. Kontaktiere uns bei Fragen zu unseren Kursen B\u00fcchern und Kursen\" \/>\n<meta name=\"robots\" content=\"index, follow, max-snippet:-1, max-image-preview:large, max-video-preview:-1\" \/>\n<link rel=\"canonical\" href=\"https:\/\/sistemakalinka.com\/de\/kontakt\/\" \/>\n<meta property=\"og:locale\" content=\"de_DE\" \/>\n<meta property=\"og:type\" content=\"article\" \/>\n<meta property=\"og:title\" content=\"Kontakt - Sistema Kalinka\" \/>\n<meta property=\"og:description\" content=\"Russischschule Red Kalinka - Lernplattform Sistema Kalinka. Kontaktiere uns bei Fragen zu unseren Kursen B\u00fcchern und Kursen\" \/>\n<meta property=\"og:url\" content=\"https:\/\/sistemakalinka.com\/de\/kontakt\/\" \/>\n<meta property=\"og:site_name\" content=\"Sistema Kalinka\" \/>\n<meta property=\"article:modified_time\" content=\"2024-11-21T21:54:57+00:00\" \/>\n<meta name=\"twitter:card\" content=\"summary_large_image\" \/>\n<meta name=\"twitter:label1\" content=\"Gesch\u00e4tzte Lesezeit\" \/>\n\t<meta name=\"twitter:data1\" content=\"1\u00a0Minute\" \/>\n<script type=\"application\/ld+json\" class=\"yoast-schema-graph\">{\"@context\":\"https:\\\/\\\/schema.org\",\"@graph\":[{\"@type\":\"WebPage\",\"@id\":\"https:\\\/\\\/sistemakalinka.com\\\/de\\\/kontakt\\\/\",\"url\":\"https:\\\/\\\/sistemakalinka.com\\\/de\\\/kontakt\\\/\",\"name\":\"Kontakt - Sistema Kalinka\",\"isPartOf\":{\"@id\":\"https:\\\/\\\/sistemakalinka.com\\\/de\\\/#website\"},\"datePublished\":\"2022-07-21T11:41:10+00:00\",\"dateModified\":\"2024-11-21T21:54:57+00:00\",\"description\":\"Russischschule Red Kalinka - Lernplattform Sistema Kalinka. Kontaktiere uns bei Fragen zu unseren Kursen B\u00fcchern und Kursen\",\"breadcrumb\":{\"@id\":\"https:\\\/\\\/sistemakalinka.com\\\/de\\\/kontakt\\\/#breadcrumb\"},\"inLanguage\":\"de\",\"potentialAction\":[{\"@type\":\"ReadAction\",\"target\":[\"https:\\\/\\\/sistemakalinka.com\\\/de\\\/kontakt\\\/\"]}]},{\"@type\":\"BreadcrumbList\",\"@id\":\"https:\\\/\\\/sistemakalinka.com\\\/de\\\/kontakt\\\/#breadcrumb\",\"itemListElement\":[{\"@type\":\"ListItem\",\"position\":1,\"name\":\"Home\",\"item\":\"https:\\\/\\\/sistemakalinka.com\\\/de\\\/\"},{\"@type\":\"ListItem\",\"position\":2,\"name\":\"Kontakt\"}]},{\"@type\":\"WebSite\",\"@id\":\"https:\\\/\\\/sistemakalinka.com\\\/de\\\/#website\",\"url\":\"https:\\\/\\\/sistemakalinka.com\\\/de\\\/\",\"name\":\"Sistema Kalinka\",\"description\":\"Learn Russian with us\",\"potentialAction\":[{\"@type\":\"SearchAction\",\"target\":{\"@type\":\"EntryPoint\",\"urlTemplate\":\"https:\\\/\\\/sistemakalinka.com\\\/de\\\/?s={search_term_string}\"},\"query-input\":{\"@type\":\"PropertyValueSpecification\",\"valueRequired\":true,\"valueName\":\"search_term_string\"}}],\"inLanguage\":\"de\"}]}<\/script>\n<!-- \/ Yoast SEO plugin. -->","yoast_head_json":{"title":"Kontakt - Sistema Kalinka","description":"Russischschule Red Kalinka - Lernplattform Sistema Kalinka. Kontaktiere uns bei Fragen zu unseren Kursen B\u00fcchern und Kursen","robots":{"index":"index","follow":"follow","max-snippet":"max-snippet:-1","max-image-preview":"max-image-preview:large","max-video-preview":"max-video-preview:-1"},"canonical":"https:\/\/sistemakalinka.com\/de\/kontakt\/","og_locale":"de_DE","og_type":"article","og_title":"Kontakt - Sistema Kalinka","og_description":"Russischschule Red Kalinka - Lernplattform Sistema Kalinka. Kontaktiere uns bei Fragen zu unseren Kursen B\u00fcchern und Kursen","og_url":"https:\/\/sistemakalinka.com\/de\/kontakt\/","og_site_name":"Sistema Kalinka","article_modified_time":"2024-11-21T21:54:57+00:00","twitter_card":"summary_large_image","twitter_misc":{"Gesch\u00e4tzte Lesezeit":"1\u00a0Minute"},"schema":{"@context":"https:\/\/schema.org","@graph":[{"@type":"WebPage","@id":"https:\/\/sistemakalinka.com\/de\/kontakt\/","url":"https:\/\/sistemakalinka.com\/de\/kontakt\/","name":"Kontakt - Sistema Kalinka","isPartOf":{"@id":"https:\/\/sistemakalinka.com\/de\/#website"},"datePublished":"2022-07-21T11:41:10+00:00","dateModified":"2024-11-21T21:54:57+00:00","description":"Russischschule Red Kalinka - Lernplattform Sistema Kalinka. Kontaktiere uns bei Fragen zu unseren Kursen B\u00fcchern und Kursen","breadcrumb":{"@id":"https:\/\/sistemakalinka.com\/de\/kontakt\/#breadcrumb"},"inLanguage":"de","potentialAction":[{"@type":"ReadAction","target":["https:\/\/sistemakalinka.com\/de\/kontakt\/"]}]},{"@type":"BreadcrumbList","@id":"https:\/\/sistemakalinka.com\/de\/kontakt\/#breadcrumb","itemListElement":[{"@type":"ListItem","position":1,"name":"Home","item":"https:\/\/sistemakalinka.com\/de\/"},{"@type":"ListItem","position":2,"name":"Kontakt"}]},{"@type":"WebSite","@id":"https:\/\/sistemakalinka.com\/de\/#website","url":"https:\/\/sistemakalinka.com\/de\/","name":"Sistema Kalinka","description":"Learn Russian with us","potentialAction":[{"@type":"SearchAction","target":{"@type":"EntryPoint","urlTemplate":"https:\/\/sistemakalinka.com\/de\/?s={search_term_string}"},"query-input":{"@type":"PropertyValueSpecification","valueRequired":true,"valueName":"search_term_string"}}],"inLanguage":"de"}]}},"_links":{"self":[{"href":"https:\/\/sistemakalinka.com\/de\/wp-json\/wp\/v2\/pages\/28202","targetHints":{"allow":["GET"]}}],"collection":[{"href":"https:\/\/sistemakalinka.com\/de\/wp-json\/wp\/v2\/pages"}],"about":[{"href":"https:\/\/sistemakalinka.com\/de\/wp-json\/wp\/v2\/types\/page"}],"author":[{"embeddable":true,"href":"https:\/\/sistemakalinka.com\/de\/wp-json\/wp\/v2\/users\/47"}],"replies":[{"embeddable":true,"href":"https:\/\/sistemakalinka.com\/de\/wp-json\/wp\/v2\/comments?post=28202"}],"version-history":[{"count":5,"href":"https:\/\/sistemakalinka.com\/de\/wp-json\/wp\/v2\/pages\/28202\/revisions"}],"predecessor-version":[{"id":67555,"href":"https:\/\/sistemakalinka.com\/de\/wp-json\/wp\/v2\/pages\/28202\/revisions\/67555"}],"wp:attachment":[{"href":"https:\/\/sistemakalinka.com\/de\/wp-json\/wp\/v2\/media?parent=28202"}],"curies":[{"name":"wp","href":"https:\/\/api.w.org\/{rel}","templated":true}]}}