{"id":28206,"date":"2020-08-03T10:46:47","date_gmt":"2020-08-03T08:46:47","guid":{"rendered":"https:\/\/sistemakalinka.com\/?page_id=28206"},"modified":"2026-04-15T16:16:38","modified_gmt":"2026-04-15T14:16:38","slug":"kurszugang","status":"publish","type":"page","link":"https:\/\/sistemakalinka.com\/de\/kurszugang\/","title":{"rendered":"Kurszugang"},"content":{"rendered":"<div class=\"container-fluid mi-container-my-account\">\r\n    <div class=\"row\">\r\n       <div class=\"cols-xs-12\">\r\n          <p>Willkommen im PERS\u00d6NLICHEN BEREICH f\u00fcr Lernende. Russisch lernen ist ein tolles Abenteuer!<\/p>\r\n       <\/div>\r\n    <\/div>\r\n    <div class=\"row\">\r\n       <div class=\"col-sm-3 col-xs-12\">\r\n          <div class=\"thumbnail thumbnail-home\"><img decoding=\"async\" src=\"\/wp-content\/uploads\/student-access-russian-video-course.jpg\" class=\"img-responsive img-seccion-home\" alt=\"Videokurs Russisch\" \/><\/div>\r\n       <\/div>\r\n       <div class=\"col-sm-9 col-xs-12\">\r\n          <div class=\"caption caption-seccion-home\">\r\n             <h3>Videokurs Russisch<\/h3>\r\n             <p>Lerne Schritt f\u00fcr Schritt von zu Hause aus mit unserer bew\u00e4hrten Lernmethode &#8211; in deinem eigenen Rhythmus. Beinhaltet <strong>150 Lernvideos<\/strong>, Unterrichtsmaterial und <strong> fachliche Betreuung<\/strong>.<\/p>\r\n                 <div style=\"display: flex;gap: 1rem;flex-wrap: wrap;\">\r\n        <div class=\"bvs-boton\">\r\n            <p style=\"margin-top: 0.5em;\"><a href=\"https:\/\/sistemakalinka.com\/de\/produkt\/videokurs-russisch\/\" class=\"btn btn-primary\">Weitere Infos \/ Abo<\/a><\/p>\r\n        <\/div>\r\n        <div>\r\n                                    <div class=\"bvs-boton\">\r\n                <p style=\"margin-top: 0.5em;\"><a href=\"https:\/\/sistemakalinka.com\/de\/courses\/russischkurs\/\" class=\"btn btn-success\">Zugang f\u00fcr Lernende: Videokurs <!--(Englisch)--><\/a><\/p>\r\n            <\/div>\r\n                    <\/div>\r\n    <\/div>\r\n\r\n          <\/div>\r\n       <\/div>\r\n    <\/div>\r\n    <p><\/p>\r\n    <hr class=\"hr-1\" \/>\r\n    <p><\/p>\r\n    <div class=\"row\">\r\n       <div class=\"col-sm-3 col-xs-12\">\r\n          <div class=\"thumbnail thumbnail-home\"><img decoding=\"async\" src=\"\/wp-content\/uploads\/student-access-russian-culture.png\" class=\"img-responsive img-seccion-home\" alt=\"Intensivseminare\" \/><\/div>\r\n       <\/div>\r\n       <div class=\"col-sm-9 col-xs-12\">\r\n          <div class=\"caption caption-seccion-home\">\r\n             <h3>Onlineseminare \u00fcber die russische Kultur<\/h3>\r\n             <p>Entdecke Wissenswertes \u00fcber die russische Kultur und verbessere dabei dein Russisch.<br> Aufbau der Seminare:<\/p>\r\n             <p>1. Russische Kultur <br \/>2. Ber\u00fchmte Pers\u00f6nlichkeiten der russischen Geschichte<br \/>3. Russland heute<\/p>\r\n             <p>Mit Filmausschnitten, Texten, Musik und Vokabel\u00fcbersichten. Von unserer Russisch-Expertin Anastasia. Schau dir das Seminar an und <strong>stelle per E-Mail Fragen<\/strong>.<\/p>\r\n             <div class=\"row\">\r\n                <div class=\"col-sm-4 col-xs-12\">\r\n                   <p style=\"margin-top: 0.5em;\"><a href=\"https:\/\/sistemakalinka.com\/de\/produkt-kategorie\/intensiv-seminare\/\" class=\"btn btn-primary\">Weitere Infos \/ Kauf<\/a><\/p>\r\n                <\/div>\r\n                <div class=\"col-sm-8 col-xs-12\">\r\n                   <p style=\"margin-top: 0.5em;\"><a href=\"https:\/\/sistemakalinka.com\/student-access-webinars\/\" class=\"btn btn-success\">Zugang f\u00fcr Lernende: Russische Kultur<\/a><\/p>\r\n                <\/div>\r\n             <\/div>\r\n          <\/div>\r\n       <\/div>\r\n    <\/div>\r\n    <p><\/p>\r\n    <hr class=\"hr-1\" \/>\r\n    <p><\/p>\r\n    <div class=\"row\">\r\n       <div class=\"col-sm-3 col-xs-12\">\r\n          <div class=\"thumbnail thumbnail-home\"><img decoding=\"async\" src=\"\/wp-content\/uploads\/student-access-russian-online-exercises.jpg\" class=\"img-responsive img-seccion-home\" alt=\"Online-Russisch\u00fcbungen\" \/><\/div>\r\n       <\/div>\r\n       <div class=\"col-sm-9 col-xs-12\">\r\n          <div class=\"caption caption-seccion-home\">\r\n             <h3>Online-Russisch\u00fcbungen<\/h3>\r\n             <p>Trainiere dein Russisch mit unseren Online\u00fcbungen. <strong>\u00dcber 7000 Fragen, eingeteilt nach Schwierigkeitsstufen<\/strong>. Diktate, H\u00f6rverstehen, Schreibaufgaben, Vokabeltraining, R\u00e4tsel,  L\u00fcckentexte zur Grammatik, uvm..<\/p>\r\n             <div class=\"row\">\r\n                <div class=\"col-sm-4 col-xs-12\">\r\n                   <p style=\"margin-top: 0.5em;\"><a href=\"https:\/\/sistemakalinka.com\/product\/russian-online-exercises\/\" class=\"btn btn-primary\">Weitere Infos \/ Abo<\/a><\/p>\r\n                <\/div>\r\n                <div class=\"col-sm-8 col-xs-12\">\r\n                   <p style=\"margin-top: 0.5em;\"><a href=\"http:\/\/campus.redkalinka.com\/login\/index.php?lang=en\" class=\"btn btn-success\" target=\"_blank\" rel=\"noopener noreferrer\">Zugang f\u00fcr Lernende: Online\u00fcbungen<\/a><\/p>\r\n                <\/div>\r\n             <\/div>\r\n          <\/div>\r\n       <\/div>\r\n    <\/div>\r\n    <p><\/p>\r\n    <hr class=\"hr-1\" \/>\r\n    <p><\/p>\r\n    <div class=\"row\">\r\n       <div class=\"col-sm-3 col-xs-12\">\r\n          <div class=\"thumbnail thumbnail-home\"><img decoding=\"async\" src=\"\/wp-content\/uploads\/student-access-intensive-russian.png\" class=\"img-responsive img-seccion-home\" alt=\"Intensivseminare\" \/><\/div>\r\n       <\/div>\r\n       <div class=\"col-sm-9 col-xs-12\">\r\n          <div class=\"caption caption-seccion-home\">\r\n             <h3>Grammatikseminare<\/h3>\r\n             <p>Erweitere deine Kenntnisse zu einem konkreten russischen Grammatikthema <strong>in nur 90 Minuten<\/strong>. Du kannst dir die Erl\u00e4uterungen beliebig oft anh\u00f6ren\/ansehen und <strong>per E-Mail Fragen stellen<\/strong>.<\/p>\r\n             <div class=\"row\">\r\n                <div class=\"col-sm-4 col-xs-12\">\r\n                   <p style=\"margin-top: 0.5em;\"><a href=\"https:\/\/sistemakalinka.com\/de\/produkt-kategorie\/intensiv-seminare\/\" class=\"btn btn-primary\">Weitere Infos \/ Kauf<\/a><\/p>\r\n                <\/div>\r\n                <div class=\"col-sm-8 col-xs-12\">\r\n                   <p style=\"margin-top: 0.5em;\"><a href=\"https:\/\/sistemakalinka.com\/student-access-webinars\/\" class=\"btn btn-success\">Zugang f\u00fcr Lernende: Grammatikseminare<\/a><\/p>\r\n                <\/div>\r\n             <\/div>\r\n          <\/div>\r\n       <\/div>\r\n    <\/div>\r\n <\/div>","protected":false},"excerpt":{"rendered":"Willkommen im PERS\u00d6NLICHEN BEREICH f\u00fcr Lernende. Russisch lernen ist ein tolles Abenteuer! Videokurs Russisch Lerne Schritt f\u00fcr Schritt von zu Hause aus mit unserer bew\u00e4hrten Lernmethode &#8211; in deinem eigenen Rhythmus. Beinhaltet 150 Lernvideos, Unterrichtsmaterial und fachliche Betreuung. Onlineseminare \u00fcber die russische Kultur Entdecke Wissenswertes \u00fcber die russische Kultur und verbessere dabei dein Russisch. Aufbau [&hellip;]","protected":false},"author":47,"featured_media":0,"parent":0,"menu_order":0,"comment_status":"closed","ping_status":"closed","template":"","meta":{"footnotes":""},"class_list":["post-28206","page","type-page","status-publish","hentry"],"yoast_head":"<!-- This site is optimized with the Yoast SEO plugin v27.4 - https:\/\/yoast.com\/product\/yoast-seo-wordpress\/ -->\n<title>Kurszugang - Sistema Kalinka<\/title>\n<meta name=\"description\" content=\"Pers\u00f6nlicher Bereich f\u00fcr Lernende der Online-Russischschule Red Kalinka. Lernplattform Sistema Kalinka mit Videokurs und Online-\u00dcbungen\" \/>\n<meta name=\"robots\" content=\"index, follow, max-snippet:-1, max-image-preview:large, max-video-preview:-1\" \/>\n<link rel=\"canonical\" href=\"https:\/\/sistemakalinka.com\/de\/kurszugang\/\" \/>\n<meta property=\"og:locale\" content=\"de_DE\" \/>\n<meta property=\"og:type\" content=\"article\" \/>\n<meta property=\"og:title\" content=\"Kurszugang - Sistema Kalinka\" \/>\n<meta property=\"og:description\" content=\"Pers\u00f6nlicher Bereich f\u00fcr Lernende der Online-Russischschule Red Kalinka. Lernplattform Sistema Kalinka mit Videokurs und Online-\u00dcbungen\" \/>\n<meta property=\"og:url\" content=\"https:\/\/sistemakalinka.com\/de\/kurszugang\/\" \/>\n<meta property=\"og:site_name\" content=\"Sistema Kalinka\" \/>\n<meta property=\"article:modified_time\" content=\"2026-04-15T14:16:38+00:00\" \/>\n<meta name=\"twitter:card\" content=\"summary_large_image\" \/>\n<meta name=\"twitter:label1\" content=\"Gesch\u00e4tzte Lesezeit\" \/>\n\t<meta name=\"twitter:data1\" content=\"2\u00a0Minuten\" \/>\n<script type=\"application\/ld+json\" class=\"yoast-schema-graph\">{\"@context\":\"https:\\\/\\\/schema.org\",\"@graph\":[{\"@type\":\"WebPage\",\"@id\":\"https:\\\/\\\/sistemakalinka.com\\\/de\\\/kurszugang\\\/\",\"url\":\"https:\\\/\\\/sistemakalinka.com\\\/de\\\/kurszugang\\\/\",\"name\":\"Kurszugang - Sistema Kalinka\",\"isPartOf\":{\"@id\":\"https:\\\/\\\/sistemakalinka.com\\\/de\\\/#website\"},\"datePublished\":\"2020-08-03T08:46:47+00:00\",\"dateModified\":\"2026-04-15T14:16:38+00:00\",\"description\":\"Pers\u00f6nlicher Bereich f\u00fcr Lernende der Online-Russischschule Red Kalinka. Lernplattform Sistema Kalinka mit Videokurs und Online-\u00dcbungen\",\"breadcrumb\":{\"@id\":\"https:\\\/\\\/sistemakalinka.com\\\/de\\\/kurszugang\\\/#breadcrumb\"},\"inLanguage\":\"de\",\"potentialAction\":[{\"@type\":\"ReadAction\",\"target\":[\"https:\\\/\\\/sistemakalinka.com\\\/de\\\/kurszugang\\\/\"]}]},{\"@type\":\"BreadcrumbList\",\"@id\":\"https:\\\/\\\/sistemakalinka.com\\\/de\\\/kurszugang\\\/#breadcrumb\",\"itemListElement\":[{\"@type\":\"ListItem\",\"position\":1,\"name\":\"Home\",\"item\":\"https:\\\/\\\/sistemakalinka.com\\\/de\\\/\"},{\"@type\":\"ListItem\",\"position\":2,\"name\":\"Kurszugang\"}]},{\"@type\":\"WebSite\",\"@id\":\"https:\\\/\\\/sistemakalinka.com\\\/de\\\/#website\",\"url\":\"https:\\\/\\\/sistemakalinka.com\\\/de\\\/\",\"name\":\"Sistema Kalinka\",\"description\":\"Learn Russian with us\",\"potentialAction\":[{\"@type\":\"SearchAction\",\"target\":{\"@type\":\"EntryPoint\",\"urlTemplate\":\"https:\\\/\\\/sistemakalinka.com\\\/de\\\/?s={search_term_string}\"},\"query-input\":{\"@type\":\"PropertyValueSpecification\",\"valueRequired\":true,\"valueName\":\"search_term_string\"}}],\"inLanguage\":\"de\"}]}<\/script>\n<!-- \/ Yoast SEO plugin. -->","yoast_head_json":{"title":"Kurszugang - Sistema Kalinka","description":"Pers\u00f6nlicher Bereich f\u00fcr Lernende der Online-Russischschule Red Kalinka. Lernplattform Sistema Kalinka mit Videokurs und Online-\u00dcbungen","robots":{"index":"index","follow":"follow","max-snippet":"max-snippet:-1","max-image-preview":"max-image-preview:large","max-video-preview":"max-video-preview:-1"},"canonical":"https:\/\/sistemakalinka.com\/de\/kurszugang\/","og_locale":"de_DE","og_type":"article","og_title":"Kurszugang - Sistema Kalinka","og_description":"Pers\u00f6nlicher Bereich f\u00fcr Lernende der Online-Russischschule Red Kalinka. Lernplattform Sistema Kalinka mit Videokurs und Online-\u00dcbungen","og_url":"https:\/\/sistemakalinka.com\/de\/kurszugang\/","og_site_name":"Sistema Kalinka","article_modified_time":"2026-04-15T14:16:38+00:00","twitter_card":"summary_large_image","twitter_misc":{"Gesch\u00e4tzte Lesezeit":"2\u00a0Minuten"},"schema":{"@context":"https:\/\/schema.org","@graph":[{"@type":"WebPage","@id":"https:\/\/sistemakalinka.com\/de\/kurszugang\/","url":"https:\/\/sistemakalinka.com\/de\/kurszugang\/","name":"Kurszugang - Sistema Kalinka","isPartOf":{"@id":"https:\/\/sistemakalinka.com\/de\/#website"},"datePublished":"2020-08-03T08:46:47+00:00","dateModified":"2026-04-15T14:16:38+00:00","description":"Pers\u00f6nlicher Bereich f\u00fcr Lernende der Online-Russischschule Red Kalinka. Lernplattform Sistema Kalinka mit Videokurs und Online-\u00dcbungen","breadcrumb":{"@id":"https:\/\/sistemakalinka.com\/de\/kurszugang\/#breadcrumb"},"inLanguage":"de","potentialAction":[{"@type":"ReadAction","target":["https:\/\/sistemakalinka.com\/de\/kurszugang\/"]}]},{"@type":"BreadcrumbList","@id":"https:\/\/sistemakalinka.com\/de\/kurszugang\/#breadcrumb","itemListElement":[{"@type":"ListItem","position":1,"name":"Home","item":"https:\/\/sistemakalinka.com\/de\/"},{"@type":"ListItem","position":2,"name":"Kurszugang"}]},{"@type":"WebSite","@id":"https:\/\/sistemakalinka.com\/de\/#website","url":"https:\/\/sistemakalinka.com\/de\/","name":"Sistema Kalinka","description":"Learn Russian with us","potentialAction":[{"@type":"SearchAction","target":{"@type":"EntryPoint","urlTemplate":"https:\/\/sistemakalinka.com\/de\/?s={search_term_string}"},"query-input":{"@type":"PropertyValueSpecification","valueRequired":true,"valueName":"search_term_string"}}],"inLanguage":"de"}]}},"_links":{"self":[{"href":"https:\/\/sistemakalinka.com\/de\/wp-json\/wp\/v2\/pages\/28206","targetHints":{"allow":["GET"]}}],"collection":[{"href":"https:\/\/sistemakalinka.com\/de\/wp-json\/wp\/v2\/pages"}],"about":[{"href":"https:\/\/sistemakalinka.com\/de\/wp-json\/wp\/v2\/types\/page"}],"author":[{"embeddable":true,"href":"https:\/\/sistemakalinka.com\/de\/wp-json\/wp\/v2\/users\/47"}],"replies":[{"embeddable":true,"href":"https:\/\/sistemakalinka.com\/de\/wp-json\/wp\/v2\/comments?post=28206"}],"version-history":[{"count":14,"href":"https:\/\/sistemakalinka.com\/de\/wp-json\/wp\/v2\/pages\/28206\/revisions"}],"predecessor-version":[{"id":96641,"href":"https:\/\/sistemakalinka.com\/de\/wp-json\/wp\/v2\/pages\/28206\/revisions\/96641"}],"wp:attachment":[{"href":"https:\/\/sistemakalinka.com\/de\/wp-json\/wp\/v2\/media?parent=28206"}],"curies":[{"name":"wp","href":"https:\/\/api.w.org\/{rel}","templated":true}]}}