{"id":28215,"date":"2022-07-21T15:22:05","date_gmt":"2022-07-21T13:22:05","guid":{"rendered":"https:\/\/sistemakalinka.com\/?page_id=28215"},"modified":"2022-07-21T15:24:26","modified_gmt":"2022-07-21T13:24:26","slug":"28215-2","status":"publish","type":"page","link":"https:\/\/sistemakalinka.com\/de\/28215-2\/","title":{"rendered":"Zugang zu Intensiv-Seminaren"},"content":{"rendered":"<h2>Meine Intensiv-Seminare<\/h2> \r\n<p>Bist du bereit, eine Menge dazuzulernen? Hier findest du deine Seminare. Bei Fragen kannst du uns gern schreiben.<\/p> ","protected":false},"excerpt":{"rendered":"Meine Intensiv-Seminare Bist du bereit, eine Menge dazuzulernen? Hier findest du deine Seminare. Bei Fragen kannst du uns gern schreiben.","protected":false},"author":47,"featured_media":0,"parent":0,"menu_order":0,"comment_status":"closed","ping_status":"closed","template":"","meta":{"footnotes":""},"class_list":["post-28215","page","type-page","status-publish","hentry"],"yoast_head":"<!-- This site is optimized with the Yoast SEO plugin v27.5 - https:\/\/yoast.com\/product\/yoast-seo-wordpress\/ -->\n<title>Zugang zu Intensiv-Seminaren - Sistema Kalinka<\/title>\n<meta name=\"description\" content=\"Pers\u00f6nlicher Bereich f\u00fcr Lernende - Russischschule Red Kalinka. Zugang zu Seminare \u00fcber Kultur und Grammatik.\" \/>\n<meta name=\"robots\" content=\"index, follow, max-snippet:-1, max-image-preview:large, max-video-preview:-1\" \/>\n<link rel=\"canonical\" href=\"https:\/\/sistemakalinka.com\/de\/28215-2\/\" \/>\n<meta property=\"og:locale\" content=\"de_DE\" \/>\n<meta property=\"og:type\" content=\"article\" \/>\n<meta property=\"og:title\" content=\"Zugang zu Intensiv-Seminaren - Sistema Kalinka\" \/>\n<meta property=\"og:description\" content=\"Pers\u00f6nlicher Bereich f\u00fcr Lernende - Russischschule Red Kalinka. Zugang zu Seminare \u00fcber Kultur und Grammatik.\" \/>\n<meta property=\"og:url\" content=\"https:\/\/sistemakalinka.com\/de\/28215-2\/\" \/>\n<meta property=\"og:site_name\" content=\"Sistema Kalinka\" \/>\n<meta property=\"article:modified_time\" content=\"2022-07-21T13:24:26+00:00\" \/>\n<meta name=\"twitter:card\" content=\"summary_large_image\" \/>\n<meta name=\"twitter:label1\" content=\"Gesch\u00e4tzte Lesezeit\" \/>\n\t<meta name=\"twitter:data1\" content=\"1\u00a0Minute\" \/>\n<script type=\"application\/ld+json\" class=\"yoast-schema-graph\">{\"@context\":\"https:\\\/\\\/schema.org\",\"@graph\":[{\"@type\":\"WebPage\",\"@id\":\"https:\\\/\\\/sistemakalinka.com\\\/de\\\/28215-2\\\/\",\"url\":\"https:\\\/\\\/sistemakalinka.com\\\/de\\\/28215-2\\\/\",\"name\":\"Zugang zu Intensiv-Seminaren - Sistema Kalinka\",\"isPartOf\":{\"@id\":\"https:\\\/\\\/sistemakalinka.com\\\/de\\\/#website\"},\"datePublished\":\"2022-07-21T13:22:05+00:00\",\"dateModified\":\"2022-07-21T13:24:26+00:00\",\"description\":\"Pers\u00f6nlicher Bereich f\u00fcr Lernende - Russischschule Red Kalinka. Zugang zu Seminare \u00fcber Kultur und Grammatik.\",\"breadcrumb\":{\"@id\":\"https:\\\/\\\/sistemakalinka.com\\\/de\\\/28215-2\\\/#breadcrumb\"},\"inLanguage\":\"de\",\"potentialAction\":[{\"@type\":\"ReadAction\",\"target\":[\"https:\\\/\\\/sistemakalinka.com\\\/de\\\/28215-2\\\/\"]}]},{\"@type\":\"BreadcrumbList\",\"@id\":\"https:\\\/\\\/sistemakalinka.com\\\/de\\\/28215-2\\\/#breadcrumb\",\"itemListElement\":[{\"@type\":\"ListItem\",\"position\":1,\"name\":\"Home\",\"item\":\"https:\\\/\\\/sistemakalinka.com\\\/de\\\/\"},{\"@type\":\"ListItem\",\"position\":2,\"name\":\"Zugang zu Intensiv-Seminaren\"}]},{\"@type\":\"WebSite\",\"@id\":\"https:\\\/\\\/sistemakalinka.com\\\/de\\\/#website\",\"url\":\"https:\\\/\\\/sistemakalinka.com\\\/de\\\/\",\"name\":\"Sistema Kalinka\",\"description\":\"Learn Russian with us\",\"potentialAction\":[{\"@type\":\"SearchAction\",\"target\":{\"@type\":\"EntryPoint\",\"urlTemplate\":\"https:\\\/\\\/sistemakalinka.com\\\/de\\\/?s={search_term_string}\"},\"query-input\":{\"@type\":\"PropertyValueSpecification\",\"valueRequired\":true,\"valueName\":\"search_term_string\"}}],\"inLanguage\":\"de\"}]}<\/script>\n<!-- \/ Yoast SEO plugin. -->","yoast_head_json":{"title":"Zugang zu Intensiv-Seminaren - Sistema Kalinka","description":"Pers\u00f6nlicher Bereich f\u00fcr Lernende - Russischschule Red Kalinka. Zugang zu Seminare \u00fcber Kultur und Grammatik.","robots":{"index":"index","follow":"follow","max-snippet":"max-snippet:-1","max-image-preview":"max-image-preview:large","max-video-preview":"max-video-preview:-1"},"canonical":"https:\/\/sistemakalinka.com\/de\/28215-2\/","og_locale":"de_DE","og_type":"article","og_title":"Zugang zu Intensiv-Seminaren - Sistema Kalinka","og_description":"Pers\u00f6nlicher Bereich f\u00fcr Lernende - Russischschule Red Kalinka. Zugang zu Seminare \u00fcber Kultur und Grammatik.","og_url":"https:\/\/sistemakalinka.com\/de\/28215-2\/","og_site_name":"Sistema Kalinka","article_modified_time":"2022-07-21T13:24:26+00:00","twitter_card":"summary_large_image","twitter_misc":{"Gesch\u00e4tzte Lesezeit":"1\u00a0Minute"},"schema":{"@context":"https:\/\/schema.org","@graph":[{"@type":"WebPage","@id":"https:\/\/sistemakalinka.com\/de\/28215-2\/","url":"https:\/\/sistemakalinka.com\/de\/28215-2\/","name":"Zugang zu Intensiv-Seminaren - Sistema Kalinka","isPartOf":{"@id":"https:\/\/sistemakalinka.com\/de\/#website"},"datePublished":"2022-07-21T13:22:05+00:00","dateModified":"2022-07-21T13:24:26+00:00","description":"Pers\u00f6nlicher Bereich f\u00fcr Lernende - Russischschule Red Kalinka. Zugang zu Seminare \u00fcber Kultur und Grammatik.","breadcrumb":{"@id":"https:\/\/sistemakalinka.com\/de\/28215-2\/#breadcrumb"},"inLanguage":"de","potentialAction":[{"@type":"ReadAction","target":["https:\/\/sistemakalinka.com\/de\/28215-2\/"]}]},{"@type":"BreadcrumbList","@id":"https:\/\/sistemakalinka.com\/de\/28215-2\/#breadcrumb","itemListElement":[{"@type":"ListItem","position":1,"name":"Home","item":"https:\/\/sistemakalinka.com\/de\/"},{"@type":"ListItem","position":2,"name":"Zugang zu Intensiv-Seminaren"}]},{"@type":"WebSite","@id":"https:\/\/sistemakalinka.com\/de\/#website","url":"https:\/\/sistemakalinka.com\/de\/","name":"Sistema Kalinka","description":"Learn Russian with us","potentialAction":[{"@type":"SearchAction","target":{"@type":"EntryPoint","urlTemplate":"https:\/\/sistemakalinka.com\/de\/?s={search_term_string}"},"query-input":{"@type":"PropertyValueSpecification","valueRequired":true,"valueName":"search_term_string"}}],"inLanguage":"de"}]}},"_links":{"self":[{"href":"https:\/\/sistemakalinka.com\/de\/wp-json\/wp\/v2\/pages\/28215","targetHints":{"allow":["GET"]}}],"collection":[{"href":"https:\/\/sistemakalinka.com\/de\/wp-json\/wp\/v2\/pages"}],"about":[{"href":"https:\/\/sistemakalinka.com\/de\/wp-json\/wp\/v2\/types\/page"}],"author":[{"embeddable":true,"href":"https:\/\/sistemakalinka.com\/de\/wp-json\/wp\/v2\/users\/47"}],"replies":[{"embeddable":true,"href":"https:\/\/sistemakalinka.com\/de\/wp-json\/wp\/v2\/comments?post=28215"}],"version-history":[{"count":3,"href":"https:\/\/sistemakalinka.com\/de\/wp-json\/wp\/v2\/pages\/28215\/revisions"}],"predecessor-version":[{"id":28218,"href":"https:\/\/sistemakalinka.com\/de\/wp-json\/wp\/v2\/pages\/28215\/revisions\/28218"}],"wp:attachment":[{"href":"https:\/\/sistemakalinka.com\/de\/wp-json\/wp\/v2\/media?parent=28215"}],"curies":[{"name":"wp","href":"https:\/\/api.w.org\/{rel}","templated":true}]}}