{"id":28230,"date":"2020-05-08T12:57:42","date_gmt":"2020-05-08T10:57:42","guid":{"rendered":"https:\/\/sistemakalinka.com\/?page_id=28230"},"modified":"2025-08-25T09:05:44","modified_gmt":"2025-08-25T07:05:44","slug":"ueber-uns","status":"publish","type":"page","link":"https:\/\/sistemakalinka.com\/de\/ueber-uns\/","title":{"rendered":"\u00dcber uns"},"content":{"rendered":"<div class=\"container-fluid home-global\">\r\n\t<div class=\"row\">\r\n\t<div class=\"col-xs-12\">\r\n         <h1 style=\"font-size: 6rem;\r\n    color: #d54e52;\r\n    text-align: center;\r\n    font-weight: 900;\">\u00dcber uns<\/h1>\r\n         <p>&#8222;Sistema Kalinka&#8220; geh\u00f6rt zur <span class=\"pequeno-destaque\">Russischschule Red Kalinka<\/span>. Mit unseren B\u00fcchern und Kursen lernst du effizient Russisch!<\/p>\r\n\t<\/div>\r\n\t<\/div>\r\n\r\n   <div class=\"row\">\r\n      <div class=\"col-md-12 hidden-sm hidden-xs\">\r\n         <h2>Material f\u00fcr Lernende und Lehrende<\/h2>\r\n      <\/div>\r\n      <div class=\"col-md-6 col-sm-12 home-imagen-producto\">\r\n         <img decoding=\"async\" src=\"\/wp-content\/uploads\/about-us-01.jpg\" class=\"img-responsive transformar-en-foto\" style=\"transform: rotate(-12deg)\" alt=\"This is how we teach russian\">\r\n      <\/div>\r\n      <div class=\"col-md-6 col-sm-12\">\r\n         <h3>Wir unterrichten seit \u00fcber 10 Jahren Russisch&#8230;<br>und das mit gro\u00dfer Freude!<\/h3>\r\n         <p>Russischlernen ist ein tolles Abenteuer. Doch f\u00fcr eine solch komplexe Sprache braucht man eine ausgezeichnete didaktische Begleitung. In den ersten Jahren unserer T\u00e4tigkeit als Russischlehrer\/innen merkten wir, wie wichtig eine gute Lernmethode ist &#8211; und haben uns daran gemacht, diese selbst zu entwickeln.<\/p>\r\n\t\t <p>Nach f\u00fcnf Jahren war Sistema Kalinka fertiggestellt. Die Methode hilft Lernenden auf der ganzen Welt, diese Sprache zu meistern, und bietet Lehrenden das geeignete Werkzeug, um sie zu vermitteln.<\/p>\r\n\r\n      <\/div>\r\n   <\/div>\r\n\r\n   <div class=\"row home-fullwidth-con-fondo-container dar-color-01\">\r\n      <div class=\"col-md-6 col-sm-12 home-fullwidth-con-fondo\">\r\n         <div class=\"row\">\r\n            <div class=\"col-md-6\">\r\n               <h3>Sistema Kalinka: Unsere Methode<\/h3>\r\n               <p>Sistema Kalinka besteht aus 4 Lehrb\u00fcchern und dem dazugeh\u00f6rigen Videokurs. Unsere &#8222;Absolventen&#8220; geben uns das Feedback, dass Red Kalinka eindeutig die beste Methodik zum Russischlernen bietet. Sch\u00fcler mit und ohne Vorkennisse k\u00f6nnen damit ein solides B2 Niveau erreichen.<\/p>\r\n\t\t\t   <p style=\"margin-bottom:3em\">Wir helfen dir, <span class=\"pequeno-destaque\">Russisch im Alltag zu verwenden<\/span>. Dein Wortschatz wird \u00fcber 3000 W\u00f6rter umfassen und du wirst die wichtigsten Aspekte der russischen Grammatik beherrschen. All das dank unserer zugewandten, kurzweiligen Methode.<\/p>\r\n            <\/div>\r\n            <div class=\"col-md-6\">\r\n               <img decoding=\"async\" src=\"\/wp-content\/uploads\/about-us-02.jpg\" class=\"img-responsive transformar-en-foto\" alt=\"This is how we teach Russian\">\r\n            <\/div>\r\n         <\/div>\r\n      <\/div>\r\n   <\/div>\r\n<div class=\"row\">\r\n      <div class=\"col-md-12 hidden-sm hidden-xs\">\r\n         <h2>Was bietet Red Kalinka sonst noch?<\/h2>\r\n      <\/div>\r\n      <div class=\"col-md-6 col-sm-12 home-imagen-producto\">\r\n         <img decoding=\"async\" src=\"\/wp-content\/uploads\/about-us-03.jpg\" class=\"img-responsive transformar-en-foto\" style=\"transform: rotate(-12deg)\" alt=\"This is how we teach Russian\">\r\n      <\/div>\r\n      <div class=\"col-md-6 col-sm-12\">\r\n         <h3>Lernmaterial von Red Kalinka<\/h3>\r\n         <p>Neben unseren Lehrb\u00fcchern und dem Videokurs bieten wir Folgendes:<\/p>\r\n         <ul>\r\n            <li>Erz\u00e4hlungen in einfachem Russisch mit Audio<\/li>\r\n            <li>Grammatik- und \u00dcbungsb\u00fccher<\/li>\r\n            <li>Videoseminare zu speziellen Themen der russischen Grammatik<\/li>\r\n            <li>Online-Einzelunterricht<\/li>\r\n\t\t\t<li>&#8230;und viel mehr!<\/li>\r\n         <\/ul>\r\n      <\/div>\r\n   <\/div>   \r\n<\/div>","protected":false},"excerpt":{"rendered":"\u00dcber uns &#8222;Sistema Kalinka&#8220; geh\u00f6rt zur Russischschule Red Kalinka. Mit unseren B\u00fcchern und Kursen lernst du effizient Russisch! Material f\u00fcr Lernende und Lehrende Wir unterrichten seit \u00fcber 10 Jahren Russisch&#8230;und das mit gro\u00dfer Freude! Russischlernen ist ein tolles Abenteuer. Doch f\u00fcr eine solch komplexe Sprache braucht man eine ausgezeichnete didaktische Begleitung. In den ersten Jahren [&hellip;]","protected":false},"author":47,"featured_media":0,"parent":0,"menu_order":0,"comment_status":"closed","ping_status":"closed","template":"","meta":{"footnotes":""},"class_list":["post-28230","page","type-page","status-publish","hentry"],"yoast_head":"<!-- This site is optimized with the Yoast SEO plugin v27.6 - https:\/\/yoast.com\/product\/yoast-seo-wordpress\/ -->\n<title>\u00dcber uns - Sistema Kalinka<\/title>\n<meta name=\"description\" content=\"Komm zur besten Russischschule der Welt! Lernende in \u00fcber 90 L\u00e4ndern verbessern mit unserer Lernmethode ihre Sprachkenntnisse.\" \/>\n<meta name=\"robots\" content=\"index, follow, max-snippet:-1, max-image-preview:large, max-video-preview:-1\" \/>\n<link rel=\"canonical\" href=\"https:\/\/sistemakalinka.com\/de\/ueber-uns\/\" \/>\n<meta property=\"og:locale\" content=\"de_DE\" \/>\n<meta property=\"og:type\" content=\"article\" \/>\n<meta property=\"og:title\" content=\"\u00dcber uns - Sistema Kalinka\" \/>\n<meta property=\"og:description\" content=\"Komm zur besten Russischschule der Welt! Lernende in \u00fcber 90 L\u00e4ndern verbessern mit unserer Lernmethode ihre Sprachkenntnisse.\" \/>\n<meta property=\"og:url\" content=\"https:\/\/sistemakalinka.com\/de\/ueber-uns\/\" \/>\n<meta property=\"og:site_name\" content=\"Sistema Kalinka\" \/>\n<meta property=\"article:modified_time\" content=\"2025-08-25T07:05:44+00:00\" \/>\n<meta name=\"twitter:card\" content=\"summary_large_image\" \/>\n<meta name=\"twitter:label1\" content=\"Gesch\u00e4tzte Lesezeit\" \/>\n\t<meta name=\"twitter:data1\" content=\"2\u00a0Minuten\" \/>\n<script type=\"application\/ld+json\" class=\"yoast-schema-graph\">{\"@context\":\"https:\\\/\\\/schema.org\",\"@graph\":[{\"@type\":\"WebPage\",\"@id\":\"https:\\\/\\\/sistemakalinka.com\\\/de\\\/ueber-uns\\\/\",\"url\":\"https:\\\/\\\/sistemakalinka.com\\\/de\\\/ueber-uns\\\/\",\"name\":\"\u00dcber uns - Sistema Kalinka\",\"isPartOf\":{\"@id\":\"https:\\\/\\\/sistemakalinka.com\\\/de\\\/#website\"},\"datePublished\":\"2020-05-08T10:57:42+00:00\",\"dateModified\":\"2025-08-25T07:05:44+00:00\",\"description\":\"Komm zur besten Russischschule der Welt! Lernende in \u00fcber 90 L\u00e4ndern verbessern mit unserer Lernmethode ihre Sprachkenntnisse.\",\"breadcrumb\":{\"@id\":\"https:\\\/\\\/sistemakalinka.com\\\/de\\\/ueber-uns\\\/#breadcrumb\"},\"inLanguage\":\"de\",\"potentialAction\":[{\"@type\":\"ReadAction\",\"target\":[\"https:\\\/\\\/sistemakalinka.com\\\/de\\\/ueber-uns\\\/\"]}]},{\"@type\":\"BreadcrumbList\",\"@id\":\"https:\\\/\\\/sistemakalinka.com\\\/de\\\/ueber-uns\\\/#breadcrumb\",\"itemListElement\":[{\"@type\":\"ListItem\",\"position\":1,\"name\":\"Home\",\"item\":\"https:\\\/\\\/sistemakalinka.com\\\/de\\\/\"},{\"@type\":\"ListItem\",\"position\":2,\"name\":\"\u00dcber uns\"}]},{\"@type\":\"WebSite\",\"@id\":\"https:\\\/\\\/sistemakalinka.com\\\/de\\\/#website\",\"url\":\"https:\\\/\\\/sistemakalinka.com\\\/de\\\/\",\"name\":\"Sistema Kalinka\",\"description\":\"Learn Russian with us\",\"potentialAction\":[{\"@type\":\"SearchAction\",\"target\":{\"@type\":\"EntryPoint\",\"urlTemplate\":\"https:\\\/\\\/sistemakalinka.com\\\/de\\\/?s={search_term_string}\"},\"query-input\":{\"@type\":\"PropertyValueSpecification\",\"valueRequired\":true,\"valueName\":\"search_term_string\"}}],\"inLanguage\":\"de\"}]}<\/script>\n<!-- \/ Yoast SEO plugin. -->","yoast_head_json":{"title":"\u00dcber uns - Sistema Kalinka","description":"Komm zur besten Russischschule der Welt! Lernende in \u00fcber 90 L\u00e4ndern verbessern mit unserer Lernmethode ihre Sprachkenntnisse.","robots":{"index":"index","follow":"follow","max-snippet":"max-snippet:-1","max-image-preview":"max-image-preview:large","max-video-preview":"max-video-preview:-1"},"canonical":"https:\/\/sistemakalinka.com\/de\/ueber-uns\/","og_locale":"de_DE","og_type":"article","og_title":"\u00dcber uns - Sistema Kalinka","og_description":"Komm zur besten Russischschule der Welt! Lernende in \u00fcber 90 L\u00e4ndern verbessern mit unserer Lernmethode ihre Sprachkenntnisse.","og_url":"https:\/\/sistemakalinka.com\/de\/ueber-uns\/","og_site_name":"Sistema Kalinka","article_modified_time":"2025-08-25T07:05:44+00:00","twitter_card":"summary_large_image","twitter_misc":{"Gesch\u00e4tzte Lesezeit":"2\u00a0Minuten"},"schema":{"@context":"https:\/\/schema.org","@graph":[{"@type":"WebPage","@id":"https:\/\/sistemakalinka.com\/de\/ueber-uns\/","url":"https:\/\/sistemakalinka.com\/de\/ueber-uns\/","name":"\u00dcber uns - Sistema Kalinka","isPartOf":{"@id":"https:\/\/sistemakalinka.com\/de\/#website"},"datePublished":"2020-05-08T10:57:42+00:00","dateModified":"2025-08-25T07:05:44+00:00","description":"Komm zur besten Russischschule der Welt! Lernende in \u00fcber 90 L\u00e4ndern verbessern mit unserer Lernmethode ihre Sprachkenntnisse.","breadcrumb":{"@id":"https:\/\/sistemakalinka.com\/de\/ueber-uns\/#breadcrumb"},"inLanguage":"de","potentialAction":[{"@type":"ReadAction","target":["https:\/\/sistemakalinka.com\/de\/ueber-uns\/"]}]},{"@type":"BreadcrumbList","@id":"https:\/\/sistemakalinka.com\/de\/ueber-uns\/#breadcrumb","itemListElement":[{"@type":"ListItem","position":1,"name":"Home","item":"https:\/\/sistemakalinka.com\/de\/"},{"@type":"ListItem","position":2,"name":"\u00dcber uns"}]},{"@type":"WebSite","@id":"https:\/\/sistemakalinka.com\/de\/#website","url":"https:\/\/sistemakalinka.com\/de\/","name":"Sistema Kalinka","description":"Learn Russian with us","potentialAction":[{"@type":"SearchAction","target":{"@type":"EntryPoint","urlTemplate":"https:\/\/sistemakalinka.com\/de\/?s={search_term_string}"},"query-input":{"@type":"PropertyValueSpecification","valueRequired":true,"valueName":"search_term_string"}}],"inLanguage":"de"}]}},"_links":{"self":[{"href":"https:\/\/sistemakalinka.com\/de\/wp-json\/wp\/v2\/pages\/28230","targetHints":{"allow":["GET"]}}],"collection":[{"href":"https:\/\/sistemakalinka.com\/de\/wp-json\/wp\/v2\/pages"}],"about":[{"href":"https:\/\/sistemakalinka.com\/de\/wp-json\/wp\/v2\/types\/page"}],"author":[{"embeddable":true,"href":"https:\/\/sistemakalinka.com\/de\/wp-json\/wp\/v2\/users\/47"}],"replies":[{"embeddable":true,"href":"https:\/\/sistemakalinka.com\/de\/wp-json\/wp\/v2\/comments?post=28230"}],"version-history":[{"count":6,"href":"https:\/\/sistemakalinka.com\/de\/wp-json\/wp\/v2\/pages\/28230\/revisions"}],"predecessor-version":[{"id":85612,"href":"https:\/\/sistemakalinka.com\/de\/wp-json\/wp\/v2\/pages\/28230\/revisions\/85612"}],"wp:attachment":[{"href":"https:\/\/sistemakalinka.com\/de\/wp-json\/wp\/v2\/media?parent=28230"}],"curies":[{"name":"wp","href":"https:\/\/api.w.org\/{rel}","templated":true}]}}