{"id":28258,"date":"2022-07-22T13:17:13","date_gmt":"2022-07-22T11:17:13","guid":{"rendered":"https:\/\/sistemakalinka.com\/?page_id=28258"},"modified":"2022-07-22T13:32:48","modified_gmt":"2022-07-22T11:32:48","slug":"datenschutzbestimmung","status":"publish","type":"page","link":"https:\/\/sistemakalinka.com\/de\/datenschutzbestimmung\/","title":{"rendered":"Datenschutzbestimmung"},"content":{"rendered":"<div class=\u201dcontainer-fluid\u201d>\r\n    <div class=\u201drow\u201d>\r\n       <div class=\u201dcol-xs-12\u201d>\r\n          <h2>Datenschutzbestimmung von Sistema Kalinka<\/h2>\r\n          <p>Diese Datenschutzerkl\u00e4rung erl\u00e4utert, wie wir Ihre auf unserer Website erhobenen personenbezogenen Daten verwenden.<\/p>\r\n          <p>Themen:<\/p>\r\n          <ul>\r\n             <li>Welche Daten erfragen wir?<\/li>\r\n             <li>Wie erheben wir Ihre Daten?<\/li>\r\n             <li>Wozu verwenden wir Ihre Daten?<\/li>\r\n             <li>Wie speichern wir Ihre Daten?<\/li>\r\n             <li>Marketing<\/li>\r\n             <li>Ihre Datenschutzrechte<\/li>\r\n             <li>Was sind Cookies?<\/li>\r\n             <li>Wie verwenden wir Cookies?<\/li>\r\n             <li>Welche Art von Cookies verwenden wir?<\/li>\r\n             <li>Verwaltung von Cookie<\/li>\r\n             <li>Datenschutzbestimmungen anderer Webseiten<\/li>\r\n             <li>\u00e4nderungen unserer Datenschutzbestimmung<\/li>\r\n             <li>So setzen Sie sich mit uns in Verbindung<\/li>\r\n          <\/ul>\r\n          <h3>Welche Daten erfragen wir?<\/h3>\r\n          <p>Sistema Kalinka erhebt folgende Daten:<\/p>\r\n          <ul>\r\n             <li>Pers\u00f6nliche Daten (Name, E-Mail-Adresse, Telefonnummer etc.)<\/li>\r\n          <\/ul>\r\n          <h3>Wie erheben wir Ihre Daten?<\/h3>\r\n          <p>Die Mehrheit der Daten, die Sie Sistema Kalinka zur Verf\u00fcgung stellen, geben Sie selbst an. Wir speichern und verarbeiten Daten, wenn Sie:<\/p>\r\n          <ul>\r\n             <li>&#8211; ein Nutzerkonto anlegen oder eines unserer Produkte oder Dienstleistungen bestellen<\/li>\r\n             <li>&#8211; sich mit Fragen zu unseren Produkten oder Dienstleistungen an uns wenden<\/li>\r\n             <li>&#8211; unsere Internetseite besuchen (mithilfe der Cookies Ihres Browsers)<\/li>\r\n          <\/ul>\r\n          <h3>Wozu verwenden wir Ihre Daten?<\/h3>\r\n          <p>Zu folgenden Zwecken erhebt Sistema Kalinka Ihre Daten:<\/p>\r\n          <ul>\r\n             <li>&#8211; Abwicklung Ihrer Bestellung und Verwaltung Ihres Kundenkontos<\/li>\r\n             <li>&#8211; Beantwortung von Kundenanfragen und Information \u00fcber unsere Produkte un Dienstleistungen<\/li>\r\n          <\/ul>\r\n          <p>Sistema Kalinka beh\u00e4lt sich vor, Ihre Daten von einer Kredititsicherungsagentur \u00fcberpr\u00fcfen zu lassen, um betr\u00fcgerische K\u00e4ufe zu verhindern.<\/p>\r\n          <h3>Wie speichern wir Ihre Daten?<\/h3>\r\n          <p>Sistema Kalinka nutzt sichere Cloud-Dienstleister und andere Anbieter zur Speicherung und Verarbeitung Ihrer Daten. Diese unterliegen allesamt strengen Sicherheitsvorkehrungen, darunter mehrstufige Benutzerauthentifizierung, Verschl\u00fcsselung, https-Protokoll und andere Ma\u00dfnahmen Unsere gesamte Website arbeitet mit dem sicheren https Protokoll.<\/p>\r\n          <p>Sistema Kalinka speichert alle pers\u00f6nlichen Identifikationsdaten auf unbestimmte Zeit, um die korrekte Dokumention der Transaktionen sowie optimales Marketing zu gew\u00e4hrleisten. Auf Ihren ausdr\u00fccklichen Wunsch l\u00f6schen wir ihre Daten komplett aus unserem Marketingverzeichnis.<\/p>\r\n          <h3>Marketing<\/h3>\r\n          <p>Sistema Kalinka m\u00f6chte Ihnen Informationen zu Produkten und Dienstleistungen senden, die Ihnen nach unserer Einsch\u00e4tzung gefallen k\u00f6nnten. Sie k\u00f6nnen jederzeit einfordern, dass Sistema Kalinka Ihnen keine weitere Werbung mehr zusendet.<\/p>\r\n          <p>Sollten Sie dies w\u00fcnschen, so sagen Sie uns bitte \u00fcber unser <a href=\"https:\/\/sistemakalinka.com\/de\/kontakt\/\">Kontaktformular<\/a> Bescheid.<\/p>\r\n          <h3>Ihre Datenschutzrechte<\/h3>\r\n          <p>Sistema Kalinka ist es wichtig, dass Sie alle Ihre Datenschutzrechte kennen. Jeder Nutzer hat folgende Rechte:<\/p>\r\n          <p><strong>Recht auf<\/strong> Einsicht &#8211; Sie k\u00f6nnen eine \u00dcbersicht \u00fcber die personenbezogenen Daten erhalten, welche Sistema Kalinka von Ihnen gespeichert hat.<\/p>\r\n          <p><strong>Recht auf<\/strong> Korrektur- Sie k\u00f6nnen bei Bedarf von Sistema Kalinka fordern, Ihre personenbezogenen Daten zu korrigieren. Falls n\u00f6tig wird Sistema Kalinka auf Ihr Verlangen au\u00dferdem Ihre Daten vervollst\u00e4ndigen.<\/p>\r\n          <p><strong>Recht auf<\/strong> L\u00f6schung &#8211; Sie k\u00f6nnen unter bestimmten Bedingungen von Sistema Kalinka fordern, dass Ihre personenbezogenen Daten gel\u00f6scht werden.<\/p>\r\n          <p><strong>Recht auf<\/strong> eingeschr\u00e4nkte Nutzung &#8211; Sie k\u00f6nnen unter bestimmten Bedingungen verlangen, dass Sistema Kalinka Ihre personenbezogenen Daten nur eingeschr\u00e4nkt nutzt.<\/p>\r\n          <p><strong>Recht auf<\/strong> Verweigerung der Nutzung &#8211; Sie k\u00f6nnen unter bestimmten Bedingungen fordern, dass Sistema Kalinka Ihre personenbezogenen Daten nicht nutzen darf.<\/p>\r\n          <p><strong>Recht auf<\/strong> Weitergabe &#8211; Sie k\u00f6nnen unter bestimmten Bedingungen<b> <\/b>verlangen, dass Sistema Kalinka die von Ihnen gespeicherten Daten an Dritte oder direkt an Sie weiter gibt.<\/p>\r\n          <p>Wir sind verpflichtet, Ihre Anfrage innerhalb eines Monats zu beantworten. M\u00f6chten Sie von einem der erw\u00e4hnten Rechte Gebrauch machen? Dann schreiben Sie uns \u00fcber das <a href=\"https:\/\/sistemakalinka.com\/de\/kontakt\/\">Kontaktformular<\/a>.<\/p>\r\n          <h3>Cookies<\/h3>\r\n          <p>Cookies sind Textdateien, die auf Ihrem Computer abgelegt werden, um Standard-Internetprotokollinformationen und Informationen zum Besucherverhalten zu sammeln. Wenn Sie auf unseren Websites verweilen, speichern wir m\u00f6glicherweise mittels Cookies oder \u00e4hnlichen Technologien automatisch technische Daten \u00fcber Ihren Besuch.<\/p>\r\n          <p>Hier k\u00f6nnen Sie sich n\u00e4her \u00fcber Cookies infiormieren:allaboutcookies.org.<\/p>\r\n          <h3>Wie verwenden wir Cookies?<\/h3>\r\n          <p>Durch den Einsatz von Cookies kann Sistema Kalinka Ihnen die Nutzung komfortabler gestalten. Dazu z\u00e4hlt:<\/p>\r\n          <ul>\r\n             <li>Sie bleiben eingeloggt<\/li>\r\n             <li>Ihre Nutzung unserer Website speichern<\/li>\r\n          <\/ul>\r\n          <h3>Welche Art von Cookies verwenden wir?<\/h3>\r\n          <p>Es gibt viele verschiedene Arten von Cookies. Unsere Website verwendet folgende Cookies:<\/p>\r\n          <ul>\r\n             <li>Funktionalit\u00e4t &#8211; Sistema Kalinka verwendet diese Cookies, damit wir Sie auf unserer Website wiedererkennen und uns Ihre zuvor gew\u00e4hlten Einstellungen merken. Dazu z\u00e4hlt die von Ihnen gew\u00e4hlte Sprache und Ihr Ort. Es werden sowohl Erstanbieter als auch Drittanbieter-Cookies verwendet.<\/li>\r\n             <li>Werbung &#8211; Sistema Kalinka speichert mithilfe dieser Cookies Einzelheiten Ihres Besuchs auf unserer Website, welche Seiten Sie besucht haben, welche Links sie geklickt haben, welchen Browser und welches Ger\u00e4t sie nutzen sowie wie Ihre IP Adresse lautet.<\/li>\r\n          <\/ul>\r\n          <h3>Verwaltung von Cookies<\/h3>\r\n          <p>Sie k\u00f6nnen in Ihrem Browser einstellen, dass Cookies nicht akzeptiert werden sollen. Auf allaboutcookies.org finden sie n\u00e4here Informationen dar\u00fcber, wie Sie Cookies aus Ihrem Browser l\u00f6schen k\u00f6nnen. Allerdings funktionieren nach Ausschalten der Cookies einzelne Funktionen unserer Website unter Umst\u00e4nden nicht mehr.<\/p>\r\n          <h3>Datenschutzbestimmungen anderer Webseiten<\/h3>\r\n          <p>Sistema Kalinka enth\u00e4lt  Links zu anderen Webseiten. Unsere Datenschutzbestimmungen gelten nur f\u00fcr unsere Website. Wenn Sie \u00fcber einen Link zu einer anderen Website gelangen, sollten Sie sich mit den Datenschutzbestimmungen dieser Website vertraut machen.<\/p>\r\n          <h3>Aktualisierungen unserer Datenschutzbestimmungen<\/h3>\r\n          <p>Sistema Kalinka \u00fcberarbeitet von Zeit zu Zeit seine Datenschutzbestimmungen. Auf dieser Webseite finden Sie stets die aktuelle Version. Die Datenschutzbestimmung wurde zuletzt am 1. August 2020 aktualisiert.<\/p>\r\n          <h3>So setzen Sie sich mit uns in Verbindung<\/h3>\r\n          <p>Wenn Sie Fragen zum Datenschutz von Sistema Kalinka oder zu den von uns gespeicherten Daten haben, kontaktieren Sie uns. Dies gilt auch, wenn Sie eines Ihrer Datenschutzrechte aus\u00fcben m\u00f6chten: <a href=\"https:\/\/sistemakalinka.com\/de\/kontakt\/\">Kontakt<\/a><\/p>\r\n\t\t  <h3>Cookies ausschalten<\/h3>\r\n\t\t  <p>Sie k\u00f6nnen in ihren Browsereinstellungen das Setzen von Cookies verhindern (siehe dazu die Hilfe Ihres Browsers). Beachten Sie, dass die Deaktivierung von Cookies die Funktionalit\u00e4t vieler Websites, die Sie besuchen, beeintr\u00e4chtigt. Das Deaktivieren von Cookies deaktiviert bestimmte Funktionen dieser Website.<\/p>\r\n       <\/div>\r\n    <\/div>\r\n <\/div>","protected":false},"excerpt":{"rendered":"Datenschutzbestimmung von Sistema Kalinka Diese Datenschutzerkl\u00e4rung erl\u00e4utert, wie wir Ihre auf unserer Website erhobenen personenbezogenen Daten verwenden. Themen: Welche Daten erfragen wir? Wie erheben wir Ihre Daten? Wozu verwenden wir Ihre Daten? Wie speichern wir Ihre Daten? Marketing Ihre Datenschutzrechte Was sind Cookies? Wie verwenden wir Cookies? Welche Art von Cookies verwenden wir? Verwaltung von [&hellip;]","protected":false},"author":47,"featured_media":0,"parent":0,"menu_order":0,"comment_status":"closed","ping_status":"open","template":"","meta":{"footnotes":""},"class_list":["post-28258","page","type-page","status-publish","hentry"],"yoast_head":"<!-- This site is optimized with the Yoast SEO plugin v27.4 - https:\/\/yoast.com\/product\/yoast-seo-wordpress\/ -->\n<title>Datenschutzbestimmung - Sistema Kalinka<\/title>\n<meta name=\"description\" content=\"Datenschutzbestimmung der Russisch-Schule Red Kalinka bei der Nutzung der Website Sistema Kalinka. Erhebung, Nutzung und L\u00f6schung von Daten.\" \/>\n<meta name=\"robots\" content=\"index, follow, max-snippet:-1, max-image-preview:large, max-video-preview:-1\" \/>\n<link rel=\"canonical\" href=\"https:\/\/sistemakalinka.com\/de\/datenschutzbestimmung\/\" \/>\n<meta property=\"og:locale\" content=\"de_DE\" \/>\n<meta property=\"og:type\" content=\"article\" \/>\n<meta property=\"og:title\" content=\"Datenschutzbestimmung - Sistema Kalinka\" \/>\n<meta property=\"og:description\" content=\"Datenschutzbestimmung der Russisch-Schule Red Kalinka bei der Nutzung der Website Sistema Kalinka. Erhebung, Nutzung und L\u00f6schung von Daten.\" \/>\n<meta property=\"og:url\" content=\"https:\/\/sistemakalinka.com\/de\/datenschutzbestimmung\/\" \/>\n<meta property=\"og:site_name\" content=\"Sistema Kalinka\" \/>\n<meta property=\"article:modified_time\" content=\"2022-07-22T11:32:48+00:00\" \/>\n<meta name=\"twitter:card\" content=\"summary_large_image\" \/>\n<meta name=\"twitter:label1\" content=\"Gesch\u00e4tzte Lesezeit\" \/>\n\t<meta name=\"twitter:data1\" content=\"4\u00a0Minuten\" \/>\n<script type=\"application\/ld+json\" class=\"yoast-schema-graph\">{\"@context\":\"https:\\\/\\\/schema.org\",\"@graph\":[{\"@type\":\"WebPage\",\"@id\":\"https:\\\/\\\/sistemakalinka.com\\\/de\\\/datenschutzbestimmung\\\/\",\"url\":\"https:\\\/\\\/sistemakalinka.com\\\/de\\\/datenschutzbestimmung\\\/\",\"name\":\"Datenschutzbestimmung - Sistema Kalinka\",\"isPartOf\":{\"@id\":\"https:\\\/\\\/sistemakalinka.com\\\/de\\\/#website\"},\"datePublished\":\"2022-07-22T11:17:13+00:00\",\"dateModified\":\"2022-07-22T11:32:48+00:00\",\"description\":\"Datenschutzbestimmung der Russisch-Schule Red Kalinka bei der Nutzung der Website Sistema Kalinka. Erhebung, Nutzung und L\u00f6schung von Daten.\",\"breadcrumb\":{\"@id\":\"https:\\\/\\\/sistemakalinka.com\\\/de\\\/datenschutzbestimmung\\\/#breadcrumb\"},\"inLanguage\":\"de\",\"potentialAction\":[{\"@type\":\"ReadAction\",\"target\":[\"https:\\\/\\\/sistemakalinka.com\\\/de\\\/datenschutzbestimmung\\\/\"]}]},{\"@type\":\"BreadcrumbList\",\"@id\":\"https:\\\/\\\/sistemakalinka.com\\\/de\\\/datenschutzbestimmung\\\/#breadcrumb\",\"itemListElement\":[{\"@type\":\"ListItem\",\"position\":1,\"name\":\"Home\",\"item\":\"https:\\\/\\\/sistemakalinka.com\\\/de\\\/\"},{\"@type\":\"ListItem\",\"position\":2,\"name\":\"Datenschutzbestimmung\"}]},{\"@type\":\"WebSite\",\"@id\":\"https:\\\/\\\/sistemakalinka.com\\\/de\\\/#website\",\"url\":\"https:\\\/\\\/sistemakalinka.com\\\/de\\\/\",\"name\":\"Sistema Kalinka\",\"description\":\"Learn Russian with us\",\"potentialAction\":[{\"@type\":\"SearchAction\",\"target\":{\"@type\":\"EntryPoint\",\"urlTemplate\":\"https:\\\/\\\/sistemakalinka.com\\\/de\\\/?s={search_term_string}\"},\"query-input\":{\"@type\":\"PropertyValueSpecification\",\"valueRequired\":true,\"valueName\":\"search_term_string\"}}],\"inLanguage\":\"de\"}]}<\/script>\n<!-- \/ Yoast SEO plugin. -->","yoast_head_json":{"title":"Datenschutzbestimmung - Sistema Kalinka","description":"Datenschutzbestimmung der Russisch-Schule Red Kalinka bei der Nutzung der Website Sistema Kalinka. Erhebung, Nutzung und L\u00f6schung von Daten.","robots":{"index":"index","follow":"follow","max-snippet":"max-snippet:-1","max-image-preview":"max-image-preview:large","max-video-preview":"max-video-preview:-1"},"canonical":"https:\/\/sistemakalinka.com\/de\/datenschutzbestimmung\/","og_locale":"de_DE","og_type":"article","og_title":"Datenschutzbestimmung - Sistema Kalinka","og_description":"Datenschutzbestimmung der Russisch-Schule Red Kalinka bei der Nutzung der Website Sistema Kalinka. Erhebung, Nutzung und L\u00f6schung von Daten.","og_url":"https:\/\/sistemakalinka.com\/de\/datenschutzbestimmung\/","og_site_name":"Sistema Kalinka","article_modified_time":"2022-07-22T11:32:48+00:00","twitter_card":"summary_large_image","twitter_misc":{"Gesch\u00e4tzte Lesezeit":"4\u00a0Minuten"},"schema":{"@context":"https:\/\/schema.org","@graph":[{"@type":"WebPage","@id":"https:\/\/sistemakalinka.com\/de\/datenschutzbestimmung\/","url":"https:\/\/sistemakalinka.com\/de\/datenschutzbestimmung\/","name":"Datenschutzbestimmung - Sistema Kalinka","isPartOf":{"@id":"https:\/\/sistemakalinka.com\/de\/#website"},"datePublished":"2022-07-22T11:17:13+00:00","dateModified":"2022-07-22T11:32:48+00:00","description":"Datenschutzbestimmung der Russisch-Schule Red Kalinka bei der Nutzung der Website Sistema Kalinka. Erhebung, Nutzung und L\u00f6schung von Daten.","breadcrumb":{"@id":"https:\/\/sistemakalinka.com\/de\/datenschutzbestimmung\/#breadcrumb"},"inLanguage":"de","potentialAction":[{"@type":"ReadAction","target":["https:\/\/sistemakalinka.com\/de\/datenschutzbestimmung\/"]}]},{"@type":"BreadcrumbList","@id":"https:\/\/sistemakalinka.com\/de\/datenschutzbestimmung\/#breadcrumb","itemListElement":[{"@type":"ListItem","position":1,"name":"Home","item":"https:\/\/sistemakalinka.com\/de\/"},{"@type":"ListItem","position":2,"name":"Datenschutzbestimmung"}]},{"@type":"WebSite","@id":"https:\/\/sistemakalinka.com\/de\/#website","url":"https:\/\/sistemakalinka.com\/de\/","name":"Sistema Kalinka","description":"Learn Russian with us","potentialAction":[{"@type":"SearchAction","target":{"@type":"EntryPoint","urlTemplate":"https:\/\/sistemakalinka.com\/de\/?s={search_term_string}"},"query-input":{"@type":"PropertyValueSpecification","valueRequired":true,"valueName":"search_term_string"}}],"inLanguage":"de"}]}},"_links":{"self":[{"href":"https:\/\/sistemakalinka.com\/de\/wp-json\/wp\/v2\/pages\/28258","targetHints":{"allow":["GET"]}}],"collection":[{"href":"https:\/\/sistemakalinka.com\/de\/wp-json\/wp\/v2\/pages"}],"about":[{"href":"https:\/\/sistemakalinka.com\/de\/wp-json\/wp\/v2\/types\/page"}],"author":[{"embeddable":true,"href":"https:\/\/sistemakalinka.com\/de\/wp-json\/wp\/v2\/users\/47"}],"replies":[{"embeddable":true,"href":"https:\/\/sistemakalinka.com\/de\/wp-json\/wp\/v2\/comments?post=28258"}],"version-history":[{"count":4,"href":"https:\/\/sistemakalinka.com\/de\/wp-json\/wp\/v2\/pages\/28258\/revisions"}],"predecessor-version":[{"id":28264,"href":"https:\/\/sistemakalinka.com\/de\/wp-json\/wp\/v2\/pages\/28258\/revisions\/28264"}],"wp:attachment":[{"href":"https:\/\/sistemakalinka.com\/de\/wp-json\/wp\/v2\/media?parent=28258"}],"curies":[{"name":"wp","href":"https:\/\/api.w.org\/{rel}","templated":true}]}}