{"id":28359,"date":"2020-08-04T10:29:36","date_gmt":"2020-08-04T08:29:36","guid":{"rendered":"https:\/\/sistemakalinka.com\/?page_id=28359"},"modified":"2025-04-10T16:42:58","modified_gmt":"2025-04-10T14:42:58","slug":"verkaufsbedingungen","status":"publish","type":"page","link":"https:\/\/sistemakalinka.com\/de\/verkaufsbedingungen\/","title":{"rendered":"Verkaufsbedingungen"},"content":{"rendered":"<div class=\"container-fluid\">\r\n    <div class=\"row\">\r\n       <div class=\"col-xs-12\">\r\n          <h1><strong>Verkaufsbedingungen<\/strong><\/h1>\r\n          <p>Diese Verkaufsbedingungen regeln den Verkauf und die Lieferung von Produkten durch Sistema Kalinka an Sie. Bei einigen Produkten gelten eventuell zus\u00e4tzliche Bedingungen. Sollten sich diese zus\u00e4tzliche Bedingungen nicht mit den hier vorliegenden Verkaufsbedingungen decken, so haben die zus\u00e4tzlichen Bedingungen Vorrang.<\/p>\r\n          <p><strong>Bitte lesen Sie sich diese Verkaufsbedingungen aufmerksam durch, bevor sie eine Bestellung bei Sistema Kalinka aufgeben. Mit dem Abschluss einer Bestellung bei Sistema Kalinka erkl\u00e4ren Sie sich mit den vorliegenden Verkaufsbedingungen einverstanden.<\/strong><\/p>\r\n          <h2><strong>1. Unser Vertrag<\/strong><\/h2>\r\n          <p>Bevor Sie die erste Bestellung durchf\u00fchren, legen Sie ein Nutzerkonto an, in dem Sie pers\u00f6nliche Daten angeben. Wenn Sie ein Produkt bestellen, akzeptieren Sie die vorliegenden Nutzungsbedingungen, die Preise und die Produktbeschreibung.<\/p>\r\n          <p>Sistema Kalinka bearbeitet ihre Bestellung, sofern die erworbenen Produkte verf\u00fcgbar sind. Sollte eines oder mehrere Produkte nicht lieferbar sein, setzen wir uns unverz\u00fcglich mit Ihnen in Verbindung.<\/p>\r\n          <p>Nach Abschluss der Bestellung bei Sistema Kalinka senden wir Ihnen eine E-Mail, in der wir den Eingang der Bestellung sowie Lieferinhalt und -adresse best\u00e4tigen.<\/p>\r\n          <h2><strong>2. Preise und Zahlung<\/strong><\/h2>\r\n          <p>Alle Preise enthalten die zum Zeitpunkt der Bestellung rechtlich vorgeschriebenen Steuern (z.B. MwSt.). Die Preise sind prinzipiell in Euro sowie in einigen F\u00e4llen eventuell auch in anderen W\u00e4hrungen angeben.<\/p>\r\n          <p>Die Zahlung kann \u00fcber eine der bei Sistema Kalinka aufgef\u00fchrten Zalhlungsmethoden erfolgen.<\/p>\r\n          <h2><strong>3.1 Lieferung von B\u00fcchern in Papierformat<\/strong><\/h2>\r\n          <p>Der Versand von B\u00fcchern in Papierformat erfolgt an Werktagen innerhalb von 24 Stunden. Gesch\u00e4tzte Lieferzeiten:<\/p>\r\n          <ul>\r\n             <li>Lieferung innerhalb von Europa: 2-7 Werktage<\/li>\r\n             <li>Lieferung weltweit: Je nach Zielland Die durchschnittliche Lieferzeit betr\u00e4gt 4-9 Tage.<\/li>\r\n          <\/ul>\r\n          <p>Hierbei handelt es sich lediglich um Sch\u00e4tzungen. Wir k\u00f6nnen keine Lieferzeiten garantieren und Sie k\u00f6nnen sich nicht auf diese berufen.<\/p>\r\n\r\n          <h2><strong>3.2 Bereitstellung von E-Books<\/strong><\/h2>\r\n          <p>E-Books werden an die E-Mail-Adresse geliefert, die sie beim Kauf angeben. Sie k\u00f6nnen Sie au\u00dferdem in Ihrem Nutzerkonto auf der Internetseite von Sistema Kalinka herunterladen.<\/p>\r\n          <h2><strong>4. Zoll<\/strong><\/h2>\r\n          <p>Wenn f\u00fcr ein Produkt eine physische Lieferung erforderlich ist, k\u00f6nnen bei der Bestellung dieses Produkts bei Sistema Kalinka f\u00fcr die Lieferung au\u00dferhalb der EU Einfuhrz\u00f6lle und Steuern anfallen, die erhoben werden, sobald das Paket den angegebenen Bestimmungsort erreicht.&nbsp; Etwaige zus\u00e4tzliche Geb\u00fchren f\u00fcr die Zollabfertigung m\u00fcssen von Ihnen getragen werden; wir haben keinen Einfluss auf diese Geb\u00fchren.&nbsp; Die Zollbestimmungen sind von Land zu Land sehr unterschiedlich. Wenden Sie sich bitte an Ihre lokale Zollbeh\u00f6rde, falls Sie n\u00e4here Informationen w\u00fcnschen.&nbsp;<\/p>\r\n          <h2><strong>5. R\u00fcckgabe<\/strong><\/h2>\r\n          <p>Postalisch gelieferte gedruckte B\u00fccher k\u00f6nnen innerhalb von 15 Tagen ab Kaufdatum zur\u00fcckgegeben werden, sofern das Produkt vollst\u00e4ndig und in einem unbenutzten und unbesch\u00e4digten Zustand ist. Der Kaufpreis, nicht aber die Portokosten, wird erstattet.<\/p>\r\n          <p>Die folgenden Produkte und Dienstleistungen k\u00f6nnen nicht zur\u00fcckgegeben und der Kaufpreis nicht r\u00fcckerstattet werden:<\/p>\r\n          <ul>\r\n             <li>Elektronische Produkte und Dienstleistungen (Unterrichtsstunden per Skype, Video-Unterricht, Kurse, Software, Zugang zu Online-Dienstleistungen, E-Books und weitere Dateien) k\u00f6nnen weder umgetauscht noch zur\u00fcckgegeben und damit auch nicht erstattet werden, es sei denn, es handelt sich um einen Fehler seitens Sistema Kalinka. Wer den Videokurs Russisch oder die Online-\u00fcbungen abonniert, kann innerhalb der ersten 7 Tage die Erstattung der ersten Kursgeb\u00fchr verlangen. Jeder Lernende darf nur einmal von diesem Recht Gebrauch machen. <\/li>\r\n             <li>Download-Produkte wie elektronische B\u00fccher k\u00f6nnen nicht zur\u00fcckgegeben werden.<\/li>\r\n             <li>Versiegelte Multimedia-Produkte (DVDs, Blu-Ray, CDs, Software, Hardware, usw.) k\u00f6nnen nur zur\u00fcckgegeben werden, wenn die Packung und Versiegelung unbesch\u00e4digt sind.<\/li>\r\n          <\/ul>\r\n          <p>Bei Umtausch oder R\u00fcckgabe aufgrund von Unzufriedenheit des Kunden \u00fcbernimmt dieser die Bearbeitungs- und Portogeb\u00fchren.<\/p>\r\n          <p>Sollte der Umtausch oder die R\u00fcckgabe aufgrund eines Fehlers von Sistema Kalinka erfolgen, so \u00fcbernimmt Sistema Kalinka die Bearbeitungs- und Portogeb\u00fchren.<\/p>\r\n          <h2><strong>6. R\u00fcckerstattungen<\/strong><\/h2>\r\n          <p>Sofern die in Absatz 5 genannten Bedingungen erf\u00fcllt sind und der Kunde Anspruch auf eine R\u00fcckerstattung hat, erfolgt diese mit derselben Zahlungsmethode, die der Kunde verwendet hat:<\/p>\r\n          <ul>\r\n             <li>Bei Zahlung per Kredit- bzw. Debitkarte erh\u00e4lt der Kunde die R\u00fcckzahlung auf seine Karte.<\/li>\r\n             <li>Bei Zahlung per \u00fcberweisung oder Western Union, erfolgt die Erstattung per \u00fcberweisung oder Western Union<\/li>\r\n             <li>Bei Zahlung \u00fcber Dienstleister wie Paypal nehmen wir die R\u00fcckerstattung \u00fcber den gleichen Zahlungsdienst vor.<\/li>\r\n          <\/ul>\r\n          <p>Die Erstattung erfolgt von 14 Kalendertagen nach Erhalt der Bitte um Erstattung.<\/p>\r\n          <h2><strong>7. K\u00fcndigung von Abonnements<\/strong><\/h2>\r\n          <p>Wenn Sie ein Abonnement k\u00fcndigen m\u00f6chten, senden Sie uns eine E-Mail an&nbsp;info@sistemakalinka.com&nbsp;Schreiben Sie uns, zu welchem Zeitpunkt sie nicht mehr f\u00fcr Ihr Abo zahlen m\u00f6chten. Sie k\u00f6nnen Ihr Abo bis zu 72 Stunden vor der Abbuchung der n\u00e4chsten Geb\u00fchr k\u00fcndigen.<\/p>\r\n          <h2><strong>8. Verfall von Unterrichtsstunden per Skype<\/strong><\/h2>\r\n          <p>Nach Verfall von Unterrichtsstunden kann der Sch\u00fcler diese Stunden nicht mehr wahrnehmen. Bereits erworbene Unterrichtsstunden per Skype verfallen in folgenden F\u00e4llen:<\/p>\r\n          <ol>\r\n             <li>Sollte der Sch\u00fcler 6 Monate nach Erwerb der Unterrichtsstunden keine einzige wahrgenommen haben.*<\/li>\r\n             <li>Sollte der Sch\u00fcler nach der letzten wahrgenommenen Stunde 6 Monate lang keine weitere Stunde wahrnehmen.*<\/li>\r\n          <\/ol>\r\n          <p>*Dies bedeutet nicht, dass die Stunden 6 Monate nach Kauf ihre G\u00fcltigkeit verlieren. Es bedeutet lediglich, dass Stunden verfallen, wenn ein Sch\u00fcler 6 Monaten lang keine einzige Stunde wahrnimmt. Wenn ein Sch\u00fcler regelm\u00e4\u00dfig Unterrichtsstunden wahrnimmt<span style=\"text-decoration: underline;\">, verfallen die erworbenen Stunden nie<\/span>.<\/p>\r\n          <h2><strong>9. Garantierter Download von E-Books<\/strong><\/h2>\r\n          <p>Beim Kauf eines digitalen Buches garantieren wir Ihnen, dass Sie das Buch herunterladen k\u00f6nnen. Jedes E-Book kann bis zu 10 Mal heruntergeladen werden, sodass Sie es auf verschiedenen Ger\u00e4ten \u00f6ffnen k\u00f6nnen. Im Falle von technischen Problemen stellen wir Ihnen alternative Download-M\u00f6glichkeiten zur Verf\u00fcgung. Schreiben Sie uns bitte eine kurze E-Mail.<\/p>\r\n          <h2><strong>10. Haftungsausschluss<\/strong><\/h2>\r\n          <p>Sistema Kalinka und seine verbundenen Unternehmen sind nicht verantwortlich f\u00fcr (I) Verluste, die nicht durch einen Versto\u00df unsererseits verursacht wurden, oder (II) Gesch\u00e4ftsverluste (einschlie\u00dflich entgangener Gewinne, Einnahmen, Vertr\u00e4ge, erwartete Einsparungen, Daten, Gesch\u00e4ftswerte oder oder verschwendete Ausgaben) oder (III) alle indirekten oder Folgesch\u00e4den, die sowohl f\u00fcr Sie als auch f\u00fcr uns nicht vorhersehbar waren, als der Vertrag \u00fcber den Verkauf von Produkten durch uns an Sie geschlossen wurde.&nbsp;<\/p>\r\n          <h2><strong>11. Geltendes Recht<\/strong><\/h2>\r\n          <p>Diese Bedingungen unterliegen den Gesetzen Spaniens und werden entsprechend ausgelegt.<\/p>\r\n          <h2><strong>12. Aktualisierung der Verkaufsbedingungen<\/strong><\/h2>\r\n          <p>Wir behalten uns das Recht vor, jederzeit \u00e4nderungen an unserer Website, unseren Richtlinien und unseren Gesch\u00e4ftsbedingungen, einschlie\u00dflich dieser Verkaufsbedingungen, vorzunehmen.&nbsp; Sie unterliegen den zum Zeitpunkt der Bestellung von Produkten geltenden Allgemeinen Gesch\u00e4ftsbedingungen, Richtlinien und Verkaufsbedingungen, es sei denn, eine \u00e4nderung dieser Allgemeinen Gesch\u00e4ftsbedingungen, Richtlinien oder dieser Verkaufsbedingungen ist gesetzlich vorgeschrieben oder wird durch eine Beh\u00f6rde angeordnet (eine solche \u00e4nderung kann auch r\u00fcckwirkend f\u00fcr zuvor aufgegebene Bestellungen gelten).&nbsp; Wenn eine dieser Verkaufsbedingungen als ung\u00fcltig, nichtig oder aus irgendeinem Grund nicht durchsetzbar erachtet wird, gilt diese Bedingung als abtrennbar und hat keinen Einfluss auf die G\u00fcltigkeit und Durchsetzbarkeit der \u00fcbrigen Bedingungen.<\/p>\r\n          <h2><strong>13. Verzicht<\/strong><\/h2>\r\n          <p>Wenn Sie gegen diese Verkaufsbedingungen versto\u00dfen und wir keine Ma\u00dfnahmen ergreifen, sind wir dennoch berechtigt, unsere Rechte und Rechtsmittel in anderen Situationen wahrzunehmen, in denen Sie gegen diese Verkaufsbedingungen versto\u00dfen.<\/p>\r\n          <h2><strong>14. Unterschrift<\/strong><\/h2>\r\n          <p>Wenn Sie bisher kein Nutzerkonto haben, m\u00fcssen Sie sich registrieren und damit ein solches erstellen. Lediglich bei  vereinzelten Produkten ist es unter Umst\u00e4nden nicht n\u00f6tig, ein Nutzerkonto zu haben. Nur Sie sind berechtigt, Ihr pers\u00f6nliches Konto zu benutzen.<\/p>\r\n          <p>Mit dem Durchlaufen aller Schritte bei der Bestellung akzeptieren Sie alle hier aufgef\u00fchrten Bedingungen, einschlie\u00dflich Ihrer Zahlungsverpflichtung f\u00fcr die bestellten Produkte oder Dienstleistungen. Es entspricht der Unterzeichnung eines Vertrages.<\/p>\r\n          <h2><strong>15. Datenschutzgesetz<\/strong><\/h2>\r\n          <p>Gem\u00e4\u00df den Bestimmungen des Datenschutzgesetzes 15\/1.999 weisen wir Sie darauf hin, dass alle Angaben, die Sie bei einer Bestellung machen, in einer Datenbank von Sistema Kalinka gespeichert werden, um Ihre Bestellung einschlie\u00dflich der Zahlung und Lieferung verwalten zu k\u00f6nnen. Diese Angaben werden auch verwendet, um Ihnen Informationen zu Produkten und Dienstleistungen oder dem Sistema Kalinka zukommen zu lassen.<\/p>\r\n          <p>Sie erlauben uns, Ihnen Informationen \u00fcber Produkte und Dienstleistungen von Sistema Kalinka zukommen zu lassen, wenn Sie Ihre Daten an uns \u00fcbermitteln. Diese auf Sie zugeschnittenen Informationen k\u00f6nnen auf verschiedene Weise \u00fcbermittelt werden, darunter telefonisch, per SMS, MMS und E-Mail. Unter Umst\u00e4nden geben wir Ihre Daten an Dritte weiter, falls dies f\u00fcr die Bearbeitung Ihrer Bestellung notwendig ist.<\/p>\r\n          <p>Bitte f\u00fcllen Sie die Formulare bei der Bestellung vollst\u00e4ndig aus. Bei unvollst\u00e4ndigen Angaben kann Sistema Kalinka Ihre Bestellung m\u00f6glicherweise nicht bearbeiten.<\/p>\r\n          <p>Sie k\u00f6nnen auf Anfrage die Daten in Ihrem Nutzerkonto aktualisieren. Au\u00dferdem k\u00f6nnen Sie uns mitteilen, wenn sie k\u00fcnftig keine  Marketing-Informationen mehr erhalten m\u00f6chten. Schreiben Sie uns eine E-Mail an&nbsp;info@sistemakalinka.com&nbsp;mit dem Betreff &ldquo;LOPD&rdquo;. Ihre E-Mail sollte Folgendes enthalten: Ihren vollst\u00e4ndigen Namen, Ihre Kundennummer sowie den Satz &bdquo;ich m\u00f6chte keine Werbung von Sistema Kalinka erhalten&ldquo;<\/p>\r\n          <p>Alle in den Datenbanken oder auf Sistema Kalinka gespeicherten Informationen gelten als Nachweis der von Ihnen get\u00e4tigten Bestellungen, der Zahlungen und der Kommunikation zwischen Ihnen und uns.<\/p>\r\n          <h2><strong>16. Geistiges Eigentum<\/strong><\/h2>\r\n          <p>Alle Elemente auf sistemakalinka.com einschlie\u00dflich Audio-, Bild- und Videomaterial sowie die zu deren Entwicklung verwendete Technologie sind urheberrechtlich und patentrechtlich gesch\u00fctzt.&nbsp;<\/p>\r\n          <p>Diese Elemente sind allesamt Eigentum von Sistema Kalinka.<\/p>\r\n          <p>Wenn Sie eine Website haben und ein Element oder einen Link von sistemakalinka.com oder einer website von Sistema Kalinka f\u00fcr eigene Zwecke nutzen m\u00f6chten, ben\u00f6tigen Sie zuvor die schriftliche Einwilligung durch Sistema Kalinka<\/p>\r\n          <p>Jegliche Verwendung von Framing oder Inline-Links ist strengstens untersagt.<\/p>\r\n          <h2><strong>17. Unsere Kontaktdaten<\/strong><\/h2>\r\n          <p>Sistema Kalinka ist der Handelsname von Macrolanguages s.l.&nbsp; Unsere Kontaktdaten<br \/> C\/ Col\u00f3n 3 2D\r\n33208 Gij\u00f3n, Asturias, Spanien\r\nEurop\u00e4ische Umsatzsteuer-Identifikationsnummer:&nbsp; ESB21712443<\/p>\r\n       <\/div>\r\n    <\/div>\r\n <\/div>","protected":false},"excerpt":{"rendered":"Verkaufsbedingungen Diese Verkaufsbedingungen regeln den Verkauf und die Lieferung von Produkten durch Sistema Kalinka an Sie. Bei einigen Produkten gelten eventuell zus\u00e4tzliche Bedingungen. Sollten sich diese zus\u00e4tzliche Bedingungen nicht mit den hier vorliegenden Verkaufsbedingungen decken, so haben die zus\u00e4tzlichen Bedingungen Vorrang. Bitte lesen Sie sich diese Verkaufsbedingungen aufmerksam durch, bevor sie eine Bestellung bei Sistema [&hellip;]","protected":false},"author":47,"featured_media":0,"parent":0,"menu_order":0,"comment_status":"closed","ping_status":"closed","template":"","meta":{"footnotes":""},"class_list":["post-28359","page","type-page","status-publish","hentry"],"yoast_head":"<!-- This site is optimized with the Yoast SEO plugin v27.4 - https:\/\/yoast.com\/product\/yoast-seo-wordpress\/ -->\n<title>Verkaufsbedingungen - Sistema Kalinka<\/title>\n<meta name=\"robots\" content=\"index, follow, max-snippet:-1, max-image-preview:large, max-video-preview:-1\" \/>\n<link rel=\"canonical\" href=\"https:\/\/sistemakalinka.com\/de\/verkaufsbedingungen\/\" \/>\n<meta property=\"og:locale\" content=\"de_DE\" \/>\n<meta property=\"og:type\" content=\"article\" \/>\n<meta property=\"og:title\" content=\"Verkaufsbedingungen - Sistema Kalinka\" \/>\n<meta property=\"og:description\" content=\"Verkaufsbedingungen Diese Verkaufsbedingungen regeln den Verkauf und die Lieferung von Produkten durch Sistema Kalinka an Sie. Bei einigen Produkten gelten eventuell zus\u00e4tzliche Bedingungen. Sollten sich diese zus\u00e4tzliche Bedingungen nicht mit den hier vorliegenden Verkaufsbedingungen decken, so haben die zus\u00e4tzlichen Bedingungen Vorrang. Bitte lesen Sie sich diese Verkaufsbedingungen aufmerksam durch, bevor sie eine Bestellung bei Sistema [&hellip;]\" \/>\n<meta property=\"og:url\" content=\"https:\/\/sistemakalinka.com\/de\/verkaufsbedingungen\/\" \/>\n<meta property=\"og:site_name\" content=\"Sistema Kalinka\" \/>\n<meta property=\"article:modified_time\" content=\"2025-04-10T14:42:58+00:00\" \/>\n<meta name=\"twitter:card\" content=\"summary_large_image\" \/>\n<meta name=\"twitter:label1\" content=\"Gesch\u00e4tzte Lesezeit\" \/>\n\t<meta name=\"twitter:data1\" content=\"7\u00a0Minuten\" \/>\n<script type=\"application\/ld+json\" class=\"yoast-schema-graph\">{\"@context\":\"https:\\\/\\\/schema.org\",\"@graph\":[{\"@type\":\"WebPage\",\"@id\":\"https:\\\/\\\/sistemakalinka.com\\\/de\\\/verkaufsbedingungen\\\/\",\"url\":\"https:\\\/\\\/sistemakalinka.com\\\/de\\\/verkaufsbedingungen\\\/\",\"name\":\"Verkaufsbedingungen - Sistema Kalinka\",\"isPartOf\":{\"@id\":\"https:\\\/\\\/sistemakalinka.com\\\/de\\\/#website\"},\"datePublished\":\"2020-08-04T08:29:36+00:00\",\"dateModified\":\"2025-04-10T14:42:58+00:00\",\"breadcrumb\":{\"@id\":\"https:\\\/\\\/sistemakalinka.com\\\/de\\\/verkaufsbedingungen\\\/#breadcrumb\"},\"inLanguage\":\"de\",\"potentialAction\":[{\"@type\":\"ReadAction\",\"target\":[\"https:\\\/\\\/sistemakalinka.com\\\/de\\\/verkaufsbedingungen\\\/\"]}]},{\"@type\":\"BreadcrumbList\",\"@id\":\"https:\\\/\\\/sistemakalinka.com\\\/de\\\/verkaufsbedingungen\\\/#breadcrumb\",\"itemListElement\":[{\"@type\":\"ListItem\",\"position\":1,\"name\":\"Home\",\"item\":\"https:\\\/\\\/sistemakalinka.com\\\/de\\\/\"},{\"@type\":\"ListItem\",\"position\":2,\"name\":\"Verkaufsbedingungen\"}]},{\"@type\":\"WebSite\",\"@id\":\"https:\\\/\\\/sistemakalinka.com\\\/de\\\/#website\",\"url\":\"https:\\\/\\\/sistemakalinka.com\\\/de\\\/\",\"name\":\"Sistema Kalinka\",\"description\":\"Learn Russian with us\",\"potentialAction\":[{\"@type\":\"SearchAction\",\"target\":{\"@type\":\"EntryPoint\",\"urlTemplate\":\"https:\\\/\\\/sistemakalinka.com\\\/de\\\/?s={search_term_string}\"},\"query-input\":{\"@type\":\"PropertyValueSpecification\",\"valueRequired\":true,\"valueName\":\"search_term_string\"}}],\"inLanguage\":\"de\"}]}<\/script>\n<!-- \/ Yoast SEO plugin. -->","yoast_head_json":{"title":"Verkaufsbedingungen - Sistema Kalinka","robots":{"index":"index","follow":"follow","max-snippet":"max-snippet:-1","max-image-preview":"max-image-preview:large","max-video-preview":"max-video-preview:-1"},"canonical":"https:\/\/sistemakalinka.com\/de\/verkaufsbedingungen\/","og_locale":"de_DE","og_type":"article","og_title":"Verkaufsbedingungen - Sistema Kalinka","og_description":"Verkaufsbedingungen Diese Verkaufsbedingungen regeln den Verkauf und die Lieferung von Produkten durch Sistema Kalinka an Sie. Bei einigen Produkten gelten eventuell zus\u00e4tzliche Bedingungen. Sollten sich diese zus\u00e4tzliche Bedingungen nicht mit den hier vorliegenden Verkaufsbedingungen decken, so haben die zus\u00e4tzlichen Bedingungen Vorrang. Bitte lesen Sie sich diese Verkaufsbedingungen aufmerksam durch, bevor sie eine Bestellung bei Sistema [&hellip;]","og_url":"https:\/\/sistemakalinka.com\/de\/verkaufsbedingungen\/","og_site_name":"Sistema Kalinka","article_modified_time":"2025-04-10T14:42:58+00:00","twitter_card":"summary_large_image","twitter_misc":{"Gesch\u00e4tzte Lesezeit":"7\u00a0Minuten"},"schema":{"@context":"https:\/\/schema.org","@graph":[{"@type":"WebPage","@id":"https:\/\/sistemakalinka.com\/de\/verkaufsbedingungen\/","url":"https:\/\/sistemakalinka.com\/de\/verkaufsbedingungen\/","name":"Verkaufsbedingungen - Sistema Kalinka","isPartOf":{"@id":"https:\/\/sistemakalinka.com\/de\/#website"},"datePublished":"2020-08-04T08:29:36+00:00","dateModified":"2025-04-10T14:42:58+00:00","breadcrumb":{"@id":"https:\/\/sistemakalinka.com\/de\/verkaufsbedingungen\/#breadcrumb"},"inLanguage":"de","potentialAction":[{"@type":"ReadAction","target":["https:\/\/sistemakalinka.com\/de\/verkaufsbedingungen\/"]}]},{"@type":"BreadcrumbList","@id":"https:\/\/sistemakalinka.com\/de\/verkaufsbedingungen\/#breadcrumb","itemListElement":[{"@type":"ListItem","position":1,"name":"Home","item":"https:\/\/sistemakalinka.com\/de\/"},{"@type":"ListItem","position":2,"name":"Verkaufsbedingungen"}]},{"@type":"WebSite","@id":"https:\/\/sistemakalinka.com\/de\/#website","url":"https:\/\/sistemakalinka.com\/de\/","name":"Sistema Kalinka","description":"Learn Russian with us","potentialAction":[{"@type":"SearchAction","target":{"@type":"EntryPoint","urlTemplate":"https:\/\/sistemakalinka.com\/de\/?s={search_term_string}"},"query-input":{"@type":"PropertyValueSpecification","valueRequired":true,"valueName":"search_term_string"}}],"inLanguage":"de"}]}},"_links":{"self":[{"href":"https:\/\/sistemakalinka.com\/de\/wp-json\/wp\/v2\/pages\/28359","targetHints":{"allow":["GET"]}}],"collection":[{"href":"https:\/\/sistemakalinka.com\/de\/wp-json\/wp\/v2\/pages"}],"about":[{"href":"https:\/\/sistemakalinka.com\/de\/wp-json\/wp\/v2\/types\/page"}],"author":[{"embeddable":true,"href":"https:\/\/sistemakalinka.com\/de\/wp-json\/wp\/v2\/users\/47"}],"replies":[{"embeddable":true,"href":"https:\/\/sistemakalinka.com\/de\/wp-json\/wp\/v2\/comments?post=28359"}],"version-history":[{"count":4,"href":"https:\/\/sistemakalinka.com\/de\/wp-json\/wp\/v2\/pages\/28359\/revisions"}],"predecessor-version":[{"id":79110,"href":"https:\/\/sistemakalinka.com\/de\/wp-json\/wp\/v2\/pages\/28359\/revisions\/79110"}],"wp:attachment":[{"href":"https:\/\/sistemakalinka.com\/de\/wp-json\/wp\/v2\/media?parent=28359"}],"curies":[{"name":"wp","href":"https:\/\/api.w.org\/{rel}","templated":true}]}}