{"id":28400,"date":"2022-07-26T15:22:05","date_gmt":"2022-07-26T13:22:05","guid":{"rendered":"https:\/\/sistemakalinka.com\/?page_id=28400"},"modified":"2022-07-26T15:22:05","modified_gmt":"2022-07-26T13:22:05","slug":"nutzungsvereinbarung","status":"publish","type":"page","link":"https:\/\/sistemakalinka.com\/de\/nutzungsvereinbarung\/","title":{"rendered":"Nutzungsvereinbarung"},"content":{"rendered":"<h3>Nutzungsvereinbarung<\/h3>\r\n<p>Der Service von www.sistemakalinka.com (&#8222;der Service&#8220;) ist weltweit f\u00fcr jeden zug\u00e4nglich, der Internetzugang hat. Die Nutzung des Service unterliegt den Bestimmungen dieser Nutzungsvereinbarung, den separat aufgef\u00fchrten Datenschutzbestimmungen sowie allen geltenden Gesetzen und Bestimmungen, u.a. zum Urheber- und Markenschutzrecht. MIT DEM BESUCH UNSERER WEBSITE AKZEPTIEREN SIE UNEINGESCHR\u00e4NKT ALLE PUNKTE DIESER NUTZUNGSVEREINBARUNG. Die Mitarbeiter von Red Kalinka \/Sistema Kalinka behalten sich das Recht vor, diese Bedingungen jederzeit zu \u00fcberarbeiten. Eventuelle Aktualisierungen sind auf dieser Seite nachlesbar. Mit der Nutzung des Service erkl\u00e4ren Sie sich im voraus mit jeglichen eventuellen \u00e4nderungen einverstanden.<\/p>\r\n\r\n<p>Gem\u00e4\u00df des Datenschutzgesetzes 34\/2002 ist hier unsere Anschrift und Steuer-Identifikationsnummer angegeben:<\/p>\r\n\r\n<p>Jos\u00e9 A. Santiago Tom\u00e1s (J.A.S.T.)<p>Calle Soria 13 bajo derecha<p>33208 Gij\u00f3n, Asturias, Spanien<p>ES-53526575-D<p><a href=\"https:\/\/sistemakalinka.com\/contact-us\/\">Kontakt<\/a><\/p>\r\n<h3>Geistiges Eigentum<\/h3>\r\n<p>Der Quellcode, die grafische Gestaltung, Bilder, Animationen, Software, Texte, Datenbanken sowie alle Inhalte der Domain www.sistemakalinka.com sind Eigentum von Jos\u00e9 A. Santiago Tom\u00e1s (J.A.S.T.)  und seiner Mitarbeiter. Keines der genannten Elemente darf ohne die schriftliche Einwilligung von Jos\u00e9 A. Santiago Tom\u00e1s (J.A.S.T.) vervielf\u00e4ltigt oder ver\u00f6ffentlicht werden. <\/p>\r\n<p>Das auf unseren Websites enthaltene Material d\u00fcrfen Nutzer ausschlie\u00dflich f\u00fcr private Zwecke verwenden. Die kommerzielle oder illegale Nutzung des Materials ist strengstens untersagt.<\/p>\r\n<h3>Bedingungen f\u00fcr f\u00fcr Nutzung der Website www.sistemakalinka.com<\/h3>\r\n<p>Mit dem ersten Besuch unserer Website akzeptiert der Nutzer uneingeschr\u00e4nkt alle Punkte dieser Nutzungsvereinbarung.  Daher sollte jeder Nutzer diese rechtlichen Hinweise sorgf\u00e4ltig lesen.<\/p>\r\n<ol>\r\n<li>Jos\u00e9 A. Santiago Tom\u00e1s (J.A.S.T.)  kann die Inhalte, das Layout und den Zugang der Webseite von Sistema Kalinka jederzeit ohne Ank\u00fcndigung \u00e4ndern.<\/li>\r\n<li>Die gilt sowohl f\u00fcr alle Informationen also auch f\u00fcr Bilder.<\/li>\r\n<li>Der Nutzer verpflichtet sich, die Website gem\u00e4\u00df der gesetzlichen Vorgaben und in \u00fcbereinstimmung mit dieser Nutzungsvereinbarung zu verwenden. Wir erwarten sittenhaftes Verhalten.<\/li>\r\n<li>Jos\u00e9 A. Santiago Tom\u00e1s (J.A.S.T.) stellt sicher, dass alle auf www.sistemakalinka.com angebotenen Inhalte und Dienste den Grundsatz der W\u00fcrde respektieren sowie den Grundsatz der Nichtdiskriminierung aufgrund von Rasse, Geschlecht, Religion, Nationalit\u00e4t, Behinderung oder anderen pers\u00f6nlichen oder sozialen Umst\u00e4nden; ebenso das Jugend- und Kindesschutzprinzip.<\/li>\r\n<li>Jos\u00e9 A. Santiago Tom\u00e1s (J.A.S.T.) verpflichtet sich, KEINE IRREF\u00fcHRENDE WERBUNG zu ver\u00f6ffentlichen. Davon ausgeschlossen sind versehentliche Fehler (unaktualisierte Daten, Tippfehler, Zahlendreher, usw)  auf einzelnen Seiten dieser Internetplattform. Sistema Kalinka ist bem\u00fcht, Fehler zu korrigieren, sobald wir sie entdecken.<\/li>\r\n<li>Sistema Kalinka sendet AUSSCHLIESSLICH WERBUNG, DIE DEUTLICH ALS SOLCHE GEKENNZEICHNET IST, in \u00fcbereinstimmung mit den Bestimmungen des Gesetzes 34\/2002 \u00fcber Dienstleistungen der Informationsgesellschaft und des elektronischen Handels. Informationen, die das bestehende Vertragsverh\u00e4ltnis zwischen dem Kunden und Jos\u00e9 A. Santiago Tom\u00e1s (J.A.S.T.) aufrechterhalten sollen, sowie Aktivit\u00e4ten der Erf\u00fcllung von Vertragspflichten und Informationen \u00fcber andere Dienstleistungen gelten nicht als Werbung.  Ab und zu informieren wir unsere Kunden \u00fcber die verschiedenen Materialien, wir zum Russischlernen anbieten. <\/li>\r\n<li>Jeder Besucher unserer Internetplattform tr\u00e4gt allein die Verantwortung f\u00fcr Nutzung der enthaltenen Informationen. J.A.S.T. weist jede Verantwortung f\u00fcr eventuelle Folgen oder Sch\u00e4den, die vorgeblich aus der Nutzung unserer Dienste entstehen, von sich. J.A.S.T. ist weder f\u00fcr m\u00f6gliche Sicherheitsfehler noch f\u00fcr Sch\u00e4den am Computer des Benutzers (Hardware und Software) oder an den gespeicherten Dateien und Dokumenten infolge von eventuellen Viren auf Ihrem Ger\u00e4t verantwortlich. Ebenso wenig haften wir f\u00fcr Fehlfunktionen des Browsers oder f\u00fcr die Verwendung nicht aktualisierter Versionen.<\/li>\r\n<li>Im Falle eines Rechtsstreits werden Jos\u00e9 A. Santiago Tom\u00e1s (J.A.S.T.) und der Benutzer alle Streitigkeiten vor den Gerichten der Stadt Gij\u00f3n (Spanien) beilegen. Auf einen anderen Gerichtsstand wird ausdr\u00fccklich verzichtet.<\/li>\r\n<h3>Datenschutzrichtlinien Datenschutz<\/h3>\r\n<p>Die Datenverarbeitung basiert auf dem Datenschutzgesetz 15\/1999 vom 13. Dezember zum Schutz personenbezogener Daten, das bei der  Verarbeitung personenbezogener Daten die Freiheit und die Grundrechte des Einzelnen gew\u00e4hrleisten soll, insbesondere seine W\u00fcrde und pers\u00f6nliche bzw. famili\u00e4re Privatsph\u00e4re. Jos\u00e9 A. Santiago Tom\u00e1s (J.A.S.T.) informiert alle Benutzer von www.sistemakalinka.com hiermit \u00fcber diese Datenschutzrichtlinie. Die Benutzer k\u00f6nnen daraufhin v\u00f6llig frei entscheiden, ob sie die f\u00fcr ein Abo oder eine Registrierung f\u00fcr einen der angebotenen Dienste erforderlichen Informationen bereitstellen m\u00f6chten. <\/p>\r\n\r\n<p>Jos\u00e9 A. Santiago Tom\u00e1s (J.A.S.T.) beh\u00e4lt sich das Recht vor, diese Bedingungen zu \u00e4ndern, um sie an Gesetzes\u00e4nderungen oder Branchenpraktiken anzupassen. In einem solchen Fall teilen wird dies im Voraus an dieser Stelle mit.<\/p>\r\n\r\n<p>Die personenbezogenen Daten, die Sie bei der Registrierung f\u00fcr einen unserer Dienste angeben, (u.a. Abonnements) unterliegen dem Datenschutzgesetz. Sistema Kalinka, d.h. Jos\u00e9 A. Santiago Tom\u00e1s (J.A.S.T.) , verwahrt die Daten der Lernenden in administrativen Dateien, die der Erf\u00fcllung der vertraglichen Pflichten dienen. Sie k\u00f6nnen auch f\u00fcr die Erweiterung und Verbesserung unserer Dienstleistungen herangezogen werden, einschlie\u00dflich f\u00fcr die Zusendung von Werbung , d.h. Informationen \u00fcber unsere Angebote, Rabattaktionen und Empfehlungen. Unter Umst\u00e4nden f\u00fchren wir Umfragen zu Marktforschungszwecken durch. Der Nutzer ist in keiner Weise zu deren Beantwortung verpflichtet.<\/p>\r\n<p>Sofern nicht anders angegeben, ist die Datenangabe freiwillig. Das Fehlen von Informationen f\u00fchrt jedoch unter Umst\u00e4nden dazu, dass wir eine bestimmte Dienstleistung nicht bereitstellen k\u00f6nnen.<\/p>\r\n\r\n<p>Sie k\u00f6nnen uns jederzeit kontaktieren, wenn Sie das Recht auf Auskunft, Berichtigung, L\u00f6schung und Widerspruch Ihrer personenbezogenen Daten aus\u00fcben m\u00f6chten:<\/p>\r\n\r\n<p>Jos\u00e9 A. Santiago Tom\u00e1s (J.A.S.T.)<\/p>\r\n<p>Calle Soria 13 bajo derecha<\/p>\r\n<p>33208 Gij\u00f3n, Asturias, Spanien<\/p>\r\n<p>ES-53526575-D<\/p>\r\n<p><a href=\"https:\/\/sistemakalinka.com\/contact-us\/\">Kontakt<\/a><\/p>","protected":false},"excerpt":{"rendered":"Nutzungsvereinbarung Der Service von www.sistemakalinka.com (&#8222;der Service&#8220;) ist weltweit f\u00fcr jeden zug\u00e4nglich, der Internetzugang hat. Die Nutzung des Service unterliegt den Bestimmungen dieser Nutzungsvereinbarung, den separat aufgef\u00fchrten Datenschutzbestimmungen sowie allen geltenden Gesetzen und Bestimmungen, u.a. zum Urheber- und Markenschutzrecht. MIT DEM BESUCH UNSERER WEBSITE AKZEPTIEREN SIE UNEINGESCHR\u00e4NKT ALLE PUNKTE DIESER NUTZUNGSVEREINBARUNG. Die Mitarbeiter von Red [&hellip;]","protected":false},"author":47,"featured_media":0,"parent":0,"menu_order":0,"comment_status":"closed","ping_status":"closed","template":"","meta":{"footnotes":""},"class_list":["post-28400","page","type-page","status-publish","hentry"],"yoast_head":"<!-- This site is optimized with the Yoast SEO plugin v27.5 - https:\/\/yoast.com\/product\/yoast-seo-wordpress\/ -->\n<title>Nutzungsvereinbarung - Sistema Kalinka<\/title>\n<meta name=\"robots\" content=\"index, follow, max-snippet:-1, max-image-preview:large, max-video-preview:-1\" \/>\n<link rel=\"canonical\" href=\"https:\/\/sistemakalinka.com\/de\/nutzungsvereinbarung\/\" \/>\n<meta property=\"og:locale\" content=\"de_DE\" \/>\n<meta property=\"og:type\" content=\"article\" \/>\n<meta property=\"og:title\" content=\"Nutzungsvereinbarung - Sistema Kalinka\" \/>\n<meta property=\"og:description\" content=\"Nutzungsvereinbarung Der Service von www.sistemakalinka.com (&#8222;der Service&#8220;) ist weltweit f\u00fcr jeden zug\u00e4nglich, der Internetzugang hat. Die Nutzung des Service unterliegt den Bestimmungen dieser Nutzungsvereinbarung, den separat aufgef\u00fchrten Datenschutzbestimmungen sowie allen geltenden Gesetzen und Bestimmungen, u.a. zum Urheber- und Markenschutzrecht. MIT DEM BESUCH UNSERER WEBSITE AKZEPTIEREN SIE UNEINGESCHR\u00e4NKT ALLE PUNKTE DIESER NUTZUNGSVEREINBARUNG. Die Mitarbeiter von Red [&hellip;]\" \/>\n<meta property=\"og:url\" content=\"https:\/\/sistemakalinka.com\/de\/nutzungsvereinbarung\/\" \/>\n<meta property=\"og:site_name\" content=\"Sistema Kalinka\" \/>\n<meta name=\"twitter:card\" content=\"summary_large_image\" \/>\n<script type=\"application\/ld+json\" class=\"yoast-schema-graph\">{\"@context\":\"https:\\\/\\\/schema.org\",\"@graph\":[{\"@type\":\"WebPage\",\"@id\":\"https:\\\/\\\/sistemakalinka.com\\\/de\\\/nutzungsvereinbarung\\\/\",\"url\":\"https:\\\/\\\/sistemakalinka.com\\\/de\\\/nutzungsvereinbarung\\\/\",\"name\":\"Nutzungsvereinbarung - Sistema Kalinka\",\"isPartOf\":{\"@id\":\"https:\\\/\\\/sistemakalinka.com\\\/de\\\/#website\"},\"datePublished\":\"2022-07-26T13:22:05+00:00\",\"breadcrumb\":{\"@id\":\"https:\\\/\\\/sistemakalinka.com\\\/de\\\/nutzungsvereinbarung\\\/#breadcrumb\"},\"inLanguage\":\"de\",\"potentialAction\":[{\"@type\":\"ReadAction\",\"target\":[\"https:\\\/\\\/sistemakalinka.com\\\/de\\\/nutzungsvereinbarung\\\/\"]}]},{\"@type\":\"BreadcrumbList\",\"@id\":\"https:\\\/\\\/sistemakalinka.com\\\/de\\\/nutzungsvereinbarung\\\/#breadcrumb\",\"itemListElement\":[{\"@type\":\"ListItem\",\"position\":1,\"name\":\"Home\",\"item\":\"https:\\\/\\\/sistemakalinka.com\\\/de\\\/\"},{\"@type\":\"ListItem\",\"position\":2,\"name\":\"Nutzungsvereinbarung\"}]},{\"@type\":\"WebSite\",\"@id\":\"https:\\\/\\\/sistemakalinka.com\\\/de\\\/#website\",\"url\":\"https:\\\/\\\/sistemakalinka.com\\\/de\\\/\",\"name\":\"Sistema Kalinka\",\"description\":\"Learn Russian with us\",\"potentialAction\":[{\"@type\":\"SearchAction\",\"target\":{\"@type\":\"EntryPoint\",\"urlTemplate\":\"https:\\\/\\\/sistemakalinka.com\\\/de\\\/?s={search_term_string}\"},\"query-input\":{\"@type\":\"PropertyValueSpecification\",\"valueRequired\":true,\"valueName\":\"search_term_string\"}}],\"inLanguage\":\"de\"}]}<\/script>\n<!-- \/ Yoast SEO plugin. -->","yoast_head_json":{"title":"Nutzungsvereinbarung - Sistema Kalinka","robots":{"index":"index","follow":"follow","max-snippet":"max-snippet:-1","max-image-preview":"max-image-preview:large","max-video-preview":"max-video-preview:-1"},"canonical":"https:\/\/sistemakalinka.com\/de\/nutzungsvereinbarung\/","og_locale":"de_DE","og_type":"article","og_title":"Nutzungsvereinbarung - Sistema Kalinka","og_description":"Nutzungsvereinbarung Der Service von www.sistemakalinka.com (&#8222;der Service&#8220;) ist weltweit f\u00fcr jeden zug\u00e4nglich, der Internetzugang hat. Die Nutzung des Service unterliegt den Bestimmungen dieser Nutzungsvereinbarung, den separat aufgef\u00fchrten Datenschutzbestimmungen sowie allen geltenden Gesetzen und Bestimmungen, u.a. zum Urheber- und Markenschutzrecht. MIT DEM BESUCH UNSERER WEBSITE AKZEPTIEREN SIE UNEINGESCHR\u00e4NKT ALLE PUNKTE DIESER NUTZUNGSVEREINBARUNG. Die Mitarbeiter von Red [&hellip;]","og_url":"https:\/\/sistemakalinka.com\/de\/nutzungsvereinbarung\/","og_site_name":"Sistema Kalinka","twitter_card":"summary_large_image","schema":{"@context":"https:\/\/schema.org","@graph":[{"@type":"WebPage","@id":"https:\/\/sistemakalinka.com\/de\/nutzungsvereinbarung\/","url":"https:\/\/sistemakalinka.com\/de\/nutzungsvereinbarung\/","name":"Nutzungsvereinbarung - Sistema Kalinka","isPartOf":{"@id":"https:\/\/sistemakalinka.com\/de\/#website"},"datePublished":"2022-07-26T13:22:05+00:00","breadcrumb":{"@id":"https:\/\/sistemakalinka.com\/de\/nutzungsvereinbarung\/#breadcrumb"},"inLanguage":"de","potentialAction":[{"@type":"ReadAction","target":["https:\/\/sistemakalinka.com\/de\/nutzungsvereinbarung\/"]}]},{"@type":"BreadcrumbList","@id":"https:\/\/sistemakalinka.com\/de\/nutzungsvereinbarung\/#breadcrumb","itemListElement":[{"@type":"ListItem","position":1,"name":"Home","item":"https:\/\/sistemakalinka.com\/de\/"},{"@type":"ListItem","position":2,"name":"Nutzungsvereinbarung"}]},{"@type":"WebSite","@id":"https:\/\/sistemakalinka.com\/de\/#website","url":"https:\/\/sistemakalinka.com\/de\/","name":"Sistema Kalinka","description":"Learn Russian with us","potentialAction":[{"@type":"SearchAction","target":{"@type":"EntryPoint","urlTemplate":"https:\/\/sistemakalinka.com\/de\/?s={search_term_string}"},"query-input":{"@type":"PropertyValueSpecification","valueRequired":true,"valueName":"search_term_string"}}],"inLanguage":"de"}]}},"_links":{"self":[{"href":"https:\/\/sistemakalinka.com\/de\/wp-json\/wp\/v2\/pages\/28400","targetHints":{"allow":["GET"]}}],"collection":[{"href":"https:\/\/sistemakalinka.com\/de\/wp-json\/wp\/v2\/pages"}],"about":[{"href":"https:\/\/sistemakalinka.com\/de\/wp-json\/wp\/v2\/types\/page"}],"author":[{"embeddable":true,"href":"https:\/\/sistemakalinka.com\/de\/wp-json\/wp\/v2\/users\/47"}],"replies":[{"embeddable":true,"href":"https:\/\/sistemakalinka.com\/de\/wp-json\/wp\/v2\/comments?post=28400"}],"version-history":[{"count":1,"href":"https:\/\/sistemakalinka.com\/de\/wp-json\/wp\/v2\/pages\/28400\/revisions"}],"predecessor-version":[{"id":28401,"href":"https:\/\/sistemakalinka.com\/de\/wp-json\/wp\/v2\/pages\/28400\/revisions\/28401"}],"wp:attachment":[{"href":"https:\/\/sistemakalinka.com\/de\/wp-json\/wp\/v2\/media?parent=28400"}],"curies":[{"name":"wp","href":"https:\/\/api.w.org\/{rel}","templated":true}]}}