{"id":57742,"date":"2024-04-30T12:48:10","date_gmt":"2024-04-30T10:48:10","guid":{"rendered":"https:\/\/sistemakalinka.com\/?page_id=57742"},"modified":"2024-04-30T12:48:45","modified_gmt":"2024-04-30T10:48:45","slug":"zusammenarbeit","status":"publish","type":"page","link":"https:\/\/sistemakalinka.com\/de\/zusammenarbeit\/","title":{"rendered":"Zusammenarbeit"},"content":{"rendered":"<div class=\"container-fluid mi-seccion\">\r\n   <div class=\"row\">\r\n      <div class=\"col-xs-12\">\r\n         <div>\r\n            <h1>Zusammenarbeitg<\/h1>\r\n         <\/div>\r\n         <div class=\"row\">\r\n            <div class=\"col-sm-12\">\r\n               <p>Sind Sie an einer Zusammenarbeit interessiert? Kontaktiere uns!<\/p>\r\n               <ul>\r\n                  <li>Wenn Sie einen Blog, einen Medienkanal oder ein anderes Mittel zur Werbung f\u00fcr unsere Produkte haben, kontaktieren Sie uns bitte, um mehr \u00fcber unser Partnerprogramm (Affiliate-Links, Verkaufsprovisionen usw.) zu erfahren. F\u00fcllen Sie das untenstehende Formular aus und geben Sie uns detaillierte Informationen zu Ihren Medienkan\u00e4len und M\u00f6glichkeiten der Zusammenarbeit. Lassen Sie Ihre M\u00fche belohnt werden!<\/li>\r\n               <\/ul>\r\n            <\/div>\r\n         <\/div>\r\n      <\/div>\r\n   <\/div>\r\n<\/div>\r\n<!-- Intro -->\r\n<div class=\"container-fluid\">\r\n   <div class=\"row\">\r\n      <div class=\"col-xs-12\">\n<div class=\"wpcf7 no-js\" id=\"wpcf7-f28580-o1\" lang=\"en-US\" dir=\"ltr\" data-wpcf7-id=\"28580\">\n<div class=\"screen-reader-response\"><p role=\"status\" aria-live=\"polite\" aria-atomic=\"true\"><\/p> <ul><\/ul><\/div>\n<form action=\"\/de\/wp-json\/wp\/v2\/pages\/57742#wpcf7-f28580-o1\" method=\"post\" class=\"wpcf7-form init\" aria-label=\"Contact form\" enctype=\"multipart\/form-data\" novalidate=\"novalidate\" data-status=\"init\">\n<fieldset class=\"hidden-fields-container\"><input type=\"hidden\" name=\"_wpcf7\" value=\"28580\" \/><input type=\"hidden\" name=\"_wpcf7_version\" value=\"6.1.5\" \/><input type=\"hidden\" name=\"_wpcf7_locale\" value=\"en_US\" \/><input type=\"hidden\" name=\"_wpcf7_unit_tag\" value=\"wpcf7-f28580-o1\" \/><input type=\"hidden\" name=\"_wpcf7_container_post\" value=\"0\" \/><input type=\"hidden\" name=\"_wpcf7_posted_data_hash\" value=\"\" \/><input type=\"hidden\" name=\"_wpcf7_recaptcha_response\" value=\"\" \/>\n<\/fieldset>\n<p><label>Name (erforderlich)<br \/>\n<span class=\"wpcf7-form-control-wrap\" data-name=\"your-name\"><input size=\"40\" maxlength=\"400\" class=\"wpcf7-form-control wpcf7-text wpcf7-validates-as-required\" aria-required=\"true\" aria-invalid=\"false\" value=\"\" type=\"text\" name=\"your-name\" \/><\/span> <\/label>\n<\/p>\n<p><label>E-Mail-Adresse (erforderlich)<br \/>\n<span class=\"wpcf7-form-control-wrap\" data-name=\"your-email\"><input size=\"40\" maxlength=\"400\" class=\"wpcf7-form-control wpcf7-email wpcf7-validates-as-required wpcf7-text wpcf7-validates-as-email\" aria-required=\"true\" aria-invalid=\"false\" value=\"\" type=\"email\" name=\"your-email\" \/><\/span> <\/label>\n<\/p>\n<p><label>Betreff<br \/>\n<span class=\"wpcf7-form-control-wrap\" data-name=\"your-subject\"><input size=\"40\" maxlength=\"400\" class=\"wpcf7-form-control wpcf7-text\" aria-invalid=\"false\" value=\"\" type=\"text\" name=\"your-subject\" \/><\/span> <\/label>\n<\/p>\n<p><label>Nachricht<br \/>\n<span class=\"wpcf7-form-control-wrap\" data-name=\"your-message\"><textarea cols=\"40\" rows=\"10\" maxlength=\"2000\" class=\"wpcf7-form-control wpcf7-textarea\" aria-invalid=\"false\" name=\"your-message\"><\/textarea><\/span> <\/label>\n<\/p>\n<p>Wenn Sie eine Datei anh\u00e4ngen m\u00f6chten (z. B. mit einem Bild eines Fehlers, den Sie auf unserer Website gefunden haben), verwenden Sie die Schaltfl\u00e4che unten:\n<\/p>\n<p><strong>Maximal 2 angeh\u00e4ngte Dateien und eine Gesamtdateigr\u00f6\u00dfe von 3\u00a0MB<\/strong>:\n<\/p>\n<p><span class=\"wpcf7-form-control-wrap\" data-name=\"file-780\"><input size=\"40\" class=\"wpcf7-form-control wpcf7-file\" accept=\".gif,.png,.jpg,.jpeg,.pdf,.doc,.docx,.txt,.ppt,.pptx,.odt,.avi,.ogg,.m4a,.mov,.mp3,.mp4,.mpg,.wav,.wmv\" aria-invalid=\"false\" type=\"file\" name=\"file-780\" \/><\/span><br \/>\n<span class=\"wpcf7-form-control-wrap\" data-name=\"file-781\"><input size=\"40\" class=\"wpcf7-form-control wpcf7-file\" accept=\".gif,.png,.jpg,.jpeg,.pdf,.doc,.docx,.txt,.ppt,.pptx,.odt,.avi,.ogg,.m4a,.mov,.mp3,.mp4,.mpg,.wav,.wmv\" aria-invalid=\"false\" type=\"file\" name=\"file-781\" \/><\/span>\n<\/p>\n\n<p>&nbsp;\n<\/p>\n<p><input class=\"wpcf7-form-control wpcf7-submit has-spinner\" type=\"submit\" value=\"Abschicken\" \/>\n<\/p><p style=\"display: none !important;\" class=\"akismet-fields-container\" data-prefix=\"_wpcf7_ak_\"><label>&#916;<textarea name=\"_wpcf7_ak_hp_textarea\" cols=\"45\" rows=\"8\" maxlength=\"100\"><\/textarea><\/label><input type=\"hidden\" id=\"ak_js_1\" name=\"_wpcf7_ak_js\" value=\"77\"\/><script>document.getElementById( \"ak_js_1\" ).setAttribute( \"value\", ( new Date() ).getTime() );<\/script><\/p><div class=\"wpcf7-response-output\" aria-hidden=\"true\"><\/div>\n<\/form>\n<\/div>\n]<\/div>\r\n   <\/div>\r\n<\/div>\r\n<div class=\"container-fluid\">\r\n   <div class=\"row\">\r\n      <div class=\"col-xs-12\">\r\n         <p>&nbsp;<\/p>\r\n         <p style=\"color: grey;\">This site is protected by reCAPTCHA and the Google <a href=\"https:\/\/policies.google.com\/privacy\">Privacy Policy<\/a> and <a href=\"https:\/\/policies.google.com\/terms\">Terms of Service<\/a> apply.<\/p>\r\n         <p>&nbsp;<\/p>\r\n      <\/div>\r\n   <\/div>\r\n<\/div>","protected":false},"excerpt":{"rendered":"Zusammenarbeitg Sind Sie an einer Zusammenarbeit interessiert? Kontaktiere uns! Wenn Sie einen Blog, einen Medienkanal oder ein anderes Mittel zur Werbung f\u00fcr unsere Produkte haben, kontaktieren Sie uns bitte, um mehr \u00fcber unser Partnerprogramm (Affiliate-Links, Verkaufsprovisionen usw.) zu erfahren. F\u00fcllen Sie das untenstehende Formular aus und geben Sie uns detaillierte Informationen zu Ihren Medienkan\u00e4len und [&hellip;]","protected":false},"author":4166,"featured_media":0,"parent":0,"menu_order":0,"comment_status":"closed","ping_status":"closed","template":"","meta":{"footnotes":""},"class_list":["post-57742","page","type-page","status-publish","hentry"],"yoast_head":"<!-- This site is optimized with the Yoast SEO plugin v27.4 - https:\/\/yoast.com\/product\/yoast-seo-wordpress\/ -->\n<title>Zusammenarbeit - Sistema Kalinka<\/title>\n<meta name=\"robots\" content=\"index, follow, max-snippet:-1, max-image-preview:large, max-video-preview:-1\" \/>\n<link rel=\"canonical\" href=\"https:\/\/sistemakalinka.com\/de\/zusammenarbeit\/\" \/>\n<meta property=\"og:locale\" content=\"de_DE\" \/>\n<meta property=\"og:type\" content=\"article\" \/>\n<meta property=\"og:title\" content=\"Zusammenarbeit - Sistema Kalinka\" \/>\n<meta property=\"og:description\" content=\"Zusammenarbeitg Sind Sie an einer Zusammenarbeit interessiert? Kontaktiere uns! Wenn Sie einen Blog, einen Medienkanal oder ein anderes Mittel zur Werbung f\u00fcr unsere Produkte haben, kontaktieren Sie uns bitte, um mehr \u00fcber unser Partnerprogramm (Affiliate-Links, Verkaufsprovisionen usw.) zu erfahren. F\u00fcllen Sie das untenstehende Formular aus und geben Sie uns detaillierte Informationen zu Ihren Medienkan\u00e4len und [&hellip;]\" \/>\n<meta property=\"og:url\" content=\"https:\/\/sistemakalinka.com\/de\/zusammenarbeit\/\" \/>\n<meta property=\"og:site_name\" content=\"Sistema Kalinka\" \/>\n<meta property=\"article:modified_time\" content=\"2024-04-30T10:48:45+00:00\" \/>\n<meta name=\"twitter:card\" content=\"summary_large_image\" \/>\n<script type=\"application\/ld+json\" class=\"yoast-schema-graph\">{\"@context\":\"https:\\\/\\\/schema.org\",\"@graph\":[{\"@type\":\"WebPage\",\"@id\":\"https:\\\/\\\/sistemakalinka.com\\\/de\\\/zusammenarbeit\\\/\",\"url\":\"https:\\\/\\\/sistemakalinka.com\\\/de\\\/zusammenarbeit\\\/\",\"name\":\"Zusammenarbeit - Sistema Kalinka\",\"isPartOf\":{\"@id\":\"https:\\\/\\\/sistemakalinka.com\\\/de\\\/#website\"},\"datePublished\":\"2024-04-30T10:48:10+00:00\",\"dateModified\":\"2024-04-30T10:48:45+00:00\",\"breadcrumb\":{\"@id\":\"https:\\\/\\\/sistemakalinka.com\\\/de\\\/zusammenarbeit\\\/#breadcrumb\"},\"inLanguage\":\"de\",\"potentialAction\":[{\"@type\":\"ReadAction\",\"target\":[\"https:\\\/\\\/sistemakalinka.com\\\/de\\\/zusammenarbeit\\\/\"]}]},{\"@type\":\"BreadcrumbList\",\"@id\":\"https:\\\/\\\/sistemakalinka.com\\\/de\\\/zusammenarbeit\\\/#breadcrumb\",\"itemListElement\":[{\"@type\":\"ListItem\",\"position\":1,\"name\":\"Home\",\"item\":\"https:\\\/\\\/sistemakalinka.com\\\/de\\\/\"},{\"@type\":\"ListItem\",\"position\":2,\"name\":\"Zusammenarbeit\"}]},{\"@type\":\"WebSite\",\"@id\":\"https:\\\/\\\/sistemakalinka.com\\\/de\\\/#website\",\"url\":\"https:\\\/\\\/sistemakalinka.com\\\/de\\\/\",\"name\":\"Sistema Kalinka\",\"description\":\"Learn Russian with us\",\"potentialAction\":[{\"@type\":\"SearchAction\",\"target\":{\"@type\":\"EntryPoint\",\"urlTemplate\":\"https:\\\/\\\/sistemakalinka.com\\\/de\\\/?s={search_term_string}\"},\"query-input\":{\"@type\":\"PropertyValueSpecification\",\"valueRequired\":true,\"valueName\":\"search_term_string\"}}],\"inLanguage\":\"de\"}]}<\/script>\n<!-- \/ Yoast SEO plugin. -->","yoast_head_json":{"title":"Zusammenarbeit - Sistema Kalinka","robots":{"index":"index","follow":"follow","max-snippet":"max-snippet:-1","max-image-preview":"max-image-preview:large","max-video-preview":"max-video-preview:-1"},"canonical":"https:\/\/sistemakalinka.com\/de\/zusammenarbeit\/","og_locale":"de_DE","og_type":"article","og_title":"Zusammenarbeit - Sistema Kalinka","og_description":"Zusammenarbeitg Sind Sie an einer Zusammenarbeit interessiert? Kontaktiere uns! Wenn Sie einen Blog, einen Medienkanal oder ein anderes Mittel zur Werbung f\u00fcr unsere Produkte haben, kontaktieren Sie uns bitte, um mehr \u00fcber unser Partnerprogramm (Affiliate-Links, Verkaufsprovisionen usw.) zu erfahren. F\u00fcllen Sie das untenstehende Formular aus und geben Sie uns detaillierte Informationen zu Ihren Medienkan\u00e4len und [&hellip;]","og_url":"https:\/\/sistemakalinka.com\/de\/zusammenarbeit\/","og_site_name":"Sistema Kalinka","article_modified_time":"2024-04-30T10:48:45+00:00","twitter_card":"summary_large_image","schema":{"@context":"https:\/\/schema.org","@graph":[{"@type":"WebPage","@id":"https:\/\/sistemakalinka.com\/de\/zusammenarbeit\/","url":"https:\/\/sistemakalinka.com\/de\/zusammenarbeit\/","name":"Zusammenarbeit - Sistema Kalinka","isPartOf":{"@id":"https:\/\/sistemakalinka.com\/de\/#website"},"datePublished":"2024-04-30T10:48:10+00:00","dateModified":"2024-04-30T10:48:45+00:00","breadcrumb":{"@id":"https:\/\/sistemakalinka.com\/de\/zusammenarbeit\/#breadcrumb"},"inLanguage":"de","potentialAction":[{"@type":"ReadAction","target":["https:\/\/sistemakalinka.com\/de\/zusammenarbeit\/"]}]},{"@type":"BreadcrumbList","@id":"https:\/\/sistemakalinka.com\/de\/zusammenarbeit\/#breadcrumb","itemListElement":[{"@type":"ListItem","position":1,"name":"Home","item":"https:\/\/sistemakalinka.com\/de\/"},{"@type":"ListItem","position":2,"name":"Zusammenarbeit"}]},{"@type":"WebSite","@id":"https:\/\/sistemakalinka.com\/de\/#website","url":"https:\/\/sistemakalinka.com\/de\/","name":"Sistema Kalinka","description":"Learn Russian with us","potentialAction":[{"@type":"SearchAction","target":{"@type":"EntryPoint","urlTemplate":"https:\/\/sistemakalinka.com\/de\/?s={search_term_string}"},"query-input":{"@type":"PropertyValueSpecification","valueRequired":true,"valueName":"search_term_string"}}],"inLanguage":"de"}]}},"_links":{"self":[{"href":"https:\/\/sistemakalinka.com\/de\/wp-json\/wp\/v2\/pages\/57742","targetHints":{"allow":["GET"]}}],"collection":[{"href":"https:\/\/sistemakalinka.com\/de\/wp-json\/wp\/v2\/pages"}],"about":[{"href":"https:\/\/sistemakalinka.com\/de\/wp-json\/wp\/v2\/types\/page"}],"author":[{"embeddable":true,"href":"https:\/\/sistemakalinka.com\/de\/wp-json\/wp\/v2\/users\/4166"}],"replies":[{"embeddable":true,"href":"https:\/\/sistemakalinka.com\/de\/wp-json\/wp\/v2\/comments?post=57742"}],"version-history":[{"count":1,"href":"https:\/\/sistemakalinka.com\/de\/wp-json\/wp\/v2\/pages\/57742\/revisions"}],"predecessor-version":[{"id":57743,"href":"https:\/\/sistemakalinka.com\/de\/wp-json\/wp\/v2\/pages\/57742\/revisions\/57743"}],"wp:attachment":[{"href":"https:\/\/sistemakalinka.com\/de\/wp-json\/wp\/v2\/media?parent=57742"}],"curies":[{"name":"wp","href":"https:\/\/api.w.org\/{rel}","templated":true}]}}