{"id":28995,"date":"2020-05-25T16:01:49","date_gmt":"2022-08-04T08:52:30","guid":{"rendered":"https:\/\/sistemakalinka.com\/?post_type=product&#038;p=28995"},"modified":"2024-06-04T01:51:46","modified_gmt":"2024-06-03T23:51:46","slug":"intensiv-seminar-zeichensetzung","status":"publish","type":"product","link":"https:\/\/sistemakalinka.com\/de\/produkt\/intensiv-seminar-zeichensetzung\/","title":{"rendered":"Intensiv-Grammatikseminar: Zeichensetzung im Russischen"},"content":{"rendered":"<div class=\"container-fluid\">\r\n   <div class=\"row\">\r\n      <div class=\"col-sm-3 col-xs-12\"><img decoding=\"async\" src=\"\/wp-content\/uploads\/probe-7-tage.png\" class=\"prueba-7-dias-imagen\" \/><\/div>\r\n      <div class=\"prueba-7-dias-texto\">\r\n         <h2>Probier&lsquo;s aus: Video-Seminar 7 Tage lang testen<\/h2>\r\n         <ul class=\"prueba-7-dias-lista\">\r\n            <li>Melde dich zum Grammatikseminar an.<\/li>\r\n            <li>Du kannst das Seminar 7 Tage lang kennenlernen. Wenn du nicht 100%  zufrieden bist&#8230;<\/li>\r\n            <li>&#8230; dann schreibe uns eine E-Mail und wir <span style=\"text-decoration: underline;\">erstatten dir den vollen Kaufpreis zur\u00fcck.<\/span><\/li>\r\n         <\/ul>\r\n      <\/div>\r\n   <\/div>\r\n   <div class=\"row\">\r\n      <div class=\"col-lg-6 col-md-6 col-sm-6 col-xs-12\">\r\n         <h3>Zeichensetzung im Russischen &#8211; Webinar-Inhalt<\/h3>\r\n         <p>Dieses Online-Seminar der Russisch-Expertin Anastasia Chulkova.dauert 75-Minuten. Semionarsprache: Englisch<\/p>\r\n         <ul>\r\n            <li>Einf\u00fchrung: so hei\u00dfen die Satzzeichen auf Russisch Von &#8222;Komma&#8220; bis &#8222;Klammer&#8220;<\/li>\r\n            <li>Der Bindestrich &#8222;\u2500&#8220; im Russischen Wann er gebraucht wird &#8211; und wann nicht.<\/li>\r\n            <li>Zwei wichtige Konzepte f\u00fcr die russische Zeichensetzung: \u043f\u043e\u0434\u043b\u0435\u0436\u0430\u0449\u0435\u0435 (Subjekt) and \u0441\u043a\u0430\u0437\u0443\u0435\u043c\u043e\u0435 (Pr\u00e4dikat).<\/li>\r\n            <li>Alles rund um das wichtigste Satzzeichen: Das Komma.<\/li>\r\n            <li>Verwendung und n\u00fctzliche Hinweise<\/li>\r\n            <li>Praxisteil&nbsp;\u00dcbungen mit Erl\u00e4uterung der L\u00f6sungen durch die Tutorin<\/li>\r\n            <li>Fragen an die Lehrerin<\/li>\r\n         <\/ul>\r\n         <h3>Der Kauf des Webinars beinhaltet:<\/h3>\r\n         <div class=\"mi-cuadro-importante\">\r\n            <ul>\r\n               <li>Zeitlich unbegrenzter Zugang zu den Videos des Seminars<\/li>\r\n               <li>Arbeitsmaterialien mit Tabellen und \u00fcbungen einschlie\u00dflich L\u00f6sungen (PDF).<\/li>\r\n               <li>Ein Jahr lang kannst du per E-Mail Fragen zum Seminar stellen<\/li>\r\n               <li>Teilnahmebescheinigung<\/li>\r\n            <\/ul>\r\n         <\/div>\r\n      <\/div>\r\n      <div class=\"col-lg-6 col-md-6 col-sm-6 col-xs-12\">\r\n         <h3>Ausz\u00fcge aus dem Arbeitsmaterial<\/h3>\r\n         <p class=\"hidden-xs\">M\u00f6chtest du einen Blick in unser Arbeitsmaterial werfen? Zum Vergr\u00f6\u00dfern hier klicken:<\/p>\r\n         <p class=\"hidden-lg hidden-md hidden-sm visible-xs-block\">Ausz\u00fcge aus dem Arbeitsmaterial ansehen:<\/p>\r\n         <div class=\"row mi-galeria-producto\"><a href=\"\/wp-content\/uploads\/webinar-sample_punctuation_01.jpg\" data-fancybox=\"gallery\" title=\"Ausz\u00fcge aus dem Arbeitsmaterial\"><img decoding=\"async\" class=\"col-lg-6 col-md-12 col-sm-12 col-xs-12\" id=\"thumb_296\" src=\"\/wp-content\/uploads\/webinar-sample_punctuation_01.jpg\" alt=\"Ausz\u00fcge aus dem Arbeitsmaterial\" title=\"Ausz\u00fcge aus dem Arbeitsmaterial\" itemprop=\"image\" \/><\/a> <a href=\"\/wp-content\/uploads\/webinar-sample_punctuation_02.jpg\" data-fancybox=\"gallery\" title=\"Ausz\u00fcge aus dem Arbeitsmaterial\"><img decoding=\"async\" class=\"col-lg-6 col-md-12 col-sm-12 col-xs-12\" id=\"thumb_296\" src=\"\/wp-content\/uploads\/webinar-sample_punctuation_02.jpg\" alt=\"Ausz\u00fcge aus dem Arbeitsmaterial\" title=\"Ausz\u00fcge aus dem Arbeitsmaterial\" itemprop=\"image\" \/><\/a><\/div>\r\n      <\/div>\r\n      <div class=\"row\">\r\n         <div class=\"col-xs-12\">\r\n            <h3>Intensiv-Grammatikseminar per Video: Verbessere dein Russisch in 90 Minuten<\/h3>\r\n            <p>M\u00f6chtest du deine Kenntnisse eines konkreten russischen Grammatikthemas mit einem kurzen, kompakten Kurs verbessern? Dann sind unsere 90 min\u00fctigen &#8222;Intensiv-Grammatikseminare&#8220; genau das Richtige. In jedem Video-Seminar erl\u00e4utert unsere <strong>Russischexpertin Anastasia Chulkova einen Aspekt der Grammatik<\/strong> leicht  verst\u00e4ndlich. Sie gibt wertvolle Tipps und beantwortet per E-Mail Fragen. Inklusive \u00dcbungen. UNTERRICHTSSPRACHE: ENGLISCH<\/p><img decoding=\"async\" src=\"\/wp-content\/uploads\/promo-categoria-DE.png\" \/><\/div>\r\n      <\/div>\r\n   <\/div>\r\n<\/div>","protected":false},"excerpt":{"rendered":"<div class=\"container-fluid\">\r\n   <div class=\"row\">\r\n      <div class=\"col-xs-12\">\r\n         <div class=\"mi-cuadro-importante\">Verbessere dein Russisch mit diesem Intensiv-Grammatikseminar.<\/div>\r\n         <p>Dieses Seminar ist <span style=\"color: #d0121a;\"><strong>nur auf Russisch<\/strong><\/span> und eignet sich f\u00fcr Lernende des Niveaus A2-C1. Es dauert 75 Minuten und ist von der Russisch-Expertin Anastasia Chulkova gehalten. Lerne alles Wichtige \u00fcber  <strong>die russische Zeichensetzung<\/strong>:<\/p>\r\n         <ul>\r\n            <li>Die wichtigsten Regeln der Zeichensetzung<\/li>\r\n            <li>Tipps: Das sollte jeder Russischlernende wissen<\/li>\r\n            <li>H\u00e4ufige Fehler bei der Zeichensetzung und deren Korrektur<\/li>\r\n            <li>Viele Beispiele<\/li>\r\n            <li>\u00dcbungen mit Erl\u00e4uterung der L\u00f6sungen durch die Tutorin<\/li>\r\n         <\/ul>\r\n         <div class=\"mi-cuadro-importante\">Das Webinar ist <span style=\"color: #d0121a;\">komplett in leicht verst\u00e4ndlichem Russisch<\/span> gehalten: Verbessere dein H\u00f6rverstehen russischer Erl\u00e4uterungen und lerne neue Grammatik.<\/div>\r\n         <div class=\"mi-cuadro-importante\">Beinhaltet Unterrichtsmaterialien + <strong>zeitlich unbegrenzter Zugang<\/strong> zum Seminarvideo + die M\u00f6glichkeit, ein Jahr lang per E-Mail Fragen dazu zu stellen.<\/div>\r\n         <p><span class=\"mi-cuadro-importante\">Du kannst das Seminar <span style=\"color: #d0121a;\"><strong>7 Tage lang kennenlernen<\/strong>.<\/span> Wenn du nicht 100% zufrieden bist, erstatten wir dir dein Geld zur\u00dcck.<\/span><\/p>\r\n      <\/div>\r\n   <\/div>\r\n<\/div>","protected":false},"featured_media":29690,"comment_status":"open","ping_status":"closed","template":"","meta":[],"product_brand":[],"product_cat":[195],"product_tag":[],"class_list":{"0":"post-28995","1":"product","2":"type-product","3":"status-publish","4":"has-post-thumbnail","6":"product_cat-intensiv-seminare","8":"first","9":"instock","10":"virtual","11":"purchasable","12":"product-type-simple"},"yoast_head":"<!-- This site is optimized with the Yoast SEO plugin v27.5 - https:\/\/yoast.com\/product\/yoast-seo-wordpress\/ -->\n<title>Intensiv-Grammatikseminar: Zeichensetzung im Russischen - Sistema Kalinka<\/title>\n<meta name=\"description\" content=\"In diesem Seminar mit Videos und \u00dcbungen lernst du alles \u00fcber die russische Zeichensetzung: Bindestrich, Komma, Fragezeichen usw.\" \/>\n<meta name=\"robots\" content=\"index, follow, max-snippet:-1, max-image-preview:large, max-video-preview:-1\" \/>\n<link rel=\"canonical\" href=\"https:\/\/sistemakalinka.com\/de\/produkt\/intensiv-seminar-zeichensetzung\/\" \/>\n<meta property=\"og:locale\" content=\"de_DE\" \/>\n<meta property=\"og:type\" content=\"article\" \/>\n<meta property=\"og:title\" content=\"Intensiv-Grammatikseminar: Zeichensetzung im Russischen - Sistema Kalinka\" \/>\n<meta property=\"og:description\" content=\"In diesem Seminar mit Videos und \u00dcbungen lernst du alles \u00fcber die russische Zeichensetzung: Bindestrich, Komma, Fragezeichen usw.\" \/>\n<meta property=\"og:url\" content=\"https:\/\/sistemakalinka.com\/de\/produkt\/intensiv-seminar-zeichensetzung\/\" \/>\n<meta property=\"og:site_name\" content=\"Sistema Kalinka\" \/>\n<meta property=\"article:modified_time\" content=\"2024-06-03T23:51:46+00:00\" \/>\n<meta property=\"og:image\" content=\"https:\/\/sistemakalinka.com\/wp-content\/uploads\/WR_05_DE.jpg\" \/>\n\t<meta property=\"og:image:width\" content=\"800\" \/>\n\t<meta property=\"og:image:height\" content=\"800\" \/>\n\t<meta property=\"og:image:type\" content=\"image\/jpeg\" \/>\n<meta name=\"twitter:card\" content=\"summary_large_image\" \/>\n<meta name=\"twitter:label1\" content=\"Gesch\u00e4tzte Lesezeit\" \/>\n\t<meta name=\"twitter:data1\" content=\"2\u00a0Minuten\" \/>\n<script type=\"application\/ld+json\" class=\"yoast-schema-graph\">{\"@context\":\"https:\\\/\\\/schema.org\",\"@graph\":[{\"@type\":\"WebPage\",\"@id\":\"https:\\\/\\\/sistemakalinka.com\\\/de\\\/produkt\\\/intensiv-seminar-zeichensetzung\\\/\",\"url\":\"https:\\\/\\\/sistemakalinka.com\\\/de\\\/produkt\\\/intensiv-seminar-zeichensetzung\\\/\",\"name\":\"Intensiv-Grammatikseminar: Zeichensetzung im Russischen - Sistema Kalinka\",\"isPartOf\":{\"@id\":\"https:\\\/\\\/sistemakalinka.com\\\/de\\\/#website\"},\"primaryImageOfPage\":{\"@id\":\"https:\\\/\\\/sistemakalinka.com\\\/de\\\/produkt\\\/intensiv-seminar-zeichensetzung\\\/#primaryimage\"},\"image\":{\"@id\":\"https:\\\/\\\/sistemakalinka.com\\\/de\\\/produkt\\\/intensiv-seminar-zeichensetzung\\\/#primaryimage\"},\"thumbnailUrl\":\"https:\\\/\\\/sistemakalinka.com\\\/wp-content\\\/uploads\\\/WR_05_DE.jpg\",\"datePublished\":\"2022-08-04T08:52:30+00:00\",\"dateModified\":\"2024-06-03T23:51:46+00:00\",\"description\":\"In diesem Seminar mit Videos und \u00dcbungen lernst du alles \u00fcber die russische Zeichensetzung: Bindestrich, Komma, Fragezeichen usw.\",\"breadcrumb\":{\"@id\":\"https:\\\/\\\/sistemakalinka.com\\\/de\\\/produkt\\\/intensiv-seminar-zeichensetzung\\\/#breadcrumb\"},\"inLanguage\":\"de\",\"potentialAction\":[{\"@type\":\"ReadAction\",\"target\":[\"https:\\\/\\\/sistemakalinka.com\\\/de\\\/produkt\\\/intensiv-seminar-zeichensetzung\\\/\"]}]},{\"@type\":\"ImageObject\",\"inLanguage\":\"de\",\"@id\":\"https:\\\/\\\/sistemakalinka.com\\\/de\\\/produkt\\\/intensiv-seminar-zeichensetzung\\\/#primaryimage\",\"url\":\"https:\\\/\\\/sistemakalinka.com\\\/wp-content\\\/uploads\\\/WR_05_DE.jpg\",\"contentUrl\":\"https:\\\/\\\/sistemakalinka.com\\\/wp-content\\\/uploads\\\/WR_05_DE.jpg\",\"width\":800,\"height\":800},{\"@type\":\"BreadcrumbList\",\"@id\":\"https:\\\/\\\/sistemakalinka.com\\\/de\\\/produkt\\\/intensiv-seminar-zeichensetzung\\\/#breadcrumb\",\"itemListElement\":[{\"@type\":\"ListItem\",\"position\":1,\"name\":\"Home\",\"item\":\"https:\\\/\\\/sistemakalinka.com\\\/de\\\/\"},{\"@type\":\"ListItem\",\"position\":2,\"name\":\"Shop\",\"item\":\"https:\\\/\\\/sistemakalinka.com\\\/shop\\\/\"},{\"@type\":\"ListItem\",\"position\":3,\"name\":\"Intensiv-Grammatikseminar: Zeichensetzung im Russischen\"}]},{\"@type\":\"WebSite\",\"@id\":\"https:\\\/\\\/sistemakalinka.com\\\/de\\\/#website\",\"url\":\"https:\\\/\\\/sistemakalinka.com\\\/de\\\/\",\"name\":\"Sistema Kalinka\",\"description\":\"Learn Russian with us\",\"potentialAction\":[{\"@type\":\"SearchAction\",\"target\":{\"@type\":\"EntryPoint\",\"urlTemplate\":\"https:\\\/\\\/sistemakalinka.com\\\/de\\\/?s={search_term_string}\"},\"query-input\":{\"@type\":\"PropertyValueSpecification\",\"valueRequired\":true,\"valueName\":\"search_term_string\"}}],\"inLanguage\":\"de\"}]}<\/script>\n<!-- \/ Yoast SEO plugin. -->","yoast_head_json":{"title":"Intensiv-Grammatikseminar: Zeichensetzung im Russischen - Sistema Kalinka","description":"In diesem Seminar mit Videos und \u00dcbungen lernst du alles \u00fcber die russische Zeichensetzung: Bindestrich, Komma, Fragezeichen usw.","robots":{"index":"index","follow":"follow","max-snippet":"max-snippet:-1","max-image-preview":"max-image-preview:large","max-video-preview":"max-video-preview:-1"},"canonical":"https:\/\/sistemakalinka.com\/de\/produkt\/intensiv-seminar-zeichensetzung\/","og_locale":"de_DE","og_type":"article","og_title":"Intensiv-Grammatikseminar: Zeichensetzung im Russischen - Sistema Kalinka","og_description":"In diesem Seminar mit Videos und \u00dcbungen lernst du alles \u00fcber die russische Zeichensetzung: Bindestrich, Komma, Fragezeichen usw.","og_url":"https:\/\/sistemakalinka.com\/de\/produkt\/intensiv-seminar-zeichensetzung\/","og_site_name":"Sistema Kalinka","article_modified_time":"2024-06-03T23:51:46+00:00","og_image":[{"width":800,"height":800,"url":"https:\/\/sistemakalinka.com\/wp-content\/uploads\/WR_05_DE.jpg","type":"image\/jpeg"}],"twitter_card":"summary_large_image","twitter_misc":{"Gesch\u00e4tzte Lesezeit":"2\u00a0Minuten"},"schema":{"@context":"https:\/\/schema.org","@graph":[{"@type":"WebPage","@id":"https:\/\/sistemakalinka.com\/de\/produkt\/intensiv-seminar-zeichensetzung\/","url":"https:\/\/sistemakalinka.com\/de\/produkt\/intensiv-seminar-zeichensetzung\/","name":"Intensiv-Grammatikseminar: Zeichensetzung im Russischen - Sistema Kalinka","isPartOf":{"@id":"https:\/\/sistemakalinka.com\/de\/#website"},"primaryImageOfPage":{"@id":"https:\/\/sistemakalinka.com\/de\/produkt\/intensiv-seminar-zeichensetzung\/#primaryimage"},"image":{"@id":"https:\/\/sistemakalinka.com\/de\/produkt\/intensiv-seminar-zeichensetzung\/#primaryimage"},"thumbnailUrl":"https:\/\/sistemakalinka.com\/wp-content\/uploads\/WR_05_DE.jpg","datePublished":"2022-08-04T08:52:30+00:00","dateModified":"2024-06-03T23:51:46+00:00","description":"In diesem Seminar mit Videos und \u00dcbungen lernst du alles \u00fcber die russische Zeichensetzung: Bindestrich, Komma, Fragezeichen usw.","breadcrumb":{"@id":"https:\/\/sistemakalinka.com\/de\/produkt\/intensiv-seminar-zeichensetzung\/#breadcrumb"},"inLanguage":"de","potentialAction":[{"@type":"ReadAction","target":["https:\/\/sistemakalinka.com\/de\/produkt\/intensiv-seminar-zeichensetzung\/"]}]},{"@type":"ImageObject","inLanguage":"de","@id":"https:\/\/sistemakalinka.com\/de\/produkt\/intensiv-seminar-zeichensetzung\/#primaryimage","url":"https:\/\/sistemakalinka.com\/wp-content\/uploads\/WR_05_DE.jpg","contentUrl":"https:\/\/sistemakalinka.com\/wp-content\/uploads\/WR_05_DE.jpg","width":800,"height":800},{"@type":"BreadcrumbList","@id":"https:\/\/sistemakalinka.com\/de\/produkt\/intensiv-seminar-zeichensetzung\/#breadcrumb","itemListElement":[{"@type":"ListItem","position":1,"name":"Home","item":"https:\/\/sistemakalinka.com\/de\/"},{"@type":"ListItem","position":2,"name":"Shop","item":"https:\/\/sistemakalinka.com\/shop\/"},{"@type":"ListItem","position":3,"name":"Intensiv-Grammatikseminar: Zeichensetzung im Russischen"}]},{"@type":"WebSite","@id":"https:\/\/sistemakalinka.com\/de\/#website","url":"https:\/\/sistemakalinka.com\/de\/","name":"Sistema Kalinka","description":"Learn Russian with us","potentialAction":[{"@type":"SearchAction","target":{"@type":"EntryPoint","urlTemplate":"https:\/\/sistemakalinka.com\/de\/?s={search_term_string}"},"query-input":{"@type":"PropertyValueSpecification","valueRequired":true,"valueName":"search_term_string"}}],"inLanguage":"de"}]}},"_links":{"self":[{"href":"https:\/\/sistemakalinka.com\/de\/wp-json\/wp\/v2\/product\/28995","targetHints":{"allow":["GET"]}}],"collection":[{"href":"https:\/\/sistemakalinka.com\/de\/wp-json\/wp\/v2\/product"}],"about":[{"href":"https:\/\/sistemakalinka.com\/de\/wp-json\/wp\/v2\/types\/product"}],"replies":[{"embeddable":true,"href":"https:\/\/sistemakalinka.com\/de\/wp-json\/wp\/v2\/comments?post=28995"}],"wp:featuredmedia":[{"embeddable":true,"href":"https:\/\/sistemakalinka.com\/de\/wp-json\/wp\/v2\/media\/29690"}],"wp:attachment":[{"href":"https:\/\/sistemakalinka.com\/de\/wp-json\/wp\/v2\/media?parent=28995"}],"wp:term":[{"taxonomy":"product_brand","embeddable":true,"href":"https:\/\/sistemakalinka.com\/de\/wp-json\/wp\/v2\/product_brand?post=28995"},{"taxonomy":"product_cat","embeddable":true,"href":"https:\/\/sistemakalinka.com\/de\/wp-json\/wp\/v2\/product_cat?post=28995"},{"taxonomy":"product_tag","embeddable":true,"href":"https:\/\/sistemakalinka.com\/de\/wp-json\/wp\/v2\/product_tag?post=28995"}],"curies":[{"name":"wp","href":"https:\/\/api.w.org\/{rel}","templated":true}]}}