{"id":29001,"date":"2020-05-20T17:23:27","date_gmt":"2022-08-04T11:15:05","guid":{"rendered":"https:\/\/sistemakalinka.com\/?post_type=product&#038;p=29001"},"modified":"2026-05-07T17:22:56","modified_gmt":"2026-05-07T15:22:56","slug":"online-russischuebungen","status":"publish","type":"product","link":"https:\/\/sistemakalinka.com\/de\/produkt\/online-russischuebungen\/","title":{"rendered":"Online-Russisch\u00fcbungen: \u00dcber 7000 abwechlungsreiche \u00dcbungsaufgaben"},"content":{"rendered":"<!-- AVISO IDIOMA -->\r\n<div class=\"container-fluid\">\r\n\t<div class=\"row\">\r\n\t\t<div class=\"col-xs-12\">\r\n\t\t\t<p style=\"background: #fdda1e; padding: 0.5em; border-radius: 5px; text-align: center; border: solid 2px #ef994d; font-size: 1.5em\">Die Aufgaben der Online-\u00dcbungen sind auf <strong>Englisch<\/strong> gestellt. Die Vokabeln sowie das Material f\u00fcr H\u00f6r- und Leseverstehen sind auf <strong>Russisch<\/strong>. \r\n\t\t\t<\/p>\r\n\t\t<\/div>\r\n\t<\/div>\r\n<\/div>\r\n<!-- FIN AVISO IDIOMA -->\r\n<div class=\"container-fluid\">\r\n   <div class=\"row\">\r\n      <div class=\"col-xs-12\">\r\n         <h2>Wie genau funktionieren die Online-\u00dcbungen?<\/h2>\r\n         <p>Ganz einfach: Du erh\u00e4ltst Zugang zu Tausenden von \u00dcbungsaufgaben, sortiert nach Schwierigkeitsstufe und Themengebiet. Nach der Anmeldung senden wir dir die Zugangsdaten per E-Mail zu. Du wirst dich einfach im Campus zurechtfinden:<\/p>\r\n         <h3>1.  W\u00e4hle das gew\u00fcnschte Niveau und was du \u00fcben m\u00f6chtest.<\/h3>\r\n         <p>Die \u00dcbungen sind mittels eines einfachen Men\u00fcs \u00fcbersichtlich sortiert. Suche dir eine Schwierigskeitsstufe (Anf\u00e4nger, Mittelstufe oder Fortgeschrittene) und ein Themengebiet (Wortschatz, Verben der Bewegung, F\u00e4lle, Diktat, H\u00f6rverstehen, Schreiben) aus. In der folgenden Abbildung siehst den Aufbau des Men\u00fcs.<\/p>\r\n         <p><img decoding=\"async\" src=\"\/wp-content\/uploads\/exercises-online-execises-01.jpg\" alt=\"Online-Russisch\u00fcbungen\" \/><\/p>\r\n         <h3>2. Du erh\u00e4ltst Zugang zu vielen verschiedenen \u00dcbungen<\/h3>\r\n         <p>Beim Lernen ist Abwechslung wichtig, damit man am Ball bleibt. \u00dcbungskategorien:<\/p>\r\n         <ul>\r\n            <li>Audio\u00fcbungen &#8211; H\u00f6rverstehen: Beantworte Fragen zum Geh\u00f6rten<\/li>\r\n            <li>Diktate (Rechtschreib\u00fcbung)<\/li>\r\n            <li>Lese\u00fcbungen &#8211; Textverst\u00e4ndnis: Lies einen kurzen Text und beantworte Fragen dazu.<\/li>\r\n            <li>Schreib\u00fcbungen: Russische Vokabeln oder \u00dcbersetzungen schreiben, Satzteile in den richtigen Fall setzen, Verben konjugieren, uvm.<\/li>\r\n            <li>&#8222;Wahr oder falsch&#8220; Fragen, Multiple Choice, ..<\/li>\r\n         <\/ul>\r\n         <p>In der Abbildung siehst du einen kleine Auswahl unseres riesigen Pools an \u00dcbungen.<\/p>\r\n         <p><img decoding=\"async\" src=\"\/wp-content\/uploads\/exercises-online-execises-02.jpg\" alt=\"Online-Russisch\u00fcbungen\" width=\"600\" \/><\/p>\r\n         <h3>3. Behalte deinen Fortschritt im Blick.<\/h3>\r\n         <p>Deinen aktuellen Stand zeigt dir die Fortschrittsanzeige. Hier kannst du sehen, welche \u00dcbung du bereits erfolgreich absolviert hast, welche du noch einmal wiederholen solltest und welche du noch nicht gemacht hast. So verbesserst du messbar dein Russisch.<\/p>\r\n         <p><img decoding=\"async\" src=\"\/wp-content\/uploads\/exercises-online-execises-03.jpg\" alt=\"Online-Russisch\u00fcbungen\" width=\"359\" \/><\/p>\r\n         <h3>Wie zahle ich f\u00fcr die \u00dcbungen?<\/h3>\r\n         <p>Du erh\u00e4ltst Zugang zu den \u00dcbungen mit dem &#8222;Monatsabo Online-Russisch\u00fcbungen&#8220; (den &#8222;Abonnieren&#8220;-Knopf findest du weiter oben auf dieser Seite). Du kannst dieses Abo jederzeit k\u00fcndigen. Damit kannst du jederzeit alle \u00dcbungen machen. Tausende von Fragen, sortiert nach Niveau und Themengebiet.<\/p>\r\n         <p>Du kannst die \u00dcbungen <span style=\"color: #d0121a;\"><strong>7 Tage lang kennenlernen<\/strong>.<\/span> Wenn du nicht 100% zufrieden bist, erstatten wir dir dein Geld, d.h. die Kursgeb\u00fchr f\u00fcr den ersten Monat, zur\u00fcck. Das Abo l\u00e4sst sich wie gesagt jederzeit per E-Mail k\u00fcndigen.<\/p>\r\n         <h3>Wann wird die monatliche Geb\u00fchr abgebucht?<\/h3>\r\n         <p>Die Geb\u00fchr wird automatisch jeden Monat am gleichen Tag abgebucht. Wenn du das Abonnement z.B. am 8. M\u00e4rz begonnen hast, wird die n\u00e4chste Monatsgeb\u00fchr am 8. April, die darauffolgende am 8. Mai usw. abgebucht.<\/p>\r\n         <h3>Wie kann ich mein Abo k\u00fcndigen?<\/h3>\r\n         <p>Du kannst dieses Abo jederzeit k\u00fcndigen, indem du uns eine kurze E-Mail schreibst (die E-Mail-Adresse erh\u00e4lst du zu Beginn des Abos) oder du es bei Zahlung per Paypal selbst in deinem Paypal Account k\u00fcndigst. Nach der K\u00fcndigung hast du noch bis zu dem Tag Zugang, an dem die n\u00e4chste Monatsgeb\u00fchr f\u00e4llig gewesen w\u00e4re.  Beispiel: Wenn deine n\u00e4chste Abbuchung am 8. November w\u00e4re, du jedoch am 24. Oktober k\u00fcndigst, dann hast du noch bis zum 8. November Zugang. Ab dem Tag hast du keinen Zugang mehr und zahlst auch nichts mehr.<\/p>\r\n      <\/div>\r\n   <\/div>\r\n<\/div>","protected":false},"excerpt":{"rendered":"<div class=\"container-fluid\">\r\n   <div class=\"row\">\r\n      <div class=\"col-xs-12\">\r\n         <p>Trainiere dein Russisch mit unseren Online\u00fcbungen! Mit einem g\u00fcnstigen Monatsabo (weniger als 2 Euro pro Woche) erh\u00e4ltst du Zugang zu unserem \u00dcbungscampus:<\/p>\r\n         <ul>\r\n            <li><strong>\u00dcber 7.000 Aufgaben<\/strong>&nbsp;aus verschiedenen Bereichen und f\u00fcr verschiedene Niveaus.<\/li>\r\n            <li><strong>Zugang zu allen Niveaus:<\/strong>&nbsp;Anf\u00e4nger, Mittelstufe, Fortgeschrittene<\/li>\r\n            <li><strong>Welche Art von \u00dcbung willst du heute machen?<\/strong>&nbsp;Diktat, Bilder benennen, H\u00f6rverstehen, Schreiben,&#8230;<\/li>\r\n            <li><strong>Sofortige Aufl\u00f6sung<\/strong>&nbsp;dir wird angezeigt, ob du richtig gelegen hast&nbsp;<\/li>\r\n            <li><strong>Fortschrittsanzeige<\/strong>&nbsp;\u00dcbersicht, wie du bei welcher \u00dcbung abgeschnitten hast.<\/li>\r\n            <li><strong>Pr\u00fcfungsgenerator<\/strong>&nbsp;W\u00e4hle dein Niveau und die Anzahl der Fragen. Es wird automatisch ein Test mit verschiedenen Fragen generiert (Grammatik, Vokabeln, Diktat,  Wort-Bild-\u00dcbungen usw.)<\/li>\r\n         <\/ul>\r\n         <p><span class=\"mi-cuadro-importante\">Du kannst die \u00dcbungen <span style=\"color: #d0121a;\"><strong>7 Tage lang kennenlernen<\/strong>.<\/span> Wenn du nicht 100%  zufrieden bist, erstatten wir dir dein Geld zur\u00fcck.<\/span><\/p>\r\n      <\/div>\r\n   <\/div>\r\n   <div class=\"row\">\r\n      <div class=\"col-xs-12\">\r\n         <h3>Das Abo<\/h3>\r\n         <p>Klick auf &bdquo;Abonnieren&ldquo; und zahle die Kursgeb\u00fchr f\u00fcr den ersten Monat. Anschlie\u00dfend werden von deinem Paypalkonto oder deiner Kreditkarte jeden Monat automatisch 7,90 Euro abgebucht. Du kannst dieses Abo jederzeit per E-Mail k\u00fcndigen.<\/p>\r\n      <\/div>\r\n   <\/div>\r\n<\/div>","protected":false},"featured_media":26438,"comment_status":"open","ping_status":"closed","template":"","meta":[],"product_brand":[],"product_cat":[198],"product_tag":[],"class_list":{"0":"post-29001","1":"product","2":"type-product","3":"status-publish","4":"has-post-thumbnail","6":"product_cat-online-uebungen","8":"first","9":"instock","10":"virtual","11":"purchasable","12":"product-type-subscription"},"yoast_head":"<!-- This site is optimized with the Yoast SEO plugin v27.5 - https:\/\/yoast.com\/product\/yoast-seo-wordpress\/ -->\n<title>Online-Russisch\u00fcbungen: \u00dcber 7000 abwechlungsreiche \u00dcbungsaufgaben - Sistema Kalinka<\/title>\n<meta name=\"description\" content=\"Online-Russisch\u00fcbungen, sortiert nach Schwierigskeitsstufe und Thema: H\u00f6rverstehen, F\u00e4lle, Verben der Bewegung, Grammatik\u00fcbungen, L\u00fcckentexte, Textverstehen\" \/>\n<meta name=\"robots\" content=\"index, follow, max-snippet:-1, max-image-preview:large, max-video-preview:-1\" \/>\n<link rel=\"canonical\" href=\"https:\/\/sistemakalinka.com\/de\/produkt\/online-russischuebungen\/\" \/>\n<meta property=\"og:locale\" content=\"de_DE\" \/>\n<meta property=\"og:type\" content=\"article\" \/>\n<meta property=\"og:title\" content=\"Online-Russisch\u00fcbungen: \u00dcber 7000 abwechlungsreiche \u00dcbungsaufgaben - Sistema Kalinka\" \/>\n<meta property=\"og:description\" content=\"Online-Russisch\u00fcbungen, sortiert nach Schwierigskeitsstufe und Thema: H\u00f6rverstehen, F\u00e4lle, Verben der Bewegung, Grammatik\u00fcbungen, L\u00fcckentexte, Textverstehen\" \/>\n<meta property=\"og:url\" content=\"https:\/\/sistemakalinka.com\/de\/produkt\/online-russischuebungen\/\" \/>\n<meta property=\"og:site_name\" content=\"Sistema Kalinka\" \/>\n<meta property=\"article:modified_time\" content=\"2026-05-07T15:22:56+00:00\" \/>\n<meta property=\"og:image\" content=\"https:\/\/sistemakalinka.com\/wp-content\/uploads\/EXE_01-russian-online-exercises.jpg\" \/>\n\t<meta property=\"og:image:width\" content=\"458\" \/>\n\t<meta property=\"og:image:height\" content=\"458\" \/>\n\t<meta property=\"og:image:type\" content=\"image\/jpeg\" \/>\n<meta name=\"twitter:card\" content=\"summary_large_image\" \/>\n<meta name=\"twitter:label1\" content=\"Gesch\u00e4tzte Lesezeit\" \/>\n\t<meta name=\"twitter:data1\" content=\"3\u00a0Minuten\" \/>\n<script type=\"application\/ld+json\" class=\"yoast-schema-graph\">{\"@context\":\"https:\\\/\\\/schema.org\",\"@graph\":[{\"@type\":\"WebPage\",\"@id\":\"https:\\\/\\\/sistemakalinka.com\\\/de\\\/produkt\\\/online-russischuebungen\\\/\",\"url\":\"https:\\\/\\\/sistemakalinka.com\\\/de\\\/produkt\\\/online-russischuebungen\\\/\",\"name\":\"Online-Russisch\u00fcbungen: \u00dcber 7000 abwechlungsreiche \u00dcbungsaufgaben - Sistema Kalinka\",\"isPartOf\":{\"@id\":\"https:\\\/\\\/sistemakalinka.com\\\/de\\\/#website\"},\"primaryImageOfPage\":{\"@id\":\"https:\\\/\\\/sistemakalinka.com\\\/de\\\/produkt\\\/online-russischuebungen\\\/#primaryimage\"},\"image\":{\"@id\":\"https:\\\/\\\/sistemakalinka.com\\\/de\\\/produkt\\\/online-russischuebungen\\\/#primaryimage\"},\"thumbnailUrl\":\"https:\\\/\\\/sistemakalinka.com\\\/wp-content\\\/uploads\\\/EXE_01-russian-online-exercises.jpg\",\"datePublished\":\"2022-08-04T11:15:05+00:00\",\"dateModified\":\"2026-05-07T15:22:56+00:00\",\"description\":\"Online-Russisch\u00fcbungen, sortiert nach Schwierigskeitsstufe und Thema: H\u00f6rverstehen, F\u00e4lle, Verben der Bewegung, Grammatik\u00fcbungen, L\u00fcckentexte, Textverstehen\",\"breadcrumb\":{\"@id\":\"https:\\\/\\\/sistemakalinka.com\\\/de\\\/produkt\\\/online-russischuebungen\\\/#breadcrumb\"},\"inLanguage\":\"de\",\"potentialAction\":[{\"@type\":\"ReadAction\",\"target\":[\"https:\\\/\\\/sistemakalinka.com\\\/de\\\/produkt\\\/online-russischuebungen\\\/\"]}]},{\"@type\":\"ImageObject\",\"inLanguage\":\"de\",\"@id\":\"https:\\\/\\\/sistemakalinka.com\\\/de\\\/produkt\\\/online-russischuebungen\\\/#primaryimage\",\"url\":\"https:\\\/\\\/sistemakalinka.com\\\/wp-content\\\/uploads\\\/EXE_01-russian-online-exercises.jpg\",\"contentUrl\":\"https:\\\/\\\/sistemakalinka.com\\\/wp-content\\\/uploads\\\/EXE_01-russian-online-exercises.jpg\",\"width\":458,\"height\":458},{\"@type\":\"BreadcrumbList\",\"@id\":\"https:\\\/\\\/sistemakalinka.com\\\/de\\\/produkt\\\/online-russischuebungen\\\/#breadcrumb\",\"itemListElement\":[{\"@type\":\"ListItem\",\"position\":1,\"name\":\"Home\",\"item\":\"https:\\\/\\\/sistemakalinka.com\\\/de\\\/\"},{\"@type\":\"ListItem\",\"position\":2,\"name\":\"Shop\",\"item\":\"https:\\\/\\\/sistemakalinka.com\\\/shop\\\/\"},{\"@type\":\"ListItem\",\"position\":3,\"name\":\"Online-Russisch\u00fcbungen: \u00dcber 7000 abwechlungsreiche \u00dcbungsaufgaben\"}]},{\"@type\":\"WebSite\",\"@id\":\"https:\\\/\\\/sistemakalinka.com\\\/de\\\/#website\",\"url\":\"https:\\\/\\\/sistemakalinka.com\\\/de\\\/\",\"name\":\"Sistema Kalinka\",\"description\":\"Learn Russian with us\",\"potentialAction\":[{\"@type\":\"SearchAction\",\"target\":{\"@type\":\"EntryPoint\",\"urlTemplate\":\"https:\\\/\\\/sistemakalinka.com\\\/de\\\/?s={search_term_string}\"},\"query-input\":{\"@type\":\"PropertyValueSpecification\",\"valueRequired\":true,\"valueName\":\"search_term_string\"}}],\"inLanguage\":\"de\"}]}<\/script>\n<!-- \/ Yoast SEO plugin. -->","yoast_head_json":{"title":"Online-Russisch\u00fcbungen: \u00dcber 7000 abwechlungsreiche \u00dcbungsaufgaben - Sistema Kalinka","description":"Online-Russisch\u00fcbungen, sortiert nach Schwierigskeitsstufe und Thema: H\u00f6rverstehen, F\u00e4lle, Verben der Bewegung, Grammatik\u00fcbungen, L\u00fcckentexte, Textverstehen","robots":{"index":"index","follow":"follow","max-snippet":"max-snippet:-1","max-image-preview":"max-image-preview:large","max-video-preview":"max-video-preview:-1"},"canonical":"https:\/\/sistemakalinka.com\/de\/produkt\/online-russischuebungen\/","og_locale":"de_DE","og_type":"article","og_title":"Online-Russisch\u00fcbungen: \u00dcber 7000 abwechlungsreiche \u00dcbungsaufgaben - Sistema Kalinka","og_description":"Online-Russisch\u00fcbungen, sortiert nach Schwierigskeitsstufe und Thema: H\u00f6rverstehen, F\u00e4lle, Verben der Bewegung, Grammatik\u00fcbungen, L\u00fcckentexte, Textverstehen","og_url":"https:\/\/sistemakalinka.com\/de\/produkt\/online-russischuebungen\/","og_site_name":"Sistema Kalinka","article_modified_time":"2026-05-07T15:22:56+00:00","og_image":[{"width":458,"height":458,"url":"https:\/\/sistemakalinka.com\/wp-content\/uploads\/EXE_01-russian-online-exercises.jpg","type":"image\/jpeg"}],"twitter_card":"summary_large_image","twitter_misc":{"Gesch\u00e4tzte Lesezeit":"3\u00a0Minuten"},"schema":{"@context":"https:\/\/schema.org","@graph":[{"@type":"WebPage","@id":"https:\/\/sistemakalinka.com\/de\/produkt\/online-russischuebungen\/","url":"https:\/\/sistemakalinka.com\/de\/produkt\/online-russischuebungen\/","name":"Online-Russisch\u00fcbungen: \u00dcber 7000 abwechlungsreiche \u00dcbungsaufgaben - Sistema Kalinka","isPartOf":{"@id":"https:\/\/sistemakalinka.com\/de\/#website"},"primaryImageOfPage":{"@id":"https:\/\/sistemakalinka.com\/de\/produkt\/online-russischuebungen\/#primaryimage"},"image":{"@id":"https:\/\/sistemakalinka.com\/de\/produkt\/online-russischuebungen\/#primaryimage"},"thumbnailUrl":"https:\/\/sistemakalinka.com\/wp-content\/uploads\/EXE_01-russian-online-exercises.jpg","datePublished":"2022-08-04T11:15:05+00:00","dateModified":"2026-05-07T15:22:56+00:00","description":"Online-Russisch\u00fcbungen, sortiert nach Schwierigskeitsstufe und Thema: H\u00f6rverstehen, F\u00e4lle, Verben der Bewegung, Grammatik\u00fcbungen, L\u00fcckentexte, Textverstehen","breadcrumb":{"@id":"https:\/\/sistemakalinka.com\/de\/produkt\/online-russischuebungen\/#breadcrumb"},"inLanguage":"de","potentialAction":[{"@type":"ReadAction","target":["https:\/\/sistemakalinka.com\/de\/produkt\/online-russischuebungen\/"]}]},{"@type":"ImageObject","inLanguage":"de","@id":"https:\/\/sistemakalinka.com\/de\/produkt\/online-russischuebungen\/#primaryimage","url":"https:\/\/sistemakalinka.com\/wp-content\/uploads\/EXE_01-russian-online-exercises.jpg","contentUrl":"https:\/\/sistemakalinka.com\/wp-content\/uploads\/EXE_01-russian-online-exercises.jpg","width":458,"height":458},{"@type":"BreadcrumbList","@id":"https:\/\/sistemakalinka.com\/de\/produkt\/online-russischuebungen\/#breadcrumb","itemListElement":[{"@type":"ListItem","position":1,"name":"Home","item":"https:\/\/sistemakalinka.com\/de\/"},{"@type":"ListItem","position":2,"name":"Shop","item":"https:\/\/sistemakalinka.com\/shop\/"},{"@type":"ListItem","position":3,"name":"Online-Russisch\u00fcbungen: \u00dcber 7000 abwechlungsreiche \u00dcbungsaufgaben"}]},{"@type":"WebSite","@id":"https:\/\/sistemakalinka.com\/de\/#website","url":"https:\/\/sistemakalinka.com\/de\/","name":"Sistema Kalinka","description":"Learn Russian with us","potentialAction":[{"@type":"SearchAction","target":{"@type":"EntryPoint","urlTemplate":"https:\/\/sistemakalinka.com\/de\/?s={search_term_string}"},"query-input":{"@type":"PropertyValueSpecification","valueRequired":true,"valueName":"search_term_string"}}],"inLanguage":"de"}]}},"_links":{"self":[{"href":"https:\/\/sistemakalinka.com\/de\/wp-json\/wp\/v2\/product\/29001","targetHints":{"allow":["GET"]}}],"collection":[{"href":"https:\/\/sistemakalinka.com\/de\/wp-json\/wp\/v2\/product"}],"about":[{"href":"https:\/\/sistemakalinka.com\/de\/wp-json\/wp\/v2\/types\/product"}],"replies":[{"embeddable":true,"href":"https:\/\/sistemakalinka.com\/de\/wp-json\/wp\/v2\/comments?post=29001"}],"wp:featuredmedia":[{"embeddable":true,"href":"https:\/\/sistemakalinka.com\/de\/wp-json\/wp\/v2\/media\/26438"}],"wp:attachment":[{"href":"https:\/\/sistemakalinka.com\/de\/wp-json\/wp\/v2\/media?parent=29001"}],"wp:term":[{"taxonomy":"product_brand","embeddable":true,"href":"https:\/\/sistemakalinka.com\/de\/wp-json\/wp\/v2\/product_brand?post=29001"},{"taxonomy":"product_cat","embeddable":true,"href":"https:\/\/sistemakalinka.com\/de\/wp-json\/wp\/v2\/product_cat?post=29001"},{"taxonomy":"product_tag","embeddable":true,"href":"https:\/\/sistemakalinka.com\/de\/wp-json\/wp\/v2\/product_tag?post=29001"}],"curies":[{"name":"wp","href":"https:\/\/api.w.org\/{rel}","templated":true}]}}