{"id":29393,"date":"2020-05-22T13:27:37","date_gmt":"2022-08-12T11:14:21","guid":{"rendered":"https:\/\/sistemakalinka.com\/?post_type=product&#038;p=29393"},"modified":"2026-03-29T18:06:33","modified_gmt":"2026-03-29T16:06:33","slug":"20-stunden-russisch-einzelunterricht","status":"publish","type":"product","link":"https:\/\/sistemakalinka.com\/de\/produkt\/20-stunden-russisch-einzelunterricht\/","title":{"rendered":"20 Stunden Russisch-Einzelunterricht"},"content":{"rendered":"<!-- AVISO IDIOMA -->\r\n<div class=\"container-fluid\">\r\n   <div class=\"row\">\r\n      <div class=\"col-xs-12\">\r\n         <p style=\"background: #fdda1e; padding: 0.5em; border-radius: 5px; text-align: center; border: solid 2px #ef994d; font-size: 1.5em\">Die Unterrichtssprache in den Russischstunden ist <strong>Englisch<\/strong>. <br>Das Lehrmaterial ist ausschlie\u00dflich in <strong>Russisch<\/strong>. \r\n         <\/p>\r\n      <\/div>\r\n   <\/div>\r\n<\/div>\r\n<!-- FIN AVISO IDIOMA -->\r\n<div class=\"container-fluid\">\r\n<div class=\"row\">\r\n<div class=\"col-xs-12\">\r\n<h2>Aufbau des Unterrichts<\/h2>\r\n<p>Jede Unterrichtsstunde dauert 50 Minuten. Inhalt: Wortschatz, Arbeit mit Texten, freies Sprechen, Erl\u00e4uterungen der Grammatik, \u00dcbungen &#8211; angepasst an dein individuelles Niveau. Deine Lehrerin richtet sich bei der Unterrichtsplanung nach deinen Lernzielen und Interessen. <br \/><br \/><\/p>\r\n<h2>Unsere Lehrkr\u00e4fte<\/h2>\r\n<p>Bei Sistema Kalinka unterrichten ausschlie\u00dflich muttersprachliche Russischlehrer\/innen mit mehrj\u00e4hriger Erfahrung. Du bist von Anfang an bei <i>einer<\/i> Lehrerin; sie begleitet dich in deinem Lernprozess. Es gibt keinen festgelegten Stundenplan &#8211; du machst die Termine mit deiner Lehrerin aus. Das bedeutet:<\/p>\r\n<ul class=\"square\">\r\n   <li>Du w\u00e4hlst die Uhrzeit<\/li>\r\n   <li>Du w\u00e4hlst den Wochentag<\/li>\r\n   <li>Du entscheidest, wie oft (1x pro Woche, 2x pro Woche, t\u00e4glich)<\/li>\r\n<\/ul>\r\n<p><img decoding=\"async\" src=\"\/wp-content\/uploads\/skype-team-red-kalinka.jpg\" alt=\"Muttersprachliche Russisch-Lehrkr\u00e4fte von Sistema Kalinka\" width=\"600\" \/><\/p>\r\n<h2>Hervorragendes Unterichtsmaterial mit Audio<\/h2>\r\n<p>Auf der Grundlage von 100.000 Stunden Erfahrung mit Einzelunterricht haben wir die Lernmethode <strong>&#8222;Red Kalinka&#8220;<\/strong> entwickelt. Vor jeder Stunde erh\u00e4ltst du das Lehrmaterial einschlie\u00dflich der H\u00f6rtexte per E-Mail. Hier kannst du in unser Material reinh\u00f6ren und reinlesen:<\/p>\r\n\r\n   <\/div>\r\n<\/div>\r\n<div class=\"row\">\r\n\r\n      <div class=\"col-lg-6 col-md-6 col-sm-6 col-xs-12\">\r\n         <p>Hier kannst du einen Beispiel-Dialog anh\u00f6ren:<\/p>\r\n         <p>\r\n            <audio style=\"color: #95b9c7;\" controls=\"controls\"><source src=\"\/wp-content\/uploads\/skype-demo-audio-01.mp3\" type=\"audio\/mpeg\">Ihr Browser unterst\u00fctzt das Audioelement nicht.<\/audio>\r\n         <\/p>\r\n         <p>Beispiel eines Vokabelteils anh\u00f6ren:<\/p>\r\n         <p>\r\n            <audio style=\"color: #95b9c7;\" controls=\"controls\"><source src=\"\/wp-content\/uploads\/skype-demo-audio-02.mp3\" type=\"audio\/mpeg\">Ihr Browser unterst\u00fctzt das Audioelement nicht.<\/audio>\r\n         <\/p>\r\n         <p>Beispiel eines Textes anh\u00f6ren:<\/p>\r\n         <p>\r\n            <audio style=\"color: #95b9c7;\" controls=\"controls\"><source src=\"\/wp-content\/uploads\/skype-demo-audio-03.mp3\" type=\"audio\/mpeg\">Ihr Browser unterst\u00fctzt das Audioelement nicht.<\/audio>\r\n         <\/p>\r\n      <\/div>\r\n      <div class=\"col-lg-6 col-md-6 col-sm-6 col-xs-12\">\r\n         <p class=\"hidden-xs\">Hier kannst du einen Auszug des Materials f\u00fcr Anf\u00e4nger lesen.<br> Zum Vergr\u00f6\u00dfern hier klicken:<\/p>\r\n         <p class=\"hidden-lg hidden-md hidden-sm visible-xs-block\">Hier kannst du einen Auszug des Materials f\u00fcr Anf\u00e4nger lesen:<\/p>\r\n         <div class=\"row mi-galeria-producto\"><a href=\"\/wp-content\/uploads\/skype-demo-material-01.jpg\" data-fancybox=\"gallery\" title=\"Auszug aus dem Unterichtsmaterial \"><img decoding=\"async\" class=\"col-lg-6 col-md-12 col-sm-12 col-xs-12\" id=\"thumb_296\" src=\"\/wp-content\/uploads\/skype-demo-material-01.jpg\" alt=\"Auszug aus dem Unterichtsmaterial\" title=\"Auszug aus dem Unterichtsmaterial\" itemprop=\"image\" \/><\/a> <a href=\"\/wp-content\/uploads\/skype-demo-material-02.jpg\" data-fancybox=\"gallery\" title=\"Auszug aus dem Unterichtsmaterial\"><img decoding=\"async\" class=\"col-lg-6 col-md-12 col-sm-12 col-xs-12\" id=\"thumb_296\" src=\"\/wp-content\/uploads\/skype-demo-material-02.jpg\" alt=\"Auszug aus dem Unterichtsmaterial\" title=\"Auszug aus dem Unterichtsmaterial\" itemprop=\"image\" \/><\/a> <a href=\"\/wp-content\/uploads\/skype-demo-material-03.jpg\" data-fancybox=\"gallery\" title=\"Auszug aus dem Unterichtsmaterial\"><img decoding=\"async\" class=\"col-lg-6 col-md-12 col-sm-12 col-xs-12\" id=\"thumb_296\" src=\"\/wp-content\/uploads\/skype-demo-material-03.jpg\" alt=\"Auszug aus dem Unterichtsmaterial\" title=\"Auszug aus dem Unterichtsmaterial\" itemprop=\"image\" \/><\/a> <a href=\"\/wp-content\/uploads\/skype-demo-material-04.jpg\" data-fancybox=\"gallery\" title=\"Auszug aus dem Unterichtsmaterial\"><img decoding=\"async\" class=\"col-lg-6 col-md-12 col-sm-12 col-xs-12\" id=\"thumb_296\" src=\"\/wp-content\/uploads\/skype-demo-material-04.jpg\" alt=\"Auszug aus dem Unterichtsmaterial\" title=\"Auszug aus dem Unterichtsmaterial\" itemprop=\"image\" \/><\/a><\/div>\r\n   <\/div>\r\n\r\n   <\/div>\r\n   <div class=\"row\">\r\n      <div class=\"col-xs-12\">\r\n         <h2>Software<\/h2>\r\n         <p>Technische Vorraussetzungen: Internetzugang, Webcam und Mikrofon (z.B. Headset). Du brauchst kein bestimmtes Programm zu installieren. Vor jeder Stunde erh\u00e4lst du per Email einen Zugangs-Link. Diesen brauchst du nur anzuklicken, und schon kann deine Unterrichtsstunde beginnen.<\/p>\r\n      <\/div>\r\n   <\/div>\r\n<\/div>","protected":false},"excerpt":{"rendered":"<div class=\"container-fluid\">\r\n   <div class=\"row\">\r\n      <div class=\"col-xs-12\">\r\n         <p>Lerne Russisch im Online-Einzelunterricht. Eine erfahrene Lehrerin begleitet deinen Lernprozess vom ersten Tag an.&nbsp;Komm zur weltweit gr\u00f6\u00dften Russischschule!<\/p>\r\n         <ul class=\"square\">\r\n            <li>Wir haben \u00fcber 100.000 Stunden Unterrichtserfahrung<\/li>\r\n            <li>Unsere Sch\u00fcler sind in \u00fcber 90 L\u00e4ndern<\/li>\r\n            <li>Lerne von zu Hause aus mit einer didaktisch versierten Muttersprachlerin<\/li>\r\n            <li>Hervorragendes Unterrichtsmaterial mit Audio (Lehrbuchreihe Sistema Kalinka).<\/li>\r\n         <\/ul>\r\n      <\/div>\r\n   <\/div>\r\n<\/div>","protected":false},"featured_media":26463,"comment_status":"open","ping_status":"closed","template":"","meta":[],"product_brand":[],"product_cat":[196],"product_tag":[],"class_list":{"0":"post-29393","1":"product","2":"type-product","3":"status-publish","4":"has-post-thumbnail","6":"product_cat-einzelunterricht","8":"first","9":"instock","10":"virtual","11":"purchasable","12":"product-type-simple"},"yoast_head":"<!-- This site is optimized with the Yoast SEO plugin v27.5 - https:\/\/yoast.com\/product\/yoast-seo-wordpress\/ -->\n<title>20 Stunden Russisch-Einzelunterricht - Sistema Kalinka<\/title>\n<meta name=\"description\" content=\"Lerne Russisch im Eins-zu-Eins-Unterricht mit einer erfahrenen Lehrerin flexibel online. Arbeit mit Texten, bessere Aussprache, freies Sprechen, \u00dcben uvm.\" \/>\n<meta name=\"robots\" content=\"index, follow, max-snippet:-1, max-image-preview:large, max-video-preview:-1\" \/>\n<link rel=\"canonical\" href=\"https:\/\/sistemakalinka.com\/de\/produkt\/20-stunden-russisch-einzelunterricht\/\" \/>\n<meta property=\"og:locale\" content=\"de_DE\" \/>\n<meta property=\"og:type\" content=\"article\" \/>\n<meta property=\"og:title\" content=\"20 Stunden Russisch-Einzelunterricht - Sistema Kalinka\" \/>\n<meta property=\"og:description\" content=\"Lerne Russisch im Eins-zu-Eins-Unterricht mit einer erfahrenen Lehrerin flexibel online. Arbeit mit Texten, bessere Aussprache, freies Sprechen, \u00dcben uvm.\" \/>\n<meta property=\"og:url\" content=\"https:\/\/sistemakalinka.com\/de\/produkt\/20-stunden-russisch-einzelunterricht\/\" \/>\n<meta property=\"og:site_name\" content=\"Sistema Kalinka\" \/>\n<meta property=\"article:modified_time\" content=\"2026-03-29T16:06:33+00:00\" \/>\n<meta property=\"og:image\" content=\"https:\/\/sistemakalinka.com\/wp-content\/uploads\/skype-20-lessons.jpg\" \/>\n\t<meta property=\"og:image:width\" content=\"2268\" \/>\n\t<meta property=\"og:image:height\" content=\"2268\" \/>\n\t<meta property=\"og:image:type\" content=\"image\/jpeg\" \/>\n<meta name=\"twitter:card\" content=\"summary_large_image\" \/>\n<meta name=\"twitter:label1\" content=\"Gesch\u00e4tzte Lesezeit\" \/>\n\t<meta name=\"twitter:data1\" content=\"3\u00a0Minuten\" \/>\n<script type=\"application\/ld+json\" class=\"yoast-schema-graph\">{\"@context\":\"https:\\\/\\\/schema.org\",\"@graph\":[{\"@type\":\"WebPage\",\"@id\":\"https:\\\/\\\/sistemakalinka.com\\\/de\\\/produkt\\\/20-stunden-russisch-einzelunterricht\\\/\",\"url\":\"https:\\\/\\\/sistemakalinka.com\\\/de\\\/produkt\\\/20-stunden-russisch-einzelunterricht\\\/\",\"name\":\"20 Stunden Russisch-Einzelunterricht - Sistema Kalinka\",\"isPartOf\":{\"@id\":\"https:\\\/\\\/sistemakalinka.com\\\/de\\\/#website\"},\"primaryImageOfPage\":{\"@id\":\"https:\\\/\\\/sistemakalinka.com\\\/de\\\/produkt\\\/20-stunden-russisch-einzelunterricht\\\/#primaryimage\"},\"image\":{\"@id\":\"https:\\\/\\\/sistemakalinka.com\\\/de\\\/produkt\\\/20-stunden-russisch-einzelunterricht\\\/#primaryimage\"},\"thumbnailUrl\":\"https:\\\/\\\/sistemakalinka.com\\\/wp-content\\\/uploads\\\/skype-20-lessons.jpg\",\"datePublished\":\"2022-08-12T11:14:21+00:00\",\"dateModified\":\"2026-03-29T16:06:33+00:00\",\"description\":\"Lerne Russisch im Eins-zu-Eins-Unterricht mit einer erfahrenen Lehrerin flexibel online. Arbeit mit Texten, bessere Aussprache, freies Sprechen, \u00dcben uvm.\",\"breadcrumb\":{\"@id\":\"https:\\\/\\\/sistemakalinka.com\\\/de\\\/produkt\\\/20-stunden-russisch-einzelunterricht\\\/#breadcrumb\"},\"inLanguage\":\"de\",\"potentialAction\":[{\"@type\":\"ReadAction\",\"target\":[\"https:\\\/\\\/sistemakalinka.com\\\/de\\\/produkt\\\/20-stunden-russisch-einzelunterricht\\\/\"]}]},{\"@type\":\"ImageObject\",\"inLanguage\":\"de\",\"@id\":\"https:\\\/\\\/sistemakalinka.com\\\/de\\\/produkt\\\/20-stunden-russisch-einzelunterricht\\\/#primaryimage\",\"url\":\"https:\\\/\\\/sistemakalinka.com\\\/wp-content\\\/uploads\\\/skype-20-lessons.jpg\",\"contentUrl\":\"https:\\\/\\\/sistemakalinka.com\\\/wp-content\\\/uploads\\\/skype-20-lessons.jpg\",\"width\":2268,\"height\":2268},{\"@type\":\"BreadcrumbList\",\"@id\":\"https:\\\/\\\/sistemakalinka.com\\\/de\\\/produkt\\\/20-stunden-russisch-einzelunterricht\\\/#breadcrumb\",\"itemListElement\":[{\"@type\":\"ListItem\",\"position\":1,\"name\":\"Home\",\"item\":\"https:\\\/\\\/sistemakalinka.com\\\/de\\\/\"},{\"@type\":\"ListItem\",\"position\":2,\"name\":\"Shop\",\"item\":\"https:\\\/\\\/sistemakalinka.com\\\/shop\\\/\"},{\"@type\":\"ListItem\",\"position\":3,\"name\":\"20 Stunden Russisch-Einzelunterricht\"}]},{\"@type\":\"WebSite\",\"@id\":\"https:\\\/\\\/sistemakalinka.com\\\/de\\\/#website\",\"url\":\"https:\\\/\\\/sistemakalinka.com\\\/de\\\/\",\"name\":\"Sistema Kalinka\",\"description\":\"Learn Russian with us\",\"potentialAction\":[{\"@type\":\"SearchAction\",\"target\":{\"@type\":\"EntryPoint\",\"urlTemplate\":\"https:\\\/\\\/sistemakalinka.com\\\/de\\\/?s={search_term_string}\"},\"query-input\":{\"@type\":\"PropertyValueSpecification\",\"valueRequired\":true,\"valueName\":\"search_term_string\"}}],\"inLanguage\":\"de\"}]}<\/script>\n<!-- \/ Yoast SEO plugin. -->","yoast_head_json":{"title":"20 Stunden Russisch-Einzelunterricht - Sistema Kalinka","description":"Lerne Russisch im Eins-zu-Eins-Unterricht mit einer erfahrenen Lehrerin flexibel online. Arbeit mit Texten, bessere Aussprache, freies Sprechen, \u00dcben uvm.","robots":{"index":"index","follow":"follow","max-snippet":"max-snippet:-1","max-image-preview":"max-image-preview:large","max-video-preview":"max-video-preview:-1"},"canonical":"https:\/\/sistemakalinka.com\/de\/produkt\/20-stunden-russisch-einzelunterricht\/","og_locale":"de_DE","og_type":"article","og_title":"20 Stunden Russisch-Einzelunterricht - Sistema Kalinka","og_description":"Lerne Russisch im Eins-zu-Eins-Unterricht mit einer erfahrenen Lehrerin flexibel online. Arbeit mit Texten, bessere Aussprache, freies Sprechen, \u00dcben uvm.","og_url":"https:\/\/sistemakalinka.com\/de\/produkt\/20-stunden-russisch-einzelunterricht\/","og_site_name":"Sistema Kalinka","article_modified_time":"2026-03-29T16:06:33+00:00","og_image":[{"width":2268,"height":2268,"url":"https:\/\/sistemakalinka.com\/wp-content\/uploads\/skype-20-lessons.jpg","type":"image\/jpeg"}],"twitter_card":"summary_large_image","twitter_misc":{"Gesch\u00e4tzte Lesezeit":"3\u00a0Minuten"},"schema":{"@context":"https:\/\/schema.org","@graph":[{"@type":"WebPage","@id":"https:\/\/sistemakalinka.com\/de\/produkt\/20-stunden-russisch-einzelunterricht\/","url":"https:\/\/sistemakalinka.com\/de\/produkt\/20-stunden-russisch-einzelunterricht\/","name":"20 Stunden Russisch-Einzelunterricht - Sistema Kalinka","isPartOf":{"@id":"https:\/\/sistemakalinka.com\/de\/#website"},"primaryImageOfPage":{"@id":"https:\/\/sistemakalinka.com\/de\/produkt\/20-stunden-russisch-einzelunterricht\/#primaryimage"},"image":{"@id":"https:\/\/sistemakalinka.com\/de\/produkt\/20-stunden-russisch-einzelunterricht\/#primaryimage"},"thumbnailUrl":"https:\/\/sistemakalinka.com\/wp-content\/uploads\/skype-20-lessons.jpg","datePublished":"2022-08-12T11:14:21+00:00","dateModified":"2026-03-29T16:06:33+00:00","description":"Lerne Russisch im Eins-zu-Eins-Unterricht mit einer erfahrenen Lehrerin flexibel online. Arbeit mit Texten, bessere Aussprache, freies Sprechen, \u00dcben uvm.","breadcrumb":{"@id":"https:\/\/sistemakalinka.com\/de\/produkt\/20-stunden-russisch-einzelunterricht\/#breadcrumb"},"inLanguage":"de","potentialAction":[{"@type":"ReadAction","target":["https:\/\/sistemakalinka.com\/de\/produkt\/20-stunden-russisch-einzelunterricht\/"]}]},{"@type":"ImageObject","inLanguage":"de","@id":"https:\/\/sistemakalinka.com\/de\/produkt\/20-stunden-russisch-einzelunterricht\/#primaryimage","url":"https:\/\/sistemakalinka.com\/wp-content\/uploads\/skype-20-lessons.jpg","contentUrl":"https:\/\/sistemakalinka.com\/wp-content\/uploads\/skype-20-lessons.jpg","width":2268,"height":2268},{"@type":"BreadcrumbList","@id":"https:\/\/sistemakalinka.com\/de\/produkt\/20-stunden-russisch-einzelunterricht\/#breadcrumb","itemListElement":[{"@type":"ListItem","position":1,"name":"Home","item":"https:\/\/sistemakalinka.com\/de\/"},{"@type":"ListItem","position":2,"name":"Shop","item":"https:\/\/sistemakalinka.com\/shop\/"},{"@type":"ListItem","position":3,"name":"20 Stunden Russisch-Einzelunterricht"}]},{"@type":"WebSite","@id":"https:\/\/sistemakalinka.com\/de\/#website","url":"https:\/\/sistemakalinka.com\/de\/","name":"Sistema Kalinka","description":"Learn Russian with us","potentialAction":[{"@type":"SearchAction","target":{"@type":"EntryPoint","urlTemplate":"https:\/\/sistemakalinka.com\/de\/?s={search_term_string}"},"query-input":{"@type":"PropertyValueSpecification","valueRequired":true,"valueName":"search_term_string"}}],"inLanguage":"de"}]}},"_links":{"self":[{"href":"https:\/\/sistemakalinka.com\/de\/wp-json\/wp\/v2\/product\/29393","targetHints":{"allow":["GET"]}}],"collection":[{"href":"https:\/\/sistemakalinka.com\/de\/wp-json\/wp\/v2\/product"}],"about":[{"href":"https:\/\/sistemakalinka.com\/de\/wp-json\/wp\/v2\/types\/product"}],"replies":[{"embeddable":true,"href":"https:\/\/sistemakalinka.com\/de\/wp-json\/wp\/v2\/comments?post=29393"}],"wp:featuredmedia":[{"embeddable":true,"href":"https:\/\/sistemakalinka.com\/de\/wp-json\/wp\/v2\/media\/26463"}],"wp:attachment":[{"href":"https:\/\/sistemakalinka.com\/de\/wp-json\/wp\/v2\/media?parent=29393"}],"wp:term":[{"taxonomy":"product_brand","embeddable":true,"href":"https:\/\/sistemakalinka.com\/de\/wp-json\/wp\/v2\/product_brand?post=29393"},{"taxonomy":"product_cat","embeddable":true,"href":"https:\/\/sistemakalinka.com\/de\/wp-json\/wp\/v2\/product_cat?post=29393"},{"taxonomy":"product_tag","embeddable":true,"href":"https:\/\/sistemakalinka.com\/de\/wp-json\/wp\/v2\/product_tag?post=29393"}],"curies":[{"name":"wp","href":"https:\/\/api.w.org\/{rel}","templated":true}]}}