{"id":29401,"date":"2020-05-25T16:01:45","date_gmt":"2022-08-12T13:15:23","guid":{"rendered":"https:\/\/sistemakalinka.com\/?post_type=product&#038;p=29401"},"modified":"2025-12-30T18:42:01","modified_gmt":"2025-12-30T17:42:01","slug":"intensivseminar-faelle-1","status":"publish","type":"product","link":"https:\/\/sistemakalinka.com\/de\/produkt\/intensivseminar-faelle-1\/","title":{"rendered":"Intensiv-Grammatikseminar: F\u00e4lle I &#8211; \u041f\u0430\u0434\u0435\u0436\u0438 I (Akkusativ und Genitiv)"},"content":{"rendered":"<div class=\"container-fluid\">\r\n<div class=\"row\">\r\n<div class=\"col-sm-3 col-xs-12\"><img decoding=\"async\" class=\"prueba-7-dias-imagen\" src=\"\/wp-content\/uploads\/probe-7-tage.png\" \/><\/div>\r\n<div class=\"prueba-7-dias-texto\">\r\n<h2>Probier\u2018s aus: Video-Seminar 7 Tage lang testen<\/h2>\r\n<ul class=\"prueba-7-dias-lista\">\r\n\t<li>Melde dich zum Grammatikseminar an.<\/li>\r\n\t<li>Du kannst das Seminar 7 Tage lang kennenlernen. Wenn du nicht 100% zufrieden bist&#8230;<\/li>\r\n\t<li>&#8230; dann schreibe uns eine E-Mail und wir <span style=\"text-decoration: underline;\">erstatten dir den vollen Kaufpreis zur\u00fcck.<\/span><\/li>\r\n<\/ul>\r\n<\/div>\r\n<\/div>\r\n<div class=\"row\">\r\n<div class=\"col-md-6 col-sm-12 col-xs-12\"><img decoding=\"async\" src=\"\/wp-content\/uploads\/promo-wr01-a-de.png\" \/><\/div>\r\n<div class=\"col-md-6 col-sm-12 col-xs-12\"><img decoding=\"async\" src=\"\/wp-content\/uploads\/promo-w01-b-de.png\" \/><\/div>\r\n<\/div>\r\n<div class=\"row\">\r\n<div class=\"col-md-6 col-sm-12 col-xs-12\">\r\n<h3>F\u00e4lle I &#8211; Webinar-Inhalt<\/h3>\r\n<p>Dieses Online-Seminar der Russisch-Expertin Anastasia Chulkova dauert 90-Minuten. Seminarsprache: Russisch<\/p>\r\n<ul>\r\n\t<li>Akkusativ und Genitiv<\/li>\r\n\t<li>Die Verwendung des Akkusativs und Genitivs in einfachen und komplexen Kontexten<\/li>\r\n\t<li>Verben und Pr\u00e4positionen, die Akkusativ oder Genitiv verlangen in einfachen und komplexen Kontexten<\/li>\r\n\t<li>Wie ver\u00e4ndert sich die Bedeutung je nach Wahl zwischen Akkusativ und Genitiv<\/li>\r\n\t<li>Verwendung und n\u00fctzliche Hinweise<\/li>\r\n\t<li>Praxisteil<\/li>\r\n<\/ul>\r\n<h3>Der Kauf des Webinars beinhaltet:<\/h3>\r\n<div class=\"mi-cuadro-importante\">\r\n<ul>\r\n\t<li>Zeitlich unbegrenzter Zugang zum Videoseminar (90 Minuten)<\/li>\r\n\t<li>Arbeitsmaterialien mit Tabellen und \u00dcbungen (PDF)<\/li>\r\n\t<li>Teilnahmebescheinigung<\/li>\r\n\t<li>Ein Jahr lang kannst du per E-Mail Fragen zum Seminar stellen<\/li>\r\n<\/ul>\r\n<p><strong>ZUS\u00c4TZLICH: GRAMMATISCHE BEGRIFFE AUF RUSSISCH<\/strong><\/p>\r\n<br \/>\r\n<p>Neben dem Seminarmaterial erh\u00e4ltst du auch eine Liste russischer Grammatikbegriffe samt englischer \u00dcbersetzung. Diese Begriffe werden im Seminar benutzt. Beispiel: &#8222;Verb&#8220;, &#8222;Infinitiv&#8220;, &#8222;Genitiv&#8220;, &#8222;Adverb&#8220;, &#8222;Pr\u00e4position&#8220;, etc. Wir empfehlen, diese Liste vor Beginn des Webinars zu lesen, um dem Inhalt leichter folgen zu k\u00f6nnen.<\/p>\r\n<\/div>\r\n<\/div>\r\n<div class=\"col-md-6 col-sm-12 col-xs-12\">\r\n<h3>Werde ich das Seminar auf Russisch verstehen?<\/h3>\r\n<p>Dieses Seminar ist f\u00fcr Lernende mit Russisch-Niveau A2 bis C1 geeignet. Bei einem Seminar mitzumachen, dass ausschlie\u00dflich in der Zielsprache gehalten ist, schult die Sprachkenntnisse auf effektive Weise. Schau dir das folgende Video an. Wenn du das Gesagte verstehst, dann kannst du auch dem Seminar folgen.<\/p>\r\n<div class=\"media\"><iframe loading=\"lazy\" src=\"https:\/\/player.vimeo.com\/video\/218484280\" width=\"500\" height=\"281\" frameborder=\"0\" allowfullscreen=\"allowfullscreen\"><\/iframe><\/div>\r\n<h3>Ausz\u00fcge aus dem Arbeitsmaterial<\/h3>\r\n<p class=\"hidden-xs\">M\u00f6chtest du einen Blick in unser Arbeitsmaterial werfen? Zum Vergr\u00f6\u00dfern hier klicken:<\/p>\r\n<p class=\"hidden-lg hidden-md hidden-sm visible-xs-block\">Ausz\u00fcge aus dem Arbeitsmaterial ansehen:<\/p>\r\n<div class=\"row mi-galeria-producto\"><a title=\"Ausz\u00fcge aus dem Arbeitsmaterial\" href=\"\/wp-content\/uploads\/webinar-sample_cases_I_01.jpg\" data-fancybox=\"gallery\"><img decoding=\"async\" id=\"thumb_296\" class=\"col-lg-6 col-md-12 col-sm-12 col-xs-12\" title=\"Ausz\u00fcge aus dem Arbeitsmaterial\" src=\"\/wp-content\/uploads\/webinar-sample_cases_I_01.jpg\" alt=\"Ausz\u00fcge aus dem Arbeitsmaterial\" \/><\/a> <a title=\"Ausz\u00fcge aus dem Arbeitsmaterial\" href=\"\/wp-content\/uploads\/webinar-sample_cases_I_02.jpg\" data-fancybox=\"gallery\"><img decoding=\"async\" id=\"thumb_296\" class=\"col-lg-6 col-md-12 col-sm-12 col-xs-12\" title=\"Ausz\u00fcge aus dem Arbeitsmaterial\" src=\"\/wp-content\/uploads\/webinar-sample_cases_I_02.jpg\" alt=\"Ausz\u00fcge aus dem Arbeitsmaterial\" \/><\/a> <a title=\"Ausz\u00fcge aus dem Arbeitsmaterial\" href=\"\/wp-content\/uploads\/webinar-sample_cases_I_03.jpg\" data-fancybox=\"gallery\"><img decoding=\"async\" id=\"thumb_296\" class=\"col-lg-6 col-md-12 col-sm-12 col-xs-12\" title=\"Ausz\u00fcge aus dem Arbeitsmaterial\" src=\"\/wp-content\/uploads\/webinar-sample_cases_I_03.jpg\" alt=\"Ausz\u00fcge aus dem Arbeitsmaterial\" \/><\/a> <a title=\"Ausz\u00fcge aus dem Arbeitsmaterial\" href=\"\/wp-content\/uploads\/webinar-sample_cases_I_04.jpg\" data-fancybox=\"gallery\"><img decoding=\"async\" id=\"thumb_296\" class=\"col-lg-6 col-md-12 col-sm-12 col-xs-12\" title=\"Ausz\u00fcge aus dem Arbeitsmaterial\" src=\"\/wp-content\/uploads\/webinar-sample_cases_I_04.jpg\" alt=\"Ausz\u00fcge aus dem Arbeitsmaterial\" \/><\/a><\/div>\r\n<\/div>\r\n<\/div>\r\n<div class=\"row\">\r\n<div class=\"col-xs-12\">\r\n<h3>Intensiv-Grammatikseminar per Video &#8211; Verbessere dein Russisch in 90 Minuten<\/h3>\r\n<p>M\u00f6chtest du deine Kenntnisse eines konkreten russischen Grammatikthemas mit einem kurzen, kompakten Kurs verbessern? Dann sind unsere 90 min\u00fctigen &#8222;Intensiv-Grammatikseminare&#8220; genau das Richtige. In jedem Video-Seminar erl\u00e4utert unsere <strong>Russischexpertin Anastasia Chulkova einen Aspekt der Grammatik<\/strong> leicht verst\u00e4ndlich. Sie gibt wertvolle Tipps und beantwortet per E-Mail Fragen. Inklusive \u00dcbungen.<\/p>\r\n<img decoding=\"async\" src=\"\/wp-content\/uploads\/promo-categoria-DE.png\" \/><\/div>\r\n<\/div>\r\n<\/div>","protected":false},"excerpt":{"rendered":"<div class=\"container-fluid\">\r\n<div class=\"row\">\r\n      <div class=\"col-xs-12\">\r\n         <div class=\"mi-cuadro-importante\">Verbessere dein Russisch mit diesem Intensiv-Grammatikseminar.<\/div>\r\n         <p>Dieses Seminar ist <span style=\"color: #d0121a;\"><strong>nur auf Russisch<\/strong><\/span> und eignet sich f\u00fcr Lernende des Niveaus A2-C1. Es dauert 90 Minuten und ist von der Russisch-Expertin Anastasia Chulkova gehalten. Damit lernst du detailliert, wie du <strong>den Akkusativ und Genitiv gebrauchst. F\u00fcr Lernende der Mittelstufe und Fortgeschrittene geeignet.<\/strong><\/p>\r\n         <ul>\r\n            <li>Verwendung beider F\u00e4lle &#8211; von einfachen bis komplexen S\u00e4tzen<\/li> \r\n            <li>Beispiele aus vielen verschiedenen Kontexten und Situationen<\/li>\r\n            <li>\u00dcbersicht: Welche Pr\u00e4positionen und Verben diese F\u00e4lle verlangen<\/li>\r\n            <li>Wie sich die Satzbedeutung je nach Fall \u00e4ndert. Mit diesen Intensivseminaren verbesserst du sp\u00fcrbar dein Russisch.<\/li>\r\n         <\/ul>\r\n         <div class=\"mi-cuadro-importante\">Das Webinar ist <span style=\"color: #d0121a;\">komplett in leicht verst\u00e4ndlichem Russisch<\/span> gehalten: Verbessere dein H\u00f6rverstehen russischer Erl\u00e4uterungen und lerne neue Grammatik.<br \/> *<em>Willst du wissen, ob deine Russischkenntnisse ausreichen, um dem Seminar folgen zu k\u00f6nnen? Schau dir unten das Beispielvideo an.<\/em>*<\/div>\r\n         <div class=\"mi-cuadro-importante\">Im Preis enthalten: Unterrichtsmaterialien + <strong>zeitlich unbegrenzter Zugang<\/strong> zum Seminarvideo + die M\u00f6glichkeit, ein Jahr lang per E-Mail fragen dazu zu stellen.<\/div>\r\n         <p><span class=\"mi-cuadro-importante\">Du kannst das Seminar <span style=\"color: #d0121a;\"><strong>7 Tage lang kennenlernen<\/strong>.<\/span> Wenn du nicht 100%  zufrieden bist, erstatten wir dir dein Geld zur\u00fcck.<\/span><\/p>\r\n      <\/div>\r\n   <\/div>\r\n<\/div>","protected":false},"featured_media":29697,"comment_status":"open","ping_status":"closed","template":"","meta":[],"product_brand":[],"product_cat":[195],"product_tag":[],"class_list":{"0":"post-29401","1":"product","2":"type-product","3":"status-publish","4":"has-post-thumbnail","6":"product_cat-intensiv-seminare","8":"first","9":"instock","10":"virtual","11":"purchasable","12":"product-type-simple"},"yoast_head":"<!-- This site is optimized with the Yoast SEO plugin v27.5 - https:\/\/yoast.com\/product\/yoast-seo-wordpress\/ -->\n<title>Intensiv-Grammatikseminar: F\u00e4lle I - \u041f\u0430\u0434\u0435\u0436\u0438 I (Akkusativ und Genitiv) - Sistema Kalinka<\/title>\n<meta name=\"description\" content=\"Alles \u00fcber den Akkusativ und Genitiv im Russischen in einem kompakten Videoseminar: Bildung, Verwendung, Pr\u00e4positionen und Verben, die diese F\u00e4lle verlangen\" \/>\n<meta name=\"robots\" content=\"index, follow, max-snippet:-1, max-image-preview:large, max-video-preview:-1\" \/>\n<link rel=\"canonical\" href=\"https:\/\/sistemakalinka.com\/de\/produkt\/intensivseminar-faelle-1\/\" \/>\n<meta property=\"og:locale\" content=\"de_DE\" \/>\n<meta property=\"og:type\" content=\"article\" \/>\n<meta property=\"og:title\" content=\"Intensiv-Grammatikseminar: F\u00e4lle I - \u041f\u0430\u0434\u0435\u0436\u0438 I (Akkusativ und Genitiv) - Sistema Kalinka\" \/>\n<meta property=\"og:description\" content=\"Alles \u00fcber den Akkusativ und Genitiv im Russischen in einem kompakten Videoseminar: Bildung, Verwendung, Pr\u00e4positionen und Verben, die diese F\u00e4lle verlangen\" \/>\n<meta property=\"og:url\" content=\"https:\/\/sistemakalinka.com\/de\/produkt\/intensivseminar-faelle-1\/\" \/>\n<meta property=\"og:site_name\" content=\"Sistema Kalinka\" \/>\n<meta property=\"article:modified_time\" content=\"2025-12-30T17:42:01+00:00\" \/>\n<meta property=\"og:image\" content=\"https:\/\/sistemakalinka.com\/wp-content\/uploads\/WR_01_DE.jpg\" \/>\n\t<meta property=\"og:image:width\" content=\"800\" \/>\n\t<meta property=\"og:image:height\" content=\"800\" \/>\n\t<meta property=\"og:image:type\" content=\"image\/jpeg\" \/>\n<meta name=\"twitter:card\" content=\"summary_large_image\" \/>\n<meta name=\"twitter:label1\" content=\"Gesch\u00e4tzte Lesezeit\" \/>\n\t<meta name=\"twitter:data1\" content=\"3\u00a0Minuten\" \/>\n<script type=\"application\/ld+json\" class=\"yoast-schema-graph\">{\"@context\":\"https:\\\/\\\/schema.org\",\"@graph\":[{\"@type\":\"WebPage\",\"@id\":\"https:\\\/\\\/sistemakalinka.com\\\/de\\\/produkt\\\/intensivseminar-faelle-1\\\/\",\"url\":\"https:\\\/\\\/sistemakalinka.com\\\/de\\\/produkt\\\/intensivseminar-faelle-1\\\/\",\"name\":\"Intensiv-Grammatikseminar: F\u00e4lle I - \u041f\u0430\u0434\u0435\u0436\u0438 I (Akkusativ und Genitiv) - Sistema Kalinka\",\"isPartOf\":{\"@id\":\"https:\\\/\\\/sistemakalinka.com\\\/de\\\/#website\"},\"primaryImageOfPage\":{\"@id\":\"https:\\\/\\\/sistemakalinka.com\\\/de\\\/produkt\\\/intensivseminar-faelle-1\\\/#primaryimage\"},\"image\":{\"@id\":\"https:\\\/\\\/sistemakalinka.com\\\/de\\\/produkt\\\/intensivseminar-faelle-1\\\/#primaryimage\"},\"thumbnailUrl\":\"https:\\\/\\\/sistemakalinka.com\\\/wp-content\\\/uploads\\\/WR_01_DE.jpg\",\"datePublished\":\"2022-08-12T13:15:23+00:00\",\"dateModified\":\"2025-12-30T17:42:01+00:00\",\"description\":\"Alles \u00fcber den Akkusativ und Genitiv im Russischen in einem kompakten Videoseminar: Bildung, Verwendung, Pr\u00e4positionen und Verben, die diese F\u00e4lle verlangen\",\"breadcrumb\":{\"@id\":\"https:\\\/\\\/sistemakalinka.com\\\/de\\\/produkt\\\/intensivseminar-faelle-1\\\/#breadcrumb\"},\"inLanguage\":\"de\",\"potentialAction\":[{\"@type\":\"ReadAction\",\"target\":[\"https:\\\/\\\/sistemakalinka.com\\\/de\\\/produkt\\\/intensivseminar-faelle-1\\\/\"]}]},{\"@type\":\"ImageObject\",\"inLanguage\":\"de\",\"@id\":\"https:\\\/\\\/sistemakalinka.com\\\/de\\\/produkt\\\/intensivseminar-faelle-1\\\/#primaryimage\",\"url\":\"https:\\\/\\\/sistemakalinka.com\\\/wp-content\\\/uploads\\\/WR_01_DE.jpg\",\"contentUrl\":\"https:\\\/\\\/sistemakalinka.com\\\/wp-content\\\/uploads\\\/WR_01_DE.jpg\",\"width\":800,\"height\":800},{\"@type\":\"BreadcrumbList\",\"@id\":\"https:\\\/\\\/sistemakalinka.com\\\/de\\\/produkt\\\/intensivseminar-faelle-1\\\/#breadcrumb\",\"itemListElement\":[{\"@type\":\"ListItem\",\"position\":1,\"name\":\"Home\",\"item\":\"https:\\\/\\\/sistemakalinka.com\\\/de\\\/\"},{\"@type\":\"ListItem\",\"position\":2,\"name\":\"Shop\",\"item\":\"https:\\\/\\\/sistemakalinka.com\\\/shop\\\/\"},{\"@type\":\"ListItem\",\"position\":3,\"name\":\"Intensiv-Grammatikseminar: F\u00e4lle I &#8211; \u041f\u0430\u0434\u0435\u0436\u0438 I (Akkusativ und Genitiv)\"}]},{\"@type\":\"WebSite\",\"@id\":\"https:\\\/\\\/sistemakalinka.com\\\/de\\\/#website\",\"url\":\"https:\\\/\\\/sistemakalinka.com\\\/de\\\/\",\"name\":\"Sistema Kalinka\",\"description\":\"Learn Russian with us\",\"potentialAction\":[{\"@type\":\"SearchAction\",\"target\":{\"@type\":\"EntryPoint\",\"urlTemplate\":\"https:\\\/\\\/sistemakalinka.com\\\/de\\\/?s={search_term_string}\"},\"query-input\":{\"@type\":\"PropertyValueSpecification\",\"valueRequired\":true,\"valueName\":\"search_term_string\"}}],\"inLanguage\":\"de\"}]}<\/script>\n<!-- \/ Yoast SEO plugin. -->","yoast_head_json":{"title":"Intensiv-Grammatikseminar: F\u00e4lle I - \u041f\u0430\u0434\u0435\u0436\u0438 I (Akkusativ und Genitiv) - Sistema Kalinka","description":"Alles \u00fcber den Akkusativ und Genitiv im Russischen in einem kompakten Videoseminar: Bildung, Verwendung, Pr\u00e4positionen und Verben, die diese F\u00e4lle verlangen","robots":{"index":"index","follow":"follow","max-snippet":"max-snippet:-1","max-image-preview":"max-image-preview:large","max-video-preview":"max-video-preview:-1"},"canonical":"https:\/\/sistemakalinka.com\/de\/produkt\/intensivseminar-faelle-1\/","og_locale":"de_DE","og_type":"article","og_title":"Intensiv-Grammatikseminar: F\u00e4lle I - \u041f\u0430\u0434\u0435\u0436\u0438 I (Akkusativ und Genitiv) - Sistema Kalinka","og_description":"Alles \u00fcber den Akkusativ und Genitiv im Russischen in einem kompakten Videoseminar: Bildung, Verwendung, Pr\u00e4positionen und Verben, die diese F\u00e4lle verlangen","og_url":"https:\/\/sistemakalinka.com\/de\/produkt\/intensivseminar-faelle-1\/","og_site_name":"Sistema Kalinka","article_modified_time":"2025-12-30T17:42:01+00:00","og_image":[{"width":800,"height":800,"url":"https:\/\/sistemakalinka.com\/wp-content\/uploads\/WR_01_DE.jpg","type":"image\/jpeg"}],"twitter_card":"summary_large_image","twitter_misc":{"Gesch\u00e4tzte Lesezeit":"3\u00a0Minuten"},"schema":{"@context":"https:\/\/schema.org","@graph":[{"@type":"WebPage","@id":"https:\/\/sistemakalinka.com\/de\/produkt\/intensivseminar-faelle-1\/","url":"https:\/\/sistemakalinka.com\/de\/produkt\/intensivseminar-faelle-1\/","name":"Intensiv-Grammatikseminar: F\u00e4lle I - \u041f\u0430\u0434\u0435\u0436\u0438 I (Akkusativ und Genitiv) - Sistema Kalinka","isPartOf":{"@id":"https:\/\/sistemakalinka.com\/de\/#website"},"primaryImageOfPage":{"@id":"https:\/\/sistemakalinka.com\/de\/produkt\/intensivseminar-faelle-1\/#primaryimage"},"image":{"@id":"https:\/\/sistemakalinka.com\/de\/produkt\/intensivseminar-faelle-1\/#primaryimage"},"thumbnailUrl":"https:\/\/sistemakalinka.com\/wp-content\/uploads\/WR_01_DE.jpg","datePublished":"2022-08-12T13:15:23+00:00","dateModified":"2025-12-30T17:42:01+00:00","description":"Alles \u00fcber den Akkusativ und Genitiv im Russischen in einem kompakten Videoseminar: Bildung, Verwendung, Pr\u00e4positionen und Verben, die diese F\u00e4lle verlangen","breadcrumb":{"@id":"https:\/\/sistemakalinka.com\/de\/produkt\/intensivseminar-faelle-1\/#breadcrumb"},"inLanguage":"de","potentialAction":[{"@type":"ReadAction","target":["https:\/\/sistemakalinka.com\/de\/produkt\/intensivseminar-faelle-1\/"]}]},{"@type":"ImageObject","inLanguage":"de","@id":"https:\/\/sistemakalinka.com\/de\/produkt\/intensivseminar-faelle-1\/#primaryimage","url":"https:\/\/sistemakalinka.com\/wp-content\/uploads\/WR_01_DE.jpg","contentUrl":"https:\/\/sistemakalinka.com\/wp-content\/uploads\/WR_01_DE.jpg","width":800,"height":800},{"@type":"BreadcrumbList","@id":"https:\/\/sistemakalinka.com\/de\/produkt\/intensivseminar-faelle-1\/#breadcrumb","itemListElement":[{"@type":"ListItem","position":1,"name":"Home","item":"https:\/\/sistemakalinka.com\/de\/"},{"@type":"ListItem","position":2,"name":"Shop","item":"https:\/\/sistemakalinka.com\/shop\/"},{"@type":"ListItem","position":3,"name":"Intensiv-Grammatikseminar: F\u00e4lle I &#8211; \u041f\u0430\u0434\u0435\u0436\u0438 I (Akkusativ und Genitiv)"}]},{"@type":"WebSite","@id":"https:\/\/sistemakalinka.com\/de\/#website","url":"https:\/\/sistemakalinka.com\/de\/","name":"Sistema Kalinka","description":"Learn Russian with us","potentialAction":[{"@type":"SearchAction","target":{"@type":"EntryPoint","urlTemplate":"https:\/\/sistemakalinka.com\/de\/?s={search_term_string}"},"query-input":{"@type":"PropertyValueSpecification","valueRequired":true,"valueName":"search_term_string"}}],"inLanguage":"de"}]}},"_links":{"self":[{"href":"https:\/\/sistemakalinka.com\/de\/wp-json\/wp\/v2\/product\/29401","targetHints":{"allow":["GET"]}}],"collection":[{"href":"https:\/\/sistemakalinka.com\/de\/wp-json\/wp\/v2\/product"}],"about":[{"href":"https:\/\/sistemakalinka.com\/de\/wp-json\/wp\/v2\/types\/product"}],"replies":[{"embeddable":true,"href":"https:\/\/sistemakalinka.com\/de\/wp-json\/wp\/v2\/comments?post=29401"}],"wp:featuredmedia":[{"embeddable":true,"href":"https:\/\/sistemakalinka.com\/de\/wp-json\/wp\/v2\/media\/29697"}],"wp:attachment":[{"href":"https:\/\/sistemakalinka.com\/de\/wp-json\/wp\/v2\/media?parent=29401"}],"wp:term":[{"taxonomy":"product_brand","embeddable":true,"href":"https:\/\/sistemakalinka.com\/de\/wp-json\/wp\/v2\/product_brand?post=29401"},{"taxonomy":"product_cat","embeddable":true,"href":"https:\/\/sistemakalinka.com\/de\/wp-json\/wp\/v2\/product_cat?post=29401"},{"taxonomy":"product_tag","embeddable":true,"href":"https:\/\/sistemakalinka.com\/de\/wp-json\/wp\/v2\/product_tag?post=29401"}],"curies":[{"name":"wp","href":"https:\/\/api.w.org\/{rel}","templated":true}]}}