{"id":29963,"date":"2020-05-25T16:01:42","date_gmt":"2022-08-24T12:37:49","guid":{"rendered":"https:\/\/sistemakalinka.com\/?post_type=product&#038;p=29963"},"modified":"2026-01-07T04:33:35","modified_gmt":"2026-01-07T03:33:35","slug":"intensivseminar-russische-zahlen","status":"publish","type":"product","link":"https:\/\/sistemakalinka.com\/de\/produkt\/intensivseminar-russische-zahlen\/","title":{"rendered":"Intensiv-Grammatikseminar: Die komplexe Welt der russischen Zahlen"},"content":{"rendered":"<div class=\"container-fluid\">\r\n   <div class=\"row\">\r\n      <div class=\"col-sm-3 col-xs-12\"><img decoding=\"async\" src=\"\/wp-content\/uploads\/probe-7-tage.png\" class=\"prueba-7-dias-imagen\" \/><\/div>\r\n      <div class=\"prueba-7-dias-texto\">\r\n         <h2>Probier&lsquo;s aus: Video-Seminar 7 Tage lang testen<\/h2>\r\n         <ul class=\"prueba-7-dias-lista\">\r\n            <li>Melde dich zum Grammatikseminar an.<\/li>\r\n            <li>Du kannst das Seminar 7 Tage lang kennenlernen. Wenn du nicht 100% zufrieden bist&#8230;<\/li>\r\n            <li>&#8230; dann schreibe uns eine E-Mail und wir <span style=\"text-decoration: underline;\">erstatten dir den vollen Kaufpreis zur\u00fcck.<\/span><\/li>\r\n         <\/ul>\r\n      <\/div>\r\n   <\/div>\r\n   <div class=\"row\">\r\n      <div class=\"col-md-6 col-sm-12 col-xs-12\"><img decoding=\"async\" src=\"\/wp-content\/uploads\/promo-w02-a-de.png\" \/><\/div>\r\n      <div class=\"col-md-6 col-sm-12 col-xs-12\"><img decoding=\"async\" src=\"\/wp-content\/uploads\/promo-w01-b-de.png\" \/><\/div>\r\n   <\/div>\r\n   <div class=\"row\">\r\n      <div class=\"col-md-6 col-sm-12 col-xs-12\">\r\n         <h3>Webinar-Inhalt:<\/h3>\r\n         <p>Dieses Online-Seminar der Russisch-Expertin Anastasia Chulkova dauert 90-Minuten. Seminarsprache: Englisch.<\/p>\r\n         <ul>\r\n            <li>Einf\u00fchrung: Alle Arten russischer Zahlw\u00f6rter<\/li>\r\n            <li>Deklination von Zahlen<\/li>\r\n            <li>Menge, Datum und andere numerische Angaben<\/li>\r\n            <li>Komplexe Strukturen mit Zahlen <\/li>\r\n            <li>Hinweise zur Verwendung<\/li>\r\n            <li>Praxis<\/li>\r\n            <li>  <\/li>\r\n         <\/ul>\r\n         <h3>Der Kauf des Webinars beinhaltet:<\/h3>\r\n         <div class=\"mi-cuadro-importante\">\r\n            <ul>\r\n               <li>Zeitlich unbegrenzter Zugang zum Videoseminar<\/li>\r\n               <li>Arbeitsmaterialien mit Tabellen und \u00fcbungen (PDF)<\/li>\r\n               <li>Ein Jahr lang kannst du per E-Mail Fragen zum Seminar stellen<\/li>\r\n               <li>Teilnahmebescheinigung<\/li>\r\n            <\/ul>\r\n         <\/div>\r\n      <\/div>\r\n      <div class=\"row\">\r\n         <div class=\"col-lg-6 col-md-6 col-sm-6 col-xs-12\">\r\n            <h3>Ausz\u00fcge aus dem Arbeitsmaterial<\/h3>\r\n            <p class=\"hidden-xs\">M\u00f6chtest du einen Blick in unser Arbeitsmaterial werfen? Zum Vergr\u00f6\u00dfern hier klicken:<\/p>\r\n            <p class=\"hidden-lg hidden-md hidden-sm visible-xs-block\">Ausz\u00fcge aus dem Arbeitsmaterial ansehen:<\/p>\r\n            <div class=\"row mi-galeria-producto\"><a href=\"\/wp-content\/uploads\/webinar-materials_numbers_01.jpg\" data-fancybox=\"gallery\" title=\"Ausz\u00fcge aus dem Arbeitsmaterial\"><img decoding=\"async\" class=\"col-lg-6 col-md-12 col-sm-12 col-xs-12\" id=\"thumb_296\" src=\"\/wp-content\/uploads\/webinar-materials_numbers_01.jpg\" alt=\"Ausz\u00fcge aus dem Arbeitsmaterial\" title=\"Ausz\u00fcge aus dem Arbeitsmaterial\" itemprop=\"image\" \/><\/a> <a href=\"\/wp-content\/uploads\/webinar-materials_numbers_02.jpg\" data-fancybox=\"gallery\" title=\"Ausz\u00fcge aus dem Arbeitsmaterial\"><img decoding=\"async\" class=\"col-lg-6 col-md-12 col-sm-12 col-xs-12\" id=\"thumb_296\" src=\"\/wp-content\/uploads\/webinar-materials_numbers_02.jpg\" alt=\"Ausz\u00fcge aus dem Arbeitsmaterial\" title=\"Ausz\u00fcge aus dem Arbeitsmaterial\" itemprop=\"image\" \/><\/a> <a href=\"\/wp-content\/uploads\/webinar-materials_numbers_03.jpg\" data-fancybox=\"gallery\" title=\"Ausz\u00fcge aus dem Arbeitsmaterial\"><img decoding=\"async\" class=\"col-lg-6 col-md-12 col-sm-12 col-xs-12\" id=\"thumb_296\" src=\"\/wp-content\/uploads\/webinar-materials_numbers_03.jpg\" alt=\"Ausz\u00fcge aus dem Arbeitsmaterial\" title=\"Ausz\u00fcge aus dem Arbeitsmaterial\" itemprop=\"image\" \/><\/a> <a href=\"\/wp-content\/uploads\/webinar-materials_numbers_04.jpg\" data-fancybox=\"gallery\" title=\"Ausz\u00fcge aus dem Arbeitsmaterial\"><img decoding=\"async\" class=\"col-lg-6 col-md-12 col-sm-12 col-xs-12\" id=\"thumb_296\" src=\"\/wp-content\/uploads\/webinar-materials_numbers_04.jpg\" alt=\"Ausz\u00fcge aus dem Arbeitsmaterial\" title=\"Ausz\u00fcge aus dem Arbeitsmaterial\" itemprop=\"image\" \/><\/a><\/div>\r\n         <\/div>\r\n      <\/div>\r\n      <div class=\"row\">\r\n         <div class=\"col-xs-12\">\r\n            <h3>Intensiv-Grammatikseminar per Video &#8211; Verbessere dein Russisch in 90 Minuten<\/h3>\r\n            <p>M\u00f6chtest du deine Kenntnisse eines konkreten russischen Grammatikthemas mit einem kurzen, kompakten Kurs verbessern? Dann sind unsere 90 min\u00fctigen &bdquo;Intensiv-Grammatikseminare&ldquo; genau das Richtige. In jedem Video-Seminar erl\u00e4utert unsere <strong>Russischexpertin Anastasia Chulkova einen Aspekt der Grammatik<\/strong> leicht  verst\u00e4ndlich. Sie gibt wertvolle Tipps und beantwortet per E-Mail Fragen. Inklusive \u00dcbungen.<\/p><img decoding=\"async\" src=\"\/wp-content\/uploads\/promo-categoria-DE.png\" \/><\/div>\r\n      <\/div>\r\n   <\/div>\r\n<\/div>","protected":false},"excerpt":{"rendered":"<div class=\"container-fluid\">\r\n   <div class=\"row\">\r\n      <div class=\"col-xs-12\">\r\n         <div class=\"mi-cuadro-importante\">Verbessere dein Russisch mit diesem Intensiv-Grammatikseminar.<\/div>\r\n         <p>Dieses Online-Seminar der Russisch-Expertin Anastasia Chulkova dauert 90-Minuten. Seminarsprache: Englisch. Die russischen Zahlen haben es in sich &#8211; v.a. in der Verwendung. Mit Anastasias Hilfe meisterst du das Thema im Handumdrehen.<\/p>\r\n         <ul>\r\n            <li>Zahlen und F\u00e4lle &#8211; alle Kombinationen<\/li>\r\n            <li>Datum, Mengenangaben uvm.<\/li>\r\n            <li>Wie ver\u00e4ndern Zahlen andere Satzglieder?<\/li>\r\n            <li>So beeinflusst die Satzstellung die Bedeutung der Zahlen<\/li>\r\n            <li>Weiteres Wissenswertes \u00fcber Zahlen<\/li>\r\n         <\/ul>\r\n         <div class=\"mi-cuadro-importante\">Beinhaltet Unterrichtsmaterialien + <strong>zeitlich unbegrenzter Zugang<\/strong> zum Seminarvideo + die M\u00f6glichkeit, ein Jahr lang per E-Mail fragen dazu zu stellen.<\/div>\r\n         <p><span class=\"mi-cuadro-importante\">Du kannst das Seminar <span style=\"color: #d0121a;\"><strong>7 Tage lang kennenlernen<\/strong>.<\/span> Wenn du nicht 100% zufrieden bist, erstatten wir dir dein Geld zur\u00fcck.<\/span><\/p>\r\n      <\/div>\r\n   <\/div>\r\n<\/div>","protected":false},"featured_media":29672,"comment_status":"open","ping_status":"closed","template":"","meta":[],"product_brand":[],"product_cat":[195],"product_tag":[],"class_list":{"0":"post-29963","1":"product","2":"type-product","3":"status-publish","4":"has-post-thumbnail","6":"product_cat-intensiv-seminare","8":"first","9":"instock","10":"virtual","11":"purchasable","12":"product-type-simple"},"yoast_head":"<!-- This site is optimized with the Yoast SEO plugin v27.4 - https:\/\/yoast.com\/product\/yoast-seo-wordpress\/ -->\n<title>Intensiv-Grammatikseminar: Die komplexe Welt der russischen Zahlen - Sistema Kalinka<\/title>\n<meta name=\"description\" content=\"Webinar \u00fcber die russischen Zahlen: Kardinalzahlen, Ordnungszahlen, Datums- und Mengenangaben uvm. Video mit PDF-Material und \u00dcbungen inkl. L\u00f6sungen\" \/>\n<meta name=\"robots\" content=\"index, follow, max-snippet:-1, max-image-preview:large, max-video-preview:-1\" \/>\n<link rel=\"canonical\" href=\"https:\/\/sistemakalinka.com\/de\/produkt\/intensivseminar-russische-zahlen\/\" \/>\n<meta property=\"og:locale\" content=\"de_DE\" \/>\n<meta property=\"og:type\" content=\"article\" \/>\n<meta property=\"og:title\" content=\"Intensiv-Grammatikseminar: Die komplexe Welt der russischen Zahlen - Sistema Kalinka\" \/>\n<meta property=\"og:description\" content=\"Webinar \u00fcber die russischen Zahlen: Kardinalzahlen, Ordnungszahlen, Datums- und Mengenangaben uvm. Video mit PDF-Material und \u00dcbungen inkl. L\u00f6sungen\" \/>\n<meta property=\"og:url\" content=\"https:\/\/sistemakalinka.com\/de\/produkt\/intensivseminar-russische-zahlen\/\" \/>\n<meta property=\"og:site_name\" content=\"Sistema Kalinka\" \/>\n<meta property=\"article:modified_time\" content=\"2026-01-07T03:33:35+00:00\" \/>\n<meta property=\"og:image\" content=\"https:\/\/sistemakalinka.com\/wp-content\/uploads\/W02_DE.jpg\" \/>\n\t<meta property=\"og:image:width\" content=\"800\" \/>\n\t<meta property=\"og:image:height\" content=\"800\" \/>\n\t<meta property=\"og:image:type\" content=\"image\/jpeg\" \/>\n<meta name=\"twitter:card\" content=\"summary_large_image\" \/>\n<meta name=\"twitter:label1\" content=\"Gesch\u00e4tzte Lesezeit\" \/>\n\t<meta name=\"twitter:data1\" content=\"3\u00a0Minuten\" \/>\n<script type=\"application\/ld+json\" class=\"yoast-schema-graph\">{\"@context\":\"https:\\\/\\\/schema.org\",\"@graph\":[{\"@type\":\"WebPage\",\"@id\":\"https:\\\/\\\/sistemakalinka.com\\\/de\\\/produkt\\\/intensivseminar-russische-zahlen\\\/\",\"url\":\"https:\\\/\\\/sistemakalinka.com\\\/de\\\/produkt\\\/intensivseminar-russische-zahlen\\\/\",\"name\":\"Intensiv-Grammatikseminar: Die komplexe Welt der russischen Zahlen - Sistema Kalinka\",\"isPartOf\":{\"@id\":\"https:\\\/\\\/sistemakalinka.com\\\/de\\\/#website\"},\"primaryImageOfPage\":{\"@id\":\"https:\\\/\\\/sistemakalinka.com\\\/de\\\/produkt\\\/intensivseminar-russische-zahlen\\\/#primaryimage\"},\"image\":{\"@id\":\"https:\\\/\\\/sistemakalinka.com\\\/de\\\/produkt\\\/intensivseminar-russische-zahlen\\\/#primaryimage\"},\"thumbnailUrl\":\"https:\\\/\\\/sistemakalinka.com\\\/wp-content\\\/uploads\\\/W02_DE.jpg\",\"datePublished\":\"2022-08-24T12:37:49+00:00\",\"dateModified\":\"2026-01-07T03:33:35+00:00\",\"description\":\"Webinar \u00fcber die russischen Zahlen: Kardinalzahlen, Ordnungszahlen, Datums- und Mengenangaben uvm. Video mit PDF-Material und \u00dcbungen inkl. L\u00f6sungen\",\"breadcrumb\":{\"@id\":\"https:\\\/\\\/sistemakalinka.com\\\/de\\\/produkt\\\/intensivseminar-russische-zahlen\\\/#breadcrumb\"},\"inLanguage\":\"de\",\"potentialAction\":[{\"@type\":\"ReadAction\",\"target\":[\"https:\\\/\\\/sistemakalinka.com\\\/de\\\/produkt\\\/intensivseminar-russische-zahlen\\\/\"]}]},{\"@type\":\"ImageObject\",\"inLanguage\":\"de\",\"@id\":\"https:\\\/\\\/sistemakalinka.com\\\/de\\\/produkt\\\/intensivseminar-russische-zahlen\\\/#primaryimage\",\"url\":\"https:\\\/\\\/sistemakalinka.com\\\/wp-content\\\/uploads\\\/W02_DE.jpg\",\"contentUrl\":\"https:\\\/\\\/sistemakalinka.com\\\/wp-content\\\/uploads\\\/W02_DE.jpg\",\"width\":800,\"height\":800},{\"@type\":\"BreadcrumbList\",\"@id\":\"https:\\\/\\\/sistemakalinka.com\\\/de\\\/produkt\\\/intensivseminar-russische-zahlen\\\/#breadcrumb\",\"itemListElement\":[{\"@type\":\"ListItem\",\"position\":1,\"name\":\"Home\",\"item\":\"https:\\\/\\\/sistemakalinka.com\\\/de\\\/\"},{\"@type\":\"ListItem\",\"position\":2,\"name\":\"Shop\",\"item\":\"https:\\\/\\\/sistemakalinka.com\\\/shop\\\/\"},{\"@type\":\"ListItem\",\"position\":3,\"name\":\"Intensiv-Grammatikseminar: Die komplexe Welt der russischen Zahlen\"}]},{\"@type\":\"WebSite\",\"@id\":\"https:\\\/\\\/sistemakalinka.com\\\/de\\\/#website\",\"url\":\"https:\\\/\\\/sistemakalinka.com\\\/de\\\/\",\"name\":\"Sistema Kalinka\",\"description\":\"Learn Russian with us\",\"potentialAction\":[{\"@type\":\"SearchAction\",\"target\":{\"@type\":\"EntryPoint\",\"urlTemplate\":\"https:\\\/\\\/sistemakalinka.com\\\/de\\\/?s={search_term_string}\"},\"query-input\":{\"@type\":\"PropertyValueSpecification\",\"valueRequired\":true,\"valueName\":\"search_term_string\"}}],\"inLanguage\":\"de\"}]}<\/script>\n<!-- \/ Yoast SEO plugin. -->","yoast_head_json":{"title":"Intensiv-Grammatikseminar: Die komplexe Welt der russischen Zahlen - Sistema Kalinka","description":"Webinar \u00fcber die russischen Zahlen: Kardinalzahlen, Ordnungszahlen, Datums- und Mengenangaben uvm. Video mit PDF-Material und \u00dcbungen inkl. L\u00f6sungen","robots":{"index":"index","follow":"follow","max-snippet":"max-snippet:-1","max-image-preview":"max-image-preview:large","max-video-preview":"max-video-preview:-1"},"canonical":"https:\/\/sistemakalinka.com\/de\/produkt\/intensivseminar-russische-zahlen\/","og_locale":"de_DE","og_type":"article","og_title":"Intensiv-Grammatikseminar: Die komplexe Welt der russischen Zahlen - Sistema Kalinka","og_description":"Webinar \u00fcber die russischen Zahlen: Kardinalzahlen, Ordnungszahlen, Datums- und Mengenangaben uvm. Video mit PDF-Material und \u00dcbungen inkl. L\u00f6sungen","og_url":"https:\/\/sistemakalinka.com\/de\/produkt\/intensivseminar-russische-zahlen\/","og_site_name":"Sistema Kalinka","article_modified_time":"2026-01-07T03:33:35+00:00","og_image":[{"width":800,"height":800,"url":"https:\/\/sistemakalinka.com\/wp-content\/uploads\/W02_DE.jpg","type":"image\/jpeg"}],"twitter_card":"summary_large_image","twitter_misc":{"Gesch\u00e4tzte Lesezeit":"3\u00a0Minuten"},"schema":{"@context":"https:\/\/schema.org","@graph":[{"@type":"WebPage","@id":"https:\/\/sistemakalinka.com\/de\/produkt\/intensivseminar-russische-zahlen\/","url":"https:\/\/sistemakalinka.com\/de\/produkt\/intensivseminar-russische-zahlen\/","name":"Intensiv-Grammatikseminar: Die komplexe Welt der russischen Zahlen - Sistema Kalinka","isPartOf":{"@id":"https:\/\/sistemakalinka.com\/de\/#website"},"primaryImageOfPage":{"@id":"https:\/\/sistemakalinka.com\/de\/produkt\/intensivseminar-russische-zahlen\/#primaryimage"},"image":{"@id":"https:\/\/sistemakalinka.com\/de\/produkt\/intensivseminar-russische-zahlen\/#primaryimage"},"thumbnailUrl":"https:\/\/sistemakalinka.com\/wp-content\/uploads\/W02_DE.jpg","datePublished":"2022-08-24T12:37:49+00:00","dateModified":"2026-01-07T03:33:35+00:00","description":"Webinar \u00fcber die russischen Zahlen: Kardinalzahlen, Ordnungszahlen, Datums- und Mengenangaben uvm. Video mit PDF-Material und \u00dcbungen inkl. L\u00f6sungen","breadcrumb":{"@id":"https:\/\/sistemakalinka.com\/de\/produkt\/intensivseminar-russische-zahlen\/#breadcrumb"},"inLanguage":"de","potentialAction":[{"@type":"ReadAction","target":["https:\/\/sistemakalinka.com\/de\/produkt\/intensivseminar-russische-zahlen\/"]}]},{"@type":"ImageObject","inLanguage":"de","@id":"https:\/\/sistemakalinka.com\/de\/produkt\/intensivseminar-russische-zahlen\/#primaryimage","url":"https:\/\/sistemakalinka.com\/wp-content\/uploads\/W02_DE.jpg","contentUrl":"https:\/\/sistemakalinka.com\/wp-content\/uploads\/W02_DE.jpg","width":800,"height":800},{"@type":"BreadcrumbList","@id":"https:\/\/sistemakalinka.com\/de\/produkt\/intensivseminar-russische-zahlen\/#breadcrumb","itemListElement":[{"@type":"ListItem","position":1,"name":"Home","item":"https:\/\/sistemakalinka.com\/de\/"},{"@type":"ListItem","position":2,"name":"Shop","item":"https:\/\/sistemakalinka.com\/shop\/"},{"@type":"ListItem","position":3,"name":"Intensiv-Grammatikseminar: Die komplexe Welt der russischen Zahlen"}]},{"@type":"WebSite","@id":"https:\/\/sistemakalinka.com\/de\/#website","url":"https:\/\/sistemakalinka.com\/de\/","name":"Sistema Kalinka","description":"Learn Russian with us","potentialAction":[{"@type":"SearchAction","target":{"@type":"EntryPoint","urlTemplate":"https:\/\/sistemakalinka.com\/de\/?s={search_term_string}"},"query-input":{"@type":"PropertyValueSpecification","valueRequired":true,"valueName":"search_term_string"}}],"inLanguage":"de"}]}},"_links":{"self":[{"href":"https:\/\/sistemakalinka.com\/de\/wp-json\/wp\/v2\/product\/29963","targetHints":{"allow":["GET"]}}],"collection":[{"href":"https:\/\/sistemakalinka.com\/de\/wp-json\/wp\/v2\/product"}],"about":[{"href":"https:\/\/sistemakalinka.com\/de\/wp-json\/wp\/v2\/types\/product"}],"replies":[{"embeddable":true,"href":"https:\/\/sistemakalinka.com\/de\/wp-json\/wp\/v2\/comments?post=29963"}],"wp:featuredmedia":[{"embeddable":true,"href":"https:\/\/sistemakalinka.com\/de\/wp-json\/wp\/v2\/media\/29672"}],"wp:attachment":[{"href":"https:\/\/sistemakalinka.com\/de\/wp-json\/wp\/v2\/media?parent=29963"}],"wp:term":[{"taxonomy":"product_brand","embeddable":true,"href":"https:\/\/sistemakalinka.com\/de\/wp-json\/wp\/v2\/product_brand?post=29963"},{"taxonomy":"product_cat","embeddable":true,"href":"https:\/\/sistemakalinka.com\/de\/wp-json\/wp\/v2\/product_cat?post=29963"},{"taxonomy":"product_tag","embeddable":true,"href":"https:\/\/sistemakalinka.com\/de\/wp-json\/wp\/v2\/product_tag?post=29963"}],"curies":[{"name":"wp","href":"https:\/\/api.w.org\/{rel}","templated":true}]}}