{"id":29969,"date":"2020-05-25T16:01:45","date_gmt":"2022-08-24T13:04:50","guid":{"rendered":"https:\/\/sistemakalinka.com\/?post_type=product&#038;p=29969"},"modified":"2026-01-04T16:49:50","modified_gmt":"2026-01-04T15:49:50","slug":"intensivseminar-russische-verben","status":"publish","type":"product","link":"https:\/\/sistemakalinka.com\/de\/produkt\/intensivseminar-russische-verben\/","title":{"rendered":"Intensiv-Grammatikseminar: Russische Verben &#8211; Aspekte und Partizipien"},"content":{"rendered":"<div class=\"container-fluid\">\r\n   <div class=\"row\">\r\n      <div class=\"col-sm-3 col-xs-12\"><img decoding=\"async\" class=\"prueba-7-dias-imagen\" src=\"\/wp-content\/uploads\/probe-7-tage.png\" \/><\/div>\r\n      <div class=\"prueba-7-dias-texto\">\r\n         <h2>Probier&#8217;s aus: Video-Seminar 7 Tage lang testen<\/h2>\r\n         <ul class=\"prueba-7-dias-lista\">\r\n            <li>Nach dem Kauf dieser Intensive Lesson<\/li>\r\n            <li>Du kannst das Seminar 7 Tage lang kennenlernen. Wenn du nicht 100% zufrieden bist&#8230;<\/li>\r\n            <li>&#8230; dann schreibe uns eine E-Mail und wir <span style=\"text-decoration: underline;\">erstatten dir den vollen Kaufpreis zur\u00fcck.<\/span><\/li>\r\n         <\/ul>\r\n      <\/div>\r\n   <\/div>\r\n   <div class=\"row\">\r\n      <div class=\"col-md-6 col-sm-12 col-xs-12\"><img decoding=\"async\" src=\"\/wp-content\/uploads\/promo-w04-a-de.png\" \/><\/div>\r\n      <div class=\"col-md-6 col-sm-12 col-xs-12\"><img decoding=\"async\" src=\"\/wp-content\/uploads\/promo-w01-b-de.png\" \/><\/div>\r\n   <\/div>\r\n   <div class=\"row\">\r\n      <div class=\"col-md-6 col-sm-12 col-xs-12\">\r\n         <h3>Webinar-Inhalt:<\/h3>\r\n         <p>Dieses Online-Seminar der Russisch-Expertin Anastasia Chulkova dauert 90-Minuten. Seminarsprache: Englisch.<\/p>\r\n         <ul>\r\n            <li>Einf\u00fchrung: Aspekte der russischen Verben<\/li>\r\n            <li>Bedeutung und Verwendung russischer Verben je nach Aspekt und Zeitform<\/li>\r\n            <li>Imperativ, Infinitiv und Verbpaare (mit und ohne Pr\u00e4fix) in den Aspekten<\/li>\r\n            <li>Partizipien: Bildung des Verb-\u00e4hnlichen  (\u0434\u0435\u0435\u043f\u0440\u0438\u0447\u0430\u0441\u0442\u0438\u0435) und des Adjektiv-\u00e4hnlichen (\u043f\u0440\u0438\u0447\u0430\u0441\u0442\u0438\u0435) Partizips<\/li>\r\n            <li>Verwendung und n\u00fctzliche Hinweise<\/li>\r\n            <li>Praxisteil<\/li>\r\n         <\/ul>\r\n         <h3>Der Kauf des Webinars beinhaltet:<\/h3>\r\n         <div class=\"mi-cuadro-importante\">\r\n            <ul>\r\n               <li>Zeitlich unbegrenzter Zugang zum Videoseminar (90 Minuten)<\/li>\r\n               <li>Arbeitsmaterialien mit Tabellen und \u00fcbungen (PDF)<\/li>\r\n               <li>Teilnahmebescheinigung<\/li>\r\n               <li>Ein Jahr lang kannst du per E-Mail Fragen zum Seminar stellen<\/li>\r\n            <\/ul>\r\n         <\/div>\r\n      <\/div>\r\n      <div class=\"row\">\r\n         <div class=\"col-lg-6 col-md-6 col-sm-6 col-xs-12\">\r\n            <h3>Ausz\u00fcge aus dem Arbeitsmaterial<\/h3>\r\n            <p class=\"hidden-xs\">M\u00f6chtest du einen Blick in unser Arbeitsmaterial werfen? Zum Vergr\u00f6&szlig;ern hier klicken:<\/p>\r\n            <p class=\"hidden-lg hidden-md hidden-sm visible-xs-block\">Ausz\u00fcge aus dem Arbeitsmaterial ansehen:<\/p>\r\n            <div class=\"row mi-galeria-producto\"><a title=\"Ausz\u00fcge aus dem Arbeitsmaterial\" href=\"\/wp-content\/uploads\/webinar-materials_the_russian_verb_01.jpg\" data-fancybox=\"gallery\"><img decoding=\"async\" id=\"thumb_296\" class=\"col-lg-6 col-md-12 col-sm-12 col-xs-12\" title=\"Ausz\u00fcge aus dem Arbeitsmaterial\" src=\"\/wp-content\/uploads\/webinar-materials_the_russian_verb_01.jpg\" alt=\"Ausz\u00fcge aus dem Arbeitsmaterial\" \/><\/a> <a title=\"Ausz\u00fcge aus dem Arbeitsmaterial\" href=\"\/wp-content\/uploads\/webinar-materials_the_russian_verb_02.jpg\" data-fancybox=\"gallery\"><img decoding=\"async\" id=\"thumb_296\" class=\"col-lg-6 col-md-12 col-sm-12 col-xs-12\" title=\"Ausz\u00fcge aus dem Arbeitsmaterial\" src=\"\/wp-content\/uploads\/webinar-materials_the_russian_verb_02.jpg\" alt=\"Ausz\u00fcge aus dem Arbeitsmaterial\" \/><\/a> <a title=\"Ausz\u00fcge aus dem Arbeitsmaterial\" href=\"\/wp-content\/uploads\/webinar-materials_the_russian_verb_03.jpg\" data-fancybox=\"gallery\"><img decoding=\"async\" id=\"thumb_296\" class=\"col-lg-6 col-md-12 col-sm-12 col-xs-12\" title=\"Ausz\u00fcge aus dem Arbeitsmaterial\" src=\"\/wp-content\/uploads\/webinar-materials_the_russian_verb_03.jpg\" alt=\"Ausz\u00fcge aus dem Arbeitsmaterial\" \/><\/a> <a title=\"Ausz\u00fcge aus dem Arbeitsmaterial\" href=\"\/wp-content\/uploads\/webinar-materials_the_russian_verb_04.jpg\" data-fancybox=\"gallery\"><img decoding=\"async\" id=\"thumb_296\" class=\"col-lg-6 col-md-12 col-sm-12 col-xs-12\" title=\"Ausz\u00fcge aus dem Arbeitsmaterial\" src=\"\/wp-content\/uploads\/webinar-materials_the_russian_verb_04.jpg\" alt=\"Ausz\u00fcge aus dem Arbeitsmaterial\" \/><\/a><\/div>\r\n         <\/div>\r\n      <\/div>\r\n      <div class=\"row\">\r\n         <div class=\"col-xs-12\">\r\n            <h3>Intensiv-Grammatikseminar per Video: Verbessere dein Russisch in 90 Minuten<\/h3>\r\n            <p>M\u00f6chtest du deine Kenntnisse eines konkreten russischen Grammatikthemas mit einem kurzen, kompakten Kurs verbessern? Dann sind unsere 90 min\u00fctigen &bdquo;Intensiv-Grammatikseminare&ldquo; genau das Richtige. In jedem Video-Seminar erl\u00e4utert unsere <strong>Russischexpertin Anastasia Chulkova einen Aspekt der Grammatik<\/strong> leicht  verst\u00e4ndlich. Sie gibt wertvolle Tipps und beantwortet per E-Mail Fragen. Inklusive \u00dcbungen mit L\u00f6sungen.<\/p><img decoding=\"async\" src=\"\/wp-content\/uploads\/promo-categoria-DE.png\" \/><\/div>\r\n      <\/div>\r\n   <\/div>\r\n<\/div>","protected":false},"excerpt":{"rendered":"<div class=\"container-fluid\">\r\n   <div class=\"row\">\r\n      <div class=\"col-xs-12\">\r\n         <div class=\"mi-cuadro-importante\">Verbessere dein Russisch mit diesem Intensiv-Grammatikseminar.<\/div>\r\n         <p>Dieses Online-Seminar der Russisch-Expertin Anastasia Chulkova dauert 90-Minuten. Seminarsprache: Englisch. Lerne <strong>alles Wichtige \u00fcber die russischen Verben: Aspekte, Partizipien sowie andere Verwendungstipps.<\/strong> Dieses Seminar ist sowohl f\u00fcr Anf\u00e4nger als auch Fortgeschrittene sehr hilfreich. Inhalt:<\/p>\r\n         <ul>\r\n            <li>Der vollendete und unvollendete Aspekt und die Zeitformen: Wie wird der Aspekt der russischer Verben in Futur, Pr\u00e4sens und Pr\u00e4teritum ausgedr\u00fcckt<\/li>\r\n            <li>Einfache und komplexe Verwendung<\/li>\r\n            <li>Aspekt-Verbpaare &#8211; Vollendete und unvollendete Verben mit und ohne Pr\u00e4fix<\/li>\r\n            <li>Verwendung des Infinitivs je nach Aspekt<\/li>\r\n            <li>Verwendung des Imperativs je nach Aspekt<\/li>\r\n            <li>Bedeutungsunterschiede je nach Aspekt in spezifischen Kontexten<\/li>\r\n            <li>Verb-\u00e4hnliche Partizipien (\u0434\u0435\u0435\u043f\u0440\u0438\u0447\u0430\u0441\u0442\u0438\u0435).<\/li>\r\n            <li>Adjektiv-\u00e4hnliche Partizipien (\u043f\u0440\u0438\u0447\u0430\u0441\u0442\u0438\u0435).<\/li>\r\n         <\/ul>\r\n         <div class=\"mi-cuadro-importante\">Beinhaltet Unterrichtsmaterialien + <strong>zeitlich unbegrenzter Zugang<\/strong> zum Seminarvideo + die M\u00f6glichkeit, ein Jahr lang per E-Mail fragen dazu zu stellen.<\/div>\r\n         <p><span class=\"mi-cuadro-importante\">Du kannst das Seminar <span style=\"color: #d0121a;\"><strong>7 Tage lang kennenlernen<\/strong>.<\/span> Wenn du nicht 100% zufrieden bist, erstatten wir dir dein Geld zur\u00fcck.<\/span><\/p>\r\n      <\/div>\r\n   <\/div>\r\n<\/div>","protected":false},"featured_media":29678,"comment_status":"open","ping_status":"closed","template":"","meta":[],"product_brand":[],"product_cat":[195],"product_tag":[],"class_list":{"0":"post-29969","1":"product","2":"type-product","3":"status-publish","4":"has-post-thumbnail","6":"product_cat-intensiv-seminare","8":"first","9":"instock","10":"virtual","11":"purchasable","12":"product-type-simple"},"yoast_head":"<!-- This site is optimized with the Yoast SEO plugin v27.5 - https:\/\/yoast.com\/product\/yoast-seo-wordpress\/ -->\n<title>Intensiv-Grammatikseminar: Russische Verben - Aspekte und Partizipien - Sistema Kalinka<\/title>\n<meta name=\"robots\" content=\"index, follow, max-snippet:-1, max-image-preview:large, max-video-preview:-1\" \/>\n<link rel=\"canonical\" href=\"https:\/\/sistemakalinka.com\/de\/produkt\/intensivseminar-russische-verben\/\" \/>\n<meta property=\"og:locale\" content=\"de_DE\" \/>\n<meta property=\"og:type\" content=\"article\" \/>\n<meta property=\"og:title\" content=\"Intensiv-Grammatikseminar: Russische Verben - Aspekte und Partizipien - Sistema Kalinka\" \/>\n<meta property=\"og:description\" content=\"Verbessere dein Russisch mit diesem Intensiv-Grammatikseminar.      Dieses Online-Seminar der Russisch-Expertin Anastasia Chulkova dauert 90-Minuten. Seminarsprache: Englisch. Lerne alles Wichtige \u00fcber die russischen Verben: Aspekte, Partizipien sowie andere Verwendungstipps. Dieses Seminar ist sowohl f\u00fcr Anf\u00e4nger als auch Fortgeschrittene sehr hilfreich. Inhalt:             Der vollendete und unvollendete Aspekt und die Zeitformen: Wie wird der Aspekt der russischer Verben in Futur, Pr\u00e4sens und Pr\u00e4teritum ausgedr\u00fcckt       Einfache und komplexe Verwendung       Aspekt-Verbpaare - Vollendete und unvollendete Verben mit und ohne Pr\u00e4fix       Verwendung des Infinitivs je nach Aspekt       Verwendung des Imperativs je nach Aspekt       Bedeutungsunterschiede je nach Aspekt in spezifischen Kontexten       Verb-\u00e4hnliche Partizipien (\u0434\u0435\u0435\u043f\u0440\u0438\u0447\u0430\u0441\u0442\u0438\u0435).       Adjektiv-\u00e4hnliche Partizipien (\u043f\u0440\u0438\u0447\u0430\u0441\u0442\u0438\u0435).           Beinhaltet Unterrichtsmaterialien + zeitlich unbegrenzter Zugang zum Seminarvideo + die M\u00f6glichkeit, ein Jahr lang per E-Mail fragen dazu zu stellen.      Du kannst das Seminar 7 Tage lang kennenlernen. Wenn du nicht 100% zufrieden bist, erstatten wir dir dein Geld zur\u00fcck.\" \/>\n<meta property=\"og:url\" content=\"https:\/\/sistemakalinka.com\/de\/produkt\/intensivseminar-russische-verben\/\" \/>\n<meta property=\"og:site_name\" content=\"Sistema Kalinka\" \/>\n<meta property=\"article:modified_time\" content=\"2026-01-04T15:49:50+00:00\" \/>\n<meta property=\"og:image\" content=\"https:\/\/sistemakalinka.com\/wp-content\/uploads\/W04_DE.jpg\" \/>\n\t<meta property=\"og:image:width\" content=\"800\" \/>\n\t<meta property=\"og:image:height\" content=\"800\" \/>\n\t<meta property=\"og:image:type\" content=\"image\/jpeg\" \/>\n<meta name=\"twitter:card\" content=\"summary_large_image\" \/>\n<meta name=\"twitter:label1\" content=\"Gesch\u00e4tzte Lesezeit\" \/>\n\t<meta name=\"twitter:data1\" content=\"3\u00a0Minuten\" \/>\n<script type=\"application\/ld+json\" class=\"yoast-schema-graph\">{\"@context\":\"https:\\\/\\\/schema.org\",\"@graph\":[{\"@type\":\"WebPage\",\"@id\":\"https:\\\/\\\/sistemakalinka.com\\\/de\\\/produkt\\\/intensivseminar-russische-verben\\\/\",\"url\":\"https:\\\/\\\/sistemakalinka.com\\\/de\\\/produkt\\\/intensivseminar-russische-verben\\\/\",\"name\":\"Intensiv-Grammatikseminar: Russische Verben - Aspekte und Partizipien - Sistema Kalinka\",\"isPartOf\":{\"@id\":\"https:\\\/\\\/sistemakalinka.com\\\/de\\\/#website\"},\"primaryImageOfPage\":{\"@id\":\"https:\\\/\\\/sistemakalinka.com\\\/de\\\/produkt\\\/intensivseminar-russische-verben\\\/#primaryimage\"},\"image\":{\"@id\":\"https:\\\/\\\/sistemakalinka.com\\\/de\\\/produkt\\\/intensivseminar-russische-verben\\\/#primaryimage\"},\"thumbnailUrl\":\"https:\\\/\\\/sistemakalinka.com\\\/wp-content\\\/uploads\\\/W04_DE.jpg\",\"datePublished\":\"2022-08-24T13:04:50+00:00\",\"dateModified\":\"2026-01-04T15:49:50+00:00\",\"breadcrumb\":{\"@id\":\"https:\\\/\\\/sistemakalinka.com\\\/de\\\/produkt\\\/intensivseminar-russische-verben\\\/#breadcrumb\"},\"inLanguage\":\"de\",\"potentialAction\":[{\"@type\":\"ReadAction\",\"target\":[\"https:\\\/\\\/sistemakalinka.com\\\/de\\\/produkt\\\/intensivseminar-russische-verben\\\/\"]}]},{\"@type\":\"ImageObject\",\"inLanguage\":\"de\",\"@id\":\"https:\\\/\\\/sistemakalinka.com\\\/de\\\/produkt\\\/intensivseminar-russische-verben\\\/#primaryimage\",\"url\":\"https:\\\/\\\/sistemakalinka.com\\\/wp-content\\\/uploads\\\/W04_DE.jpg\",\"contentUrl\":\"https:\\\/\\\/sistemakalinka.com\\\/wp-content\\\/uploads\\\/W04_DE.jpg\",\"width\":800,\"height\":800},{\"@type\":\"BreadcrumbList\",\"@id\":\"https:\\\/\\\/sistemakalinka.com\\\/de\\\/produkt\\\/intensivseminar-russische-verben\\\/#breadcrumb\",\"itemListElement\":[{\"@type\":\"ListItem\",\"position\":1,\"name\":\"Home\",\"item\":\"https:\\\/\\\/sistemakalinka.com\\\/de\\\/\"},{\"@type\":\"ListItem\",\"position\":2,\"name\":\"Shop\",\"item\":\"https:\\\/\\\/sistemakalinka.com\\\/shop\\\/\"},{\"@type\":\"ListItem\",\"position\":3,\"name\":\"Intensiv-Grammatikseminar: Russische Verben &#8211; Aspekte und Partizipien\"}]},{\"@type\":\"WebSite\",\"@id\":\"https:\\\/\\\/sistemakalinka.com\\\/de\\\/#website\",\"url\":\"https:\\\/\\\/sistemakalinka.com\\\/de\\\/\",\"name\":\"Sistema Kalinka\",\"description\":\"Learn Russian with us\",\"potentialAction\":[{\"@type\":\"SearchAction\",\"target\":{\"@type\":\"EntryPoint\",\"urlTemplate\":\"https:\\\/\\\/sistemakalinka.com\\\/de\\\/?s={search_term_string}\"},\"query-input\":{\"@type\":\"PropertyValueSpecification\",\"valueRequired\":true,\"valueName\":\"search_term_string\"}}],\"inLanguage\":\"de\"}]}<\/script>\n<!-- \/ Yoast SEO plugin. -->","yoast_head_json":{"title":"Intensiv-Grammatikseminar: Russische Verben - Aspekte und Partizipien - Sistema Kalinka","robots":{"index":"index","follow":"follow","max-snippet":"max-snippet:-1","max-image-preview":"max-image-preview:large","max-video-preview":"max-video-preview:-1"},"canonical":"https:\/\/sistemakalinka.com\/de\/produkt\/intensivseminar-russische-verben\/","og_locale":"de_DE","og_type":"article","og_title":"Intensiv-Grammatikseminar: Russische Verben - Aspekte und Partizipien - Sistema Kalinka","og_description":"Verbessere dein Russisch mit diesem Intensiv-Grammatikseminar.      Dieses Online-Seminar der Russisch-Expertin Anastasia Chulkova dauert 90-Minuten. Seminarsprache: Englisch. Lerne alles Wichtige \u00fcber die russischen Verben: Aspekte, Partizipien sowie andere Verwendungstipps. Dieses Seminar ist sowohl f\u00fcr Anf\u00e4nger als auch Fortgeschrittene sehr hilfreich. Inhalt:             Der vollendete und unvollendete Aspekt und die Zeitformen: Wie wird der Aspekt der russischer Verben in Futur, Pr\u00e4sens und Pr\u00e4teritum ausgedr\u00fcckt       Einfache und komplexe Verwendung       Aspekt-Verbpaare - Vollendete und unvollendete Verben mit und ohne Pr\u00e4fix       Verwendung des Infinitivs je nach Aspekt       Verwendung des Imperativs je nach Aspekt       Bedeutungsunterschiede je nach Aspekt in spezifischen Kontexten       Verb-\u00e4hnliche Partizipien (\u0434\u0435\u0435\u043f\u0440\u0438\u0447\u0430\u0441\u0442\u0438\u0435).       Adjektiv-\u00e4hnliche Partizipien (\u043f\u0440\u0438\u0447\u0430\u0441\u0442\u0438\u0435).           Beinhaltet Unterrichtsmaterialien + zeitlich unbegrenzter Zugang zum Seminarvideo + die M\u00f6glichkeit, ein Jahr lang per E-Mail fragen dazu zu stellen.      Du kannst das Seminar 7 Tage lang kennenlernen. Wenn du nicht 100% zufrieden bist, erstatten wir dir dein Geld zur\u00fcck.","og_url":"https:\/\/sistemakalinka.com\/de\/produkt\/intensivseminar-russische-verben\/","og_site_name":"Sistema Kalinka","article_modified_time":"2026-01-04T15:49:50+00:00","og_image":[{"width":800,"height":800,"url":"https:\/\/sistemakalinka.com\/wp-content\/uploads\/W04_DE.jpg","type":"image\/jpeg"}],"twitter_card":"summary_large_image","twitter_misc":{"Gesch\u00e4tzte Lesezeit":"3\u00a0Minuten"},"schema":{"@context":"https:\/\/schema.org","@graph":[{"@type":"WebPage","@id":"https:\/\/sistemakalinka.com\/de\/produkt\/intensivseminar-russische-verben\/","url":"https:\/\/sistemakalinka.com\/de\/produkt\/intensivseminar-russische-verben\/","name":"Intensiv-Grammatikseminar: Russische Verben - Aspekte und Partizipien - Sistema Kalinka","isPartOf":{"@id":"https:\/\/sistemakalinka.com\/de\/#website"},"primaryImageOfPage":{"@id":"https:\/\/sistemakalinka.com\/de\/produkt\/intensivseminar-russische-verben\/#primaryimage"},"image":{"@id":"https:\/\/sistemakalinka.com\/de\/produkt\/intensivseminar-russische-verben\/#primaryimage"},"thumbnailUrl":"https:\/\/sistemakalinka.com\/wp-content\/uploads\/W04_DE.jpg","datePublished":"2022-08-24T13:04:50+00:00","dateModified":"2026-01-04T15:49:50+00:00","breadcrumb":{"@id":"https:\/\/sistemakalinka.com\/de\/produkt\/intensivseminar-russische-verben\/#breadcrumb"},"inLanguage":"de","potentialAction":[{"@type":"ReadAction","target":["https:\/\/sistemakalinka.com\/de\/produkt\/intensivseminar-russische-verben\/"]}]},{"@type":"ImageObject","inLanguage":"de","@id":"https:\/\/sistemakalinka.com\/de\/produkt\/intensivseminar-russische-verben\/#primaryimage","url":"https:\/\/sistemakalinka.com\/wp-content\/uploads\/W04_DE.jpg","contentUrl":"https:\/\/sistemakalinka.com\/wp-content\/uploads\/W04_DE.jpg","width":800,"height":800},{"@type":"BreadcrumbList","@id":"https:\/\/sistemakalinka.com\/de\/produkt\/intensivseminar-russische-verben\/#breadcrumb","itemListElement":[{"@type":"ListItem","position":1,"name":"Home","item":"https:\/\/sistemakalinka.com\/de\/"},{"@type":"ListItem","position":2,"name":"Shop","item":"https:\/\/sistemakalinka.com\/shop\/"},{"@type":"ListItem","position":3,"name":"Intensiv-Grammatikseminar: Russische Verben &#8211; Aspekte und Partizipien"}]},{"@type":"WebSite","@id":"https:\/\/sistemakalinka.com\/de\/#website","url":"https:\/\/sistemakalinka.com\/de\/","name":"Sistema Kalinka","description":"Learn Russian with us","potentialAction":[{"@type":"SearchAction","target":{"@type":"EntryPoint","urlTemplate":"https:\/\/sistemakalinka.com\/de\/?s={search_term_string}"},"query-input":{"@type":"PropertyValueSpecification","valueRequired":true,"valueName":"search_term_string"}}],"inLanguage":"de"}]}},"_links":{"self":[{"href":"https:\/\/sistemakalinka.com\/de\/wp-json\/wp\/v2\/product\/29969","targetHints":{"allow":["GET"]}}],"collection":[{"href":"https:\/\/sistemakalinka.com\/de\/wp-json\/wp\/v2\/product"}],"about":[{"href":"https:\/\/sistemakalinka.com\/de\/wp-json\/wp\/v2\/types\/product"}],"replies":[{"embeddable":true,"href":"https:\/\/sistemakalinka.com\/de\/wp-json\/wp\/v2\/comments?post=29969"}],"wp:featuredmedia":[{"embeddable":true,"href":"https:\/\/sistemakalinka.com\/de\/wp-json\/wp\/v2\/media\/29678"}],"wp:attachment":[{"href":"https:\/\/sistemakalinka.com\/de\/wp-json\/wp\/v2\/media?parent=29969"}],"wp:term":[{"taxonomy":"product_brand","embeddable":true,"href":"https:\/\/sistemakalinka.com\/de\/wp-json\/wp\/v2\/product_brand?post=29969"},{"taxonomy":"product_cat","embeddable":true,"href":"https:\/\/sistemakalinka.com\/de\/wp-json\/wp\/v2\/product_cat?post=29969"},{"taxonomy":"product_tag","embeddable":true,"href":"https:\/\/sistemakalinka.com\/de\/wp-json\/wp\/v2\/product_tag?post=29969"}],"curies":[{"name":"wp","href":"https:\/\/api.w.org\/{rel}","templated":true}]}}