{"id":29999,"date":"2022-08-25T13:50:51","date_gmt":"2022-08-25T11:50:51","guid":{"rendered":"https:\/\/sistemakalinka.com\/?post_type=product&#038;p=29999"},"modified":"2026-01-27T11:50:33","modified_gmt":"2026-01-27T10:50:33","slug":"sistema-kalinka-lehrbuch-02-a1-a2","status":"publish","type":"product","link":"https:\/\/sistemakalinka.com\/de\/produkt\/sistema-kalinka-lehrbuch-02-a1-a2\/","title":{"rendered":"Sistema Kalinka &#8211; Lehrbuch 2 &#8211; Niveau A1-A2 (Printversion)"},"content":{"rendered":"<div class=\"container-fluid\">\r\n   <div class=\"row\">\r\n      <div class=\"col-xs-12\">\r\n         <p><img decoding=\"async\" src=\"\/wp-content\/uploads\/book-sistema-kalinka-banner-letters.png\" \/><\/p>\r\n         <\/p>\r\n         <p>Unsere Erfahrung kommt dir zugute: Wir sind Red Kalinka, die gr\u00f6\u00dfte Russischschule der Welt. Mit unserer <strong><strong>exklusiven Lehrbuchreihe<\/strong> &#8222;Sistema Kalinka&#8220;  kannst du effektiv Russisch lernen und unterrichten. <\/strong> Die Lehrb\u00fccher sind <strong>ausschlie\u00dflich auf Russisch verfasst<\/strong>, so dass Sch\u00fcler und Lehrer weltweit damit arbeiten k\u00f6nnen. Unterhaltsame, auf das jeweilige Niveau zugeschnittene <strong>Texte und Dialoge mit Audios<\/strong>, bilden die Grundlage jeder Lektion. Grammatikalische Konzepte werden schrittweise eingef\u00fchrt, was ein <strong>nat\u00fcrliches, m\u00fcheloses Erfassen<\/strong> erm\u00f6glicht.\r\n         <\/p>\r\n         <p><strong>Das Lehrwerk &#8222;Sistema  Kalinka 2&#8220; umfasst 10 Lektionen. <\/strong>Jede Lektion beinhaltet eine Vokabelliste (mit Audio), einen Text (mit Audio), Dialoge (mit Audio), Grammatik\u00fcbersichten sowie \u00dcbungen (mit L\u00f6sungen). Hier kannst du unser Material kennenlernen:\r\n         <\/p>\r\n      <\/div>\r\n   <\/div>\r\n   <div class=\"row\">\r\n      <div class=\"col-lg-6 col-md-6 col-sm-6 col-xs-12\">\r\n         <h3>Auszug aus diesem Buch h\u00f6ren:<\/h3>\r\n         <p>Auszug anh\u00f6ren: Dialog\r\n         <\/p>\r\n         <p>\r\n            <audio style=\"color: #95b9c7;\" controls=\"controls\"><source src=\"\/wp-content\/uploads\/audio-SIST-02-dialogue.mp3\" type=\"audio\/mpeg\">Ihr Browser unterst\u00fctzt das Audioelement nicht.<\/audio>\r\n         <\/p>\r\n         <p>Auszug anh\u00f6ren: Vokabeln\r\n         <\/p>\r\n         <p>\r\n            <audio style=\"color: #95b9c7;\" controls=\"controls\"><source src=\"\/wp-content\/uploads\/audio-SIST-02-vocabulary.mp3\" type=\"audio\/mpeg\">Ihr Browser unterst\u00fctzt das Audioelement nicht.<\/audio>\r\n         <\/p>\r\n         <p>Auszug anh\u00f6ren: Text\r\n         <\/p>\r\n         <p>\r\n            <audio style=\"color: #95b9c7;\" controls=\"controls\"><source src=\"\/wp-content\/uploads\/audio-SIST-02-text.mp3\" type=\"audio\/mpeg\">Ihr Browser unterst\u00fctzt das Audioelement nicht.<\/audio>\r\n         <\/p>\r\n      <\/div>\r\n      <div class=\"col-lg-6 col-md-6 col-sm-6 col-xs-12\">\r\n            <h3 class=\"hidden-xs\">Ausz\u00fcge aus diesem Buch lesen.<br> Zum Vergr\u00f6\u00dfern hier klicken:<\/h3>\r\n            <h3 class=\"hidden-lg hidden-md hidden-sm visible-xs-block\">Ausz\u00fcge aus diesem Buch lesen:<\/h3>\r\n            <div class=\"row rkfotos\"><a href=\"\/wp-content\/uploads\/book-SIST_02_demo_material_1.jpg\" data-fancybox=\"gallery\" title=\"Sistema Kalinka - Auszug\"><img decoding=\"async\" class=\"col-lg-6 col-md-12 col-sm-12 col-xs-12\" id=\"thumb_296\" src=\"\/wp-content\/uploads\/book-SIST_02_demo_material_1.jpg\" alt=\"Sistema Kalinka - Auszug\" title=\"Sistema Kalinka - Auszug\" itemprop=\"image\"><\/a><a href=\"\/wp-content\/uploads\/book-SIST_02_demo_material_2.jpg\" data-fancybox=\"gallery\" title=\"Sistema Kalinka - Auszug\"><img decoding=\"async\" class=\"col-lg-6 col-md-12 col-sm-12 col-xs-12\" id=\"thumb_296\" src=\"\/wp-content\/uploads\/book-SIST_02_demo_material_2.jpg\" alt=\"Sistema Kalinka - Auszug\" title=\"Sistema Kalinka - Auszug\" itemprop=\"image\"><\/a><a href=\"\/wp-content\/uploads\/book-SIST_02_demo_material_3.jpg\" data-fancybox=\"gallery\" title=\"Sistema Kalinka - Auszug\"><img decoding=\"async\" class=\"col-lg-6 col-md-12 col-sm-12 col-xs-12\" id=\"thumb_296\" src=\"\/wp-content\/uploads\/book-SIST_02_demo_material_3.jpg\" alt=\"Sistema Kalinka - Auszug\" title=\"Sistema Kalinka - Auszug\" itemprop=\"image\"><\/a><a href=\"\/wp-content\/uploads\/book-SIST_02_demo_material_4.jpg\" data-fancybox=\"gallery\" title=\"Sistema Kalinka - Auszug\"><img decoding=\"async\" class=\"col-lg-6 col-md-12 col-sm-12 col-xs-12\" id=\"thumb_296\" src=\"\/wp-content\/uploads\/book-SIST_02_demo_material_4.jpg\" alt=\"Sistema Kalinka - Auszug\" title=\"Sistema Kalinka - Auszug\" itemprop=\"image\"><\/a><a href=\"\/wp-content\/uploads\/book-SIST_02_demo_material_5.jpg\" data-fancybox=\"gallery\" title=\"Sistema Kalinka - Auszug\"><img decoding=\"async\" class=\"col-lg-6 col-md-12 col-sm-12 col-xs-12\" id=\"thumb_296\" src=\"\/wp-content\/uploads\/book-SIST_02_demo_material_5.jpg\" alt=\"Sistema Kalinka - Auszug\" title=\"Sistema Kalinka - Auszug\" itemprop=\"image\"><\/a><a href=\"\/wp-content\/uploads\/book-SIST_02_demo_material_6.jpg\" data-fancybox=\"gallery\" title=\"Sistema Kalinka - Auszug\"><img decoding=\"async\" class=\"col-lg-6 col-md-12 col-sm-12 col-xs-12\" id=\"thumb_296\" src=\"\/wp-content\/uploads\/book-SIST_02_demo_material_6.jpg\" alt=\"Sistema Kalinka - Auszug\" title=\"Sistema Kalinka - Auszug\" itemprop=\"image\"><\/a>\r\n            <\/div>\r\n        <\/div>\r\n    <\/div>\r\n      <\/div>\r\n   <\/div>\r\n   <div class=\"row\">\r\n      <div class=\"col-xs-12\">\r\n         <h2>SISTEMA KALINKA &#8211; BUCH 2 (Niveau A1- A2)<\/h2>\r\n         <p>Inhalts\u00fcbersicht:\r\n         <\/p>\r\n      <\/div>\r\n   <\/div>\r\n   <div class=\"row\">\r\n      <div class=\"col-sm-6 col-xs-12\">\r\n         <p><strong>Grammatik<\/strong>. Russische Grammatik zum Erreichen der Mittelstufe:\r\n         <\/p>\r\n         <ul>\r\n            <li>Unregelm\u00e4\u00dfige Verben und Substantive<\/li>\r\n            <li>Demonstrativpronomen und Pr\u00e4positionen<\/li>\r\n            <li>Der Akkusativ f\u00fcr direkte Objekte<\/li>\r\n            <li>Der Imperativ<\/li>\r\n            <li>Pr\u00e4positional-Endungen im Singular<\/li>\r\n            <li>Pronomen im Dativ ( Angabe von Alter und Vorlieben)<\/li>\r\n            <li>Der Pr\u00e4positional und die Verwendung von Pr\u00e4positionen<\/li>\r\n            <li>Einf\u00fchrung in den Instrumental<\/li>\r\n            <li>Einf\u00fchrung in die Deklination der Zahlen<\/li>\r\n            <li>Verben im Futur<\/li>\r\n         <\/ul>\r\n      <\/div>\r\n      <div class=\"col-sm-6 col-xs-12\">\r\n         <p><strong>Wortschatz<\/strong>. Verbessere dein Russisch und erweitere deinen Wortschatz auf 1000 W\u00f6rter\r\n         <\/p>\r\n         <ul>\r\n            <li>Farben und Beschreibungen<\/li>\r\n            <li>Speisen und Getr\u00e4nke<\/li>\r\n            <li>Kleidung und Schuhe (Damen- und Herrenmode)<\/li>\r\n            <li>Teile der Wohnung und Einrichtung<\/li>\r\n            <li>Monate, Jahreszeiten und Wetter<\/li>\r\n            <li>K\u00f6rperteile Arztbesuch<\/li>\r\n            <li>Verkehrsmittel<\/li>\r\n            <li>Sommer- und Winterurlaub<\/li>\r\n            <li>Zahlen von 10 bis einer Million<\/li>\r\n            <li>Weiterer Grundwortschatz<\/li>\r\n         <\/ul>\r\n      <\/div>\r\n   <\/div>\r\n   <hr>\r\n   <div class=\"row\">\r\n      <div class=\"col-xs-12\">\r\n         <h2>Lerne und unterrichte Russisch \u00fcberall<\/h2>\r\n         <p>Versand in Schutzverpackung. So kommt der Lernstoff sicher an: Wir versenden unsere B\u00fccher verpackt in Luftpolsterfolien oder in verst\u00e4rkten Umschl\u00e4gen. F\u00fcr ein perfektes Lesevergn\u00fcgen!\r\n         <\/p>\r\n      <\/div>\r\n   <\/div>\r\n<\/div>","protected":false},"excerpt":{"rendered":"<div class=\"container-fluid\">\r\n   <div class=\"row\">\r\n      <div class=\"col-xs-12\">\r\n         <!-- este div es la descripcion para Google Shopping-->\r\n         <div hidden=\"\">\r\n            <p>Die Lernmethode von <span style=\"color: #d0121a;\">Sistema Kalinka<\/span> bringt dich Schritt f\u00fcr Schritt zu soliden Russischkenntnissen. In Buch 2 erweiterst du deine Kenntnisse in Grammatik sowie deinen Wortschatz und erreichst damit die Mittelstufe Russisch. Wenn du Buch 2 beendet hast, <strong>beherrschst du mindestens 1000 russische Vokabeln<\/strong>, und verstehst somit bereits 80% der W\u00f6rter in alltagssprachlichen Texten.\r\n            <\/p>\r\n         <\/div>\r\n         <!-- fin de la descripci\u00f3n para Google Shooping-->\r\n         [etiquetas_producto audio=\"60\" paginas=\"180\"]\r\n         <p><span class=\"rkdestacar\">Das beste Russisch-Lehrwerk f\u00fcr Lernende und Lehrende<\/span>\r\n         <\/p>\r\n         <p>Die Lernmethode von <span style=\"color: #d0121a;\">Sistema Kalinka<\/span> bringt dich Schritt f\u00fcr Schritt zu soliden Russischkenntnissen. In Buch 2 erweiterst du deine Kenntnisse in Grammatik sowie deinen Wortschatz und erreichst damit die Mittelstufe Russisch. Wenn du Buch 2 beendet hast, <strong>beherrschst du mindestens 1000 russische Vokabeln<\/strong>, und verstehst somit bereits 80% der W\u00f6rter in alltagssprachlichen Texten.\r\n         <\/p>\r\n         <p>Das Buch gliedert sich in 10 Lektionen. Jede Lektion besteht aus folgenden Teilen: Vokabeln (mit Audio) Dialoge (mit Audio), Text (mit Audio) Grammatik und \u00dcbungen (mit L\u00f6sungen) Das Buch hat <strong>180 Seiten<\/strong> und beinhaltet <strong>60 Minuten H\u00f6rmaterial<\/strong>.\r\n         <\/p>\r\n[imagenes_tipo_libro]\r\n      <\/div>\r\n   <\/div>\r\n<\/div>","protected":false},"featured_media":26235,"comment_status":"open","ping_status":"closed","template":"","meta":[],"product_brand":[],"product_cat":[182,192,185,186],"product_tag":[],"class_list":{"0":"post-29999","1":"product","2":"type-product","3":"status-publish","4":"has-post-thumbnail","6":"product_cat-buecher-zum-russischlernen","7":"product_cat-lehrbuecher","8":"product_cat-printversionen","9":"product_cat-russischbuecher-mit-audio","10":"pa_level-a1-a2-de","12":"first","13":"instock","14":"taxable","15":"shipping-taxable","16":"purchasable","17":"product-type-simple"},"yoast_head":"<!-- This site is optimized with the Yoast SEO plugin v27.4 - https:\/\/yoast.com\/product\/yoast-seo-wordpress\/ -->\n<title>Sistema Kalinka - Lehrbuch 2 - Niveau A1-A2 (Printversion) - Sistema Kalinka<\/title>\n<meta name=\"description\" content=\"Komplettes Lehrwerk, um Schritt f\u00fcr Schritt Russisch zu lernen: Lektionen mit Texten, Dialogen, Vokabellliste, Grammatik\u00fcbersichten und \u00dcbungen. Inklusive Audio.\" \/>\n<meta name=\"robots\" content=\"index, follow, max-snippet:-1, max-image-preview:large, max-video-preview:-1\" \/>\n<link rel=\"canonical\" href=\"https:\/\/sistemakalinka.com\/de\/produkt\/sistema-kalinka-lehrbuch-02-a1-a2\/\" \/>\n<meta property=\"og:locale\" content=\"de_DE\" \/>\n<meta property=\"og:type\" content=\"article\" \/>\n<meta property=\"og:title\" content=\"Sistema Kalinka - Lehrbuch 2 - Niveau A1-A2 (Printversion) - Sistema Kalinka\" \/>\n<meta property=\"og:description\" content=\"Komplettes Lehrwerk, um Schritt f\u00fcr Schritt Russisch zu lernen: Lektionen mit Texten, Dialogen, Vokabellliste, Grammatik\u00fcbersichten und \u00dcbungen. Inklusive Audio.\" \/>\n<meta property=\"og:url\" content=\"https:\/\/sistemakalinka.com\/de\/produkt\/sistema-kalinka-lehrbuch-02-a1-a2\/\" \/>\n<meta property=\"og:site_name\" content=\"Sistema Kalinka\" \/>\n<meta property=\"article:modified_time\" content=\"2026-01-27T10:50:33+00:00\" \/>\n<meta property=\"og:image\" content=\"https:\/\/sistemakalinka.com\/wp-content\/uploads\/SIST_02_ru_paper.jpg\" \/>\n\t<meta property=\"og:image:width\" content=\"955\" \/>\n\t<meta property=\"og:image:height\" content=\"955\" \/>\n\t<meta property=\"og:image:type\" content=\"image\/jpeg\" \/>\n<meta name=\"twitter:card\" content=\"summary_large_image\" \/>\n<meta name=\"twitter:label1\" content=\"Gesch\u00e4tzte Lesezeit\" \/>\n\t<meta name=\"twitter:data1\" content=\"3\u00a0Minuten\" \/>\n<script type=\"application\/ld+json\" class=\"yoast-schema-graph\">{\"@context\":\"https:\\\/\\\/schema.org\",\"@graph\":[{\"@type\":\"WebPage\",\"@id\":\"https:\\\/\\\/sistemakalinka.com\\\/de\\\/produkt\\\/sistema-kalinka-lehrbuch-02-a1-a2\\\/\",\"url\":\"https:\\\/\\\/sistemakalinka.com\\\/de\\\/produkt\\\/sistema-kalinka-lehrbuch-02-a1-a2\\\/\",\"name\":\"Sistema Kalinka - Lehrbuch 2 - Niveau A1-A2 (Printversion) - Sistema Kalinka\",\"isPartOf\":{\"@id\":\"https:\\\/\\\/sistemakalinka.com\\\/de\\\/#website\"},\"primaryImageOfPage\":{\"@id\":\"https:\\\/\\\/sistemakalinka.com\\\/de\\\/produkt\\\/sistema-kalinka-lehrbuch-02-a1-a2\\\/#primaryimage\"},\"image\":{\"@id\":\"https:\\\/\\\/sistemakalinka.com\\\/de\\\/produkt\\\/sistema-kalinka-lehrbuch-02-a1-a2\\\/#primaryimage\"},\"thumbnailUrl\":\"https:\\\/\\\/sistemakalinka.com\\\/wp-content\\\/uploads\\\/SIST_02_ru_paper.jpg\",\"datePublished\":\"2022-08-25T11:50:51+00:00\",\"dateModified\":\"2026-01-27T10:50:33+00:00\",\"description\":\"Komplettes Lehrwerk, um Schritt f\u00fcr Schritt Russisch zu lernen: Lektionen mit Texten, Dialogen, Vokabellliste, Grammatik\u00fcbersichten und \u00dcbungen. Inklusive Audio.\",\"breadcrumb\":{\"@id\":\"https:\\\/\\\/sistemakalinka.com\\\/de\\\/produkt\\\/sistema-kalinka-lehrbuch-02-a1-a2\\\/#breadcrumb\"},\"inLanguage\":\"de\",\"potentialAction\":[{\"@type\":\"ReadAction\",\"target\":[\"https:\\\/\\\/sistemakalinka.com\\\/de\\\/produkt\\\/sistema-kalinka-lehrbuch-02-a1-a2\\\/\"]}]},{\"@type\":\"ImageObject\",\"inLanguage\":\"de\",\"@id\":\"https:\\\/\\\/sistemakalinka.com\\\/de\\\/produkt\\\/sistema-kalinka-lehrbuch-02-a1-a2\\\/#primaryimage\",\"url\":\"https:\\\/\\\/sistemakalinka.com\\\/wp-content\\\/uploads\\\/SIST_02_ru_paper.jpg\",\"contentUrl\":\"https:\\\/\\\/sistemakalinka.com\\\/wp-content\\\/uploads\\\/SIST_02_ru_paper.jpg\",\"width\":955,\"height\":955},{\"@type\":\"BreadcrumbList\",\"@id\":\"https:\\\/\\\/sistemakalinka.com\\\/de\\\/produkt\\\/sistema-kalinka-lehrbuch-02-a1-a2\\\/#breadcrumb\",\"itemListElement\":[{\"@type\":\"ListItem\",\"position\":1,\"name\":\"Home\",\"item\":\"https:\\\/\\\/sistemakalinka.com\\\/de\\\/\"},{\"@type\":\"ListItem\",\"position\":2,\"name\":\"Shop\",\"item\":\"https:\\\/\\\/sistemakalinka.com\\\/shop\\\/\"},{\"@type\":\"ListItem\",\"position\":3,\"name\":\"Sistema Kalinka &#8211; Lehrbuch 2 &#8211; Niveau A1-A2 (Printversion)\"}]},{\"@type\":\"WebSite\",\"@id\":\"https:\\\/\\\/sistemakalinka.com\\\/de\\\/#website\",\"url\":\"https:\\\/\\\/sistemakalinka.com\\\/de\\\/\",\"name\":\"Sistema Kalinka\",\"description\":\"Learn Russian with us\",\"potentialAction\":[{\"@type\":\"SearchAction\",\"target\":{\"@type\":\"EntryPoint\",\"urlTemplate\":\"https:\\\/\\\/sistemakalinka.com\\\/de\\\/?s={search_term_string}\"},\"query-input\":{\"@type\":\"PropertyValueSpecification\",\"valueRequired\":true,\"valueName\":\"search_term_string\"}}],\"inLanguage\":\"de\"}]}<\/script>\n<!-- \/ Yoast SEO plugin. -->","yoast_head_json":{"title":"Sistema Kalinka - Lehrbuch 2 - Niveau A1-A2 (Printversion) - Sistema Kalinka","description":"Komplettes Lehrwerk, um Schritt f\u00fcr Schritt Russisch zu lernen: Lektionen mit Texten, Dialogen, Vokabellliste, Grammatik\u00fcbersichten und \u00dcbungen. Inklusive Audio.","robots":{"index":"index","follow":"follow","max-snippet":"max-snippet:-1","max-image-preview":"max-image-preview:large","max-video-preview":"max-video-preview:-1"},"canonical":"https:\/\/sistemakalinka.com\/de\/produkt\/sistema-kalinka-lehrbuch-02-a1-a2\/","og_locale":"de_DE","og_type":"article","og_title":"Sistema Kalinka - Lehrbuch 2 - Niveau A1-A2 (Printversion) - Sistema Kalinka","og_description":"Komplettes Lehrwerk, um Schritt f\u00fcr Schritt Russisch zu lernen: Lektionen mit Texten, Dialogen, Vokabellliste, Grammatik\u00fcbersichten und \u00dcbungen. Inklusive Audio.","og_url":"https:\/\/sistemakalinka.com\/de\/produkt\/sistema-kalinka-lehrbuch-02-a1-a2\/","og_site_name":"Sistema Kalinka","article_modified_time":"2026-01-27T10:50:33+00:00","og_image":[{"width":955,"height":955,"url":"https:\/\/sistemakalinka.com\/wp-content\/uploads\/SIST_02_ru_paper.jpg","type":"image\/jpeg"}],"twitter_card":"summary_large_image","twitter_misc":{"Gesch\u00e4tzte Lesezeit":"3\u00a0Minuten"},"schema":{"@context":"https:\/\/schema.org","@graph":[{"@type":"WebPage","@id":"https:\/\/sistemakalinka.com\/de\/produkt\/sistema-kalinka-lehrbuch-02-a1-a2\/","url":"https:\/\/sistemakalinka.com\/de\/produkt\/sistema-kalinka-lehrbuch-02-a1-a2\/","name":"Sistema Kalinka - Lehrbuch 2 - Niveau A1-A2 (Printversion) - Sistema Kalinka","isPartOf":{"@id":"https:\/\/sistemakalinka.com\/de\/#website"},"primaryImageOfPage":{"@id":"https:\/\/sistemakalinka.com\/de\/produkt\/sistema-kalinka-lehrbuch-02-a1-a2\/#primaryimage"},"image":{"@id":"https:\/\/sistemakalinka.com\/de\/produkt\/sistema-kalinka-lehrbuch-02-a1-a2\/#primaryimage"},"thumbnailUrl":"https:\/\/sistemakalinka.com\/wp-content\/uploads\/SIST_02_ru_paper.jpg","datePublished":"2022-08-25T11:50:51+00:00","dateModified":"2026-01-27T10:50:33+00:00","description":"Komplettes Lehrwerk, um Schritt f\u00fcr Schritt Russisch zu lernen: Lektionen mit Texten, Dialogen, Vokabellliste, Grammatik\u00fcbersichten und \u00dcbungen. Inklusive Audio.","breadcrumb":{"@id":"https:\/\/sistemakalinka.com\/de\/produkt\/sistema-kalinka-lehrbuch-02-a1-a2\/#breadcrumb"},"inLanguage":"de","potentialAction":[{"@type":"ReadAction","target":["https:\/\/sistemakalinka.com\/de\/produkt\/sistema-kalinka-lehrbuch-02-a1-a2\/"]}]},{"@type":"ImageObject","inLanguage":"de","@id":"https:\/\/sistemakalinka.com\/de\/produkt\/sistema-kalinka-lehrbuch-02-a1-a2\/#primaryimage","url":"https:\/\/sistemakalinka.com\/wp-content\/uploads\/SIST_02_ru_paper.jpg","contentUrl":"https:\/\/sistemakalinka.com\/wp-content\/uploads\/SIST_02_ru_paper.jpg","width":955,"height":955},{"@type":"BreadcrumbList","@id":"https:\/\/sistemakalinka.com\/de\/produkt\/sistema-kalinka-lehrbuch-02-a1-a2\/#breadcrumb","itemListElement":[{"@type":"ListItem","position":1,"name":"Home","item":"https:\/\/sistemakalinka.com\/de\/"},{"@type":"ListItem","position":2,"name":"Shop","item":"https:\/\/sistemakalinka.com\/shop\/"},{"@type":"ListItem","position":3,"name":"Sistema Kalinka &#8211; Lehrbuch 2 &#8211; Niveau A1-A2 (Printversion)"}]},{"@type":"WebSite","@id":"https:\/\/sistemakalinka.com\/de\/#website","url":"https:\/\/sistemakalinka.com\/de\/","name":"Sistema Kalinka","description":"Learn Russian with us","potentialAction":[{"@type":"SearchAction","target":{"@type":"EntryPoint","urlTemplate":"https:\/\/sistemakalinka.com\/de\/?s={search_term_string}"},"query-input":{"@type":"PropertyValueSpecification","valueRequired":true,"valueName":"search_term_string"}}],"inLanguage":"de"}]}},"_links":{"self":[{"href":"https:\/\/sistemakalinka.com\/de\/wp-json\/wp\/v2\/product\/29999","targetHints":{"allow":["GET"]}}],"collection":[{"href":"https:\/\/sistemakalinka.com\/de\/wp-json\/wp\/v2\/product"}],"about":[{"href":"https:\/\/sistemakalinka.com\/de\/wp-json\/wp\/v2\/types\/product"}],"replies":[{"embeddable":true,"href":"https:\/\/sistemakalinka.com\/de\/wp-json\/wp\/v2\/comments?post=29999"}],"wp:featuredmedia":[{"embeddable":true,"href":"https:\/\/sistemakalinka.com\/de\/wp-json\/wp\/v2\/media\/26235"}],"wp:attachment":[{"href":"https:\/\/sistemakalinka.com\/de\/wp-json\/wp\/v2\/media?parent=29999"}],"wp:term":[{"taxonomy":"product_brand","embeddable":true,"href":"https:\/\/sistemakalinka.com\/de\/wp-json\/wp\/v2\/product_brand?post=29999"},{"taxonomy":"product_cat","embeddable":true,"href":"https:\/\/sistemakalinka.com\/de\/wp-json\/wp\/v2\/product_cat?post=29999"},{"taxonomy":"product_tag","embeddable":true,"href":"https:\/\/sistemakalinka.com\/de\/wp-json\/wp\/v2\/product_tag?post=29999"}],"curies":[{"name":"wp","href":"https:\/\/api.w.org\/{rel}","templated":true}]}}