{"id":30003,"date":"2022-08-25T15:13:58","date_gmt":"2022-08-25T13:13:58","guid":{"rendered":"https:\/\/sistemakalinka.com\/?post_type=product&#038;p=30003"},"modified":"2026-03-28T00:40:00","modified_gmt":"2026-03-27T23:40:00","slug":"sistema-kalinka-lehrbuch-03-b1-ebook","status":"publish","type":"product","link":"https:\/\/sistemakalinka.com\/de\/produkt\/sistema-kalinka-lehrbuch-03-b1-ebook\/","title":{"rendered":"Sistema Kalinka &#8211; Lehrbuch 3 &#8211; Niveau B1 (Ebook)"},"content":{"rendered":"<div class=\"container-fluid\">\r\n   <div class=\"row\">\r\n      <div class=\"col-xs-12\">\r\n         <p><img decoding=\"async\" src=\"\/wp-content\/uploads\/book-sistema-kalinka-banner-letters.png\">\r\n         <\/p>\r\n         <p>Unsere Erfahrung kommt dir zugute: Wir sind Red Kalinka, die gr\u00f6\u00dfte Russischschule der Welt. Mit unserer <strong><strong>exklusiven Lehrbuchreihe<\/strong> &#8222;Sistema Kalinka&#8220; kannst du effektiv Russisch lernen und unterrichten.<\/strong> Die Lehrb\u00fccher sind <strong>ausschlie\u00dflich auf Russisch verfasst<\/strong>, so dass Sch\u00fcler und Lehrer weltweit damit arbeiten k\u00f6nnen. Unterhaltsame, auf das jeweilige Niveau zugeschnittene <strong>Texte und Dialoge mit Audios<\/strong>, bilden die Grundlage jeder Lektion. Grammatikalische Konzepte werden schrittweise eingef\u00fchrt, was ein <strong>nat\u00fcrliches, m\u00fcheloses Erfassen<\/strong> erm\u00f6glicht.\r\n         <\/p>\r\n         <p><strong>Das Lehrwerk &#8222;Sistema Kalinka 3&#8220; umfasst 10 Lektionen. <\/strong>Jede Lektion beinhaltet eine Vokabelliste (mit Audio), einen Text (mit Audio), Dialoge (mit Audio), Grammatik\u00fcbersichten sowie \u00fcbungen (mit L\u00f6sungen). Hier kannst du unser Material kennenlernen:\r\n         <\/p>\r\n      <\/div>\r\n   <\/div>\r\n   <div class=\"row\">\r\n      <div class=\"col-lg-6 col-md-6 col-sm-6 col-xs-12\">\r\n         <h3>Auszug aus diesem Buch h\u00f6ren:<\/h3>\r\n         <p>Auszug anh\u00f6ren: Dialog\r\n         <\/p>\r\n         <p>\r\n            <audio style=\"color: #95b9c7;\" controls=\"controls\"><source src=\"\/wp-content\/uploads\/audio-SIST-03-dialogue.mp3\" type=\"audio\/mpeg\">Ihr Browser unterst\u00fctzt das Audioelement nicht.<\/audio>\r\n         <\/p>\r\n         <p>Auszug anh\u00f6ren: Vokabeln\r\n         <\/p>\r\n         <p>\r\n            <audio style=\"color: #95b9c7;\" controls=\"controls\"><source src=\"\/wp-content\/uploads\/audio-SIST-03-vocabulary.mp3\" type=\"audio\/mpeg\">Ihr Browser unterst\u00fctzt das Audioelement nicht.<\/audio>\r\n         <\/p>\r\n         <p>Auszug anh\u00f6ren: Text\r\n         <\/p>\r\n         <p>\r\n            <audio style=\"color: #95b9c7;\" controls=\"controls\"><source src=\"\/wp-content\/uploads\/audio-SIST-03-text.mp3\" type=\"audio\/mpeg\">Ihr Browser unterst\u00fctzt das Audioelement nicht.<\/audio>\r\n         <\/p>\r\n      <\/div>\r\n      <div class=\"col-lg-6 col-md-6 col-sm-6 col-xs-12\">\r\n            <h3 class=\"hidden-xs\">Ausz\u00fcge aus diesem Buch lesen.<br> Zum Vergr\u00f6\u00dfern hier klicken:<\/h3>\r\n            <h3 class=\"hidden-lg hidden-md hidden-sm visible-xs-block\">Ausz\u00fcge aus diesem Buch lesen:<\/h3>\r\n            <div class=\"row rkfotos\"><a href=\"\/wp-content\/uploads\/book-SIST_03_demo_material_1.jpg\" data-fancybox=\"gallery\" title=\"Sistema Kalinka - Auszug\"><img decoding=\"async\" class=\"col-lg-6 col-md-12 col-sm-12 col-xs-12\" id=\"thumb_296\" src=\"\/wp-content\/uploads\/book-SIST_03_demo_material_1.jpg\" alt=\"Sistema Kalinka - Auszug\" title=\"Sistema Kalinka - Auszug\" itemprop=\"image\"><\/a><a href=\"\/wp-content\/uploads\/book-SIST_03_demo_material_2.jpg\" data-fancybox=\"gallery\" title=\"Sistema Kalinka - Auszug\"><img decoding=\"async\" class=\"col-lg-6 col-md-12 col-sm-12 col-xs-12\" id=\"thumb_296\" src=\"\/wp-content\/uploads\/book-SIST_03_demo_material_2.jpg\" alt=\"Sistema Kalinka - Auszug\" title=\"Sistema Kalinka - Auszug\" itemprop=\"image\"><\/a><a href=\"\/wp-content\/uploads\/book-SIST_03_demo_material_3.jpg\" data-fancybox=\"gallery\" title=\"Sistema Kalinka - Auszug\"><img decoding=\"async\" class=\"col-lg-6 col-md-12 col-sm-12 col-xs-12\" id=\"thumb_296\" src=\"\/wp-content\/uploads\/book-SIST_03_demo_material_3.jpg\" alt=\"Sistema Kalinka - Auszug\" title=\"Sistema Kalinka - Auszug\" itemprop=\"image\"><\/a><a href=\"\/wp-content\/uploads\/book-SIST_03_demo_material_4.jpg\" data-fancybox=\"gallery\" title=\"Sistema Kalinka - Auszug\"><img decoding=\"async\" class=\"col-lg-6 col-md-12 col-sm-12 col-xs-12\" id=\"thumb_296\" src=\"\/wp-content\/uploads\/book-SIST_03_demo_material_4.jpg\" alt=\"Sistema Kalinka - Auszug\" title=\"Sistema Kalinka - Auszug\" itemprop=\"image\"><\/a><a href=\"\/wp-content\/uploads\/book-SIST_03_demo_material_5.jpg\" data-fancybox=\"gallery\" title=\"Sistema Kalinka - Auszug\"><img decoding=\"async\" class=\"col-lg-6 col-md-12 col-sm-12 col-xs-12\" id=\"thumb_296\" src=\"\/wp-content\/uploads\/book-SIST_03_demo_material_5.jpg\" alt=\"Sistema Kalinka - Auszug\" title=\"Sistema Kalinka - Auszug\" itemprop=\"image\"><\/a><a href=\"\/wp-content\/uploads\/book-SIST_03_demo_material_6.jpg\" data-fancybox=\"gallery\" title=\"Sistema Kalinka - Auszug\"><img decoding=\"async\" class=\"col-lg-6 col-md-12 col-sm-12 col-xs-12\" id=\"thumb_296\" src=\"\/wp-content\/uploads\/book-SIST_03_demo_material_6.jpg\" alt=\"Sistema Kalinka - Auszug\" title=\"Sistema Kalinka - Auszug\" itemprop=\"image\"><\/a>\r\n            <\/div>\r\n      <\/div>\r\n   <\/div>\r\n   <div class=\"row\">\r\n      <div class=\"col-xs-12\">\r\n         <h2>SISTEMA KALINKA &#8211; BUCH 3 (NIVEAU B1)<\/h2>\r\n         <p>Inhalts\u00fcbersicht:\r\n         <\/p>\r\n      <\/div>\r\n   <\/div>\r\n   <div class=\"row\">\r\n      <div class=\"col-sm-6 col-xs-12\">\r\n         <p><strong>Grammatik<\/strong>. Werde sicher in der Verwendung der h\u00e4ufigsten grammatischen Strukturen.\r\n         <\/p>\r\n         <ul>\r\n            <li>Umfassende Wiederholung aller F\u00e4lle &#8211;  Theorie und Praxis f\u00fcr Lernende der Mittelstufe<\/li>\r\n            <li>Verben: Aspekte &#8211; Vollendete und unvollendete Verben mit und ohne Pr\u00e4fix<\/li>\r\n            <li>Verwendung von Pr\u00e4positionen in verschiedenen F\u00e4llen und Kontexten<\/li>\r\n            <li>Verben der Bewegung in allen Zeitformen und Kontexten<\/li>\r\n            <li>Russische F\u00e4lle &#8211; Kombination aller Pronomen, Substantive und Adjektive<\/li>\r\n            <li>Verschiedene Bedeutung der Verben je nach Kontext.<\/li>\r\n            <li>Steigerung von Adjektiven und Adverbien<\/li>\r\n            <li>Verwendung kurzer und langer Adjektive<\/li>\r\n         <\/ul>\r\n      <\/div>\r\n      <div class=\"col-sm-6 col-xs-12\">\r\n         <p><strong>Wortschatz<\/strong>. Verbessere dein Russisch und erweitere deinen Wortschatz auf 1500- 2000 W\u00f6rter:\r\n         <\/p>\r\n         <p>Baue auf den Grundwortschatz auf und lerne Vokabeln zu spezifischen Themen. Der vorgestellte Wortschatz ist auf den Schwierigskeitsgrad der Mittelstufe zu geschnitten. Dieses Buch bietet dir eine Vielzahl an Gespr\u00e4chsbausteinen zur Vergr\u00f6\u00dferung deines Russisch-Vokabulars.\r\n         <\/p>\r\n         <p>Themen in diesem Lehrbuch: Einkaufen, Arbeit, Urlaub, Familie, Kinder, Aussehen, Alltag in der Stadt, Kunst, Natur, Gesundheit u.v.a.m.\r\n         <\/p>\r\n      <\/div>\r\n   <\/div>\r\n   <div class=\"row\">\r\n      <div class=\"col-xs-12\">\r\n         <hr>\r\n         <h2>Lerne und unterrichte Russisch \u00fcberall<\/h2>\r\n         <p>Unsere E-Books im PDF-Format lassen sich auf vielen verschiedenen Ger\u00e4ten \u00f6ffnen (PC, Laptop, Mac, iPad, Tablet,&#8230;) Inklusive professionell gesprochener Aufnahmen im mp3-Format. Du kannst die Texte gleichzeitig lesen und h\u00f6ren oder dir nur die mp3-Dateien auf deinem Telefon oder mp3-Player anh\u00f6ren.\r\n         <\/p>\r\n      <\/div>\r\n   <\/div>\r\n<\/div>","protected":false},"excerpt":{"rendered":"<div class=\"container-fluid\">\r\n   <div class=\"row\">\r\n      <div class=\"col-xs-12\">\r\n         <!-- este div es la descripcion para Google Shopping-->\r\n         <div hidden=\"\">\r\n            <p>Die Lernmethode von <span style=\"color: #d0121a;\">Sistema Kalinka<\/span> bringt dich Schritt f\u00fcr Schritt zu soliden Russischkenntnissen. Buch 3 ist f\u00fcr Lernende mit Mittelstufe-Kenntnissen. <strong>Du erweiterst deinen Wortschatz und baust neue Wendungen sicher ein.<\/strong> Nach Abschluss dieses Buches bist mit den meisten Aspekten der russischen Grammatik vertraut und kannst dich m\u00fchelos auf Russisch zu vielen verschiedenen Themen \u00e4u\u00dfern.\r\n            <\/p>\r\n         <\/div>\r\n         <!-- fin de la descripci\u00f3n para Google Shooping-->\r\n         [etiquetas_producto audio=\"80\" paginas=\"200\"]\r\n         <p><span class=\"rkdestacar\">Das beste Russisch-Lehrwerk f\u00fcr Lernende und Lehrende<\/span>\r\n         <\/p>\r\n         <p>Die Lernmethode von <span style=\"color: #d0121a;\">Sistema Kalinka<\/span> bringt dich Schritt f\u00fcr Schritt zu soliden Russischkenntnissen. Buch 3 ist f\u00fcr Lernende mit Mittelstufe-Kenntnissen. <strong>Du erweiterst deinen Wortschatz und baust neue Wendungen sicher ein<\/strong>. Nach Abschluss dieses Buches bist du mit den meisten Aspekten der russischen Grammatik vertraut und kannst dich m\u00fchelos auf Russisch zu vielen verschiedenen Themen \u00e4u\u00dfern.\r\n         <\/p>\r\n         <p>Das Buch gliedert sich in 10 Lektionen. Jede Lektion besteht aus folgenden Teilen: Vokabeln (mit Audio) Dialoge (mit Audio), Text (mit Audio) Grammatik und \u00fcbungen (mit L\u00f6sungen) Das Buch hat <strong>200 Seiten<\/strong> und beinhaltet <strong>80 Minuten H\u00f6rmaterial<\/strong>.\r\n         <\/p>\r\n         <!-- Cuadro formatos -->\r\n         [imagenes_tipo_libro]\r\n      <\/div>\r\n   <\/div>\r\n<\/div>","protected":false},"featured_media":26236,"comment_status":"open","ping_status":"closed","template":"","meta":[],"product_brand":[],"product_cat":[182,183,192,186],"product_tag":[],"class_list":{"0":"post-30003","1":"product","2":"type-product","3":"status-publish","4":"has-post-thumbnail","6":"product_cat-buecher-zum-russischlernen","7":"product_cat-ebooks","8":"product_cat-lehrbuecher","9":"product_cat-russischbuecher-mit-audio","10":"pa_level-b1-de","12":"first","13":"instock","14":"downloadable","15":"virtual","16":"taxable","17":"purchasable","18":"product-type-simple"},"yoast_head":"<!-- This site is optimized with the Yoast SEO plugin v27.4 - https:\/\/yoast.com\/product\/yoast-seo-wordpress\/ -->\n<title>Sistema Kalinka - Lehrbuch 3 - Niveau B1 (Ebook) - Sistema Kalinka<\/title>\n<meta name=\"description\" content=\"Komplettes Lehrwerk, um Schritt f\u00fcr Schritt Russisch zu lernen: Lektionen mit Texten, Dialogen, Vokabellliste, Grammatik\u00fcbersichten und \u00dcbungen. Inklusive Audio.\" \/>\n<meta name=\"robots\" content=\"index, follow, max-snippet:-1, max-image-preview:large, max-video-preview:-1\" \/>\n<link rel=\"canonical\" href=\"https:\/\/sistemakalinka.com\/de\/produkt\/sistema-kalinka-lehrbuch-03-b1-ebook\/\" \/>\n<meta property=\"og:locale\" content=\"de_DE\" \/>\n<meta property=\"og:type\" content=\"article\" \/>\n<meta property=\"og:title\" content=\"Sistema Kalinka - Lehrbuch 3 - Niveau B1 (Ebook) - Sistema Kalinka\" \/>\n<meta property=\"og:description\" content=\"Komplettes Lehrwerk, um Schritt f\u00fcr Schritt Russisch zu lernen: Lektionen mit Texten, Dialogen, Vokabellliste, Grammatik\u00fcbersichten und \u00dcbungen. Inklusive Audio.\" \/>\n<meta property=\"og:url\" content=\"https:\/\/sistemakalinka.com\/de\/produkt\/sistema-kalinka-lehrbuch-03-b1-ebook\/\" \/>\n<meta property=\"og:site_name\" content=\"Sistema Kalinka\" \/>\n<meta property=\"article:modified_time\" content=\"2026-03-27T23:40:00+00:00\" \/>\n<meta property=\"og:image\" content=\"https:\/\/sistemakalinka.com\/wp-content\/uploads\/SIST_03_ru_ebook.jpg\" \/>\n\t<meta property=\"og:image:width\" content=\"1194\" \/>\n\t<meta property=\"og:image:height\" content=\"1194\" \/>\n\t<meta property=\"og:image:type\" content=\"image\/jpeg\" \/>\n<meta name=\"twitter:card\" content=\"summary_large_image\" \/>\n<meta name=\"twitter:label1\" content=\"Gesch\u00e4tzte Lesezeit\" \/>\n\t<meta name=\"twitter:data1\" content=\"4\u00a0Minuten\" \/>\n<script type=\"application\/ld+json\" class=\"yoast-schema-graph\">{\"@context\":\"https:\\\/\\\/schema.org\",\"@graph\":[{\"@type\":\"WebPage\",\"@id\":\"https:\\\/\\\/sistemakalinka.com\\\/de\\\/produkt\\\/sistema-kalinka-lehrbuch-03-b1-ebook\\\/\",\"url\":\"https:\\\/\\\/sistemakalinka.com\\\/de\\\/produkt\\\/sistema-kalinka-lehrbuch-03-b1-ebook\\\/\",\"name\":\"Sistema Kalinka - Lehrbuch 3 - Niveau B1 (Ebook) - Sistema Kalinka\",\"isPartOf\":{\"@id\":\"https:\\\/\\\/sistemakalinka.com\\\/de\\\/#website\"},\"primaryImageOfPage\":{\"@id\":\"https:\\\/\\\/sistemakalinka.com\\\/de\\\/produkt\\\/sistema-kalinka-lehrbuch-03-b1-ebook\\\/#primaryimage\"},\"image\":{\"@id\":\"https:\\\/\\\/sistemakalinka.com\\\/de\\\/produkt\\\/sistema-kalinka-lehrbuch-03-b1-ebook\\\/#primaryimage\"},\"thumbnailUrl\":\"https:\\\/\\\/sistemakalinka.com\\\/wp-content\\\/uploads\\\/SIST_03_ru_ebook.jpg\",\"datePublished\":\"2022-08-25T13:13:58+00:00\",\"dateModified\":\"2026-03-27T23:40:00+00:00\",\"description\":\"Komplettes Lehrwerk, um Schritt f\u00fcr Schritt Russisch zu lernen: Lektionen mit Texten, Dialogen, Vokabellliste, Grammatik\u00fcbersichten und \u00dcbungen. Inklusive Audio.\",\"breadcrumb\":{\"@id\":\"https:\\\/\\\/sistemakalinka.com\\\/de\\\/produkt\\\/sistema-kalinka-lehrbuch-03-b1-ebook\\\/#breadcrumb\"},\"inLanguage\":\"de\",\"potentialAction\":[{\"@type\":\"ReadAction\",\"target\":[\"https:\\\/\\\/sistemakalinka.com\\\/de\\\/produkt\\\/sistema-kalinka-lehrbuch-03-b1-ebook\\\/\"]}]},{\"@type\":\"ImageObject\",\"inLanguage\":\"de\",\"@id\":\"https:\\\/\\\/sistemakalinka.com\\\/de\\\/produkt\\\/sistema-kalinka-lehrbuch-03-b1-ebook\\\/#primaryimage\",\"url\":\"https:\\\/\\\/sistemakalinka.com\\\/wp-content\\\/uploads\\\/SIST_03_ru_ebook.jpg\",\"contentUrl\":\"https:\\\/\\\/sistemakalinka.com\\\/wp-content\\\/uploads\\\/SIST_03_ru_ebook.jpg\",\"width\":1194,\"height\":1194},{\"@type\":\"BreadcrumbList\",\"@id\":\"https:\\\/\\\/sistemakalinka.com\\\/de\\\/produkt\\\/sistema-kalinka-lehrbuch-03-b1-ebook\\\/#breadcrumb\",\"itemListElement\":[{\"@type\":\"ListItem\",\"position\":1,\"name\":\"Home\",\"item\":\"https:\\\/\\\/sistemakalinka.com\\\/de\\\/\"},{\"@type\":\"ListItem\",\"position\":2,\"name\":\"Shop\",\"item\":\"https:\\\/\\\/sistemakalinka.com\\\/shop\\\/\"},{\"@type\":\"ListItem\",\"position\":3,\"name\":\"Sistema Kalinka &#8211; Lehrbuch 3 &#8211; Niveau B1 (Ebook)\"}]},{\"@type\":\"WebSite\",\"@id\":\"https:\\\/\\\/sistemakalinka.com\\\/de\\\/#website\",\"url\":\"https:\\\/\\\/sistemakalinka.com\\\/de\\\/\",\"name\":\"Sistema Kalinka\",\"description\":\"Learn Russian with us\",\"potentialAction\":[{\"@type\":\"SearchAction\",\"target\":{\"@type\":\"EntryPoint\",\"urlTemplate\":\"https:\\\/\\\/sistemakalinka.com\\\/de\\\/?s={search_term_string}\"},\"query-input\":{\"@type\":\"PropertyValueSpecification\",\"valueRequired\":true,\"valueName\":\"search_term_string\"}}],\"inLanguage\":\"de\"}]}<\/script>\n<!-- \/ Yoast SEO plugin. -->","yoast_head_json":{"title":"Sistema Kalinka - Lehrbuch 3 - Niveau B1 (Ebook) - Sistema Kalinka","description":"Komplettes Lehrwerk, um Schritt f\u00fcr Schritt Russisch zu lernen: Lektionen mit Texten, Dialogen, Vokabellliste, Grammatik\u00fcbersichten und \u00dcbungen. Inklusive Audio.","robots":{"index":"index","follow":"follow","max-snippet":"max-snippet:-1","max-image-preview":"max-image-preview:large","max-video-preview":"max-video-preview:-1"},"canonical":"https:\/\/sistemakalinka.com\/de\/produkt\/sistema-kalinka-lehrbuch-03-b1-ebook\/","og_locale":"de_DE","og_type":"article","og_title":"Sistema Kalinka - Lehrbuch 3 - Niveau B1 (Ebook) - Sistema Kalinka","og_description":"Komplettes Lehrwerk, um Schritt f\u00fcr Schritt Russisch zu lernen: Lektionen mit Texten, Dialogen, Vokabellliste, Grammatik\u00fcbersichten und \u00dcbungen. Inklusive Audio.","og_url":"https:\/\/sistemakalinka.com\/de\/produkt\/sistema-kalinka-lehrbuch-03-b1-ebook\/","og_site_name":"Sistema Kalinka","article_modified_time":"2026-03-27T23:40:00+00:00","og_image":[{"width":1194,"height":1194,"url":"https:\/\/sistemakalinka.com\/wp-content\/uploads\/SIST_03_ru_ebook.jpg","type":"image\/jpeg"}],"twitter_card":"summary_large_image","twitter_misc":{"Gesch\u00e4tzte Lesezeit":"4\u00a0Minuten"},"schema":{"@context":"https:\/\/schema.org","@graph":[{"@type":"WebPage","@id":"https:\/\/sistemakalinka.com\/de\/produkt\/sistema-kalinka-lehrbuch-03-b1-ebook\/","url":"https:\/\/sistemakalinka.com\/de\/produkt\/sistema-kalinka-lehrbuch-03-b1-ebook\/","name":"Sistema Kalinka - Lehrbuch 3 - Niveau B1 (Ebook) - Sistema Kalinka","isPartOf":{"@id":"https:\/\/sistemakalinka.com\/de\/#website"},"primaryImageOfPage":{"@id":"https:\/\/sistemakalinka.com\/de\/produkt\/sistema-kalinka-lehrbuch-03-b1-ebook\/#primaryimage"},"image":{"@id":"https:\/\/sistemakalinka.com\/de\/produkt\/sistema-kalinka-lehrbuch-03-b1-ebook\/#primaryimage"},"thumbnailUrl":"https:\/\/sistemakalinka.com\/wp-content\/uploads\/SIST_03_ru_ebook.jpg","datePublished":"2022-08-25T13:13:58+00:00","dateModified":"2026-03-27T23:40:00+00:00","description":"Komplettes Lehrwerk, um Schritt f\u00fcr Schritt Russisch zu lernen: Lektionen mit Texten, Dialogen, Vokabellliste, Grammatik\u00fcbersichten und \u00dcbungen. Inklusive Audio.","breadcrumb":{"@id":"https:\/\/sistemakalinka.com\/de\/produkt\/sistema-kalinka-lehrbuch-03-b1-ebook\/#breadcrumb"},"inLanguage":"de","potentialAction":[{"@type":"ReadAction","target":["https:\/\/sistemakalinka.com\/de\/produkt\/sistema-kalinka-lehrbuch-03-b1-ebook\/"]}]},{"@type":"ImageObject","inLanguage":"de","@id":"https:\/\/sistemakalinka.com\/de\/produkt\/sistema-kalinka-lehrbuch-03-b1-ebook\/#primaryimage","url":"https:\/\/sistemakalinka.com\/wp-content\/uploads\/SIST_03_ru_ebook.jpg","contentUrl":"https:\/\/sistemakalinka.com\/wp-content\/uploads\/SIST_03_ru_ebook.jpg","width":1194,"height":1194},{"@type":"BreadcrumbList","@id":"https:\/\/sistemakalinka.com\/de\/produkt\/sistema-kalinka-lehrbuch-03-b1-ebook\/#breadcrumb","itemListElement":[{"@type":"ListItem","position":1,"name":"Home","item":"https:\/\/sistemakalinka.com\/de\/"},{"@type":"ListItem","position":2,"name":"Shop","item":"https:\/\/sistemakalinka.com\/shop\/"},{"@type":"ListItem","position":3,"name":"Sistema Kalinka &#8211; Lehrbuch 3 &#8211; Niveau B1 (Ebook)"}]},{"@type":"WebSite","@id":"https:\/\/sistemakalinka.com\/de\/#website","url":"https:\/\/sistemakalinka.com\/de\/","name":"Sistema Kalinka","description":"Learn Russian with us","potentialAction":[{"@type":"SearchAction","target":{"@type":"EntryPoint","urlTemplate":"https:\/\/sistemakalinka.com\/de\/?s={search_term_string}"},"query-input":{"@type":"PropertyValueSpecification","valueRequired":true,"valueName":"search_term_string"}}],"inLanguage":"de"}]}},"_links":{"self":[{"href":"https:\/\/sistemakalinka.com\/de\/wp-json\/wp\/v2\/product\/30003","targetHints":{"allow":["GET"]}}],"collection":[{"href":"https:\/\/sistemakalinka.com\/de\/wp-json\/wp\/v2\/product"}],"about":[{"href":"https:\/\/sistemakalinka.com\/de\/wp-json\/wp\/v2\/types\/product"}],"replies":[{"embeddable":true,"href":"https:\/\/sistemakalinka.com\/de\/wp-json\/wp\/v2\/comments?post=30003"}],"wp:featuredmedia":[{"embeddable":true,"href":"https:\/\/sistemakalinka.com\/de\/wp-json\/wp\/v2\/media\/26236"}],"wp:attachment":[{"href":"https:\/\/sistemakalinka.com\/de\/wp-json\/wp\/v2\/media?parent=30003"}],"wp:term":[{"taxonomy":"product_brand","embeddable":true,"href":"https:\/\/sistemakalinka.com\/de\/wp-json\/wp\/v2\/product_brand?post=30003"},{"taxonomy":"product_cat","embeddable":true,"href":"https:\/\/sistemakalinka.com\/de\/wp-json\/wp\/v2\/product_cat?post=30003"},{"taxonomy":"product_tag","embeddable":true,"href":"https:\/\/sistemakalinka.com\/de\/wp-json\/wp\/v2\/product_tag?post=30003"}],"curies":[{"name":"wp","href":"https:\/\/api.w.org\/{rel}","templated":true}]}}