{"id":30010,"date":"2022-08-25T16:14:05","date_gmt":"2022-08-25T14:14:05","guid":{"rendered":"https:\/\/sistemakalinka.com\/?post_type=product&#038;p=30010"},"modified":"2026-03-27T17:10:27","modified_gmt":"2026-03-27T16:10:27","slug":"sistema-kalinka-lehrbuch-04-b1-b2-ebook","status":"publish","type":"product","link":"https:\/\/sistemakalinka.com\/de\/produkt\/sistema-kalinka-lehrbuch-04-b1-b2-ebook\/","title":{"rendered":"Sistema Kalinka &#8211; Lehrbuch 4 &#8211; Niveau B1-B2 (Ebook)"},"content":{"rendered":"<div class=\"container-fluid\">\r\n   <div class=\"row\">\r\n      <div class=\"col-xs-12\">\r\n         <p><img decoding=\"async\" src=\"\/wp-content\/uploads\/book-sistema-kalinka-banner-letters.png\">\r\n         <\/p>\r\n         <p>Unsere Erfahrung kommt dir zugute: Wir sind Red Kalinka, die gr\u00f6\u00dfte Russischschule der Welt. Mit unserer <strong><strong>exklusiven Lehrbuchreihe<\/strong> &#8222;Sistema Kalinka&#8220;  kannst du effektiv Russisch lernen und unterrichten<\/strong>. Die Lehrb\u00fccher sind <strong>ausschlie\u00dflich auf Russisch verfasst<\/strong>, so dass Sch\u00fcler und Lehrer weltweit damit arbeiten k\u00f6nnen. Unterhaltsame, auf das jeweilige Niveau zugeschnittene <strong>Texte und Dialoge mit Audios<\/strong>, bilden die Grundlage jeder Lektion. Grammatikalische Konzepte werden schrittweise eingef\u00fchrt, was ein <strong>nat\u00fcrliches, m\u00fcheloses Erfassen<\/strong> erm\u00f6glicht.\r\n         <\/p>\r\n         <p><strong>Das Lehrwerk &#8222;Sistema Kalinka 4&#8220; umfasst 10 Lektionen. <\/strong>Jede Lektion beinhaltet eine Vokabelliste (mit Audio), einen Text (mit Audio), Dialoge (mit Audio), Grammatik\u00fcbersichten sowie \u00fcbungen (mit L\u00f6sungen). Hier kannst du in unser Material reinh\u00f6ren und reinlesen:\r\n         <\/p>\r\n      <\/div>\r\n   <\/div>\r\n   <div class=\"row\">\r\n      <div class=\"col-lg-6 col-md-6 col-sm-6 col-xs-12\">\r\n         <h3>Auszug aus diesem Buch h\u00f6ren:<\/h3>\r\n         <p>Auszug anh\u00f6ren: Dialog\r\n         <\/p>\r\n         <p>\r\n            <audio style=\"color: #95b9c7;\" controls=\"controls\"><source src=\"\/wp-content\/uploads\/audio-SIST-04-dialogue.mp3\" type=\"audio\/mpeg\">Ihr Browser unterst\u00fctzt das Audioelement nicht.<\/audio>\r\n         <\/p>\r\n         <p>Auszug anh\u00f6ren: Vokabeln\r\n         <\/p>\r\n         <p>\r\n            <audio style=\"color: #95b9c7;\" controls=\"controls\"><source src=\"\/wp-content\/uploads\/audio-SIST-04-vocabulary.mp3\" type=\"audio\/mpeg\">Ihr Browser unterst\u00fctzt das Audioelement nicht.<\/audio>\r\n         <\/p>\r\n         <p>Auszug anh\u00f6ren: Text\r\n         <\/p>\r\n         <p>\r\n            <audio style=\"color: #95b9c7;\" controls=\"controls\"><source src=\"\/wp-content\/uploads\/audio-SIST-04-text.mp3\" type=\"audio\/mpeg\">Ihr Browser unterst\u00fctzt das Audioelement nicht.<\/audio>\r\n         <\/p>\r\n      <\/div>\r\n      <div class=\"col-lg-6 col-md-6 col-sm-6 col-xs-12\">\r\n            <h3 class=\"hidden-xs\">Ausz\u00fcge aus diesem Buch lesen.<br> Zum Vergr\u00f6\u00dfern hier klicken:<\/h3>\r\n            <h3 class=\"hidden-lg hidden-md hidden-sm visible-xs-block\">Ausz\u00fcge aus diesem Buch lesen:<\/h3>\r\n            <div class=\"row rkfotos\"><a href=\"\/wp-content\/uploads\/book-SIST_04_demo_material_1.jpg\" data-fancybox=\"gallery\" title=\"Sistema Kalinka - Auszug\"><img decoding=\"async\" class=\"col-lg-6 col-md-12 col-sm-12 col-xs-12\" id=\"thumb_296\" src=\"\/wp-content\/uploads\/book-SIST_04_demo_material_1.jpg\" alt=\"Sistema Kalinka - Auszug\" title=\"Sistema Kalinka - Auszug\" itemprop=\"image\"><\/a><a href=\"\/wp-content\/uploads\/book-SIST_04_demo_material_2.jpg\" data-fancybox=\"gallery\" title=\"Sistema Kalinka - Auszug\"><img decoding=\"async\" class=\"col-lg-6 col-md-12 col-sm-12 col-xs-12\" id=\"thumb_296\" src=\"\/wp-content\/uploads\/book-SIST_04_demo_material_2.jpg\" alt=\"Sistema Kalinka - Auszug\" title=\"Sistema Kalinka - Auszug\" itemprop=\"image\"><\/a><a href=\"\/wp-content\/uploads\/book-SIST_04_demo_material_3.jpg\" data-fancybox=\"gallery\" title=\"Sistema Kalinka - Auszug\"><img decoding=\"async\" class=\"col-lg-6 col-md-12 col-sm-12 col-xs-12\" id=\"thumb_296\" src=\"\/wp-content\/uploads\/book-SIST_04_demo_material_3.jpg\" alt=\"Sistema Kalinka - Auszug\" title=\"Sistema Kalinka - Auszug\" itemprop=\"image\"><\/a><a href=\"\/wp-content\/uploads\/book-SIST_04_demo_material_4.jpg\" data-fancybox=\"gallery\" title=\"Sistema Kalinka - Auszug\"><img decoding=\"async\" class=\"col-lg-6 col-md-12 col-sm-12 col-xs-12\" id=\"thumb_296\" src=\"\/wp-content\/uploads\/book-SIST_04_demo_material_4.jpg\" alt=\"Sistema Kalinka - Auszug\" title=\"Sistema Kalinka - Auszug\" itemprop=\"image\"><\/a><a href=\"\/wp-content\/uploads\/book-SIST_04_demo_material_5.jpg\" data-fancybox=\"gallery\" title=\"Sistema Kalinka - Auszug\"><img decoding=\"async\" class=\"col-lg-6 col-md-12 col-sm-12 col-xs-12\" id=\"thumb_296\" src=\"\/wp-content\/uploads\/book-SIST_04_demo_material_5.jpg\" alt=\"Sistema Kalinka - Auszug\" title=\"Sistema Kalinka - Auszug\" itemprop=\"image\"><\/a><a href=\"\/wp-content\/uploads\/book-SIST_04_demo_material_6.jpg\" data-fancybox=\"gallery\" title=\"Sistema Kalinka - Auszug\"><img decoding=\"async\" class=\"col-lg-6 col-md-12 col-sm-12 col-xs-12\" id=\"thumb_296\" src=\"\/wp-content\/uploads\/book-SIST_04_demo_material_6.jpg\" alt=\"Sistema Kalinka - Auszug\" title=\"Sistema Kalinka - Auszug\" itemprop=\"image\"><\/a>\r\n            <\/div>\r\n      <\/div>\r\n   <\/div>\r\n   <div class=\"row\">\r\n      <div class=\"col-xs-12\">\r\n         <h2>SISTEMA KALINKA &#8211; BUCH 4 (NIVEAU B1-B2)<\/h2>\r\n         <p>Inhalts\u00fcbersicht:\r\n         <\/p>\r\n      <\/div>\r\n   <\/div>\r\n   <div class=\"row\">\r\n      <div class=\"col-sm-6 col-xs-12\">\r\n         <p><strong>Grammatik: <\/strong>Nach Abschluss des vierten Buches hast du alle Konzepte der russischen Grammatik gelernt und ein Mittelstufe- bis Fortgeschrittenen-Niveau erzielt. Das Buch behandelt folgende Grammatik-Themen:\r\n         <\/p>\r\n         <ul>\r\n            <li>Verwendung des Konditionals in langen und zusammengesetzten S\u00e4tzen.<\/li>\r\n            <li>Partizipien des Pr\u00e4sens und Pr\u00e4teritums: Formen,  Verwendung und Ausnahmen<\/li>\r\n            <li>Passiv: Reflexive Verben und kurze Partizipien in Passivkonstruktionen bei vollendetem und unvollendetem Aspekt<\/li>\r\n            <li>Komplette \u00fcbersicht \u00fcber Verben der Bewegung mit und ohne Pr\u00e4fix, inkl. Bedeutung der Pr\u00e4fixe, deren Verwendung sowie der Pr\u00e4positionen, die sie verlangen<\/li>\r\n            <li>Verwendung des vollendeten und unvollendeten Aspekts f\u00fcr Fortgeschrittene<\/li>\r\n            <li>Unregelm\u00e4\u00dfige Verben: Aspekte und Verwendung<\/li>\r\n            <li>Zahlen und Mengenw\u00f6rter f\u00fcr Fortgeschrittene<\/li>\r\n            <li>Verwendung von Partizipien, Pronomen und Konjunktionen in verschiedenen Zusammenh\u00e4ngen<\/li>\r\n         <\/ul>\r\n      <\/div>\r\n      <div class=\"col-sm-6 col-xs-12\">\r\n         <p><strong>Wortschatz:<\/strong> Nach Abschluss aller 4 Lehrb\u00fccher erreichst du ein Vokabular von 3000-5000 russischen W\u00f6rtern und kommst problemlos in einem russischsprachigen Land zurecht\r\n         <\/p>\r\n         <p>Du kannst dich zu komplexen Themen \u00e4u\u00dfern und hast die n\u00f6tigen Vokabelkenntnisse zur Beschreibung abstrakter Sachverhalte.\r\n         <\/p>\r\n         <p>Themen in diesem Buch: Verh\u00e4ltnis zu den Nachbarn und anderen Mitmenschen, Umgang mit Gef\u00fchlen, Beschreibung des Heimatlands, Errungenschaften der Menschheit, Kriminalit\u00e4t und Rechtssprechung, Geld und Finanzen, Reisen, Transportmittel, Verkehrskontrollen, Naturkatastrophen, aktuelle globale Probleme, Traditionen und Feiern u.v.a.m.\r\n         <\/p>\r\n      <\/div>\r\n   <\/div>\r\n   <hr>\r\n   <div class=\"row\">\r\n      <div class=\"col-xs-12\">\r\n         <h2>Lerne und unterrichte Russisch \u00fcberall<\/h2>\r\n         <p>Unsere E-Books im PDF-Format lassen sich auf vielen verschiedenen Ger\u00e4ten \u00f6ffnen (PC, Laptop, Mac, iPad, Tablet,&#8230;) Inklusive professionell gesprochener Aufnahmen im mp3-Format. Du kannst die Texte gleichzeitig lesen und h\u00f6ren oder dir nur die mp3-Dateien auf deinem Telefon oder mp3-Player anh\u00f6ren.\r\n         <\/p>\r\n      <\/div>\r\n   <\/div>\r\n<\/div>","protected":false},"excerpt":{"rendered":"<div class=\"container-fluid\">\r\n   <div class=\"row\">\r\n      <div class=\"col-xs-12\">\r\n         <!-- este div es la descripcion para Google Shopping-->\r\n         <div hidden=\"\">\r\n            <p>Die Lernmethode von <span style=\"color: #d0121a;\">Sistema Kalinka<\/span> bringt dich Schritt f\u00fcr Schritt zu soliden Russischkenntnissen. Buch 4 ist f\u00fcr Lernende mit Mittelstufe-bzw. Fortgeschrittenen-Kenntnissen <strong>Hier lernst du die Anwendung komplexer Aspekte der russischen Sprache in verschiedenen Kontexten<\/strong>. Nach Abschluss dieses Buches erreichst du einen breiten Wortschatz und beherrschst alle wichtigen Aspekte der russischen Grammatik. Du kannst dich schriftlich und m\u00fcndlich fl\u00fcssig ausdr\u00fccken und kannst gesprochenem und geschriebenen Russisch in den allermeisten Kontexten m\u00fchelos folgen.\r\n            <\/p>\r\n         <\/div>\r\n         <!-- fin de la descripci\u00f3n para Google Shooping-->\r\n         [etiquetas_producto audio=\"80\" paginas=\"200\"]\r\n         <p><span class=\"rkdestacar\">Das beste Russisch-Lehrwerk f\u00fcr Lernende und Lehrende<\/span>\r\n         <\/p>\r\n         <p>Die Lernmethode von <span style=\"color: #d0121a;\">Sistema Kalinka<\/span> bringt dich Schritt f\u00fcr Schritt zu soliden Russischkenntnissen. Buch 4 ist f\u00fcr Lernende mit Mittelstufe- bzw. Fortgeschrittenen-Kenntnissen <strong>Hier lernst du, komplexe Aspekte der russischen Sprache in verschiedenen Kontexten anzuwenden.<\/strong>. Mit diesem Buches erweiterst du deinen Wortschatz nochmals deutlich und beherrschst am Ende alle wichtigen Aspekte der russischen Grammatik. Du kannst dich schriftlich und m\u00fcndlich fl\u00fcssig ausdr\u00fccken und kannst gesprochenem und geschriebenen Russisch in den allermeisten Kontexten m\u00fchelos folgen.\r\n         <\/p>\r\n         <p>Das Buch gliedert sich in 10 Lektionen. Jede Lektion besteht aus folgenden Teilen: Vokabeln (mit Audio) Dialoge (mit Audio), Text (mit Audio) Grammatik und \u00fcbungen (mit L\u00f6sungen) Das Buch hat <strong>200 Seiten<\/strong> und beinhaltet <strong>80 Minuten H\u00f6rmaterial<\/strong>.\r\n         <\/p>\r\n         [imagenes_tipo_libro]\r\n      <\/div>\r\n   <\/div>\r\n<\/div>","protected":false},"featured_media":26238,"comment_status":"open","ping_status":"closed","template":"","meta":[],"product_brand":[],"product_cat":[182,183,192,186],"product_tag":[],"class_list":{"0":"post-30010","1":"product","2":"type-product","3":"status-publish","4":"has-post-thumbnail","6":"product_cat-buecher-zum-russischlernen","7":"product_cat-ebooks","8":"product_cat-lehrbuecher","9":"product_cat-russischbuecher-mit-audio","10":"pa_level-b1-b2-de","12":"first","13":"instock","14":"downloadable","15":"virtual","16":"taxable","17":"purchasable","18":"product-type-simple"},"yoast_head":"<!-- This site is optimized with the Yoast SEO plugin v27.4 - https:\/\/yoast.com\/product\/yoast-seo-wordpress\/ -->\n<title>Sistema Kalinka - Lehrbuch 4 - Niveau B1-B2 (Ebook) - Sistema Kalinka<\/title>\n<meta name=\"description\" content=\"Mit diesem kompletten Lehrwerk lernst du Schritt f\u00fcr Schritt Russisch: Lektionen mit Texten, Dialogen, Vokabellliste, Grammatik\u00fcbersichten und \u00dcbungen. Inklusive Audio. B1-B2\" \/>\n<meta name=\"robots\" content=\"index, follow, max-snippet:-1, max-image-preview:large, max-video-preview:-1\" \/>\n<link rel=\"canonical\" href=\"https:\/\/sistemakalinka.com\/de\/produkt\/sistema-kalinka-lehrbuch-04-b1-b2-ebook\/\" \/>\n<meta property=\"og:locale\" content=\"de_DE\" \/>\n<meta property=\"og:type\" content=\"article\" \/>\n<meta property=\"og:title\" content=\"Sistema Kalinka - Lehrbuch 4 - Niveau B1-B2 (Ebook) - Sistema Kalinka\" \/>\n<meta property=\"og:description\" content=\"Mit diesem kompletten Lehrwerk lernst du Schritt f\u00fcr Schritt Russisch: Lektionen mit Texten, Dialogen, Vokabellliste, Grammatik\u00fcbersichten und \u00dcbungen. Inklusive Audio. B1-B2\" \/>\n<meta property=\"og:url\" content=\"https:\/\/sistemakalinka.com\/de\/produkt\/sistema-kalinka-lehrbuch-04-b1-b2-ebook\/\" \/>\n<meta property=\"og:site_name\" content=\"Sistema Kalinka\" \/>\n<meta property=\"article:modified_time\" content=\"2026-03-27T16:10:27+00:00\" \/>\n<meta property=\"og:image\" content=\"https:\/\/sistemakalinka.com\/wp-content\/uploads\/SIST_04_ru_ebook.jpg\" \/>\n\t<meta property=\"og:image:width\" content=\"1194\" \/>\n\t<meta property=\"og:image:height\" content=\"1194\" \/>\n\t<meta property=\"og:image:type\" content=\"image\/jpeg\" \/>\n<meta name=\"twitter:card\" content=\"summary_large_image\" \/>\n<meta name=\"twitter:label1\" content=\"Gesch\u00e4tzte Lesezeit\" \/>\n\t<meta name=\"twitter:data1\" content=\"4\u00a0Minuten\" \/>\n<script type=\"application\/ld+json\" class=\"yoast-schema-graph\">{\"@context\":\"https:\\\/\\\/schema.org\",\"@graph\":[{\"@type\":\"WebPage\",\"@id\":\"https:\\\/\\\/sistemakalinka.com\\\/de\\\/produkt\\\/sistema-kalinka-lehrbuch-04-b1-b2-ebook\\\/\",\"url\":\"https:\\\/\\\/sistemakalinka.com\\\/de\\\/produkt\\\/sistema-kalinka-lehrbuch-04-b1-b2-ebook\\\/\",\"name\":\"Sistema Kalinka - Lehrbuch 4 - Niveau B1-B2 (Ebook) - Sistema Kalinka\",\"isPartOf\":{\"@id\":\"https:\\\/\\\/sistemakalinka.com\\\/de\\\/#website\"},\"primaryImageOfPage\":{\"@id\":\"https:\\\/\\\/sistemakalinka.com\\\/de\\\/produkt\\\/sistema-kalinka-lehrbuch-04-b1-b2-ebook\\\/#primaryimage\"},\"image\":{\"@id\":\"https:\\\/\\\/sistemakalinka.com\\\/de\\\/produkt\\\/sistema-kalinka-lehrbuch-04-b1-b2-ebook\\\/#primaryimage\"},\"thumbnailUrl\":\"https:\\\/\\\/sistemakalinka.com\\\/wp-content\\\/uploads\\\/SIST_04_ru_ebook.jpg\",\"datePublished\":\"2022-08-25T14:14:05+00:00\",\"dateModified\":\"2026-03-27T16:10:27+00:00\",\"description\":\"Mit diesem kompletten Lehrwerk lernst du Schritt f\u00fcr Schritt Russisch: Lektionen mit Texten, Dialogen, Vokabellliste, Grammatik\u00fcbersichten und \u00dcbungen. Inklusive Audio. B1-B2\",\"breadcrumb\":{\"@id\":\"https:\\\/\\\/sistemakalinka.com\\\/de\\\/produkt\\\/sistema-kalinka-lehrbuch-04-b1-b2-ebook\\\/#breadcrumb\"},\"inLanguage\":\"de\",\"potentialAction\":[{\"@type\":\"ReadAction\",\"target\":[\"https:\\\/\\\/sistemakalinka.com\\\/de\\\/produkt\\\/sistema-kalinka-lehrbuch-04-b1-b2-ebook\\\/\"]}]},{\"@type\":\"ImageObject\",\"inLanguage\":\"de\",\"@id\":\"https:\\\/\\\/sistemakalinka.com\\\/de\\\/produkt\\\/sistema-kalinka-lehrbuch-04-b1-b2-ebook\\\/#primaryimage\",\"url\":\"https:\\\/\\\/sistemakalinka.com\\\/wp-content\\\/uploads\\\/SIST_04_ru_ebook.jpg\",\"contentUrl\":\"https:\\\/\\\/sistemakalinka.com\\\/wp-content\\\/uploads\\\/SIST_04_ru_ebook.jpg\",\"width\":1194,\"height\":1194},{\"@type\":\"BreadcrumbList\",\"@id\":\"https:\\\/\\\/sistemakalinka.com\\\/de\\\/produkt\\\/sistema-kalinka-lehrbuch-04-b1-b2-ebook\\\/#breadcrumb\",\"itemListElement\":[{\"@type\":\"ListItem\",\"position\":1,\"name\":\"Home\",\"item\":\"https:\\\/\\\/sistemakalinka.com\\\/de\\\/\"},{\"@type\":\"ListItem\",\"position\":2,\"name\":\"Shop\",\"item\":\"https:\\\/\\\/sistemakalinka.com\\\/shop\\\/\"},{\"@type\":\"ListItem\",\"position\":3,\"name\":\"Sistema Kalinka &#8211; Lehrbuch 4 &#8211; Niveau B1-B2 (Ebook)\"}]},{\"@type\":\"WebSite\",\"@id\":\"https:\\\/\\\/sistemakalinka.com\\\/de\\\/#website\",\"url\":\"https:\\\/\\\/sistemakalinka.com\\\/de\\\/\",\"name\":\"Sistema Kalinka\",\"description\":\"Learn Russian with us\",\"potentialAction\":[{\"@type\":\"SearchAction\",\"target\":{\"@type\":\"EntryPoint\",\"urlTemplate\":\"https:\\\/\\\/sistemakalinka.com\\\/de\\\/?s={search_term_string}\"},\"query-input\":{\"@type\":\"PropertyValueSpecification\",\"valueRequired\":true,\"valueName\":\"search_term_string\"}}],\"inLanguage\":\"de\"}]}<\/script>\n<!-- \/ Yoast SEO plugin. -->","yoast_head_json":{"title":"Sistema Kalinka - Lehrbuch 4 - Niveau B1-B2 (Ebook) - Sistema Kalinka","description":"Mit diesem kompletten Lehrwerk lernst du Schritt f\u00fcr Schritt Russisch: Lektionen mit Texten, Dialogen, Vokabellliste, Grammatik\u00fcbersichten und \u00dcbungen. Inklusive Audio. B1-B2","robots":{"index":"index","follow":"follow","max-snippet":"max-snippet:-1","max-image-preview":"max-image-preview:large","max-video-preview":"max-video-preview:-1"},"canonical":"https:\/\/sistemakalinka.com\/de\/produkt\/sistema-kalinka-lehrbuch-04-b1-b2-ebook\/","og_locale":"de_DE","og_type":"article","og_title":"Sistema Kalinka - Lehrbuch 4 - Niveau B1-B2 (Ebook) - Sistema Kalinka","og_description":"Mit diesem kompletten Lehrwerk lernst du Schritt f\u00fcr Schritt Russisch: Lektionen mit Texten, Dialogen, Vokabellliste, Grammatik\u00fcbersichten und \u00dcbungen. Inklusive Audio. B1-B2","og_url":"https:\/\/sistemakalinka.com\/de\/produkt\/sistema-kalinka-lehrbuch-04-b1-b2-ebook\/","og_site_name":"Sistema Kalinka","article_modified_time":"2026-03-27T16:10:27+00:00","og_image":[{"width":1194,"height":1194,"url":"https:\/\/sistemakalinka.com\/wp-content\/uploads\/SIST_04_ru_ebook.jpg","type":"image\/jpeg"}],"twitter_card":"summary_large_image","twitter_misc":{"Gesch\u00e4tzte Lesezeit":"4\u00a0Minuten"},"schema":{"@context":"https:\/\/schema.org","@graph":[{"@type":"WebPage","@id":"https:\/\/sistemakalinka.com\/de\/produkt\/sistema-kalinka-lehrbuch-04-b1-b2-ebook\/","url":"https:\/\/sistemakalinka.com\/de\/produkt\/sistema-kalinka-lehrbuch-04-b1-b2-ebook\/","name":"Sistema Kalinka - Lehrbuch 4 - Niveau B1-B2 (Ebook) - Sistema Kalinka","isPartOf":{"@id":"https:\/\/sistemakalinka.com\/de\/#website"},"primaryImageOfPage":{"@id":"https:\/\/sistemakalinka.com\/de\/produkt\/sistema-kalinka-lehrbuch-04-b1-b2-ebook\/#primaryimage"},"image":{"@id":"https:\/\/sistemakalinka.com\/de\/produkt\/sistema-kalinka-lehrbuch-04-b1-b2-ebook\/#primaryimage"},"thumbnailUrl":"https:\/\/sistemakalinka.com\/wp-content\/uploads\/SIST_04_ru_ebook.jpg","datePublished":"2022-08-25T14:14:05+00:00","dateModified":"2026-03-27T16:10:27+00:00","description":"Mit diesem kompletten Lehrwerk lernst du Schritt f\u00fcr Schritt Russisch: Lektionen mit Texten, Dialogen, Vokabellliste, Grammatik\u00fcbersichten und \u00dcbungen. Inklusive Audio. B1-B2","breadcrumb":{"@id":"https:\/\/sistemakalinka.com\/de\/produkt\/sistema-kalinka-lehrbuch-04-b1-b2-ebook\/#breadcrumb"},"inLanguage":"de","potentialAction":[{"@type":"ReadAction","target":["https:\/\/sistemakalinka.com\/de\/produkt\/sistema-kalinka-lehrbuch-04-b1-b2-ebook\/"]}]},{"@type":"ImageObject","inLanguage":"de","@id":"https:\/\/sistemakalinka.com\/de\/produkt\/sistema-kalinka-lehrbuch-04-b1-b2-ebook\/#primaryimage","url":"https:\/\/sistemakalinka.com\/wp-content\/uploads\/SIST_04_ru_ebook.jpg","contentUrl":"https:\/\/sistemakalinka.com\/wp-content\/uploads\/SIST_04_ru_ebook.jpg","width":1194,"height":1194},{"@type":"BreadcrumbList","@id":"https:\/\/sistemakalinka.com\/de\/produkt\/sistema-kalinka-lehrbuch-04-b1-b2-ebook\/#breadcrumb","itemListElement":[{"@type":"ListItem","position":1,"name":"Home","item":"https:\/\/sistemakalinka.com\/de\/"},{"@type":"ListItem","position":2,"name":"Shop","item":"https:\/\/sistemakalinka.com\/shop\/"},{"@type":"ListItem","position":3,"name":"Sistema Kalinka &#8211; Lehrbuch 4 &#8211; Niveau B1-B2 (Ebook)"}]},{"@type":"WebSite","@id":"https:\/\/sistemakalinka.com\/de\/#website","url":"https:\/\/sistemakalinka.com\/de\/","name":"Sistema Kalinka","description":"Learn Russian with us","potentialAction":[{"@type":"SearchAction","target":{"@type":"EntryPoint","urlTemplate":"https:\/\/sistemakalinka.com\/de\/?s={search_term_string}"},"query-input":{"@type":"PropertyValueSpecification","valueRequired":true,"valueName":"search_term_string"}}],"inLanguage":"de"}]}},"_links":{"self":[{"href":"https:\/\/sistemakalinka.com\/de\/wp-json\/wp\/v2\/product\/30010","targetHints":{"allow":["GET"]}}],"collection":[{"href":"https:\/\/sistemakalinka.com\/de\/wp-json\/wp\/v2\/product"}],"about":[{"href":"https:\/\/sistemakalinka.com\/de\/wp-json\/wp\/v2\/types\/product"}],"replies":[{"embeddable":true,"href":"https:\/\/sistemakalinka.com\/de\/wp-json\/wp\/v2\/comments?post=30010"}],"wp:featuredmedia":[{"embeddable":true,"href":"https:\/\/sistemakalinka.com\/de\/wp-json\/wp\/v2\/media\/26238"}],"wp:attachment":[{"href":"https:\/\/sistemakalinka.com\/de\/wp-json\/wp\/v2\/media?parent=30010"}],"wp:term":[{"taxonomy":"product_brand","embeddable":true,"href":"https:\/\/sistemakalinka.com\/de\/wp-json\/wp\/v2\/product_brand?post=30010"},{"taxonomy":"product_cat","embeddable":true,"href":"https:\/\/sistemakalinka.com\/de\/wp-json\/wp\/v2\/product_cat?post=30010"},{"taxonomy":"product_tag","embeddable":true,"href":"https:\/\/sistemakalinka.com\/de\/wp-json\/wp\/v2\/product_tag?post=30010"}],"curies":[{"name":"wp","href":"https:\/\/api.w.org\/{rel}","templated":true}]}}