{"id":30144,"date":"2020-05-25T16:19:33","date_gmt":"2022-08-30T13:29:07","guid":{"rendered":"https:\/\/sistemakalinka.com\/?post_type=product&#038;p=30144"},"modified":"2024-11-18T20:49:53","modified_gmt":"2024-11-18T19:49:53","slug":"kultur-webinar-schuhwerk","status":"publish","type":"product","link":"https:\/\/sistemakalinka.com\/de\/produkt\/kultur-webinar-schuhwerk\/","title":{"rendered":"Kultur-Webinar 2: Traditionelles russisches Schuhwerk  || Peter der Gro\u00dfe  || Transsibirische Eisenbahn"},"content":{"rendered":"<div class=\"container-fluid\">\r\n   <div class=\"row\">\r\n      <div class=\"col-md-6 col-sm-12 col-xs-12\"><img decoding=\"async\" src=\"\/wp-content\/uploads\/promo-cu02-a-de.png\" \/><\/div>\r\n      <div class=\"col-md-6 col-sm-12 col-xs-12\"><img decoding=\"async\" src=\"\/wp-content\/uploads\/promo-cultura-b-de-1.png\" \/><\/div>\r\n   <\/div>\r\n   <div class=\"row\">\r\n      <div class=\"col-md-6 col-sm-12 col-xs-12\">\r\n         <h3>Webinar-Inhalt:<\/h3>\r\n         <p>Dieses Online-Seminar beinhaltet drei Videos (je 20-25 Minuten) Jedes Video behandelt ein Thema rund um die russische Kultur. Alle sind auf Russisch von der Sprachwissenschaftlerin Anastasia Chulkova gehalten. Aufbau jedes Videos:<\/p>\r\n         <ul>\r\n            <li>Kurze Einf\u00fchrung<\/li>\r\n            <li>Beschreibung des Themas mit Bildern, Videos, Pr\u00e4sentationen, Audio<\/li>\r\n            <li>Erl\u00e4uterung der wichtigsten Vokabeln<\/li>\r\n            <li><\/li>\r\n         <\/ul>\r\n         <h3>Inhalt dieses Webinars<\/h3>\r\n         <ol>\r\n            <li><strong>Russische Kultur<\/strong>: Traditionelles russisches Schuhwerk Valenki und Lapki &#8211; Jahrhunderte altes Schuhwerk, das heute noch getragen wird <\/li>\r\n            <li><strong>Ber\u00fchmte Personen<\/strong>: Peter der Gro\u00dfe, der erste russische Zar und Gr\u00fcnder von Sankt Petersburg<\/li>\r\n            <li><strong>Russland heute<\/strong>: Die Transsibirische Eisenbahn, die l\u00e4ngste Eisenbahnstrecke der Welt<\/li>\r\n         <\/ol>\r\n         <h3>Der Kauf des Webinars beinhaltet:<\/h3>\r\n         <div class=\"mi-cuadro-importante\">\r\n            <ul>\r\n               <li>Zeitlich unbegrenzter Zugang zum Online-Seminar<\/li>\r\n               <li>Arbeitsmaterial mit Video, PDF und Audio<\/li>\r\n               <li>Ein Jahr lang kannst du per E-Mail Fragen zum Seminar stellen<\/li>\r\n            <\/ul>\r\n         <\/div>\r\n      <\/div>\r\n      <div class=\"col-lg-6 col-md-6 col-sm-6 col-xs-12\">\r\n         <h3>Ausschnitt aus dem Video<\/h3>\r\n         <p>Hier kannst du dir einen Ausschnitt aus dem Seminar ansehen. Dieses Seminar <strong>enth\u00e4lt vier Videos aus den folgenden Bereichen<\/strong>: Russische Kultur, ber\u00fchmte Personen der russischen Geschichte und das Leben im heutigen Russland.<\/p>\r\n         <div class=\"media\"><iframe loading=\"lazy\" width=\"500\" height=\"281\" src=\"https:\/\/player.vimeo.com\/video\/338874025\" frameborder=\"0\" webkitallowfullscreen=\"webkitallowfullscreen\" mozallowfullscreen=\"mozallowfullscreen\" allowfullscreen=\"allowfullscreen\"><\/iframe><\/div>\r\n         <h3>Ausz\u00fcge aus dem Arbeitsmaterial<\/h3>\r\n         <p class=\"hidden-xs\">M\u00f6chtest du einen Blick in unser Arbeitsmaterial werfen? Zum Vergr\u00f6\u00dfern hier klicken:<\/p>\r\n         <p class=\"hidden-lg hidden-md hidden-sm visible-xs-block\">Ausz\u00fcge aus dem Arbeitsmaterial ansehen:<\/p>\r\n         <div class=\"row mi-galeria-producto\"><a href=\"\/wp-content\/uploads\/webinar-materials_cu_02_01.jpg\" data-fancybox=\"gallery\" title=\"Ausz\u00fcge aus dem Arbeitsmaterial\"><img decoding=\"async\" class=\"col-lg-6 col-md-12 col-sm-12 col-xs-12\" id=\"thumb_296\" src=\"\/wp-content\/uploads\/webinar-materials_cu_02_01.jpg\" alt=\"Ausz\u00fcge aus dem Arbeitsmaterial\" title=\"Ausz\u00fcge aus dem Arbeitsmaterial\" itemprop=\"image\" \/><\/a> <a href=\"\/wp-content\/uploads\/webinar-materials_cu_02_02.jpg\" data-fancybox=\"gallery\" title=\"Ausz\u00fcge aus dem Arbeitsmaterial\"><img decoding=\"async\" class=\"col-lg-6 col-md-12 col-sm-12 col-xs-12\" id=\"thumb_296\" src=\"\/wp-content\/uploads\/webinar-materials_cu_02_02.jpg\" alt=\"Ausz\u00fcge aus dem Arbeitsmaterial\" title=\"Ausz\u00fcge aus dem Arbeitsmaterial\" itemprop=\"image\" \/><\/a> <a href=\"\/wp-content\/uploads\/webinar-materials_cu_02_03.jpg\" data-fancybox=\"gallery\" title=\"Ausz\u00fcge aus dem Arbeitsmaterial\"><img decoding=\"async\" class=\"col-lg-6 col-md-12 col-sm-12 col-xs-12\" id=\"thumb_296\" src=\"\/wp-content\/uploads\/webinar-materials_cu_02_03.jpg\" alt=\"Ausz\u00fcge aus dem Arbeitsmaterial\" title=\"Ausz\u00fcge aus dem Arbeitsmaterial\" itemprop=\"image\" \/><\/a><\/div>\r\n      <\/div>\r\n   <\/div>\r\n<\/div>","protected":false},"excerpt":{"rendered":"<div class=\"container-fluid\">\r\n   <div class=\"row\">\r\n      <div class=\"col-xs-12\">\r\n         <div class=\"mi-cuadro-importante\">\r\n            <p>Verbessere dein Russisch und erfahre gleichzeitig Interessantes \u00fcber die russische Kultur.<\/p>\r\n         <\/div>\r\n         <p>Dieses Seminar ist <span style=\"color: #d0121a;\"><strong>nur auf Russisch<\/strong><\/span> und eignet sich f\u00fcr Lernende des Niveaus A2-C1. Es dauert 60 Minuten und ist von der Russisch-Expertin Anastasia Chulkova gehalten.<br> Folgende <strong>drei Themen erwarten dich<\/strong>:<\/p>    \r\n         <ol>\r\n            <li><strong>Russische Kultur<\/strong>: Traditionelles russisches Schuhwerk Valenki und Lapki &#8211; Jahrhunderte altes Schuhwerk, das heute noch getragen wird<\/li>\r\n            <li><strong>Ber\u00fchmte Personen<\/strong>: Peter der Gro&szlig;e, der erste russische Zar und Gr\u00fcnder von Sankt Petersburg<\/li>\r\n            <li><strong>Russland heute<\/strong>: Die Transsibirische Eisenbahn, die l\u00e4ngste Eisenbahnstrecke der Welt<\/li>\r\n         <\/ol>\r\n         <div class=\"mi-cuadro-importante\">In diesem <span style=\"color: #d0121a;\">Webinar auf Russisch<\/span> bringt dir Anastasia Aspekte der russischen Kultur und den dazugeh\u00f6rigen Wortschatz n\u00e4her. Sie bespricht die Vokabelliste und erl\u00e4utert alles leicht verst\u00e4ndlich.<\/div>\r\n         <div class=\"mi-cuadro-importante\">Beinhaltet Unterrichtsmaterialien + <strong>zeitlich unbegrenzten Zugang<\/strong> zum Seminarvideo + die M\u00f6glichkeit, ein Jahr lang per E-Mail Fragen dazu zu stellen.<\/div>\r\n      <\/div>\r\n   <\/div>\r\n<\/div>","protected":false},"featured_media":29666,"comment_status":"open","ping_status":"closed","template":"","meta":[],"product_brand":[],"product_cat":[195],"product_tag":[],"class_list":{"0":"post-30144","1":"product","2":"type-product","3":"status-publish","4":"has-post-thumbnail","6":"product_cat-intensiv-seminare","8":"first","9":"instock","10":"virtual","11":"purchasable","12":"product-type-simple"},"yoast_head":"<!-- This site is optimized with the Yoast SEO plugin v27.5 - https:\/\/yoast.com\/product\/yoast-seo-wordpress\/ -->\n<title>Kultur-Webinar 2: Traditionelles russisches Schuhwerk || Peter der Gro\u00dfe || Transsibirische Eisenbahn - Sistema Kalinka<\/title>\n<meta name=\"description\" content=\"Mit unseren Webinaren lernst du Wissenwertes \u00fcber die russische Kultur sowie den dazugeh\u00f6rigen Wortschatz. Seminar auf Russisch.\" \/>\n<meta name=\"robots\" content=\"index, follow, max-snippet:-1, max-image-preview:large, max-video-preview:-1\" \/>\n<link rel=\"canonical\" href=\"https:\/\/sistemakalinka.com\/de\/produkt\/kultur-webinar-schuhwerk\/\" \/>\n<meta property=\"og:locale\" content=\"de_DE\" \/>\n<meta property=\"og:type\" content=\"article\" \/>\n<meta property=\"og:title\" content=\"Kultur-Webinar 2: Traditionelles russisches Schuhwerk || Peter der Gro\u00dfe || Transsibirische Eisenbahn - Sistema Kalinka\" \/>\n<meta property=\"og:description\" content=\"Mit unseren Webinaren lernst du Wissenwertes \u00fcber die russische Kultur sowie den dazugeh\u00f6rigen Wortschatz. Seminar auf Russisch.\" \/>\n<meta property=\"og:url\" content=\"https:\/\/sistemakalinka.com\/de\/produkt\/kultur-webinar-schuhwerk\/\" \/>\n<meta property=\"og:site_name\" content=\"Sistema Kalinka\" \/>\n<meta property=\"article:modified_time\" content=\"2024-11-18T19:49:53+00:00\" \/>\n<meta property=\"og:image\" content=\"https:\/\/sistemakalinka.com\/wp-content\/uploads\/CU_02_DE.jpg\" \/>\n\t<meta property=\"og:image:width\" content=\"800\" \/>\n\t<meta property=\"og:image:height\" content=\"800\" \/>\n\t<meta property=\"og:image:type\" content=\"image\/jpeg\" \/>\n<meta name=\"twitter:card\" content=\"summary_large_image\" \/>\n<meta name=\"twitter:label1\" content=\"Gesch\u00e4tzte Lesezeit\" \/>\n\t<meta name=\"twitter:data1\" content=\"2\u00a0Minuten\" \/>\n<script type=\"application\/ld+json\" class=\"yoast-schema-graph\">{\"@context\":\"https:\\\/\\\/schema.org\",\"@graph\":[{\"@type\":\"WebPage\",\"@id\":\"https:\\\/\\\/sistemakalinka.com\\\/de\\\/produkt\\\/kultur-webinar-schuhwerk\\\/\",\"url\":\"https:\\\/\\\/sistemakalinka.com\\\/de\\\/produkt\\\/kultur-webinar-schuhwerk\\\/\",\"name\":\"Kultur-Webinar 2: Traditionelles russisches Schuhwerk || Peter der Gro\u00dfe || Transsibirische Eisenbahn - Sistema Kalinka\",\"isPartOf\":{\"@id\":\"https:\\\/\\\/sistemakalinka.com\\\/de\\\/#website\"},\"primaryImageOfPage\":{\"@id\":\"https:\\\/\\\/sistemakalinka.com\\\/de\\\/produkt\\\/kultur-webinar-schuhwerk\\\/#primaryimage\"},\"image\":{\"@id\":\"https:\\\/\\\/sistemakalinka.com\\\/de\\\/produkt\\\/kultur-webinar-schuhwerk\\\/#primaryimage\"},\"thumbnailUrl\":\"https:\\\/\\\/sistemakalinka.com\\\/wp-content\\\/uploads\\\/CU_02_DE.jpg\",\"datePublished\":\"2022-08-30T13:29:07+00:00\",\"dateModified\":\"2024-11-18T19:49:53+00:00\",\"description\":\"Mit unseren Webinaren lernst du Wissenwertes \u00fcber die russische Kultur sowie den dazugeh\u00f6rigen Wortschatz. Seminar auf Russisch.\",\"breadcrumb\":{\"@id\":\"https:\\\/\\\/sistemakalinka.com\\\/de\\\/produkt\\\/kultur-webinar-schuhwerk\\\/#breadcrumb\"},\"inLanguage\":\"de\",\"potentialAction\":[{\"@type\":\"ReadAction\",\"target\":[\"https:\\\/\\\/sistemakalinka.com\\\/de\\\/produkt\\\/kultur-webinar-schuhwerk\\\/\"]}]},{\"@type\":\"ImageObject\",\"inLanguage\":\"de\",\"@id\":\"https:\\\/\\\/sistemakalinka.com\\\/de\\\/produkt\\\/kultur-webinar-schuhwerk\\\/#primaryimage\",\"url\":\"https:\\\/\\\/sistemakalinka.com\\\/wp-content\\\/uploads\\\/CU_02_DE.jpg\",\"contentUrl\":\"https:\\\/\\\/sistemakalinka.com\\\/wp-content\\\/uploads\\\/CU_02_DE.jpg\",\"width\":800,\"height\":800},{\"@type\":\"BreadcrumbList\",\"@id\":\"https:\\\/\\\/sistemakalinka.com\\\/de\\\/produkt\\\/kultur-webinar-schuhwerk\\\/#breadcrumb\",\"itemListElement\":[{\"@type\":\"ListItem\",\"position\":1,\"name\":\"Home\",\"item\":\"https:\\\/\\\/sistemakalinka.com\\\/de\\\/\"},{\"@type\":\"ListItem\",\"position\":2,\"name\":\"Shop\",\"item\":\"https:\\\/\\\/sistemakalinka.com\\\/shop\\\/\"},{\"@type\":\"ListItem\",\"position\":3,\"name\":\"Kultur-Webinar 2: Traditionelles russisches Schuhwerk || Peter der Gro\u00dfe || Transsibirische Eisenbahn\"}]},{\"@type\":\"WebSite\",\"@id\":\"https:\\\/\\\/sistemakalinka.com\\\/de\\\/#website\",\"url\":\"https:\\\/\\\/sistemakalinka.com\\\/de\\\/\",\"name\":\"Sistema Kalinka\",\"description\":\"Learn Russian with us\",\"potentialAction\":[{\"@type\":\"SearchAction\",\"target\":{\"@type\":\"EntryPoint\",\"urlTemplate\":\"https:\\\/\\\/sistemakalinka.com\\\/de\\\/?s={search_term_string}\"},\"query-input\":{\"@type\":\"PropertyValueSpecification\",\"valueRequired\":true,\"valueName\":\"search_term_string\"}}],\"inLanguage\":\"de\"}]}<\/script>\n<!-- \/ Yoast SEO plugin. -->","yoast_head_json":{"title":"Kultur-Webinar 2: Traditionelles russisches Schuhwerk || Peter der Gro\u00dfe || Transsibirische Eisenbahn - Sistema Kalinka","description":"Mit unseren Webinaren lernst du Wissenwertes \u00fcber die russische Kultur sowie den dazugeh\u00f6rigen Wortschatz. Seminar auf Russisch.","robots":{"index":"index","follow":"follow","max-snippet":"max-snippet:-1","max-image-preview":"max-image-preview:large","max-video-preview":"max-video-preview:-1"},"canonical":"https:\/\/sistemakalinka.com\/de\/produkt\/kultur-webinar-schuhwerk\/","og_locale":"de_DE","og_type":"article","og_title":"Kultur-Webinar 2: Traditionelles russisches Schuhwerk || Peter der Gro\u00dfe || Transsibirische Eisenbahn - Sistema Kalinka","og_description":"Mit unseren Webinaren lernst du Wissenwertes \u00fcber die russische Kultur sowie den dazugeh\u00f6rigen Wortschatz. Seminar auf Russisch.","og_url":"https:\/\/sistemakalinka.com\/de\/produkt\/kultur-webinar-schuhwerk\/","og_site_name":"Sistema Kalinka","article_modified_time":"2024-11-18T19:49:53+00:00","og_image":[{"width":800,"height":800,"url":"https:\/\/sistemakalinka.com\/wp-content\/uploads\/CU_02_DE.jpg","type":"image\/jpeg"}],"twitter_card":"summary_large_image","twitter_misc":{"Gesch\u00e4tzte Lesezeit":"2\u00a0Minuten"},"schema":{"@context":"https:\/\/schema.org","@graph":[{"@type":"WebPage","@id":"https:\/\/sistemakalinka.com\/de\/produkt\/kultur-webinar-schuhwerk\/","url":"https:\/\/sistemakalinka.com\/de\/produkt\/kultur-webinar-schuhwerk\/","name":"Kultur-Webinar 2: Traditionelles russisches Schuhwerk || Peter der Gro\u00dfe || Transsibirische Eisenbahn - Sistema Kalinka","isPartOf":{"@id":"https:\/\/sistemakalinka.com\/de\/#website"},"primaryImageOfPage":{"@id":"https:\/\/sistemakalinka.com\/de\/produkt\/kultur-webinar-schuhwerk\/#primaryimage"},"image":{"@id":"https:\/\/sistemakalinka.com\/de\/produkt\/kultur-webinar-schuhwerk\/#primaryimage"},"thumbnailUrl":"https:\/\/sistemakalinka.com\/wp-content\/uploads\/CU_02_DE.jpg","datePublished":"2022-08-30T13:29:07+00:00","dateModified":"2024-11-18T19:49:53+00:00","description":"Mit unseren Webinaren lernst du Wissenwertes \u00fcber die russische Kultur sowie den dazugeh\u00f6rigen Wortschatz. Seminar auf Russisch.","breadcrumb":{"@id":"https:\/\/sistemakalinka.com\/de\/produkt\/kultur-webinar-schuhwerk\/#breadcrumb"},"inLanguage":"de","potentialAction":[{"@type":"ReadAction","target":["https:\/\/sistemakalinka.com\/de\/produkt\/kultur-webinar-schuhwerk\/"]}]},{"@type":"ImageObject","inLanguage":"de","@id":"https:\/\/sistemakalinka.com\/de\/produkt\/kultur-webinar-schuhwerk\/#primaryimage","url":"https:\/\/sistemakalinka.com\/wp-content\/uploads\/CU_02_DE.jpg","contentUrl":"https:\/\/sistemakalinka.com\/wp-content\/uploads\/CU_02_DE.jpg","width":800,"height":800},{"@type":"BreadcrumbList","@id":"https:\/\/sistemakalinka.com\/de\/produkt\/kultur-webinar-schuhwerk\/#breadcrumb","itemListElement":[{"@type":"ListItem","position":1,"name":"Home","item":"https:\/\/sistemakalinka.com\/de\/"},{"@type":"ListItem","position":2,"name":"Shop","item":"https:\/\/sistemakalinka.com\/shop\/"},{"@type":"ListItem","position":3,"name":"Kultur-Webinar 2: Traditionelles russisches Schuhwerk || Peter der Gro\u00dfe || Transsibirische Eisenbahn"}]},{"@type":"WebSite","@id":"https:\/\/sistemakalinka.com\/de\/#website","url":"https:\/\/sistemakalinka.com\/de\/","name":"Sistema Kalinka","description":"Learn Russian with us","potentialAction":[{"@type":"SearchAction","target":{"@type":"EntryPoint","urlTemplate":"https:\/\/sistemakalinka.com\/de\/?s={search_term_string}"},"query-input":{"@type":"PropertyValueSpecification","valueRequired":true,"valueName":"search_term_string"}}],"inLanguage":"de"}]}},"_links":{"self":[{"href":"https:\/\/sistemakalinka.com\/de\/wp-json\/wp\/v2\/product\/30144","targetHints":{"allow":["GET"]}}],"collection":[{"href":"https:\/\/sistemakalinka.com\/de\/wp-json\/wp\/v2\/product"}],"about":[{"href":"https:\/\/sistemakalinka.com\/de\/wp-json\/wp\/v2\/types\/product"}],"replies":[{"embeddable":true,"href":"https:\/\/sistemakalinka.com\/de\/wp-json\/wp\/v2\/comments?post=30144"}],"wp:featuredmedia":[{"embeddable":true,"href":"https:\/\/sistemakalinka.com\/de\/wp-json\/wp\/v2\/media\/29666"}],"wp:attachment":[{"href":"https:\/\/sistemakalinka.com\/de\/wp-json\/wp\/v2\/media?parent=30144"}],"wp:term":[{"taxonomy":"product_brand","embeddable":true,"href":"https:\/\/sistemakalinka.com\/de\/wp-json\/wp\/v2\/product_brand?post=30144"},{"taxonomy":"product_cat","embeddable":true,"href":"https:\/\/sistemakalinka.com\/de\/wp-json\/wp\/v2\/product_cat?post=30144"},{"taxonomy":"product_tag","embeddable":true,"href":"https:\/\/sistemakalinka.com\/de\/wp-json\/wp\/v2\/product_tag?post=30144"}],"curies":[{"name":"wp","href":"https:\/\/api.w.org\/{rel}","templated":true}]}}