{"id":41463,"date":"2023-05-17T14:48:50","date_gmt":"2023-05-17T12:48:50","guid":{"rendered":"https:\/\/sistemakalinka.com\/?post_type=product&#038;p=41463"},"modified":"2026-01-06T19:32:53","modified_gmt":"2026-01-06T18:32:53","slug":"geschichten-in-einfachem-russisch-niveau-b2-buch-3-ebook","status":"publish","type":"product","link":"https:\/\/sistemakalinka.com\/de\/produkt\/geschichten-in-einfachem-russisch-niveau-b2-buch-3-ebook\/","title":{"rendered":"Geschichten auf Russisch &#8211; Niveau B2 &#8211; Buch 3 (Ebook)"},"content":{"rendered":"<div class=\"container-fluid\">\r\n    <div class=\"row\">\r\n        <div class=\"col-xs-12\">\r\n            <h2>Schau rein! Hier kannst du einen Auszug aus diesem Buch lesen und h\u00f6ren:<\/h2>\r\n            <div class=\"row\">\r\n                <div class=\"col-lg-6 col-md-6 col-sm-6 col-xs-12\">\r\n                    <p>Auszug aus diesem Buch h\u00f6ren:\r\n                    <\/p>\r\n                    <p>\r\n                        <audio style=\"color: #95b9c7; width: 100%;\" controls=\"controls\">\r\n                        <source src=\"\/wp-content\/uploads\/audio-ABOOK-B2-03.mp3\" type=\"audio\/mpeg\">\r\n                        Ihr Browser erkennt das Audio-Element nicht.\r\n                        <\/audio>\r\n                    <\/p>\r\n                <\/div>\r\n                <div class=\"col-lg-6 col-md-6 col-sm-6 col-xs-12\">\r\n                    <p class=\"hidden-xs\">Auszug aus diesem Buch lesen. Zum Vergr\u00f6\u00dfern hier klicken:\r\n                    <\/p>\r\n                    <p class=\"hidden-lg hidden-md hidden-sm visible-xs-block\">Auszug aus diesem Buch lesen:\r\n                    <\/p>\r\n                    <div class=\"row rkfotos\"><a href=\"\/wp-content\/uploads\/auszug-ABOOK-B2-03-ebook-01.jpg\" data-fancybox=\"gallery\" title=\"auszug\"><img decoding=\"async\" class=\"col-lg-6 col-md-12 col-sm-12 col-xs-12\" id=\"thumb_296\" src=\"\/wp-content\/uploads\/auszug-ABOOK-B2-03-ebook-01.jpg\" alt=\"auszug\" title=\"auszug\" itemprop=\"image\"><\/a> <a href=\"\/wp-content\/uploads\/auszug-ABOOK-B2-03-ebook-02.jpg\" data-fancybox=\"gallery\" title=\"auszug\"><img decoding=\"async\" class=\"col-lg-6 col-md-12 col-sm-12 col-xs-12\" id=\"thumb_296\" src=\"\/wp-content\/uploads\/auszug-ABOOK-B2-03-ebook-02.jpg\" alt=\"auszug\" title=\"auszug\" itemprop=\"image\"><\/a> <a href=\"\/wp-content\/uploads\/auszug-ABOOK-B2-03-ebook-03.jpg\" data-fancybox=\"gallery\" title=\"auszug\"><img decoding=\"async\" class=\"col-lg-6 col-md-12 col-sm-12 col-xs-12\" id=\"thumb_296\" src=\"\/wp-content\/uploads\/auszug-ABOOK-B2-03-ebook-03.jpg\" alt=\"auszug\" title=\"auszug\" itemprop=\"image\"><\/a> <a href=\"\/wp-content\/uploads\/auszug-ABOOK-B2-03-ebook-04.jpg\" data-fancybox=\"gallery\" title=\"auszug\"><img decoding=\"async\" class=\"col-lg-6 col-md-12 col-sm-12 col-xs-12\" id=\"thumb_296\" src=\"\/wp-content\/uploads\/auszug-ABOOK-B2-03-ebook-04.jpg\" alt=\"auszug\" title=\"auszug\" itemprop=\"image\"><\/a>\r\n                    <\/div>\r\n                <\/div>\r\n            <\/div>\r\n        <\/div>\r\n        <hr>\r\n    <\/div>\r\n    <div class=\"row\">\r\n        <div class=\"col-xs-12\">\r\n            <hr>\r\n            <h2>Warum mit unseren H\u00f6rb\u00fcchern Russisch lernen &#8211; vier Gr\u00fcnde.<\/h2>\r\n            <p>Unser Redaktionsteam aus Russischlehrern hat diese Texte speziell f\u00fcr Lernende verfasst. Wer Russisch als Fremdsprache lernt, sollte B\u00fccher lesen, die auf die aktuelle Lernstufe zugeschnitten sind und mit denen er oder sie sich st\u00fcckweise steigern kann &#8211; das bieten unsere Texte. Dank der von russischen Muttersprachlern gesprochenen Audio-Aufnahmen verinnerlichst du das Vokabular sowie die Aussprache m\u00fchelos. Darum eignen sich unsere B\u00fccher besonders gut zum Russischlernen:\r\n            <\/p>\r\n            <div class=\"rkdestacar\">\r\n                <ol>\r\n                    <li>Russische Texte mit deutscher \u00dcbersetzung (vereinfacht das Lernen).<\/li>\r\n                    <li>Professionelle Audios von russischen Muttersprachlern (zum Nachh\u00f6ren und Nachsprechen).<\/li>\r\n                    <li>In verschiedene Schwierigkeitsstufen eingeteilt (Texte zugeschnitten auf deine Bed\u00fcrfnisse)<\/li>\r\n                    <li>Speziell f\u00fcr Russischlernende verfasst (von Russischlehrern)<\/li>\r\n                <\/ol>\r\n            <\/div>\r\n            <p>Hast du Fragen zu unseren B\u00fcchern? Setz dich mit uns in Verbindung, wir beantworten sie gern.\r\n            <\/p>\r\n            <h2>Russische Texte + \u00dcbersetzung + professionelle Aufnahmen<\/h2>\r\n            <p>Die einzige Russisch-Schule mit H\u00f6rb\u00fcchern dieser Art!\r\n            <\/p>\r\n            <ul>\r\n                <li>Russische Texte in verschiedenen Schwierigkeitsstufen &#8211; so ist auch f\u00fcr dich das richtige dabei.<\/li>\r\n                <li>Schnelles Erfassen dank der deutschen \u00dcbersetzung.<\/li>\r\n                <li>Studioaufnahmen aller Texte von russischen Muttersprachlern.<\/li>\r\n            <\/ul>\r\n            <p>Mit unseren unterhaltsamen B\u00fcchern zum Lesen und H\u00f6ren verbesserst du spielend leicht dein Russisch! Suchst du nach russischen H\u00f6rb\u00fcchern mit Lesetext und \u00dcbersetzung? Wir haben die L\u00f6sung.\r\n            <\/p>\r\n            <h2>Russisch f\u00fcr unterwegs<\/h2>\r\n            <p>Unsere E-Books im PDF-Format lassen sich auf vielen verschiedenen Ger\u00e4ten \u00f6ffnen (PC, Laptop, Mac, iPad, Tablet,&#8230;) Inklusive professionell prochener Aufnahmen aller Dialoge im mp3-Format. Du kannst die Texte gleichzeitig lesen und h\u00f6ren oder die mp3-Dateien auf deinem Telefon oder mp3-Player abspielen und \u00fcberall anh\u00f6ren.\r\n            <\/p>\r\n        <\/div>\r\n    <\/div>\r\n<\/div>","protected":false},"excerpt":{"rendered":"<div class=\"container-fluid\">\r\n    <div class=\"row\">\r\n        <div class=\"col-xs-12\">\r\n            <!-- este div es la descripcion para google shopping-->\r\n            <div hidden=\"\">\r\n                <p>Ein Buch zum Lesen und H\u00f6ren f\u00fcr Russischlernende der Mittelstufe. Der russische Text inkl. deutscher \u00dcbersetzung hilft dir, das H\u00f6rbuch zu verstehen. Tauche ein in die Erz\u00e4hlungen und erweitere nebenbei deinen Russischwortschatz. Inhalt:\r\n                <\/p>\r\n                <ol>\r\n                     <li>Zwei Freunde<\/li>\r\n\t\t<li>F\u00fcnfhundert Rubel<\/li>\r\n\t        <li>Der Blick aus dem Fenster<\/li>\r\n\t\t<li>Der Anf\u00e4nger<\/li>\r\n\t\t<li>Zwei Fr\u00f6sche<\/li>\r\n\t\t<li>Ein weiser Vater<\/li>\r\n                <\/ol>\r\n            <\/div>\r\n            [etiquetas_producto paginas=\"65\"]\r\n            <!-- fin de la descipci\u00f3n para google shopping-->\r\n            <p>Ein Buch zum Lesen und H\u00f6ren f\u00fcr Russischlernende der Mittelstufe.  Der russische Text inkl. deutscher \u00dcbersetzung hilft dir, das H\u00f6rbuch zu verstehen. Tauche ein in die Erz\u00e4hlungen und erweitere nebenbei deinen Russischwortschatz. Inhalt:\r\n            <\/p>\r\n            <ol>\r\n                <li>Zwei Freunde<\/li>\r\n\t\t<li>F\u00fcnfhundert Rubel<\/li>\r\n\t        <li>Der Blick aus dem Fenster<\/li>\r\n\t\t<li>Der Anf\u00e4nger<\/li>\r\n\t\t<li>Zwei Fr\u00f6sche<\/li>\r\n\t\t<li>Ein weiser Vater<\/li>\r\n            <\/ol>\r\n[imagenes_tipo_libro]\r\n      <\/div>\r\n   <\/div>\r\n<\/div>","protected":false},"featured_media":41479,"comment_status":"open","ping_status":"closed","template":"","meta":[],"product_brand":[],"product_cat":[182,183,191,186],"product_tag":[],"class_list":{"0":"post-41463","1":"product","2":"type-product","3":"status-publish","4":"has-post-thumbnail","6":"product_cat-buecher-zum-russischlernen","7":"product_cat-ebooks","8":"product_cat-russische-geschichten","9":"product_cat-russischbuecher-mit-audio","10":"pa_level-b2-de","12":"first","13":"instock","14":"downloadable","15":"virtual","16":"taxable","17":"purchasable","18":"product-type-simple"},"yoast_head":"<!-- This site is optimized with the Yoast SEO plugin v27.4 - https:\/\/yoast.com\/product\/yoast-seo-wordpress\/ -->\n<title>Geschichten auf Russisch - Niveau B2 - Buch 3 (Ebook) - Sistema Kalinka<\/title>\n<meta name=\"description\" content=\"Russische Geschichten f\u00fcr die Mittelstufe. Professionelle Audios und zweisprachige Texte f\u00fcr Russisch-Lernende\" \/>\n<meta name=\"robots\" content=\"index, follow, max-snippet:-1, max-image-preview:large, max-video-preview:-1\" \/>\n<link rel=\"canonical\" href=\"https:\/\/sistemakalinka.com\/de\/produkt\/geschichten-in-einfachem-russisch-niveau-b2-buch-3-ebook\/\" \/>\n<meta property=\"og:locale\" content=\"de_DE\" \/>\n<meta property=\"og:type\" content=\"article\" \/>\n<meta property=\"og:title\" content=\"Geschichten auf Russisch - Niveau B2 - Buch 3 (Ebook) - Sistema Kalinka\" \/>\n<meta property=\"og:description\" content=\"Russische Geschichten f\u00fcr die Mittelstufe. Professionelle Audios und zweisprachige Texte f\u00fcr Russisch-Lernende\" \/>\n<meta property=\"og:url\" content=\"https:\/\/sistemakalinka.com\/de\/produkt\/geschichten-in-einfachem-russisch-niveau-b2-buch-3-ebook\/\" \/>\n<meta property=\"og:site_name\" content=\"Sistema Kalinka\" \/>\n<meta property=\"article:modified_time\" content=\"2026-01-06T18:32:53+00:00\" \/>\n<meta property=\"og:image\" content=\"https:\/\/sistemakalinka.com\/wp-content\/uploads\/ABOOK_B2_03_de_ebook.jpg\" \/>\n\t<meta property=\"og:image:width\" content=\"1194\" \/>\n\t<meta property=\"og:image:height\" content=\"1194\" \/>\n\t<meta property=\"og:image:type\" content=\"image\/jpeg\" \/>\n<meta name=\"twitter:card\" content=\"summary_large_image\" \/>\n<meta name=\"twitter:label1\" content=\"Gesch\u00e4tzte Lesezeit\" \/>\n\t<meta name=\"twitter:data1\" content=\"3\u00a0Minuten\" \/>\n<script type=\"application\/ld+json\" class=\"yoast-schema-graph\">{\"@context\":\"https:\\\/\\\/schema.org\",\"@graph\":[{\"@type\":\"WebPage\",\"@id\":\"https:\\\/\\\/sistemakalinka.com\\\/de\\\/produkt\\\/geschichten-in-einfachem-russisch-niveau-b2-buch-3-ebook\\\/\",\"url\":\"https:\\\/\\\/sistemakalinka.com\\\/de\\\/produkt\\\/geschichten-in-einfachem-russisch-niveau-b2-buch-3-ebook\\\/\",\"name\":\"Geschichten auf Russisch - Niveau B2 - Buch 3 (Ebook) - Sistema Kalinka\",\"isPartOf\":{\"@id\":\"https:\\\/\\\/sistemakalinka.com\\\/de\\\/#website\"},\"primaryImageOfPage\":{\"@id\":\"https:\\\/\\\/sistemakalinka.com\\\/de\\\/produkt\\\/geschichten-in-einfachem-russisch-niveau-b2-buch-3-ebook\\\/#primaryimage\"},\"image\":{\"@id\":\"https:\\\/\\\/sistemakalinka.com\\\/de\\\/produkt\\\/geschichten-in-einfachem-russisch-niveau-b2-buch-3-ebook\\\/#primaryimage\"},\"thumbnailUrl\":\"https:\\\/\\\/sistemakalinka.com\\\/wp-content\\\/uploads\\\/ABOOK_B2_03_de_ebook.jpg\",\"datePublished\":\"2023-05-17T12:48:50+00:00\",\"dateModified\":\"2026-01-06T18:32:53+00:00\",\"description\":\"Russische Geschichten f\u00fcr die Mittelstufe. Professionelle Audios und zweisprachige Texte f\u00fcr Russisch-Lernende\",\"breadcrumb\":{\"@id\":\"https:\\\/\\\/sistemakalinka.com\\\/de\\\/produkt\\\/geschichten-in-einfachem-russisch-niveau-b2-buch-3-ebook\\\/#breadcrumb\"},\"inLanguage\":\"de\",\"potentialAction\":[{\"@type\":\"ReadAction\",\"target\":[\"https:\\\/\\\/sistemakalinka.com\\\/de\\\/produkt\\\/geschichten-in-einfachem-russisch-niveau-b2-buch-3-ebook\\\/\"]}]},{\"@type\":\"ImageObject\",\"inLanguage\":\"de\",\"@id\":\"https:\\\/\\\/sistemakalinka.com\\\/de\\\/produkt\\\/geschichten-in-einfachem-russisch-niveau-b2-buch-3-ebook\\\/#primaryimage\",\"url\":\"https:\\\/\\\/sistemakalinka.com\\\/wp-content\\\/uploads\\\/ABOOK_B2_03_de_ebook.jpg\",\"contentUrl\":\"https:\\\/\\\/sistemakalinka.com\\\/wp-content\\\/uploads\\\/ABOOK_B2_03_de_ebook.jpg\",\"width\":1194,\"height\":1194},{\"@type\":\"BreadcrumbList\",\"@id\":\"https:\\\/\\\/sistemakalinka.com\\\/de\\\/produkt\\\/geschichten-in-einfachem-russisch-niveau-b2-buch-3-ebook\\\/#breadcrumb\",\"itemListElement\":[{\"@type\":\"ListItem\",\"position\":1,\"name\":\"Home\",\"item\":\"https:\\\/\\\/sistemakalinka.com\\\/de\\\/\"},{\"@type\":\"ListItem\",\"position\":2,\"name\":\"Shop\",\"item\":\"https:\\\/\\\/sistemakalinka.com\\\/shop\\\/\"},{\"@type\":\"ListItem\",\"position\":3,\"name\":\"Geschichten auf Russisch &#8211; Niveau B2 &#8211; Buch 3 (Ebook)\"}]},{\"@type\":\"WebSite\",\"@id\":\"https:\\\/\\\/sistemakalinka.com\\\/de\\\/#website\",\"url\":\"https:\\\/\\\/sistemakalinka.com\\\/de\\\/\",\"name\":\"Sistema Kalinka\",\"description\":\"Learn Russian with us\",\"potentialAction\":[{\"@type\":\"SearchAction\",\"target\":{\"@type\":\"EntryPoint\",\"urlTemplate\":\"https:\\\/\\\/sistemakalinka.com\\\/de\\\/?s={search_term_string}\"},\"query-input\":{\"@type\":\"PropertyValueSpecification\",\"valueRequired\":true,\"valueName\":\"search_term_string\"}}],\"inLanguage\":\"de\"}]}<\/script>\n<!-- \/ Yoast SEO plugin. -->","yoast_head_json":{"title":"Geschichten auf Russisch - Niveau B2 - Buch 3 (Ebook) - Sistema Kalinka","description":"Russische Geschichten f\u00fcr die Mittelstufe. Professionelle Audios und zweisprachige Texte f\u00fcr Russisch-Lernende","robots":{"index":"index","follow":"follow","max-snippet":"max-snippet:-1","max-image-preview":"max-image-preview:large","max-video-preview":"max-video-preview:-1"},"canonical":"https:\/\/sistemakalinka.com\/de\/produkt\/geschichten-in-einfachem-russisch-niveau-b2-buch-3-ebook\/","og_locale":"de_DE","og_type":"article","og_title":"Geschichten auf Russisch - Niveau B2 - Buch 3 (Ebook) - Sistema Kalinka","og_description":"Russische Geschichten f\u00fcr die Mittelstufe. Professionelle Audios und zweisprachige Texte f\u00fcr Russisch-Lernende","og_url":"https:\/\/sistemakalinka.com\/de\/produkt\/geschichten-in-einfachem-russisch-niveau-b2-buch-3-ebook\/","og_site_name":"Sistema Kalinka","article_modified_time":"2026-01-06T18:32:53+00:00","og_image":[{"width":1194,"height":1194,"url":"https:\/\/sistemakalinka.com\/wp-content\/uploads\/ABOOK_B2_03_de_ebook.jpg","type":"image\/jpeg"}],"twitter_card":"summary_large_image","twitter_misc":{"Gesch\u00e4tzte Lesezeit":"3\u00a0Minuten"},"schema":{"@context":"https:\/\/schema.org","@graph":[{"@type":"WebPage","@id":"https:\/\/sistemakalinka.com\/de\/produkt\/geschichten-in-einfachem-russisch-niveau-b2-buch-3-ebook\/","url":"https:\/\/sistemakalinka.com\/de\/produkt\/geschichten-in-einfachem-russisch-niveau-b2-buch-3-ebook\/","name":"Geschichten auf Russisch - Niveau B2 - Buch 3 (Ebook) - Sistema Kalinka","isPartOf":{"@id":"https:\/\/sistemakalinka.com\/de\/#website"},"primaryImageOfPage":{"@id":"https:\/\/sistemakalinka.com\/de\/produkt\/geschichten-in-einfachem-russisch-niveau-b2-buch-3-ebook\/#primaryimage"},"image":{"@id":"https:\/\/sistemakalinka.com\/de\/produkt\/geschichten-in-einfachem-russisch-niveau-b2-buch-3-ebook\/#primaryimage"},"thumbnailUrl":"https:\/\/sistemakalinka.com\/wp-content\/uploads\/ABOOK_B2_03_de_ebook.jpg","datePublished":"2023-05-17T12:48:50+00:00","dateModified":"2026-01-06T18:32:53+00:00","description":"Russische Geschichten f\u00fcr die Mittelstufe. Professionelle Audios und zweisprachige Texte f\u00fcr Russisch-Lernende","breadcrumb":{"@id":"https:\/\/sistemakalinka.com\/de\/produkt\/geschichten-in-einfachem-russisch-niveau-b2-buch-3-ebook\/#breadcrumb"},"inLanguage":"de","potentialAction":[{"@type":"ReadAction","target":["https:\/\/sistemakalinka.com\/de\/produkt\/geschichten-in-einfachem-russisch-niveau-b2-buch-3-ebook\/"]}]},{"@type":"ImageObject","inLanguage":"de","@id":"https:\/\/sistemakalinka.com\/de\/produkt\/geschichten-in-einfachem-russisch-niveau-b2-buch-3-ebook\/#primaryimage","url":"https:\/\/sistemakalinka.com\/wp-content\/uploads\/ABOOK_B2_03_de_ebook.jpg","contentUrl":"https:\/\/sistemakalinka.com\/wp-content\/uploads\/ABOOK_B2_03_de_ebook.jpg","width":1194,"height":1194},{"@type":"BreadcrumbList","@id":"https:\/\/sistemakalinka.com\/de\/produkt\/geschichten-in-einfachem-russisch-niveau-b2-buch-3-ebook\/#breadcrumb","itemListElement":[{"@type":"ListItem","position":1,"name":"Home","item":"https:\/\/sistemakalinka.com\/de\/"},{"@type":"ListItem","position":2,"name":"Shop","item":"https:\/\/sistemakalinka.com\/shop\/"},{"@type":"ListItem","position":3,"name":"Geschichten auf Russisch &#8211; Niveau B2 &#8211; Buch 3 (Ebook)"}]},{"@type":"WebSite","@id":"https:\/\/sistemakalinka.com\/de\/#website","url":"https:\/\/sistemakalinka.com\/de\/","name":"Sistema Kalinka","description":"Learn Russian with us","potentialAction":[{"@type":"SearchAction","target":{"@type":"EntryPoint","urlTemplate":"https:\/\/sistemakalinka.com\/de\/?s={search_term_string}"},"query-input":{"@type":"PropertyValueSpecification","valueRequired":true,"valueName":"search_term_string"}}],"inLanguage":"de"}]}},"_links":{"self":[{"href":"https:\/\/sistemakalinka.com\/de\/wp-json\/wp\/v2\/product\/41463","targetHints":{"allow":["GET"]}}],"collection":[{"href":"https:\/\/sistemakalinka.com\/de\/wp-json\/wp\/v2\/product"}],"about":[{"href":"https:\/\/sistemakalinka.com\/de\/wp-json\/wp\/v2\/types\/product"}],"replies":[{"embeddable":true,"href":"https:\/\/sistemakalinka.com\/de\/wp-json\/wp\/v2\/comments?post=41463"}],"wp:featuredmedia":[{"embeddable":true,"href":"https:\/\/sistemakalinka.com\/de\/wp-json\/wp\/v2\/media\/41479"}],"wp:attachment":[{"href":"https:\/\/sistemakalinka.com\/de\/wp-json\/wp\/v2\/media?parent=41463"}],"wp:term":[{"taxonomy":"product_brand","embeddable":true,"href":"https:\/\/sistemakalinka.com\/de\/wp-json\/wp\/v2\/product_brand?post=41463"},{"taxonomy":"product_cat","embeddable":true,"href":"https:\/\/sistemakalinka.com\/de\/wp-json\/wp\/v2\/product_cat?post=41463"},{"taxonomy":"product_tag","embeddable":true,"href":"https:\/\/sistemakalinka.com\/de\/wp-json\/wp\/v2\/product_tag?post=41463"}],"curies":[{"name":"wp","href":"https:\/\/api.w.org\/{rel}","templated":true}]}}