{"id":45714,"date":"2023-08-18T12:58:19","date_gmt":"2023-08-18T10:58:19","guid":{"rendered":"https:\/\/sistemakalinka.com\/?post_type=product&#038;p=45714"},"modified":"2026-03-19T17:16:07","modified_gmt":"2026-03-19T16:16:07","slug":"russische-klassiker-tschechow-erzaehlungen-ebook","status":"publish","type":"product","link":"https:\/\/sistemakalinka.com\/de\/produkt\/russische-klassiker-tschechow-erzaehlungen-ebook\/","title":{"rendered":"Russische Klassiker &#8211;  A. Tschechow &#8211; Erz\u00e4hlungen (Ebook)"},"content":{"rendered":"<div class=\"container-fluid\">\r\n    <div class=\"row\">\r\n        <div class=\"col-xs-12\">\r\n            <h2>Schau rein! Hier kannst du einen Auszug aus diesem Buch lesen und h\u00f6ren:<\/h2>\r\n            <div class=\"row\">\r\n                <div class=\"col-lg-6 col-md-6 col-sm-6 col-xs-12\">\r\n                    <p>Auszug aus diesem Buch h\u00f6ren:\r\n                    <\/p>\r\n                    <p>\r\n                        <audio style=\"color: #95b9c7; width: 100%;\" controls=\"controls\">\r\n                        <source src=\"\/wp-content\/uploads\/audio-CLBOOK-04-Chekhov-1.mp3\" type=\"audio\/mpeg\">\r\n                        Ihr Browser erkennt das Audio-Element nicht.\r\n                        <\/audio>\r\n                    <\/p>\r\n                <\/div>\r\n                <div class=\"col-lg-6 col-md-6 col-sm-6 col-xs-12\">\r\n                    <p class=\"hidden-xs\">Auszug aus diesem Buch lesen. Zum Vergr\u00f6\u00dfern hier klicken:\r\n                    <\/p>\r\n                    <p class=\"hidden-lg hidden-md hidden-sm visible-xs-block\">Auszug aus diesem Buch lesen:\r\n                    <\/p>\r\n                    <div class=\"row rkfotos\"><a href=\"\/wp-content\/uploads\/auszug-CLBOOK-04-chekov-01.jpg\" data-fancybox=\"gallery\" title=\"auszug\"><img decoding=\"async\" class=\"col-lg-6 col-md-12 col-sm-12 col-xs-12\" id=\"thumb_296\" src=\"\/wp-content\/uploads\/auszug-CLBOOK-04-chekov-01.jpg\" alt=\"auszug\" title=\"auszug\" itemprop=\"image\"><\/a> <a href=\"\/wp-content\/uploads\/auszug-CLBOOK-04-chekov-02.jpg\" data-fancybox=\"gallery\" title=\"auszug\"><img decoding=\"async\" class=\"col-lg-6 col-md-12 col-sm-12 col-xs-12\" id=\"thumb_296\" src=\"\/wp-content\/uploads\/auszug-CLBOOK-04-chekov-02.jpg\" alt=\"auszug\" title=\"auszug\" itemprop=\"image\"><\/a> <a href=\"\/wp-content\/uploads\/auszug-CLBOOK-04-chekov-03.jpg\" data-fancybox=\"gallery\" title=\"auszug\"><img decoding=\"async\" class=\"col-lg-6 col-md-12 col-sm-12 col-xs-12\" id=\"thumb_296\" src=\"\/wp-content\/uploads\/auszug-CLBOOK-04-chekov-03.jpg\" alt=\"auszug\" title=\"auszug\" itemprop=\"image\"><\/a> <a href=\"\/wp-content\/uploads\/auszug-CLBOOK-04-chekov-04.jpg\" data-fancybox=\"gallery\" title=\"auszug\"><img decoding=\"async\" class=\"col-lg-6 col-md-12 col-sm-12 col-xs-12\" id=\"thumb_296\" src=\"\/wp-content\/uploads\/auszug-CLBOOK-04-chekov-04.jpg\" alt=\"auszug\" title=\"auszug\" itemprop=\"image\"><\/a>\r\n                    <\/div>\r\n                <\/div>\r\n            <\/div>\r\n        <\/div>\r\n        <hr>\r\n    <\/div>\r\n      <div class=\"row\">\r\n         <div class=\"col-xs-12\">\r\n            <hr \/>\r\n            <h2>Warum mit unseren H\u00f6rb\u00fcchern Russisch lernen? 4 Gr\u00fcnde<\/h2>\r\n            <p>Unser Redaktionsteam aus Russischlehrern hat diese Texte speziell f\u00fcr Lernende verfasst. Wer Russisch als Fremdsprache lernt, sollte B\u00fccher lesen, die auf die aktuelle Lernstufe zugeschnitten sind und mit denen sie sich st\u00fcckweise steigern k\u00f6nnen &#8211; das bieten unsere Texte. Dank der von russischen Muttersprachlern gesprochenen Audio-Aufnahmen verinnerlichst du das Vokabular sowie die Aussprache m\u00fchelos. Darum eignen sich unsere B\u00fccher besonders gut zum Russischlernen:<\/p>\r\n            <div class=\"mi-cuadro-importante\">\r\n               <ol>\r\n                  <li>Russische Texte mit Vokabelhilfe (vereinfacht das Lernen)<\/li>\r\n                  <li>Professionelle Audios von russischen Muttersprachlern (zum Nachh\u00f6ren und Nachsprechen)<\/li>\r\n                  <li>in verschiedene Schwierigkeitsstufen eingeteilt (Texte zugeschnitten auf deine Bed\u00fcrfnisse)<\/li>\r\n                  <li>Speziell f\u00fcr Russischlernende verfasst (von Russischlehrern)<\/li>\r\n               <\/ol>\r\n            <\/div>\r\n            <p>Hast du Fragen zu unseren B\u00fcchern? Setz dich mit uns in Verbindung, wir beantworten sie gern.<\/p>\r\n            <h2>Russische Texte zum H\u00f6ren und Lesen<\/h2>\r\n            <p>Diese Art der H\u00f6rb\u00fccher findest du nur bei Red Kalinka &#8211; Russische Texte in verschiedenen Schwierigkeitsstufen &#8211; so ist auch f\u00fcr dich das richtige dabei. &#8211; schnelles Erfassen dank der Vokabelhilfe &#8211; Studioaufnahmen aller Texte von russischen Muttersprachlern Mit unseren unterhaltsamen B\u00fcchern zum Lesen und H\u00f6ren verbesserst du spielend leicht dein Russisch! Suchst du nach russischen H\u00f6rb\u00fcchern mit Lesetext und \u00dcbersetzung? Wir haben die L\u00f6sung.<\/p>\r\n            <h2>Russisch f\u00fcr unterwegs<\/h2>\r\n            <p>Dieses Buch hast du immer dabei! Unsere E-Books im PDF-Format lassen sich auf vielen verschiedenen Ger\u00e4ten \u00f6ffnen (PC, Laptop, Mac, iPad, Tablet,&#8230;) Inklusive professionell gesprochener Aufnahmen im mp3-Format. Du kannst die Texte gleichzeitig lesen und h\u00f6ren oder die mp3-Dateien auf deinem Telefon oder mp3-Player abspielen und \u00fcberall anh\u00f6ren.<\/p>\r\n         <\/div>\r\n      <\/div>\r\n<\/div>","protected":false},"excerpt":{"rendered":"<div class=\"container-fluid\">\r\n   <div class=\"row\">\r\n      <div class=\"col-xs-12\">\r\n\r\n        [etiquetas_producto paginas=\"52\" audio=94]\r\n         <p>Anton Tschechow (1860-1904) gilt als einer der gr\u00f6\u00dften Kurzgeschichtenautoren der Geschichte. F\u00fcr dieses Buch haben wir drei seiner Erz\u00e4hlungen (\u201eAustern\u201c, \u201eDie Rache\u201c und \u201eKaschtanka\u201c) ausgew\u00e4hlt und f\u00fcr fortgeschrittene Russischlerner adaptiert.<\/p>\r\n\r\n[imagenes_tipo_libro]\r\n      <\/div>\r\n   <\/div>\r\n<\/div>","protected":false},"featured_media":45735,"comment_status":"open","ping_status":"closed","template":"","meta":[],"product_brand":[],"product_cat":[182,183,186,187],"product_tag":[],"class_list":{"0":"post-45714","1":"product","2":"type-product","3":"status-publish","4":"has-post-thumbnail","6":"product_cat-buecher-zum-russischlernen","7":"product_cat-ebooks","8":"product_cat-russischbuecher-mit-audio","9":"product_cat-russische-klassiker","10":"pa_level-c1-c2-de","12":"first","13":"instock","14":"downloadable","15":"virtual","16":"taxable","17":"purchasable","18":"product-type-simple"},"yoast_head":"<!-- This site is optimized with the Yoast SEO plugin v27.4 - https:\/\/yoast.com\/product\/yoast-seo-wordpress\/ -->\n<title>Russische Klassiker - A. Tschechow - Erz\u00e4hlungen (Ebook) - Sistema Kalinka<\/title>\n<meta name=\"description\" content=\"Drei Erz\u00e4hlungen von A. Tschechow adaptiert f\u00fcr Russischlerner: &quot;Austern&quot;, &quot;Die Rache&quot; und &quot;Kaschtanka&quot; mit Audio und Vokabelhilfe\" \/>\n<meta name=\"robots\" content=\"index, follow, max-snippet:-1, max-image-preview:large, max-video-preview:-1\" \/>\n<link rel=\"canonical\" href=\"https:\/\/sistemakalinka.com\/de\/produkt\/russische-klassiker-tschechow-erzaehlungen-ebook\/\" \/>\n<meta property=\"og:locale\" content=\"de_DE\" \/>\n<meta property=\"og:type\" content=\"article\" \/>\n<meta property=\"og:title\" content=\"Russische Klassiker - A. Tschechow - Erz\u00e4hlungen (Ebook) - Sistema Kalinka\" \/>\n<meta property=\"og:description\" content=\"Drei Erz\u00e4hlungen von A. Tschechow adaptiert f\u00fcr Russischlerner: &quot;Austern&quot;, &quot;Die Rache&quot; und &quot;Kaschtanka&quot; mit Audio und Vokabelhilfe\" \/>\n<meta property=\"og:url\" content=\"https:\/\/sistemakalinka.com\/de\/produkt\/russische-klassiker-tschechow-erzaehlungen-ebook\/\" \/>\n<meta property=\"og:site_name\" content=\"Sistema Kalinka\" \/>\n<meta property=\"article:modified_time\" content=\"2026-03-19T16:16:07+00:00\" \/>\n<meta property=\"og:image\" content=\"https:\/\/sistemakalinka.com\/wp-content\/uploads\/CLBOOK_04_Chekhov_de_ebook.jpg\" \/>\n\t<meta property=\"og:image:width\" content=\"1194\" \/>\n\t<meta property=\"og:image:height\" content=\"1194\" \/>\n\t<meta property=\"og:image:type\" content=\"image\/jpeg\" \/>\n<meta name=\"twitter:card\" content=\"summary_large_image\" \/>\n<meta name=\"twitter:label1\" content=\"Gesch\u00e4tzte Lesezeit\" \/>\n\t<meta name=\"twitter:data1\" content=\"3\u00a0Minuten\" \/>\n<script type=\"application\/ld+json\" class=\"yoast-schema-graph\">{\"@context\":\"https:\\\/\\\/schema.org\",\"@graph\":[{\"@type\":\"WebPage\",\"@id\":\"https:\\\/\\\/sistemakalinka.com\\\/de\\\/produkt\\\/russische-klassiker-tschechow-erzaehlungen-ebook\\\/\",\"url\":\"https:\\\/\\\/sistemakalinka.com\\\/de\\\/produkt\\\/russische-klassiker-tschechow-erzaehlungen-ebook\\\/\",\"name\":\"Russische Klassiker - A. Tschechow - Erz\u00e4hlungen (Ebook) - Sistema Kalinka\",\"isPartOf\":{\"@id\":\"https:\\\/\\\/sistemakalinka.com\\\/de\\\/#website\"},\"primaryImageOfPage\":{\"@id\":\"https:\\\/\\\/sistemakalinka.com\\\/de\\\/produkt\\\/russische-klassiker-tschechow-erzaehlungen-ebook\\\/#primaryimage\"},\"image\":{\"@id\":\"https:\\\/\\\/sistemakalinka.com\\\/de\\\/produkt\\\/russische-klassiker-tschechow-erzaehlungen-ebook\\\/#primaryimage\"},\"thumbnailUrl\":\"https:\\\/\\\/sistemakalinka.com\\\/wp-content\\\/uploads\\\/CLBOOK_04_Chekhov_de_ebook.jpg\",\"datePublished\":\"2023-08-18T10:58:19+00:00\",\"dateModified\":\"2026-03-19T16:16:07+00:00\",\"description\":\"Drei Erz\u00e4hlungen von A. Tschechow adaptiert f\u00fcr Russischlerner: \\\"Austern\\\", \\\"Die Rache\\\" und \\\"Kaschtanka\\\" mit Audio und Vokabelhilfe\",\"breadcrumb\":{\"@id\":\"https:\\\/\\\/sistemakalinka.com\\\/de\\\/produkt\\\/russische-klassiker-tschechow-erzaehlungen-ebook\\\/#breadcrumb\"},\"inLanguage\":\"de\",\"potentialAction\":[{\"@type\":\"ReadAction\",\"target\":[\"https:\\\/\\\/sistemakalinka.com\\\/de\\\/produkt\\\/russische-klassiker-tschechow-erzaehlungen-ebook\\\/\"]}]},{\"@type\":\"ImageObject\",\"inLanguage\":\"de\",\"@id\":\"https:\\\/\\\/sistemakalinka.com\\\/de\\\/produkt\\\/russische-klassiker-tschechow-erzaehlungen-ebook\\\/#primaryimage\",\"url\":\"https:\\\/\\\/sistemakalinka.com\\\/wp-content\\\/uploads\\\/CLBOOK_04_Chekhov_de_ebook.jpg\",\"contentUrl\":\"https:\\\/\\\/sistemakalinka.com\\\/wp-content\\\/uploads\\\/CLBOOK_04_Chekhov_de_ebook.jpg\",\"width\":1194,\"height\":1194},{\"@type\":\"BreadcrumbList\",\"@id\":\"https:\\\/\\\/sistemakalinka.com\\\/de\\\/produkt\\\/russische-klassiker-tschechow-erzaehlungen-ebook\\\/#breadcrumb\",\"itemListElement\":[{\"@type\":\"ListItem\",\"position\":1,\"name\":\"Home\",\"item\":\"https:\\\/\\\/sistemakalinka.com\\\/de\\\/\"},{\"@type\":\"ListItem\",\"position\":2,\"name\":\"Shop\",\"item\":\"https:\\\/\\\/sistemakalinka.com\\\/shop\\\/\"},{\"@type\":\"ListItem\",\"position\":3,\"name\":\"Russische Klassiker &#8211; A. Tschechow &#8211; Erz\u00e4hlungen (Ebook)\"}]},{\"@type\":\"WebSite\",\"@id\":\"https:\\\/\\\/sistemakalinka.com\\\/de\\\/#website\",\"url\":\"https:\\\/\\\/sistemakalinka.com\\\/de\\\/\",\"name\":\"Sistema Kalinka\",\"description\":\"Learn Russian with us\",\"potentialAction\":[{\"@type\":\"SearchAction\",\"target\":{\"@type\":\"EntryPoint\",\"urlTemplate\":\"https:\\\/\\\/sistemakalinka.com\\\/de\\\/?s={search_term_string}\"},\"query-input\":{\"@type\":\"PropertyValueSpecification\",\"valueRequired\":true,\"valueName\":\"search_term_string\"}}],\"inLanguage\":\"de\"}]}<\/script>\n<!-- \/ Yoast SEO plugin. -->","yoast_head_json":{"title":"Russische Klassiker - A. Tschechow - Erz\u00e4hlungen (Ebook) - Sistema Kalinka","description":"Drei Erz\u00e4hlungen von A. Tschechow adaptiert f\u00fcr Russischlerner: \"Austern\", \"Die Rache\" und \"Kaschtanka\" mit Audio und Vokabelhilfe","robots":{"index":"index","follow":"follow","max-snippet":"max-snippet:-1","max-image-preview":"max-image-preview:large","max-video-preview":"max-video-preview:-1"},"canonical":"https:\/\/sistemakalinka.com\/de\/produkt\/russische-klassiker-tschechow-erzaehlungen-ebook\/","og_locale":"de_DE","og_type":"article","og_title":"Russische Klassiker - A. Tschechow - Erz\u00e4hlungen (Ebook) - Sistema Kalinka","og_description":"Drei Erz\u00e4hlungen von A. Tschechow adaptiert f\u00fcr Russischlerner: \"Austern\", \"Die Rache\" und \"Kaschtanka\" mit Audio und Vokabelhilfe","og_url":"https:\/\/sistemakalinka.com\/de\/produkt\/russische-klassiker-tschechow-erzaehlungen-ebook\/","og_site_name":"Sistema Kalinka","article_modified_time":"2026-03-19T16:16:07+00:00","og_image":[{"width":1194,"height":1194,"url":"https:\/\/sistemakalinka.com\/wp-content\/uploads\/CLBOOK_04_Chekhov_de_ebook.jpg","type":"image\/jpeg"}],"twitter_card":"summary_large_image","twitter_misc":{"Gesch\u00e4tzte Lesezeit":"3\u00a0Minuten"},"schema":{"@context":"https:\/\/schema.org","@graph":[{"@type":"WebPage","@id":"https:\/\/sistemakalinka.com\/de\/produkt\/russische-klassiker-tschechow-erzaehlungen-ebook\/","url":"https:\/\/sistemakalinka.com\/de\/produkt\/russische-klassiker-tschechow-erzaehlungen-ebook\/","name":"Russische Klassiker - A. Tschechow - Erz\u00e4hlungen (Ebook) - Sistema Kalinka","isPartOf":{"@id":"https:\/\/sistemakalinka.com\/de\/#website"},"primaryImageOfPage":{"@id":"https:\/\/sistemakalinka.com\/de\/produkt\/russische-klassiker-tschechow-erzaehlungen-ebook\/#primaryimage"},"image":{"@id":"https:\/\/sistemakalinka.com\/de\/produkt\/russische-klassiker-tschechow-erzaehlungen-ebook\/#primaryimage"},"thumbnailUrl":"https:\/\/sistemakalinka.com\/wp-content\/uploads\/CLBOOK_04_Chekhov_de_ebook.jpg","datePublished":"2023-08-18T10:58:19+00:00","dateModified":"2026-03-19T16:16:07+00:00","description":"Drei Erz\u00e4hlungen von A. Tschechow adaptiert f\u00fcr Russischlerner: \"Austern\", \"Die Rache\" und \"Kaschtanka\" mit Audio und Vokabelhilfe","breadcrumb":{"@id":"https:\/\/sistemakalinka.com\/de\/produkt\/russische-klassiker-tschechow-erzaehlungen-ebook\/#breadcrumb"},"inLanguage":"de","potentialAction":[{"@type":"ReadAction","target":["https:\/\/sistemakalinka.com\/de\/produkt\/russische-klassiker-tschechow-erzaehlungen-ebook\/"]}]},{"@type":"ImageObject","inLanguage":"de","@id":"https:\/\/sistemakalinka.com\/de\/produkt\/russische-klassiker-tschechow-erzaehlungen-ebook\/#primaryimage","url":"https:\/\/sistemakalinka.com\/wp-content\/uploads\/CLBOOK_04_Chekhov_de_ebook.jpg","contentUrl":"https:\/\/sistemakalinka.com\/wp-content\/uploads\/CLBOOK_04_Chekhov_de_ebook.jpg","width":1194,"height":1194},{"@type":"BreadcrumbList","@id":"https:\/\/sistemakalinka.com\/de\/produkt\/russische-klassiker-tschechow-erzaehlungen-ebook\/#breadcrumb","itemListElement":[{"@type":"ListItem","position":1,"name":"Home","item":"https:\/\/sistemakalinka.com\/de\/"},{"@type":"ListItem","position":2,"name":"Shop","item":"https:\/\/sistemakalinka.com\/shop\/"},{"@type":"ListItem","position":3,"name":"Russische Klassiker &#8211; A. Tschechow &#8211; Erz\u00e4hlungen (Ebook)"}]},{"@type":"WebSite","@id":"https:\/\/sistemakalinka.com\/de\/#website","url":"https:\/\/sistemakalinka.com\/de\/","name":"Sistema Kalinka","description":"Learn Russian with us","potentialAction":[{"@type":"SearchAction","target":{"@type":"EntryPoint","urlTemplate":"https:\/\/sistemakalinka.com\/de\/?s={search_term_string}"},"query-input":{"@type":"PropertyValueSpecification","valueRequired":true,"valueName":"search_term_string"}}],"inLanguage":"de"}]}},"_links":{"self":[{"href":"https:\/\/sistemakalinka.com\/de\/wp-json\/wp\/v2\/product\/45714","targetHints":{"allow":["GET"]}}],"collection":[{"href":"https:\/\/sistemakalinka.com\/de\/wp-json\/wp\/v2\/product"}],"about":[{"href":"https:\/\/sistemakalinka.com\/de\/wp-json\/wp\/v2\/types\/product"}],"replies":[{"embeddable":true,"href":"https:\/\/sistemakalinka.com\/de\/wp-json\/wp\/v2\/comments?post=45714"}],"wp:featuredmedia":[{"embeddable":true,"href":"https:\/\/sistemakalinka.com\/de\/wp-json\/wp\/v2\/media\/45735"}],"wp:attachment":[{"href":"https:\/\/sistemakalinka.com\/de\/wp-json\/wp\/v2\/media?parent=45714"}],"wp:term":[{"taxonomy":"product_brand","embeddable":true,"href":"https:\/\/sistemakalinka.com\/de\/wp-json\/wp\/v2\/product_brand?post=45714"},{"taxonomy":"product_cat","embeddable":true,"href":"https:\/\/sistemakalinka.com\/de\/wp-json\/wp\/v2\/product_cat?post=45714"},{"taxonomy":"product_tag","embeddable":true,"href":"https:\/\/sistemakalinka.com\/de\/wp-json\/wp\/v2\/product_tag?post=45714"}],"curies":[{"name":"wp","href":"https:\/\/api.w.org\/{rel}","templated":true}]}}