{"id":46171,"date":"2023-08-31T14:09:06","date_gmt":"2023-08-31T12:09:06","guid":{"rendered":"https:\/\/sistemakalinka.com\/?post_type=product&#038;p=46171"},"modified":"2026-04-21T13:28:55","modified_gmt":"2026-04-21T11:28:55","slug":"russische-faelle-b1-b2-ebook","status":"publish","type":"product","link":"https:\/\/sistemakalinka.com\/de\/produkt\/russische-faelle-b1-b2-ebook\/","title":{"rendered":"Russische F\u00e4lle. Tabellen und \u00dcbungen. Niveau B1-B2 (Ebook)"},"content":{"rendered":"<div class=\"container-fluid\">\r\n   <div class=\"row\">\r\n      <div class=\"col-xs-12\">\r\n         <h2>Lerne das Buch kennen! Auszug aus diesem Buch lesen:<\/h2>\r\n      <\/div>\r\n   <\/div>\r\n   <div class=\"row\">\r\n      <div class=\"col-lg-6 col-md-6 col-sm-6 col-xs-12\">\r\n         <p>\u00dcben, \u00fcben, \u00fcben &#8211; so lautet das Geheimnis derjenigen, die flie\u00dfend eine Fremdsprache sprechen. Unsere Grammatik- und \u00dcbungsb\u00fccher machen dich in den wichtigsten Aspekten der russischen Grammatik fit. Das Buch <strong>Russische F\u00e4lle Niveau B1-B2<\/strong> erl\u00e4utert jeden Fall kurz und knapp und beinhaltet sehr \u00fcbersichtliche Tabellen, anschauliche Beispiele sowie \u00fcber 900 \u00dcbungsfragen einschlie\u00dflich L\u00f6sungen.\r\n         <\/p>\r\n      <\/div>\r\n      <div class=\"col-lg-6 col-md-6 col-sm-6 col-xs-12\">\r\n         <p class=\"hidden-xs\">Auszug aus diesem Buch lesen. Zum Vergr\u00f6\u00dfern hier klicken:\r\n         <\/p>\r\n         <p class=\"hidden-lg hidden-md hidden-sm visible-xs-block\">Auszug aus diesem Buch lesen:\r\n         <\/p>\r\n         <div class=\"row rkfotos\"><a href=\"\/wp-content\/uploads\/auszug-E-B1B2-L01-russian-book-1.jpg\" data-fancybox=\"gallery\" title=\"Auszug\"><img decoding=\"async\" class=\"col-lg-6 col-md-12 col-sm-12 col-xs-12\" id=\"thumb_296\" src=\"\/wp-content\/uploads\/auszug-E-B1B2-L01-russian-book-1.jpg\" alt=\"Auszug\" title=\"Auszug\" itemprop=\"image\"><\/a> <a href=\"\/wp-content\/uploads\/auszug-E-B1B2-L01-russian-book-2.jpg\" data-fancybox=\"gallery\" title=\"Auszug\"><img decoding=\"async\" class=\"col-lg-6 col-md-12 col-sm-12 col-xs-12\" id=\"thumb_296\" src=\"\/wp-content\/uploads\/auszug-E-B1B2-L01-russian-book-2.jpg\" alt=\"Auszug\" title=\"Auszug\" itemprop=\"image\"><\/a> <a href=\"\/wp-content\/uploads\/auszug-E-B1B2-L01-russian-book-3.jpg\" data-fancybox=\"gallery\" title=\"Auszug\"><img decoding=\"async\" class=\"col-lg-6 col-md-12 col-sm-12 col-xs-12\" id=\"thumb_296\" src=\"\/wp-content\/uploads\/auszug-E-B1B2-L01-russian-book-3.jpg\" alt=\"Auszug\" title=\"Auszug\" itemprop=\"image\"><\/a> <a href=\"\/wp-content\/uploads\/auszug-E-B1B2-L01-russian-book-4.jpg\" data-fancybox=\"gallery\" title=\"Auszug\"><img decoding=\"async\" class=\"col-lg-6 col-md-12 col-sm-12 col-xs-12\" id=\"thumb_296\" src=\"\/wp-content\/uploads\/auszug-E-B1B2-L01-russian-book-4.jpg\" alt=\"Auszug\" title=\"Auszug\" itemprop=\"image\"><\/a>\r\n         <\/div>\r\n      <\/div>\r\n      <div class=\"row\">\r\n         <div class=\"col-xs-12\">\r\n            <hr>\r\n            <h2>Grammatiktabellen und \u00dcbungen inkl. L\u00f6sungen<\/h2>\r\n            <p>Willst du keine langen Erkl\u00e4rungen lesen, sondern m\u00f6glichst schnell in die Praxis gehen? Unsere Grammatikb\u00fccher beinhalten haupts\u00e4chlich \u00dcbungen. Bei der Wahl der richtigen deklinierten Form helfen dir die Grammatiktabellen und Erl\u00e4uterungen. Inklusive L\u00f6sungen.\r\n            <\/p>\r\n            <div class=\"rkdestacar\">\r\n               <ol>\r\n                  <li>Grammatiktabellen mit hilfreichen Erl\u00e4uterungen<\/li>\r\n                  <li>\u00fcber 900 \u00dcbungsaufgaben pro Buch<\/li>\r\n                  <li>L\u00f6sungen zu allen \u00dcbungen.<\/li>\r\n                  <li>Einteilung der B\u00fccher nach Niveau.<\/li>\r\n               <\/ol>\r\n            <\/div>\r\n            <h2>Russisch f\u00fcr unterwegs<\/h2>\r\n            <p>  Unsere E-Books im PDF-Format lassen sich auf vielen verschiedenen Ger\u00e4ten \u00f6ffnen (PC, Laptop, Mac, iPad, Tablet,&#8230;). So hast du unsere B\u00fccher immer dabei.\r\n            <\/p>\r\n            <div class=\"clear\">\r\n            <\/div>\r\n         <\/div>\r\n      <\/div>\r\n   <\/div>\r\n<\/div>","protected":false},"excerpt":{"rendered":"<div class=\"container-fluid\">\r\n   <div class=\"row\">\r\n      <div class=\"col-xs-12\">\r\n         <!-- este div es la descripcion para Google Shopping-->\r\n         <div hidden=\"\">\r\n            <p>Unterlaufen dir Fehler bei der Verwendung russischer F\u00e4lle? Mit diesem Buch f\u00fcr Lernende der Mittelstufe und Fortgeschrittene \u00fcbst du die F\u00e4lle effektiv und reduzierst deutlich deine Fehler. Dieses Buch wurde <strong>speziell f\u00fcr die Mittelstufe<\/strong> konzipiert und bietet dir folgendes:\r\n            <\/p>\r\n            <ol>\r\n               <li>Jedes Kapitel ist ausschlie\u00dflich einem Fall gewidmet<\/li>\r\n               <li>Deklination von <strong>Substantiven, Adjektiven und Pronomen<\/strong><\/li>\r\n               <li>Tabellen, Beispiele und Erl\u00e4uterungen zu jedem Fall<\/li>\r\n               <li>\u00dcbungen: <strong>Mehr als 900 Aufgaben<\/strong><\/li>\r\n               <li>Mit L\u00f6sungen am Ende des Buches<\/li>\r\n            <\/ol>\r\n         <\/div>\r\n         <!-- fin de la descripci\u00c3\u00b3n para Google Shooping-->\r\n[etiquetas_producto paginas=\"106\"]\r\n         <p>Unterlaufen dir Fehler bei der Verwendung russischer F\u00e4lle? Mit diesem Buch f\u00fcr Lernende der Mittelstufe und Fortgeschrittene \u00fcbst du die F\u00e4lle effektiv und reduzierst deutlich deine Fehler. Dieses Buch wurde <strong>speziell f\u00fcr die Mittelstufe<\/strong> konzipiert und bietet dir folgendes:\r\n         <\/p>\r\n         <ol>\r\n            <li>Jedes Kapitel ist ausschlie\u00dflich einem Fall gewidmet.<\/li>\r\n            <li>Deklination von <strong>Substantiven, Adjektiven und Pronomen<\/strong><\/li>\r\n            <li>Tabellen, Beispiele und Erl\u00e4uterungen zu jedem Fall.<\/li>\r\n            <li>\u00dcbungen: <strong>Mehr als 900 Aufgaben<\/strong>.<\/li>\r\n            <li>Mit L\u00f6sungen am Ende des Buches.<\/li>\r\n         <\/ol>\r\n         <p><span class=\"rkdestacar\">\u00dcber 100 Seiten und 900 \u00dcbungsaufgaben zu den russischen F\u00e4llen f\u00fcr die Mittelstufe und Fortgeschrittene<\/span>\r\n         <\/p>\r\n[imagenes_tipo_libro]\r\n      <\/div>\r\n   <\/div>\r\n<\/div>","protected":false},"featured_media":46157,"comment_status":"open","ping_status":"closed","template":"","meta":[],"product_brand":[],"product_cat":[182,183,184],"product_tag":[],"class_list":{"0":"post-46171","1":"product","2":"type-product","3":"status-publish","4":"has-post-thumbnail","6":"product_cat-buecher-zum-russischlernen","7":"product_cat-ebooks","8":"product_cat-uebungsbuecher","9":"pa_level-b1-b2-de","11":"first","12":"instock","13":"downloadable","14":"virtual","15":"taxable","16":"purchasable","17":"product-type-simple"},"yoast_head":"<!-- This site is optimized with the Yoast SEO plugin v27.4 - https:\/\/yoast.com\/product\/yoast-seo-wordpress\/ -->\n<title>Russische F\u00e4lle. Tabellen und \u00dcbungen. Niveau B1-B2 (Ebook) - Sistema Kalinka<\/title>\n<meta name=\"description\" content=\"Die russischen F\u00e4lle f\u00fcr die Mittelstufe und Fortgeschrittene: \u00dcbersichtliche Tabellen, Beispiele und klare Erl\u00e4uterungen, mit \u00fcber 900 \u00dcbungsaufgaben\" \/>\n<meta name=\"robots\" content=\"index, follow, max-snippet:-1, max-image-preview:large, max-video-preview:-1\" \/>\n<link rel=\"canonical\" href=\"https:\/\/sistemakalinka.com\/de\/produkt\/russische-faelle-b1-b2-ebook\/\" \/>\n<meta property=\"og:locale\" content=\"de_DE\" \/>\n<meta property=\"og:type\" content=\"article\" \/>\n<meta property=\"og:title\" content=\"Russische F\u00e4lle. Tabellen und \u00dcbungen. Niveau B1-B2 (Ebook) - Sistema Kalinka\" \/>\n<meta property=\"og:description\" content=\"Die russischen F\u00e4lle f\u00fcr die Mittelstufe und Fortgeschrittene: \u00dcbersichtliche Tabellen, Beispiele und klare Erl\u00e4uterungen, mit \u00fcber 900 \u00dcbungsaufgaben\" \/>\n<meta property=\"og:url\" content=\"https:\/\/sistemakalinka.com\/de\/produkt\/russische-faelle-b1-b2-ebook\/\" \/>\n<meta property=\"og:site_name\" content=\"Sistema Kalinka\" \/>\n<meta property=\"article:modified_time\" content=\"2026-04-21T11:28:55+00:00\" \/>\n<meta property=\"og:image\" content=\"https:\/\/sistemakalinka.com\/wp-content\/uploads\/E_B1B2_L01_de_ebook.jpg\" \/>\n\t<meta property=\"og:image:width\" content=\"1194\" \/>\n\t<meta property=\"og:image:height\" content=\"1194\" \/>\n\t<meta property=\"og:image:type\" content=\"image\/jpeg\" \/>\n<meta name=\"twitter:card\" content=\"summary_large_image\" \/>\n<meta name=\"twitter:label1\" content=\"Gesch\u00e4tzte Lesezeit\" \/>\n\t<meta name=\"twitter:data1\" content=\"2\u00a0Minuten\" \/>\n<script type=\"application\/ld+json\" class=\"yoast-schema-graph\">{\"@context\":\"https:\\\/\\\/schema.org\",\"@graph\":[{\"@type\":\"WebPage\",\"@id\":\"https:\\\/\\\/sistemakalinka.com\\\/de\\\/produkt\\\/russische-faelle-b1-b2-ebook\\\/\",\"url\":\"https:\\\/\\\/sistemakalinka.com\\\/de\\\/produkt\\\/russische-faelle-b1-b2-ebook\\\/\",\"name\":\"Russische F\u00e4lle. Tabellen und \u00dcbungen. Niveau B1-B2 (Ebook) - Sistema Kalinka\",\"isPartOf\":{\"@id\":\"https:\\\/\\\/sistemakalinka.com\\\/de\\\/#website\"},\"primaryImageOfPage\":{\"@id\":\"https:\\\/\\\/sistemakalinka.com\\\/de\\\/produkt\\\/russische-faelle-b1-b2-ebook\\\/#primaryimage\"},\"image\":{\"@id\":\"https:\\\/\\\/sistemakalinka.com\\\/de\\\/produkt\\\/russische-faelle-b1-b2-ebook\\\/#primaryimage\"},\"thumbnailUrl\":\"https:\\\/\\\/sistemakalinka.com\\\/wp-content\\\/uploads\\\/E_B1B2_L01_de_ebook.jpg\",\"datePublished\":\"2023-08-31T12:09:06+00:00\",\"dateModified\":\"2026-04-21T11:28:55+00:00\",\"description\":\"Die russischen F\u00e4lle f\u00fcr die Mittelstufe und Fortgeschrittene: \u00dcbersichtliche Tabellen, Beispiele und klare Erl\u00e4uterungen, mit \u00fcber 900 \u00dcbungsaufgaben\",\"breadcrumb\":{\"@id\":\"https:\\\/\\\/sistemakalinka.com\\\/de\\\/produkt\\\/russische-faelle-b1-b2-ebook\\\/#breadcrumb\"},\"inLanguage\":\"de\",\"potentialAction\":[{\"@type\":\"ReadAction\",\"target\":[\"https:\\\/\\\/sistemakalinka.com\\\/de\\\/produkt\\\/russische-faelle-b1-b2-ebook\\\/\"]}]},{\"@type\":\"ImageObject\",\"inLanguage\":\"de\",\"@id\":\"https:\\\/\\\/sistemakalinka.com\\\/de\\\/produkt\\\/russische-faelle-b1-b2-ebook\\\/#primaryimage\",\"url\":\"https:\\\/\\\/sistemakalinka.com\\\/wp-content\\\/uploads\\\/E_B1B2_L01_de_ebook.jpg\",\"contentUrl\":\"https:\\\/\\\/sistemakalinka.com\\\/wp-content\\\/uploads\\\/E_B1B2_L01_de_ebook.jpg\",\"width\":1194,\"height\":1194},{\"@type\":\"BreadcrumbList\",\"@id\":\"https:\\\/\\\/sistemakalinka.com\\\/de\\\/produkt\\\/russische-faelle-b1-b2-ebook\\\/#breadcrumb\",\"itemListElement\":[{\"@type\":\"ListItem\",\"position\":1,\"name\":\"Home\",\"item\":\"https:\\\/\\\/sistemakalinka.com\\\/de\\\/\"},{\"@type\":\"ListItem\",\"position\":2,\"name\":\"Shop\",\"item\":\"https:\\\/\\\/sistemakalinka.com\\\/shop\\\/\"},{\"@type\":\"ListItem\",\"position\":3,\"name\":\"Russische F\u00e4lle. Tabellen und \u00dcbungen. Niveau B1-B2 (Ebook)\"}]},{\"@type\":\"WebSite\",\"@id\":\"https:\\\/\\\/sistemakalinka.com\\\/de\\\/#website\",\"url\":\"https:\\\/\\\/sistemakalinka.com\\\/de\\\/\",\"name\":\"Sistema Kalinka\",\"description\":\"Learn Russian with us\",\"potentialAction\":[{\"@type\":\"SearchAction\",\"target\":{\"@type\":\"EntryPoint\",\"urlTemplate\":\"https:\\\/\\\/sistemakalinka.com\\\/de\\\/?s={search_term_string}\"},\"query-input\":{\"@type\":\"PropertyValueSpecification\",\"valueRequired\":true,\"valueName\":\"search_term_string\"}}],\"inLanguage\":\"de\"}]}<\/script>\n<!-- \/ Yoast SEO plugin. -->","yoast_head_json":{"title":"Russische F\u00e4lle. Tabellen und \u00dcbungen. Niveau B1-B2 (Ebook) - Sistema Kalinka","description":"Die russischen F\u00e4lle f\u00fcr die Mittelstufe und Fortgeschrittene: \u00dcbersichtliche Tabellen, Beispiele und klare Erl\u00e4uterungen, mit \u00fcber 900 \u00dcbungsaufgaben","robots":{"index":"index","follow":"follow","max-snippet":"max-snippet:-1","max-image-preview":"max-image-preview:large","max-video-preview":"max-video-preview:-1"},"canonical":"https:\/\/sistemakalinka.com\/de\/produkt\/russische-faelle-b1-b2-ebook\/","og_locale":"de_DE","og_type":"article","og_title":"Russische F\u00e4lle. Tabellen und \u00dcbungen. Niveau B1-B2 (Ebook) - Sistema Kalinka","og_description":"Die russischen F\u00e4lle f\u00fcr die Mittelstufe und Fortgeschrittene: \u00dcbersichtliche Tabellen, Beispiele und klare Erl\u00e4uterungen, mit \u00fcber 900 \u00dcbungsaufgaben","og_url":"https:\/\/sistemakalinka.com\/de\/produkt\/russische-faelle-b1-b2-ebook\/","og_site_name":"Sistema Kalinka","article_modified_time":"2026-04-21T11:28:55+00:00","og_image":[{"width":1194,"height":1194,"url":"https:\/\/sistemakalinka.com\/wp-content\/uploads\/E_B1B2_L01_de_ebook.jpg","type":"image\/jpeg"}],"twitter_card":"summary_large_image","twitter_misc":{"Gesch\u00e4tzte Lesezeit":"2\u00a0Minuten"},"schema":{"@context":"https:\/\/schema.org","@graph":[{"@type":"WebPage","@id":"https:\/\/sistemakalinka.com\/de\/produkt\/russische-faelle-b1-b2-ebook\/","url":"https:\/\/sistemakalinka.com\/de\/produkt\/russische-faelle-b1-b2-ebook\/","name":"Russische F\u00e4lle. Tabellen und \u00dcbungen. Niveau B1-B2 (Ebook) - Sistema Kalinka","isPartOf":{"@id":"https:\/\/sistemakalinka.com\/de\/#website"},"primaryImageOfPage":{"@id":"https:\/\/sistemakalinka.com\/de\/produkt\/russische-faelle-b1-b2-ebook\/#primaryimage"},"image":{"@id":"https:\/\/sistemakalinka.com\/de\/produkt\/russische-faelle-b1-b2-ebook\/#primaryimage"},"thumbnailUrl":"https:\/\/sistemakalinka.com\/wp-content\/uploads\/E_B1B2_L01_de_ebook.jpg","datePublished":"2023-08-31T12:09:06+00:00","dateModified":"2026-04-21T11:28:55+00:00","description":"Die russischen F\u00e4lle f\u00fcr die Mittelstufe und Fortgeschrittene: \u00dcbersichtliche Tabellen, Beispiele und klare Erl\u00e4uterungen, mit \u00fcber 900 \u00dcbungsaufgaben","breadcrumb":{"@id":"https:\/\/sistemakalinka.com\/de\/produkt\/russische-faelle-b1-b2-ebook\/#breadcrumb"},"inLanguage":"de","potentialAction":[{"@type":"ReadAction","target":["https:\/\/sistemakalinka.com\/de\/produkt\/russische-faelle-b1-b2-ebook\/"]}]},{"@type":"ImageObject","inLanguage":"de","@id":"https:\/\/sistemakalinka.com\/de\/produkt\/russische-faelle-b1-b2-ebook\/#primaryimage","url":"https:\/\/sistemakalinka.com\/wp-content\/uploads\/E_B1B2_L01_de_ebook.jpg","contentUrl":"https:\/\/sistemakalinka.com\/wp-content\/uploads\/E_B1B2_L01_de_ebook.jpg","width":1194,"height":1194},{"@type":"BreadcrumbList","@id":"https:\/\/sistemakalinka.com\/de\/produkt\/russische-faelle-b1-b2-ebook\/#breadcrumb","itemListElement":[{"@type":"ListItem","position":1,"name":"Home","item":"https:\/\/sistemakalinka.com\/de\/"},{"@type":"ListItem","position":2,"name":"Shop","item":"https:\/\/sistemakalinka.com\/shop\/"},{"@type":"ListItem","position":3,"name":"Russische F\u00e4lle. Tabellen und \u00dcbungen. Niveau B1-B2 (Ebook)"}]},{"@type":"WebSite","@id":"https:\/\/sistemakalinka.com\/de\/#website","url":"https:\/\/sistemakalinka.com\/de\/","name":"Sistema Kalinka","description":"Learn Russian with us","potentialAction":[{"@type":"SearchAction","target":{"@type":"EntryPoint","urlTemplate":"https:\/\/sistemakalinka.com\/de\/?s={search_term_string}"},"query-input":{"@type":"PropertyValueSpecification","valueRequired":true,"valueName":"search_term_string"}}],"inLanguage":"de"}]}},"_links":{"self":[{"href":"https:\/\/sistemakalinka.com\/de\/wp-json\/wp\/v2\/product\/46171","targetHints":{"allow":["GET"]}}],"collection":[{"href":"https:\/\/sistemakalinka.com\/de\/wp-json\/wp\/v2\/product"}],"about":[{"href":"https:\/\/sistemakalinka.com\/de\/wp-json\/wp\/v2\/types\/product"}],"replies":[{"embeddable":true,"href":"https:\/\/sistemakalinka.com\/de\/wp-json\/wp\/v2\/comments?post=46171"}],"wp:featuredmedia":[{"embeddable":true,"href":"https:\/\/sistemakalinka.com\/de\/wp-json\/wp\/v2\/media\/46157"}],"wp:attachment":[{"href":"https:\/\/sistemakalinka.com\/de\/wp-json\/wp\/v2\/media?parent=46171"}],"wp:term":[{"taxonomy":"product_brand","embeddable":true,"href":"https:\/\/sistemakalinka.com\/de\/wp-json\/wp\/v2\/product_brand?post=46171"},{"taxonomy":"product_cat","embeddable":true,"href":"https:\/\/sistemakalinka.com\/de\/wp-json\/wp\/v2\/product_cat?post=46171"},{"taxonomy":"product_tag","embeddable":true,"href":"https:\/\/sistemakalinka.com\/de\/wp-json\/wp\/v2\/product_tag?post=46171"}],"curies":[{"name":"wp","href":"https:\/\/api.w.org\/{rel}","templated":true}]}}