{"id":51263,"date":"2023-12-22T14:10:32","date_gmt":"2023-12-22T13:10:32","guid":{"rendered":"https:\/\/sistemakalinka.com\/?post_type=product&#038;p=51263"},"modified":"2026-03-28T00:40:00","modified_gmt":"2026-03-27T23:40:00","slug":"russische-zahlen-ebook-tabellen-uebungen","status":"publish","type":"product","link":"https:\/\/sistemakalinka.com\/de\/produkt\/russische-zahlen-ebook-tabellen-uebungen\/","title":{"rendered":"Meistere die russischen Zahlen &#8211; Tabellen und \u00dcbungen (Ebook)"},"content":{"rendered":"<div class=\"container-fluid\">\r\n   <div class=\"row\">\r\n      <div class=\"col-xs-12\">\r\n         <h2>Lerne das Buch kennen! Auszug aus diesem Buch lesen:<\/h2>\r\n      <\/div>\r\n   <\/div>\r\n   <div class=\"row\">\r\n      <div class=\"col-lg-6 col-md-6 col-sm-6 col-xs-12\">\r\n          <p>\u00dcbung macht den Russisch-Meister! Mit unseren Grammatik- und \u00dcbungsb\u00fccher eignest du dir die wichtigsten Aspekte der russischen Grammatik an. Dieses Buch enth\u00e4lt Erkl\u00e4rungen zu<strong>allen Arten und Anwendungsbereichen von Zahlen <\/strong>, \u00e4u\u00dferst n\u00fctzliche Tabellen, Tipps und mehr als 600 Fragen und L\u00f6sungen.<\/p>\r\n      <\/div>\r\n      <div class=\"col-lg-6 col-md-6 col-sm-6 col-xs-12\">\r\n         <p class=\"hidden-xs\">Auszug aus diesem Buch lesen. Zum Vergr\u00f6\u00dfern hier klicken:<\/p>\r\n         <p class=\"hidden-lg hidden-md hidden-sm visible-xs-block\">Auszug aus diesem Buch lesen. Zum Vergr\u00f6\u00dfern hier klicken:<\/p>\r\n         <div class=\"row mi-galeria-producto\"><a href=\"\/wp-content\/uploads\/auszug-E-L04-ebook-1.jpg\" data-fancybox=\"gallery\" title=\"Auszug\"><img decoding=\"async\" class=\"col-lg-6 col-md-12 col-sm-12 col-xs-12\" id=\"thumb_296\" src=\"\/wp-content\/uploads\/auszug-E-L04-ebook-1.jpg\" alt=\"Auszug\" title=\"Auszug\" itemprop=\"image\" \/><\/a><a href=\"\/wp-content\/uploads\/auszug-E-L04-ebook-2.jpg\" data-fancybox=\"gallery\" title=\"Auszug\"><img decoding=\"async\" class=\"col-lg-6 col-md-12 col-sm-12 col-xs-12\" id=\"thumb_296\" src=\"\/wp-content\/uploads\/auszug-E-L04-ebook-2.jpg\" alt=\"Auszug\" title=\"Auszug\" itemprop=\"image\" \/><\/a><a href=\"\/wp-content\/uploads\/auszug-E-L04-ebook-3.jpg\" data-fancybox=\"gallery\" title=\"Auszug\"><img decoding=\"async\" class=\"col-lg-6 col-md-12 col-sm-12 col-xs-12\" id=\"thumb_296\" src=\"\/wp-content\/uploads\/auszug-E-L04-ebook-3.jpg\" alt=\"Auszug\" title=\"Auszug\" itemprop=\"image\" \/><\/a><a href=\"\/wp-content\/uploads\/auszug-E-L04-ebook-4.jpg\" data-fancybox=\"gallery\" title=\"Auszug\"><img decoding=\"async\" class=\"col-lg-6 col-md-12 col-sm-12 col-xs-12\" id=\"thumb_296\" src=\"\/wp-content\/uploads\/auszug-E-L04-ebook-4.jpg\" alt=\"Auszug\" title=\"Auszug\" itemprop=\"image\" \/><\/a><\/div>\r\n      <\/div>\r\n      <div class=\"row\">\r\n         <div class=\"col-xs-12\">\r\n            <hr \/>\r\n           <h2>Grammatiktabellen und \u00dcbungen inkl. L\u00f6sungen<\/h2>\r\n            <p>Willst du keine langen Erkl\u00e4rungen lesen, sondern m\u00f6glichst schnell in die Praxis gehen? Unsere Grammatikb\u00fccher beinhalten haupts\u00e4chlich \u00dcbungen. Bei der Wahl der richtigen deklinierten Form helfen dir die Grammatiktabellen und Erl\u00e4uterungen. Inklusive L\u00f6sungen.\r\n            <\/p>\r\n            <div class=\"rkdestacar\">\r\n               <ol>\r\n                  <li>Grammatiktabellen mit hilfreichen Erl\u00e4uterungen<\/li>\r\n                  <li>\u00fcber 900 \u00dcbungsaufgaben pro Buch<\/li>\r\n                  <li>L\u00f6sungen zu allen \u00dcbungen.<\/li>\r\n                  <li>Einteilung der B\u00fccher nach Niveau.<\/li>\r\n               <\/ol>\r\n            <\/div>\r\n            <h2>Russisch f\u00fcr unterwegs<\/h2>\r\n            <p>Unsere E-Books im PDF-Format lassen sich auf vielen verschiedenen Ger\u00e4ten \u00f6ffnen (PC, Laptop, Mac, iPad, Tablet,&#8230;). So hast du unsere B\u00fccher immer dabei.\r\n            <\/p>           \r\n            <div class=\"clear\"><\/div>\r\n         <\/div>\r\n      <\/div>\r\n   <\/div>\r\n<\/div>","protected":false},"excerpt":{"rendered":"<div class=\"container-fluid\">\r\n   <div class=\"row\">\r\n      <div class=\"col-xs-12\">\r\n         <!-- este div es la descripcion para Google Shopping-->\r\n         <div hidden=\"\">\r\n             <p>Ein UNENTBEHRLICHES Buch: Lerne, die <strong>russischen Zahlen<\/strong> in allen F\u00e4llen und Anwendungsbereichen zu beherrschen. Dieses kompakte Buch mit <strong>24 Tabellen und 600 Fragen + Antworten<\/strong> ist sowohl f\u00fcr Anf\u00e4nger als auch f\u00fcr Fortgeschrittene extrem hilfreich.<\/p>\r\n         <\/div>\r\n         <!-- fin de la descripci\u00f3n para Google Shooping-->\r\n        [etiquetas_producto paginas=\"100\"]\r\n           <p>Ein UNENTBEHRLICHES Buch: Lerne, die <strong>russischen Zahlen<\/strong> in allen F\u00e4llen und Anwendungsbereichen zu beherrschen. Dieses kompakte Buch mit <strong>24 Tabellen und 600 Fragen + Antworten<\/strong> ist sowohl f\u00fcr Anf\u00e4nger als auch f\u00fcr Fortgeschrittene extrem hilfreich.<\/p>\r\n         <ol>\r\n        <li>Verwendung von Kardinal-, Ordnungs- und Sammelzahlen<\/li>\r\n            <li>Tabellen f\u00fcr alle F\u00e4lle, Geschlechter und Kontexte: insgesamt 24 Tabellen.<\/li>\r\n            <li>Erkl\u00e4rungen zur Angabe von Datum und Uhrzeit, zum Rechenaufgaben uvm.<\/li>\r\n            <li>Tipps f\u00fcr Anf\u00e4nger und Fortgeschrittene<\/li>\r\n            <li>\u00dcbungen: Mehr als 600 Aufgaben (mit L\u00f6sungen am Ende des Buches.)<\/li>\r\n         <\/ol>\r\n         <p><\/p>\r\n         <p><span class=\"mi-cuadro-importante\">600 \u00dcbungsaufgaben \u00fcber die richtige Verwendung russischer Zahlen im Satz.<\/span><\/p>\r\n\r\n[imagenes_tipo_libro]\r\n      <\/div>\r\n   <\/div>\r\n<\/div>\r\n","protected":false},"featured_media":51268,"comment_status":"open","ping_status":"closed","template":"","meta":[],"product_brand":[],"product_cat":[182,183,184],"product_tag":[],"class_list":{"0":"post-51263","1":"product","2":"type-product","3":"status-publish","4":"has-post-thumbnail","6":"product_cat-buecher-zum-russischlernen","7":"product_cat-ebooks","8":"product_cat-uebungsbuecher","9":"pa_level-b1-b2-de","11":"first","12":"instock","13":"downloadable","14":"taxable","15":"shipping-taxable","16":"purchasable","17":"product-type-simple"},"yoast_head":"<!-- This site is optimized with the Yoast SEO plugin v27.5 - https:\/\/yoast.com\/product\/yoast-seo-wordpress\/ -->\n<title>Meistere die russischen Zahlen - Tabellen und \u00dcbungen (Ebook) - Sistema Kalinka<\/title>\n<meta name=\"robots\" content=\"index, follow, max-snippet:-1, max-image-preview:large, max-video-preview:-1\" \/>\n<link rel=\"canonical\" href=\"https:\/\/sistemakalinka.com\/de\/produkt\/russische-zahlen-ebook-tabellen-uebungen\/\" \/>\n<meta property=\"og:locale\" content=\"de_DE\" \/>\n<meta property=\"og:type\" content=\"article\" \/>\n<meta property=\"og:title\" content=\"Meistere die russischen Zahlen - Tabellen und \u00dcbungen (Ebook) - Sistema Kalinka\" \/>\n<meta property=\"og:description\" content=\"Ein UNENTBEHRLICHES Buch: Lerne, die russischen Zahlen in allen F\u00e4llen und Anwendungsbereichen zu beherrschen. Dieses kompakte Buch mit 24 Tabellen und 600 Fragen + Antworten ist sowohl f\u00fcr Anf\u00e4nger als auch f\u00fcr Fortgeschrittene extrem hilfreich.                       Ein UNENTBEHRLICHES Buch: Lerne, die russischen Zahlen in allen F\u00e4llen und Anwendungsbereichen zu beherrschen. Dieses kompakte Buch mit 24 Tabellen und 600 Fragen + Antworten ist sowohl f\u00fcr Anf\u00e4nger als auch f\u00fcr Fortgeschrittene extrem hilfreich.           Verwendung von Kardinal-, Ordnungs- und Sammelzahlen       Tabellen f\u00fcr alle F\u00e4lle, Geschlechter und Kontexte: insgesamt 24 Tabellen.       Erkl\u00e4rungen zur Angabe von Datum und Uhrzeit, zum Rechenaufgaben uvm.       Tipps f\u00fcr Anf\u00e4nger und Fortgeschrittene       \u00dcbungen: Mehr als 600 Aufgaben (mit L\u00f6sungen am Ende des Buches.)                 600 \u00dcbungsaufgaben \u00fcber die richtige Verwendung russischer Zahlen im Satz.\" \/>\n<meta property=\"og:url\" content=\"https:\/\/sistemakalinka.com\/de\/produkt\/russische-zahlen-ebook-tabellen-uebungen\/\" \/>\n<meta property=\"og:site_name\" content=\"Sistema Kalinka\" \/>\n<meta property=\"article:modified_time\" content=\"2026-03-27T23:40:00+00:00\" \/>\n<meta property=\"og:image\" content=\"https:\/\/sistemakalinka.com\/wp-content\/uploads\/E_L04_de_ebook.jpg\" \/>\n\t<meta property=\"og:image:width\" content=\"1194\" \/>\n\t<meta property=\"og:image:height\" content=\"1194\" \/>\n\t<meta property=\"og:image:type\" content=\"image\/jpeg\" \/>\n<meta name=\"twitter:card\" content=\"summary_large_image\" \/>\n<meta name=\"twitter:label1\" content=\"Gesch\u00e4tzte Lesezeit\" \/>\n\t<meta name=\"twitter:data1\" content=\"2\u00a0Minuten\" \/>\n<script type=\"application\/ld+json\" class=\"yoast-schema-graph\">{\"@context\":\"https:\\\/\\\/schema.org\",\"@graph\":[{\"@type\":\"WebPage\",\"@id\":\"https:\\\/\\\/sistemakalinka.com\\\/de\\\/produkt\\\/russische-zahlen-ebook-tabellen-uebungen\\\/\",\"url\":\"https:\\\/\\\/sistemakalinka.com\\\/de\\\/produkt\\\/russische-zahlen-ebook-tabellen-uebungen\\\/\",\"name\":\"Meistere die russischen Zahlen - Tabellen und \u00dcbungen (Ebook) - Sistema Kalinka\",\"isPartOf\":{\"@id\":\"https:\\\/\\\/sistemakalinka.com\\\/de\\\/#website\"},\"primaryImageOfPage\":{\"@id\":\"https:\\\/\\\/sistemakalinka.com\\\/de\\\/produkt\\\/russische-zahlen-ebook-tabellen-uebungen\\\/#primaryimage\"},\"image\":{\"@id\":\"https:\\\/\\\/sistemakalinka.com\\\/de\\\/produkt\\\/russische-zahlen-ebook-tabellen-uebungen\\\/#primaryimage\"},\"thumbnailUrl\":\"https:\\\/\\\/sistemakalinka.com\\\/wp-content\\\/uploads\\\/E_L04_de_ebook.jpg\",\"datePublished\":\"2023-12-22T13:10:32+00:00\",\"dateModified\":\"2026-03-27T23:40:00+00:00\",\"breadcrumb\":{\"@id\":\"https:\\\/\\\/sistemakalinka.com\\\/de\\\/produkt\\\/russische-zahlen-ebook-tabellen-uebungen\\\/#breadcrumb\"},\"inLanguage\":\"de\",\"potentialAction\":[{\"@type\":\"ReadAction\",\"target\":[\"https:\\\/\\\/sistemakalinka.com\\\/de\\\/produkt\\\/russische-zahlen-ebook-tabellen-uebungen\\\/\"]}]},{\"@type\":\"ImageObject\",\"inLanguage\":\"de\",\"@id\":\"https:\\\/\\\/sistemakalinka.com\\\/de\\\/produkt\\\/russische-zahlen-ebook-tabellen-uebungen\\\/#primaryimage\",\"url\":\"https:\\\/\\\/sistemakalinka.com\\\/wp-content\\\/uploads\\\/E_L04_de_ebook.jpg\",\"contentUrl\":\"https:\\\/\\\/sistemakalinka.com\\\/wp-content\\\/uploads\\\/E_L04_de_ebook.jpg\",\"width\":1194,\"height\":1194},{\"@type\":\"BreadcrumbList\",\"@id\":\"https:\\\/\\\/sistemakalinka.com\\\/de\\\/produkt\\\/russische-zahlen-ebook-tabellen-uebungen\\\/#breadcrumb\",\"itemListElement\":[{\"@type\":\"ListItem\",\"position\":1,\"name\":\"Home\",\"item\":\"https:\\\/\\\/sistemakalinka.com\\\/de\\\/\"},{\"@type\":\"ListItem\",\"position\":2,\"name\":\"Shop\",\"item\":\"https:\\\/\\\/sistemakalinka.com\\\/shop\\\/\"},{\"@type\":\"ListItem\",\"position\":3,\"name\":\"Meistere die russischen Zahlen &#8211; Tabellen und \u00dcbungen (Ebook)\"}]},{\"@type\":\"WebSite\",\"@id\":\"https:\\\/\\\/sistemakalinka.com\\\/de\\\/#website\",\"url\":\"https:\\\/\\\/sistemakalinka.com\\\/de\\\/\",\"name\":\"Sistema Kalinka\",\"description\":\"Learn Russian with us\",\"potentialAction\":[{\"@type\":\"SearchAction\",\"target\":{\"@type\":\"EntryPoint\",\"urlTemplate\":\"https:\\\/\\\/sistemakalinka.com\\\/de\\\/?s={search_term_string}\"},\"query-input\":{\"@type\":\"PropertyValueSpecification\",\"valueRequired\":true,\"valueName\":\"search_term_string\"}}],\"inLanguage\":\"de\"}]}<\/script>\n<!-- \/ Yoast SEO plugin. -->","yoast_head_json":{"title":"Meistere die russischen Zahlen - Tabellen und \u00dcbungen (Ebook) - Sistema Kalinka","robots":{"index":"index","follow":"follow","max-snippet":"max-snippet:-1","max-image-preview":"max-image-preview:large","max-video-preview":"max-video-preview:-1"},"canonical":"https:\/\/sistemakalinka.com\/de\/produkt\/russische-zahlen-ebook-tabellen-uebungen\/","og_locale":"de_DE","og_type":"article","og_title":"Meistere die russischen Zahlen - Tabellen und \u00dcbungen (Ebook) - Sistema Kalinka","og_description":"Ein UNENTBEHRLICHES Buch: Lerne, die russischen Zahlen in allen F\u00e4llen und Anwendungsbereichen zu beherrschen. Dieses kompakte Buch mit 24 Tabellen und 600 Fragen + Antworten ist sowohl f\u00fcr Anf\u00e4nger als auch f\u00fcr Fortgeschrittene extrem hilfreich.                       Ein UNENTBEHRLICHES Buch: Lerne, die russischen Zahlen in allen F\u00e4llen und Anwendungsbereichen zu beherrschen. Dieses kompakte Buch mit 24 Tabellen und 600 Fragen + Antworten ist sowohl f\u00fcr Anf\u00e4nger als auch f\u00fcr Fortgeschrittene extrem hilfreich.           Verwendung von Kardinal-, Ordnungs- und Sammelzahlen       Tabellen f\u00fcr alle F\u00e4lle, Geschlechter und Kontexte: insgesamt 24 Tabellen.       Erkl\u00e4rungen zur Angabe von Datum und Uhrzeit, zum Rechenaufgaben uvm.       Tipps f\u00fcr Anf\u00e4nger und Fortgeschrittene       \u00dcbungen: Mehr als 600 Aufgaben (mit L\u00f6sungen am Ende des Buches.)                 600 \u00dcbungsaufgaben \u00fcber die richtige Verwendung russischer Zahlen im Satz.","og_url":"https:\/\/sistemakalinka.com\/de\/produkt\/russische-zahlen-ebook-tabellen-uebungen\/","og_site_name":"Sistema Kalinka","article_modified_time":"2026-03-27T23:40:00+00:00","og_image":[{"width":1194,"height":1194,"url":"https:\/\/sistemakalinka.com\/wp-content\/uploads\/E_L04_de_ebook.jpg","type":"image\/jpeg"}],"twitter_card":"summary_large_image","twitter_misc":{"Gesch\u00e4tzte Lesezeit":"2\u00a0Minuten"},"schema":{"@context":"https:\/\/schema.org","@graph":[{"@type":"WebPage","@id":"https:\/\/sistemakalinka.com\/de\/produkt\/russische-zahlen-ebook-tabellen-uebungen\/","url":"https:\/\/sistemakalinka.com\/de\/produkt\/russische-zahlen-ebook-tabellen-uebungen\/","name":"Meistere die russischen Zahlen - Tabellen und \u00dcbungen (Ebook) - Sistema Kalinka","isPartOf":{"@id":"https:\/\/sistemakalinka.com\/de\/#website"},"primaryImageOfPage":{"@id":"https:\/\/sistemakalinka.com\/de\/produkt\/russische-zahlen-ebook-tabellen-uebungen\/#primaryimage"},"image":{"@id":"https:\/\/sistemakalinka.com\/de\/produkt\/russische-zahlen-ebook-tabellen-uebungen\/#primaryimage"},"thumbnailUrl":"https:\/\/sistemakalinka.com\/wp-content\/uploads\/E_L04_de_ebook.jpg","datePublished":"2023-12-22T13:10:32+00:00","dateModified":"2026-03-27T23:40:00+00:00","breadcrumb":{"@id":"https:\/\/sistemakalinka.com\/de\/produkt\/russische-zahlen-ebook-tabellen-uebungen\/#breadcrumb"},"inLanguage":"de","potentialAction":[{"@type":"ReadAction","target":["https:\/\/sistemakalinka.com\/de\/produkt\/russische-zahlen-ebook-tabellen-uebungen\/"]}]},{"@type":"ImageObject","inLanguage":"de","@id":"https:\/\/sistemakalinka.com\/de\/produkt\/russische-zahlen-ebook-tabellen-uebungen\/#primaryimage","url":"https:\/\/sistemakalinka.com\/wp-content\/uploads\/E_L04_de_ebook.jpg","contentUrl":"https:\/\/sistemakalinka.com\/wp-content\/uploads\/E_L04_de_ebook.jpg","width":1194,"height":1194},{"@type":"BreadcrumbList","@id":"https:\/\/sistemakalinka.com\/de\/produkt\/russische-zahlen-ebook-tabellen-uebungen\/#breadcrumb","itemListElement":[{"@type":"ListItem","position":1,"name":"Home","item":"https:\/\/sistemakalinka.com\/de\/"},{"@type":"ListItem","position":2,"name":"Shop","item":"https:\/\/sistemakalinka.com\/shop\/"},{"@type":"ListItem","position":3,"name":"Meistere die russischen Zahlen &#8211; Tabellen und \u00dcbungen (Ebook)"}]},{"@type":"WebSite","@id":"https:\/\/sistemakalinka.com\/de\/#website","url":"https:\/\/sistemakalinka.com\/de\/","name":"Sistema Kalinka","description":"Learn Russian with us","potentialAction":[{"@type":"SearchAction","target":{"@type":"EntryPoint","urlTemplate":"https:\/\/sistemakalinka.com\/de\/?s={search_term_string}"},"query-input":{"@type":"PropertyValueSpecification","valueRequired":true,"valueName":"search_term_string"}}],"inLanguage":"de"}]}},"_links":{"self":[{"href":"https:\/\/sistemakalinka.com\/de\/wp-json\/wp\/v2\/product\/51263","targetHints":{"allow":["GET"]}}],"collection":[{"href":"https:\/\/sistemakalinka.com\/de\/wp-json\/wp\/v2\/product"}],"about":[{"href":"https:\/\/sistemakalinka.com\/de\/wp-json\/wp\/v2\/types\/product"}],"replies":[{"embeddable":true,"href":"https:\/\/sistemakalinka.com\/de\/wp-json\/wp\/v2\/comments?post=51263"}],"wp:featuredmedia":[{"embeddable":true,"href":"https:\/\/sistemakalinka.com\/de\/wp-json\/wp\/v2\/media\/51268"}],"wp:attachment":[{"href":"https:\/\/sistemakalinka.com\/de\/wp-json\/wp\/v2\/media?parent=51263"}],"wp:term":[{"taxonomy":"product_brand","embeddable":true,"href":"https:\/\/sistemakalinka.com\/de\/wp-json\/wp\/v2\/product_brand?post=51263"},{"taxonomy":"product_cat","embeddable":true,"href":"https:\/\/sistemakalinka.com\/de\/wp-json\/wp\/v2\/product_cat?post=51263"},{"taxonomy":"product_tag","embeddable":true,"href":"https:\/\/sistemakalinka.com\/de\/wp-json\/wp\/v2\/product_tag?post=51263"}],"curies":[{"name":"wp","href":"https:\/\/api.w.org\/{rel}","templated":true}]}}