{"id":53189,"date":"2024-02-02T16:47:27","date_gmt":"2024-02-02T15:47:27","guid":{"rendered":"https:\/\/sistemakalinka.com\/?post_type=product&#038;p=53189"},"modified":"2026-01-07T04:33:35","modified_gmt":"2026-01-07T03:33:35","slug":"geschichten-auf-russisch-a1-buch-2-ebook","status":"publish","type":"product","link":"https:\/\/sistemakalinka.com\/de\/produkt\/geschichten-auf-russisch-a1-buch-2-ebook\/","title":{"rendered":"Geschichten auf Russisch \u2013 Niveau A1 \u2013 Buch 2 (Ebook)"},"content":{"rendered":"<div class=\"container-fluid\">\r\n    <div class=\"row\">\r\n        <div class=\"col-xs-12\">\r\n            <h2>Schau rein! Hier kannst du einen Auszug aus diesem Buch lesen und h\u00f6ren:<\/h2>\r\n            <div class=\"row\">\r\n                <div class=\"col-lg-6 col-md-6 col-sm-6 col-xs-12\">\r\n                    <p>Auszug aus diesem Buch h\u00f6ren:\r\n                    <\/p>\r\n                    <p>\r\n                        <audio style=\"color: #95b9c7; width: 100%;\" controls=\"controls\">\r\n                        <source src=\"\/wp-content\/uploads\/audio-ABOOK-A1-02a.mp3\" type=\"audio\/mpeg\">\r\n                        Ihr Browser erkennt das Audio-Element nicht.\r\n                        <\/audio>\r\n                        <audio style=\"color: #95b9c7; width: 100%;\" controls=\"controls\">\r\n                        <source src=\"\/wp-content\/uploads\/audio-ABOOK-A1-02b.mp3\" type=\"audio\/mpeg\">\r\n                        Ihr Browser erkennt das Audio-Element nicht.\r\n                        <\/audio>\t\t\t\t\t\t\r\n                    <\/p>\r\n                <\/div>\r\n                <div class=\"col-lg-6 col-md-6 col-sm-6 col-xs-12\">\r\n                    <p class=\"hidden-xs\">Auszug aus diesem Buch lesen. Zum Vergr\u00f6\u00dfern hier klicken:\r\n                    <\/p>\r\n                    <p class=\"hidden-lg hidden-md hidden-sm visible-xs-block\">Auszug aus diesem Buch lesen:\r\n                    <\/p>\r\n                    <div class=\"row rkfotos\"><a href=\"\/wp-content\/uploads\/auszug_ABOOK_A1_02_RU_DE_ebook_01.jpg\" data-fancybox=\"gallery\" title=\"auszug\"><img decoding=\"async\" class=\"col-lg-6 col-md-12 col-sm-12 col-xs-12\" id=\"thumb_296\" src=\"\/wp-content\/uploads\/auszug_ABOOK_A1_02_RU_DE_ebook_01.jpg\" alt=\"auszug\" title=\"auszug\" itemprop=\"image\"><\/a> <a href=\"\/wp-content\/uploads\/auszug_ABOOK_A1_02_RU_DE_ebook_02.jpg\" data-fancybox=\"gallery\" title=\"auszug\"><img decoding=\"async\" class=\"col-lg-6 col-md-12 col-sm-12 col-xs-12\" id=\"thumb_296\" src=\"\/wp-content\/uploads\/auszug_ABOOK_A1_02_RU_DE_ebook_02.jpg\" alt=\"auszug\" title=\"auszug\" itemprop=\"image\"><\/a> <a href=\"\/wp-content\/uploads\/auszug_ABOOK_A1_02_RU_DE_ebook_03.jpg\" data-fancybox=\"gallery\" title=\"auszug\"><img decoding=\"async\" class=\"col-lg-6 col-md-12 col-sm-12 col-xs-12\" id=\"thumb_296\" src=\"\/wp-content\/uploads\/auszug_ABOOK_A1_02_RU_DE_ebook_03.jpg\" alt=\"auszug\" title=\"auszug\" itemprop=\"image\"><\/a> <a href=\"\/wp-content\/uploads\/auszug_ABOOK_A1_02_RU_DE_ebook_04.jpg\" data-fancybox=\"gallery\" title=\"auszug\"><img decoding=\"async\" class=\"col-lg-6 col-md-12 col-sm-12 col-xs-12\" id=\"thumb_296\" src=\"\/wp-content\/uploads\/auszug_ABOOK_A1_02_RU_DE_ebook_04.jpg\" alt=\"auszug\" title=\"auszug\" itemprop=\"image\"><\/a>\r\n                    <\/div>\r\n                <\/div>\r\n            <\/div>\r\n        <\/div>\r\n        <hr>\r\n    <\/div>\r\n    <div class=\"row\">\r\n        <div class=\"col-xs-12\">\r\n            <hr>\r\n            <h2>Warum mit unseren H\u00f6rb\u00fcchern Russisch lernen &#8211; vier Gr\u00fcnde.<\/h2>\r\n            <p>Unser Redaktionsteam aus Russischlehrern hat diese Texte speziell f\u00fcr Lernende verfasst. Wer Russisch als Fremdsprache lernt, sollte B\u00fccher lesen, die auf die aktuelle Lernstufe zugeschnitten sind und mit denen er oder sie sich st\u00fcckweise steigern kann &#8211; das bieten unsere Texte. Dank der von russischen Muttersprachlern gesprochenen Audio-Aufnahmen verinnerlichst du das Vokabular sowie die Aussprache m\u00fchelos. Darum eignen sich unsere B\u00fccher besonders gut zum Russischlernen:\r\n            <\/p>\r\n            <div class=\"rkdestacar\">\r\n                <ol>\r\n                    <li>Russische Texte mit deutscher \u00dcbersetzung (vereinfacht das Lernen).<\/li>\r\n                    <li>Professionelle Audios von russischen Muttersprachlern (zum Nachh\u00f6ren und Nachsprechen).<\/li>\r\n                    <li>In verschiedene Schwierigkeitsstufen eingeteilt (Texte zugeschnitten auf deine Bed\u00fcrfnisse)<\/li>\r\n                    <li>Speziell f\u00fcr Russischlernende verfasst (von Russischlehrern)<\/li>\r\n                <\/ol>\r\n            <\/div>\r\n            <p>Hast du Fragen zu unseren B\u00fcchern? Setz dich mit uns in Verbindung, wir beantworten sie gern.\r\n            <\/p>\r\n            <h2>Russische Texte + \u00dcbersetzung + professionelle Aufnahmen<\/h2>\r\n            <p>Die einzige Russisch-Schule mit H\u00f6rb\u00fcchern dieser Art!\r\n            <\/p>\r\n            <ul>\r\n                <li>Russische Texte in verschiedenen Schwierigkeitsstufen &#8211; so ist auch f\u00fcr dich das richtige dabei.<\/li>\r\n                <li>Schnelles Erfassen dank der deutschen \u00dcbersetzung.<\/li>\r\n                <li>Studioaufnahmen aller Texte von russischen Muttersprachlern.<\/li>\r\n            <\/ul>\r\n            <p>Mit unseren unterhaltsamen B\u00fcchern zum Lesen und H\u00f6ren verbesserst du spielend leicht dein Russisch! Suchst du nach russischen H\u00f6rb\u00fcchern mit Lesetext und \u00dcbersetzung? Wir haben die L\u00f6sung.\r\n            <\/p>\r\n            <h2>Russisch f\u00fcr unterwegs<\/h2>\r\n            <p>Unsere E-Books im PDF-Format lassen sich auf vielen verschiedenen Ger\u00e4ten \u00f6ffnen (PC, Laptop, Mac, iPad, Tablet,&#8230;) Inklusive professionell prochener Aufnahmen aller Dialoge im mp3-Format. Du kannst die Texte gleichzeitig lesen und h\u00f6ren oder die mp3-Dateien auf deinem Telefon oder mp3-Player abspielen und \u00fcberall anh\u00f6ren.\r\n            <\/p>\r\n        <\/div>\r\n    <\/div>\r\n<\/div>","protected":false},"excerpt":{"rendered":"<div class=\"container-fluid\">\r\n    <div class=\"row\">\r\n        <div class=\"col-xs-12\">\r\n            <!-- este div es la descripcion para google shopping-->\r\n            <div hidden=\"\">\r\n                <p>DAS IDEALE BUCH F\u00dcR ANF\u00c4NGER. Lesen auf Russisch leicht gemacht: Diese kurzen Erz\u00e4hlungen zeichnen sich durch einen begrenzten Wortschatz und einfache Grammatik aus. Dank der deutschen \u00dcbersetzung und den H\u00f6rtexten wird die Lekt\u00fcre zum angenehmen Lernerlebnis. Erfahre etwas \u00fcber den Alltag und Beruf der folgenden Charaktere: <br>   \r\n                <\/p>\r\n                <ol>\r\n                    <li>Ein Pilot in Sankt Petersburg<\/li>\r\n                    <li>Von Moskau zum Mond<\/li>\r\n                    <li>Meine Freundin lebt in Sotschi<\/li>\r\n                    <li>Ein Ingenieur in Nowosibirsk<\/li>\r\n                    <li>Viktor, Schauspieler in Moskau<\/li>\r\n                    <li>Eine \u00c4rztin in Jakutsk<\/li>\r\n                    <li>Ein Restaurant in Wladiwostok<\/li>\r\n                <\/ol>\r\n            <\/div>\r\n           [etiquetas_producto paginas=\"76\"]\r\n            <!-- fin de la descipci\u00f3n para google shopping-->\r\n            <p>Lesen auf Russisch leicht gemacht: Diese kurzen Erz\u00e4hlungen zeichnen sich durch einen begrenzten Wortschatz und einfache Grammatik aus. Dank der deutschen \u00dcbersetzung und den H\u00f6rtexten wird die Lekt\u00fcre zum angenehmen Lernerlebnis. Erfahre etwas \u00fcber den Alltag und Beruf der folgenden Charaktere:\r\n            <\/p>\r\n            <ol>\r\n                 <li>Ein Pilot in Sankt Petersburg<\/li>\r\n                    <li>Von Moskau zum Mond<\/li>\r\n                    <li>Meine Freundin lebt in Sotschi<\/li>\r\n                    <li>Ein Ingenieur in Nowosibirsk<\/li>\r\n                    <li>Viktor, Schauspieler in Moskau<\/li>\r\n                    <li>Eine \u00c4rztin in Jakutsk<\/li>\r\n                    <li>Ein Restaurant in Wladiwostok<\/li>\r\n            <\/ol>\r\n         [imagenes_tipo_libro]\r\n      <\/div>\r\n   <\/div>\r\n<\/div>\r\n","protected":false},"featured_media":53191,"comment_status":"open","ping_status":"closed","template":"","meta":[],"product_brand":[],"product_cat":[182,183,191,186],"product_tag":[],"class_list":{"0":"post-53189","1":"product","2":"type-product","3":"status-publish","4":"has-post-thumbnail","6":"product_cat-buecher-zum-russischlernen","7":"product_cat-ebooks","8":"product_cat-russische-geschichten","9":"product_cat-russischbuecher-mit-audio","10":"pa_level-a1-de","12":"first","13":"instock","14":"downloadable","15":"virtual","16":"taxable","17":"purchasable","18":"product-type-simple"},"yoast_head":"<!-- This site is optimized with the Yoast SEO plugin v27.4 - https:\/\/yoast.com\/product\/yoast-seo-wordpress\/ -->\n<title>Geschichten auf Russisch \u2013 Niveau A1 \u2013 Buch 2 (Ebook) - Sistema Kalinka<\/title>\n<meta name=\"description\" content=\"Einfache russische Texte f\u00fcr Anf\u00e4nger. Professionelle Audios und zweisprachige Texte (Russisch-Deutsch) f\u00fcr Russisch-Lernende. Ebooks mit H\u00f6rbuch\" \/>\n<meta name=\"robots\" content=\"index, follow, max-snippet:-1, max-image-preview:large, max-video-preview:-1\" \/>\n<link rel=\"canonical\" href=\"https:\/\/sistemakalinka.com\/de\/produkt\/geschichten-auf-russisch-a1-buch-2-ebook\/\" \/>\n<meta property=\"og:locale\" content=\"de_DE\" \/>\n<meta property=\"og:type\" content=\"article\" \/>\n<meta property=\"og:title\" content=\"Geschichten auf Russisch \u2013 Niveau A1 \u2013 Buch 2 (Ebook) - Sistema Kalinka\" \/>\n<meta property=\"og:description\" content=\"Einfache russische Texte f\u00fcr Anf\u00e4nger. Professionelle Audios und zweisprachige Texte (Russisch-Deutsch) f\u00fcr Russisch-Lernende. Ebooks mit H\u00f6rbuch\" \/>\n<meta property=\"og:url\" content=\"https:\/\/sistemakalinka.com\/de\/produkt\/geschichten-auf-russisch-a1-buch-2-ebook\/\" \/>\n<meta property=\"og:site_name\" content=\"Sistema Kalinka\" \/>\n<meta property=\"article:modified_time\" content=\"2026-01-07T03:33:35+00:00\" \/>\n<meta property=\"og:image\" content=\"https:\/\/sistemakalinka.com\/wp-content\/uploads\/ABOOK_A1_02_de_ebook.jpg\" \/>\n\t<meta property=\"og:image:width\" content=\"1194\" \/>\n\t<meta property=\"og:image:height\" content=\"1194\" \/>\n\t<meta property=\"og:image:type\" content=\"image\/jpeg\" \/>\n<meta name=\"twitter:card\" content=\"summary_large_image\" \/>\n<meta name=\"twitter:label1\" content=\"Gesch\u00e4tzte Lesezeit\" \/>\n\t<meta name=\"twitter:data1\" content=\"3\u00a0Minuten\" \/>\n<script type=\"application\/ld+json\" class=\"yoast-schema-graph\">{\"@context\":\"https:\\\/\\\/schema.org\",\"@graph\":[{\"@type\":\"WebPage\",\"@id\":\"https:\\\/\\\/sistemakalinka.com\\\/de\\\/produkt\\\/geschichten-auf-russisch-a1-buch-2-ebook\\\/\",\"url\":\"https:\\\/\\\/sistemakalinka.com\\\/de\\\/produkt\\\/geschichten-auf-russisch-a1-buch-2-ebook\\\/\",\"name\":\"Geschichten auf Russisch \u2013 Niveau A1 \u2013 Buch 2 (Ebook) - Sistema Kalinka\",\"isPartOf\":{\"@id\":\"https:\\\/\\\/sistemakalinka.com\\\/de\\\/#website\"},\"primaryImageOfPage\":{\"@id\":\"https:\\\/\\\/sistemakalinka.com\\\/de\\\/produkt\\\/geschichten-auf-russisch-a1-buch-2-ebook\\\/#primaryimage\"},\"image\":{\"@id\":\"https:\\\/\\\/sistemakalinka.com\\\/de\\\/produkt\\\/geschichten-auf-russisch-a1-buch-2-ebook\\\/#primaryimage\"},\"thumbnailUrl\":\"https:\\\/\\\/sistemakalinka.com\\\/wp-content\\\/uploads\\\/ABOOK_A1_02_de_ebook.jpg\",\"datePublished\":\"2024-02-02T15:47:27+00:00\",\"dateModified\":\"2026-01-07T03:33:35+00:00\",\"description\":\"Einfache russische Texte f\u00fcr Anf\u00e4nger. Professionelle Audios und zweisprachige Texte (Russisch-Deutsch) f\u00fcr Russisch-Lernende. Ebooks mit H\u00f6rbuch\",\"breadcrumb\":{\"@id\":\"https:\\\/\\\/sistemakalinka.com\\\/de\\\/produkt\\\/geschichten-auf-russisch-a1-buch-2-ebook\\\/#breadcrumb\"},\"inLanguage\":\"de\",\"potentialAction\":[{\"@type\":\"ReadAction\",\"target\":[\"https:\\\/\\\/sistemakalinka.com\\\/de\\\/produkt\\\/geschichten-auf-russisch-a1-buch-2-ebook\\\/\"]}]},{\"@type\":\"ImageObject\",\"inLanguage\":\"de\",\"@id\":\"https:\\\/\\\/sistemakalinka.com\\\/de\\\/produkt\\\/geschichten-auf-russisch-a1-buch-2-ebook\\\/#primaryimage\",\"url\":\"https:\\\/\\\/sistemakalinka.com\\\/wp-content\\\/uploads\\\/ABOOK_A1_02_de_ebook.jpg\",\"contentUrl\":\"https:\\\/\\\/sistemakalinka.com\\\/wp-content\\\/uploads\\\/ABOOK_A1_02_de_ebook.jpg\",\"width\":1194,\"height\":1194},{\"@type\":\"BreadcrumbList\",\"@id\":\"https:\\\/\\\/sistemakalinka.com\\\/de\\\/produkt\\\/geschichten-auf-russisch-a1-buch-2-ebook\\\/#breadcrumb\",\"itemListElement\":[{\"@type\":\"ListItem\",\"position\":1,\"name\":\"Home\",\"item\":\"https:\\\/\\\/sistemakalinka.com\\\/de\\\/\"},{\"@type\":\"ListItem\",\"position\":2,\"name\":\"Shop\",\"item\":\"https:\\\/\\\/sistemakalinka.com\\\/shop\\\/\"},{\"@type\":\"ListItem\",\"position\":3,\"name\":\"Geschichten auf Russisch \u2013 Niveau A1 \u2013 Buch 2 (Ebook)\"}]},{\"@type\":\"WebSite\",\"@id\":\"https:\\\/\\\/sistemakalinka.com\\\/de\\\/#website\",\"url\":\"https:\\\/\\\/sistemakalinka.com\\\/de\\\/\",\"name\":\"Sistema Kalinka\",\"description\":\"Learn Russian with us\",\"potentialAction\":[{\"@type\":\"SearchAction\",\"target\":{\"@type\":\"EntryPoint\",\"urlTemplate\":\"https:\\\/\\\/sistemakalinka.com\\\/de\\\/?s={search_term_string}\"},\"query-input\":{\"@type\":\"PropertyValueSpecification\",\"valueRequired\":true,\"valueName\":\"search_term_string\"}}],\"inLanguage\":\"de\"}]}<\/script>\n<!-- \/ Yoast SEO plugin. -->","yoast_head_json":{"title":"Geschichten auf Russisch \u2013 Niveau A1 \u2013 Buch 2 (Ebook) - Sistema Kalinka","description":"Einfache russische Texte f\u00fcr Anf\u00e4nger. Professionelle Audios und zweisprachige Texte (Russisch-Deutsch) f\u00fcr Russisch-Lernende. Ebooks mit H\u00f6rbuch","robots":{"index":"index","follow":"follow","max-snippet":"max-snippet:-1","max-image-preview":"max-image-preview:large","max-video-preview":"max-video-preview:-1"},"canonical":"https:\/\/sistemakalinka.com\/de\/produkt\/geschichten-auf-russisch-a1-buch-2-ebook\/","og_locale":"de_DE","og_type":"article","og_title":"Geschichten auf Russisch \u2013 Niveau A1 \u2013 Buch 2 (Ebook) - Sistema Kalinka","og_description":"Einfache russische Texte f\u00fcr Anf\u00e4nger. Professionelle Audios und zweisprachige Texte (Russisch-Deutsch) f\u00fcr Russisch-Lernende. Ebooks mit H\u00f6rbuch","og_url":"https:\/\/sistemakalinka.com\/de\/produkt\/geschichten-auf-russisch-a1-buch-2-ebook\/","og_site_name":"Sistema Kalinka","article_modified_time":"2026-01-07T03:33:35+00:00","og_image":[{"width":1194,"height":1194,"url":"https:\/\/sistemakalinka.com\/wp-content\/uploads\/ABOOK_A1_02_de_ebook.jpg","type":"image\/jpeg"}],"twitter_card":"summary_large_image","twitter_misc":{"Gesch\u00e4tzte Lesezeit":"3\u00a0Minuten"},"schema":{"@context":"https:\/\/schema.org","@graph":[{"@type":"WebPage","@id":"https:\/\/sistemakalinka.com\/de\/produkt\/geschichten-auf-russisch-a1-buch-2-ebook\/","url":"https:\/\/sistemakalinka.com\/de\/produkt\/geschichten-auf-russisch-a1-buch-2-ebook\/","name":"Geschichten auf Russisch \u2013 Niveau A1 \u2013 Buch 2 (Ebook) - Sistema Kalinka","isPartOf":{"@id":"https:\/\/sistemakalinka.com\/de\/#website"},"primaryImageOfPage":{"@id":"https:\/\/sistemakalinka.com\/de\/produkt\/geschichten-auf-russisch-a1-buch-2-ebook\/#primaryimage"},"image":{"@id":"https:\/\/sistemakalinka.com\/de\/produkt\/geschichten-auf-russisch-a1-buch-2-ebook\/#primaryimage"},"thumbnailUrl":"https:\/\/sistemakalinka.com\/wp-content\/uploads\/ABOOK_A1_02_de_ebook.jpg","datePublished":"2024-02-02T15:47:27+00:00","dateModified":"2026-01-07T03:33:35+00:00","description":"Einfache russische Texte f\u00fcr Anf\u00e4nger. Professionelle Audios und zweisprachige Texte (Russisch-Deutsch) f\u00fcr Russisch-Lernende. Ebooks mit H\u00f6rbuch","breadcrumb":{"@id":"https:\/\/sistemakalinka.com\/de\/produkt\/geschichten-auf-russisch-a1-buch-2-ebook\/#breadcrumb"},"inLanguage":"de","potentialAction":[{"@type":"ReadAction","target":["https:\/\/sistemakalinka.com\/de\/produkt\/geschichten-auf-russisch-a1-buch-2-ebook\/"]}]},{"@type":"ImageObject","inLanguage":"de","@id":"https:\/\/sistemakalinka.com\/de\/produkt\/geschichten-auf-russisch-a1-buch-2-ebook\/#primaryimage","url":"https:\/\/sistemakalinka.com\/wp-content\/uploads\/ABOOK_A1_02_de_ebook.jpg","contentUrl":"https:\/\/sistemakalinka.com\/wp-content\/uploads\/ABOOK_A1_02_de_ebook.jpg","width":1194,"height":1194},{"@type":"BreadcrumbList","@id":"https:\/\/sistemakalinka.com\/de\/produkt\/geschichten-auf-russisch-a1-buch-2-ebook\/#breadcrumb","itemListElement":[{"@type":"ListItem","position":1,"name":"Home","item":"https:\/\/sistemakalinka.com\/de\/"},{"@type":"ListItem","position":2,"name":"Shop","item":"https:\/\/sistemakalinka.com\/shop\/"},{"@type":"ListItem","position":3,"name":"Geschichten auf Russisch \u2013 Niveau A1 \u2013 Buch 2 (Ebook)"}]},{"@type":"WebSite","@id":"https:\/\/sistemakalinka.com\/de\/#website","url":"https:\/\/sistemakalinka.com\/de\/","name":"Sistema Kalinka","description":"Learn Russian with us","potentialAction":[{"@type":"SearchAction","target":{"@type":"EntryPoint","urlTemplate":"https:\/\/sistemakalinka.com\/de\/?s={search_term_string}"},"query-input":{"@type":"PropertyValueSpecification","valueRequired":true,"valueName":"search_term_string"}}],"inLanguage":"de"}]}},"_links":{"self":[{"href":"https:\/\/sistemakalinka.com\/de\/wp-json\/wp\/v2\/product\/53189","targetHints":{"allow":["GET"]}}],"collection":[{"href":"https:\/\/sistemakalinka.com\/de\/wp-json\/wp\/v2\/product"}],"about":[{"href":"https:\/\/sistemakalinka.com\/de\/wp-json\/wp\/v2\/types\/product"}],"replies":[{"embeddable":true,"href":"https:\/\/sistemakalinka.com\/de\/wp-json\/wp\/v2\/comments?post=53189"}],"wp:featuredmedia":[{"embeddable":true,"href":"https:\/\/sistemakalinka.com\/de\/wp-json\/wp\/v2\/media\/53191"}],"wp:attachment":[{"href":"https:\/\/sistemakalinka.com\/de\/wp-json\/wp\/v2\/media?parent=53189"}],"wp:term":[{"taxonomy":"product_brand","embeddable":true,"href":"https:\/\/sistemakalinka.com\/de\/wp-json\/wp\/v2\/product_brand?post=53189"},{"taxonomy":"product_cat","embeddable":true,"href":"https:\/\/sistemakalinka.com\/de\/wp-json\/wp\/v2\/product_cat?post=53189"},{"taxonomy":"product_tag","embeddable":true,"href":"https:\/\/sistemakalinka.com\/de\/wp-json\/wp\/v2\/product_tag?post=53189"}],"curies":[{"name":"wp","href":"https:\/\/api.w.org\/{rel}","templated":true}]}}