{"id":63480,"date":"2024-08-30T13:10:18","date_gmt":"2024-08-30T11:10:18","guid":{"rendered":"https:\/\/sistemakalinka.com\/?post_type=product&#038;p=63480"},"modified":"2026-03-19T17:16:22","modified_gmt":"2026-03-19T16:16:22","slug":"russische-klassiker-taras-bulba-printversion","status":"publish","type":"product","link":"https:\/\/sistemakalinka.com\/de\/produkt\/russische-klassiker-taras-bulba-printversion\/","title":{"rendered":"Russische Klassiker: Taras Bulba (Printversion)"},"content":{"rendered":"<div class=\"container-fluid\">\r\n   <div class=\"row\">\r\n      <div class=\"col-xs-12\">\r\n         <h2>Lerne das Buch kennen! Hier kannst du einen Auszug aus diesem Buch lesen und h\u00f6ren.<\/h2>\r\n      <\/div>\r\n   <\/div>\r\n   <div class=\"row\">\r\n      <div class=\"col-lg-6 col-md-6 col-sm-6 col-xs-12\">\r\n         <p>Auszug aus diesem Buch h\u00f6ren.<\/p>\r\n         <p>\r\n            <audio style=\"color: #95b9c7;\" controls=\"controls\"><source src=\"\/wp-content\/uploads\/audio-CLBOOK-02-Taras-Bulba-1.mp3\" type=\"audio\/mpeg\">Ihr Browser unterst\u00fctzt das Audioelement nicht.<\/audio>\r\n         <\/p>\r\n      <\/div>\r\n      <div class=\"col-lg-6 col-md-6 col-sm-6 col-xs-12\">\r\n         <p class=\"hidden-xs\">Auszug aus diesem Buch lesen. Zum Vergr\u00f6&szlig;ern hier klicken:<\/p>\r\n         <p class=\"hidden-lg hidden-md hidden-sm visible-xs-block\">Auszug aus diesem Buch lesen:<\/p>\r\n         <div class=\"row mi-galeria-producto\"><a href=\"\/wp-content\/uploads\/auszug-taras-bulba-ebook-01.jpg\" data-fancybox=\"gallery\" title=\"Auszug\"><img decoding=\"async\" class=\"col-lg-6 col-md-12 col-sm-12 col-xs-12\" id=\"thumb_296\" src=\"\/wp-content\/uploads\/auszug-taras-bulba-ebook-01.jpg\" alt=\"Auszug\" title=\"Auszug\" itemprop=\"image\" \/><\/a> <a href=\"\/wp-content\/uploads\/auszug-taras-bulba-ebook-02.jpg\" data-fancybox=\"gallery\" title=\"Auszug\"><img decoding=\"async\" class=\"col-lg-6 col-md-12 col-sm-12 col-xs-12\" id=\"thumb_296\" src=\"\/wp-content\/uploads\/auszug-taras-bulba-ebook-02.jpg\" alt=\"Auszug\" title=\"Auszug\" itemprop=\"image\" \/><\/a> <a href=\"\/wp-content\/uploads\/auszug-taras-bulba-ebook-03.jpg\" data-fancybox=\"gallery\" title=\"Auszug\"><img decoding=\"async\" class=\"col-lg-6 col-md-12 col-sm-12 col-xs-12\" id=\"thumb_296\" src=\"\/wp-content\/uploads\/auszug-taras-bulba-ebook-03.jpg\" alt=\"Auszug\" title=\"Auszug\" itemprop=\"image\" \/><\/a> <a href=\"\/wp-content\/uploads\/auszug-taras-bulba-ebook-04.jpg\" data-fancybox=\"gallery\" title=\"Auszug\"><img decoding=\"async\" class=\"col-lg-6 col-md-12 col-sm-12 col-xs-12\" id=\"thumb_296\" src=\"\/wp-content\/uploads\/auszug-taras-bulba-ebook-04.jpg\" alt=\"Auszug\" title=\"Auszug\" itemprop=\"image\" \/><\/a><\/div>\r\n      <\/div>\r\n      <div class=\"row\">\r\n         <div class=\"col-xs-12\">\r\n            <hr \/>\r\n            <h2>Warum mit unseren H\u00f6rb\u00fcchern Russisch lernen? 4 Gr\u00fcnde<\/h2>\r\n            <p>Unser Redaktionsteam aus Russischlehrern hat diese Texte speziell f\u00fcr Lernende verfasst. Wer Russisch als Fremdsprache lernt, sollte B\u00fccher lesen, die auf die aktuelle Lernstufe zugeschnitten sind und mit denen sie sich st\u00fcckweise steigern k\u00f6nnen &#8211; das bieten unsere Texte. Dank der von russischen Muttersprachlern gesprochenen Audio-Aufnahmen verinnerlichst du das Vokabular sowie die Aussprache m\u00fchelos. Darum eignen sich unsere B\u00fccher besonders gut zum Russischlernen:<\/p>\r\n            <div class=\"mi-cuadro-importante\">\r\n               <ol>\r\n                  <li>Russische Texte mit Vokabelhilfe (vereinfacht das Lernen)<\/li>\r\n                  <li>Professionelle Audios von russischen Muttersprachlern (zum Nachh\u00f6ren und Nachsprechen)<\/li>\r\n                  <li>in verschiedene Schwierigkeitsstufen eingeteilt (Texte zugeschnitten auf deine Bed\u00fcrfnisse)<\/li>\r\n                  <li>Speziell f\u00fcr Russischlernende verfasst (von Russischlehrern)<\/li>\r\n               <\/ol>\r\n            <\/div>\r\n            <p>Hast du Fragen zu unseren B\u00fcchern? Setz dich mit uns in Verbindung, wir beantworten sie gern.<\/p>\r\n            <h2>Russische Texte zum H\u00f6ren und Lesen<\/h2>\r\n            <p>Diese Art der H\u00f6rb\u00fccher findest du nur bei Red Kalinka &#8211; Russische Texte in verschiedenen Schwierigkeitsstufen &#8211; so ist auch f\u00fcr dich das richtige dabei. &#8211; schnelles Erfassen dank der Vokabelhilfe &#8211; Studioaufnahmen aller Texte von russischen Muttersprachlern Mit unseren unterhaltsamen B\u00fcchern zum Lesen und H\u00f6ren verbesserst du spielend leicht dein Russisch! Suchst du nach russischen H\u00f6rb\u00fcchern mit Lesetext und \u00dcbersetzung? Wir haben die L\u00f6sung.<\/p>\r\n        <\/div>\r\n    <\/div>\r\n<\/div>\r\n<\/div>","protected":false},"excerpt":{"rendered":"<div class=\"container-fluid\">\r\n   <div class=\"row\">\r\n      <div class=\"col-xs-12\">\r\n[etiquetas_producto paginas=\"60\" audio=82]\r\n         <p>Der  1842 erschienene Roman Taras Bulba von Nikolai Gogol spielt im 15. Jh. Darin geht es um einen alten Kosaken namens Taras Bulba und seine beiden S\u00f6hne. Erfahre, wie die Kosaken gelebt haben und welche Opfer sie in Kriegszeiten bringen mussten.<\/p>\r\n\r\n[imagenes_tipo_libro]\r\n      <\/div>\r\n   <\/div>\r\n<\/div>","protected":false},"featured_media":64331,"comment_status":"open","ping_status":"closed","template":"","meta":[],"product_brand":[],"product_cat":[182,185,186,187],"product_tag":[],"class_list":{"0":"post-63480","1":"product","2":"type-product","3":"status-publish","4":"has-post-thumbnail","6":"product_cat-buecher-zum-russischlernen","7":"product_cat-printversionen","8":"product_cat-russischbuecher-mit-audio","9":"product_cat-russische-klassiker","10":"pa_level-b1-b2-de","12":"first","13":"instock","14":"taxable","15":"shipping-taxable","16":"purchasable","17":"product-type-simple"},"yoast_head":"<!-- This site is optimized with the Yoast SEO plugin v27.4 - https:\/\/yoast.com\/product\/yoast-seo-wordpress\/ -->\n<title>Russische Klassiker: Taras Bulba (Printversion) - Sistema Kalinka<\/title>\n<meta name=\"description\" content=\"&quot;Taras Bulba&quot; von Nikolai Gogol bietet einen Einblick in die ukrainische Geschichte. Roman in einfachem Russisch mit H\u00f6rtext und deutscher Vokabelliste\" \/>\n<meta name=\"robots\" content=\"index, follow, max-snippet:-1, max-image-preview:large, max-video-preview:-1\" \/>\n<link rel=\"canonical\" href=\"https:\/\/sistemakalinka.com\/de\/produkt\/russische-klassiker-taras-bulba-printversion\/\" \/>\n<meta property=\"og:locale\" content=\"de_DE\" \/>\n<meta property=\"og:type\" content=\"article\" \/>\n<meta property=\"og:title\" content=\"Russische Klassiker: Taras Bulba (Printversion) - Sistema Kalinka\" \/>\n<meta property=\"og:description\" content=\"&quot;Taras Bulba&quot; von Nikolai Gogol bietet einen Einblick in die ukrainische Geschichte. Roman in einfachem Russisch mit H\u00f6rtext und deutscher Vokabelliste\" \/>\n<meta property=\"og:url\" content=\"https:\/\/sistemakalinka.com\/de\/produkt\/russische-klassiker-taras-bulba-printversion\/\" \/>\n<meta property=\"og:site_name\" content=\"Sistema Kalinka\" \/>\n<meta property=\"article:modified_time\" content=\"2026-03-19T16:16:22+00:00\" \/>\n<meta property=\"og:image\" content=\"https:\/\/sistemakalinka.com\/wp-content\/uploads\/CLBOOK_02_Taras_Bulba_de_paper.jpg\" \/>\n\t<meta property=\"og:image:width\" content=\"1194\" \/>\n\t<meta property=\"og:image:height\" content=\"1194\" \/>\n\t<meta property=\"og:image:type\" content=\"image\/jpeg\" \/>\n<meta name=\"twitter:card\" content=\"summary_large_image\" \/>\n<meta name=\"twitter:label1\" content=\"Gesch\u00e4tzte Lesezeit\" \/>\n\t<meta name=\"twitter:data1\" content=\"3\u00a0Minuten\" \/>\n<script type=\"application\/ld+json\" class=\"yoast-schema-graph\">{\"@context\":\"https:\\\/\\\/schema.org\",\"@graph\":[{\"@type\":\"WebPage\",\"@id\":\"https:\\\/\\\/sistemakalinka.com\\\/de\\\/produkt\\\/russische-klassiker-taras-bulba-printversion\\\/\",\"url\":\"https:\\\/\\\/sistemakalinka.com\\\/de\\\/produkt\\\/russische-klassiker-taras-bulba-printversion\\\/\",\"name\":\"Russische Klassiker: Taras Bulba (Printversion) - Sistema Kalinka\",\"isPartOf\":{\"@id\":\"https:\\\/\\\/sistemakalinka.com\\\/de\\\/#website\"},\"primaryImageOfPage\":{\"@id\":\"https:\\\/\\\/sistemakalinka.com\\\/de\\\/produkt\\\/russische-klassiker-taras-bulba-printversion\\\/#primaryimage\"},\"image\":{\"@id\":\"https:\\\/\\\/sistemakalinka.com\\\/de\\\/produkt\\\/russische-klassiker-taras-bulba-printversion\\\/#primaryimage\"},\"thumbnailUrl\":\"https:\\\/\\\/sistemakalinka.com\\\/wp-content\\\/uploads\\\/CLBOOK_02_Taras_Bulba_de_paper.jpg\",\"datePublished\":\"2024-08-30T11:10:18+00:00\",\"dateModified\":\"2026-03-19T16:16:22+00:00\",\"description\":\"\\\"Taras Bulba\\\" von Nikolai Gogol bietet einen Einblick in die ukrainische Geschichte. Roman in einfachem Russisch mit H\u00f6rtext und deutscher Vokabelliste\",\"breadcrumb\":{\"@id\":\"https:\\\/\\\/sistemakalinka.com\\\/de\\\/produkt\\\/russische-klassiker-taras-bulba-printversion\\\/#breadcrumb\"},\"inLanguage\":\"de\",\"potentialAction\":[{\"@type\":\"ReadAction\",\"target\":[\"https:\\\/\\\/sistemakalinka.com\\\/de\\\/produkt\\\/russische-klassiker-taras-bulba-printversion\\\/\"]}]},{\"@type\":\"ImageObject\",\"inLanguage\":\"de\",\"@id\":\"https:\\\/\\\/sistemakalinka.com\\\/de\\\/produkt\\\/russische-klassiker-taras-bulba-printversion\\\/#primaryimage\",\"url\":\"https:\\\/\\\/sistemakalinka.com\\\/wp-content\\\/uploads\\\/CLBOOK_02_Taras_Bulba_de_paper.jpg\",\"contentUrl\":\"https:\\\/\\\/sistemakalinka.com\\\/wp-content\\\/uploads\\\/CLBOOK_02_Taras_Bulba_de_paper.jpg\",\"width\":1194,\"height\":1194},{\"@type\":\"BreadcrumbList\",\"@id\":\"https:\\\/\\\/sistemakalinka.com\\\/de\\\/produkt\\\/russische-klassiker-taras-bulba-printversion\\\/#breadcrumb\",\"itemListElement\":[{\"@type\":\"ListItem\",\"position\":1,\"name\":\"Home\",\"item\":\"https:\\\/\\\/sistemakalinka.com\\\/de\\\/\"},{\"@type\":\"ListItem\",\"position\":2,\"name\":\"Shop\",\"item\":\"https:\\\/\\\/sistemakalinka.com\\\/shop\\\/\"},{\"@type\":\"ListItem\",\"position\":3,\"name\":\"Russische Klassiker: Taras Bulba (Printversion)\"}]},{\"@type\":\"WebSite\",\"@id\":\"https:\\\/\\\/sistemakalinka.com\\\/de\\\/#website\",\"url\":\"https:\\\/\\\/sistemakalinka.com\\\/de\\\/\",\"name\":\"Sistema Kalinka\",\"description\":\"Learn Russian with us\",\"potentialAction\":[{\"@type\":\"SearchAction\",\"target\":{\"@type\":\"EntryPoint\",\"urlTemplate\":\"https:\\\/\\\/sistemakalinka.com\\\/de\\\/?s={search_term_string}\"},\"query-input\":{\"@type\":\"PropertyValueSpecification\",\"valueRequired\":true,\"valueName\":\"search_term_string\"}}],\"inLanguage\":\"de\"}]}<\/script>\n<!-- \/ Yoast SEO plugin. -->","yoast_head_json":{"title":"Russische Klassiker: Taras Bulba (Printversion) - Sistema Kalinka","description":"\"Taras Bulba\" von Nikolai Gogol bietet einen Einblick in die ukrainische Geschichte. Roman in einfachem Russisch mit H\u00f6rtext und deutscher Vokabelliste","robots":{"index":"index","follow":"follow","max-snippet":"max-snippet:-1","max-image-preview":"max-image-preview:large","max-video-preview":"max-video-preview:-1"},"canonical":"https:\/\/sistemakalinka.com\/de\/produkt\/russische-klassiker-taras-bulba-printversion\/","og_locale":"de_DE","og_type":"article","og_title":"Russische Klassiker: Taras Bulba (Printversion) - Sistema Kalinka","og_description":"\"Taras Bulba\" von Nikolai Gogol bietet einen Einblick in die ukrainische Geschichte. Roman in einfachem Russisch mit H\u00f6rtext und deutscher Vokabelliste","og_url":"https:\/\/sistemakalinka.com\/de\/produkt\/russische-klassiker-taras-bulba-printversion\/","og_site_name":"Sistema Kalinka","article_modified_time":"2026-03-19T16:16:22+00:00","og_image":[{"width":1194,"height":1194,"url":"https:\/\/sistemakalinka.com\/wp-content\/uploads\/CLBOOK_02_Taras_Bulba_de_paper.jpg","type":"image\/jpeg"}],"twitter_card":"summary_large_image","twitter_misc":{"Gesch\u00e4tzte Lesezeit":"3\u00a0Minuten"},"schema":{"@context":"https:\/\/schema.org","@graph":[{"@type":"WebPage","@id":"https:\/\/sistemakalinka.com\/de\/produkt\/russische-klassiker-taras-bulba-printversion\/","url":"https:\/\/sistemakalinka.com\/de\/produkt\/russische-klassiker-taras-bulba-printversion\/","name":"Russische Klassiker: Taras Bulba (Printversion) - Sistema Kalinka","isPartOf":{"@id":"https:\/\/sistemakalinka.com\/de\/#website"},"primaryImageOfPage":{"@id":"https:\/\/sistemakalinka.com\/de\/produkt\/russische-klassiker-taras-bulba-printversion\/#primaryimage"},"image":{"@id":"https:\/\/sistemakalinka.com\/de\/produkt\/russische-klassiker-taras-bulba-printversion\/#primaryimage"},"thumbnailUrl":"https:\/\/sistemakalinka.com\/wp-content\/uploads\/CLBOOK_02_Taras_Bulba_de_paper.jpg","datePublished":"2024-08-30T11:10:18+00:00","dateModified":"2026-03-19T16:16:22+00:00","description":"\"Taras Bulba\" von Nikolai Gogol bietet einen Einblick in die ukrainische Geschichte. Roman in einfachem Russisch mit H\u00f6rtext und deutscher Vokabelliste","breadcrumb":{"@id":"https:\/\/sistemakalinka.com\/de\/produkt\/russische-klassiker-taras-bulba-printversion\/#breadcrumb"},"inLanguage":"de","potentialAction":[{"@type":"ReadAction","target":["https:\/\/sistemakalinka.com\/de\/produkt\/russische-klassiker-taras-bulba-printversion\/"]}]},{"@type":"ImageObject","inLanguage":"de","@id":"https:\/\/sistemakalinka.com\/de\/produkt\/russische-klassiker-taras-bulba-printversion\/#primaryimage","url":"https:\/\/sistemakalinka.com\/wp-content\/uploads\/CLBOOK_02_Taras_Bulba_de_paper.jpg","contentUrl":"https:\/\/sistemakalinka.com\/wp-content\/uploads\/CLBOOK_02_Taras_Bulba_de_paper.jpg","width":1194,"height":1194},{"@type":"BreadcrumbList","@id":"https:\/\/sistemakalinka.com\/de\/produkt\/russische-klassiker-taras-bulba-printversion\/#breadcrumb","itemListElement":[{"@type":"ListItem","position":1,"name":"Home","item":"https:\/\/sistemakalinka.com\/de\/"},{"@type":"ListItem","position":2,"name":"Shop","item":"https:\/\/sistemakalinka.com\/shop\/"},{"@type":"ListItem","position":3,"name":"Russische Klassiker: Taras Bulba (Printversion)"}]},{"@type":"WebSite","@id":"https:\/\/sistemakalinka.com\/de\/#website","url":"https:\/\/sistemakalinka.com\/de\/","name":"Sistema Kalinka","description":"Learn Russian with us","potentialAction":[{"@type":"SearchAction","target":{"@type":"EntryPoint","urlTemplate":"https:\/\/sistemakalinka.com\/de\/?s={search_term_string}"},"query-input":{"@type":"PropertyValueSpecification","valueRequired":true,"valueName":"search_term_string"}}],"inLanguage":"de"}]}},"_links":{"self":[{"href":"https:\/\/sistemakalinka.com\/de\/wp-json\/wp\/v2\/product\/63480","targetHints":{"allow":["GET"]}}],"collection":[{"href":"https:\/\/sistemakalinka.com\/de\/wp-json\/wp\/v2\/product"}],"about":[{"href":"https:\/\/sistemakalinka.com\/de\/wp-json\/wp\/v2\/types\/product"}],"replies":[{"embeddable":true,"href":"https:\/\/sistemakalinka.com\/de\/wp-json\/wp\/v2\/comments?post=63480"}],"wp:featuredmedia":[{"embeddable":true,"href":"https:\/\/sistemakalinka.com\/de\/wp-json\/wp\/v2\/media\/64331"}],"wp:attachment":[{"href":"https:\/\/sistemakalinka.com\/de\/wp-json\/wp\/v2\/media?parent=63480"}],"wp:term":[{"taxonomy":"product_brand","embeddable":true,"href":"https:\/\/sistemakalinka.com\/de\/wp-json\/wp\/v2\/product_brand?post=63480"},{"taxonomy":"product_cat","embeddable":true,"href":"https:\/\/sistemakalinka.com\/de\/wp-json\/wp\/v2\/product_cat?post=63480"},{"taxonomy":"product_tag","embeddable":true,"href":"https:\/\/sistemakalinka.com\/de\/wp-json\/wp\/v2\/product_tag?post=63480"}],"curies":[{"name":"wp","href":"https:\/\/api.w.org\/{rel}","templated":true}]}}