{"id":63484,"date":"2024-08-30T13:22:30","date_gmt":"2024-08-30T11:22:30","guid":{"rendered":"https:\/\/sistemakalinka.com\/?post_type=product&#038;p=63484"},"modified":"2026-02-05T21:06:10","modified_gmt":"2026-02-05T20:06:10","slug":"bildwoerterbuch-russisch-deutsch-printversion","status":"publish","type":"product","link":"https:\/\/sistemakalinka.com\/de\/produkt\/bildwoerterbuch-russisch-deutsch-printversion\/","title":{"rendered":"Bildw\u00f6rterbuch Russisch-Deutsch (Printversion)"},"content":{"rendered":"<div class=\"container-fluid\">\r\n   <div class=\"row\">\r\n      <div class=\"col-xs-12\">\r\n         <h2>Schau rein! Hier kannst du einen Auszug aus diesem Buch lesen und h\u00f6ren:<\/h2>\r\n      <\/div>\r\n   <\/div>\r\n   <div class=\"row\">\r\n      <div class=\"col-lg-6 col-md-6 col-sm-6 col-xs-12\">\r\n         <p>Auszug aus diesem Buch h\u00f6ren:<\/p>\r\n         <p>\r\n            <audio style=\"color: #95b9c7;\" controls=\"controls\">\r\n               <source src=\"\/wp-content\/uploads\/audio-DIC1000.mp3\" type=\"audio\/mpeg\">\r\n               Ihr Browser erkennt das Audio-Element nicht.\r\n            <\/audio>\r\n         <\/p>\r\n      <\/div>\r\n      <div class=\"col-lg-6 col-md-6 col-sm-6 col-xs-12\">\r\n         <p class=\"hidden-xs\">Auszug aus diesem Buch lesen. Zum Vergr\u00f6\u00dfern hier klicken:<\/p>\r\n         <p class=\"hidden-lg hidden-md hidden-sm visible-xs-block\">Auszug aus dem W\u00f6rterbuch ansehen:<\/p>\r\n         <div class=\"row mi-galeria-producto\"><a href=\"\/wp-content\/uploads\/auszug-DIC1000DE-Bildworterbuch-1.jpg\" data-fancybox=\"gallery\" title=\"Book sample\"><img decoding=\"async\" class=\"col-lg-6 col-md-12 col-sm-12 col-xs-12\" id=\"thumb_296\" src=\"\/wp-content\/uploads\/auszug-DIC1000DE-Bildworterbuch-1.jpg\" alt=\"Book sample\" title=\"Book sample\" itemprop=\"image\" \/><\/a> <a href=\"\/wp-content\/uploads\/auszug-DIC1000DE-Bildworterbuch-2.jpg\" data-fancybox=\"gallery\" title=\"Book sample\"><img decoding=\"async\" class=\"col-lg-6 col-md-12 col-sm-12 col-xs-12\" id=\"thumb_296\" src=\"\/wp-content\/uploads\/auszug-DIC1000DE-Bildworterbuch-2.jpg\" alt=\"Book sample\" title=\"Book sample\" itemprop=\"image\" \/><\/a> <a href=\"\/wp-content\/uploads\/auszug-DIC1000DE-Bildworterbuch-3.jpg\" data-fancybox=\"gallery\" title=\"Book sample\"><img decoding=\"async\" class=\"col-lg-6 col-md-12 col-sm-12 col-xs-12\" id=\"thumb_296\" src=\"\/wp-content\/uploads\/auszug-DIC1000DE-Bildworterbuch-3.jpg\" alt=\"Book sample\" title=\"Book sample\" itemprop=\"image\" \/><\/a> <a href=\"\/wp-content\/uploads\/auszug-DIC1000DE-Bildworterbuch-4.jpg\" data-fancybox=\"gallery\" title=\"Book sample\"><img decoding=\"async\" class=\"col-lg-6 col-md-12 col-sm-12 col-xs-12\" id=\"thumb_296\" src=\"\/wp-content\/uploads\/auszug-DIC1000DE-Bildworterbuch-4.jpg\" alt=\"Book sample\" title=\"Book sample\" itemprop=\"image\" \/><\/a><\/div>\r\n      <\/div>\r\n   <\/div>\r\n   <div class=\"row\">\r\n      <div class=\"col-xs-12\">\r\n         <hr \/>\r\n         <h2>Bildw\u00f6rterbuch mit Audio Russisch-Deutsch + H\u00f6raufnahmen in Studioqualit\u00e4t<\/h2>\r\n         <p>Mit unserem Bildw\u00f6rterbuch fehlen dir nie wieder die Worte. Erwirb auf anschauliche Weise einen soliden russischen Grundwortschatz aus 60 Themengebieten (Tiere, Haushaltsgegenst\u00e4nde, Berufe, Transportmittel,&#8230;). Zu jedem russischen Wort findest du ein Bild, die \u00dcbersetzung sowie ein Audio, um die Aussprache zu lernen. Lesen, H\u00f6ren, Lernen:<\/p>\r\n         <div class=\"mi-cuadro-importante\">\r\n            <ol>\r\n               <li>Professionelle Aufnahmen von Muttersprachlern.<\/li>\r\n               <li>\u00dcber 1000 W\u00f6rter Russisch-Deutsch.<\/li>\r\n               <li>Nach Themengebieten gegliedert.<\/li>\r\n               <li>F\u00fcr Anf\u00e4nger und die Mittelstufe geeignet.<\/li>\r\n            <\/ol>\r\n         <\/div>\r\n      <\/div>\r\n   <\/div>\r\n<\/div>","protected":false},"excerpt":{"rendered":"<div class=\"container-fluid\">\r\n   <div class=\"row\">\r\n      <div class=\"col-xs-12\">\r\n         <!-- este div es la descripcion para Google Shopping-->\r\n         <div hidden=\"\">\r\n            <p>Erweitere deinen Wortschatz mit unserem <strong>Bildw\u00f6rterbuch mit Audio<\/strong> Russisch-Deutsch f\u00fcr Anf\u00e4nger und Fortgeschrittene: Effektives Lernen durch die Kombination Bild + Text + Aussprache + \u00dcbersetzung + Audio.<\/p>\r\n         <\/div>\r\n         <!-- fin de la descripci\u00f3n para Google Shooping-->\r\n         [etiquetas_producto paginas=\"76\" audio=47]\r\n         <p>Erweitere deinen Wortschatz mit unserem <strong>Bildw\u00f6rterbuch mit Audio<\/strong> Russisch-Deutsch f\u00fcr Anf\u00e4nger und Fortgeschrittene: Effektives Lernen durch die Kombination Bild + Text + Aussprache + \u00dcbersetzung + Audio:<\/p>\r\n         <ol>\r\n            <li>1000 beschriftete Bilder.<\/li>\r\n            <li>Russisches Wort + Transkription + deutsche \u00dcbersetzung.<\/li>\r\n            <li>60 verschiedene Themen.<\/li>\r\n            <li>H\u00f6raufnahmen in Studioqualit\u00e4t.<\/li>\r\n         <\/ol>\r\n\r\n[imagenes_tipo_libro]\r\n\r\n      <\/div>\r\n   <\/div>\r\n<\/div>","protected":false},"featured_media":64306,"comment_status":"open","ping_status":"closed","template":"","meta":[],"product_brand":[],"product_cat":[182,185,186,190],"product_tag":[],"class_list":{"0":"post-63484","1":"product","2":"type-product","3":"status-publish","4":"has-post-thumbnail","6":"product_cat-buecher-zum-russischlernen","7":"product_cat-printversionen","8":"product_cat-russischbuecher-mit-audio","9":"product_cat-russisch-deutsche-woerterbuecher","10":"pa_level-a1-de","12":"first","13":"instock","14":"taxable","15":"shipping-taxable","16":"purchasable","17":"product-type-simple"},"yoast_head":"<!-- This site is optimized with the Yoast SEO plugin v27.4 - https:\/\/yoast.com\/product\/yoast-seo-wordpress\/ -->\n<title>Bildw\u00f6rterbuch Russisch-Deutsch (Printversion) - Sistema Kalinka<\/title>\n<meta name=\"description\" content=\"Bildw\u00f6rterbuch mit russischem Grundwortschatz aus 60 Themengebieten: jedes russische Wort mit Bild, Lautschrift, \u00dcbersetzung und Audio\" \/>\n<meta name=\"robots\" content=\"index, follow, max-snippet:-1, max-image-preview:large, max-video-preview:-1\" \/>\n<link rel=\"canonical\" href=\"https:\/\/sistemakalinka.com\/de\/produkt\/bildwoerterbuch-russisch-deutsch-printversion\/\" \/>\n<meta property=\"og:locale\" content=\"de_DE\" \/>\n<meta property=\"og:type\" content=\"article\" \/>\n<meta property=\"og:title\" content=\"Bildw\u00f6rterbuch Russisch-Deutsch (Printversion) - Sistema Kalinka\" \/>\n<meta property=\"og:description\" content=\"Bildw\u00f6rterbuch mit russischem Grundwortschatz aus 60 Themengebieten: jedes russische Wort mit Bild, Lautschrift, \u00dcbersetzung und Audio\" \/>\n<meta property=\"og:url\" content=\"https:\/\/sistemakalinka.com\/de\/produkt\/bildwoerterbuch-russisch-deutsch-printversion\/\" \/>\n<meta property=\"og:site_name\" content=\"Sistema Kalinka\" \/>\n<meta property=\"article:modified_time\" content=\"2026-02-05T20:06:10+00:00\" \/>\n<meta property=\"og:image\" content=\"https:\/\/sistemakalinka.com\/wp-content\/uploads\/DIC_1000_de_paper.jpg\" \/>\n\t<meta property=\"og:image:width\" content=\"1194\" \/>\n\t<meta property=\"og:image:height\" content=\"1194\" \/>\n\t<meta property=\"og:image:type\" content=\"image\/jpeg\" \/>\n<meta name=\"twitter:card\" content=\"summary_large_image\" \/>\n<meta name=\"twitter:label1\" content=\"Gesch\u00e4tzte Lesezeit\" \/>\n\t<meta name=\"twitter:data1\" content=\"2\u00a0Minuten\" \/>\n<script type=\"application\/ld+json\" class=\"yoast-schema-graph\">{\"@context\":\"https:\\\/\\\/schema.org\",\"@graph\":[{\"@type\":\"WebPage\",\"@id\":\"https:\\\/\\\/sistemakalinka.com\\\/de\\\/produkt\\\/bildwoerterbuch-russisch-deutsch-printversion\\\/\",\"url\":\"https:\\\/\\\/sistemakalinka.com\\\/de\\\/produkt\\\/bildwoerterbuch-russisch-deutsch-printversion\\\/\",\"name\":\"Bildw\u00f6rterbuch Russisch-Deutsch (Printversion) - Sistema Kalinka\",\"isPartOf\":{\"@id\":\"https:\\\/\\\/sistemakalinka.com\\\/de\\\/#website\"},\"primaryImageOfPage\":{\"@id\":\"https:\\\/\\\/sistemakalinka.com\\\/de\\\/produkt\\\/bildwoerterbuch-russisch-deutsch-printversion\\\/#primaryimage\"},\"image\":{\"@id\":\"https:\\\/\\\/sistemakalinka.com\\\/de\\\/produkt\\\/bildwoerterbuch-russisch-deutsch-printversion\\\/#primaryimage\"},\"thumbnailUrl\":\"https:\\\/\\\/sistemakalinka.com\\\/wp-content\\\/uploads\\\/DIC_1000_de_paper.jpg\",\"datePublished\":\"2024-08-30T11:22:30+00:00\",\"dateModified\":\"2026-02-05T20:06:10+00:00\",\"description\":\"Bildw\u00f6rterbuch mit russischem Grundwortschatz aus 60 Themengebieten: jedes russische Wort mit Bild, Lautschrift, \u00dcbersetzung und Audio\",\"breadcrumb\":{\"@id\":\"https:\\\/\\\/sistemakalinka.com\\\/de\\\/produkt\\\/bildwoerterbuch-russisch-deutsch-printversion\\\/#breadcrumb\"},\"inLanguage\":\"de\",\"potentialAction\":[{\"@type\":\"ReadAction\",\"target\":[\"https:\\\/\\\/sistemakalinka.com\\\/de\\\/produkt\\\/bildwoerterbuch-russisch-deutsch-printversion\\\/\"]}]},{\"@type\":\"ImageObject\",\"inLanguage\":\"de\",\"@id\":\"https:\\\/\\\/sistemakalinka.com\\\/de\\\/produkt\\\/bildwoerterbuch-russisch-deutsch-printversion\\\/#primaryimage\",\"url\":\"https:\\\/\\\/sistemakalinka.com\\\/wp-content\\\/uploads\\\/DIC_1000_de_paper.jpg\",\"contentUrl\":\"https:\\\/\\\/sistemakalinka.com\\\/wp-content\\\/uploads\\\/DIC_1000_de_paper.jpg\",\"width\":1194,\"height\":1194},{\"@type\":\"BreadcrumbList\",\"@id\":\"https:\\\/\\\/sistemakalinka.com\\\/de\\\/produkt\\\/bildwoerterbuch-russisch-deutsch-printversion\\\/#breadcrumb\",\"itemListElement\":[{\"@type\":\"ListItem\",\"position\":1,\"name\":\"Home\",\"item\":\"https:\\\/\\\/sistemakalinka.com\\\/de\\\/\"},{\"@type\":\"ListItem\",\"position\":2,\"name\":\"Shop\",\"item\":\"https:\\\/\\\/sistemakalinka.com\\\/shop\\\/\"},{\"@type\":\"ListItem\",\"position\":3,\"name\":\"Bildw\u00f6rterbuch Russisch-Deutsch (Printversion)\"}]},{\"@type\":\"WebSite\",\"@id\":\"https:\\\/\\\/sistemakalinka.com\\\/de\\\/#website\",\"url\":\"https:\\\/\\\/sistemakalinka.com\\\/de\\\/\",\"name\":\"Sistema Kalinka\",\"description\":\"Learn Russian with us\",\"potentialAction\":[{\"@type\":\"SearchAction\",\"target\":{\"@type\":\"EntryPoint\",\"urlTemplate\":\"https:\\\/\\\/sistemakalinka.com\\\/de\\\/?s={search_term_string}\"},\"query-input\":{\"@type\":\"PropertyValueSpecification\",\"valueRequired\":true,\"valueName\":\"search_term_string\"}}],\"inLanguage\":\"de\"}]}<\/script>\n<!-- \/ Yoast SEO plugin. -->","yoast_head_json":{"title":"Bildw\u00f6rterbuch Russisch-Deutsch (Printversion) - Sistema Kalinka","description":"Bildw\u00f6rterbuch mit russischem Grundwortschatz aus 60 Themengebieten: jedes russische Wort mit Bild, Lautschrift, \u00dcbersetzung und Audio","robots":{"index":"index","follow":"follow","max-snippet":"max-snippet:-1","max-image-preview":"max-image-preview:large","max-video-preview":"max-video-preview:-1"},"canonical":"https:\/\/sistemakalinka.com\/de\/produkt\/bildwoerterbuch-russisch-deutsch-printversion\/","og_locale":"de_DE","og_type":"article","og_title":"Bildw\u00f6rterbuch Russisch-Deutsch (Printversion) - Sistema Kalinka","og_description":"Bildw\u00f6rterbuch mit russischem Grundwortschatz aus 60 Themengebieten: jedes russische Wort mit Bild, Lautschrift, \u00dcbersetzung und Audio","og_url":"https:\/\/sistemakalinka.com\/de\/produkt\/bildwoerterbuch-russisch-deutsch-printversion\/","og_site_name":"Sistema Kalinka","article_modified_time":"2026-02-05T20:06:10+00:00","og_image":[{"width":1194,"height":1194,"url":"https:\/\/sistemakalinka.com\/wp-content\/uploads\/DIC_1000_de_paper.jpg","type":"image\/jpeg"}],"twitter_card":"summary_large_image","twitter_misc":{"Gesch\u00e4tzte Lesezeit":"2\u00a0Minuten"},"schema":{"@context":"https:\/\/schema.org","@graph":[{"@type":"WebPage","@id":"https:\/\/sistemakalinka.com\/de\/produkt\/bildwoerterbuch-russisch-deutsch-printversion\/","url":"https:\/\/sistemakalinka.com\/de\/produkt\/bildwoerterbuch-russisch-deutsch-printversion\/","name":"Bildw\u00f6rterbuch Russisch-Deutsch (Printversion) - Sistema Kalinka","isPartOf":{"@id":"https:\/\/sistemakalinka.com\/de\/#website"},"primaryImageOfPage":{"@id":"https:\/\/sistemakalinka.com\/de\/produkt\/bildwoerterbuch-russisch-deutsch-printversion\/#primaryimage"},"image":{"@id":"https:\/\/sistemakalinka.com\/de\/produkt\/bildwoerterbuch-russisch-deutsch-printversion\/#primaryimage"},"thumbnailUrl":"https:\/\/sistemakalinka.com\/wp-content\/uploads\/DIC_1000_de_paper.jpg","datePublished":"2024-08-30T11:22:30+00:00","dateModified":"2026-02-05T20:06:10+00:00","description":"Bildw\u00f6rterbuch mit russischem Grundwortschatz aus 60 Themengebieten: jedes russische Wort mit Bild, Lautschrift, \u00dcbersetzung und Audio","breadcrumb":{"@id":"https:\/\/sistemakalinka.com\/de\/produkt\/bildwoerterbuch-russisch-deutsch-printversion\/#breadcrumb"},"inLanguage":"de","potentialAction":[{"@type":"ReadAction","target":["https:\/\/sistemakalinka.com\/de\/produkt\/bildwoerterbuch-russisch-deutsch-printversion\/"]}]},{"@type":"ImageObject","inLanguage":"de","@id":"https:\/\/sistemakalinka.com\/de\/produkt\/bildwoerterbuch-russisch-deutsch-printversion\/#primaryimage","url":"https:\/\/sistemakalinka.com\/wp-content\/uploads\/DIC_1000_de_paper.jpg","contentUrl":"https:\/\/sistemakalinka.com\/wp-content\/uploads\/DIC_1000_de_paper.jpg","width":1194,"height":1194},{"@type":"BreadcrumbList","@id":"https:\/\/sistemakalinka.com\/de\/produkt\/bildwoerterbuch-russisch-deutsch-printversion\/#breadcrumb","itemListElement":[{"@type":"ListItem","position":1,"name":"Home","item":"https:\/\/sistemakalinka.com\/de\/"},{"@type":"ListItem","position":2,"name":"Shop","item":"https:\/\/sistemakalinka.com\/shop\/"},{"@type":"ListItem","position":3,"name":"Bildw\u00f6rterbuch Russisch-Deutsch (Printversion)"}]},{"@type":"WebSite","@id":"https:\/\/sistemakalinka.com\/de\/#website","url":"https:\/\/sistemakalinka.com\/de\/","name":"Sistema Kalinka","description":"Learn Russian with us","potentialAction":[{"@type":"SearchAction","target":{"@type":"EntryPoint","urlTemplate":"https:\/\/sistemakalinka.com\/de\/?s={search_term_string}"},"query-input":{"@type":"PropertyValueSpecification","valueRequired":true,"valueName":"search_term_string"}}],"inLanguage":"de"}]}},"_links":{"self":[{"href":"https:\/\/sistemakalinka.com\/de\/wp-json\/wp\/v2\/product\/63484","targetHints":{"allow":["GET"]}}],"collection":[{"href":"https:\/\/sistemakalinka.com\/de\/wp-json\/wp\/v2\/product"}],"about":[{"href":"https:\/\/sistemakalinka.com\/de\/wp-json\/wp\/v2\/types\/product"}],"replies":[{"embeddable":true,"href":"https:\/\/sistemakalinka.com\/de\/wp-json\/wp\/v2\/comments?post=63484"}],"wp:featuredmedia":[{"embeddable":true,"href":"https:\/\/sistemakalinka.com\/de\/wp-json\/wp\/v2\/media\/64306"}],"wp:attachment":[{"href":"https:\/\/sistemakalinka.com\/de\/wp-json\/wp\/v2\/media?parent=63484"}],"wp:term":[{"taxonomy":"product_brand","embeddable":true,"href":"https:\/\/sistemakalinka.com\/de\/wp-json\/wp\/v2\/product_brand?post=63484"},{"taxonomy":"product_cat","embeddable":true,"href":"https:\/\/sistemakalinka.com\/de\/wp-json\/wp\/v2\/product_cat?post=63484"},{"taxonomy":"product_tag","embeddable":true,"href":"https:\/\/sistemakalinka.com\/de\/wp-json\/wp\/v2\/product_tag?post=63484"}],"curies":[{"name":"wp","href":"https:\/\/api.w.org\/{rel}","templated":true}]}}