{"id":63625,"date":"2024-09-02T16:08:34","date_gmt":"2024-09-02T14:08:34","guid":{"rendered":"https:\/\/sistemakalinka.com\/?post_type=product&#038;p=63625"},"modified":"2026-04-09T15:30:05","modified_gmt":"2026-04-09T13:30:05","slug":"russische-verben-der-bewegung-a1-a2-print","status":"publish","type":"product","link":"https:\/\/sistemakalinka.com\/de\/produkt\/russische-verben-der-bewegung-a1-a2-print\/","title":{"rendered":"Russische Verben der Bewegung. Tabellen und \u00dcbungen. Niveau A1-A2 (Printversion)"},"content":{"rendered":"<div class=\"container-fluid\">\r\n   <div class=\"row\">\r\n      <div class=\"col-xs-12\">\r\n         <h2>Lerne das Buch kennen! Auszug aus diesem Buch lesen:<\/h2>\r\n      <\/div>\r\n   <\/div>\r\n   <div class=\"row\">\r\n      <div class=\"col-lg-6 col-md-6 col-sm-6 col-xs-12\">\r\n        <p>\u00dcben, \u00fcben, \u00fcben &#8211; so lautet das Geheimnis derjenigen, die flie\u00dfend eine Fremdsprache sprechen. Unsere Grammatik- und \u00dcbungsb\u00fccher machen dich in den wichtigsten Aspekten der russischen Grammatik fit. Das Buch <strong>Russische Verben der Bewegung<\/strong> stellt die wichtigsten Paare aus zielgerichteten und nicht zielgerichteten Verben gegen\u00fcber und erl\u00e4utert den Zusammenhang mit dem vollendeten und unvollendetem Aspekt. \u00dcber 900 \u00dcbungsfragen einschlie\u00dflich L\u00f6sungen.<\/p>\r\n      <\/div>\r\n      <div class=\"col-lg-6 col-md-6 col-sm-6 col-xs-12\">\r\n         <p class=\"hidden-xs\">Auszug aus diesem Buch lesen. Zum Vergr\u00f6\u00dfern hier klicken:\r\n         <\/p>\r\n         <p class=\"hidden-lg hidden-md hidden-sm visible-xs-block\">Auszug aus diesem Buch lesen:\r\n         <\/p>\r\n        <div class=\"row rkfotos\"><a href=\"\/wp-content\/uploads\/auszug-E-A1A2-L02-ebook-1-1.jpg\" data-fancybox=\"gallery\" title=\"Auszug\"><img decoding=\"async\" class=\"col-lg-6 col-md-12 col-sm-12 col-xs-12\" id=\"thumb_296\" src=\"\/wp-content\/uploads\/auszug-E-A1A2-L02-ebook-1-1.jpg\" alt=\"Auszug\" title=\"Auszug\" itemprop=\"image\"><\/a> <a href=\"\/wp-content\/uploads\/auszug-E-A1A2-L02-ebook-2-scaled.jpg\" data-fancybox=\"gallery\" title=\"Auszug\"><img decoding=\"async\" class=\"col-lg-6 col-md-12 col-sm-12 col-xs-12\" id=\"thumb_296\" src=\"\/wp-content\/uploads\/auszug-E-A1A2-L02-ebook-2-scaled.jpg\" alt=\"Auszug\" title=\"Auszug\" itemprop=\"image\"><\/a> <a href=\"\/wp-content\/uploads\/auszug-E-A1A2-L02-ebook-3-1.jpg\" data-fancybox=\"gallery\" title=\"Auszug\"><img decoding=\"async\" class=\"col-lg-6 col-md-12 col-sm-12 col-xs-12\" id=\"thumb_296\" src=\"\/wp-content\/uploads\/auszug-E-A1A2-L02-ebook-3-1.jpg\" alt=\"Auszug\" title=\"Auszug\" itemprop=\"image\"><\/a> <a href=\"\/wp-content\/uploads\/auszug-E-A1A2-L02-ebook-4-1.jpg\" data-fancybox=\"gallery\" title=\"Auszug\"><img decoding=\"async\" class=\"col-lg-6 col-md-12 col-sm-12 col-xs-12\" id=\"thumb_296\" src=\"\/wp-content\/uploads\/auszug-E-A1A2-L02-ebook-4-1.jpg\" alt=\"Auszug\" title=\"Auszug\" itemprop=\"image\"><\/a><\/div>\r\n      <\/div>\r\n      <div class=\"row\">\r\n         <div class=\"col-xs-12\">\r\n            <hr>\r\n            <h2>Grammatiktabellen und \u00dcbungen inkl. L\u00f6sungen<\/h2>\r\n            <p>Willst du keine langen Erkl\u00e4rungen lesen, sondern m\u00f6glichst schnell in die Praxis gehen? Unsere Grammatikb\u00fccher beinhalten haupts\u00e4chlich \u00dcbungen. Bei der Wahl der richtigen deklinierten Form helfen dir die Grammatiktabellen und Erl\u00e4uterungen. Inklusive L\u00f6sungen.\r\n            <\/p>\r\n            <div class=\"rkdestacar\">\r\n               <ol>\r\n                  <li>Grammatiktabellen mit hilfreichen Erl\u00e4uterungen<\/li>\r\n                  <li>\u00fcber 900 \u00dcbungsaufgaben pro Buch<\/li>\r\n                  <li>L\u00f6sungen zu allen \u00dcbungen.<\/li>\r\n                  <li>Einteilung der B\u00fccher nach Niveau.<\/li>\r\n               <\/ol>\r\n            <\/div>\r\n            <div class=\"clear\">\r\n            <\/div>\r\n         <\/div>\r\n      <\/div>\r\n   <\/div>\r\n<\/div>","protected":false},"excerpt":{"rendered":"<div class=\"container-fluid\">\r\n   <div class=\"row\">\r\n      <div class=\"col-xs-12\">\r\n         <!-- este div es la descripcion para Google Shopping-->\r\n         <div hidden=\"\">\r\n            <p>Sind die russischen Verben der Bewegung eine Herausforderung f\u00fcr dich? Dieses f\u00fcr <strong>Anf\u00e4nger<\/strong> geschriebene Buch hilft dir, sie zu meistern:\r\n            <\/p>\r\n            <ol>\r\n<li>Jedes Kapitel ist einem Verb der Bewegung gewidmet (gehen, rennen, tragen, fliegen,&#8230;)<\/li>\r\n<li>Tabellen und Erl\u00e4uterungen zu jedem Verb.<\/li>\r\n<li>Einteilung in Verbpaare (zielgerichtet &#8211; nicht zielgerichtet) Bsp: \u0438\u0434\u0442\u0438\u0301 &#8211; \u0445\u043e\u0434\u0438\u0301\u0442\u044c<\/li>\r\n<li>\u00dcbungen: <strong>Mehr als 900 Aufgaben<\/strong>.<\/li>\r\n<li>Mit L\u00f6sungen am Ende des Buches.<\/li>\r\n<\/ol>\r\n         <\/div>\r\n        [etiquetas_producto paginas=\"76\"]\r\n         <p>Sind die russischen Verben der Bewegung eine Herausforderung f\u00fcr dich? Dieses <strong>f\u00fcr Anf\u00e4nger<\/strong> geschriebene Buch hilft dir, sie zu meistern: <\/p>\r\n        <ol>\r\n<li>Jedes Kapitel ist einem Verb der Bewegung gewidmet (gehen, rennen, bringen, fliegen,&#8230;)<\/li>\r\n<li>Tabellen und Erl\u00e4uterungen zu jedem Verb.<\/li>\r\n<li>Einteilung in Verbpaare (zielgerichtet &#8211; nicht zielgerichtet) Bsp: \u0438\u0434\u0442\u0438\u0301 &#8211; \u0445\u043e\u0434\u0438\u0301\u0442\u044c<\/li>\r\n<li>\u00dcbungen: <strong>Mehr als 900 Aufgaben<\/strong>.<\/li>\r\n<li>Mit L\u00f6sungen am Ende des Buches.<\/li>\r\n<\/ol>\r\n<p><span class=\"rkdestacar\">900 Aufgaben zum \u00dcben der russischen Verben der Bewegung<\/span><\/p>\r\n[imagenes_tipo_libro]                    \r\n      <\/div>\r\n   <\/div>\r\n<\/div>","protected":false},"featured_media":63630,"comment_status":"open","ping_status":"closed","template":"","meta":[],"product_brand":[],"product_cat":[182,184,185],"product_tag":[],"class_list":{"0":"post-63625","1":"product","2":"type-product","3":"status-publish","4":"has-post-thumbnail","6":"product_cat-buecher-zum-russischlernen","7":"product_cat-uebungsbuecher","8":"product_cat-printversionen","9":"pa_level-a1-a2-de","11":"first","12":"instock","13":"taxable","14":"shipping-taxable","15":"purchasable","16":"product-type-simple"},"yoast_head":"<!-- This site is optimized with the Yoast SEO plugin v27.4 - https:\/\/yoast.com\/product\/yoast-seo-wordpress\/ -->\n<title>Russische Verben der Bewegung. Tabellen und \u00dcbungen. Niveau A1-A2 (Printversion) - Sistema Kalinka<\/title>\n<meta name=\"description\" content=\"Die russischen F\u00e4lle f\u00fcr die Mittelstufe und Fortgeschrittene: \u00dcbersichtliche Tabellen, Beispiele und klare Erl\u00e4uterungen, mit \u00fcber 900 \u00dcbungsaufgaben\" \/>\n<meta name=\"robots\" content=\"index, follow, max-snippet:-1, max-image-preview:large, max-video-preview:-1\" \/>\n<link rel=\"canonical\" href=\"https:\/\/sistemakalinka.com\/de\/produkt\/russische-verben-der-bewegung-a1-a2-print\/\" \/>\n<meta property=\"og:locale\" content=\"de_DE\" \/>\n<meta property=\"og:type\" content=\"article\" \/>\n<meta property=\"og:title\" content=\"Russische Verben der Bewegung. Tabellen und \u00dcbungen. Niveau A1-A2 (Printversion) - Sistema Kalinka\" \/>\n<meta property=\"og:description\" content=\"Die russischen F\u00e4lle f\u00fcr die Mittelstufe und Fortgeschrittene: \u00dcbersichtliche Tabellen, Beispiele und klare Erl\u00e4uterungen, mit \u00fcber 900 \u00dcbungsaufgaben\" \/>\n<meta property=\"og:url\" content=\"https:\/\/sistemakalinka.com\/de\/produkt\/russische-verben-der-bewegung-a1-a2-print\/\" \/>\n<meta property=\"og:site_name\" content=\"Sistema Kalinka\" \/>\n<meta property=\"article:modified_time\" content=\"2026-04-09T13:30:05+00:00\" \/>\n<meta property=\"og:image\" content=\"https:\/\/sistemakalinka.com\/wp-content\/uploads\/E_A1A2_L02_de_papel.jpg\" \/>\n\t<meta property=\"og:image:width\" content=\"1194\" \/>\n\t<meta property=\"og:image:height\" content=\"1194\" \/>\n\t<meta property=\"og:image:type\" content=\"image\/jpeg\" \/>\n<meta name=\"twitter:card\" content=\"summary_large_image\" \/>\n<meta name=\"twitter:label1\" content=\"Gesch\u00e4tzte Lesezeit\" \/>\n\t<meta name=\"twitter:data1\" content=\"2\u00a0Minuten\" \/>\n<script type=\"application\/ld+json\" class=\"yoast-schema-graph\">{\"@context\":\"https:\\\/\\\/schema.org\",\"@graph\":[{\"@type\":\"WebPage\",\"@id\":\"https:\\\/\\\/sistemakalinka.com\\\/de\\\/produkt\\\/russische-verben-der-bewegung-a1-a2-print\\\/\",\"url\":\"https:\\\/\\\/sistemakalinka.com\\\/de\\\/produkt\\\/russische-verben-der-bewegung-a1-a2-print\\\/\",\"name\":\"Russische Verben der Bewegung. Tabellen und \u00dcbungen. Niveau A1-A2 (Printversion) - Sistema Kalinka\",\"isPartOf\":{\"@id\":\"https:\\\/\\\/sistemakalinka.com\\\/de\\\/#website\"},\"primaryImageOfPage\":{\"@id\":\"https:\\\/\\\/sistemakalinka.com\\\/de\\\/produkt\\\/russische-verben-der-bewegung-a1-a2-print\\\/#primaryimage\"},\"image\":{\"@id\":\"https:\\\/\\\/sistemakalinka.com\\\/de\\\/produkt\\\/russische-verben-der-bewegung-a1-a2-print\\\/#primaryimage\"},\"thumbnailUrl\":\"https:\\\/\\\/sistemakalinka.com\\\/wp-content\\\/uploads\\\/E_A1A2_L02_de_papel.jpg\",\"datePublished\":\"2024-09-02T14:08:34+00:00\",\"dateModified\":\"2026-04-09T13:30:05+00:00\",\"description\":\"Die russischen F\u00e4lle f\u00fcr die Mittelstufe und Fortgeschrittene: \u00dcbersichtliche Tabellen, Beispiele und klare Erl\u00e4uterungen, mit \u00fcber 900 \u00dcbungsaufgaben\",\"breadcrumb\":{\"@id\":\"https:\\\/\\\/sistemakalinka.com\\\/de\\\/produkt\\\/russische-verben-der-bewegung-a1-a2-print\\\/#breadcrumb\"},\"inLanguage\":\"de\",\"potentialAction\":[{\"@type\":\"ReadAction\",\"target\":[\"https:\\\/\\\/sistemakalinka.com\\\/de\\\/produkt\\\/russische-verben-der-bewegung-a1-a2-print\\\/\"]}]},{\"@type\":\"ImageObject\",\"inLanguage\":\"de\",\"@id\":\"https:\\\/\\\/sistemakalinka.com\\\/de\\\/produkt\\\/russische-verben-der-bewegung-a1-a2-print\\\/#primaryimage\",\"url\":\"https:\\\/\\\/sistemakalinka.com\\\/wp-content\\\/uploads\\\/E_A1A2_L02_de_papel.jpg\",\"contentUrl\":\"https:\\\/\\\/sistemakalinka.com\\\/wp-content\\\/uploads\\\/E_A1A2_L02_de_papel.jpg\",\"width\":1194,\"height\":1194},{\"@type\":\"BreadcrumbList\",\"@id\":\"https:\\\/\\\/sistemakalinka.com\\\/de\\\/produkt\\\/russische-verben-der-bewegung-a1-a2-print\\\/#breadcrumb\",\"itemListElement\":[{\"@type\":\"ListItem\",\"position\":1,\"name\":\"Home\",\"item\":\"https:\\\/\\\/sistemakalinka.com\\\/de\\\/\"},{\"@type\":\"ListItem\",\"position\":2,\"name\":\"Shop\",\"item\":\"https:\\\/\\\/sistemakalinka.com\\\/shop\\\/\"},{\"@type\":\"ListItem\",\"position\":3,\"name\":\"Russische Verben der Bewegung. Tabellen und \u00dcbungen. Niveau A1-A2 (Printversion)\"}]},{\"@type\":\"WebSite\",\"@id\":\"https:\\\/\\\/sistemakalinka.com\\\/de\\\/#website\",\"url\":\"https:\\\/\\\/sistemakalinka.com\\\/de\\\/\",\"name\":\"Sistema Kalinka\",\"description\":\"Learn Russian with us\",\"potentialAction\":[{\"@type\":\"SearchAction\",\"target\":{\"@type\":\"EntryPoint\",\"urlTemplate\":\"https:\\\/\\\/sistemakalinka.com\\\/de\\\/?s={search_term_string}\"},\"query-input\":{\"@type\":\"PropertyValueSpecification\",\"valueRequired\":true,\"valueName\":\"search_term_string\"}}],\"inLanguage\":\"de\"}]}<\/script>\n<!-- \/ Yoast SEO plugin. -->","yoast_head_json":{"title":"Russische Verben der Bewegung. Tabellen und \u00dcbungen. Niveau A1-A2 (Printversion) - Sistema Kalinka","description":"Die russischen F\u00e4lle f\u00fcr die Mittelstufe und Fortgeschrittene: \u00dcbersichtliche Tabellen, Beispiele und klare Erl\u00e4uterungen, mit \u00fcber 900 \u00dcbungsaufgaben","robots":{"index":"index","follow":"follow","max-snippet":"max-snippet:-1","max-image-preview":"max-image-preview:large","max-video-preview":"max-video-preview:-1"},"canonical":"https:\/\/sistemakalinka.com\/de\/produkt\/russische-verben-der-bewegung-a1-a2-print\/","og_locale":"de_DE","og_type":"article","og_title":"Russische Verben der Bewegung. Tabellen und \u00dcbungen. Niveau A1-A2 (Printversion) - Sistema Kalinka","og_description":"Die russischen F\u00e4lle f\u00fcr die Mittelstufe und Fortgeschrittene: \u00dcbersichtliche Tabellen, Beispiele und klare Erl\u00e4uterungen, mit \u00fcber 900 \u00dcbungsaufgaben","og_url":"https:\/\/sistemakalinka.com\/de\/produkt\/russische-verben-der-bewegung-a1-a2-print\/","og_site_name":"Sistema Kalinka","article_modified_time":"2026-04-09T13:30:05+00:00","og_image":[{"width":1194,"height":1194,"url":"https:\/\/sistemakalinka.com\/wp-content\/uploads\/E_A1A2_L02_de_papel.jpg","type":"image\/jpeg"}],"twitter_card":"summary_large_image","twitter_misc":{"Gesch\u00e4tzte Lesezeit":"2\u00a0Minuten"},"schema":{"@context":"https:\/\/schema.org","@graph":[{"@type":"WebPage","@id":"https:\/\/sistemakalinka.com\/de\/produkt\/russische-verben-der-bewegung-a1-a2-print\/","url":"https:\/\/sistemakalinka.com\/de\/produkt\/russische-verben-der-bewegung-a1-a2-print\/","name":"Russische Verben der Bewegung. Tabellen und \u00dcbungen. Niveau A1-A2 (Printversion) - Sistema Kalinka","isPartOf":{"@id":"https:\/\/sistemakalinka.com\/de\/#website"},"primaryImageOfPage":{"@id":"https:\/\/sistemakalinka.com\/de\/produkt\/russische-verben-der-bewegung-a1-a2-print\/#primaryimage"},"image":{"@id":"https:\/\/sistemakalinka.com\/de\/produkt\/russische-verben-der-bewegung-a1-a2-print\/#primaryimage"},"thumbnailUrl":"https:\/\/sistemakalinka.com\/wp-content\/uploads\/E_A1A2_L02_de_papel.jpg","datePublished":"2024-09-02T14:08:34+00:00","dateModified":"2026-04-09T13:30:05+00:00","description":"Die russischen F\u00e4lle f\u00fcr die Mittelstufe und Fortgeschrittene: \u00dcbersichtliche Tabellen, Beispiele und klare Erl\u00e4uterungen, mit \u00fcber 900 \u00dcbungsaufgaben","breadcrumb":{"@id":"https:\/\/sistemakalinka.com\/de\/produkt\/russische-verben-der-bewegung-a1-a2-print\/#breadcrumb"},"inLanguage":"de","potentialAction":[{"@type":"ReadAction","target":["https:\/\/sistemakalinka.com\/de\/produkt\/russische-verben-der-bewegung-a1-a2-print\/"]}]},{"@type":"ImageObject","inLanguage":"de","@id":"https:\/\/sistemakalinka.com\/de\/produkt\/russische-verben-der-bewegung-a1-a2-print\/#primaryimage","url":"https:\/\/sistemakalinka.com\/wp-content\/uploads\/E_A1A2_L02_de_papel.jpg","contentUrl":"https:\/\/sistemakalinka.com\/wp-content\/uploads\/E_A1A2_L02_de_papel.jpg","width":1194,"height":1194},{"@type":"BreadcrumbList","@id":"https:\/\/sistemakalinka.com\/de\/produkt\/russische-verben-der-bewegung-a1-a2-print\/#breadcrumb","itemListElement":[{"@type":"ListItem","position":1,"name":"Home","item":"https:\/\/sistemakalinka.com\/de\/"},{"@type":"ListItem","position":2,"name":"Shop","item":"https:\/\/sistemakalinka.com\/shop\/"},{"@type":"ListItem","position":3,"name":"Russische Verben der Bewegung. Tabellen und \u00dcbungen. Niveau A1-A2 (Printversion)"}]},{"@type":"WebSite","@id":"https:\/\/sistemakalinka.com\/de\/#website","url":"https:\/\/sistemakalinka.com\/de\/","name":"Sistema Kalinka","description":"Learn Russian with us","potentialAction":[{"@type":"SearchAction","target":{"@type":"EntryPoint","urlTemplate":"https:\/\/sistemakalinka.com\/de\/?s={search_term_string}"},"query-input":{"@type":"PropertyValueSpecification","valueRequired":true,"valueName":"search_term_string"}}],"inLanguage":"de"}]}},"_links":{"self":[{"href":"https:\/\/sistemakalinka.com\/de\/wp-json\/wp\/v2\/product\/63625","targetHints":{"allow":["GET"]}}],"collection":[{"href":"https:\/\/sistemakalinka.com\/de\/wp-json\/wp\/v2\/product"}],"about":[{"href":"https:\/\/sistemakalinka.com\/de\/wp-json\/wp\/v2\/types\/product"}],"replies":[{"embeddable":true,"href":"https:\/\/sistemakalinka.com\/de\/wp-json\/wp\/v2\/comments?post=63625"}],"wp:featuredmedia":[{"embeddable":true,"href":"https:\/\/sistemakalinka.com\/de\/wp-json\/wp\/v2\/media\/63630"}],"wp:attachment":[{"href":"https:\/\/sistemakalinka.com\/de\/wp-json\/wp\/v2\/media?parent=63625"}],"wp:term":[{"taxonomy":"product_brand","embeddable":true,"href":"https:\/\/sistemakalinka.com\/de\/wp-json\/wp\/v2\/product_brand?post=63625"},{"taxonomy":"product_cat","embeddable":true,"href":"https:\/\/sistemakalinka.com\/de\/wp-json\/wp\/v2\/product_cat?post=63625"},{"taxonomy":"product_tag","embeddable":true,"href":"https:\/\/sistemakalinka.com\/de\/wp-json\/wp\/v2\/product_tag?post=63625"}],"curies":[{"name":"wp","href":"https:\/\/api.w.org\/{rel}","templated":true}]}}