{"id":65111,"date":"2024-10-02T11:59:15","date_gmt":"2024-10-02T09:59:15","guid":{"rendered":"https:\/\/sistemakalinka.com\/?post_type=product&#038;p=65111"},"modified":"2025-11-17T16:30:03","modified_gmt":"2025-11-17T15:30:03","slug":"business-russisch-dialoge-mit-audio-niveau-b1-printversion","status":"publish","type":"product","link":"https:\/\/sistemakalinka.com\/de\/produkt\/business-russisch-dialoge-mit-audio-niveau-b1-printversion\/","title":{"rendered":"Business Russisch. Dialoge mit Audio: Niveau B1 (Printversion)"},"content":{"rendered":"<div class=\"container-fluid\">\r\n    <div class=\"row\">\r\n        <div class=\"col-xs-12\">\r\n            <h2>Schau rein! Hier kannst du einen Auszug aus diesem Buch lesen und h\u00f6ren:<\/h2>\r\n        <\/div>\r\n    <\/div>\r\n    <div class=\"row\">\r\n        <div class=\"col-lg-6 col-md-6 col-sm-6 col-xs-12\">\r\n            <p>Auszug aus diesem Buch h\u00f6ren:\r\n            <\/p>\r\n            <p>\r\n                <audio style=\"color: #95b9c7;\" controls=\"controls\">\r\n                <source src=\"\/wp-content\/uploads\/audio-DBOOK-B1-01.mp3\" type=\"audio\/mpeg\">\r\n                Ihr Browser erkennt das Audio-Element nicht.\r\n                <\/audio>\r\n            <\/p>\r\n        <\/div>\r\n        <div class=\"col-lg-6 col-md-6 col-sm-6 col-xs-12\">\r\n            <p class=\"hidden-xs\">Auszug aus diesem Buch lesen. Zum Vergr\u00f6\u00dfern hier klicken:\r\n            <\/p>\r\n            <p class=\"hidden-lg hidden-md hidden-sm visible-xs-block\">Auszug aus diesem Buch lesen:\r\n            <\/p>\r\n            <div class=\"row rkfotos\"><a href=\"\/wp-content\/uploads\/auszug-DBOOK-B1-01-ebook-01.jpg\" data-fancybox=\"gallery\" title=\"auszug\"><img decoding=\"async\" class=\"col-lg-6 col-md-12 col-sm-12 col-xs-12\" id=\"thumb_296\" src=\"\/wp-content\/uploads\/auszug-DBOOK-B1-01-ebook-01.jpg\" alt=\"auszug\" title=\"auszug\" itemprop=\"image\"><\/a> <a href=\"\/wp-content\/uploads\/auszug-DBOOK-B1-01-ebook-02.jpg\" data-fancybox=\"gallery\" title=\"auszug\"><img decoding=\"async\" class=\"col-lg-6 col-md-12 col-sm-12 col-xs-12\" id=\"thumb_296\" src=\"\/wp-content\/uploads\/auszug-DBOOK-B1-01-ebook-02.jpg\" alt=\"auszug\" title=\"auszug\" itemprop=\"image\"><\/a> <a href=\"\/wp-content\/uploads\/auszug-DBOOK-B1-01-ebook-03.jpg\" data-fancybox=\"gallery\" title=\"auszug\"><img decoding=\"async\" class=\"col-lg-6 col-md-12 col-sm-12 col-xs-12\" id=\"thumb_296\" src=\"\/wp-content\/uploads\/auszug-DBOOK-B1-01-ebook-03.jpg\" alt=\"auszug\" title=\"auszug\" itemprop=\"image\"><\/a> <a href=\"\/wp-content\/uploads\/auszug-DBOOK-B1-01-ebook-04.jpg\" data-fancybox=\"gallery\" title=\"auszug\"><img decoding=\"async\" class=\"col-lg-6 col-md-12 col-sm-12 col-xs-12\" id=\"thumb_296\" src=\"\/wp-content\/uploads\/auszug-DBOOK-B1-01-ebook-04.jpg\" alt=\"auszug\" title=\"auszug\" itemprop=\"image\"><\/a>\r\n            <\/div>\r\n        <\/div>\r\n        <div class=\"row\">\r\n            <div class=\"col-xs-12\">\r\n                <hr>\r\n                <h2>Warum mit unseren H\u00f6rb\u00fcchern Russisch lernen &#8211; vier Gr\u00fcnde.<\/h2>\r\n                <p>Unser Redaktionsteam aus Russischlehrern hat diese Texte speziell f\u00fcr Lernende verfasst. Wer Russisch als Fremdsprache lernt, sollte B\u00fccher lesen, die auf die aktuelle Lernstufe zugeschnitten sind und mit denen er oder sie sich st\u00fcckweise steigern kann &#8211; das bieten unsere Texte. Dank der von russischen Muttersprachlern gesprochenen Audio-Aufnahmen verinnerlichst du das Vokabular sowie die Aussprache m\u00fchelos. Darum eignen sich unsere B\u00fccher besonders gut zum Russischlernen:\r\n                <\/p>\r\n                <div class=\"rkdestacar\">\r\n                    <ol>\r\n                        <li>Russische Texte mit deutscher \u00dcbersetzung (vereinfacht das Lernen).<\/li>\r\n                        <li>Professionelle Audios von russischen Muttersprachlern (zum Nachh\u00f6ren und Nachsprechen).<\/li>\r\n                        <li>In verschiedene Schwierigkeitsstufen eingeteilt (Texte zugeschnitten auf deine Bed\u00fcrfnisse)<\/li>\r\n                        <li>Speziell f\u00fcr Russischlernende verfasst (von Russischlehrern)<\/li>\r\n                    <\/ol>\r\n                <\/div>\r\n                <p>\u00dcber 50 Minuten Audiomaterial: Russische Dialoge f\u00fcr Anf\u00e4nger. Hast du Fragen zu unseren B\u00fcchern? Setz dich mit uns in Verbindung, wir beantworten sie gern.\r\n                <\/p>\r\n                <h2>Russische Texte + \u00dcbersetzung + professionelle Aufnahmen<\/h2>\r\n                <p>Die einzige Russisch-Schule mit H\u00f6rb\u00fcchern dieser Art!\r\n                <\/p>\r\n                <ul>\r\n                    <li>Russische Texte in verschiedenen Schwierigkeitsstufen &#8211; so ist auch f\u00fcr dich das richtige dabei.<\/li>\r\n                    <li>Schnelles Erfassen dank der deutschen \u00dcbersetzung.<\/li>\r\n                    <li>Studioaufnahmen aller Texte von russischen Muttersprachlern.<\/li>\r\n                <\/ul>\r\n                <p>Mit unseren unterhaltsamen B\u00fcchern zum Lesen und H\u00f6ren verbesserst du spielend leicht dein Russisch! Suchst du nach russischen H\u00f6rb\u00fcchern mit Lesetext und \u00dcbersetzung? Wir haben die L\u00f6sung.\r\n                <\/p>                \r\n            <\/div>\r\n        <\/div>\r\n    <\/div>\r\n<\/div>","protected":false},"excerpt":{"rendered":"<div class=\"container-fluid\">\r\n    <div class=\"row\">\r\n        <div class=\"col-xs-12\">\r\n            <!-- este div es la descripcion para Google Shopping-->\r\n            <div hidden=\"\">\r\n                <p>Russisch f\u00fcr Gesch\u00e4ftsbeziehungen + Audio. In diesem H\u00f6rbuch lernst du russische Wendungen f\u00fcr die Arbeits- und Gesch\u00e4ftswelt. Hochwertige Audios, russischer Text und deutsche \u00dcbersetzung &#8211; so pr\u00e4gst du dir die n\u00fctzlichen S\u00e4tze effektiv ein. \u00dcber 50 russische Dialoge zum H\u00f6ren und Lesen zu folgenden Themen:\r\n                <\/p>\r\n            <\/div>\r\n            <!-- fin de la descripci\u00f3n para Google Shooping-->\r\n            [etiquetas_producto paginas=\"69\" audio=49]\r\n            <p>Russisch f\u00fcr Gesch\u00e4ftsbeziehungen + Audio. In diesem H\u00f6rbuch lernst du russische Wendungen f\u00fcr die Arbeits- und Gesch\u00e4ftswelt. Hochwertige Audios, russischer Text und deutsche \u00dcbersetzung &#8211; so pr\u00e4gst du dir die n\u00fctzlichen S\u00e4tze effektiv ein. \u00dcber 50 russische Dialoge zum H\u00f6ren und Lesen zu folgenden Themen:\r\n            <\/p>\r\n<ol>\r\n\t\t\t\t<li>Erstes Treffen<\/li>\r\n\t\t\t\t<li>Vorstellungsgespr\u00e4ch<\/li>\r\n\t\t\t\t<li>Telefonieren<\/li>\r\n\t\t\t\t<li>Auf der Bank<\/li>\r\n\t\t\t\t<li>Vertrieb<\/li>\r\n\t\t\t\t<li>Vertr\u00e4ge<\/li>\r\n\t\t\t\t<li>Reklamationen<\/li>\r\n\t\t\t\t<li>Konferenz<\/li>\t\t\t<\/ol>\r\n            \r\n[imagenes_tipo_libro]\r\n        <\/div>\r\n    <\/div>\r\n<\/div>","protected":false},"featured_media":65367,"comment_status":"open","ping_status":"closed","template":"","meta":[],"product_brand":[],"product_cat":[182,189,185,186],"product_tag":[],"class_list":{"0":"post-65111","1":"product","2":"type-product","3":"status-publish","4":"has-post-thumbnail","6":"product_cat-buecher-zum-russischlernen","7":"product_cat-russische-dialoge","8":"product_cat-printversionen","9":"product_cat-russischbuecher-mit-audio","10":"pa_level-b1-de","12":"first","13":"instock","14":"taxable","15":"shipping-taxable","16":"purchasable","17":"product-type-simple"},"yoast_head":"<!-- This site is optimized with the Yoast SEO plugin v27.4 - https:\/\/yoast.com\/product\/yoast-seo-wordpress\/ -->\n<title>Business Russisch. Dialoge mit Audio: Niveau B1 (Printversion) - Sistema Kalinka<\/title>\n<meta name=\"description\" content=\"Russische Dialoge f\u00fcr die Mittelstufe und Fortgeschrittene f\u00fcr Gesch\u00e4ftsbeziehungen. Professionelle Audios und zweisprachige Texte.\" \/>\n<meta name=\"robots\" content=\"index, follow, max-snippet:-1, max-image-preview:large, max-video-preview:-1\" \/>\n<link rel=\"canonical\" href=\"https:\/\/sistemakalinka.com\/de\/produkt\/business-russisch-dialoge-mit-audio-niveau-b1-printversion\/\" \/>\n<meta property=\"og:locale\" content=\"de_DE\" \/>\n<meta property=\"og:type\" content=\"article\" \/>\n<meta property=\"og:title\" content=\"Business Russisch. Dialoge mit Audio: Niveau B1 (Printversion) - Sistema Kalinka\" \/>\n<meta property=\"og:description\" content=\"Russische Dialoge f\u00fcr die Mittelstufe und Fortgeschrittene f\u00fcr Gesch\u00e4ftsbeziehungen. Professionelle Audios und zweisprachige Texte.\" \/>\n<meta property=\"og:url\" content=\"https:\/\/sistemakalinka.com\/de\/produkt\/business-russisch-dialoge-mit-audio-niveau-b1-printversion\/\" \/>\n<meta property=\"og:site_name\" content=\"Sistema Kalinka\" \/>\n<meta property=\"article:modified_time\" content=\"2025-11-17T15:30:03+00:00\" \/>\n<meta property=\"og:image\" content=\"https:\/\/sistemakalinka.com\/wp-content\/uploads\/DBOOK_B1_01_de_paper.jpg\" \/>\n\t<meta property=\"og:image:width\" content=\"1194\" \/>\n\t<meta property=\"og:image:height\" content=\"1194\" \/>\n\t<meta property=\"og:image:type\" content=\"image\/jpeg\" \/>\n<meta name=\"twitter:card\" content=\"summary_large_image\" \/>\n<meta name=\"twitter:label1\" content=\"Gesch\u00e4tzte Lesezeit\" \/>\n\t<meta name=\"twitter:data1\" content=\"3\u00a0Minuten\" \/>\n<script type=\"application\/ld+json\" class=\"yoast-schema-graph\">{\"@context\":\"https:\\\/\\\/schema.org\",\"@graph\":[{\"@type\":\"WebPage\",\"@id\":\"https:\\\/\\\/sistemakalinka.com\\\/de\\\/produkt\\\/business-russisch-dialoge-mit-audio-niveau-b1-printversion\\\/\",\"url\":\"https:\\\/\\\/sistemakalinka.com\\\/de\\\/produkt\\\/business-russisch-dialoge-mit-audio-niveau-b1-printversion\\\/\",\"name\":\"Business Russisch. Dialoge mit Audio: Niveau B1 (Printversion) - Sistema Kalinka\",\"isPartOf\":{\"@id\":\"https:\\\/\\\/sistemakalinka.com\\\/de\\\/#website\"},\"primaryImageOfPage\":{\"@id\":\"https:\\\/\\\/sistemakalinka.com\\\/de\\\/produkt\\\/business-russisch-dialoge-mit-audio-niveau-b1-printversion\\\/#primaryimage\"},\"image\":{\"@id\":\"https:\\\/\\\/sistemakalinka.com\\\/de\\\/produkt\\\/business-russisch-dialoge-mit-audio-niveau-b1-printversion\\\/#primaryimage\"},\"thumbnailUrl\":\"https:\\\/\\\/sistemakalinka.com\\\/wp-content\\\/uploads\\\/DBOOK_B1_01_de_paper.jpg\",\"datePublished\":\"2024-10-02T09:59:15+00:00\",\"dateModified\":\"2025-11-17T15:30:03+00:00\",\"description\":\"Russische Dialoge f\u00fcr die Mittelstufe und Fortgeschrittene f\u00fcr Gesch\u00e4ftsbeziehungen. Professionelle Audios und zweisprachige Texte.\",\"breadcrumb\":{\"@id\":\"https:\\\/\\\/sistemakalinka.com\\\/de\\\/produkt\\\/business-russisch-dialoge-mit-audio-niveau-b1-printversion\\\/#breadcrumb\"},\"inLanguage\":\"de\",\"potentialAction\":[{\"@type\":\"ReadAction\",\"target\":[\"https:\\\/\\\/sistemakalinka.com\\\/de\\\/produkt\\\/business-russisch-dialoge-mit-audio-niveau-b1-printversion\\\/\"]}]},{\"@type\":\"ImageObject\",\"inLanguage\":\"de\",\"@id\":\"https:\\\/\\\/sistemakalinka.com\\\/de\\\/produkt\\\/business-russisch-dialoge-mit-audio-niveau-b1-printversion\\\/#primaryimage\",\"url\":\"https:\\\/\\\/sistemakalinka.com\\\/wp-content\\\/uploads\\\/DBOOK_B1_01_de_paper.jpg\",\"contentUrl\":\"https:\\\/\\\/sistemakalinka.com\\\/wp-content\\\/uploads\\\/DBOOK_B1_01_de_paper.jpg\",\"width\":1194,\"height\":1194},{\"@type\":\"BreadcrumbList\",\"@id\":\"https:\\\/\\\/sistemakalinka.com\\\/de\\\/produkt\\\/business-russisch-dialoge-mit-audio-niveau-b1-printversion\\\/#breadcrumb\",\"itemListElement\":[{\"@type\":\"ListItem\",\"position\":1,\"name\":\"Home\",\"item\":\"https:\\\/\\\/sistemakalinka.com\\\/de\\\/\"},{\"@type\":\"ListItem\",\"position\":2,\"name\":\"Shop\",\"item\":\"https:\\\/\\\/sistemakalinka.com\\\/shop\\\/\"},{\"@type\":\"ListItem\",\"position\":3,\"name\":\"Business Russisch. Dialoge mit Audio: Niveau B1 (Printversion)\"}]},{\"@type\":\"WebSite\",\"@id\":\"https:\\\/\\\/sistemakalinka.com\\\/de\\\/#website\",\"url\":\"https:\\\/\\\/sistemakalinka.com\\\/de\\\/\",\"name\":\"Sistema Kalinka\",\"description\":\"Learn Russian with us\",\"potentialAction\":[{\"@type\":\"SearchAction\",\"target\":{\"@type\":\"EntryPoint\",\"urlTemplate\":\"https:\\\/\\\/sistemakalinka.com\\\/de\\\/?s={search_term_string}\"},\"query-input\":{\"@type\":\"PropertyValueSpecification\",\"valueRequired\":true,\"valueName\":\"search_term_string\"}}],\"inLanguage\":\"de\"}]}<\/script>\n<!-- \/ Yoast SEO plugin. -->","yoast_head_json":{"title":"Business Russisch. Dialoge mit Audio: Niveau B1 (Printversion) - Sistema Kalinka","description":"Russische Dialoge f\u00fcr die Mittelstufe und Fortgeschrittene f\u00fcr Gesch\u00e4ftsbeziehungen. Professionelle Audios und zweisprachige Texte.","robots":{"index":"index","follow":"follow","max-snippet":"max-snippet:-1","max-image-preview":"max-image-preview:large","max-video-preview":"max-video-preview:-1"},"canonical":"https:\/\/sistemakalinka.com\/de\/produkt\/business-russisch-dialoge-mit-audio-niveau-b1-printversion\/","og_locale":"de_DE","og_type":"article","og_title":"Business Russisch. Dialoge mit Audio: Niveau B1 (Printversion) - Sistema Kalinka","og_description":"Russische Dialoge f\u00fcr die Mittelstufe und Fortgeschrittene f\u00fcr Gesch\u00e4ftsbeziehungen. Professionelle Audios und zweisprachige Texte.","og_url":"https:\/\/sistemakalinka.com\/de\/produkt\/business-russisch-dialoge-mit-audio-niveau-b1-printversion\/","og_site_name":"Sistema Kalinka","article_modified_time":"2025-11-17T15:30:03+00:00","og_image":[{"width":1194,"height":1194,"url":"https:\/\/sistemakalinka.com\/wp-content\/uploads\/DBOOK_B1_01_de_paper.jpg","type":"image\/jpeg"}],"twitter_card":"summary_large_image","twitter_misc":{"Gesch\u00e4tzte Lesezeit":"3\u00a0Minuten"},"schema":{"@context":"https:\/\/schema.org","@graph":[{"@type":"WebPage","@id":"https:\/\/sistemakalinka.com\/de\/produkt\/business-russisch-dialoge-mit-audio-niveau-b1-printversion\/","url":"https:\/\/sistemakalinka.com\/de\/produkt\/business-russisch-dialoge-mit-audio-niveau-b1-printversion\/","name":"Business Russisch. Dialoge mit Audio: Niveau B1 (Printversion) - Sistema Kalinka","isPartOf":{"@id":"https:\/\/sistemakalinka.com\/de\/#website"},"primaryImageOfPage":{"@id":"https:\/\/sistemakalinka.com\/de\/produkt\/business-russisch-dialoge-mit-audio-niveau-b1-printversion\/#primaryimage"},"image":{"@id":"https:\/\/sistemakalinka.com\/de\/produkt\/business-russisch-dialoge-mit-audio-niveau-b1-printversion\/#primaryimage"},"thumbnailUrl":"https:\/\/sistemakalinka.com\/wp-content\/uploads\/DBOOK_B1_01_de_paper.jpg","datePublished":"2024-10-02T09:59:15+00:00","dateModified":"2025-11-17T15:30:03+00:00","description":"Russische Dialoge f\u00fcr die Mittelstufe und Fortgeschrittene f\u00fcr Gesch\u00e4ftsbeziehungen. Professionelle Audios und zweisprachige Texte.","breadcrumb":{"@id":"https:\/\/sistemakalinka.com\/de\/produkt\/business-russisch-dialoge-mit-audio-niveau-b1-printversion\/#breadcrumb"},"inLanguage":"de","potentialAction":[{"@type":"ReadAction","target":["https:\/\/sistemakalinka.com\/de\/produkt\/business-russisch-dialoge-mit-audio-niveau-b1-printversion\/"]}]},{"@type":"ImageObject","inLanguage":"de","@id":"https:\/\/sistemakalinka.com\/de\/produkt\/business-russisch-dialoge-mit-audio-niveau-b1-printversion\/#primaryimage","url":"https:\/\/sistemakalinka.com\/wp-content\/uploads\/DBOOK_B1_01_de_paper.jpg","contentUrl":"https:\/\/sistemakalinka.com\/wp-content\/uploads\/DBOOK_B1_01_de_paper.jpg","width":1194,"height":1194},{"@type":"BreadcrumbList","@id":"https:\/\/sistemakalinka.com\/de\/produkt\/business-russisch-dialoge-mit-audio-niveau-b1-printversion\/#breadcrumb","itemListElement":[{"@type":"ListItem","position":1,"name":"Home","item":"https:\/\/sistemakalinka.com\/de\/"},{"@type":"ListItem","position":2,"name":"Shop","item":"https:\/\/sistemakalinka.com\/shop\/"},{"@type":"ListItem","position":3,"name":"Business Russisch. Dialoge mit Audio: Niveau B1 (Printversion)"}]},{"@type":"WebSite","@id":"https:\/\/sistemakalinka.com\/de\/#website","url":"https:\/\/sistemakalinka.com\/de\/","name":"Sistema Kalinka","description":"Learn Russian with us","potentialAction":[{"@type":"SearchAction","target":{"@type":"EntryPoint","urlTemplate":"https:\/\/sistemakalinka.com\/de\/?s={search_term_string}"},"query-input":{"@type":"PropertyValueSpecification","valueRequired":true,"valueName":"search_term_string"}}],"inLanguage":"de"}]}},"_links":{"self":[{"href":"https:\/\/sistemakalinka.com\/de\/wp-json\/wp\/v2\/product\/65111","targetHints":{"allow":["GET"]}}],"collection":[{"href":"https:\/\/sistemakalinka.com\/de\/wp-json\/wp\/v2\/product"}],"about":[{"href":"https:\/\/sistemakalinka.com\/de\/wp-json\/wp\/v2\/types\/product"}],"replies":[{"embeddable":true,"href":"https:\/\/sistemakalinka.com\/de\/wp-json\/wp\/v2\/comments?post=65111"}],"wp:featuredmedia":[{"embeddable":true,"href":"https:\/\/sistemakalinka.com\/de\/wp-json\/wp\/v2\/media\/65367"}],"wp:attachment":[{"href":"https:\/\/sistemakalinka.com\/de\/wp-json\/wp\/v2\/media?parent=65111"}],"wp:term":[{"taxonomy":"product_brand","embeddable":true,"href":"https:\/\/sistemakalinka.com\/de\/wp-json\/wp\/v2\/product_brand?post=65111"},{"taxonomy":"product_cat","embeddable":true,"href":"https:\/\/sistemakalinka.com\/de\/wp-json\/wp\/v2\/product_cat?post=65111"},{"taxonomy":"product_tag","embeddable":true,"href":"https:\/\/sistemakalinka.com\/de\/wp-json\/wp\/v2\/product_tag?post=65111"}],"curies":[{"name":"wp","href":"https:\/\/api.w.org\/{rel}","templated":true}]}}