{"id":79927,"date":"2025-04-25T09:27:22","date_gmt":"2025-04-25T07:27:22","guid":{"rendered":"https:\/\/sistemakalinka.com\/?post_type=product&#038;p=79927"},"modified":"2026-04-06T07:58:09","modified_gmt":"2026-04-06T05:58:09","slug":"entdecke-die-russische-kultur-niveau-a2-buch-1-printversion","status":"publish","type":"product","link":"https:\/\/sistemakalinka.com\/de\/produkt\/entdecke-die-russische-kultur-niveau-a2-buch-1-printversion\/","title":{"rendered":"Entdecke die russische Kultur Niveau A2 &#8211; Buch 1 (Printversion)"},"content":{"rendered":"<div class=\"container-fluid\">\r\n   <div class=\"row\">\r\n      <div class=\"col-xs-12\">\r\n         <h2>Lerne das Buch kennen! lies und h\u00f6re Ausz\u00fcge:<\/h2>\r\n      <\/div>\r\n   <\/div>\r\n   <div class=\"row\">\r\n      <div class=\"col-lg-6 col-md-6 col-sm-6 col-xs-12\">\r\n         <p>Auszug aus diesem Buch anh\u00f6ren:<\/p>\r\n         <p>\r\n            <audio style=\"color: #95b9c7;\" controls=\"controls\">\r\n               <source src=\"\/wp-content\/uploads\/audio-CBOOK-A2-01.mp3\" type=\"audio\/mpeg\">\r\n               Ihr Browser unterst\u00fctzt das Audioelement nicht.\r\n            <\/audio>\r\n         <\/p>\r\n      <\/div>\r\n      <div class=\"col-lg-6 col-md-6 col-sm-6 col-xs-12\">\r\n         <p class=\"hidden-xs\">Ausz\u00fcge aus diesem Buch lesen. Zum Vergr\u00f6\u00dfern hier klicken:<\/p>\r\n         <p class=\"hidden-lg hidden-md hidden-sm visible-xs-block\">Ausz\u00fcge aus diesem Buch lesen:<\/p>\r\n         <div class=\"row mi-galeria-producto\"><a href=\"\/wp-content\/uploads\/auszug-CBOOK-A2-01-1-ebook.jpg\" data-fancybox=\"gallery\" title=\"Book sample\"><img decoding=\"async\" class=\"col-lg-6 col-md-12 col-sm-12 col-xs-12\" id=\"thumb_296\" src=\"\/wp-content\/uploads\/auszug-CBOOK-A2-01-1-ebook.jpg\" alt=\"Book sample\" title=\"Book sample\" itemprop=\"image\" \/><\/a><a href=\"\/wp-content\/uploads\/auszug-CBOOK-A2-01-2-ebook.jpg\" data-fancybox=\"gallery\" title=\"Book sample\"><img decoding=\"async\" class=\"col-lg-6 col-md-12 col-sm-12 col-xs-12\" id=\"thumb_296\" src=\"\/wp-content\/uploads\/auszug-CBOOK-A2-01-2-ebook.jpg\" alt=\"Book sample\" title=\"Book sample\" itemprop=\"image\" \/><\/a><a href=\"\/wp-content\/uploads\/auszug-CBOOK-A2-01-3-ebook.jpg\" data-fancybox=\"gallery\" title=\"Book sample\"><img decoding=\"async\" class=\"col-lg-6 col-md-12 col-sm-12 col-xs-12\" id=\"thumb_296\" src=\"\/wp-content\/uploads\/auszug-CBOOK-A2-01-3-ebook.jpg\" alt=\"Book sample\" title=\"Book sample\" itemprop=\"image\" \/><\/a><a href=\"\/wp-content\/uploads\/auszug-CBOOK-A2-01-4-ebook.jpg\" data-fancybox=\"gallery\" title=\"Book sample\"><img decoding=\"async\" class=\"col-lg-6 col-md-12 col-sm-12 col-xs-12\" id=\"thumb_296\" src=\"\/wp-content\/uploads\/auszug-CBOOK-A2-01-4-ebook.jpg\" alt=\"Book sample\" title=\"Book sample\" itemprop=\"image\" \/><\/a><\/div>\r\n      <\/div>\r\n   <\/div>\r\n   <div class=\"row\">\r\n      <div class=\"col-xs-12\">\r\n         <hr \/>\r\n         <h2>Warum mit unseren H\u00f6rb\u00fcchern Russisch lernen &#8211; vier Gr\u00fcnde.<\/h2>\r\n            <p>Unser Redaktionsteam aus Russischlehrern hat diese Texte speziell f\u00fcr Lernende verfasst. Wer Russisch als Fremdsprache lernt, sollte B\u00fccher lesen, die auf die aktuelle Lernstufe zugeschnitten sind und mit denen er oder sie sich st\u00fcckweise steigern kann &#8211; das bieten unsere Texte. Dank der von russischen Muttersprachlern gesprochenen Audio-Aufnahmen verinnerlichst du das Vokabular sowie die Aussprache m\u00fchelos. Darum eignen sich unsere B\u00fccher besonders gut zum Russischlernen:\r\n            <\/p>\r\n            <div class=\"rkdestacar\">\r\n                <ol>\r\n                    <li>Russische Texte mit deutscher \u00dcbersetzung (vereinfacht das Lernen).<\/li>\r\n                    <li>Professionelle Audios von russischen Muttersprachlern (zum Nachh\u00f6ren und Nachsprechen).<\/li>\r\n                    <li>In verschiedene Schwierigkeitsstufen eingeteilt (Texte zugeschnitten auf deine Bed\u00fcrfnisse)<\/li>\r\n                    <li>Speziell f\u00fcr Russischlernende verfasst (von Russischlehrern)<\/li>\r\n                <\/ol>\r\n            <\/div>\r\n            <p>Hast du Fragen zu unseren B\u00fcchern? Setz dich mit uns in Verbindung, wir beantworten sie gern.\r\n            <\/p>\r\n            <h2>Russische Texte + \u00dcbersetzung + professionelle Aufnahmen<\/h2>\r\n            <p>Die einzige Russisch-Schule mit H\u00f6rb\u00fcchern dieser Art!\r\n            <\/p>\r\n            <ul>\r\n                <li>Russische Texte in verschiedenen Schwierigkeitsstufen &#8211; so ist auch f\u00fcr dich das richtige dabei.<\/li>\r\n                <li>Schnelles Erfassen dank der deutschen \u00dcbersetzung.<\/li>\r\n                <li>Studioaufnahmen aller Texte von russischen Muttersprachlern.<\/li>\r\n            <\/ul>\r\n            <p>Mit unseren unterhaltsamen B\u00fcchern zum Lesen und H\u00f6ren verbesserst du spielend leicht dein Russisch! Suchst du nach russischen H\u00f6rb\u00fcchern mit Lesetext und \u00dcbersetzung? Wir haben die L\u00f6sung.\r\n            <\/p>           \r\n        <\/div>\r\n    <\/div>\r\n<\/div>","protected":false},"excerpt":{"rendered":"<div class=\"container-fluid\">\r\n   <div class=\"row\">\r\n      <div class=\"col-xs-12\">       \r\n[etiquetas_producto paginas=\"66\"]\r\n         <p>Lerne Russisch und entdecke die russische Kultur mit diesem Buch f\u00fcr Anf\u00e4nger. Dank der russischen Texte inkl. professionellen Audios und deutscher \u00dcbersetzung erweiterst du nicht nur deinen Wortschatz, sondern auch deine Kenntisse zu Land und Leuten.<\/p>\r\n         <ol>\r\n            <li>Russland<\/li>\r\n            <li>Moskau<\/li>\r\n            <li>Die russische K\u00fcche<\/li>\r\n            <li>Russland im All<\/li>\r\n            <li>Russische Feste<\/li>\r\n            <li>Das Wetter in Russland<\/li>\r\n         <\/ol>\r\n[imagenes_tipo_libro]\r\n      <\/div>\r\n   <\/div>\r\n<\/div>","protected":false},"featured_media":79944,"comment_status":"open","ping_status":"closed","template":"","meta":[],"product_brand":[],"product_cat":[182,191,188,185,186],"product_tag":[],"class_list":{"0":"post-79927","1":"product","2":"type-product","3":"status-publish","4":"has-post-thumbnail","6":"product_cat-buecher-zum-russischlernen","7":"product_cat-russische-geschichten","8":"product_cat-russische-kultur","9":"product_cat-printversionen","10":"product_cat-russischbuecher-mit-audio","11":"pa_level-a2-de","13":"first","14":"instock","15":"taxable","16":"shipping-taxable","17":"purchasable","18":"product-type-simple"},"yoast_head":"<!-- This site is optimized with the Yoast SEO plugin v27.4 - https:\/\/yoast.com\/product\/yoast-seo-wordpress\/ -->\n<title>Entdecke die russische Kultur Niveau A2 - Buch 1 (Printversion) - Sistema Kalinka<\/title>\n<meta name=\"description\" content=\"Lerne Russisch und entdecke die russische Kultur. Buch f\u00fcr Anf\u00e4nger mit russischen Texten inkl. Audios und deutscher \u00dcbersetzung\" \/>\n<meta name=\"robots\" content=\"index, follow, max-snippet:-1, max-image-preview:large, max-video-preview:-1\" \/>\n<link rel=\"canonical\" href=\"https:\/\/sistemakalinka.com\/de\/produkt\/entdecke-die-russische-kultur-niveau-a2-buch-1-printversion\/\" \/>\n<meta property=\"og:locale\" content=\"de_DE\" \/>\n<meta property=\"og:type\" content=\"article\" \/>\n<meta property=\"og:title\" content=\"Entdecke die russische Kultur Niveau A2 - Buch 1 (Printversion) - Sistema Kalinka\" \/>\n<meta property=\"og:description\" content=\"Lerne Russisch und entdecke die russische Kultur. Buch f\u00fcr Anf\u00e4nger mit russischen Texten inkl. Audios und deutscher \u00dcbersetzung\" \/>\n<meta property=\"og:url\" content=\"https:\/\/sistemakalinka.com\/de\/produkt\/entdecke-die-russische-kultur-niveau-a2-buch-1-printversion\/\" \/>\n<meta property=\"og:site_name\" content=\"Sistema Kalinka\" \/>\n<meta property=\"article:modified_time\" content=\"2026-04-06T05:58:09+00:00\" \/>\n<meta property=\"og:image\" content=\"https:\/\/sistemakalinka.com\/wp-content\/uploads\/CBOOK_A2_01_de_papel.jpg\" \/>\n\t<meta property=\"og:image:width\" content=\"1194\" \/>\n\t<meta property=\"og:image:height\" content=\"1194\" \/>\n\t<meta property=\"og:image:type\" content=\"image\/jpeg\" \/>\n<meta name=\"twitter:card\" content=\"summary_large_image\" \/>\n<meta name=\"twitter:label1\" content=\"Gesch\u00e4tzte Lesezeit\" \/>\n\t<meta name=\"twitter:data1\" content=\"2\u00a0Minuten\" \/>\n<script type=\"application\/ld+json\" class=\"yoast-schema-graph\">{\"@context\":\"https:\\\/\\\/schema.org\",\"@graph\":[{\"@type\":\"WebPage\",\"@id\":\"https:\\\/\\\/sistemakalinka.com\\\/de\\\/produkt\\\/entdecke-die-russische-kultur-niveau-a2-buch-1-printversion\\\/\",\"url\":\"https:\\\/\\\/sistemakalinka.com\\\/de\\\/produkt\\\/entdecke-die-russische-kultur-niveau-a2-buch-1-printversion\\\/\",\"name\":\"Entdecke die russische Kultur Niveau A2 - Buch 1 (Printversion) - Sistema Kalinka\",\"isPartOf\":{\"@id\":\"https:\\\/\\\/sistemakalinka.com\\\/de\\\/#website\"},\"primaryImageOfPage\":{\"@id\":\"https:\\\/\\\/sistemakalinka.com\\\/de\\\/produkt\\\/entdecke-die-russische-kultur-niveau-a2-buch-1-printversion\\\/#primaryimage\"},\"image\":{\"@id\":\"https:\\\/\\\/sistemakalinka.com\\\/de\\\/produkt\\\/entdecke-die-russische-kultur-niveau-a2-buch-1-printversion\\\/#primaryimage\"},\"thumbnailUrl\":\"https:\\\/\\\/sistemakalinka.com\\\/wp-content\\\/uploads\\\/CBOOK_A2_01_de_papel.jpg\",\"datePublished\":\"2025-04-25T07:27:22+00:00\",\"dateModified\":\"2026-04-06T05:58:09+00:00\",\"description\":\"Lerne Russisch und entdecke die russische Kultur. Buch f\u00fcr Anf\u00e4nger mit russischen Texten inkl. Audios und deutscher \u00dcbersetzung\",\"breadcrumb\":{\"@id\":\"https:\\\/\\\/sistemakalinka.com\\\/de\\\/produkt\\\/entdecke-die-russische-kultur-niveau-a2-buch-1-printversion\\\/#breadcrumb\"},\"inLanguage\":\"de\",\"potentialAction\":[{\"@type\":\"ReadAction\",\"target\":[\"https:\\\/\\\/sistemakalinka.com\\\/de\\\/produkt\\\/entdecke-die-russische-kultur-niveau-a2-buch-1-printversion\\\/\"]}]},{\"@type\":\"ImageObject\",\"inLanguage\":\"de\",\"@id\":\"https:\\\/\\\/sistemakalinka.com\\\/de\\\/produkt\\\/entdecke-die-russische-kultur-niveau-a2-buch-1-printversion\\\/#primaryimage\",\"url\":\"https:\\\/\\\/sistemakalinka.com\\\/wp-content\\\/uploads\\\/CBOOK_A2_01_de_papel.jpg\",\"contentUrl\":\"https:\\\/\\\/sistemakalinka.com\\\/wp-content\\\/uploads\\\/CBOOK_A2_01_de_papel.jpg\",\"width\":1194,\"height\":1194},{\"@type\":\"BreadcrumbList\",\"@id\":\"https:\\\/\\\/sistemakalinka.com\\\/de\\\/produkt\\\/entdecke-die-russische-kultur-niveau-a2-buch-1-printversion\\\/#breadcrumb\",\"itemListElement\":[{\"@type\":\"ListItem\",\"position\":1,\"name\":\"Home\",\"item\":\"https:\\\/\\\/sistemakalinka.com\\\/de\\\/\"},{\"@type\":\"ListItem\",\"position\":2,\"name\":\"Shop\",\"item\":\"https:\\\/\\\/sistemakalinka.com\\\/shop\\\/\"},{\"@type\":\"ListItem\",\"position\":3,\"name\":\"Entdecke die russische Kultur Niveau A2 &#8211; Buch 1 (Printversion)\"}]},{\"@type\":\"WebSite\",\"@id\":\"https:\\\/\\\/sistemakalinka.com\\\/de\\\/#website\",\"url\":\"https:\\\/\\\/sistemakalinka.com\\\/de\\\/\",\"name\":\"Sistema Kalinka\",\"description\":\"Learn Russian with us\",\"potentialAction\":[{\"@type\":\"SearchAction\",\"target\":{\"@type\":\"EntryPoint\",\"urlTemplate\":\"https:\\\/\\\/sistemakalinka.com\\\/de\\\/?s={search_term_string}\"},\"query-input\":{\"@type\":\"PropertyValueSpecification\",\"valueRequired\":true,\"valueName\":\"search_term_string\"}}],\"inLanguage\":\"de\"}]}<\/script>\n<!-- \/ Yoast SEO plugin. -->","yoast_head_json":{"title":"Entdecke die russische Kultur Niveau A2 - Buch 1 (Printversion) - Sistema Kalinka","description":"Lerne Russisch und entdecke die russische Kultur. Buch f\u00fcr Anf\u00e4nger mit russischen Texten inkl. Audios und deutscher \u00dcbersetzung","robots":{"index":"index","follow":"follow","max-snippet":"max-snippet:-1","max-image-preview":"max-image-preview:large","max-video-preview":"max-video-preview:-1"},"canonical":"https:\/\/sistemakalinka.com\/de\/produkt\/entdecke-die-russische-kultur-niveau-a2-buch-1-printversion\/","og_locale":"de_DE","og_type":"article","og_title":"Entdecke die russische Kultur Niveau A2 - Buch 1 (Printversion) - Sistema Kalinka","og_description":"Lerne Russisch und entdecke die russische Kultur. Buch f\u00fcr Anf\u00e4nger mit russischen Texten inkl. Audios und deutscher \u00dcbersetzung","og_url":"https:\/\/sistemakalinka.com\/de\/produkt\/entdecke-die-russische-kultur-niveau-a2-buch-1-printversion\/","og_site_name":"Sistema Kalinka","article_modified_time":"2026-04-06T05:58:09+00:00","og_image":[{"width":1194,"height":1194,"url":"https:\/\/sistemakalinka.com\/wp-content\/uploads\/CBOOK_A2_01_de_papel.jpg","type":"image\/jpeg"}],"twitter_card":"summary_large_image","twitter_misc":{"Gesch\u00e4tzte Lesezeit":"2\u00a0Minuten"},"schema":{"@context":"https:\/\/schema.org","@graph":[{"@type":"WebPage","@id":"https:\/\/sistemakalinka.com\/de\/produkt\/entdecke-die-russische-kultur-niveau-a2-buch-1-printversion\/","url":"https:\/\/sistemakalinka.com\/de\/produkt\/entdecke-die-russische-kultur-niveau-a2-buch-1-printversion\/","name":"Entdecke die russische Kultur Niveau A2 - Buch 1 (Printversion) - Sistema Kalinka","isPartOf":{"@id":"https:\/\/sistemakalinka.com\/de\/#website"},"primaryImageOfPage":{"@id":"https:\/\/sistemakalinka.com\/de\/produkt\/entdecke-die-russische-kultur-niveau-a2-buch-1-printversion\/#primaryimage"},"image":{"@id":"https:\/\/sistemakalinka.com\/de\/produkt\/entdecke-die-russische-kultur-niveau-a2-buch-1-printversion\/#primaryimage"},"thumbnailUrl":"https:\/\/sistemakalinka.com\/wp-content\/uploads\/CBOOK_A2_01_de_papel.jpg","datePublished":"2025-04-25T07:27:22+00:00","dateModified":"2026-04-06T05:58:09+00:00","description":"Lerne Russisch und entdecke die russische Kultur. Buch f\u00fcr Anf\u00e4nger mit russischen Texten inkl. Audios und deutscher \u00dcbersetzung","breadcrumb":{"@id":"https:\/\/sistemakalinka.com\/de\/produkt\/entdecke-die-russische-kultur-niveau-a2-buch-1-printversion\/#breadcrumb"},"inLanguage":"de","potentialAction":[{"@type":"ReadAction","target":["https:\/\/sistemakalinka.com\/de\/produkt\/entdecke-die-russische-kultur-niveau-a2-buch-1-printversion\/"]}]},{"@type":"ImageObject","inLanguage":"de","@id":"https:\/\/sistemakalinka.com\/de\/produkt\/entdecke-die-russische-kultur-niveau-a2-buch-1-printversion\/#primaryimage","url":"https:\/\/sistemakalinka.com\/wp-content\/uploads\/CBOOK_A2_01_de_papel.jpg","contentUrl":"https:\/\/sistemakalinka.com\/wp-content\/uploads\/CBOOK_A2_01_de_papel.jpg","width":1194,"height":1194},{"@type":"BreadcrumbList","@id":"https:\/\/sistemakalinka.com\/de\/produkt\/entdecke-die-russische-kultur-niveau-a2-buch-1-printversion\/#breadcrumb","itemListElement":[{"@type":"ListItem","position":1,"name":"Home","item":"https:\/\/sistemakalinka.com\/de\/"},{"@type":"ListItem","position":2,"name":"Shop","item":"https:\/\/sistemakalinka.com\/shop\/"},{"@type":"ListItem","position":3,"name":"Entdecke die russische Kultur Niveau A2 &#8211; Buch 1 (Printversion)"}]},{"@type":"WebSite","@id":"https:\/\/sistemakalinka.com\/de\/#website","url":"https:\/\/sistemakalinka.com\/de\/","name":"Sistema Kalinka","description":"Learn Russian with us","potentialAction":[{"@type":"SearchAction","target":{"@type":"EntryPoint","urlTemplate":"https:\/\/sistemakalinka.com\/de\/?s={search_term_string}"},"query-input":{"@type":"PropertyValueSpecification","valueRequired":true,"valueName":"search_term_string"}}],"inLanguage":"de"}]}},"_links":{"self":[{"href":"https:\/\/sistemakalinka.com\/de\/wp-json\/wp\/v2\/product\/79927","targetHints":{"allow":["GET"]}}],"collection":[{"href":"https:\/\/sistemakalinka.com\/de\/wp-json\/wp\/v2\/product"}],"about":[{"href":"https:\/\/sistemakalinka.com\/de\/wp-json\/wp\/v2\/types\/product"}],"replies":[{"embeddable":true,"href":"https:\/\/sistemakalinka.com\/de\/wp-json\/wp\/v2\/comments?post=79927"}],"wp:featuredmedia":[{"embeddable":true,"href":"https:\/\/sistemakalinka.com\/de\/wp-json\/wp\/v2\/media\/79944"}],"wp:attachment":[{"href":"https:\/\/sistemakalinka.com\/de\/wp-json\/wp\/v2\/media?parent=79927"}],"wp:term":[{"taxonomy":"product_brand","embeddable":true,"href":"https:\/\/sistemakalinka.com\/de\/wp-json\/wp\/v2\/product_brand?post=79927"},{"taxonomy":"product_cat","embeddable":true,"href":"https:\/\/sistemakalinka.com\/de\/wp-json\/wp\/v2\/product_cat?post=79927"},{"taxonomy":"product_tag","embeddable":true,"href":"https:\/\/sistemakalinka.com\/de\/wp-json\/wp\/v2\/product_tag?post=79927"}],"curies":[{"name":"wp","href":"https:\/\/api.w.org\/{rel}","templated":true}]}}