{"id":95244,"date":"2026-03-17T16:35:22","date_gmt":"2026-03-17T15:35:22","guid":{"rendered":"https:\/\/sistemakalinka.com\/?post_type=product&#038;p=95244"},"modified":"2026-04-06T07:58:09","modified_gmt":"2026-04-06T05:58:09","slug":"russische-klassiker-ein-held-unserer-zeit-printversion","status":"publish","type":"product","link":"https:\/\/sistemakalinka.com\/de\/produkt\/russische-klassiker-ein-held-unserer-zeit-printversion\/","title":{"rendered":"Russische Klassiker &#8211; Ein Held unserer Zeit (Printversion)"},"content":{"rendered":"<div class=\"container-fluid\">\r\n    <div class=\"row\">\r\n        <div class=\"col-xs-12\">\r\n            <h2>Schau rein! Hier kannst du einen Auszug aus diesem Buch lesen und h\u00f6ren:<\/h2>\r\n            <div class=\"row\">\r\n                <div class=\"col-lg-6 col-md-6 col-sm-6 col-xs-12\">\r\n                    <p>Auszug aus diesem Buch h\u00f6ren:\r\n                    <\/p>\r\n                    <p>\r\n                        <audio style=\"color: #95b9c7; width: 100%;\" controls=\"controls\">\r\n                        <source src=\"\/wp-content\/uploads\/audio-CLBOOK-03-Hero-1.mp3\" type=\"audio\/mpeg\">\r\n                        Ihr Browser erkennt das Audio-Element nicht.\r\n                        <\/audio>\r\n                    <\/p>\r\n                <\/div>\r\n                <div class=\"col-lg-6 col-md-6 col-sm-6 col-xs-12\">\r\n                    <p class=\"hidden-xs\">Auszug aus diesem Buch lesen. Zum Vergr\u00f6\u00dfern hier klicken:\r\n                    <\/p>\r\n                    <p class=\"hidden-lg hidden-md hidden-sm visible-xs-block\">Auszug aus diesem Buch lesen:\r\n                    <\/p>\r\n                    <div class=\"row rkfotos\"><a href=\"\/wp-content\/uploads\/auszug-CLBOOK-03-hero-01.jpg\" data-fancybox=\"gallery\" title=\"auszug\"><img decoding=\"async\" class=\"col-lg-6 col-md-12 col-sm-12 col-xs-12\" id=\"thumb_296\" src=\"\/wp-content\/uploads\/auszug-CLBOOK-03-hero-01.jpg\" alt=\"auszug\" title=\"auszug\" itemprop=\"image\"><\/a> <a href=\"\/wp-content\/uploads\/auszug-CLBOOK-03-hero-02.jpg\" data-fancybox=\"gallery\" title=\"auszug\"><img decoding=\"async\" class=\"col-lg-6 col-md-12 col-sm-12 col-xs-12\" id=\"thumb_296\" src=\"\/wp-content\/uploads\/auszug-CLBOOK-03-hero-02.jpg\" alt=\"auszug\" title=\"auszug\" itemprop=\"image\"><\/a> <a href=\"\/wp-content\/uploads\/auszug-CLBOOK-03-hero-03.jpg\" data-fancybox=\"gallery\" title=\"auszug\"><img decoding=\"async\" class=\"col-lg-6 col-md-12 col-sm-12 col-xs-12\" id=\"thumb_296\" src=\"\/wp-content\/uploads\/auszug-CLBOOK-03-hero-03.jpg\" alt=\"auszug\" title=\"auszug\" itemprop=\"image\"><\/a> <a href=\"\/wp-content\/uploads\/auszug-CLBOOK-03-hero-04.jpg\" data-fancybox=\"gallery\" title=\"auszug\"><img decoding=\"async\" class=\"col-lg-6 col-md-12 col-sm-12 col-xs-12\" id=\"thumb_296\" src=\"\/wp-content\/uploads\/auszug-CLBOOK-03-hero-04.jpg\" alt=\"auszug\" title=\"auszug\" itemprop=\"image\"><\/a>\r\n                    <\/div>\r\n                <\/div>\r\n            <\/div>\r\n        <\/div>\r\n        <hr>\r\n    <\/div>\r\n    <div class=\"row\">\r\n        <div class=\"col-xs-12\">\r\n            <h2>Warum mit unseren H\u00f6rb\u00fcchern Russisch lernen? 4 Gr\u00fcnde<\/h2>\r\n            <p>Unser Redaktionsteam aus Russischlehrern hat diese Texte speziell f\u00fcr Lernende verfasst. Wer Russisch als Fremdsprache lernt, sollte B\u00fccher lesen, die auf die aktuelle Lernstufe zugeschnitten sind und mit denen sie sich st\u00fcckweise steigern k\u00f6nnen &#8211; das bieten unsere Texte. Dank der von russischen Muttersprachlern gesprochenen Audio-Aufnahmen verinnerlichst du das Vokabular sowie die Aussprache m\u00fchelos. Darum eignen sich unsere B\u00fccher besonders gut zum Russischlernen:<\/p>\r\n            <div class=\"mi-cuadro-importante\">\r\n               <ol>\r\n                  <li>Russische Texte mit Vokabelhilfe (vereinfacht das Lernen)<\/li>\r\n                  <li>Professionelle Audios von russischen Muttersprachlern (zum Nachh\u00f6ren und Nachsprechen)<\/li>\r\n                  <li>in verschiedene Schwierigkeitsstufen eingeteilt (Texte zugeschnitten auf deine Bed\u00fcrfnisse)<\/li>\r\n                  <li>Speziell f\u00fcr Russischlernende verfasst (von Russischlehrern)<\/li>\r\n               <\/ol>\r\n            <\/div>\r\n            <p>Hast du Fragen zu unseren B\u00fcchern? Setz dich mit uns in Verbindung, wir beantworten sie gern.<\/p>\r\n            <h2>Russische Texte zum H\u00f6ren und Lesen<\/h2>\r\n            <p>Diese Art der H\u00f6rb\u00fccher findest du nur bei Red Kalinka &#8211; Russische Texte in verschiedenen Schwierigkeitsstufen &#8211; so ist auch f\u00fcr dich das richtige dabei. &#8211; schnelles Erfassen dank der Vokabelhilfe &#8211; Studioaufnahmen aller Texte von russischen Muttersprachlern Mit unseren unterhaltsamen B\u00fcchern zum Lesen und H\u00f6ren verbesserst du spielend leicht dein Russisch! Suchst du nach russischen H\u00f6rb\u00fcchern mit Lesetext und \u00dcbersetzung? Wir haben die L\u00f6sung.<\/p>\r\n        <\/div>\r\n    <\/div>\r\n<\/div>","protected":false},"excerpt":{"rendered":"<div class=\"container-fluid\">\r\n   <div class=\"row\">\r\n      <div class=\"col-xs-12\">\r\n[etiquetas_producto paginas=\"64\" audio=113]\r\n         <p>Der russische Schriftsteller Michail Lermontow stellt uns in dem 1840 entstandenen Roman einen Antihelden seiner Zeit vor. Petschorin ist ein arroganter junger Mann, der im Kaukasus Milit\u00e4rdienst leistet. Sein egoistische Verhalten bleibt nicht folgenlos. <\/p>\r\n\r\n[imagenes_tipo_libro]\r\n      <\/div>\r\n   <\/div>\r\n<\/div>","protected":false},"featured_media":95246,"comment_status":"open","ping_status":"closed","template":"","meta":[],"product_brand":[],"product_cat":[182,185,186,187],"product_tag":[],"class_list":{"0":"post-95244","1":"product","2":"type-product","3":"status-publish","4":"has-post-thumbnail","6":"product_cat-buecher-zum-russischlernen","7":"product_cat-printversionen","8":"product_cat-russischbuecher-mit-audio","9":"product_cat-russische-klassiker","10":"pa_level-b1-b2-de","12":"first","13":"instock","14":"taxable","15":"shipping-taxable","16":"purchasable","17":"product-type-simple"},"yoast_head":"<!-- This site is optimized with the Yoast SEO plugin v27.4 - https:\/\/yoast.com\/product\/yoast-seo-wordpress\/ -->\n<title>Russische Klassiker - Ein Held unserer Zeit (Printversion) - Sistema Kalinka<\/title>\n<meta name=\"description\" content=\"Russische Erz\u00e4hlungen mit H\u00f6rbuch f\u00fcr fortgeschrittene Lerner; mit Vokabelhilfe. Russische Klassiker in adaptierter Fassung f\u00fcr unbeschwerten Lesegenuss.\" \/>\n<meta name=\"robots\" content=\"index, follow, max-snippet:-1, max-image-preview:large, max-video-preview:-1\" \/>\n<link rel=\"canonical\" href=\"https:\/\/sistemakalinka.com\/de\/produkt\/russische-klassiker-ein-held-unserer-zeit-printversion\/\" \/>\n<meta property=\"og:locale\" content=\"de_DE\" \/>\n<meta property=\"og:type\" content=\"article\" \/>\n<meta property=\"og:title\" content=\"Russische Klassiker - Ein Held unserer Zeit (Printversion) - Sistema Kalinka\" \/>\n<meta property=\"og:description\" content=\"Russische Erz\u00e4hlungen mit H\u00f6rbuch f\u00fcr fortgeschrittene Lerner; mit Vokabelhilfe. Russische Klassiker in adaptierter Fassung f\u00fcr unbeschwerten Lesegenuss.\" \/>\n<meta property=\"og:url\" content=\"https:\/\/sistemakalinka.com\/de\/produkt\/russische-klassiker-ein-held-unserer-zeit-printversion\/\" \/>\n<meta property=\"og:site_name\" content=\"Sistema Kalinka\" \/>\n<meta property=\"article:modified_time\" content=\"2026-04-06T05:58:09+00:00\" \/>\n<meta property=\"og:image\" content=\"https:\/\/sistemakalinka.com\/wp-content\/uploads\/CLBOOK_03_Hero_de_paper.jpg\" \/>\n\t<meta property=\"og:image:width\" content=\"1194\" \/>\n\t<meta property=\"og:image:height\" content=\"1194\" \/>\n\t<meta property=\"og:image:type\" content=\"image\/jpeg\" \/>\n<meta name=\"twitter:card\" content=\"summary_large_image\" \/>\n<meta name=\"twitter:label1\" content=\"Gesch\u00e4tzte Lesezeit\" \/>\n\t<meta name=\"twitter:data1\" content=\"3\u00a0Minuten\" \/>\n<script type=\"application\/ld+json\" class=\"yoast-schema-graph\">{\"@context\":\"https:\\\/\\\/schema.org\",\"@graph\":[{\"@type\":\"WebPage\",\"@id\":\"https:\\\/\\\/sistemakalinka.com\\\/de\\\/produkt\\\/russische-klassiker-ein-held-unserer-zeit-printversion\\\/\",\"url\":\"https:\\\/\\\/sistemakalinka.com\\\/de\\\/produkt\\\/russische-klassiker-ein-held-unserer-zeit-printversion\\\/\",\"name\":\"Russische Klassiker - Ein Held unserer Zeit (Printversion) - Sistema Kalinka\",\"isPartOf\":{\"@id\":\"https:\\\/\\\/sistemakalinka.com\\\/de\\\/#website\"},\"primaryImageOfPage\":{\"@id\":\"https:\\\/\\\/sistemakalinka.com\\\/de\\\/produkt\\\/russische-klassiker-ein-held-unserer-zeit-printversion\\\/#primaryimage\"},\"image\":{\"@id\":\"https:\\\/\\\/sistemakalinka.com\\\/de\\\/produkt\\\/russische-klassiker-ein-held-unserer-zeit-printversion\\\/#primaryimage\"},\"thumbnailUrl\":\"https:\\\/\\\/sistemakalinka.com\\\/wp-content\\\/uploads\\\/CLBOOK_03_Hero_de_paper.jpg\",\"datePublished\":\"2026-03-17T15:35:22+00:00\",\"dateModified\":\"2026-04-06T05:58:09+00:00\",\"description\":\"Russische Erz\u00e4hlungen mit H\u00f6rbuch f\u00fcr fortgeschrittene Lerner; mit Vokabelhilfe. Russische Klassiker in adaptierter Fassung f\u00fcr unbeschwerten Lesegenuss.\",\"breadcrumb\":{\"@id\":\"https:\\\/\\\/sistemakalinka.com\\\/de\\\/produkt\\\/russische-klassiker-ein-held-unserer-zeit-printversion\\\/#breadcrumb\"},\"inLanguage\":\"de\",\"potentialAction\":[{\"@type\":\"ReadAction\",\"target\":[\"https:\\\/\\\/sistemakalinka.com\\\/de\\\/produkt\\\/russische-klassiker-ein-held-unserer-zeit-printversion\\\/\"]}]},{\"@type\":\"ImageObject\",\"inLanguage\":\"de\",\"@id\":\"https:\\\/\\\/sistemakalinka.com\\\/de\\\/produkt\\\/russische-klassiker-ein-held-unserer-zeit-printversion\\\/#primaryimage\",\"url\":\"https:\\\/\\\/sistemakalinka.com\\\/wp-content\\\/uploads\\\/CLBOOK_03_Hero_de_paper.jpg\",\"contentUrl\":\"https:\\\/\\\/sistemakalinka.com\\\/wp-content\\\/uploads\\\/CLBOOK_03_Hero_de_paper.jpg\",\"width\":1194,\"height\":1194},{\"@type\":\"BreadcrumbList\",\"@id\":\"https:\\\/\\\/sistemakalinka.com\\\/de\\\/produkt\\\/russische-klassiker-ein-held-unserer-zeit-printversion\\\/#breadcrumb\",\"itemListElement\":[{\"@type\":\"ListItem\",\"position\":1,\"name\":\"Home\",\"item\":\"https:\\\/\\\/sistemakalinka.com\\\/de\\\/\"},{\"@type\":\"ListItem\",\"position\":2,\"name\":\"Shop\",\"item\":\"https:\\\/\\\/sistemakalinka.com\\\/shop\\\/\"},{\"@type\":\"ListItem\",\"position\":3,\"name\":\"Russische Klassiker &#8211; Ein Held unserer Zeit (Printversion)\"}]},{\"@type\":\"WebSite\",\"@id\":\"https:\\\/\\\/sistemakalinka.com\\\/de\\\/#website\",\"url\":\"https:\\\/\\\/sistemakalinka.com\\\/de\\\/\",\"name\":\"Sistema Kalinka\",\"description\":\"Learn Russian with us\",\"potentialAction\":[{\"@type\":\"SearchAction\",\"target\":{\"@type\":\"EntryPoint\",\"urlTemplate\":\"https:\\\/\\\/sistemakalinka.com\\\/de\\\/?s={search_term_string}\"},\"query-input\":{\"@type\":\"PropertyValueSpecification\",\"valueRequired\":true,\"valueName\":\"search_term_string\"}}],\"inLanguage\":\"de\"}]}<\/script>\n<!-- \/ Yoast SEO plugin. -->","yoast_head_json":{"title":"Russische Klassiker - Ein Held unserer Zeit (Printversion) - Sistema Kalinka","description":"Russische Erz\u00e4hlungen mit H\u00f6rbuch f\u00fcr fortgeschrittene Lerner; mit Vokabelhilfe. Russische Klassiker in adaptierter Fassung f\u00fcr unbeschwerten Lesegenuss.","robots":{"index":"index","follow":"follow","max-snippet":"max-snippet:-1","max-image-preview":"max-image-preview:large","max-video-preview":"max-video-preview:-1"},"canonical":"https:\/\/sistemakalinka.com\/de\/produkt\/russische-klassiker-ein-held-unserer-zeit-printversion\/","og_locale":"de_DE","og_type":"article","og_title":"Russische Klassiker - Ein Held unserer Zeit (Printversion) - Sistema Kalinka","og_description":"Russische Erz\u00e4hlungen mit H\u00f6rbuch f\u00fcr fortgeschrittene Lerner; mit Vokabelhilfe. Russische Klassiker in adaptierter Fassung f\u00fcr unbeschwerten Lesegenuss.","og_url":"https:\/\/sistemakalinka.com\/de\/produkt\/russische-klassiker-ein-held-unserer-zeit-printversion\/","og_site_name":"Sistema Kalinka","article_modified_time":"2026-04-06T05:58:09+00:00","og_image":[{"width":1194,"height":1194,"url":"https:\/\/sistemakalinka.com\/wp-content\/uploads\/CLBOOK_03_Hero_de_paper.jpg","type":"image\/jpeg"}],"twitter_card":"summary_large_image","twitter_misc":{"Gesch\u00e4tzte Lesezeit":"3\u00a0Minuten"},"schema":{"@context":"https:\/\/schema.org","@graph":[{"@type":"WebPage","@id":"https:\/\/sistemakalinka.com\/de\/produkt\/russische-klassiker-ein-held-unserer-zeit-printversion\/","url":"https:\/\/sistemakalinka.com\/de\/produkt\/russische-klassiker-ein-held-unserer-zeit-printversion\/","name":"Russische Klassiker - Ein Held unserer Zeit (Printversion) - Sistema Kalinka","isPartOf":{"@id":"https:\/\/sistemakalinka.com\/de\/#website"},"primaryImageOfPage":{"@id":"https:\/\/sistemakalinka.com\/de\/produkt\/russische-klassiker-ein-held-unserer-zeit-printversion\/#primaryimage"},"image":{"@id":"https:\/\/sistemakalinka.com\/de\/produkt\/russische-klassiker-ein-held-unserer-zeit-printversion\/#primaryimage"},"thumbnailUrl":"https:\/\/sistemakalinka.com\/wp-content\/uploads\/CLBOOK_03_Hero_de_paper.jpg","datePublished":"2026-03-17T15:35:22+00:00","dateModified":"2026-04-06T05:58:09+00:00","description":"Russische Erz\u00e4hlungen mit H\u00f6rbuch f\u00fcr fortgeschrittene Lerner; mit Vokabelhilfe. Russische Klassiker in adaptierter Fassung f\u00fcr unbeschwerten Lesegenuss.","breadcrumb":{"@id":"https:\/\/sistemakalinka.com\/de\/produkt\/russische-klassiker-ein-held-unserer-zeit-printversion\/#breadcrumb"},"inLanguage":"de","potentialAction":[{"@type":"ReadAction","target":["https:\/\/sistemakalinka.com\/de\/produkt\/russische-klassiker-ein-held-unserer-zeit-printversion\/"]}]},{"@type":"ImageObject","inLanguage":"de","@id":"https:\/\/sistemakalinka.com\/de\/produkt\/russische-klassiker-ein-held-unserer-zeit-printversion\/#primaryimage","url":"https:\/\/sistemakalinka.com\/wp-content\/uploads\/CLBOOK_03_Hero_de_paper.jpg","contentUrl":"https:\/\/sistemakalinka.com\/wp-content\/uploads\/CLBOOK_03_Hero_de_paper.jpg","width":1194,"height":1194},{"@type":"BreadcrumbList","@id":"https:\/\/sistemakalinka.com\/de\/produkt\/russische-klassiker-ein-held-unserer-zeit-printversion\/#breadcrumb","itemListElement":[{"@type":"ListItem","position":1,"name":"Home","item":"https:\/\/sistemakalinka.com\/de\/"},{"@type":"ListItem","position":2,"name":"Shop","item":"https:\/\/sistemakalinka.com\/shop\/"},{"@type":"ListItem","position":3,"name":"Russische Klassiker &#8211; Ein Held unserer Zeit (Printversion)"}]},{"@type":"WebSite","@id":"https:\/\/sistemakalinka.com\/de\/#website","url":"https:\/\/sistemakalinka.com\/de\/","name":"Sistema Kalinka","description":"Learn Russian with us","potentialAction":[{"@type":"SearchAction","target":{"@type":"EntryPoint","urlTemplate":"https:\/\/sistemakalinka.com\/de\/?s={search_term_string}"},"query-input":{"@type":"PropertyValueSpecification","valueRequired":true,"valueName":"search_term_string"}}],"inLanguage":"de"}]}},"_links":{"self":[{"href":"https:\/\/sistemakalinka.com\/de\/wp-json\/wp\/v2\/product\/95244","targetHints":{"allow":["GET"]}}],"collection":[{"href":"https:\/\/sistemakalinka.com\/de\/wp-json\/wp\/v2\/product"}],"about":[{"href":"https:\/\/sistemakalinka.com\/de\/wp-json\/wp\/v2\/types\/product"}],"replies":[{"embeddable":true,"href":"https:\/\/sistemakalinka.com\/de\/wp-json\/wp\/v2\/comments?post=95244"}],"wp:featuredmedia":[{"embeddable":true,"href":"https:\/\/sistemakalinka.com\/de\/wp-json\/wp\/v2\/media\/95246"}],"wp:attachment":[{"href":"https:\/\/sistemakalinka.com\/de\/wp-json\/wp\/v2\/media?parent=95244"}],"wp:term":[{"taxonomy":"product_brand","embeddable":true,"href":"https:\/\/sistemakalinka.com\/de\/wp-json\/wp\/v2\/product_brand?post=95244"},{"taxonomy":"product_cat","embeddable":true,"href":"https:\/\/sistemakalinka.com\/de\/wp-json\/wp\/v2\/product_cat?post=95244"},{"taxonomy":"product_tag","embeddable":true,"href":"https:\/\/sistemakalinka.com\/de\/wp-json\/wp\/v2\/product_tag?post=95244"}],"curies":[{"name":"wp","href":"https:\/\/api.w.org\/{rel}","templated":true}]}}