{"id":3012,"date":"2020-05-08T12:57:42","date_gmt":"2020-05-08T10:57:42","guid":{"rendered":"http:\/\/sistemakalinka.com\/?page_id=3012"},"modified":"2025-08-25T09:11:38","modified_gmt":"2025-08-25T07:11:38","slug":"sobre-nosotros","status":"publish","type":"page","link":"https:\/\/sistemakalinka.com\/es\/sobre-nosotros\/","title":{"rendered":"Sobre nosotros"},"content":{"rendered":"<div class=\"container-fluid home-global\">\r\n\t<div class=\"row\">\r\n\t<div class=\"col-xs-12\">\r\n         <h1 style=\"font-size: 6rem;\r\n    color: #d54e52;\r\n    text-align: center;\r\n    font-weight: 900;\">Sobre nosotros<\/h1>\r\n         <p>\u00abSistema Kalinka\u00bb es parte de  <span class=\"pequeno-destaque\">Red Kalinka &#8211; Escuela de ruso<\/span>. Somos creadores de libros, cursos y recursos para el aprendizaje del idioma ruso.<\/p>\r\n\t<\/div>\r\n\t<\/div>\r\n\r\n   <div class=\"row\">\r\n      <div class=\"col-md-12 hidden-sm hidden-xs\">\r\n         <h2>Creamos materiales para la ense\u00f1anza<\/h2>\r\n\t\t <\/div>\r\n      <div class=\"col-md-6 col-sm-12 home-imagen-producto\">\r\n         <img decoding=\"async\" src=\"\/wp-content\/uploads\/about-us-01.jpg\" class=\"img-responsive transformar-en-foto\" style=\"transform: rotate(-12deg)\" alt=\"as\u00ed es como ense\u00f1amos ruso\">\r\n      <\/div>\r\n      <div class=\"col-md-6 col-sm-12\">\r\n         <h3>M\u00e1s de 10 a\u00f1os ense\u00f1ando ruso&#8230;<br>\u00a1Y nos encanta!<\/h3>\r\n         <p>Aprender ruso es una gran aventura. Pero este es un lenguaje muy complejo que requiere unos profesores increibles. Cuando creamos Red Kalinka &#8211; Escuela de ruso, nos dimos cuenta que nuestros alumnos necesitaban un buen m\u00e9todo de aprendizaje. Y por eso, nos pusimos manos a la obra.<\/p>\r\n\t\t <p>Despues de cinco a\u00f1os, hemos creado un sistema para aprender ruso: Sistema Kalinka. Si, nos ha costado cinco a\u00f1os crearlo, porque como ya hemos dicho, el ruso es un lenguaje muy complejo. Ahora hemos alcanzado el nivel de excelencia que exige este idioma.<\/p>\r\n\r\n      <\/div>\r\n   <\/div>\r\n\r\n   <div class=\"row home-fullwidth-con-fondo-container dar-color-01\">\r\n      <div class=\"col-md-6 col-sm-12 home-fullwidth-con-fondo\">\r\n         <div class=\"row\">\r\n            <div class=\"col-md-6\">\r\n               <h3>Sistema Kalinka: nuestro m\u00e9todo<\/h3>\r\n               <p>en Red Kalinka &#8211; Escuela de ruso hemos creado el mejor m\u00e9todo para aprender y ense\u00f1ar ruso. Sistema Kalinka te lleva desde conocimiento cero hasta el nivel B1-B2.<\/p>\r\n\t\t\t   <p style=\"margin-bottom:3em\">Esto significa que te ayudaremos <span class=\"pequeno-destaque\">a usar el ruso en tu vida cotidiana<\/span>. Tu vocabulario llegar\u00e1 a las 3000 palabras y aprender\u00e1s la mayor\u00eda de la gram\u00e1tica rusa. Y lo lograr\u00e1s gracias a un m\u00e9todo de aprendizaje agradable, amigable y emocionante.<\/p>\r\n            <\/div>\r\n            <div class=\"col-md-6\">\r\n               <img decoding=\"async\" src=\"\/wp-content\/uploads\/about-us-02.jpg\" class=\"img-responsive transformar-en-foto\" alt=\"As\u00ed es como ense\u00f1amos ruso\">\r\n            <\/div>\r\n         <\/div>\r\n      <\/div>\r\n   <\/div>\r\n<div class=\"row\">\r\n      <div class=\"col-md-12 hidden-sm hidden-xs\">\r\n         <h2>M\u00e1s all\u00e1 de Sistema Kalinka<\/h2>\r\n\t\t <\/div>\r\n\t\t <div class=\"col-md-6 col-sm-12 home-imagen-producto\">\r\n         <img decoding=\"async\" src=\"\/wp-content\/uploads\/about-us-03.jpg\" class=\"img-responsive transformar-en-foto\" style=\"transform: rotate(-12deg)\" alt=\"As\u00ed es como ense\u00f1amos ruso\">\r\n      <\/div>\r\n      <div class=\"col-md-6 col-sm-12\">\r\n         <h3> Materiales de aprendizaje de Red Kalinka <\/h3>\r\n\t\t <p>Adem\u00e1s de nuestro m\u00e9todo de ense\u00f1anza, en Red Kalinka tenemos otros recursos de aprendizaje:<\/p>\r\n\t\t  <ul>\r\n\t\t     <li>Libros en ruso f\u00e1cil con audio.<\/li>\r\n\t\t\t <li>Libros de ejercicios.<\/li>\r\n\t\t\t <li>Seminarios en v\u00eddeo.<\/li>\r\n\t\t\t <li>Clases particulares en l\u00ednea<\/li>\r\n\t\t\t <li>\u00a1Y mucho m\u00e1s!<\/li>\r\n         <\/ul>\r\n      <\/div>\r\n   <\/div>   \r\n<\/div>","protected":false},"excerpt":{"rendered":"Sobre nosotros \u00abSistema Kalinka\u00bb es parte de Red Kalinka &#8211; Escuela de ruso. Somos creadores de libros, cursos y recursos para el aprendizaje del idioma ruso. Creamos materiales para la ense\u00f1anza M\u00e1s de 10 a\u00f1os ense\u00f1ando ruso&#8230;\u00a1Y nos encanta! Aprender ruso es una gran aventura. Pero este es un lenguaje muy complejo que requiere unos [&hellip;]","protected":false},"author":47,"featured_media":0,"parent":0,"menu_order":0,"comment_status":"closed","ping_status":"closed","template":"","meta":{"footnotes":""},"class_list":["post-3012","page","type-page","status-publish","hentry"],"yoast_head":"<!-- This site is optimized with the Yoast SEO plugin v27.4 - https:\/\/yoast.com\/product\/yoast-seo-wordpress\/ -->\n<title>Sobre nosotros - Sistema Kalinka<\/title>\n<meta name=\"description\" content=\"Conoce m\u00e1s sobre nosotros y lo que hacemos para ayudar a las personas a aprender ruso.\" \/>\n<meta name=\"robots\" content=\"index, follow, max-snippet:-1, max-image-preview:large, max-video-preview:-1\" \/>\n<link rel=\"canonical\" href=\"https:\/\/sistemakalinka.com\/es\/sobre-nosotros\/\" \/>\n<meta property=\"og:locale\" content=\"es_ES\" \/>\n<meta property=\"og:type\" content=\"article\" \/>\n<meta property=\"og:title\" content=\"Sobre nosotros - Sistema Kalinka\" \/>\n<meta property=\"og:description\" content=\"Conoce m\u00e1s sobre nosotros y lo que hacemos para ayudar a las personas a aprender ruso.\" \/>\n<meta property=\"og:url\" content=\"https:\/\/sistemakalinka.com\/es\/sobre-nosotros\/\" \/>\n<meta property=\"og:site_name\" content=\"Sistema Kalinka\" \/>\n<meta property=\"article:modified_time\" content=\"2025-08-25T07:11:38+00:00\" \/>\n<meta name=\"twitter:card\" content=\"summary_large_image\" \/>\n<meta name=\"twitter:label1\" content=\"Tiempo de lectura\" \/>\n\t<meta name=\"twitter:data1\" content=\"2 minutos\" \/>\n<script type=\"application\/ld+json\" class=\"yoast-schema-graph\">{\"@context\":\"https:\\\/\\\/schema.org\",\"@graph\":[{\"@type\":\"WebPage\",\"@id\":\"https:\\\/\\\/sistemakalinka.com\\\/es\\\/sobre-nosotros\\\/\",\"url\":\"https:\\\/\\\/sistemakalinka.com\\\/es\\\/sobre-nosotros\\\/\",\"name\":\"Sobre nosotros - Sistema Kalinka\",\"isPartOf\":{\"@id\":\"https:\\\/\\\/sistemakalinka.com\\\/es\\\/#website\"},\"datePublished\":\"2020-05-08T10:57:42+00:00\",\"dateModified\":\"2025-08-25T07:11:38+00:00\",\"description\":\"Conoce m\u00e1s sobre nosotros y lo que hacemos para ayudar a las personas a aprender ruso.\",\"breadcrumb\":{\"@id\":\"https:\\\/\\\/sistemakalinka.com\\\/es\\\/sobre-nosotros\\\/#breadcrumb\"},\"inLanguage\":\"es\",\"potentialAction\":[{\"@type\":\"ReadAction\",\"target\":[\"https:\\\/\\\/sistemakalinka.com\\\/es\\\/sobre-nosotros\\\/\"]}]},{\"@type\":\"BreadcrumbList\",\"@id\":\"https:\\\/\\\/sistemakalinka.com\\\/es\\\/sobre-nosotros\\\/#breadcrumb\",\"itemListElement\":[{\"@type\":\"ListItem\",\"position\":1,\"name\":\"Home\",\"item\":\"https:\\\/\\\/sistemakalinka.com\\\/es\\\/\"},{\"@type\":\"ListItem\",\"position\":2,\"name\":\"Sobre nosotros\"}]},{\"@type\":\"WebSite\",\"@id\":\"https:\\\/\\\/sistemakalinka.com\\\/es\\\/#website\",\"url\":\"https:\\\/\\\/sistemakalinka.com\\\/es\\\/\",\"name\":\"Sistema Kalinka\",\"description\":\"Learn Russian with us\",\"potentialAction\":[{\"@type\":\"SearchAction\",\"target\":{\"@type\":\"EntryPoint\",\"urlTemplate\":\"https:\\\/\\\/sistemakalinka.com\\\/es\\\/?s={search_term_string}\"},\"query-input\":{\"@type\":\"PropertyValueSpecification\",\"valueRequired\":true,\"valueName\":\"search_term_string\"}}],\"inLanguage\":\"es\"}]}<\/script>\n<!-- \/ Yoast SEO plugin. -->","yoast_head_json":{"title":"Sobre nosotros - Sistema Kalinka","description":"Conoce m\u00e1s sobre nosotros y lo que hacemos para ayudar a las personas a aprender ruso.","robots":{"index":"index","follow":"follow","max-snippet":"max-snippet:-1","max-image-preview":"max-image-preview:large","max-video-preview":"max-video-preview:-1"},"canonical":"https:\/\/sistemakalinka.com\/es\/sobre-nosotros\/","og_locale":"es_ES","og_type":"article","og_title":"Sobre nosotros - Sistema Kalinka","og_description":"Conoce m\u00e1s sobre nosotros y lo que hacemos para ayudar a las personas a aprender ruso.","og_url":"https:\/\/sistemakalinka.com\/es\/sobre-nosotros\/","og_site_name":"Sistema Kalinka","article_modified_time":"2025-08-25T07:11:38+00:00","twitter_card":"summary_large_image","twitter_misc":{"Tiempo de lectura":"2 minutos"},"schema":{"@context":"https:\/\/schema.org","@graph":[{"@type":"WebPage","@id":"https:\/\/sistemakalinka.com\/es\/sobre-nosotros\/","url":"https:\/\/sistemakalinka.com\/es\/sobre-nosotros\/","name":"Sobre nosotros - Sistema Kalinka","isPartOf":{"@id":"https:\/\/sistemakalinka.com\/es\/#website"},"datePublished":"2020-05-08T10:57:42+00:00","dateModified":"2025-08-25T07:11:38+00:00","description":"Conoce m\u00e1s sobre nosotros y lo que hacemos para ayudar a las personas a aprender ruso.","breadcrumb":{"@id":"https:\/\/sistemakalinka.com\/es\/sobre-nosotros\/#breadcrumb"},"inLanguage":"es","potentialAction":[{"@type":"ReadAction","target":["https:\/\/sistemakalinka.com\/es\/sobre-nosotros\/"]}]},{"@type":"BreadcrumbList","@id":"https:\/\/sistemakalinka.com\/es\/sobre-nosotros\/#breadcrumb","itemListElement":[{"@type":"ListItem","position":1,"name":"Home","item":"https:\/\/sistemakalinka.com\/es\/"},{"@type":"ListItem","position":2,"name":"Sobre nosotros"}]},{"@type":"WebSite","@id":"https:\/\/sistemakalinka.com\/es\/#website","url":"https:\/\/sistemakalinka.com\/es\/","name":"Sistema Kalinka","description":"Learn Russian with us","potentialAction":[{"@type":"SearchAction","target":{"@type":"EntryPoint","urlTemplate":"https:\/\/sistemakalinka.com\/es\/?s={search_term_string}"},"query-input":{"@type":"PropertyValueSpecification","valueRequired":true,"valueName":"search_term_string"}}],"inLanguage":"es"}]}},"_links":{"self":[{"href":"https:\/\/sistemakalinka.com\/es\/wp-json\/wp\/v2\/pages\/3012","targetHints":{"allow":["GET"]}}],"collection":[{"href":"https:\/\/sistemakalinka.com\/es\/wp-json\/wp\/v2\/pages"}],"about":[{"href":"https:\/\/sistemakalinka.com\/es\/wp-json\/wp\/v2\/types\/page"}],"author":[{"embeddable":true,"href":"https:\/\/sistemakalinka.com\/es\/wp-json\/wp\/v2\/users\/47"}],"replies":[{"embeddable":true,"href":"https:\/\/sistemakalinka.com\/es\/wp-json\/wp\/v2\/comments?post=3012"}],"version-history":[{"count":10,"href":"https:\/\/sistemakalinka.com\/es\/wp-json\/wp\/v2\/pages\/3012\/revisions"}],"predecessor-version":[{"id":85617,"href":"https:\/\/sistemakalinka.com\/es\/wp-json\/wp\/v2\/pages\/3012\/revisions\/85617"}],"wp:attachment":[{"href":"https:\/\/sistemakalinka.com\/es\/wp-json\/wp\/v2\/media?parent=3012"}],"curies":[{"name":"wp","href":"https:\/\/api.w.org\/{rel}","templated":true}]}}