{"id":5874,"date":"2020-07-03T16:30:09","date_gmt":"2020-07-03T14:30:09","guid":{"rendered":"http:\/\/sistemakalinka.com\/?page_id=5874"},"modified":"2020-08-04T10:04:40","modified_gmt":"2020-08-04T08:04:40","slug":"politica-de-privacidad","status":"publish","type":"page","link":"https:\/\/sistemakalinka.com\/es\/politica-de-privacidad\/","title":{"rendered":"Pol\u00edtica de privacidad"},"content":{"rendered":"<div class = \u201dcontenedor-fluido\u201d>\r\n    <div class = \"row\">\r\n       <div class = \u201dcol-xs-12\u201d>\r\n          <h2>Pol\u00edtica de privacidad de Sistema Kalinka<\/h2>\r\n          <p>Esta pol\u00edtica de privacidad explica c\u00f3mo utilizamos los datos personales que recopilamos de usted cuando utiliza nuestro sitio web.<\/p>\r\n          <p>Temas:<\/p>\r\n          <ul>\r\n             <li>\u00bfQu\u00e9 datos recopilamos?<\/li>\r\n             <li>\u00bfC\u00f3mo recopilamos sus datos?<\/li>\r\n             <li>\u00bfC\u00f3mo usamos sus datos?<\/li>\r\n             <li>\u00bfC\u00f3mo almacenamos sus datos?<\/li>\r\n             <li>Marketing<\/li>\r\n             <li>\u00bfCu\u00e1les son sus derechos de protecci\u00f3n de datos?<\/li>\r\n             <li>\u00bfQu\u00e9 son las cookies?<\/li>\r\n             <li>\u00bfC\u00f3mo utilizamos las cookies?<\/li>\r\n             <li>\u00bfQu\u00e9 tipos de cookies utilizamos?<\/li>\r\n             <li>C\u00f3mo administrar sus cookies<\/li>\r\n             <li>Pol\u00edticas de privacidad de otros sitios web<\/li>\r\n             <li>Cambios a nuestra pol\u00edtica de privacidad<\/li>\r\n             <li>C\u00f3mo contactarnos<\/li>\r\n         <\/ul>\r\n          <h3>\u00bfQu\u00e9 datos recopilamos?<\/h3>\r\n          <p>Sistema Kalinka recopila los siguientes datos:<\/p>\r\n          <ul>\r\n             <li>Informaci\u00f3n de identificaci\u00f3n personal (nombre, direcci\u00f3n de correo electr\u00f3nico, n\u00famero de tel\u00e9fono, etc.)<\/li>\r\n         <\/ul>\r\n          <h3>\u00bfC\u00f3mo recopilamos sus datos?<\/h3>\r\n          <p>Usted proporciona directamente a Sistema Kalinka la mayor\u00eda de los datos que recopilamos. Recopilamos y procesamos datos cuando usted:<\/p>\r\n          <ul>\r\n             <li>Se registra en nuestra web o hace un pedido de cualquiera de nuestros productos o servicios.<\/li>\r\n             <li>Nos Contacta para solicitar informaci\u00f3n sobre nuestros productos o servicios.<\/li>\r\n             <li>Usa o ve nuestro sitio web a trav\u00e9s de las cookies de su navegador.<\/li>\r\n         <\/ul>\r\n          <h3>\u00bfC\u00f3mo usaremos sus datos?<\/h3>\r\n          <p>Sistema Kalinka recopila sus datos para que podamos:<\/p>\r\n          <ul>\r\n             <li>Procesar su pedido y administrar su cuenta.<\/li>\r\n             <li>Ponernos en contacto con usted cuando solicite informaci\u00f3n o para informarle sobre nuestros productos y servicios.<\/li>\r\n         <\/ul>\r\n          <p>Cuando Sistema Kalinka procesa su pedido, puede enviar sus datos y tambi\u00e9n utilizar la informaci\u00f3n resultante a agencia y entidades encargadas de evitar compras fraudulentas.<\/p>\r\n          <h3>\u00bfC\u00f3mo almacenamos sus datos?<\/h3>\r\n          <p>Sistema Kalinka almacena de forma segura sus datos en varios servicios de almacenamiento en la nube y otros servicios, los cuales operan bajo estrictas precauciones de seguridad, que incluyen, entre otras, la autenticaci\u00f3n de usuarios en m\u00faltiples pasos, el cifrado, el protocolo https y otras medidas. Adem\u00e1s, todo nuestro sitio web opera bajo el protocolo seguro https.<\/p>\r\n          <p>Sistema Kalinka mantendr\u00e1 cualquier informaci\u00f3n de identificaci\u00f3n personal y registro de transacciones indefinidamente. Si lo solicita, eliminaremos completamente sus datos de nuestros registros.<\/p>\r\n          <h3>Marketing<\/h3>\r\n          <p>Sistema Kalinka desea enviar informaci\u00f3n sobre productos y servicios que creemos que le pueden gustar. Tiene derecho en cualquier momento a evitar que Sistema Kalinka contacte con usted con fines comerciales.<\/p>\r\n          <p>Si no desea ser contactado para fines comerciales, <a href=\"\/?=5585\">cont\u00e1ctenos<\/a>.<\/p>\r\n          <h3>\u00bfCu\u00e1les son sus derechos de protecci\u00f3n de datos?<\/h3>\r\n          <p>Sistema Kalinka desea asegurarse de que conozca todos sus derechos de protecci\u00f3n de datos. Cada usuario tiene derecho a lo siguiente:<\/p>\r\n          <p><strong>El derecho de acceso<\/strong>: tiene derecho a solicitar a Sistema Kalinka copias de sus datos personales.<\/p>\r\n          <p><strong>El derecho a la rectificaci\u00f3n<\/strong>: tiene derecho a solicitar que Sistema Kalinka corrija cualquier informaci\u00f3n que considere inexacta. Tambi\u00e9n tiene derecho a solicitar a Sistema Kalinka que complete la informaci\u00f3n que cree que est\u00e1 incompleta.<\/p>\r\n          <p><strong>El derecho a borrar<\/strong>: tiene derecho a solicitar que Sistema Kalinka borre sus datos personales, bajo ciertas condiciones.<\/p>\r\n          <p><strong>El derecho a restringir el procesamiento<\/strong>: tiene derecho a solicitar que Sistema Kalinka restrinja el procesamiento de sus datos personales, bajo ciertas condiciones.<\/p>\r\n          <p><strong>El derecho a oponerse al procesamiento<\/strong>: tiene derecho a oponerse al procesamiento de sus datos personales por parte del Sistema Kalinka, bajo ciertas condiciones.<\/p>\r\n          <p><strong>El derecho a la portabilidad de datos<\/strong>: tiene derecho a solicitar que Sistema Kalinka transfiera los datos que hemos recopilado a otra organizaci\u00f3n, o directamente a usted, bajo ciertas condiciones.<\/p>\r\n          <p>Si realiza una solicitud, tenemos un mes para responderle. Si desea ejercer alguno de estos derechos, <a href=\"\/?=5585\">cont\u00e1ctenos<\/a>.<\/p>\r\n          <h3>Cookies<\/h3>\r\n          <p>Las cookies son archivos de texto ubicados en su equipo inform\u00e1tico para recopilar informaci\u00f3n est\u00e1ndar de registro de Internet e informaci\u00f3n de comportamiento de los visitantes. Cuando visita nuestro sitios web, podemos recopilar informaci\u00f3n de usted autom\u00e1ticamente a trav\u00e9s de cookies o tecnolog\u00eda similar.<\/p>\r\n          <p>Para m\u00e1s informaci\u00f3n, visite allaboutcookies.org\/es\/.<\/p>\r\n          <h3>\u00bfC\u00f3mo utilizamos las cookies?<\/h3>\r\n          <p>Sistema Kalinka utiliza cookies en una variedad de formas para mejorar su experiencia en nuestro sitio web, que incluyen:<\/p>\r\n          <ul>\r\n             <li>Mantener a nuestros usuarios logueados\/identificados.<\/li>\r\n             <li>Comprender c\u00f3mo usa nuestro sitio web.<\/li>\r\n         <\/ul>\r\n          <h3>\u00bfQu\u00e9 tipos de cookies utilizamos?<\/h3>\r\n          <p>Existen diferentes tipos de cookies, sin embargo, nuestro sitio web utiliza cookies de tipo:<\/p>\r\n          <ul>\r\n             <li>Funcionalidad: Sistema Kalinka utiliza estas cookies para que podamos reconocerlo en nuestro sitio web y recordar sus preferencias previamente seleccionadas. Estos podr\u00edan incluir el idioma que haya escogido y la ubicaci\u00f3n en la que se encuentre.<\/li>\r\n             <li>Publicidad: Sistema Kalinka utiliza estas cookies para recopilar informaci\u00f3n sobre su visita a nuestro sitio web, el contenido que ve, los enlaces que pincha y la informaci\u00f3n sobre su navegador, dispositivo y su direcci\u00f3n IP.<\/li>\r\n         <\/ul>\r\n          <h3>C\u00f3mo gestionar las cookies<\/h3>\r\n          <p>Puede configurar su navegador para que no acepte cookies, y allaboutcookies.org\/es\/ le indica c\u00f3mo eliminar las cookies de su navegador. En caso de hacerlo, algunas de las caracter\u00edsticas de nuestro sitio web podr\u00edan dejar de funcionar.<\/p>\r\n          <h3>Pol\u00edticas de privacidad de otros sitios web<\/h3>\r\n          <p>Sistema Kalinka contiene enlaces a otros sitios web. Nuestra pol\u00edtica de privacidad se aplica solo a nuestro sitio web, por lo que si hace clic en un enlace a otro sitio web, debe leer su pol\u00edtica de privacidad.<\/p>\r\n          <h3>Cambios a nuestra pol\u00edtica de privacidad<\/h3>\r\n          <p>Sistema Kalinka mantiene su pol\u00edtica de privacidad bajo revisi\u00f3n peri\u00f3dica y a\u00f1ade las actualizaciones en esta p\u00e1gina. Esta pol\u00edtica de privacidad se actualiz\u00f3 por \u00faltima vez el 1 de agosto de 2020.<\/p>\r\n          <h3>C\u00f3mo contactarnos<\/h3>\r\n          <p>Si tiene alguna pregunta sobre la pol\u00edtica de privacidad de Sistema Kalinka, los datos que tenemos sobre usted o si desea ejercer uno de sus derechos de protecci\u00f3n de datos, por favor <a href=\"\/?=5585\">cont\u00e1ctenos<\/a>.<\/p>\r\n\t\t  <h3>Deshabilitar cookies<\/h3>\r\n\t\t\t<p>Usted puede evitar que se almacenen cookies cambiando la configuraci\u00f3n su navegador (consulte la Ayuda de su navegador para saber c\u00f3mo hacerlo). Tenga en cuenta que deshabilitar las cookies afectar\u00e1 la funcionalidad de este y muchos otros sitios web que visite. La desactivaci\u00f3n de las cookies generalmente tambi\u00e9n provocar\u00e1 la desactivaci\u00f3n de ciertas funciones y caracter\u00edsticas de este sitio web.<\/p>\r\n      <\/div>\r\n   <\/div>\r\n<\/div>","protected":false},"excerpt":{"rendered":"Pol\u00edtica de privacidad de Sistema Kalinka Esta pol\u00edtica de privacidad explica c\u00f3mo utilizamos los datos personales que recopilamos de usted cuando utiliza nuestro sitio web. Temas: \u00bfQu\u00e9 datos recopilamos? \u00bfC\u00f3mo recopilamos sus datos? \u00bfC\u00f3mo usamos sus datos? \u00bfC\u00f3mo almacenamos sus datos? Marketing \u00bfCu\u00e1les son sus derechos de protecci\u00f3n de datos? \u00bfQu\u00e9 son las cookies? \u00bfC\u00f3mo [&hellip;]","protected":false},"author":47,"featured_media":0,"parent":0,"menu_order":0,"comment_status":"closed","ping_status":"open","template":"","meta":{"footnotes":""},"class_list":["post-5874","page","type-page","status-publish","hentry"],"yoast_head":"<!-- This site is optimized with the Yoast SEO plugin v27.4 - https:\/\/yoast.com\/product\/yoast-seo-wordpress\/ -->\n<title>Pol\u00edtica de privacidad - Sistema Kalinka<\/title>\n<meta name=\"description\" content=\"Pol\u00edtica de privacidad\" \/>\n<meta name=\"robots\" content=\"index, follow, max-snippet:-1, max-image-preview:large, max-video-preview:-1\" \/>\n<link rel=\"canonical\" href=\"https:\/\/sistemakalinka.com\/es\/politica-de-privacidad\/\" \/>\n<meta property=\"og:locale\" content=\"es_ES\" \/>\n<meta property=\"og:type\" content=\"article\" \/>\n<meta property=\"og:title\" content=\"Pol\u00edtica de privacidad - Sistema Kalinka\" \/>\n<meta property=\"og:description\" content=\"Pol\u00edtica de privacidad\" \/>\n<meta property=\"og:url\" content=\"https:\/\/sistemakalinka.com\/es\/politica-de-privacidad\/\" \/>\n<meta property=\"og:site_name\" content=\"Sistema Kalinka\" \/>\n<meta property=\"article:modified_time\" content=\"2020-08-04T08:04:40+00:00\" \/>\n<meta name=\"twitter:card\" content=\"summary_large_image\" \/>\n<meta name=\"twitter:label1\" content=\"Tiempo de lectura\" \/>\n\t<meta name=\"twitter:data1\" content=\"5 minutos\" \/>\n<script type=\"application\/ld+json\" class=\"yoast-schema-graph\">{\"@context\":\"https:\\\/\\\/schema.org\",\"@graph\":[{\"@type\":\"WebPage\",\"@id\":\"https:\\\/\\\/sistemakalinka.com\\\/es\\\/politica-de-privacidad\\\/\",\"url\":\"https:\\\/\\\/sistemakalinka.com\\\/es\\\/politica-de-privacidad\\\/\",\"name\":\"Pol\u00edtica de privacidad - Sistema Kalinka\",\"isPartOf\":{\"@id\":\"https:\\\/\\\/sistemakalinka.com\\\/es\\\/#website\"},\"datePublished\":\"2020-07-03T14:30:09+00:00\",\"dateModified\":\"2020-08-04T08:04:40+00:00\",\"description\":\"Pol\u00edtica de privacidad\",\"breadcrumb\":{\"@id\":\"https:\\\/\\\/sistemakalinka.com\\\/es\\\/politica-de-privacidad\\\/#breadcrumb\"},\"inLanguage\":\"es\",\"potentialAction\":[{\"@type\":\"ReadAction\",\"target\":[\"https:\\\/\\\/sistemakalinka.com\\\/es\\\/politica-de-privacidad\\\/\"]}]},{\"@type\":\"BreadcrumbList\",\"@id\":\"https:\\\/\\\/sistemakalinka.com\\\/es\\\/politica-de-privacidad\\\/#breadcrumb\",\"itemListElement\":[{\"@type\":\"ListItem\",\"position\":1,\"name\":\"Home\",\"item\":\"https:\\\/\\\/sistemakalinka.com\\\/es\\\/\"},{\"@type\":\"ListItem\",\"position\":2,\"name\":\"Pol\u00edtica de privacidad\"}]},{\"@type\":\"WebSite\",\"@id\":\"https:\\\/\\\/sistemakalinka.com\\\/es\\\/#website\",\"url\":\"https:\\\/\\\/sistemakalinka.com\\\/es\\\/\",\"name\":\"Sistema Kalinka\",\"description\":\"Learn Russian with us\",\"potentialAction\":[{\"@type\":\"SearchAction\",\"target\":{\"@type\":\"EntryPoint\",\"urlTemplate\":\"https:\\\/\\\/sistemakalinka.com\\\/es\\\/?s={search_term_string}\"},\"query-input\":{\"@type\":\"PropertyValueSpecification\",\"valueRequired\":true,\"valueName\":\"search_term_string\"}}],\"inLanguage\":\"es\"}]}<\/script>\n<!-- \/ Yoast SEO plugin. -->","yoast_head_json":{"title":"Pol\u00edtica de privacidad - Sistema Kalinka","description":"Pol\u00edtica de privacidad","robots":{"index":"index","follow":"follow","max-snippet":"max-snippet:-1","max-image-preview":"max-image-preview:large","max-video-preview":"max-video-preview:-1"},"canonical":"https:\/\/sistemakalinka.com\/es\/politica-de-privacidad\/","og_locale":"es_ES","og_type":"article","og_title":"Pol\u00edtica de privacidad - Sistema Kalinka","og_description":"Pol\u00edtica de privacidad","og_url":"https:\/\/sistemakalinka.com\/es\/politica-de-privacidad\/","og_site_name":"Sistema Kalinka","article_modified_time":"2020-08-04T08:04:40+00:00","twitter_card":"summary_large_image","twitter_misc":{"Tiempo de lectura":"5 minutos"},"schema":{"@context":"https:\/\/schema.org","@graph":[{"@type":"WebPage","@id":"https:\/\/sistemakalinka.com\/es\/politica-de-privacidad\/","url":"https:\/\/sistemakalinka.com\/es\/politica-de-privacidad\/","name":"Pol\u00edtica de privacidad - Sistema Kalinka","isPartOf":{"@id":"https:\/\/sistemakalinka.com\/es\/#website"},"datePublished":"2020-07-03T14:30:09+00:00","dateModified":"2020-08-04T08:04:40+00:00","description":"Pol\u00edtica de privacidad","breadcrumb":{"@id":"https:\/\/sistemakalinka.com\/es\/politica-de-privacidad\/#breadcrumb"},"inLanguage":"es","potentialAction":[{"@type":"ReadAction","target":["https:\/\/sistemakalinka.com\/es\/politica-de-privacidad\/"]}]},{"@type":"BreadcrumbList","@id":"https:\/\/sistemakalinka.com\/es\/politica-de-privacidad\/#breadcrumb","itemListElement":[{"@type":"ListItem","position":1,"name":"Home","item":"https:\/\/sistemakalinka.com\/es\/"},{"@type":"ListItem","position":2,"name":"Pol\u00edtica de privacidad"}]},{"@type":"WebSite","@id":"https:\/\/sistemakalinka.com\/es\/#website","url":"https:\/\/sistemakalinka.com\/es\/","name":"Sistema Kalinka","description":"Learn Russian with us","potentialAction":[{"@type":"SearchAction","target":{"@type":"EntryPoint","urlTemplate":"https:\/\/sistemakalinka.com\/es\/?s={search_term_string}"},"query-input":{"@type":"PropertyValueSpecification","valueRequired":true,"valueName":"search_term_string"}}],"inLanguage":"es"}]}},"_links":{"self":[{"href":"https:\/\/sistemakalinka.com\/es\/wp-json\/wp\/v2\/pages\/5874","targetHints":{"allow":["GET"]}}],"collection":[{"href":"https:\/\/sistemakalinka.com\/es\/wp-json\/wp\/v2\/pages"}],"about":[{"href":"https:\/\/sistemakalinka.com\/es\/wp-json\/wp\/v2\/types\/page"}],"author":[{"embeddable":true,"href":"https:\/\/sistemakalinka.com\/es\/wp-json\/wp\/v2\/users\/47"}],"replies":[{"embeddable":true,"href":"https:\/\/sistemakalinka.com\/es\/wp-json\/wp\/v2\/comments?post=5874"}],"version-history":[{"count":0,"href":"https:\/\/sistemakalinka.com\/es\/wp-json\/wp\/v2\/pages\/5874\/revisions"}],"wp:attachment":[{"href":"https:\/\/sistemakalinka.com\/es\/wp-json\/wp\/v2\/media?parent=5874"}],"curies":[{"name":"wp","href":"https:\/\/api.w.org\/{rel}","templated":true}]}}