{"id":6490,"date":"2020-08-04T10:29:36","date_gmt":"2020-08-04T08:29:36","guid":{"rendered":"http:\/\/sistemakalinka.com\/?page_id=6490"},"modified":"2025-04-10T16:43:42","modified_gmt":"2025-04-10T14:43:42","slug":"terminos-y-condiciones","status":"publish","type":"page","link":"https:\/\/sistemakalinka.com\/es\/terminos-y-condiciones\/","title":{"rendered":"T\u00e9rminos y condiciones de venta"},"content":{"rendered":"<div class=\"container-fluid\">\r\n    <div class=\"row\">\r\n       <div class=\"col-xs-12\">\r\n        <h1>Condiciones de Venta<\/h1>\r\n        <p>Las presentes Condiciones de Venta se aplican a la venta y env\u00edo de productos por parte de Sistema Kalinka a un cliente o usuario. Sistema Kalinka ofrece diferentes productos y servicios y en ocasiones se aplicar\u00e1n condiciones adicionales. Si estas condiciones adicionales discrepan de las condiciones aqu\u00ed mencionadas, las condiciones adicionales ser\u00e1n las que prevalezcan.<\/p>\r\n        <p><strong>Le rogamos que lea detenidamente las presentes condiciones antes de cursar su pedido a Sistema Kalinka. Al cursar su pedido a Sistema Kalinka, usted acepta quedar vinculado por las presentes condiciones.<\/strong><\/p>\r\n        <h2><strong>1. Nuestro contrato<\/strong><\/h2>\r\n        <p>A la hora de realizar su pedido, el usuario deber\u00e1 facilitar cierto tipo de informaciones accediendo a su cuenta. Cuando el usuario realiza el pedido, equivale a la aceptaci\u00f3n plena y entera de los precios, de la descripci\u00f3n de los productos a la venta y de las condiciones generales de venta.<\/p>\r\n        <p>Sistema Kalinka tramitar\u00e1 los pedidos siempre que los art\u00edculos est\u00e9n disponibles. A falta de disponibilidad del producto Sistema Kalinka se compromete a informar cuanto antes al usuario.<\/p>\r\n        <p>Cuando usted realice su pedido, le enviaremos un correo electr\u00f3nico confirmando la recepci\u00f3n de su pedido y el env\u00edo del mismo.<\/p>\r\n        <h2><strong>2. Precios y pago<\/strong><\/h2>\r\n        <p>Todos los precios incluir\u00e1n todos los impuestos aplicables a la hora de hacer el pedido (por ejemplo, el IVA). Los precios est\u00e1n reflejados en euros y otras monedas que en ocasiones se podr\u00e1n visualizar de modo opcional.<\/p>\r\n        <p>En cuanto al pago, Sistema Kalinka propone al usuario varias modalidades de pago que se encuentra debidamente reflejadas en el Website.<\/p>\r\n        <h2><strong>3.1 Env\u00edo de libros de papel<\/strong><\/h2>\r\n        <p>El env\u00edo de libros de papel se realizar\u00e1 en menos de 24 horas. El plazo de entrega al cliente ser\u00e1 aproximadamente el siguiente:<\/p>\r\n        <ul>\r\n        <li>Env\u00edos a Espa\u00f1a 2-3 d\u00edas laborables.<\/li>\r\n        <li>Env\u00edos a Europa 2-7 d\u00edas laborables.<\/li>\r\n        <li>Env\u00edos al resto del mundo: seg\u00fan pa\u00eds. El tiempo medio es de 4-9 d\u00edas laborables.<\/li>\r\n        <\/ul>\r\n        <p>Estas estimaciones de entrega nos son una garant\u00eda de env\u00edo. Ya que los tiempos de entrega pueden variar.<\/p>\r\n\r\n        <h2><strong>3.2 Env\u00edo de libros electr\u00f3nicos (ebooks)<\/strong><\/h2>\r\n        <p>Al comprar libros electr\u00f3nicos (ebooks), estos ser\u00e1n enviados a la direcci\u00f3n de correo electr\u00f3nico proporcionada por el usuario. Tambi\u00e9n ser\u00e1 posible acceder a estos libros y descargarlos a trav\u00e9s del \u00e1rea personal en la p\u00e1gina web de Sistema Kalinka.<\/p>\r\n        <h2><strong>4. Informaci\u00f3n Aduanera<\/strong><\/h2>\r\n        <p>Si alg\u00fan producto requiriera alg\u00fan tipo de env\u00edo postal, cuando realiza un pedido de productos en Sistema Kalinka para su entrega en un pa\u00eds no perteneciente a la Uni\u00f3n Europea, usted podr\u00eda venir obligado a abonar derechos e impuestos de importaci\u00f3n, los cuales le ser\u00e1n cobrados en el momento en el que el paquete llegue a su destino. Cualquier importe adicional debido al despacho aduanero correr\u00e1 de su cuenta. Sistema Kalinka no tiene control alguno sobre tales importes. Las pol\u00edticas aduaneras var\u00edan significativamente de un pa\u00eds a otro por lo que, para mayor informaci\u00f3n, le rogamos consulte con la oficina aduanera correspondiente.<\/p>\r\n        <h2><strong>5. Devoluciones<\/strong><\/h2>\r\n        <p>En la compra de libros que requieren env\u00edo postal, estos pueden ser reembolsados en los 15 d\u00edas siguientes a su compra, siempre que est\u00e9s completos, no utilizados y sin da\u00f1os.<\/p>\r\n        <p>No podr\u00e1n ser devueltos los siguiente productos y servicios:<\/p>\r\n        <ul>\r\n        <li>Productos que llevan una menci\u00f3n contraria.\u00a0<\/li>\r\n        <li>Productos y servicios electr\u00f3nicos (clases, clases por Skype, cursos, software, acceso a servicios online, libros electr\u00f3nicos y otros archivos inform\u00e1ticos), que no podr\u00e1n ser intercambiados o reembolsados, salvo error por parte de Sistema Kalinka. El per\u00edodo de prueba de 7 d\u00edas para las suscripciones al video curso, as\u00ed como a los ejercicios online, solo se puede usar una vez por usuario. \u00a0<\/li>\r\n        <li>Los productos descargables (como por ejemplo, libros electr\u00f3nicos) no pueden ser devueltos.<\/li>\r\n        <li>Los productos multimedia precintados (DVD. Blu-Ray, CD, software en soporte f\u00edsico, etc) s\u00f3lo podr\u00e1n ser devueltos si el envoltorio no ha sido retirado o si el precinto no ha sido da\u00f1ado.<\/li>\r\n        <\/ul>\r\n        <p>Los gastos de transporte originados por el intercambio o por la devoluci\u00f3n por insatisfacci\u00f3n por parte del cliente correr\u00e1n a cargo del usuario.<\/p>\r\n        <p>Si el cambio o la devoluci\u00f3n se debieran a un error por parte de los servicios de Sistema Kalinka, Sistema Kalinka reembolsar\u00eda los gastos de porte pagados.<\/p>\r\n        <h2><strong>6. Reembolsos<\/strong><\/h2>\r\n        <p><strong>Siempre y cuando se cumplan las condiciones expuestas en el apartado 5<\/strong>, Sistema Kalinka proceder\u00e1 al reembolso de las cantidades consignadas por el comprador por el mismo m\u00e9todo que haya usado este:<\/p>\r\n        <ul>\r\n        <li>Para pagos con tarjeta de cr\u00e9dito\/d\u00e9bito: el comprador recibir\u00e1 el reembolso en la tarjeta que haya utilizado para realizar el pago.<\/li>\r\n        <li>Para pagos mediante tranferencia bancaria o Western Union: el comprador recibir\u00e1 una transferencia bancaria o mediante Western Union<\/li>\r\n        <li>Para pagos mediante medios electr\u00f3nicos (como Paypal): el comprador recibir\u00e1 el reembolso a trav\u00e9s del mismo m\u00e9todo de pago electr\u00f3nico.<\/li>\r\n        <\/ul>\r\n        <p>El reembolso de las cantidades nunca superar\u00e1 los 14 d\u00edas naturales desde la recepci\u00f3n de la petici\u00f3n de reembolso.<\/p>\r\n        <h2><strong>8. Caducidad de las clases individuales<\/strong><\/h2>\r\n        <p>Cuando las clases caducan el alumno no podr\u00e1 realizarlas en el futuro. Las clases individuales (clases por Skype) compradas caducar\u00e1n cuando ocurra cualquiera de estas dos circunstancias:<\/p>\r\n        <ol>\r\n        <li>Cuando 6 meses despu\u00e9s de haber comprado clases, el alumno no haya realizado ninguna de ellas.<\/li>\r\n        <li>Cuando 6 meses despu\u00e9s de haber realizado la \u00faltima clase, el alumno no ha realizado m\u00e1s clases.<\/li>\r\n        <\/ol>\r\n        <p>*Esta condici\u00f3n no quiere decir que las clases caducan a los 6 meses de haberse comprado. Esta condici\u00f3n quiere decir que las clases caducan si durante un periodo de 6 meses el alumno no realiza ninguna clase. <span style=\"text-decoration: underline;\">Si un alumno realiza clases de forma regular, sus clases no caducan nunca<\/span>.<\/p>\r\n        <h2><strong>7. Cancelaci\u00f3n de suscripciones<\/strong><\/h2>\r\n        <p>Para cancelar una suscripci\u00f3n, ser\u00e1 necesario enviar un email a info@sistemakalinka.com, indicando que no se desea continuar con los pagos de la suscripci\u00f3n. Se puede cancelar cualquier suscripci\u00f3n hasta 72 horas antes del cargo en la tarjeta de cr\u00e9dito\/d\u00e9bito.<\/p>\r\n        <h2><strong>9. Garant\u00eda de descarga de libros<\/strong><\/h2>\r\n        <p>Una vez comprado un libro, garantizamos que la descarga del mismo podr\u00e1 realizarse. Adem\u00e1s, el libro se podr\u00e1 descargar hasta 10 veces para que pueda usarse en diferentes dispositivos. En caso de problemas t\u00e9cnicos para la descarga, suministraremos m\u00e9todos de descarga alternativos.<\/p>\r\n        <h2><strong>10. Nuestra responsabilidad<\/strong><\/h2>\r\n        <p>Ni Sistema Kalinka ni las sociedades de su grupo ser\u00e1n responsable de (i) cualesquiera p\u00e9rdidas que no fueran atribuibles a incumplimiento alguno por su parte, (ii) p\u00e9rdidas empresariales (incluyendo lucro cesante, de ingresos, de contratos, de ahorros previstos, de datos, p\u00e9rdida del fondo de comercio o gastos innecesarios incurridos), o de (iii) cualesquiera p\u00e9rdidas indirectas o de car\u00e1cter consecuencial que no fueran razonablemente previsibles por ambas partes en el momento en que se formaliz\u00f3 el contrato de compraventa de los productos entre ambas partes.<\/p>\r\n        <p>La legislaci\u00f3n de algunos pa\u00edses pudiera no permitir alguno o la totalidad de los l\u00edmites de responsabilidad previstos anteriormente. En caso de que dicha legislaci\u00f3n le fuera de aplicaci\u00f3n, alguno o la totalidad de dichos l\u00edmites pudieran no serle aplicables. Asimismo dicha legislaci\u00f3n pudiera conferirle derechos adicionales a los aqu\u00ed previstos.<\/p>\r\n        <p>Nada de lo dispuesto en las presentes condiciones limita o excluye nuestra responsabilidad en caso de falsedad, ni por fallecimiento o da\u00f1os personales atribuibles a nuestra negligencia o dolo.<\/p>\r\n        <p>Asimismo Sistema Kalinka no ser\u00e1 responsable de ninguna demora o incumplimiento de sus obligaciones derivadas de las presentes condiciones si dicha demora o incumplimiento fuera atribuible a circunstancias ajenas a nuestro control razonable. Esta disposici\u00f3n no afecta a su derecho a recibir el producto en un plazo razonable. Si la demora tuviera lugar con car\u00e1cter anterior a la remisi\u00f3n del producto, Sistema Kalinka no le cobrar\u00e1 importe alguno por dicho producto hasta que el mismo le fuera remitido, pudiendo usted cancelar el pedido en cualquier momento previo a dicha expedici\u00f3n.<\/p>\r\n        <p>Los t\u00e9rminos y condiciones de la garant\u00eda que Sistema Kalinka ofrece sobre sus productos var\u00edan en funci\u00f3n de la persona que realiza la compra: un \u00abconsumidor\u00bb o bien otra persona que \u00abact\u00fae con fines que entran en el marco de su actividad profesional\u00bb, de conformidad con lo dispuesto en la Directiva 1999\/44\/CE del Parlamento Europeo y del Consejo.<\/p>\r\n        <p>Sistema Kalinka no ser\u00e1 responsable del cumplimiento de las obligaciones previstas en la Garant\u00eda Comercial ofrecida por terceros.<\/p>\r\n        <h2><strong>11. Ley aplicable<\/strong><\/h2>\r\n        <p>Las presentes condiciones se regir\u00e1n e interpretar\u00e1n de conformidad con las leyes espa\u00f1olas.<\/p>\r\n        <h2><strong>12. Modificaci\u00f3n de las condiciones de venta<\/strong><\/h2>\r\n        <p>Nos reservamos el derecho a realizar cambios a nuestro sitio web, a nuestras pol\u00edticas y a nuestros t\u00e9rminos y condiciones, incluyendo a las presentes Condiciones de Venta, en cualquier momento. Usted quedar\u00e1 sujeto a los t\u00e9rminos y condiciones, pol\u00edticas y Condiciones de Venta en vigor en el momento en que realice su pedido, a menos que, por ley o por requerimiento de las autoridades p\u00fablicas, se deba efectuar un cambio a dichos t\u00e9rminos y condiciones, pol\u00edticas o a las presentes Condiciones de Venta (en cuyo caso, tales cambios podr\u00edan resultar aplicables a cualesquiera pedidos que hubiera realizado anteriormente). Si alguna de las presentes condiciones fuera declarada inv\u00e1lida, nula o por cualquier causa ineficaz, dicha condici\u00f3n se entender\u00e1 excluida sin que dicha declaraci\u00f3n pueda afectar a la validez ni a la exigibilidad del resto de condiciones.<\/p>\r\n        <h2><strong>13. Renuncia<\/strong><\/h2>\r\n        <p>En caso de incumplimiento por su parte de las presentes Condiciones de Venta, y a\u00fan cuando Sistema Kalinka pudiera no ejercitar cualesquiera derechos a su alcance en dicho momento, Sistema Kalinka podr\u00e1 hacer uso de tales derechos y acciones en cualquier otra ocasi\u00f3n en la que usted pudiera incumplir las presentes Condiciones de Venta.<\/p>\r\n        <h2><strong>14. Firma<\/strong><\/h2>\r\n        <p>El usuario que no disponga de una cuenta de usuario tendr\u00e1 que seguir un procedimiento de inscripci\u00f3n que le permitir\u00e1 obtener dicha cuenta. En los casos en que no sea necesario, podr\u00e1 realizar su pedido sin crear cuenta alguna. Esta cuenta es estrictamente personal.<\/p>\r\n        <p>La validaci\u00f3n final del pedido constituir\u00e1 la prueba del pedido de acuerdo con las disposiciones legales y permitir\u00e1n la exigibilidad de las sumas que figurar\u00e1n en la orden de pedido.<\/p>\r\n        <p>Esta validaci\u00f3n vale como firma y aceptaci\u00f3n de todas las operaciones efectuadas sobre el Website.<\/p>\r\n        <h2><strong>15. Tratamiento de datos de car\u00e1cter personal<\/strong><\/h2>\r\n        <p>En cumplimiento de lo dispuesto en la Ley 15\/1.999, del 13 de diciembre, de Protecci\u00f3n de Datos de Car\u00e1cter Personal, te informamos que todos los datos que nos proporciones a trav\u00e9s de la orden de pedido, ser\u00e1n incorporados en una base de datos propiedad de Sistema Kalinka, con la finalidad de poder gestionar la solicitud o los pedidos y su cobro y, asimismo para remitirte informaci\u00f3n sobre productos y servicios comercializados por Sistema Kalinka.<\/p>\r\n        <p>Tu consentimiento para recibir informaci\u00f3n sobre productos comercializados por Sistema Kalinka se entender\u00e1 prestado de forma manifiesta e inequ\u00edvoca mediante la comunicaci\u00f3n de tus datos a Sistema Kalinka. Estos env\u00edos publicitarios podr\u00e1n realizarse por cualquier medio, incluyendo llamadas, mensajes SMS, MMS y correo electr\u00f3nico. Te informamos que los datos que nos facilites no ser\u00e1n cedidos en ning\u00fan caso a otras empresas.<\/p>\r\n        <p>Salvo que espec\u00edficamente se establezca lo contrario, se considerar\u00e1 necesario completar todos los datos requeridos en los formularios y cupones que encontrar\u00e1s en esta web. En el caso de no suministrar todos los datos estimados como necesarios, Sistema Kalinka podr\u00e1, dependiendo del caso, no cursar tu pedido.<\/p>\r\n        <p>En cualquier momento podr\u00e1s ejercer el derecho de acceso, rectificaci\u00f3n, cancelaci\u00f3n y, en su caso, manifestar tu deseo de NO recibir ning\u00fan tipo de publicidad. Para ello, puedes enviar una comunicaci\u00f3n escrita a info@sistemakalinka.com con el asunto LOPD e indicando en el mensaje tu nombre\/apellidos y n\u00famero de cliente junto con la frase \u201cNo quiero recibir publicidad de Sistema Kalinka\u201d.<\/p>\r\n        <p>Los registros informatizados, conservados en los sistemas inform\u00e1ticos de sociedad Sistema Kalinka y de sus socios en condiciones razonables de seguridad, se considerar\u00e1n como una prueba de las comunicaciones, de los pedidos y pagos producidos entre las partes.<\/p>\r\n        <h2><strong>16. Propiedad intelectual<\/strong><\/h2>\r\n        <p>Todos los elementos del Website sistemakalinka.com, que sean visuales o sonoros, incluida la tecnolog\u00eda subyacente, est\u00e1n protegidos por el derecho de autor, de marcas o de patentes.<\/p>\r\n        <p>Todos estos elementos son de propiedad exclusiva de Sistema Kalinka.<\/p>\r\n        <p>El usuario que dispone de un Website Internet y que desea colocar, para su uso personal, un v\u00ednculo que env\u00ede directamente al Website sistemakalinka.com, tiene que pedir obligatoriamente la autorizaci\u00f3n a Sistema Kalinka.<\/p>\r\n        <p>Todo v\u00ednculo reenviando al Website sistemakalinka.com utilizando la t\u00e9cnica del framing o del in -Line linking est\u00e1 formalmente prohibido.<\/p>\r\n        <p>En todo caso, cualquier v\u00ednculo, incluso t\u00e1citamente autorizado, ser\u00e1 retirado bajo previa petici\u00f3n de Sistema Kalinka.<\/p>\r\n        <h2><strong>17. Nuestros datos<\/strong><\/h2>\r\n        <p>Sistema Kalinka es un nombre comercial\u00a0 de Macrolanguages s.l. Nuestros datos de contacto son los siguientes:<br \/>Calle Col\u00f3n 3 2D<br \/> 33208 Gij\u00f3n, Asturias, Espa\u00f1a<br \/> N\u00famero de Registro de IVA como operador intracomunitario: ESB21712443<\/p>\r\n        <p>\u00a0<\/p>\r\n       <\/div>\r\n    <\/div>\r\n <\/div>","protected":false},"excerpt":{"rendered":"Condiciones de Venta Las presentes Condiciones de Venta se aplican a la venta y env\u00edo de productos por parte de Sistema Kalinka a un cliente o usuario. Sistema Kalinka ofrece diferentes productos y servicios y en ocasiones se aplicar\u00e1n condiciones adicionales. Si estas condiciones adicionales discrepan de las condiciones aqu\u00ed mencionadas, las condiciones adicionales ser\u00e1n [&hellip;]","protected":false},"author":47,"featured_media":0,"parent":0,"menu_order":0,"comment_status":"closed","ping_status":"closed","template":"","meta":{"footnotes":""},"class_list":["post-6490","page","type-page","status-publish","hentry"],"yoast_head":"<!-- This site is optimized with the Yoast SEO plugin v27.4 - https:\/\/yoast.com\/product\/yoast-seo-wordpress\/ -->\n<title>T\u00e9rminos y condiciones de venta - Sistema Kalinka<\/title>\n<meta name=\"robots\" content=\"index, follow, max-snippet:-1, max-image-preview:large, max-video-preview:-1\" \/>\n<link rel=\"canonical\" href=\"https:\/\/sistemakalinka.com\/es\/terminos-y-condiciones\/\" \/>\n<meta property=\"og:locale\" content=\"es_ES\" \/>\n<meta property=\"og:type\" content=\"article\" \/>\n<meta property=\"og:title\" content=\"T\u00e9rminos y condiciones de venta - Sistema Kalinka\" \/>\n<meta property=\"og:description\" content=\"Condiciones de Venta Las presentes Condiciones de Venta se aplican a la venta y env\u00edo de productos por parte de Sistema Kalinka a un cliente o usuario. Sistema Kalinka ofrece diferentes productos y servicios y en ocasiones se aplicar\u00e1n condiciones adicionales. Si estas condiciones adicionales discrepan de las condiciones aqu\u00ed mencionadas, las condiciones adicionales ser\u00e1n [&hellip;]\" \/>\n<meta property=\"og:url\" content=\"https:\/\/sistemakalinka.com\/es\/terminos-y-condiciones\/\" \/>\n<meta property=\"og:site_name\" content=\"Sistema Kalinka\" \/>\n<meta property=\"article:modified_time\" content=\"2025-04-10T14:43:42+00:00\" \/>\n<meta name=\"twitter:card\" content=\"summary_large_image\" \/>\n<meta name=\"twitter:label1\" content=\"Tiempo de lectura\" \/>\n\t<meta name=\"twitter:data1\" content=\"10 minutos\" \/>\n<script type=\"application\/ld+json\" class=\"yoast-schema-graph\">{\"@context\":\"https:\\\/\\\/schema.org\",\"@graph\":[{\"@type\":\"WebPage\",\"@id\":\"https:\\\/\\\/sistemakalinka.com\\\/es\\\/terminos-y-condiciones\\\/\",\"url\":\"https:\\\/\\\/sistemakalinka.com\\\/es\\\/terminos-y-condiciones\\\/\",\"name\":\"T\u00e9rminos y condiciones de venta - Sistema Kalinka\",\"isPartOf\":{\"@id\":\"https:\\\/\\\/sistemakalinka.com\\\/es\\\/#website\"},\"datePublished\":\"2020-08-04T08:29:36+00:00\",\"dateModified\":\"2025-04-10T14:43:42+00:00\",\"breadcrumb\":{\"@id\":\"https:\\\/\\\/sistemakalinka.com\\\/es\\\/terminos-y-condiciones\\\/#breadcrumb\"},\"inLanguage\":\"es\",\"potentialAction\":[{\"@type\":\"ReadAction\",\"target\":[\"https:\\\/\\\/sistemakalinka.com\\\/es\\\/terminos-y-condiciones\\\/\"]}]},{\"@type\":\"BreadcrumbList\",\"@id\":\"https:\\\/\\\/sistemakalinka.com\\\/es\\\/terminos-y-condiciones\\\/#breadcrumb\",\"itemListElement\":[{\"@type\":\"ListItem\",\"position\":1,\"name\":\"Home\",\"item\":\"https:\\\/\\\/sistemakalinka.com\\\/es\\\/\"},{\"@type\":\"ListItem\",\"position\":2,\"name\":\"T\u00e9rminos y condiciones de venta\"}]},{\"@type\":\"WebSite\",\"@id\":\"https:\\\/\\\/sistemakalinka.com\\\/es\\\/#website\",\"url\":\"https:\\\/\\\/sistemakalinka.com\\\/es\\\/\",\"name\":\"Sistema Kalinka\",\"description\":\"Learn Russian with us\",\"potentialAction\":[{\"@type\":\"SearchAction\",\"target\":{\"@type\":\"EntryPoint\",\"urlTemplate\":\"https:\\\/\\\/sistemakalinka.com\\\/es\\\/?s={search_term_string}\"},\"query-input\":{\"@type\":\"PropertyValueSpecification\",\"valueRequired\":true,\"valueName\":\"search_term_string\"}}],\"inLanguage\":\"es\"}]}<\/script>\n<!-- \/ Yoast SEO plugin. -->","yoast_head_json":{"title":"T\u00e9rminos y condiciones de venta - Sistema Kalinka","robots":{"index":"index","follow":"follow","max-snippet":"max-snippet:-1","max-image-preview":"max-image-preview:large","max-video-preview":"max-video-preview:-1"},"canonical":"https:\/\/sistemakalinka.com\/es\/terminos-y-condiciones\/","og_locale":"es_ES","og_type":"article","og_title":"T\u00e9rminos y condiciones de venta - Sistema Kalinka","og_description":"Condiciones de Venta Las presentes Condiciones de Venta se aplican a la venta y env\u00edo de productos por parte de Sistema Kalinka a un cliente o usuario. Sistema Kalinka ofrece diferentes productos y servicios y en ocasiones se aplicar\u00e1n condiciones adicionales. Si estas condiciones adicionales discrepan de las condiciones aqu\u00ed mencionadas, las condiciones adicionales ser\u00e1n [&hellip;]","og_url":"https:\/\/sistemakalinka.com\/es\/terminos-y-condiciones\/","og_site_name":"Sistema Kalinka","article_modified_time":"2025-04-10T14:43:42+00:00","twitter_card":"summary_large_image","twitter_misc":{"Tiempo de lectura":"10 minutos"},"schema":{"@context":"https:\/\/schema.org","@graph":[{"@type":"WebPage","@id":"https:\/\/sistemakalinka.com\/es\/terminos-y-condiciones\/","url":"https:\/\/sistemakalinka.com\/es\/terminos-y-condiciones\/","name":"T\u00e9rminos y condiciones de venta - Sistema Kalinka","isPartOf":{"@id":"https:\/\/sistemakalinka.com\/es\/#website"},"datePublished":"2020-08-04T08:29:36+00:00","dateModified":"2025-04-10T14:43:42+00:00","breadcrumb":{"@id":"https:\/\/sistemakalinka.com\/es\/terminos-y-condiciones\/#breadcrumb"},"inLanguage":"es","potentialAction":[{"@type":"ReadAction","target":["https:\/\/sistemakalinka.com\/es\/terminos-y-condiciones\/"]}]},{"@type":"BreadcrumbList","@id":"https:\/\/sistemakalinka.com\/es\/terminos-y-condiciones\/#breadcrumb","itemListElement":[{"@type":"ListItem","position":1,"name":"Home","item":"https:\/\/sistemakalinka.com\/es\/"},{"@type":"ListItem","position":2,"name":"T\u00e9rminos y condiciones de venta"}]},{"@type":"WebSite","@id":"https:\/\/sistemakalinka.com\/es\/#website","url":"https:\/\/sistemakalinka.com\/es\/","name":"Sistema Kalinka","description":"Learn Russian with us","potentialAction":[{"@type":"SearchAction","target":{"@type":"EntryPoint","urlTemplate":"https:\/\/sistemakalinka.com\/es\/?s={search_term_string}"},"query-input":{"@type":"PropertyValueSpecification","valueRequired":true,"valueName":"search_term_string"}}],"inLanguage":"es"}]}},"_links":{"self":[{"href":"https:\/\/sistemakalinka.com\/es\/wp-json\/wp\/v2\/pages\/6490","targetHints":{"allow":["GET"]}}],"collection":[{"href":"https:\/\/sistemakalinka.com\/es\/wp-json\/wp\/v2\/pages"}],"about":[{"href":"https:\/\/sistemakalinka.com\/es\/wp-json\/wp\/v2\/types\/page"}],"author":[{"embeddable":true,"href":"https:\/\/sistemakalinka.com\/es\/wp-json\/wp\/v2\/users\/47"}],"replies":[{"embeddable":true,"href":"https:\/\/sistemakalinka.com\/es\/wp-json\/wp\/v2\/comments?post=6490"}],"version-history":[{"count":8,"href":"https:\/\/sistemakalinka.com\/es\/wp-json\/wp\/v2\/pages\/6490\/revisions"}],"predecessor-version":[{"id":79112,"href":"https:\/\/sistemakalinka.com\/es\/wp-json\/wp\/v2\/pages\/6490\/revisions\/79112"}],"wp:attachment":[{"href":"https:\/\/sistemakalinka.com\/es\/wp-json\/wp\/v2\/media?parent=6490"}],"curies":[{"name":"wp","href":"https:\/\/api.w.org\/{rel}","templated":true}]}}