{"id":6501,"date":"2020-08-04T10:51:02","date_gmt":"2020-08-04T08:51:02","guid":{"rendered":"http:\/\/sistemakalinka.com\/?page_id=6501"},"modified":"2023-07-25T12:31:46","modified_gmt":"2023-07-25T10:31:46","slug":"avisos-legales","status":"publish","type":"page","link":"https:\/\/sistemakalinka.com\/es\/avisos-legales\/","title":{"rendered":"Avisos legales"},"content":{"rendered":"<h2>Avisos legales<\/h2>\r\n<p>En cumplimiento del art\u00edculo 10 de la Ley 34\/2002, de 11 de julio, de Servicios de la Sociedad de la Informaci\u00f3n y Comercio Electr\u00f3nico, a continuaci\u00f3n se exponen nuestros datos:<\/p>\r\n<p>Jos\u00e9 A. Santiago Tom\u00e1s (J.A.S.T.)<\/p>\r\n<p>Calle Soria 13 bajo derecha<br>\r\n33208 Gij\u00f3n, Asturias<br>\r\nEspa\u00f1a<br>\r\nES-53526575-D<br>\r\n<\/p>\r\n<h3>Propiedad Intelectual<\/h3>\r\n<p>El c\u00f3digo fuente, los dise\u00f1os gr\u00e1ficos, las im\u00e1genes, las animaciones, el software, los textos, base de datos, as\u00ed como la informaci\u00f3n y los contenidos que se recogen en los dominios sistemakalinka.com y www.sistemakalinka.com son propiedad de Jos\u00e9 A. Santiago Tom\u00e1s (J.A.S.T.) o sus proveedores y no se permite la reproducci\u00f3n y\/o publicaci\u00f3n, total o parcial, del sitio web, ni su tratamiento inform\u00e1tico, su distribuci\u00f3n, su comunicaci\u00f3n p\u00fablica, ni su modificaci\u00f3n o transformaci\u00f3n, sin el permiso previo y por escrito de Jos\u00e9 A. Santiago Tom\u00e1s (J.A.S.T.).<\/p>\r\n<p>El usuario, \u00fanica y exclusivamente, puede utilizar el material que aparezca en este sitio web para su uso personal y privado, quedando prohibido su uso con fines comerciales o para incurrir en actividades contrarias a la ley.<\/p>\r\n<h3>Condiciones de utilizaci\u00f3n del sitio web sistemakalinka.com<\/h3>\r\n<p>La utilizaci\u00f3n de la web implica la aceptaci\u00f3n plena y sin reservas de todas y cada una de las disposiciones incluidas en este Aviso Legal en el momento mismo en que el Usuario acceda a la p\u00e1gina. En consecuencia, el usuario debe leer atentamente el presente Aviso Legal.<p>\r\n<p>1. Jos\u00e9 A. Santiago Tom\u00e1s (J.A.S.T.) podr\u00e1 modificar o actualizar, sin previo aviso, la informaci\u00f3n contenida en su sitio web, as\u00ed como su configuraci\u00f3n, presentaci\u00f3n y condiciones de acceso.<br>\r\n2. Todas las informaciones, fotos y datos que aparecen en esta p\u00e1gina Web no tienen valor contractual, pudiendo ser modificadas sin previo aviso conforme a la voluntad de Jos\u00e9 A. Santiago Tom\u00e1s (J.A.S.T.).<br>\r\n3. El Usuario se compromete a utilizar la p\u00e1gina web de conformidad con la ley y el presente Aviso Legal, as\u00ed como con la moral y las buenas costumbres generalmente aceptadas y el orden p\u00fablico.<br>\r\n4. Jos\u00e9 A. Santiago Tom\u00e1s (J.A.S.T.) garantiza que todos los contenidos y servicios que se ofrecen en sistemakalinka.com respetan el principio de dignidad de la persona, el principio de no-discriminaci\u00f3n por motivos de raza, sexo, religi\u00f3n, opini\u00f3n, nacionalidad, discapacidad o cualquier otra circunstancia personal y social, as\u00ed como el principio de protecci\u00f3n de la juventud y de la infancia.<br>\r\n5. Jos\u00e9 A. Santiago Tom\u00e1s (J.A.S.T.) se compromete a trav\u00e9s de este medio a NO REALIZAR PUBLICIDAD ENGA\u00d1OSA. No ser\u00e1n considerados como publicidad enga\u00f1osa los errores formales o num\u00e9ricos que puedan encontrarse a lo largo del contenido de las distintas secciones de la web. sistemakalinka.com se compromete a corregirlo tan pronto como tenga conocimiento de dichos errores.\r\n6. Jos\u00e9 A. Santiago Tom\u00e1s (J.A.S.T.) se compromete a NO REMITIR COMUNICACIONES COMERCIALES SIN IDENTIFICARLAS COMO TALES, conforme a lo dispuesto en la Ley 34\/2002 de Servicios de la Sociedad de la Informaci\u00f3n y de comercio electr\u00f3nico.<br>\r\nNo ser\u00e1 considerado como comunicaci\u00f3n comercial toda la informaci\u00f3n que se env\u00ede a los clientes de Jos\u00e9 A. Santiago Tom\u00e1s (J.A.S.T.) siempre que tenga por finalidad el mantenimiento de la relaci\u00f3n contractual existente entre cliente y Jos\u00e9 A. Santiago Tom\u00e1s (J.A.S.T.) as\u00ed como el desempe\u00f1o de tareas de informaci\u00f3n y otras actividades propias del servicio que el cliente pudiera contratar con la empresa. En alguno casos, nos comunicaremos con nuestros clientes y usuarios para informarles de recursos que ponemos a su disposici\u00f3n para el estudio del ruso. \r\n7. Tanto el acceso a este web como el uso que pueda hacerse de la informaci\u00f3n contenida en el mismo es de la exclusiva responsabilidad de quien lo realiza. Jos\u00e9 A. Santiago Tom\u00e1s (J.A.S.T.) no responder\u00e1 de ninguna consecuencia, da\u00f1o o perjuicio que pudieran derivarse de dicho acceso o uso de la informaci\u00f3n. Jos\u00e9 A. Santiago Tom\u00e1s (J.A.S.T.) no se hace responsable de los posibles errores de seguridad que se puedan producir ni de los posibles da\u00f1os que puedan causarse al sistema inform\u00e1tico del usuario (hardware y software), los ficheros o documentos almacenados en el mismo, como consecuencia de la presencia de virus en el ordenador del usuario utilizado para la conexi\u00f3n a los servicios y contenidos de la web, de un mal funcionamiento del navegador o del uso de versiones no actualizadas del mismo.<br>\r\n8. Todo enlace de terceros a esta web debe serlo a su p\u00e1gina principal o de entrada.<br>\r\n9. Jos\u00e9 A. Santiago Tom\u00e1s (J.A.S.T.) y el usuario, con renuncia expresa a cualquier otro fuero, se someten al de los juzgados y tribunales del domicilio del usuario para cualquier controversia que pudiera derivarse del acceso a esta web. En el caso de que el usuario tenga su domicilio fuera de Espa\u00f1a, Jos\u00e9 A. Santiago Tom\u00e1s (J.A.S.T.) y el usuario se someten, con renuncia expresa a cualquier otro fuero, a los juzgados y tribunales de la ciudad de Gij\u00f3n (Espa\u00f1a).<\/p>\r\n<h3>Pol\u00edtica de Protecci\u00f3n de Datos de Car\u00e1cter Personal<\/h3>\r\n<p>En cumplimiento de la Ley Org\u00e1nica 15\/1999, de 13 de diciembre, de Protecci\u00f3n de Datos de Car\u00e1cter Personal, que tiene como finalidad garantizar y proteger en lo que concierne al tratamiento de datos personales, las libertades p\u00fablicas y los derechos fundamentales de las personas f\u00edsicas, y especialmente su honor e intimidad personal y familiar, cuando el tratamiento se hace en territorio espa\u00f1ol y en el marco de las actividades de un establecimiento del responsable del tratamiento, Jos\u00e9 A. Santiago Tom\u00e1s (J.A.S.T.), informa a todos los usuarios del portal sistemakalinka.com  acerca de la pol\u00edtica de protecci\u00f3n de datos de car\u00e1cter personal, para que los usuarios puedan, con total libertad, decidir si desean facilitar los datos que les puedan ser requeridos con motivo de la suscripci\u00f3n o registro en alguno\/s servicios que ofrece  Jos\u00e9 A. Santiago Tom\u00e1s (J.A.S.T.), a trav\u00e9s de su portal.<\/p>\r\n<p>No obstante ello,  Jos\u00e9 A. Santiago Tom\u00e1s (J.A.S.T.), se reserva el derecho a modificar estas condiciones con el fin de adaptarlas a las modificaciones legislativas o a las pr\u00e1cticas del sector, en cuyo caso informar\u00e1 con la debida antelaci\u00f3n mediante anuncio en esta p\u00e1gina.<\/p>\r\n<p>Los datos personales recogidos, que usted nos facilite al rellenar la Solicitud de Suscripci\u00f3n o Registro en cualquiera de nuestros servicios en los que sea necesario registrarse o suscribirse, ser\u00e1n objeto de tratamiento automatizado e incorporados a los ficheros de GESTI\u00d3N de  Jos\u00e9 A. Santiago Tom\u00e1s (J.A.S.T.), con el fin de poder mantener la relaci\u00f3n contractual, en su caso, establecida con  Jos\u00e9 A. Santiago Tom\u00e1s (J.A.S.T.), as\u00ed como la gesti\u00f3n, administraci\u00f3n, prestaci\u00f3n, ampliaci\u00f3n y mejora de nuestros servicios y darles tr\u00e1mite, enviarle informaci\u00f3n y publicidad sobre las ofertas, promociones y recomendaciones de  Jos\u00e9 A. Santiago Tom\u00e1s (J.A.S.T.), y para realizar estad\u00edsticas y an\u00e1lisis de las tendencias del mercado y encuestas, que el usuario no estar\u00e1 en ning\u00fan caso obligado a contestar.<\/p>\r\n<p>Salvo en los campos en que se indique lo contrario, las respuestas a las preguntas sobre sus datos son voluntarias, sin que la falta de contestaci\u00f3n a las mismas implique una merma de calidad, o imposibilidad de prestar el servicio salvo que se indique otra cosa.<\/p>\r\n<p>Asimismo le informamos que usted tiene la posibilidad de ejercer los derechos de acceso, rectificaci\u00f3n, cancelaci\u00f3n, y oposici\u00f3n de sus datos de car\u00e1cter personal, siendo el Responsable del Fichero:<br>\r\nJos\u00e9 A. Santiago Tom\u00e1s (J.A.S.T.)<br>\r\nMar\u00eda Dolores 15, 5A<br>\r\n33210 Gij\u00f3n, Asturias<br>\r\nES-53526575-D<br>\r\n<\/p>\r\n","protected":false},"excerpt":{"rendered":"Avisos legales En cumplimiento del art\u00edculo 10 de la Ley 34\/2002, de 11 de julio, de Servicios de la Sociedad de la Informaci\u00f3n y Comercio Electr\u00f3nico, a continuaci\u00f3n se exponen nuestros datos: Jos\u00e9 A. Santiago Tom\u00e1s (J.A.S.T.) Calle Soria 13 bajo derecha 33208 Gij\u00f3n, Asturias Espa\u00f1a ES-53526575-D Propiedad Intelectual El c\u00f3digo fuente, los dise\u00f1os gr\u00e1ficos, [&hellip;]","protected":false},"author":47,"featured_media":0,"parent":0,"menu_order":0,"comment_status":"closed","ping_status":"closed","template":"","meta":{"footnotes":""},"class_list":["post-6501","page","type-page","status-publish","hentry"],"yoast_head":"<!-- This site is optimized with the Yoast SEO plugin v27.5 - https:\/\/yoast.com\/product\/yoast-seo-wordpress\/ -->\n<title>Avisos legales - Sistema Kalinka<\/title>\n<meta name=\"robots\" content=\"index, follow, max-snippet:-1, max-image-preview:large, max-video-preview:-1\" \/>\n<link rel=\"canonical\" href=\"https:\/\/sistemakalinka.com\/es\/avisos-legales\/\" \/>\n<meta property=\"og:locale\" content=\"es_ES\" \/>\n<meta property=\"og:type\" content=\"article\" \/>\n<meta property=\"og:title\" content=\"Avisos legales - Sistema Kalinka\" \/>\n<meta property=\"og:description\" content=\"Avisos legales En cumplimiento del art\u00edculo 10 de la Ley 34\/2002, de 11 de julio, de Servicios de la Sociedad de la Informaci\u00f3n y Comercio Electr\u00f3nico, a continuaci\u00f3n se exponen nuestros datos: Jos\u00e9 A. Santiago Tom\u00e1s (J.A.S.T.) Calle Soria 13 bajo derecha 33208 Gij\u00f3n, Asturias Espa\u00f1a ES-53526575-D Propiedad Intelectual El c\u00f3digo fuente, los dise\u00f1os gr\u00e1ficos, [&hellip;]\" \/>\n<meta property=\"og:url\" content=\"https:\/\/sistemakalinka.com\/es\/avisos-legales\/\" \/>\n<meta property=\"og:site_name\" content=\"Sistema Kalinka\" \/>\n<meta property=\"article:modified_time\" content=\"2023-07-25T10:31:46+00:00\" \/>\n<meta name=\"twitter:card\" content=\"summary_large_image\" \/>\n<meta name=\"twitter:label1\" content=\"Tiempo de lectura\" \/>\n\t<meta name=\"twitter:data1\" content=\"6 minutos\" \/>\n<script type=\"application\/ld+json\" class=\"yoast-schema-graph\">{\"@context\":\"https:\\\/\\\/schema.org\",\"@graph\":[{\"@type\":\"WebPage\",\"@id\":\"https:\\\/\\\/sistemakalinka.com\\\/es\\\/avisos-legales\\\/\",\"url\":\"https:\\\/\\\/sistemakalinka.com\\\/es\\\/avisos-legales\\\/\",\"name\":\"Avisos legales - Sistema Kalinka\",\"isPartOf\":{\"@id\":\"https:\\\/\\\/sistemakalinka.com\\\/es\\\/#website\"},\"datePublished\":\"2020-08-04T08:51:02+00:00\",\"dateModified\":\"2023-07-25T10:31:46+00:00\",\"breadcrumb\":{\"@id\":\"https:\\\/\\\/sistemakalinka.com\\\/es\\\/avisos-legales\\\/#breadcrumb\"},\"inLanguage\":\"es\",\"potentialAction\":[{\"@type\":\"ReadAction\",\"target\":[\"https:\\\/\\\/sistemakalinka.com\\\/es\\\/avisos-legales\\\/\"]}]},{\"@type\":\"BreadcrumbList\",\"@id\":\"https:\\\/\\\/sistemakalinka.com\\\/es\\\/avisos-legales\\\/#breadcrumb\",\"itemListElement\":[{\"@type\":\"ListItem\",\"position\":1,\"name\":\"Home\",\"item\":\"https:\\\/\\\/sistemakalinka.com\\\/es\\\/\"},{\"@type\":\"ListItem\",\"position\":2,\"name\":\"Avisos legales\"}]},{\"@type\":\"WebSite\",\"@id\":\"https:\\\/\\\/sistemakalinka.com\\\/es\\\/#website\",\"url\":\"https:\\\/\\\/sistemakalinka.com\\\/es\\\/\",\"name\":\"Sistema Kalinka\",\"description\":\"Learn Russian with us\",\"potentialAction\":[{\"@type\":\"SearchAction\",\"target\":{\"@type\":\"EntryPoint\",\"urlTemplate\":\"https:\\\/\\\/sistemakalinka.com\\\/es\\\/?s={search_term_string}\"},\"query-input\":{\"@type\":\"PropertyValueSpecification\",\"valueRequired\":true,\"valueName\":\"search_term_string\"}}],\"inLanguage\":\"es\"}]}<\/script>\n<!-- \/ Yoast SEO plugin. -->","yoast_head_json":{"title":"Avisos legales - Sistema Kalinka","robots":{"index":"index","follow":"follow","max-snippet":"max-snippet:-1","max-image-preview":"max-image-preview:large","max-video-preview":"max-video-preview:-1"},"canonical":"https:\/\/sistemakalinka.com\/es\/avisos-legales\/","og_locale":"es_ES","og_type":"article","og_title":"Avisos legales - Sistema Kalinka","og_description":"Avisos legales En cumplimiento del art\u00edculo 10 de la Ley 34\/2002, de 11 de julio, de Servicios de la Sociedad de la Informaci\u00f3n y Comercio Electr\u00f3nico, a continuaci\u00f3n se exponen nuestros datos: Jos\u00e9 A. Santiago Tom\u00e1s (J.A.S.T.) Calle Soria 13 bajo derecha 33208 Gij\u00f3n, Asturias Espa\u00f1a ES-53526575-D Propiedad Intelectual El c\u00f3digo fuente, los dise\u00f1os gr\u00e1ficos, [&hellip;]","og_url":"https:\/\/sistemakalinka.com\/es\/avisos-legales\/","og_site_name":"Sistema Kalinka","article_modified_time":"2023-07-25T10:31:46+00:00","twitter_card":"summary_large_image","twitter_misc":{"Tiempo de lectura":"6 minutos"},"schema":{"@context":"https:\/\/schema.org","@graph":[{"@type":"WebPage","@id":"https:\/\/sistemakalinka.com\/es\/avisos-legales\/","url":"https:\/\/sistemakalinka.com\/es\/avisos-legales\/","name":"Avisos legales - Sistema Kalinka","isPartOf":{"@id":"https:\/\/sistemakalinka.com\/es\/#website"},"datePublished":"2020-08-04T08:51:02+00:00","dateModified":"2023-07-25T10:31:46+00:00","breadcrumb":{"@id":"https:\/\/sistemakalinka.com\/es\/avisos-legales\/#breadcrumb"},"inLanguage":"es","potentialAction":[{"@type":"ReadAction","target":["https:\/\/sistemakalinka.com\/es\/avisos-legales\/"]}]},{"@type":"BreadcrumbList","@id":"https:\/\/sistemakalinka.com\/es\/avisos-legales\/#breadcrumb","itemListElement":[{"@type":"ListItem","position":1,"name":"Home","item":"https:\/\/sistemakalinka.com\/es\/"},{"@type":"ListItem","position":2,"name":"Avisos legales"}]},{"@type":"WebSite","@id":"https:\/\/sistemakalinka.com\/es\/#website","url":"https:\/\/sistemakalinka.com\/es\/","name":"Sistema Kalinka","description":"Learn Russian with us","potentialAction":[{"@type":"SearchAction","target":{"@type":"EntryPoint","urlTemplate":"https:\/\/sistemakalinka.com\/es\/?s={search_term_string}"},"query-input":{"@type":"PropertyValueSpecification","valueRequired":true,"valueName":"search_term_string"}}],"inLanguage":"es"}]}},"_links":{"self":[{"href":"https:\/\/sistemakalinka.com\/es\/wp-json\/wp\/v2\/pages\/6501","targetHints":{"allow":["GET"]}}],"collection":[{"href":"https:\/\/sistemakalinka.com\/es\/wp-json\/wp\/v2\/pages"}],"about":[{"href":"https:\/\/sistemakalinka.com\/es\/wp-json\/wp\/v2\/types\/page"}],"author":[{"embeddable":true,"href":"https:\/\/sistemakalinka.com\/es\/wp-json\/wp\/v2\/users\/47"}],"replies":[{"embeddable":true,"href":"https:\/\/sistemakalinka.com\/es\/wp-json\/wp\/v2\/comments?post=6501"}],"version-history":[{"count":6,"href":"https:\/\/sistemakalinka.com\/es\/wp-json\/wp\/v2\/pages\/6501\/revisions"}],"predecessor-version":[{"id":44624,"href":"https:\/\/sistemakalinka.com\/es\/wp-json\/wp\/v2\/pages\/6501\/revisions\/44624"}],"wp:attachment":[{"href":"https:\/\/sistemakalinka.com\/es\/wp-json\/wp\/v2\/media?parent=6501"}],"curies":[{"name":"wp","href":"https:\/\/api.w.org\/{rel}","templated":true}]}}