{"id":4173,"date":"2020-05-20T15:39:51","date_gmt":"2020-05-22T14:10:25","guid":{"rendered":"http:\/\/sistemakalinka.com\/?post_type=product&#038;p=4173"},"modified":"2026-03-19T17:22:30","modified_gmt":"2026-03-19T16:22:30","slug":"taras-bulba-clasicos-en-ruso-facil-ebook","status":"publish","type":"product","link":"https:\/\/sistemakalinka.com\/es\/producto\/taras-bulba-clasicos-en-ruso-facil-ebook\/","title":{"rendered":"Cl\u00e1sicos en ruso &#8211; Taras Bulba (ebook)"},"content":{"rendered":"<div class=\"container-fluid\">\r\n   <div class=\"row\">\r\n      <div class=\"col-xs-12\">\r\n         <h2>&iexcl;Pru&eacute;balo! Lee y escucha un fragmento de este libro:<\/h2>\r\n      <\/div>\r\n   <\/div>\r\n   <div class=\"row\">\r\n      <div class=\"col-lg-6 col-md-6 col-sm-6 col-xs-12\">\r\n         <p>Escucha un fragmento de este libro:<\/p>\r\n         <p>\r\n            <audio style=\"color: #95b9c7;\" controls=\"controls\">\r\n               <source src=\"\/wp-content\/uploads\/audio-CLBOOK-02-Taras-Bulba-1.mp3\" type=\"audio\/mpeg\">\r\n               Tu navegador no soporta este reproductor de sonido.\r\n            <\/audio>\r\n         <\/p>\r\n      <\/div>\r\n      <div class=\"col-lg-6 col-md-6 col-sm-6 col-xs-12\">\r\n         <p class=\"hidden-xs\">Lee un fragmento del libro. Haz click para ampliar:<\/p>\r\n         <p class=\"hidden-lg hidden-md hidden-sm visible-xs-block\">Lee un fragmento del libro:<\/p>\r\n         <div class=\"row mi-galeria-producto\"><a href=\"\/wp-content\/uploads\/book-ejemplo-CLBOOK-02-Taras-Bulba-1-ebook.jpg\" data-fancybox=\"gallery\" title=\"Muestra del libro\"><img decoding=\"async\" class=\"col-lg-6 col-md-12 col-sm-12 col-xs-12\" id=\"thumb_296\" src=\"\/wp-content\/uploads\/book-ejemplo-CLBOOK-02-Taras-Bulba-1-ebook.jpg\" alt=\"Muestra del libro\" title=\"Muestra del libro\" itemprop=\"image\" \/><\/a> <a href=\"\/wp-content\/uploads\/book-ejemplo-CLBOOK-02-Taras-Bulba-2-ebook.jpg\" data-fancybox=\"gallery\" title=\"Muestra del libro\"><img decoding=\"async\" class=\"col-lg-6 col-md-12 col-sm-12 col-xs-12\" id=\"thumb_296\" src=\"\/wp-content\/uploads\/book-ejemplo-CLBOOK-02-Taras-Bulba-2-ebook.jpg\" alt=\"Muestra del libro\" title=\"Muestra del libro\" itemprop=\"image\" \/><\/a> <a href=\"\/wp-content\/uploads\/book-ejemplo-CLBOOK-02-Taras-Bulba-3-ebook.jpg\" data-fancybox=\"gallery\" title=\"Muestra del libro\"><img decoding=\"async\" class=\"col-lg-6 col-md-12 col-sm-12 col-xs-12\" id=\"thumb_296\" src=\"\/wp-content\/uploads\/book-ejemplo-CLBOOK-02-Taras-Bulba-3-ebook.jpg\" alt=\"Muestra del libro\" title=\"Muestra del libro\" itemprop=\"image\" \/><\/a> <a href=\"\/wp-content\/uploads\/book-ejemplo-CLBOOK-02-Taras-Bulba-4-ebook.jpg\" data-fancybox=\"gallery\" title=\"Muestra del libro\"><img decoding=\"async\" class=\"col-lg-6 col-md-12 col-sm-12 col-xs-12\" id=\"thumb_296\" src=\"\/wp-content\/uploads\/book-ejemplo-CLBOOK-02-Taras-Bulba-4-ebook.jpg\" alt=\"Muestra del libro\" title=\"Muestra del libro\" itemprop=\"image\" \/><\/a><\/div>\r\n      <\/div>\r\n      <div class=\"row\">\r\n         <div class=\"col-xs-12\">\r\n            <hr \/>\r\n            <h2>4 razones para aprender ruso con nuestros libros<\/h2>\r\n            <p>Cada libro est&aacute; creado por un equipo de profesores de ruso, lo que garantiza que los textos sean &uacute;tiles para un estudiante como t&uacute;. Si est&aacute;s estudiando la lengua rusa, debes leer libros adaptados a tu nivel para que puedas aprender mientras disfrutas de la lectura. Y si adem&aacute;s, puedes escucharlos le&iacute;dos por una voz nativa rusa, disfrutar&aacute;s y aprender&aacute;s mucho m&aacute;s. Por eso estos son los mejores libros para aprender ruso:<\/p>\r\n            <div class=\"mi-cuadro-importante\">\r\n               <ol>\r\n                  <li>Textos en ruso + notas de vocabulario (perfecto para aprender).<\/li>\r\n                  <li>Con audio profesional en ruso (para practicar tu o&iacute;do).<\/li>\r\n                  <li>Clasificados por niveles (se adaptan a tu nivel).<\/li>\r\n                  <li>Creados espec&iacute;ficamente para aprender ruso (y escritos por profesores de ruso).<\/li>\r\n               <\/ol>\r\n            <\/div>\r\n            <p>Escucha y lee cl&aacute;sicos de la literatura rusa&nbsp;con un vocabulario f&aacute;cil de entender para estudiantes de nivel medio. Si tienes alguna pregunta sobre este libro, no dudes en contactar con nosotros.<\/p>\r\n            <h2>Textos en ruso + notas de vocabulario&nbsp;+ audio profesional<\/h2>\r\n            <p>No ver&aacute;s nada igual en otro lugar, ya que somos la &uacute;nica escuela de ruso que ha creado este tipo de audiolibros en ruso. Los textos incluyen notas sobre el vocabulario, por lo que aprender&aacute;s m&aacute;s r&aacute;pidamente. Adem&aacute;s, podr&aacute;s escuchar todo el libro en ruso, ya que est&aacute; &iacute;ntegramente grabado con calidad profesional. En pocas palabras, podr&aacute;s leer, escuchar y aprender ruso con una colecci&oacute;n de libros &uacute;nicos. Si est&aacute;s buscando textos&nbsp;en ruso creados espec&iacute;ficamente para estudiantes, no puedes perderte este libro.<\/p>\r\n            <h2>Aprende ruso donde quieras<\/h2>\r\n            <p>Ll&eacute;vate este libro donde quieras. Nuestros libros para aprender ruso se presentan en formato pdf y son compatibles con cualquier equipo (PC, port&aacute;til, Mac, iPad, tablet,&hellip;). Incluyen adem&aacute;s grabaciones profesionales de cada uno de los textos, en formato mp3. El audio se puede escuchar mientras lees el libro o tambi&eacute;n te lo puedes llevar contigo en tu tel&eacute;fono o reproductor de audio.<\/p>\r\n         <\/div>\r\n      <\/div>\r\n   <\/div>\r\n<\/div>","protected":false},"excerpt":{"rendered":"<div class=\"container-fluid\">\r\n   <div class=\"row\">\r\n      <div class=\"col-xs-12\">\r\n         <!-- este div es la descripcion para Google Shopping-->\r\n         <div hidden=\"\">\r\n            <p>Taras Bulba es una novela de Nikol\u00e1i G\u00f3gol, publicada en 1842. En ella se describe la vida de un viejo cosaco llamado Taras Bulba y sus dos hijos en el siglo XV. Vamos a descubrir c&oacute;mo viv&iacute;an los cosacos y los sacrificios que ten&iacute;an que hacer en tiempos de guerra.<\/p>\r\n         <\/div>\r\n         <!-- fin de la descripci\u00f3n para Google Shooping-->\r\n         [etiquetas_producto paginas=\"60\" audio=82]\r\n         <p>Taras Bulba es una novela de Nikol\u00e1i G\u00f3gol, publicada en 1842. En ella se describe la vida de un viejo cosaco llamado Taras Bulba y sus dos hijos en el siglo XV. Vamos a descubrir c&oacute;mo viv&iacute;an los cosacos y los sacrificios que ten&iacute;an que hacer en tiempos de guerra.<\/p>\r\n         <ul>\r\n            <li>Cl&aacute;sico de la literatura rusa escrito en ruso f&aacute;cil.<\/li>\r\n            <li><strong>Incluye audio profesional<\/strong>.<\/li>\r\n         <\/ul>\r\n         <p><img loading=\"lazy\" decoding=\"async\" src=\"\/wp-content\/uploads\/book-pdf-kindle-epub-mp3.jpg\" alt=\"Ebook, pdf, epub, kindle\" width=\"240\" height=\"65\" \/><\/p>\r\n         <p>EDICI&Oacute;N DESCARGABLE: Compra y descarga este libro (pdf + epub + kindle) con audio en mp3.<\/p>\r\n         <p><span class=\"mi-cuadro-importante\">&iquest;Prefieres papel?&nbsp;<a href=\"https:\/\/sistemakalinka.com\/es\/producto\/taras-bulba-clasicos-en-ruso-facil-papel\">Haz click para ver la edici&oacute;n en papel<\/a><\/span><\/p>\r\n      <\/div>\r\n   <\/div>\r\n<\/div>","protected":false},"featured_media":4472,"comment_status":"open","ping_status":"closed","template":"","meta":[],"product_brand":[],"product_cat":[65,69,64,62],"product_tag":[],"class_list":{"0":"post-4173","1":"product","2":"type-product","3":"status-publish","4":"has-post-thumbnail","6":"product_cat-clasicos","7":"product_cat-ebook-libro-digital","8":"product_cat-libros-de-ruso-con-audio","9":"product_cat-libros-para-aprender-ruso","10":"pa_level-b1-b2-es","12":"first","13":"instock","14":"downloadable","15":"virtual","16":"taxable","17":"purchasable","18":"product-type-simple"},"yoast_head":"<!-- This site is optimized with the Yoast SEO plugin v27.3 - https:\/\/yoast.com\/product\/yoast-seo-wordpress\/ -->\n<title>Cl\u00e1sicos en ruso - Taras Bulba (ebook) - Sistema Kalinka<\/title>\n<meta name=\"description\" content=\"Taras Bulba - Cl\u00e1sicos en ruso f\u00e1cil con audio\" \/>\n<meta name=\"robots\" content=\"index, follow, max-snippet:-1, max-image-preview:large, max-video-preview:-1\" \/>\n<link rel=\"canonical\" href=\"https:\/\/sistemakalinka.com\/es\/producto\/taras-bulba-clasicos-en-ruso-facil-ebook\/\" \/>\n<meta property=\"og:locale\" content=\"es_ES\" \/>\n<meta property=\"og:type\" content=\"article\" \/>\n<meta property=\"og:title\" content=\"Cl\u00e1sicos en ruso - Taras Bulba (ebook) - Sistema Kalinka\" \/>\n<meta property=\"og:description\" content=\"Taras Bulba - Cl\u00e1sicos en ruso f\u00e1cil con audio\" \/>\n<meta property=\"og:url\" content=\"https:\/\/sistemakalinka.com\/es\/producto\/taras-bulba-clasicos-en-ruso-facil-ebook\/\" \/>\n<meta property=\"og:site_name\" content=\"Sistema Kalinka\" \/>\n<meta property=\"article:modified_time\" content=\"2026-03-19T16:22:30+00:00\" \/>\n<meta property=\"og:image\" content=\"https:\/\/sistemakalinka.com\/wp-content\/uploads\/CLBOOK_02_Taras_Bulba_es_ebook.jpg\" \/>\n\t<meta property=\"og:image:width\" content=\"955\" \/>\n\t<meta property=\"og:image:height\" content=\"955\" \/>\n\t<meta property=\"og:image:type\" content=\"image\/jpeg\" \/>\n<meta name=\"twitter:card\" content=\"summary_large_image\" \/>\n<meta name=\"twitter:label1\" content=\"Tiempo de lectura\" \/>\n\t<meta name=\"twitter:data1\" content=\"3 minutos\" \/>\n<script type=\"application\/ld+json\" class=\"yoast-schema-graph\">{\"@context\":\"https:\\\/\\\/schema.org\",\"@graph\":[{\"@type\":\"WebPage\",\"@id\":\"https:\\\/\\\/sistemakalinka.com\\\/es\\\/producto\\\/taras-bulba-clasicos-en-ruso-facil-ebook\\\/\",\"url\":\"https:\\\/\\\/sistemakalinka.com\\\/es\\\/producto\\\/taras-bulba-clasicos-en-ruso-facil-ebook\\\/\",\"name\":\"Cl\u00e1sicos en ruso - Taras Bulba (ebook) - Sistema Kalinka\",\"isPartOf\":{\"@id\":\"https:\\\/\\\/sistemakalinka.com\\\/es\\\/#website\"},\"primaryImageOfPage\":{\"@id\":\"https:\\\/\\\/sistemakalinka.com\\\/es\\\/producto\\\/taras-bulba-clasicos-en-ruso-facil-ebook\\\/#primaryimage\"},\"image\":{\"@id\":\"https:\\\/\\\/sistemakalinka.com\\\/es\\\/producto\\\/taras-bulba-clasicos-en-ruso-facil-ebook\\\/#primaryimage\"},\"thumbnailUrl\":\"https:\\\/\\\/sistemakalinka.com\\\/wp-content\\\/uploads\\\/CLBOOK_02_Taras_Bulba_es_ebook.jpg\",\"datePublished\":\"2020-05-22T14:10:25+00:00\",\"dateModified\":\"2026-03-19T16:22:30+00:00\",\"description\":\"Taras Bulba - Cl\u00e1sicos en ruso f\u00e1cil con audio\",\"breadcrumb\":{\"@id\":\"https:\\\/\\\/sistemakalinka.com\\\/es\\\/producto\\\/taras-bulba-clasicos-en-ruso-facil-ebook\\\/#breadcrumb\"},\"inLanguage\":\"es\",\"potentialAction\":[{\"@type\":\"ReadAction\",\"target\":[\"https:\\\/\\\/sistemakalinka.com\\\/es\\\/producto\\\/taras-bulba-clasicos-en-ruso-facil-ebook\\\/\"]}]},{\"@type\":\"ImageObject\",\"inLanguage\":\"es\",\"@id\":\"https:\\\/\\\/sistemakalinka.com\\\/es\\\/producto\\\/taras-bulba-clasicos-en-ruso-facil-ebook\\\/#primaryimage\",\"url\":\"https:\\\/\\\/sistemakalinka.com\\\/wp-content\\\/uploads\\\/CLBOOK_02_Taras_Bulba_es_ebook.jpg\",\"contentUrl\":\"https:\\\/\\\/sistemakalinka.com\\\/wp-content\\\/uploads\\\/CLBOOK_02_Taras_Bulba_es_ebook.jpg\",\"width\":955,\"height\":955,\"caption\":\"Cl\u00e1sicos en ruso f\u00e1cil: Taras Bulba (ebook)\"},{\"@type\":\"BreadcrumbList\",\"@id\":\"https:\\\/\\\/sistemakalinka.com\\\/es\\\/producto\\\/taras-bulba-clasicos-en-ruso-facil-ebook\\\/#breadcrumb\",\"itemListElement\":[{\"@type\":\"ListItem\",\"position\":1,\"name\":\"Home\",\"item\":\"https:\\\/\\\/sistemakalinka.com\\\/es\\\/\"},{\"@type\":\"ListItem\",\"position\":2,\"name\":\"Shop\",\"item\":\"https:\\\/\\\/sistemakalinka.com\\\/shop\\\/\"},{\"@type\":\"ListItem\",\"position\":3,\"name\":\"Cl\u00e1sicos en ruso &#8211; Taras Bulba (ebook)\"}]},{\"@type\":\"WebSite\",\"@id\":\"https:\\\/\\\/sistemakalinka.com\\\/es\\\/#website\",\"url\":\"https:\\\/\\\/sistemakalinka.com\\\/es\\\/\",\"name\":\"Sistema Kalinka\",\"description\":\"Learn Russian with us\",\"potentialAction\":[{\"@type\":\"SearchAction\",\"target\":{\"@type\":\"EntryPoint\",\"urlTemplate\":\"https:\\\/\\\/sistemakalinka.com\\\/es\\\/?s={search_term_string}\"},\"query-input\":{\"@type\":\"PropertyValueSpecification\",\"valueRequired\":true,\"valueName\":\"search_term_string\"}}],\"inLanguage\":\"es\"}]}<\/script>\n<!-- \/ Yoast SEO plugin. -->","yoast_head_json":{"title":"Cl\u00e1sicos en ruso - Taras Bulba (ebook) - Sistema Kalinka","description":"Taras Bulba - Cl\u00e1sicos en ruso f\u00e1cil con audio","robots":{"index":"index","follow":"follow","max-snippet":"max-snippet:-1","max-image-preview":"max-image-preview:large","max-video-preview":"max-video-preview:-1"},"canonical":"https:\/\/sistemakalinka.com\/es\/producto\/taras-bulba-clasicos-en-ruso-facil-ebook\/","og_locale":"es_ES","og_type":"article","og_title":"Cl\u00e1sicos en ruso - Taras Bulba (ebook) - Sistema Kalinka","og_description":"Taras Bulba - Cl\u00e1sicos en ruso f\u00e1cil con audio","og_url":"https:\/\/sistemakalinka.com\/es\/producto\/taras-bulba-clasicos-en-ruso-facil-ebook\/","og_site_name":"Sistema Kalinka","article_modified_time":"2026-03-19T16:22:30+00:00","og_image":[{"width":955,"height":955,"url":"https:\/\/sistemakalinka.com\/wp-content\/uploads\/CLBOOK_02_Taras_Bulba_es_ebook.jpg","type":"image\/jpeg"}],"twitter_card":"summary_large_image","twitter_misc":{"Tiempo de lectura":"3 minutos"},"schema":{"@context":"https:\/\/schema.org","@graph":[{"@type":"WebPage","@id":"https:\/\/sistemakalinka.com\/es\/producto\/taras-bulba-clasicos-en-ruso-facil-ebook\/","url":"https:\/\/sistemakalinka.com\/es\/producto\/taras-bulba-clasicos-en-ruso-facil-ebook\/","name":"Cl\u00e1sicos en ruso - Taras Bulba (ebook) - Sistema Kalinka","isPartOf":{"@id":"https:\/\/sistemakalinka.com\/es\/#website"},"primaryImageOfPage":{"@id":"https:\/\/sistemakalinka.com\/es\/producto\/taras-bulba-clasicos-en-ruso-facil-ebook\/#primaryimage"},"image":{"@id":"https:\/\/sistemakalinka.com\/es\/producto\/taras-bulba-clasicos-en-ruso-facil-ebook\/#primaryimage"},"thumbnailUrl":"https:\/\/sistemakalinka.com\/wp-content\/uploads\/CLBOOK_02_Taras_Bulba_es_ebook.jpg","datePublished":"2020-05-22T14:10:25+00:00","dateModified":"2026-03-19T16:22:30+00:00","description":"Taras Bulba - Cl\u00e1sicos en ruso f\u00e1cil con audio","breadcrumb":{"@id":"https:\/\/sistemakalinka.com\/es\/producto\/taras-bulba-clasicos-en-ruso-facil-ebook\/#breadcrumb"},"inLanguage":"es","potentialAction":[{"@type":"ReadAction","target":["https:\/\/sistemakalinka.com\/es\/producto\/taras-bulba-clasicos-en-ruso-facil-ebook\/"]}]},{"@type":"ImageObject","inLanguage":"es","@id":"https:\/\/sistemakalinka.com\/es\/producto\/taras-bulba-clasicos-en-ruso-facil-ebook\/#primaryimage","url":"https:\/\/sistemakalinka.com\/wp-content\/uploads\/CLBOOK_02_Taras_Bulba_es_ebook.jpg","contentUrl":"https:\/\/sistemakalinka.com\/wp-content\/uploads\/CLBOOK_02_Taras_Bulba_es_ebook.jpg","width":955,"height":955,"caption":"Cl\u00e1sicos en ruso f\u00e1cil: Taras Bulba (ebook)"},{"@type":"BreadcrumbList","@id":"https:\/\/sistemakalinka.com\/es\/producto\/taras-bulba-clasicos-en-ruso-facil-ebook\/#breadcrumb","itemListElement":[{"@type":"ListItem","position":1,"name":"Home","item":"https:\/\/sistemakalinka.com\/es\/"},{"@type":"ListItem","position":2,"name":"Shop","item":"https:\/\/sistemakalinka.com\/shop\/"},{"@type":"ListItem","position":3,"name":"Cl\u00e1sicos en ruso &#8211; Taras Bulba (ebook)"}]},{"@type":"WebSite","@id":"https:\/\/sistemakalinka.com\/es\/#website","url":"https:\/\/sistemakalinka.com\/es\/","name":"Sistema Kalinka","description":"Learn Russian with us","potentialAction":[{"@type":"SearchAction","target":{"@type":"EntryPoint","urlTemplate":"https:\/\/sistemakalinka.com\/es\/?s={search_term_string}"},"query-input":{"@type":"PropertyValueSpecification","valueRequired":true,"valueName":"search_term_string"}}],"inLanguage":"es"}]}},"_links":{"self":[{"href":"https:\/\/sistemakalinka.com\/es\/wp-json\/wp\/v2\/product\/4173","targetHints":{"allow":["GET"]}}],"collection":[{"href":"https:\/\/sistemakalinka.com\/es\/wp-json\/wp\/v2\/product"}],"about":[{"href":"https:\/\/sistemakalinka.com\/es\/wp-json\/wp\/v2\/types\/product"}],"replies":[{"embeddable":true,"href":"https:\/\/sistemakalinka.com\/es\/wp-json\/wp\/v2\/comments?post=4173"}],"wp:featuredmedia":[{"embeddable":true,"href":"https:\/\/sistemakalinka.com\/es\/wp-json\/wp\/v2\/media\/4472"}],"wp:attachment":[{"href":"https:\/\/sistemakalinka.com\/es\/wp-json\/wp\/v2\/media?parent=4173"}],"wp:term":[{"taxonomy":"product_brand","embeddable":true,"href":"https:\/\/sistemakalinka.com\/es\/wp-json\/wp\/v2\/product_brand?post=4173"},{"taxonomy":"product_cat","embeddable":true,"href":"https:\/\/sistemakalinka.com\/es\/wp-json\/wp\/v2\/product_cat?post=4173"},{"taxonomy":"product_tag","embeddable":true,"href":"https:\/\/sistemakalinka.com\/es\/wp-json\/wp\/v2\/product_tag?post=4173"}],"curies":[{"name":"wp","href":"https:\/\/api.w.org\/{rel}","templated":true}]}}