{"id":4177,"date":"2020-05-20T16:22:22","date_gmt":"2020-05-22T14:14:57","guid":{"rendered":"http:\/\/sistemakalinka.com\/?post_type=product&#038;p=4177"},"modified":"2026-04-02T14:55:34","modified_gmt":"2026-04-02T12:55:34","slug":"dialogos-en-ruso-facil-audio-nivel-a1-ebook","status":"publish","type":"product","link":"https:\/\/sistemakalinka.com\/es\/producto\/dialogos-en-ruso-facil-audio-nivel-a1-ebook\/","title":{"rendered":"Di\u00e1logos en ruso f\u00e1cil + audio: Nivel A1 (ebook)"},"content":{"rendered":"<div class=\"container-fluid\">\r\n   <div class=\"row\">\r\n      <div class=\"col-xs-12\">\r\n         <h2>&iexcl;Pru&eacute;balo! Lee y escucha un fragmento de este libro:<\/h2>\r\n      <\/div>\r\n   <\/div>\r\n   <div class=\"row\">\r\n      <div class=\"col-lg-6 col-md-6 col-sm-6 col-xs-12\">\r\n         <p>Escucha un fragmento de este libro:<\/p>\r\n         <p>\r\n            <audio style=\"color: #95b9c7;\" controls=\"controls\">\r\n               <source src=\"\/wp-content\/uploads\/audio-DBOOK-A1-01.mp3\" type=\"audio\/mpeg\">\r\n               Tu navegador no soporta este reproductor de sonido.\r\n            <\/audio>\r\n         <\/p>\r\n      <\/div>\r\n      <div class=\"col-lg-6 col-md-6 col-sm-6 col-xs-12\">\r\n         <p class=\"hidden-xs\">Lee un fragmento del libro. Haz click para ampliar:<\/p>\r\n         <p class=\"hidden-lg hidden-md hidden-sm visible-xs-block\">Lee un fragmento del libro:<\/p>\r\n         <div class=\"row mi-galeria-producto\"><a href=\"\/wp-content\/uploads\/book-ejemplo-DBOOK-A1-01-libro-ruso-con-audio-1-ebook.jpg\" data-fancybox=\"gallery\" title=\"Muestra del libro\"><img decoding=\"async\" class=\"col-lg-6 col-md-12 col-sm-12 col-xs-12\" id=\"thumb_296\" src=\"\/wp-content\/uploads\/book-ejemplo-DBOOK-A1-01-libro-ruso-con-audio-1-ebook.jpg\" alt=\"Muestra del libro\" title=\"Muestra del libro\" itemprop=\"image\" \/><\/a> <a href=\"\/wp-content\/uploads\/book-ejemplo-DBOOK-A1-01-libro-ruso-con-audio-2-ebook.jpg\" data-fancybox=\"gallery\" title=\"Muestra del libro\"><img decoding=\"async\" class=\"col-lg-6 col-md-12 col-sm-12 col-xs-12\" id=\"thumb_296\" src=\"\/wp-content\/uploads\/book-ejemplo-DBOOK-A1-01-libro-ruso-con-audio-2-ebook.jpg\" alt=\"Muestra del libro\" title=\"Muestra del libro\" itemprop=\"image\" \/><\/a> <a href=\"\/wp-content\/uploads\/book-ejemplo-DBOOK-A1-01-libro-ruso-con-audio-3-ebook.jpg\" data-fancybox=\"gallery\" title=\"Muestra del libro\"><img decoding=\"async\" class=\"col-lg-6 col-md-12 col-sm-12 col-xs-12\" id=\"thumb_296\" src=\"\/wp-content\/uploads\/book-ejemplo-DBOOK-A1-01-libro-ruso-con-audio-3-ebook.jpg\" alt=\"Muestra del libro\" title=\"Muestra del libro\" itemprop=\"image\" \/><\/a> <a href=\"\/wp-content\/uploads\/book-ejemplo-DBOOK-A1-01-libro-ruso-con-audio-4-ebook.jpg\" data-fancybox=\"gallery\" title=\"Muestra del libro\"><img decoding=\"async\" class=\"col-lg-6 col-md-12 col-sm-12 col-xs-12\" id=\"thumb_296\" src=\"\/wp-content\/uploads\/book-ejemplo-DBOOK-A1-01-libro-ruso-con-audio-4-ebook.jpg\" alt=\"Muestra del libro\" title=\"Muestra del libro\" itemprop=\"image\" \/><\/a><\/div>\r\n      <\/div>\r\n      <div class=\"row\">\r\n         <div class=\"col-xs-12\">\r\n            <hr \/>\r\n            <h2>4 razones para aprender ruso con nuestros libros<\/h2>\r\n            <p>Cada libro est&aacute; creado por un equipo de profesores de ruso, lo que garantiza que los textos sean &uacute;tiles para un estudiante como t&uacute;. Si est&aacute;s estudiando la lengua rusa, debes leer libros adaptados a tu nivel para que puedas aprender mientras disfrutas de la lectura. Y si adem&aacute;s, puedes escucharlos le&iacute;dos por una voz nativa rusa, disfrutar&aacute;s y aprender&aacute;s mucho m&aacute;s. Por eso estos son los mejores libros para aprender ruso:<\/p>\r\n            <div class=\"mi-cuadro-importante\">\r\n               <ol>\r\n                  <li>Textos en ruso +&nbsp;traducci&oacute;n al castellano (perfecto para aprender).<\/li>\r\n                  <li>Con audio profesional en ruso (para practicar tu o&iacute;do).<\/li>\r\n                  <li>Clasificados por niveles (se adaptan a tu nivel).<\/li>\r\n                  <li>Creados espec&iacute;ficamente para aprender ruso (y escritos por profesores de ruso).<\/li>\r\n               <\/ol>\r\n            <\/div>\r\n            <p>Escucha y lee conversaciones reales con un vocabulario f&aacute;cil de entender para principiantes. Si tienes alguna pregunta sobre este libro, no dudes en contactar con nosotros.<\/p>\r\n            <h2>Textos en ruso + traducci&oacute;n + audio profesional<\/h2>\r\n            <p>No ver&aacute;s nada igual en otro lugar, ya que somos la &uacute;nica escuela de ruso que ha creado este tipo de audiolibros en ruso. Todos los di&aacute;logos est&aacute;n traducidos al castellano, por lo que aprender&aacute;s m&aacute;s r&aacute;pidamente. Adem&aacute;s, podr&aacute;s escuchar todo el libro en ruso, ya que est&aacute; &iacute;ntegramente grabado con calidad profesional. En pocas palabras, podr&aacute;s leer, escuchar y aprender ruso con una colecci&oacute;n de libros &uacute;nicos. Si est&aacute;s buscando di&aacute;logos en ruso f&aacute;cil creados espec&iacute;ficamente para principiantes, no puedes perderte este libro.<\/p>\r\n            <h2>Aprende ruso donde quieras<\/h2>\r\n            <p>Ll&eacute;vate este libro donde quieras. Nuestros libros para aprender ruso se presentan en formato pdf y son compatibles con cualquier equipo (PC, port&aacute;til, Mac, iPad, tablet,&hellip;). Incluyen adem&aacute;s grabaciones profesionales de cada uno de los di&aacute;logos, en formato mp3. El audio se puede escuchar mientras lees el libro o tambi&eacute;n te lo puedes llevar contigo en tu tel&eacute;fono o reproductor de audio.<\/p>\r\n         <\/div>\r\n      <\/div>\r\n   <\/div>\r\n<\/div>","protected":false},"excerpt":{"rendered":"<div class=\"container-fluid\">\r\n   <div class=\"row\">\r\n      <div class=\"col-xs-12\">\r\n         <!-- este div es la descripcion para Google Shopping-->\r\n         <div hidden=\"\">\r\n            <p>Ideal para principiantes. Lee y escucha tus primeras conversaciones en ruso. Audiolibro en ruso + traducci&oacute;n al castellano + audio. M&aacute;s de 50 di&aacute;logos en ruso f&aacute;cil sobre todo tipo de temas<\/p>\r\n         <\/div>\r\n         <!-- fin de la descripci\u00f3n para Google Shooping-->\r\n         [etiquetas_producto paginas=\"70\" audio=62]\r\n         <p>Ideal para principiantes. Lee y escucha tus primeras conversaciones en ruso. Audiolibro en ruso + traducci&oacute;n al castellano + audio. M&aacute;s de 50 di&aacute;logos en ruso f&aacute;cil sobre todo tipo de temas:<\/p>\r\n         <ol>\r\n            <li>Presentaciones<\/li>\r\n            <li>Profesiones<\/li>\r\n            <li>Familia y parientes<\/li>\r\n            <li>Nacionalidades<\/li>\r\n            <li>Cumplea&ntilde;os<\/li>\r\n            <li>Planes para hoy<\/li>\r\n            <li>Hablando del tiempo<\/li>\r\n            <li>Comida<\/li>\r\n          <\/ol>\r\n\r\n[imagenes_tipo_libro]\r\n      <\/div>\r\n   <\/div>\r\n<\/div>","protected":false},"featured_media":4504,"comment_status":"open","ping_status":"closed","template":"","meta":[],"product_brand":[],"product_cat":[67,69,64,62],"product_tag":[],"class_list":{"0":"post-4177","1":"product","2":"type-product","3":"status-publish","4":"has-post-thumbnail","6":"product_cat-dialogos","7":"product_cat-ebook-libro-digital","8":"product_cat-libros-de-ruso-con-audio","9":"product_cat-libros-para-aprender-ruso","10":"pa_level-a1-es","12":"first","13":"instock","14":"downloadable","15":"virtual","16":"taxable","17":"purchasable","18":"product-type-simple"},"yoast_head":"<!-- This site is optimized with the Yoast SEO plugin v27.3 - https:\/\/yoast.com\/product\/yoast-seo-wordpress\/ -->\n<title>Di\u00e1logos en ruso f\u00e1cil + audio: Nivel A1 (ebook) - Sistema Kalinka<\/title>\n<meta name=\"description\" content=\"Di\u00e1logos en ruso f\u00e1cil con audio: Nivel A1, Libro 1\" \/>\n<meta name=\"robots\" content=\"index, follow, max-snippet:-1, max-image-preview:large, max-video-preview:-1\" \/>\n<link rel=\"canonical\" href=\"https:\/\/sistemakalinka.com\/es\/producto\/dialogos-en-ruso-facil-audio-nivel-a1-ebook\/\" \/>\n<meta property=\"og:locale\" content=\"es_ES\" \/>\n<meta property=\"og:type\" content=\"article\" \/>\n<meta property=\"og:title\" content=\"Di\u00e1logos en ruso f\u00e1cil + audio: Nivel A1 (ebook) - Sistema Kalinka\" \/>\n<meta property=\"og:description\" content=\"Di\u00e1logos en ruso f\u00e1cil con audio: Nivel A1, Libro 1\" \/>\n<meta property=\"og:url\" content=\"https:\/\/sistemakalinka.com\/es\/producto\/dialogos-en-ruso-facil-audio-nivel-a1-ebook\/\" \/>\n<meta property=\"og:site_name\" content=\"Sistema Kalinka\" \/>\n<meta property=\"article:modified_time\" content=\"2026-04-02T12:55:34+00:00\" \/>\n<meta property=\"og:image\" content=\"https:\/\/sistemakalinka.com\/wp-content\/uploads\/DBOOK_A1_01_es_ebook.jpg\" \/>\n\t<meta property=\"og:image:width\" content=\"1194\" \/>\n\t<meta property=\"og:image:height\" content=\"1194\" \/>\n\t<meta property=\"og:image:type\" content=\"image\/jpeg\" \/>\n<meta name=\"twitter:card\" content=\"summary_large_image\" \/>\n<meta name=\"twitter:label1\" content=\"Tiempo de lectura\" \/>\n\t<meta name=\"twitter:data1\" content=\"3 minutos\" \/>\n<script type=\"application\/ld+json\" class=\"yoast-schema-graph\">{\"@context\":\"https:\\\/\\\/schema.org\",\"@graph\":[{\"@type\":\"WebPage\",\"@id\":\"https:\\\/\\\/sistemakalinka.com\\\/es\\\/producto\\\/dialogos-en-ruso-facil-audio-nivel-a1-ebook\\\/\",\"url\":\"https:\\\/\\\/sistemakalinka.com\\\/es\\\/producto\\\/dialogos-en-ruso-facil-audio-nivel-a1-ebook\\\/\",\"name\":\"Di\u00e1logos en ruso f\u00e1cil + audio: Nivel A1 (ebook) - Sistema Kalinka\",\"isPartOf\":{\"@id\":\"https:\\\/\\\/sistemakalinka.com\\\/es\\\/#website\"},\"primaryImageOfPage\":{\"@id\":\"https:\\\/\\\/sistemakalinka.com\\\/es\\\/producto\\\/dialogos-en-ruso-facil-audio-nivel-a1-ebook\\\/#primaryimage\"},\"image\":{\"@id\":\"https:\\\/\\\/sistemakalinka.com\\\/es\\\/producto\\\/dialogos-en-ruso-facil-audio-nivel-a1-ebook\\\/#primaryimage\"},\"thumbnailUrl\":\"https:\\\/\\\/sistemakalinka.com\\\/wp-content\\\/uploads\\\/DBOOK_A1_01_es_ebook.jpg\",\"datePublished\":\"2020-05-22T14:14:57+00:00\",\"dateModified\":\"2026-04-02T12:55:34+00:00\",\"description\":\"Di\u00e1logos en ruso f\u00e1cil con audio: Nivel A1, Libro 1\",\"breadcrumb\":{\"@id\":\"https:\\\/\\\/sistemakalinka.com\\\/es\\\/producto\\\/dialogos-en-ruso-facil-audio-nivel-a1-ebook\\\/#breadcrumb\"},\"inLanguage\":\"es\",\"potentialAction\":[{\"@type\":\"ReadAction\",\"target\":[\"https:\\\/\\\/sistemakalinka.com\\\/es\\\/producto\\\/dialogos-en-ruso-facil-audio-nivel-a1-ebook\\\/\"]}]},{\"@type\":\"ImageObject\",\"inLanguage\":\"es\",\"@id\":\"https:\\\/\\\/sistemakalinka.com\\\/es\\\/producto\\\/dialogos-en-ruso-facil-audio-nivel-a1-ebook\\\/#primaryimage\",\"url\":\"https:\\\/\\\/sistemakalinka.com\\\/wp-content\\\/uploads\\\/DBOOK_A1_01_es_ebook.jpg\",\"contentUrl\":\"https:\\\/\\\/sistemakalinka.com\\\/wp-content\\\/uploads\\\/DBOOK_A1_01_es_ebook.jpg\",\"width\":1194,\"height\":1194,\"caption\":\"Di\u00e1logos en ruso f\u00e1cil + audio: Nivel A1 (ebook)\"},{\"@type\":\"BreadcrumbList\",\"@id\":\"https:\\\/\\\/sistemakalinka.com\\\/es\\\/producto\\\/dialogos-en-ruso-facil-audio-nivel-a1-ebook\\\/#breadcrumb\",\"itemListElement\":[{\"@type\":\"ListItem\",\"position\":1,\"name\":\"Home\",\"item\":\"https:\\\/\\\/sistemakalinka.com\\\/es\\\/\"},{\"@type\":\"ListItem\",\"position\":2,\"name\":\"Shop\",\"item\":\"https:\\\/\\\/sistemakalinka.com\\\/shop\\\/\"},{\"@type\":\"ListItem\",\"position\":3,\"name\":\"Di\u00e1logos en ruso f\u00e1cil + audio: Nivel A1 (ebook)\"}]},{\"@type\":\"WebSite\",\"@id\":\"https:\\\/\\\/sistemakalinka.com\\\/es\\\/#website\",\"url\":\"https:\\\/\\\/sistemakalinka.com\\\/es\\\/\",\"name\":\"Sistema Kalinka\",\"description\":\"Learn Russian with us\",\"potentialAction\":[{\"@type\":\"SearchAction\",\"target\":{\"@type\":\"EntryPoint\",\"urlTemplate\":\"https:\\\/\\\/sistemakalinka.com\\\/es\\\/?s={search_term_string}\"},\"query-input\":{\"@type\":\"PropertyValueSpecification\",\"valueRequired\":true,\"valueName\":\"search_term_string\"}}],\"inLanguage\":\"es\"}]}<\/script>\n<!-- \/ Yoast SEO plugin. -->","yoast_head_json":{"title":"Di\u00e1logos en ruso f\u00e1cil + audio: Nivel A1 (ebook) - Sistema Kalinka","description":"Di\u00e1logos en ruso f\u00e1cil con audio: Nivel A1, Libro 1","robots":{"index":"index","follow":"follow","max-snippet":"max-snippet:-1","max-image-preview":"max-image-preview:large","max-video-preview":"max-video-preview:-1"},"canonical":"https:\/\/sistemakalinka.com\/es\/producto\/dialogos-en-ruso-facil-audio-nivel-a1-ebook\/","og_locale":"es_ES","og_type":"article","og_title":"Di\u00e1logos en ruso f\u00e1cil + audio: Nivel A1 (ebook) - Sistema Kalinka","og_description":"Di\u00e1logos en ruso f\u00e1cil con audio: Nivel A1, Libro 1","og_url":"https:\/\/sistemakalinka.com\/es\/producto\/dialogos-en-ruso-facil-audio-nivel-a1-ebook\/","og_site_name":"Sistema Kalinka","article_modified_time":"2026-04-02T12:55:34+00:00","og_image":[{"width":1194,"height":1194,"url":"https:\/\/sistemakalinka.com\/wp-content\/uploads\/DBOOK_A1_01_es_ebook.jpg","type":"image\/jpeg"}],"twitter_card":"summary_large_image","twitter_misc":{"Tiempo de lectura":"3 minutos"},"schema":{"@context":"https:\/\/schema.org","@graph":[{"@type":"WebPage","@id":"https:\/\/sistemakalinka.com\/es\/producto\/dialogos-en-ruso-facil-audio-nivel-a1-ebook\/","url":"https:\/\/sistemakalinka.com\/es\/producto\/dialogos-en-ruso-facil-audio-nivel-a1-ebook\/","name":"Di\u00e1logos en ruso f\u00e1cil + audio: Nivel A1 (ebook) - Sistema Kalinka","isPartOf":{"@id":"https:\/\/sistemakalinka.com\/es\/#website"},"primaryImageOfPage":{"@id":"https:\/\/sistemakalinka.com\/es\/producto\/dialogos-en-ruso-facil-audio-nivel-a1-ebook\/#primaryimage"},"image":{"@id":"https:\/\/sistemakalinka.com\/es\/producto\/dialogos-en-ruso-facil-audio-nivel-a1-ebook\/#primaryimage"},"thumbnailUrl":"https:\/\/sistemakalinka.com\/wp-content\/uploads\/DBOOK_A1_01_es_ebook.jpg","datePublished":"2020-05-22T14:14:57+00:00","dateModified":"2026-04-02T12:55:34+00:00","description":"Di\u00e1logos en ruso f\u00e1cil con audio: Nivel A1, Libro 1","breadcrumb":{"@id":"https:\/\/sistemakalinka.com\/es\/producto\/dialogos-en-ruso-facil-audio-nivel-a1-ebook\/#breadcrumb"},"inLanguage":"es","potentialAction":[{"@type":"ReadAction","target":["https:\/\/sistemakalinka.com\/es\/producto\/dialogos-en-ruso-facil-audio-nivel-a1-ebook\/"]}]},{"@type":"ImageObject","inLanguage":"es","@id":"https:\/\/sistemakalinka.com\/es\/producto\/dialogos-en-ruso-facil-audio-nivel-a1-ebook\/#primaryimage","url":"https:\/\/sistemakalinka.com\/wp-content\/uploads\/DBOOK_A1_01_es_ebook.jpg","contentUrl":"https:\/\/sistemakalinka.com\/wp-content\/uploads\/DBOOK_A1_01_es_ebook.jpg","width":1194,"height":1194,"caption":"Di\u00e1logos en ruso f\u00e1cil + audio: Nivel A1 (ebook)"},{"@type":"BreadcrumbList","@id":"https:\/\/sistemakalinka.com\/es\/producto\/dialogos-en-ruso-facil-audio-nivel-a1-ebook\/#breadcrumb","itemListElement":[{"@type":"ListItem","position":1,"name":"Home","item":"https:\/\/sistemakalinka.com\/es\/"},{"@type":"ListItem","position":2,"name":"Shop","item":"https:\/\/sistemakalinka.com\/shop\/"},{"@type":"ListItem","position":3,"name":"Di\u00e1logos en ruso f\u00e1cil + audio: Nivel A1 (ebook)"}]},{"@type":"WebSite","@id":"https:\/\/sistemakalinka.com\/es\/#website","url":"https:\/\/sistemakalinka.com\/es\/","name":"Sistema Kalinka","description":"Learn Russian with us","potentialAction":[{"@type":"SearchAction","target":{"@type":"EntryPoint","urlTemplate":"https:\/\/sistemakalinka.com\/es\/?s={search_term_string}"},"query-input":{"@type":"PropertyValueSpecification","valueRequired":true,"valueName":"search_term_string"}}],"inLanguage":"es"}]}},"_links":{"self":[{"href":"https:\/\/sistemakalinka.com\/es\/wp-json\/wp\/v2\/product\/4177","targetHints":{"allow":["GET"]}}],"collection":[{"href":"https:\/\/sistemakalinka.com\/es\/wp-json\/wp\/v2\/product"}],"about":[{"href":"https:\/\/sistemakalinka.com\/es\/wp-json\/wp\/v2\/types\/product"}],"replies":[{"embeddable":true,"href":"https:\/\/sistemakalinka.com\/es\/wp-json\/wp\/v2\/comments?post=4177"}],"wp:featuredmedia":[{"embeddable":true,"href":"https:\/\/sistemakalinka.com\/es\/wp-json\/wp\/v2\/media\/4504"}],"wp:attachment":[{"href":"https:\/\/sistemakalinka.com\/es\/wp-json\/wp\/v2\/media?parent=4177"}],"wp:term":[{"taxonomy":"product_brand","embeddable":true,"href":"https:\/\/sistemakalinka.com\/es\/wp-json\/wp\/v2\/product_brand?post=4177"},{"taxonomy":"product_cat","embeddable":true,"href":"https:\/\/sistemakalinka.com\/es\/wp-json\/wp\/v2\/product_cat?post=4177"},{"taxonomy":"product_tag","embeddable":true,"href":"https:\/\/sistemakalinka.com\/es\/wp-json\/wp\/v2\/product_tag?post=4177"}],"curies":[{"name":"wp","href":"https:\/\/api.w.org\/{rel}","templated":true}]}}