{"id":4228,"date":"2020-05-22T13:27:35","date_gmt":"2020-05-25T13:45:19","guid":{"rendered":"http:\/\/sistemakalinka.com\/?post_type=product&#038;p=4228"},"modified":"2026-01-02T07:10:23","modified_gmt":"2026-01-02T06:10:23","slug":"1-clase-de-ruso-por-skype","status":"publish","type":"product","link":"https:\/\/sistemakalinka.com\/es\/producto\/1-clase-de-ruso-por-skype\/","title":{"rendered":"1 clase particular de ruso"},"content":{"rendered":"<div class=\"container-fluid\">\r\n<div class=\"row\">\r\n<div class=\"col-xs-12\">\r\n<h2>Contenido de cada clase<\/h2>\r\n<p>Nuestras clases duran 50 minutos e&nbsp;incluyen diferentes actividades en funci&oacute;n de tu nivel: vocabulario, pr&aacute;ctica de lectura, pr&aacute;ctica de conversaci&oacute;n, explicaciones gramaticales, ejercicios,&#8230; Tu profesor dise&ntilde;ar&aacute; tu clase en funci&oacute;n de tu nivel y tus objetivos&nbsp;de aprendizaje.<\/p>\r\n<h2>Nuestro equipo de profesores nativos<\/h2>\r\n<p>En Red Kalinka contamos con un gran equipo de profesores, todos ellos expertos en la ense&ntilde;anza del ruso. Desde el primer d&iacute;a, te asignaremos un profesor que se encargar&aacute; de crear tus clases y seguir tu progreso. Adem&aacute;s, nuestras clases son flexibles y no est&aacute;n sujetas a ning&uacute;n horario. Es decir,<\/p>\r\n<ul class=\"square\">\r\n   <li>t&uacute; eliges a qu&eacute; hora quieres la clase.<\/li>\r\n   <li>t&uacute; eliges qu&eacute; d&iacute;a quieres la clase.<\/li>\r\n   <li>t&uacute; eliges la frecuencia (una clase por semana, dos por semana, tres,&#8230;<\/li>\r\n<\/ul>\r\n<p><img decoding=\"async\" src=\"\/wp-content\/uploads\/skype-team-red-kalinka.jpg\" alt=\"Equipo de profesores de ruso nativos de Red Kalinka\" width=\"600\" \/><\/p>\r\n<h2>Materiales de estudio exclusivos con audio<\/h2>\r\n<p>Tras haber impartido m&aacute;s de 100.000 clases particulares, hemos usado nuestra experiencia para desarrollar nuestro propio&nbsp;<strong>m&eacute;todo de ense&ntilde;anza del ruso<\/strong>. Antes de cada clase, recibir&aacute;s por email materiales de estudio exclusivos con audio profesional. Aqu&iacute; puedes leer y escuchar muestras de ejemplo:<\/p>\r\n\r\n   <\/div>\r\n<\/div>\r\n<div class=\"row\">\r\n\r\n      <div class=\"col-lg-6 col-md-6 col-sm-6 col-xs-12\">\r\n         <p>Escucha una muestra de un di&aacute;logo<\/p>\r\n         <p>\r\n            <audio style=\"color: #95b9c7;\" controls=\"controls\">\r\n               <source src=\"\/wp-content\/uploads\/skype-demo-audio-01.mp3\" type=\"audio\/mpeg\">\r\n               Tu navegador no soporta este elemento de audio.\r\n            <\/audio>\r\n         <\/p>\r\n         <p>Escucha una muestra de la secci&oacute;n de vocabulario<\/p>\r\n         <p>\r\n            <audio style=\"color: #95b9c7;\" controls=\"controls\">\r\n               <source src=\"\/wp-content\/uploads\/skype-demo-audio-02.mp3\" type=\"audio\/mpeg\">\r\n               Tu navegador no soporta este elemento de audio.\r\n            <\/audio>\r\n         <\/p>\r\n         <p>Escucha una muestra de un texto<\/p>\r\n         <p>\r\n            <audio style=\"color: #95b9c7;\" controls=\"controls\">\r\n               <source src=\"\/wp-content\/uploads\/skype-demo-audio-03.mp3\" type=\"audio\/mpeg\">\r\n               Tu navegador no soporta este elemento de audio.\r\n            <\/audio>\r\n         <\/p>\r\n      <\/div>\r\n      <div class=\"col-lg-6 col-md-6 col-sm-6 col-xs-12\">\r\n         <p class=\"hidden-xs\">Lee una muestra de materiales de nivel principiante. Haz click para ampliar:<\/p>\r\n         <p class=\"hidden-lg hidden-md hidden-sm visible-xs-block\">Lee una muestra de nivel principiante:<\/p>\r\n         <div class=\"row mi-galeria-producto\"><a href=\"\/wp-content\/uploads\/skype-demo-material-01.jpg\" data-fancybox=\"gallery\" title=\"Muestra del curso de ruso\"><img decoding=\"async\" class=\"col-lg-6 col-md-12 col-sm-12 col-xs-12\" id=\"thumb_296\" src=\"\/wp-content\/uploads\/skype-demo-material-01.jpg\" alt=\"Muestra del curso de ruso\" title=\"Muestra del curso de ruso\" itemprop=\"image\" \/><\/a> <a href=\"\/wp-content\/uploads\/skype-demo-material-02.jpg\" data-fancybox=\"gallery\" title=\"Muestra del curso de ruso\"><img decoding=\"async\" class=\"col-lg-6 col-md-12 col-sm-12 col-xs-12\" id=\"thumb_296\" src=\"\/wp-content\/uploads\/skype-demo-material-02.jpg\" alt=\"Muestra del curso de ruso\" title=\"Muestra del curso de ruso\" itemprop=\"image\" \/><\/a> <a href=\"\/wp-content\/uploads\/skype-demo-material-03.jpg\" data-fancybox=\"gallery\" title=\"Muestra del curso de ruso\"><img decoding=\"async\" class=\"col-lg-6 col-md-12 col-sm-12 col-xs-12\" id=\"thumb_296\" src=\"\/wp-content\/uploads\/skype-demo-material-03.jpg\" alt=\"Muestra del curso de ruso\" title=\"Muestra del curso de ruso\" itemprop=\"image\" \/><\/a> <a href=\"\/wp-content\/uploads\/skype-demo-material-04.jpg\" data-fancybox=\"gallery\" title=\"Muestra del curso de ruso\"><img decoding=\"async\" class=\"col-lg-6 col-md-12 col-sm-12 col-xs-12\" id=\"thumb_296\" src=\"\/wp-content\/uploads\/skype-demo-material-04.jpg\" alt=\"Muestra del curso de ruso\" title=\"Muestra del curso de ruso\" itemprop=\"image\" \/><\/a><\/div>\r\n\r\n      <\/div>\r\n   <\/div>\r\n   \r\n      <div class=\"row\">\r\n      <div class=\"col-xs-12\">\r\n            <h2>Software<\/h2>\r\n         <p>Para disfrutar de las clases tan solo necesitas acceso a Internet, una webcam y un micr\u00f3fono. No es necesario tener ning\u00fan software instalado. Antes de cada clase recir\u00e1s un link que te dar\u00e1 acceso directo a la lecci\u00f3n sin necesidad de hacer nada m\u00e1s.<\/p>\r\n   <\/div>\r\n   <\/div>\r\n   \r\n<\/div>","protected":false},"excerpt":{"rendered":"<div class=\"container-fluid\">\r\n   <div class=\"row\">\r\n      <div class=\"col-xs-12\">\r\n         <p>Aprende ruso con nuestras clases particulares. Desde el primer d&iacute;a, tendr&aacute;s a un profesor asignado de nuestro equipo que seguir&aacute; tu progreso.<\/p>\r\n         <ul class=\"square\">\r\n            <li>M&aacute;s de 100.000 clases impartidas.<\/li>\r\n            <li>Escuela de ruso global con&nbsp;alumnos en m&aacute;s de 90 pa&iacute;ses.<\/li>\r\n            <li>Aprende desde tu casa&nbsp;y con un profesor nativo.<\/li>\r\n            <li>Material de estudio exclusivo con audio profesional.<\/li>\r\n         <\/ul>\r\n      <\/div>\r\n   <\/div>\r\n<\/div>","protected":false},"featured_media":5529,"comment_status":"open","ping_status":"closed","template":"","meta":[],"product_brand":[],"product_cat":[78],"product_tag":[],"class_list":{"0":"post-4228","1":"product","2":"type-product","3":"status-publish","4":"has-post-thumbnail","6":"product_cat-clases-particulares","8":"first","9":"instock","10":"virtual","11":"purchasable","12":"product-type-simple"},"yoast_head":"<!-- This site is optimized with the Yoast SEO plugin v27.4 - https:\/\/yoast.com\/product\/yoast-seo-wordpress\/ -->\n<title>1 clase particular de ruso - Sistema Kalinka<\/title>\n<meta name=\"description\" content=\"Aprende ruso con nuestras clases particulares. Profesores nativos y la experiencia de la mayor escuela de ruso del mundo.\" \/>\n<meta name=\"robots\" content=\"index, follow, max-snippet:-1, max-image-preview:large, max-video-preview:-1\" \/>\n<link rel=\"canonical\" href=\"https:\/\/sistemakalinka.com\/es\/producto\/1-clase-de-ruso-por-skype\/\" \/>\n<meta property=\"og:locale\" content=\"es_ES\" \/>\n<meta property=\"og:type\" content=\"article\" \/>\n<meta property=\"og:title\" content=\"1 clase particular de ruso - Sistema Kalinka\" \/>\n<meta property=\"og:description\" content=\"Aprende ruso con nuestras clases particulares. Profesores nativos y la experiencia de la mayor escuela de ruso del mundo.\" \/>\n<meta property=\"og:url\" content=\"https:\/\/sistemakalinka.com\/es\/producto\/1-clase-de-ruso-por-skype\/\" \/>\n<meta property=\"og:site_name\" content=\"Sistema Kalinka\" \/>\n<meta property=\"article:modified_time\" content=\"2026-01-02T06:10:23+00:00\" \/>\n<meta property=\"og:image\" content=\"https:\/\/sistemakalinka.com\/wp-content\/uploads\/skype-1-lesson.jpg\" \/>\n\t<meta property=\"og:image:width\" content=\"458\" \/>\n\t<meta property=\"og:image:height\" content=\"458\" \/>\n\t<meta property=\"og:image:type\" content=\"image\/jpeg\" \/>\n<meta name=\"twitter:card\" content=\"summary_large_image\" \/>\n<meta name=\"twitter:label1\" content=\"Tiempo de lectura\" \/>\n\t<meta name=\"twitter:data1\" content=\"3 minutos\" \/>\n<script type=\"application\/ld+json\" class=\"yoast-schema-graph\">{\"@context\":\"https:\\\/\\\/schema.org\",\"@graph\":[{\"@type\":\"WebPage\",\"@id\":\"https:\\\/\\\/sistemakalinka.com\\\/es\\\/producto\\\/1-clase-de-ruso-por-skype\\\/\",\"url\":\"https:\\\/\\\/sistemakalinka.com\\\/es\\\/producto\\\/1-clase-de-ruso-por-skype\\\/\",\"name\":\"1 clase particular de ruso - Sistema Kalinka\",\"isPartOf\":{\"@id\":\"https:\\\/\\\/sistemakalinka.com\\\/es\\\/#website\"},\"primaryImageOfPage\":{\"@id\":\"https:\\\/\\\/sistemakalinka.com\\\/es\\\/producto\\\/1-clase-de-ruso-por-skype\\\/#primaryimage\"},\"image\":{\"@id\":\"https:\\\/\\\/sistemakalinka.com\\\/es\\\/producto\\\/1-clase-de-ruso-por-skype\\\/#primaryimage\"},\"thumbnailUrl\":\"https:\\\/\\\/sistemakalinka.com\\\/wp-content\\\/uploads\\\/skype-1-lesson.jpg\",\"datePublished\":\"2020-05-25T13:45:19+00:00\",\"dateModified\":\"2026-01-02T06:10:23+00:00\",\"description\":\"Aprende ruso con nuestras clases particulares. Profesores nativos y la experiencia de la mayor escuela de ruso del mundo.\",\"breadcrumb\":{\"@id\":\"https:\\\/\\\/sistemakalinka.com\\\/es\\\/producto\\\/1-clase-de-ruso-por-skype\\\/#breadcrumb\"},\"inLanguage\":\"es\",\"potentialAction\":[{\"@type\":\"ReadAction\",\"target\":[\"https:\\\/\\\/sistemakalinka.com\\\/es\\\/producto\\\/1-clase-de-ruso-por-skype\\\/\"]}]},{\"@type\":\"ImageObject\",\"inLanguage\":\"es\",\"@id\":\"https:\\\/\\\/sistemakalinka.com\\\/es\\\/producto\\\/1-clase-de-ruso-por-skype\\\/#primaryimage\",\"url\":\"https:\\\/\\\/sistemakalinka.com\\\/wp-content\\\/uploads\\\/skype-1-lesson.jpg\",\"contentUrl\":\"https:\\\/\\\/sistemakalinka.com\\\/wp-content\\\/uploads\\\/skype-1-lesson.jpg\",\"width\":458,\"height\":458,\"caption\":\"Compra una clase de ruso por Skype\"},{\"@type\":\"BreadcrumbList\",\"@id\":\"https:\\\/\\\/sistemakalinka.com\\\/es\\\/producto\\\/1-clase-de-ruso-por-skype\\\/#breadcrumb\",\"itemListElement\":[{\"@type\":\"ListItem\",\"position\":1,\"name\":\"Home\",\"item\":\"https:\\\/\\\/sistemakalinka.com\\\/es\\\/\"},{\"@type\":\"ListItem\",\"position\":2,\"name\":\"Shop\",\"item\":\"https:\\\/\\\/sistemakalinka.com\\\/shop\\\/\"},{\"@type\":\"ListItem\",\"position\":3,\"name\":\"1 clase particular de ruso\"}]},{\"@type\":\"WebSite\",\"@id\":\"https:\\\/\\\/sistemakalinka.com\\\/es\\\/#website\",\"url\":\"https:\\\/\\\/sistemakalinka.com\\\/es\\\/\",\"name\":\"Sistema Kalinka\",\"description\":\"Learn Russian with us\",\"potentialAction\":[{\"@type\":\"SearchAction\",\"target\":{\"@type\":\"EntryPoint\",\"urlTemplate\":\"https:\\\/\\\/sistemakalinka.com\\\/es\\\/?s={search_term_string}\"},\"query-input\":{\"@type\":\"PropertyValueSpecification\",\"valueRequired\":true,\"valueName\":\"search_term_string\"}}],\"inLanguage\":\"es\"}]}<\/script>\n<!-- \/ Yoast SEO plugin. -->","yoast_head_json":{"title":"1 clase particular de ruso - Sistema Kalinka","description":"Aprende ruso con nuestras clases particulares. Profesores nativos y la experiencia de la mayor escuela de ruso del mundo.","robots":{"index":"index","follow":"follow","max-snippet":"max-snippet:-1","max-image-preview":"max-image-preview:large","max-video-preview":"max-video-preview:-1"},"canonical":"https:\/\/sistemakalinka.com\/es\/producto\/1-clase-de-ruso-por-skype\/","og_locale":"es_ES","og_type":"article","og_title":"1 clase particular de ruso - Sistema Kalinka","og_description":"Aprende ruso con nuestras clases particulares. Profesores nativos y la experiencia de la mayor escuela de ruso del mundo.","og_url":"https:\/\/sistemakalinka.com\/es\/producto\/1-clase-de-ruso-por-skype\/","og_site_name":"Sistema Kalinka","article_modified_time":"2026-01-02T06:10:23+00:00","og_image":[{"width":458,"height":458,"url":"https:\/\/sistemakalinka.com\/wp-content\/uploads\/skype-1-lesson.jpg","type":"image\/jpeg"}],"twitter_card":"summary_large_image","twitter_misc":{"Tiempo de lectura":"3 minutos"},"schema":{"@context":"https:\/\/schema.org","@graph":[{"@type":"WebPage","@id":"https:\/\/sistemakalinka.com\/es\/producto\/1-clase-de-ruso-por-skype\/","url":"https:\/\/sistemakalinka.com\/es\/producto\/1-clase-de-ruso-por-skype\/","name":"1 clase particular de ruso - Sistema Kalinka","isPartOf":{"@id":"https:\/\/sistemakalinka.com\/es\/#website"},"primaryImageOfPage":{"@id":"https:\/\/sistemakalinka.com\/es\/producto\/1-clase-de-ruso-por-skype\/#primaryimage"},"image":{"@id":"https:\/\/sistemakalinka.com\/es\/producto\/1-clase-de-ruso-por-skype\/#primaryimage"},"thumbnailUrl":"https:\/\/sistemakalinka.com\/wp-content\/uploads\/skype-1-lesson.jpg","datePublished":"2020-05-25T13:45:19+00:00","dateModified":"2026-01-02T06:10:23+00:00","description":"Aprende ruso con nuestras clases particulares. Profesores nativos y la experiencia de la mayor escuela de ruso del mundo.","breadcrumb":{"@id":"https:\/\/sistemakalinka.com\/es\/producto\/1-clase-de-ruso-por-skype\/#breadcrumb"},"inLanguage":"es","potentialAction":[{"@type":"ReadAction","target":["https:\/\/sistemakalinka.com\/es\/producto\/1-clase-de-ruso-por-skype\/"]}]},{"@type":"ImageObject","inLanguage":"es","@id":"https:\/\/sistemakalinka.com\/es\/producto\/1-clase-de-ruso-por-skype\/#primaryimage","url":"https:\/\/sistemakalinka.com\/wp-content\/uploads\/skype-1-lesson.jpg","contentUrl":"https:\/\/sistemakalinka.com\/wp-content\/uploads\/skype-1-lesson.jpg","width":458,"height":458,"caption":"Compra una clase de ruso por Skype"},{"@type":"BreadcrumbList","@id":"https:\/\/sistemakalinka.com\/es\/producto\/1-clase-de-ruso-por-skype\/#breadcrumb","itemListElement":[{"@type":"ListItem","position":1,"name":"Home","item":"https:\/\/sistemakalinka.com\/es\/"},{"@type":"ListItem","position":2,"name":"Shop","item":"https:\/\/sistemakalinka.com\/shop\/"},{"@type":"ListItem","position":3,"name":"1 clase particular de ruso"}]},{"@type":"WebSite","@id":"https:\/\/sistemakalinka.com\/es\/#website","url":"https:\/\/sistemakalinka.com\/es\/","name":"Sistema Kalinka","description":"Learn Russian with us","potentialAction":[{"@type":"SearchAction","target":{"@type":"EntryPoint","urlTemplate":"https:\/\/sistemakalinka.com\/es\/?s={search_term_string}"},"query-input":{"@type":"PropertyValueSpecification","valueRequired":true,"valueName":"search_term_string"}}],"inLanguage":"es"}]}},"_links":{"self":[{"href":"https:\/\/sistemakalinka.com\/es\/wp-json\/wp\/v2\/product\/4228","targetHints":{"allow":["GET"]}}],"collection":[{"href":"https:\/\/sistemakalinka.com\/es\/wp-json\/wp\/v2\/product"}],"about":[{"href":"https:\/\/sistemakalinka.com\/es\/wp-json\/wp\/v2\/types\/product"}],"replies":[{"embeddable":true,"href":"https:\/\/sistemakalinka.com\/es\/wp-json\/wp\/v2\/comments?post=4228"}],"wp:featuredmedia":[{"embeddable":true,"href":"https:\/\/sistemakalinka.com\/es\/wp-json\/wp\/v2\/media\/5529"}],"wp:attachment":[{"href":"https:\/\/sistemakalinka.com\/es\/wp-json\/wp\/v2\/media?parent=4228"}],"wp:term":[{"taxonomy":"product_brand","embeddable":true,"href":"https:\/\/sistemakalinka.com\/es\/wp-json\/wp\/v2\/product_brand?post=4228"},{"taxonomy":"product_cat","embeddable":true,"href":"https:\/\/sistemakalinka.com\/es\/wp-json\/wp\/v2\/product_cat?post=4228"},{"taxonomy":"product_tag","embeddable":true,"href":"https:\/\/sistemakalinka.com\/es\/wp-json\/wp\/v2\/product_tag?post=4228"}],"curies":[{"name":"wp","href":"https:\/\/api.w.org\/{rel}","templated":true}]}}