{"id":4251,"date":"2020-05-25T16:01:42","date_gmt":"2020-05-25T14:09:37","guid":{"rendered":"http:\/\/sistemakalinka.com\/?post_type=product&#038;p=4251"},"modified":"2025-06-04T15:23:43","modified_gmt":"2025-06-04T13:23:43","slug":"leccion-intensiva-el-complejo-mundo-de-los-numeros-rusos-principiante-y-avanzado","status":"publish","type":"product","link":"https:\/\/sistemakalinka.com\/es\/producto\/leccion-intensiva-el-complejo-mundo-de-los-numeros-rusos-principiante-y-avanzado\/","title":{"rendered":"Lecci\u00f3n intensiva: El complejo mundo de los n\u00fameros rusos (principiante y avanzado)"},"content":{"rendered":"<div class=\"container-fluid\">\r\n   <div class=\"row\">\r\n      <div class=\"col-sm-3 col-xs-12\"><img decoding=\"async\" src=\"\/wp-content\/uploads\/webinar-prueba-7-dias.png\" class=\"prueba-7-dias-imagen\" \/><\/div>\r\n      <div class=\"prueba-7-dias-texto\">\r\n         <h2>7 d&iacute;as de prueba sin riesgo<\/h2>\r\n         <ul class=\"prueba-7-dias-lista\">\r\n            <li>Inscr&iacute;bete en cualquiera de nuestras lecciones intensivas<\/li>\r\n            <li>Pru&eacute;bala durante 7 d&iacute;as y, si no te satisface&#8230;<\/li>\r\n            <li>&#8230;escr&iacute;benos y <span style=\"text-decoration: underline;\">te devolveremos tu dinero.<\/span><\/li>\r\n         <\/ul>\r\n      <\/div>\r\n   <\/div>\r\n   <div class=\"row\">\r\n      <div class=\"col-md-6 col-sm-12 col-xs-12\"><img decoding=\"async\" src=\"\/wp-content\/uploads\/webinar-promo-w02-a-es.png\" \/><\/div>\r\n      <div class=\"col-md-6 col-sm-12 col-xs-12\"><img decoding=\"async\" src=\"\/wp-content\/uploads\/webinar-promo-w01-b-es.png\" \/><\/div>\r\n   <\/div>\r\n   <div class=\"row\">\r\n      <div class=\"col-md-6 col-sm-12 col-xs-12\">\r\n         <h3>Programa del webinario<\/h3>\r\n         <p>Este seminario online consiste en una sesi&oacute;n de 90 minutos con nuestra experta en lengua rusa, Anastasia Chulkova.<\/p>\r\n         <ul>\r\n            <li>Presentaci&oacute;n: los diferentes tipos de n&uacute;meros en&nbsp;la lengua rusa<\/li>\r\n            <li>El uso de los casos en combinaci&oacute;n con n&uacute;meros<\/li>\r\n            <li>N&uacute;meros colectivos, fechas y otros usos<\/li>\r\n            <li>Construcciones complejas que requieren n&uacute;meros<\/li>\r\n            <li>Consejos y recomendaciones de uso<\/li>\r\n            <li>Ejercicios pr&aacute;cticos<\/li>\r\n            <li>Preguntas al profesor<\/li>\r\n         <\/ul>\r\n         <h3>La inscripci&oacute;n a este&nbsp;webinario incluye:<\/h3>\r\n         <div class=\"mi-cuadro-importante\">\r\n            <ul>\r\n               <li>Acceso al v&iacute;deo del seminario (90 minutos) de por vida<\/li>\r\n               <li>Materiales de trabajo con tablas y ejercicios (pdf)<\/li>\r\n               <li>Diploma de asistencia<\/li>\r\n               <li>Preguntas por email durante un a\u00f1o<\/li>\r\n            <\/ul>\r\n         <\/div>\r\n      <\/div>\r\n      <div class=\"col-lg-6 col-md-6 col-sm-6 col-xs-12\">\r\n         <h3>Muestras de los materiales<\/h3>\r\n         <p class=\"hidden-xs\">&iquest;Quieres ver una muestra de los materiales que se usar&aacute;n durante el webinario? Haz click para ampliar:<\/p>\r\n         <p class=\"hidden-lg hidden-md hidden-sm visible-xs-block\">Lee una muestras de los materiales de trabajo:<\/p>\r\n         <div class=\"row mi-galeria-producto\"><a href=\"\/wp-content\/uploads\/webinar-materiales_numeros_01.jpg\" data-fancybox=\"gallery\" title=\"Muestra de los materiales de trabajo\"><img decoding=\"async\" class=\"col-lg-6 col-md-12 col-sm-12 col-xs-12\" id=\"thumb_296\" src=\"\/wp-content\/uploads\/webinar-materiales_numeros_01.jpg\" alt=\"Muestra de los materiales de trabajo\" title=\"Muestra de los materiales de trabajo\" itemprop=\"image\" \/><\/a> <a href=\"\/wp-content\/uploads\/webinar-materiales_numeros_02.jpg\" data-fancybox=\"gallery\" title=\"Muestra de los materiales de trabajo\"><img decoding=\"async\" class=\"col-lg-6 col-md-12 col-sm-12 col-xs-12\" id=\"thumb_296\" src=\"\/wp-content\/uploads\/webinar-materiales_numeros_02.jpg\" alt=\"Muestra de los materiales de trabajo\" title=\"Muestra de los materiales de trabajo\" itemprop=\"image\" \/><\/a> <a href=\"\/wp-content\/uploads\/webinar-materiales_numeros_03.jpg\" data-fancybox=\"gallery\" title=\"Muestra de los materiales de trabajo\"><img decoding=\"async\" class=\"col-lg-6 col-md-12 col-sm-12 col-xs-12\" id=\"thumb_296\" src=\"\/wp-content\/uploads\/webinar-materiales_numeros_03.jpg\" alt=\"Muestra de los materiales de trabajo\" title=\"Muestra de los materiales de trabajo\" itemprop=\"image\" \/><\/a> <a href=\"\/wp-content\/uploads\/webinar-materiales_numeros_04.jpg\" data-fancybox=\"gallery\" title=\"Muestra de los materiales de trabajo\"><img decoding=\"async\" class=\"col-lg-6 col-md-12 col-sm-12 col-xs-12\" id=\"thumb_296\" src=\"\/wp-content\/uploads\/webinar-materiales_numeros_04.jpg\" alt=\"Muestra de los materiales de trabajo\" title=\"Muestra de los materiales de trabajo\" itemprop=\"image\" \/><\/a><\/div>\r\n      <\/div>\r\n   <\/div>\r\n   <div class=\"row\">\r\n      <div class=\"col-xs-12\">\r\n         <h3>Gram&aacute;tica intensiva en v&iacute;deo: Mejora tu ruso en 90 minutos<\/h3>\r\n         <p>&iquest;Quieres mejorar tus conocimientos de ruso sobre un tema espec&iacute;fico en 90 minutos? Si es as&iacute;, necesitas nuestras lecciones intensivas de gram&aacute;tica rusa. Cada una de ellas consiste en un seminario intensivo en v&iacute;deo donde <strong>Anastasia Chulkova, nuestra experta en lengua rusa, te ense&ntilde;ara todo lo que necesitas saber sobre cada tema<\/strong>. Aprende, pregunta, recibe consejos y mejora tu ruso<\/p>\r\n         <img decoding=\"async\" src=\"\/wp-content\/uploads\/webinar-promo-categoria-ES.png\" \/>\r\n      <\/div>\r\n   <\/div>\r\n<\/div>","protected":false},"excerpt":{"rendered":"<div class=\"container-fluid\">\r\n   <div class=\"row\">\r\n      <div class=\"col-xs-12\">\r\n         <div class=\"mi-cuadro-importante\">Mejora tu ruso con este seminario en video (lecci&oacute;n intensiva).<\/div>\r\n         <p>En una &uacute;nica sesi&oacute;n de 90 minutos, nuestra experta en lengua rusa Anastasia Chulkova nos ayudar&aacute; a entender el uso de los n&uacute;meros en ruso. Se trata de un tema que, aunque suene sencillo, en la lengua rusa puede llegar a ser bastante complejo:<\/p>\r\n         <ul>\r\n            <li>N&uacute;meros y casos: todas sus posibles combinaciones.<\/li>\r\n            <li>C&oacute;mo construir correctamente&nbsp;fechas, n&uacute;meros colectivos y otros.&nbsp;<\/li>\r\n            <li>C&oacute;mo modifican los n&uacute;meros el resto de palabras en una oraci&oacute;n.<\/li>\r\n            <li>C&oacute;mo influye el orden de las palabras en el significado de los n&uacute;meros.<\/li>\r\n            <li>Otros conceptos&nbsp;complejos a la hora de usar n&uacute;meros en ruso.<\/li>\r\n         <\/ul>\r\n         <div class=\"mi-cuadro-importante\"><span>Incluye materiales de trabajo +&nbsp;<\/span><strong>Acceso de por vida<\/strong><span>&nbsp;al video (de 90 minutos) + un a\u00f1o de preguntas al profesor.<\/span><\/div>\r\n         <p><span class=\"mi-cuadro-importante\"><span style=\"color: #d0121a;\"><strong>&iexcl;Prueba 7 d&iacute;as!<\/strong><\/span>&nbsp;Prueba esta lecci&oacute;n intensiva durante 7 d&iacute;as y, si no te satisface, escr&iacute;benos y te devolveremos tu dinero.<\/span><\/p>\r\n      <\/div>\r\n   <\/div>\r\n<\/div>","protected":false},"featured_media":31520,"comment_status":"open","ping_status":"closed","template":"","meta":[],"product_brand":[],"product_cat":[79],"product_tag":[],"class_list":{"0":"post-4251","1":"product","2":"type-product","3":"status-publish","4":"has-post-thumbnail","6":"product_cat-lecciones-intensivas","8":"first","9":"instock","10":"virtual","11":"purchasable","12":"product-type-simple"},"yoast_head":"<!-- This site is optimized with the Yoast SEO plugin v27.4 - https:\/\/yoast.com\/product\/yoast-seo-wordpress\/ -->\n<title>Lecci\u00f3n intensiva: El complejo mundo de los n\u00fameros rusos (principiante y avanzado) - Sistema Kalinka<\/title>\n<meta name=\"description\" content=\"Nuestros seminarios online te ayudar\u00e1n a mejorar tus conocimientos de ruso\" \/>\n<meta name=\"robots\" content=\"index, follow, max-snippet:-1, max-image-preview:large, max-video-preview:-1\" \/>\n<link rel=\"canonical\" href=\"https:\/\/sistemakalinka.com\/es\/producto\/leccion-intensiva-el-complejo-mundo-de-los-numeros-rusos-principiante-y-avanzado\/\" \/>\n<meta property=\"og:locale\" content=\"es_ES\" \/>\n<meta property=\"og:type\" content=\"article\" \/>\n<meta property=\"og:title\" content=\"Lecci\u00f3n intensiva: El complejo mundo de los n\u00fameros rusos (principiante y avanzado) - Sistema Kalinka\" \/>\n<meta property=\"og:description\" content=\"Nuestros seminarios online te ayudar\u00e1n a mejorar tus conocimientos de ruso\" \/>\n<meta property=\"og:url\" content=\"https:\/\/sistemakalinka.com\/es\/producto\/leccion-intensiva-el-complejo-mundo-de-los-numeros-rusos-principiante-y-avanzado\/\" \/>\n<meta property=\"og:site_name\" content=\"Sistema Kalinka\" \/>\n<meta property=\"article:modified_time\" content=\"2025-06-04T13:23:43+00:00\" \/>\n<meta property=\"og:image\" content=\"https:\/\/sistemakalinka.com\/wp-content\/uploads\/W02_SP-1.jpg\" \/>\n\t<meta property=\"og:image:width\" content=\"800\" \/>\n\t<meta property=\"og:image:height\" content=\"800\" \/>\n\t<meta property=\"og:image:type\" content=\"image\/jpeg\" \/>\n<meta name=\"twitter:card\" content=\"summary_large_image\" \/>\n<meta name=\"twitter:label1\" content=\"Tiempo de lectura\" \/>\n\t<meta name=\"twitter:data1\" content=\"3 minutos\" \/>\n<script type=\"application\/ld+json\" class=\"yoast-schema-graph\">{\"@context\":\"https:\\\/\\\/schema.org\",\"@graph\":[{\"@type\":\"WebPage\",\"@id\":\"https:\\\/\\\/sistemakalinka.com\\\/es\\\/producto\\\/leccion-intensiva-el-complejo-mundo-de-los-numeros-rusos-principiante-y-avanzado\\\/\",\"url\":\"https:\\\/\\\/sistemakalinka.com\\\/es\\\/producto\\\/leccion-intensiva-el-complejo-mundo-de-los-numeros-rusos-principiante-y-avanzado\\\/\",\"name\":\"Lecci\u00f3n intensiva: El complejo mundo de los n\u00fameros rusos (principiante y avanzado) - Sistema Kalinka\",\"isPartOf\":{\"@id\":\"https:\\\/\\\/sistemakalinka.com\\\/es\\\/#website\"},\"primaryImageOfPage\":{\"@id\":\"https:\\\/\\\/sistemakalinka.com\\\/es\\\/producto\\\/leccion-intensiva-el-complejo-mundo-de-los-numeros-rusos-principiante-y-avanzado\\\/#primaryimage\"},\"image\":{\"@id\":\"https:\\\/\\\/sistemakalinka.com\\\/es\\\/producto\\\/leccion-intensiva-el-complejo-mundo-de-los-numeros-rusos-principiante-y-avanzado\\\/#primaryimage\"},\"thumbnailUrl\":\"https:\\\/\\\/sistemakalinka.com\\\/wp-content\\\/uploads\\\/W02_SP-1.jpg\",\"datePublished\":\"2020-05-25T14:09:37+00:00\",\"dateModified\":\"2025-06-04T13:23:43+00:00\",\"description\":\"Nuestros seminarios online te ayudar\u00e1n a mejorar tus conocimientos de ruso\",\"breadcrumb\":{\"@id\":\"https:\\\/\\\/sistemakalinka.com\\\/es\\\/producto\\\/leccion-intensiva-el-complejo-mundo-de-los-numeros-rusos-principiante-y-avanzado\\\/#breadcrumb\"},\"inLanguage\":\"es\",\"potentialAction\":[{\"@type\":\"ReadAction\",\"target\":[\"https:\\\/\\\/sistemakalinka.com\\\/es\\\/producto\\\/leccion-intensiva-el-complejo-mundo-de-los-numeros-rusos-principiante-y-avanzado\\\/\"]}]},{\"@type\":\"ImageObject\",\"inLanguage\":\"es\",\"@id\":\"https:\\\/\\\/sistemakalinka.com\\\/es\\\/producto\\\/leccion-intensiva-el-complejo-mundo-de-los-numeros-rusos-principiante-y-avanzado\\\/#primaryimage\",\"url\":\"https:\\\/\\\/sistemakalinka.com\\\/wp-content\\\/uploads\\\/W02_SP-1.jpg\",\"contentUrl\":\"https:\\\/\\\/sistemakalinka.com\\\/wp-content\\\/uploads\\\/W02_SP-1.jpg\",\"width\":800,\"height\":800},{\"@type\":\"BreadcrumbList\",\"@id\":\"https:\\\/\\\/sistemakalinka.com\\\/es\\\/producto\\\/leccion-intensiva-el-complejo-mundo-de-los-numeros-rusos-principiante-y-avanzado\\\/#breadcrumb\",\"itemListElement\":[{\"@type\":\"ListItem\",\"position\":1,\"name\":\"Home\",\"item\":\"https:\\\/\\\/sistemakalinka.com\\\/es\\\/\"},{\"@type\":\"ListItem\",\"position\":2,\"name\":\"Shop\",\"item\":\"https:\\\/\\\/sistemakalinka.com\\\/shop\\\/\"},{\"@type\":\"ListItem\",\"position\":3,\"name\":\"Lecci\u00f3n intensiva: El complejo mundo de los n\u00fameros rusos (principiante y avanzado)\"}]},{\"@type\":\"WebSite\",\"@id\":\"https:\\\/\\\/sistemakalinka.com\\\/es\\\/#website\",\"url\":\"https:\\\/\\\/sistemakalinka.com\\\/es\\\/\",\"name\":\"Sistema Kalinka\",\"description\":\"Learn Russian with us\",\"potentialAction\":[{\"@type\":\"SearchAction\",\"target\":{\"@type\":\"EntryPoint\",\"urlTemplate\":\"https:\\\/\\\/sistemakalinka.com\\\/es\\\/?s={search_term_string}\"},\"query-input\":{\"@type\":\"PropertyValueSpecification\",\"valueRequired\":true,\"valueName\":\"search_term_string\"}}],\"inLanguage\":\"es\"}]}<\/script>\n<!-- \/ Yoast SEO plugin. -->","yoast_head_json":{"title":"Lecci\u00f3n intensiva: El complejo mundo de los n\u00fameros rusos (principiante y avanzado) - Sistema Kalinka","description":"Nuestros seminarios online te ayudar\u00e1n a mejorar tus conocimientos de ruso","robots":{"index":"index","follow":"follow","max-snippet":"max-snippet:-1","max-image-preview":"max-image-preview:large","max-video-preview":"max-video-preview:-1"},"canonical":"https:\/\/sistemakalinka.com\/es\/producto\/leccion-intensiva-el-complejo-mundo-de-los-numeros-rusos-principiante-y-avanzado\/","og_locale":"es_ES","og_type":"article","og_title":"Lecci\u00f3n intensiva: El complejo mundo de los n\u00fameros rusos (principiante y avanzado) - Sistema Kalinka","og_description":"Nuestros seminarios online te ayudar\u00e1n a mejorar tus conocimientos de ruso","og_url":"https:\/\/sistemakalinka.com\/es\/producto\/leccion-intensiva-el-complejo-mundo-de-los-numeros-rusos-principiante-y-avanzado\/","og_site_name":"Sistema Kalinka","article_modified_time":"2025-06-04T13:23:43+00:00","og_image":[{"width":800,"height":800,"url":"https:\/\/sistemakalinka.com\/wp-content\/uploads\/W02_SP-1.jpg","type":"image\/jpeg"}],"twitter_card":"summary_large_image","twitter_misc":{"Tiempo de lectura":"3 minutos"},"schema":{"@context":"https:\/\/schema.org","@graph":[{"@type":"WebPage","@id":"https:\/\/sistemakalinka.com\/es\/producto\/leccion-intensiva-el-complejo-mundo-de-los-numeros-rusos-principiante-y-avanzado\/","url":"https:\/\/sistemakalinka.com\/es\/producto\/leccion-intensiva-el-complejo-mundo-de-los-numeros-rusos-principiante-y-avanzado\/","name":"Lecci\u00f3n intensiva: El complejo mundo de los n\u00fameros rusos (principiante y avanzado) - Sistema Kalinka","isPartOf":{"@id":"https:\/\/sistemakalinka.com\/es\/#website"},"primaryImageOfPage":{"@id":"https:\/\/sistemakalinka.com\/es\/producto\/leccion-intensiva-el-complejo-mundo-de-los-numeros-rusos-principiante-y-avanzado\/#primaryimage"},"image":{"@id":"https:\/\/sistemakalinka.com\/es\/producto\/leccion-intensiva-el-complejo-mundo-de-los-numeros-rusos-principiante-y-avanzado\/#primaryimage"},"thumbnailUrl":"https:\/\/sistemakalinka.com\/wp-content\/uploads\/W02_SP-1.jpg","datePublished":"2020-05-25T14:09:37+00:00","dateModified":"2025-06-04T13:23:43+00:00","description":"Nuestros seminarios online te ayudar\u00e1n a mejorar tus conocimientos de ruso","breadcrumb":{"@id":"https:\/\/sistemakalinka.com\/es\/producto\/leccion-intensiva-el-complejo-mundo-de-los-numeros-rusos-principiante-y-avanzado\/#breadcrumb"},"inLanguage":"es","potentialAction":[{"@type":"ReadAction","target":["https:\/\/sistemakalinka.com\/es\/producto\/leccion-intensiva-el-complejo-mundo-de-los-numeros-rusos-principiante-y-avanzado\/"]}]},{"@type":"ImageObject","inLanguage":"es","@id":"https:\/\/sistemakalinka.com\/es\/producto\/leccion-intensiva-el-complejo-mundo-de-los-numeros-rusos-principiante-y-avanzado\/#primaryimage","url":"https:\/\/sistemakalinka.com\/wp-content\/uploads\/W02_SP-1.jpg","contentUrl":"https:\/\/sistemakalinka.com\/wp-content\/uploads\/W02_SP-1.jpg","width":800,"height":800},{"@type":"BreadcrumbList","@id":"https:\/\/sistemakalinka.com\/es\/producto\/leccion-intensiva-el-complejo-mundo-de-los-numeros-rusos-principiante-y-avanzado\/#breadcrumb","itemListElement":[{"@type":"ListItem","position":1,"name":"Home","item":"https:\/\/sistemakalinka.com\/es\/"},{"@type":"ListItem","position":2,"name":"Shop","item":"https:\/\/sistemakalinka.com\/shop\/"},{"@type":"ListItem","position":3,"name":"Lecci\u00f3n intensiva: El complejo mundo de los n\u00fameros rusos (principiante y avanzado)"}]},{"@type":"WebSite","@id":"https:\/\/sistemakalinka.com\/es\/#website","url":"https:\/\/sistemakalinka.com\/es\/","name":"Sistema Kalinka","description":"Learn Russian with us","potentialAction":[{"@type":"SearchAction","target":{"@type":"EntryPoint","urlTemplate":"https:\/\/sistemakalinka.com\/es\/?s={search_term_string}"},"query-input":{"@type":"PropertyValueSpecification","valueRequired":true,"valueName":"search_term_string"}}],"inLanguage":"es"}]}},"_links":{"self":[{"href":"https:\/\/sistemakalinka.com\/es\/wp-json\/wp\/v2\/product\/4251","targetHints":{"allow":["GET"]}}],"collection":[{"href":"https:\/\/sistemakalinka.com\/es\/wp-json\/wp\/v2\/product"}],"about":[{"href":"https:\/\/sistemakalinka.com\/es\/wp-json\/wp\/v2\/types\/product"}],"replies":[{"embeddable":true,"href":"https:\/\/sistemakalinka.com\/es\/wp-json\/wp\/v2\/comments?post=4251"}],"wp:featuredmedia":[{"embeddable":true,"href":"https:\/\/sistemakalinka.com\/es\/wp-json\/wp\/v2\/media\/31520"}],"wp:attachment":[{"href":"https:\/\/sistemakalinka.com\/es\/wp-json\/wp\/v2\/media?parent=4251"}],"wp:term":[{"taxonomy":"product_brand","embeddable":true,"href":"https:\/\/sistemakalinka.com\/es\/wp-json\/wp\/v2\/product_brand?post=4251"},{"taxonomy":"product_cat","embeddable":true,"href":"https:\/\/sistemakalinka.com\/es\/wp-json\/wp\/v2\/product_cat?post=4251"},{"taxonomy":"product_tag","embeddable":true,"href":"https:\/\/sistemakalinka.com\/es\/wp-json\/wp\/v2\/product_tag?post=4251"}],"curies":[{"name":"wp","href":"https:\/\/api.w.org\/{rel}","templated":true}]}}