{"id":4761,"date":"2020-06-03T09:57:29","date_gmt":"2020-06-03T12:03:56","guid":{"rendered":"http:\/\/sistemakalinka.com\/?post_type=product&#038;p=4761"},"modified":"2026-03-19T17:21:52","modified_gmt":"2026-03-19T16:21:52","slug":"anna-karenina-clasicos-en-ruso-facil-papel","status":"publish","type":"product","link":"https:\/\/sistemakalinka.com\/es\/producto\/anna-karenina-clasicos-en-ruso-facil-papel\/","title":{"rendered":"Cl\u00e1sicos en ruso &#8211; Anna Karenina (papel)"},"content":{"rendered":"<div class=\"container-fluid\">\r\n   <div class=\"row\">\r\n      <div class=\"col-xs-12\">\r\n         <h2>&iexcl;Pru&eacute;balo! Lee y escucha un fragmento de este libro:<\/h2>\r\n      <\/div>\r\n   <\/div>\r\n   <div class=\"row\">\r\n      <div class=\"col-lg-6 col-md-6 col-sm-6 col-xs-12\">\r\n         <p>Escucha un fragmento de este libro:<\/p>\r\n         <p>\r\n            <audio style=\"color: #95b9c7;\" controls=\"controls\">\r\n               <source src=\"\/wp-content\/uploads\/audio-CLBOOK-01-Anna-Karenina-1.mp3\" type=\"audio\/mpeg\">\r\n               Tu navegador no soporta este reproductor de sonido.\r\n            <\/audio>\r\n         <\/p>\r\n      <\/div>\r\n      <div class=\"col-lg-6 col-md-6 col-sm-6 col-xs-12\">\r\n         <p class=\"hidden-xs\">Lee un fragmento del libro. Haz click para ampliar:<\/p>\r\n         <p class=\"hidden-lg hidden-md hidden-sm visible-xs-block\">Lee un fragmento del libro:<\/p>\r\n         <div class=\"row mi-galeria-producto\"><a href=\"\/wp-content\/uploads\/book-ejemplo-CLBOOK-01-Anna-Karenina-1-bn.jpg\" data-fancybox=\"gallery\" title=\"Muestra del libro\"><img decoding=\"async\" class=\"col-lg-6 col-md-12 col-sm-12 col-xs-12\" id=\"thumb_296\" src=\"\/wp-content\/uploads\/book-ejemplo-CLBOOK-01-Anna-Karenina-1-bn.jpg\" alt=\"Muestra del libro\" title=\"Muestra del libro\" itemprop=\"image\" \/><\/a> <a href=\"\/wp-content\/uploads\/book-ejemplo-CLBOOK-01-Anna-Karenina-2-bn.jpg\" data-fancybox=\"gallery\" title=\"Muestra del libro\"><img decoding=\"async\" class=\"col-lg-6 col-md-12 col-sm-12 col-xs-12\" id=\"thumb_296\" src=\"\/wp-content\/uploads\/book-ejemplo-CLBOOK-01-Anna-Karenina-2-bn.jpg\" alt=\"Muestra del libro\" title=\"Muestra del libro\" itemprop=\"image\" \/><\/a> <a href=\"\/wp-content\/uploads\/book-ejemplo-CLBOOK-01-Anna-Karenina-3-bn.jpg\" data-fancybox=\"gallery\" title=\"Muestra del libro\"><img decoding=\"async\" class=\"col-lg-6 col-md-12 col-sm-12 col-xs-12\" id=\"thumb_296\" src=\"\/wp-content\/uploads\/book-ejemplo-CLBOOK-01-Anna-Karenina-3-bn.jpg\" alt=\"Muestra del libro\" title=\"Muestra del libro\" itemprop=\"image\" \/><\/a> <a href=\"\/wp-content\/uploads\/book-ejemplo-CLBOOK-01-Anna-Karenina-4-bn.jpg\" data-fancybox=\"gallery\" title=\"Muestra del libro\"><img decoding=\"async\" class=\"col-lg-6 col-md-12 col-sm-12 col-xs-12\" id=\"thumb_296\" src=\"\/wp-content\/uploads\/book-ejemplo-CLBOOK-01-Anna-Karenina-4-bn.jpg\" alt=\"Muestra del libro\" title=\"Muestra del libro\" itemprop=\"image\" \/><\/a><\/div>\r\n      <\/div>\r\n   <\/div>\r\n   <div class=\"row\">\r\n      <div class=\"col-xs-12\">\r\n         <hr \/>\r\n         <h2>4 razones para aprender ruso con nuestros libros<\/h2>\r\n         <p>Cada libro est&aacute; creado por un equipo de profesores de ruso, lo que garantiza que los textos sean &uacute;tiles para un estudiante como t&uacute;. Si est&aacute;s estudiando la lengua rusa, debes leer libros adaptados a tu nivel para que puedas aprender mientras disfrutas de la lectura. Y si adem&aacute;s, puedes escucharlos le&iacute;dos por una voz nativa rusa, disfrutar&aacute;s y aprender&aacute;s mucho m&aacute;s. Por eso estos son los mejores libros para aprender ruso:<\/p>\r\n         <div class=\"mi-cuadro-importante\">\r\n            <ol>\r\n               <li>Textos en ruso + notas de vocabulario (perfecto para aprender).<\/li>\r\n               <li>Con audio profesional en ruso (para practicar tu o&iacute;do).<\/li>\r\n               <li>Clasificados por niveles (se adaptan a tu nivel).<\/li>\r\n               <li>Creados espec&iacute;ficamente para aprender ruso (y escritos por profesores de ruso).<\/li>\r\n            <\/ol>\r\n         <\/div>\r\n         <p>Escucha y lee cl&aacute;sicos de la literatura rusa&nbsp;con un vocabulario f&aacute;cil de entender para estudiantes de nivel medio. Si tienes alguna pregunta sobre este libro, no dudes en contactar con nosotros.<\/p>\r\n         <h2>Textos en ruso + notas de vocabulario&nbsp;+ audio profesional<\/h2>\r\n         <p>No ver&aacute;s nada igual en otro lugar, ya que somos la &uacute;nica escuela de ruso que ha creado este tipo de audiolibros en ruso. Los textos incluyen notas sobre el vocabulario, por lo que aprender&aacute;s m&aacute;s r&aacute;pidamente. Adem&aacute;s, podr&aacute;s escuchar todo el libro en ruso, ya que est&aacute; &iacute;ntegramente grabado con calidad profesional. En pocas palabras, podr&aacute;s leer, escuchar y aprender ruso con una colecci&oacute;n de libros &uacute;nicos. Si est&aacute;s buscando textos&nbsp;en ruso creados espec&iacute;ficamente para estudiantes, no puedes perderte este libro.<\/p>\r\n         <h2>Recibe tu libro en casa muy bien protegido<\/h2>\r\n         <p>Nuestros libros se env&iacute;an protegidos, envueltos en pl&aacute;stico y en un paquete resistente (caja o sobre reforzado).<\/p>\r\n      <\/div>\r\n   <\/div>\r\n<\/div>","protected":false},"excerpt":{"rendered":"<div class=\"container-fluid\">\r\n   <div class=\"row\">\r\n      <div class=\"col-xs-12\">\r\n         <!-- este div es la descripcion para Google Shopping-->\r\n         <div hidden=\"\">\r\n\r\n            <p>Ahora tienes la oportunidad de disfrutar de cl&aacute;sicos rusos, escritos en ruso f&aacute;cil. Anna Karenina es una novela cl&aacute;sica escrita por Lev Tolst&oacute;i, publicada en 1873. Cuenta la historia de Anna Karenina, una joven que descubre el amor, la pasi&oacute;n, la traici&oacute;n y la tragedia. Mientras lees el libro, descubrir&aacute;s la vida de la aristocracia rusa del siglo XIX.<\/p>\r\n         <\/div>\r\n         <!-- fin de la descripci\u00f3n para Google Shooping-->\r\n       [etiquetas_producto paginas=\"64\" audio=100]\r\n         <p>Ahora tienes la oportunidad de disfrutar de cl&aacute;sicos rusos, escritos en ruso f&aacute;cil. Anna Karenina es una novela cl&aacute;sica escrita por Le&oacute;n Tolst&oacute;i, publicada en 1873. Cuenta la historia de Anna Karenina, una joven que descubre el amor, la pasi&oacute;n, la traici&oacute;n y la tragedia. Mientras lees el libro, descubrir&aacute;s la vida de la aristocracia rusa del siglo XIX.<\/p>\r\n         <ul>\r\n            [imagenes_tipo_libro]\r\n      <\/div>\r\n   <\/div>\r\n<\/div>","protected":false},"featured_media":4466,"comment_status":"open","ping_status":"closed","template":"","meta":[],"product_brand":[],"product_cat":[65,70,64,62],"product_tag":[],"class_list":{"0":"post-4761","1":"product","2":"type-product","3":"status-publish","4":"has-post-thumbnail","6":"product_cat-clasicos","7":"product_cat-libro-en-papel","8":"product_cat-libros-de-ruso-con-audio","9":"product_cat-libros-para-aprender-ruso","10":"pa_level-b1-b2-es","12":"first","13":"instock","14":"taxable","15":"shipping-taxable","16":"purchasable","17":"product-type-simple"},"yoast_head":"<!-- This site is optimized with the Yoast SEO plugin v27.3 - https:\/\/yoast.com\/product\/yoast-seo-wordpress\/ -->\n<title>Cl\u00e1sicos en ruso - Anna Karenina (papel) - Sistema Kalinka<\/title>\n<meta name=\"description\" content=\"Libros para aprender ruso. Anna Karenina - Cl\u00e1sicos en ruso f\u00e1cil con audio para estudiantes\" \/>\n<meta name=\"robots\" content=\"index, follow, max-snippet:-1, max-image-preview:large, max-video-preview:-1\" \/>\n<link rel=\"canonical\" href=\"https:\/\/sistemakalinka.com\/es\/producto\/anna-karenina-clasicos-en-ruso-facil-papel\/\" \/>\n<meta property=\"og:locale\" content=\"es_ES\" \/>\n<meta property=\"og:type\" content=\"article\" \/>\n<meta property=\"og:title\" content=\"Cl\u00e1sicos en ruso - Anna Karenina (papel) - Sistema Kalinka\" \/>\n<meta property=\"og:description\" content=\"Libros para aprender ruso. Anna Karenina - Cl\u00e1sicos en ruso f\u00e1cil con audio para estudiantes\" \/>\n<meta property=\"og:url\" content=\"https:\/\/sistemakalinka.com\/es\/producto\/anna-karenina-clasicos-en-ruso-facil-papel\/\" \/>\n<meta property=\"og:site_name\" content=\"Sistema Kalinka\" \/>\n<meta property=\"article:modified_time\" content=\"2026-03-19T16:21:52+00:00\" \/>\n<meta property=\"og:image\" content=\"https:\/\/sistemakalinka.com\/wp-content\/uploads\/CLBOOK_01_Anna_Karenina_es_papel.jpg\" \/>\n\t<meta property=\"og:image:width\" content=\"1194\" \/>\n\t<meta property=\"og:image:height\" content=\"1194\" \/>\n\t<meta property=\"og:image:type\" content=\"image\/jpeg\" \/>\n<meta name=\"twitter:card\" content=\"summary_large_image\" \/>\n<meta name=\"twitter:label1\" content=\"Tiempo de lectura\" \/>\n\t<meta name=\"twitter:data1\" content=\"3 minutos\" \/>\n<script type=\"application\/ld+json\" class=\"yoast-schema-graph\">{\"@context\":\"https:\\\/\\\/schema.org\",\"@graph\":[{\"@type\":\"WebPage\",\"@id\":\"https:\\\/\\\/sistemakalinka.com\\\/es\\\/producto\\\/anna-karenina-clasicos-en-ruso-facil-papel\\\/\",\"url\":\"https:\\\/\\\/sistemakalinka.com\\\/es\\\/producto\\\/anna-karenina-clasicos-en-ruso-facil-papel\\\/\",\"name\":\"Cl\u00e1sicos en ruso - Anna Karenina (papel) - Sistema Kalinka\",\"isPartOf\":{\"@id\":\"https:\\\/\\\/sistemakalinka.com\\\/es\\\/#website\"},\"primaryImageOfPage\":{\"@id\":\"https:\\\/\\\/sistemakalinka.com\\\/es\\\/producto\\\/anna-karenina-clasicos-en-ruso-facil-papel\\\/#primaryimage\"},\"image\":{\"@id\":\"https:\\\/\\\/sistemakalinka.com\\\/es\\\/producto\\\/anna-karenina-clasicos-en-ruso-facil-papel\\\/#primaryimage\"},\"thumbnailUrl\":\"https:\\\/\\\/sistemakalinka.com\\\/wp-content\\\/uploads\\\/CLBOOK_01_Anna_Karenina_es_papel.jpg\",\"datePublished\":\"2020-06-03T12:03:56+00:00\",\"dateModified\":\"2026-03-19T16:21:52+00:00\",\"description\":\"Libros para aprender ruso. Anna Karenina - Cl\u00e1sicos en ruso f\u00e1cil con audio para estudiantes\",\"breadcrumb\":{\"@id\":\"https:\\\/\\\/sistemakalinka.com\\\/es\\\/producto\\\/anna-karenina-clasicos-en-ruso-facil-papel\\\/#breadcrumb\"},\"inLanguage\":\"es\",\"potentialAction\":[{\"@type\":\"ReadAction\",\"target\":[\"https:\\\/\\\/sistemakalinka.com\\\/es\\\/producto\\\/anna-karenina-clasicos-en-ruso-facil-papel\\\/\"]}]},{\"@type\":\"ImageObject\",\"inLanguage\":\"es\",\"@id\":\"https:\\\/\\\/sistemakalinka.com\\\/es\\\/producto\\\/anna-karenina-clasicos-en-ruso-facil-papel\\\/#primaryimage\",\"url\":\"https:\\\/\\\/sistemakalinka.com\\\/wp-content\\\/uploads\\\/CLBOOK_01_Anna_Karenina_es_papel.jpg\",\"contentUrl\":\"https:\\\/\\\/sistemakalinka.com\\\/wp-content\\\/uploads\\\/CLBOOK_01_Anna_Karenina_es_papel.jpg\",\"width\":1194,\"height\":1194,\"caption\":\"Anna Karenina - Cl\u00e1sicos en ruso f\u00e1cil (papel)\"},{\"@type\":\"BreadcrumbList\",\"@id\":\"https:\\\/\\\/sistemakalinka.com\\\/es\\\/producto\\\/anna-karenina-clasicos-en-ruso-facil-papel\\\/#breadcrumb\",\"itemListElement\":[{\"@type\":\"ListItem\",\"position\":1,\"name\":\"Home\",\"item\":\"https:\\\/\\\/sistemakalinka.com\\\/es\\\/\"},{\"@type\":\"ListItem\",\"position\":2,\"name\":\"Shop\",\"item\":\"https:\\\/\\\/sistemakalinka.com\\\/shop\\\/\"},{\"@type\":\"ListItem\",\"position\":3,\"name\":\"Cl\u00e1sicos en ruso &#8211; Anna Karenina (papel)\"}]},{\"@type\":\"WebSite\",\"@id\":\"https:\\\/\\\/sistemakalinka.com\\\/es\\\/#website\",\"url\":\"https:\\\/\\\/sistemakalinka.com\\\/es\\\/\",\"name\":\"Sistema Kalinka\",\"description\":\"Learn Russian with us\",\"potentialAction\":[{\"@type\":\"SearchAction\",\"target\":{\"@type\":\"EntryPoint\",\"urlTemplate\":\"https:\\\/\\\/sistemakalinka.com\\\/es\\\/?s={search_term_string}\"},\"query-input\":{\"@type\":\"PropertyValueSpecification\",\"valueRequired\":true,\"valueName\":\"search_term_string\"}}],\"inLanguage\":\"es\"}]}<\/script>\n<!-- \/ Yoast SEO plugin. -->","yoast_head_json":{"title":"Cl\u00e1sicos en ruso - Anna Karenina (papel) - Sistema Kalinka","description":"Libros para aprender ruso. Anna Karenina - Cl\u00e1sicos en ruso f\u00e1cil con audio para estudiantes","robots":{"index":"index","follow":"follow","max-snippet":"max-snippet:-1","max-image-preview":"max-image-preview:large","max-video-preview":"max-video-preview:-1"},"canonical":"https:\/\/sistemakalinka.com\/es\/producto\/anna-karenina-clasicos-en-ruso-facil-papel\/","og_locale":"es_ES","og_type":"article","og_title":"Cl\u00e1sicos en ruso - Anna Karenina (papel) - Sistema Kalinka","og_description":"Libros para aprender ruso. Anna Karenina - Cl\u00e1sicos en ruso f\u00e1cil con audio para estudiantes","og_url":"https:\/\/sistemakalinka.com\/es\/producto\/anna-karenina-clasicos-en-ruso-facil-papel\/","og_site_name":"Sistema Kalinka","article_modified_time":"2026-03-19T16:21:52+00:00","og_image":[{"width":1194,"height":1194,"url":"https:\/\/sistemakalinka.com\/wp-content\/uploads\/CLBOOK_01_Anna_Karenina_es_papel.jpg","type":"image\/jpeg"}],"twitter_card":"summary_large_image","twitter_misc":{"Tiempo de lectura":"3 minutos"},"schema":{"@context":"https:\/\/schema.org","@graph":[{"@type":"WebPage","@id":"https:\/\/sistemakalinka.com\/es\/producto\/anna-karenina-clasicos-en-ruso-facil-papel\/","url":"https:\/\/sistemakalinka.com\/es\/producto\/anna-karenina-clasicos-en-ruso-facil-papel\/","name":"Cl\u00e1sicos en ruso - Anna Karenina (papel) - Sistema Kalinka","isPartOf":{"@id":"https:\/\/sistemakalinka.com\/es\/#website"},"primaryImageOfPage":{"@id":"https:\/\/sistemakalinka.com\/es\/producto\/anna-karenina-clasicos-en-ruso-facil-papel\/#primaryimage"},"image":{"@id":"https:\/\/sistemakalinka.com\/es\/producto\/anna-karenina-clasicos-en-ruso-facil-papel\/#primaryimage"},"thumbnailUrl":"https:\/\/sistemakalinka.com\/wp-content\/uploads\/CLBOOK_01_Anna_Karenina_es_papel.jpg","datePublished":"2020-06-03T12:03:56+00:00","dateModified":"2026-03-19T16:21:52+00:00","description":"Libros para aprender ruso. Anna Karenina - Cl\u00e1sicos en ruso f\u00e1cil con audio para estudiantes","breadcrumb":{"@id":"https:\/\/sistemakalinka.com\/es\/producto\/anna-karenina-clasicos-en-ruso-facil-papel\/#breadcrumb"},"inLanguage":"es","potentialAction":[{"@type":"ReadAction","target":["https:\/\/sistemakalinka.com\/es\/producto\/anna-karenina-clasicos-en-ruso-facil-papel\/"]}]},{"@type":"ImageObject","inLanguage":"es","@id":"https:\/\/sistemakalinka.com\/es\/producto\/anna-karenina-clasicos-en-ruso-facil-papel\/#primaryimage","url":"https:\/\/sistemakalinka.com\/wp-content\/uploads\/CLBOOK_01_Anna_Karenina_es_papel.jpg","contentUrl":"https:\/\/sistemakalinka.com\/wp-content\/uploads\/CLBOOK_01_Anna_Karenina_es_papel.jpg","width":1194,"height":1194,"caption":"Anna Karenina - Cl\u00e1sicos en ruso f\u00e1cil (papel)"},{"@type":"BreadcrumbList","@id":"https:\/\/sistemakalinka.com\/es\/producto\/anna-karenina-clasicos-en-ruso-facil-papel\/#breadcrumb","itemListElement":[{"@type":"ListItem","position":1,"name":"Home","item":"https:\/\/sistemakalinka.com\/es\/"},{"@type":"ListItem","position":2,"name":"Shop","item":"https:\/\/sistemakalinka.com\/shop\/"},{"@type":"ListItem","position":3,"name":"Cl\u00e1sicos en ruso &#8211; Anna Karenina (papel)"}]},{"@type":"WebSite","@id":"https:\/\/sistemakalinka.com\/es\/#website","url":"https:\/\/sistemakalinka.com\/es\/","name":"Sistema Kalinka","description":"Learn Russian with us","potentialAction":[{"@type":"SearchAction","target":{"@type":"EntryPoint","urlTemplate":"https:\/\/sistemakalinka.com\/es\/?s={search_term_string}"},"query-input":{"@type":"PropertyValueSpecification","valueRequired":true,"valueName":"search_term_string"}}],"inLanguage":"es"}]}},"_links":{"self":[{"href":"https:\/\/sistemakalinka.com\/es\/wp-json\/wp\/v2\/product\/4761","targetHints":{"allow":["GET"]}}],"collection":[{"href":"https:\/\/sistemakalinka.com\/es\/wp-json\/wp\/v2\/product"}],"about":[{"href":"https:\/\/sistemakalinka.com\/es\/wp-json\/wp\/v2\/types\/product"}],"replies":[{"embeddable":true,"href":"https:\/\/sistemakalinka.com\/es\/wp-json\/wp\/v2\/comments?post=4761"}],"wp:featuredmedia":[{"embeddable":true,"href":"https:\/\/sistemakalinka.com\/es\/wp-json\/wp\/v2\/media\/4466"}],"wp:attachment":[{"href":"https:\/\/sistemakalinka.com\/es\/wp-json\/wp\/v2\/media?parent=4761"}],"wp:term":[{"taxonomy":"product_brand","embeddable":true,"href":"https:\/\/sistemakalinka.com\/es\/wp-json\/wp\/v2\/product_brand?post=4761"},{"taxonomy":"product_cat","embeddable":true,"href":"https:\/\/sistemakalinka.com\/es\/wp-json\/wp\/v2\/product_cat?post=4761"},{"taxonomy":"product_tag","embeddable":true,"href":"https:\/\/sistemakalinka.com\/es\/wp-json\/wp\/v2\/product_tag?post=4761"}],"curies":[{"name":"wp","href":"https:\/\/api.w.org\/{rel}","templated":true}]}}