{"id":4842,"date":"2020-06-03T15:59:11","date_gmt":"2020-06-03T15:11:18","guid":{"rendered":"http:\/\/sistemakalinka.com\/?post_type=product&#038;p=4842"},"modified":"2026-03-01T11:00:26","modified_gmt":"2026-03-01T10:00:26","slug":"dialogos-en-ruso-facil-audio-nivel-a2-papel","status":"publish","type":"product","link":"https:\/\/sistemakalinka.com\/es\/producto\/dialogos-en-ruso-facil-audio-nivel-a2-papel\/","title":{"rendered":"Di\u00e1logos en ruso f\u00e1cil + audio: Nivel A2 (papel)"},"content":{"rendered":"<div class=\"container-fluid\">\r\n   <div class=\"row\">\r\n      <div class=\"col-xs-12\">\r\n         <h2>&iexcl;Pru&eacute;balo! Lee y escucha un fragmento de este libro:<\/h2>\r\n      <\/div>\r\n   <\/div>\r\n   <div class=\"row\">\r\n      <div class=\"col-lg-6 col-md-6 col-sm-6 col-xs-12\">\r\n         <p>Escucha un fragmento de este libro:<\/p>\r\n         <p>\r\n            <audio style=\"color: #95b9c7;\" controls=\"controls\">\r\n               <source src=\"\/wp-content\/uploads\/audio-DBOOK-A2-01.mp3\" type=\"audio\/mpeg\">\r\n               Tu navegador no soporta este reproductor de sonido.\r\n            <\/audio>\r\n         <\/p>\r\n      <\/div>\r\n      <div class=\"col-lg-6 col-md-6 col-sm-6 col-xs-12\">\r\n         <p class=\"hidden-xs\">Lee un fragmento del libro. Haz click para ampliar:<\/p>\r\n         <p class=\"hidden-lg hidden-md hidden-sm visible-xs-block\">Lee un fragmento del libro:<\/p>\r\n         <div class=\"row mi-galeria-producto\"><a href=\"\/wp-content\/uploads\/book-ejemplo-DBOOK-A2-01-libro-ruso-con-audio-1-bn.jpg\" data-fancybox=\"gallery\" title=\"Muestra del libro\"><img decoding=\"async\" class=\"col-lg-6 col-md-12 col-sm-12 col-xs-12\" id=\"thumb_296\" src=\"\/wp-content\/uploads\/book-ejemplo-DBOOK-A2-01-libro-ruso-con-audio-1-bn.jpg\" alt=\"Muestra del libro\" title=\"Muestra del libro\" itemprop=\"image\" \/><\/a> <a href=\"\/wp-content\/uploads\/book-ejemplo-DBOOK-A2-01-libro-ruso-con-audio-2-bn.jpg\" data-fancybox=\"gallery\" title=\"Muestra del libro\"><img decoding=\"async\" class=\"col-lg-6 col-md-12 col-sm-12 col-xs-12\" id=\"thumb_296\" src=\"\/wp-content\/uploads\/book-ejemplo-DBOOK-A2-01-libro-ruso-con-audio-2-bn.jpg\" alt=\"Muestra del libro\" title=\"Muestra del libro\" itemprop=\"image\" \/><\/a> <a href=\"\/wp-content\/uploads\/book-ejemplo-DBOOK-A2-01-libro-ruso-con-audio-3-bn.jpg\" data-fancybox=\"gallery\" title=\"Muestra del libro\"><img decoding=\"async\" class=\"col-lg-6 col-md-12 col-sm-12 col-xs-12\" id=\"thumb_296\" src=\"\/wp-content\/uploads\/book-ejemplo-DBOOK-A2-01-libro-ruso-con-audio-3-bn.jpg\" alt=\"Muestra del libro\" title=\"Muestra del libro\" itemprop=\"image\" \/><\/a> <a href=\"\/wp-content\/uploads\/book-ejemplo-DBOOK-A2-01-libro-ruso-con-audio-4-bn.jpg\" data-fancybox=\"gallery\" title=\"Muestra del libro\"><img decoding=\"async\" class=\"col-lg-6 col-md-12 col-sm-12 col-xs-12\" id=\"thumb_296\" src=\"\/wp-content\/uploads\/book-ejemplo-DBOOK-A2-01-libro-ruso-con-audio-4-bn.jpg\" alt=\"Muestra del libro\" title=\"Muestra del libro\" itemprop=\"image\" \/><\/a><\/div>\r\n      <\/div>\r\n   <\/div>\r\n   <div class=\"row\">\r\n      <div class=\"col-xs-12\">\r\n         <hr \/>\r\n         <h2>4 razones para aprender ruso con nuestros libros<\/h2>\r\n         <p>Cada libro est&aacute; creado por un equipo de profesores de ruso, lo que garantiza que los textos sean &uacute;tiles para un estudiante como t&uacute;. Si est&aacute;s estudiando la lengua rusa, debes leer libros adaptados a tu nivel para que puedas aprender mientras disfrutas de la lectura. Y si adem&aacute;s, puedes escucharlos le&iacute;dos por una voz nativa rusa, disfrutar&aacute;s y aprender&aacute;s mucho m&aacute;s. Por eso estos son los mejores libros para aprender ruso:<\/p>\r\n         <div class=\"mi-cuadro-importante\">\r\n            <ol>\r\n               <li>Textos en ruso +&nbsp;traducci&oacute;n al castellano (perfecto para aprender).<\/li>\r\n               <li>Con audio profesional en ruso (para practicar tu o&iacute;do).<\/li>\r\n               <li>Clasificados por niveles (se adaptan a tu nivel).<\/li>\r\n               <li>Creados espec&iacute;ficamente para aprender ruso (y escritos por profesores de ruso).<\/li>\r\n            <\/ol>\r\n         <\/div>\r\n         <p>Escucha y lee conversaciones reales con un vocabulario f&aacute;cil de entender para principiantes. Si tienes alguna pregunta sobre este libro, no dudes en contactar con nosotros.<\/p>\r\n         <h2>Textos en ruso + traducci&oacute;n + audio profesional<\/h2>\r\n         <p>No ver&aacute;s nada igual en otro lugar, ya que somos la &uacute;nica escuela de ruso que ha creado este tipo de audiolibros en ruso. Todos los di&aacute;logos est&aacute;n traducidos al castellano, por lo que aprender&aacute;s m&aacute;s r&aacute;pidamente. Adem&aacute;s, podr&aacute;s escuchar todo el libro en ruso, ya que est&aacute; &iacute;ntegramente grabado con calidad profesional. En pocas palabras, podr&aacute;s leer, escuchar y aprender ruso con una colecci&oacute;n de libros &uacute;nicos. Si est&aacute;s buscando di&aacute;logos en ruso f&aacute;cil creados espec&iacute;ficamente para principiantes, no puedes perderte este libro.<\/p>\r\n         <h2>Recibe tu libro en casa muy bien protegido + edici&oacute;n en ebook<\/h2>\r\n         <p>Nuestros libros se env&iacute;an protegidos, envueltos en pl&aacute;stico y en un paquete resistente (caja o sobre reforzado). Una vez&nbsp;tengas el libro de papel en tu&nbsp;casa, ver&aacute;s que el CD con el audio incluye adem&aacute;s, la versi&oacute;n en ebook del libro (pdf + epub + kindle). As&iacute;, podr&aacute;s aprender ruso con nosotros leyendo el libro en papel o usando tu PC, tablet, tel&eacute;fono o lector de libros electr&oacute;nicos.<\/p>\r\n      <\/div>\r\n   <\/div>\r\n<\/div>","protected":false},"excerpt":{"rendered":"<div class=\"container-fluid\">\r\n   <div class=\"row\">\r\n      <div class=\"col-xs-12\">\r\n         <!-- este div es la descripcion para Google Shopping-->\r\n         <div hidden=\"\">\r\n            <p>&iquest;Ya sabes algo de ruso y quieres mejorarlo? Lee y escucha conversaciones para aumentar tu vocabulario. Audiolibro en ruso + traducci&oacute;n al castellano + CD con audio. M&aacute;s de 50 di&aacute;logos en ruso.<\/p>\r\n         <\/div>\r\n         <!-- fin de la descripci\u00f3n para Google Shooping-->\r\n        [etiquetas_producto paginas=\"38\" audio=60]\r\n         <p>&iquest;Ya sabes algo de ruso y quieres mejorarlo? Lee y escucha conversaciones para aumentar tu vocabulario. Audiolibro en ruso + traducci&oacute;n al castellano + CD con audio. M&aacute;s de 50 di&aacute;logos en ruso f&aacute;cil sobre todo tipo de temas:<\/p>\r\n         <ol>\r\n            <li>Ropa<\/li>\r\n            <li>Frutas y verduras<\/li>\r\n            <li>En el hospital<\/li>\r\n            <li>El aspecto f&iacute;sico<\/li>\r\n            <li>Vacaciones<\/li>\r\n            <li>Mi apartamento<\/li>\r\n            <li>En la ciudad<\/li>\r\n            <li>Animales<\/li>\r\n         <\/ol>\r\n         <p><span class=\"mi-cuadro-importante mi-img-audio\">Profesional y textos duales (ruso-espa&ntilde;ol) para estudiantes de ruso.<\/span><\/p>\r\n         <p><img loading=\"lazy\" decoding=\"async\" src=\"\/wp-content\/uploads\/book-papel-cd-pdf-kindle-epub-mp3.jpg\" width=\"380\" height=\"65\" \/><\/p>\r\n         <p>LIBRO EN PAPEL + CD: Te lo enviaremos a cualquier parte del mundo. **Como bonus, el CD de audio tambi&eacute;n incluye la edici&oacute;n en ebook**<\/p>\r\n         <p><span class=\"mi-cuadro-importante\">&iquest;Prefieres ebooks?&nbsp;<a href=\"https:\/\/sistemakalinka.com\/es\/producto\/dialogos-en-ruso-facil-audio-nivel-a2-ebook\">Click para ver la edici&oacute;n digital<\/a><\/span><\/p>\r\n      <\/div>\r\n   <\/div>\r\n<\/div>","protected":false},"featured_media":4514,"comment_status":"open","ping_status":"closed","template":"","meta":[],"product_brand":[],"product_cat":[67,70,64,62],"product_tag":[],"class_list":{"0":"post-4842","1":"product","2":"type-product","3":"status-publish","4":"has-post-thumbnail","6":"product_cat-dialogos","7":"product_cat-libro-en-papel","8":"product_cat-libros-de-ruso-con-audio","9":"product_cat-libros-para-aprender-ruso","10":"pa_level-a2-es","12":"first","13":"instock","14":"sale","15":"taxable","16":"shipping-taxable","17":"purchasable","18":"product-type-simple"},"yoast_head":"<!-- This site is optimized with the Yoast SEO plugin v27.3 - https:\/\/yoast.com\/product\/yoast-seo-wordpress\/ -->\n<title>Di\u00e1logos en ruso f\u00e1cil + audio: Nivel A2 (papel) - Sistema Kalinka<\/title>\n<meta name=\"description\" content=\"Libros para aprender ruso. Textos en ruso f\u00e1cil con audio.\" \/>\n<meta name=\"robots\" content=\"index, follow, max-snippet:-1, max-image-preview:large, max-video-preview:-1\" \/>\n<link rel=\"canonical\" href=\"https:\/\/sistemakalinka.com\/es\/producto\/dialogos-en-ruso-facil-audio-nivel-a2-papel\/\" \/>\n<meta property=\"og:locale\" content=\"es_ES\" \/>\n<meta property=\"og:type\" content=\"article\" \/>\n<meta property=\"og:title\" content=\"Di\u00e1logos en ruso f\u00e1cil + audio: Nivel A2 (papel) - Sistema Kalinka\" \/>\n<meta property=\"og:description\" content=\"Libros para aprender ruso. Textos en ruso f\u00e1cil con audio.\" \/>\n<meta property=\"og:url\" content=\"https:\/\/sistemakalinka.com\/es\/producto\/dialogos-en-ruso-facil-audio-nivel-a2-papel\/\" \/>\n<meta property=\"og:site_name\" content=\"Sistema Kalinka\" \/>\n<meta property=\"article:modified_time\" content=\"2026-03-01T10:00:26+00:00\" \/>\n<meta property=\"og:image\" content=\"https:\/\/sistemakalinka.com\/wp-content\/uploads\/DBOOK_A2_01_es_papel.jpg\" \/>\n\t<meta property=\"og:image:width\" content=\"955\" \/>\n\t<meta property=\"og:image:height\" content=\"955\" \/>\n\t<meta property=\"og:image:type\" content=\"image\/jpeg\" \/>\n<meta name=\"twitter:card\" content=\"summary_large_image\" \/>\n<meta name=\"twitter:label1\" content=\"Tiempo de lectura\" \/>\n\t<meta name=\"twitter:data1\" content=\"3 minutos\" \/>\n<script type=\"application\/ld+json\" class=\"yoast-schema-graph\">{\"@context\":\"https:\\\/\\\/schema.org\",\"@graph\":[{\"@type\":\"WebPage\",\"@id\":\"https:\\\/\\\/sistemakalinka.com\\\/es\\\/producto\\\/dialogos-en-ruso-facil-audio-nivel-a2-papel\\\/\",\"url\":\"https:\\\/\\\/sistemakalinka.com\\\/es\\\/producto\\\/dialogos-en-ruso-facil-audio-nivel-a2-papel\\\/\",\"name\":\"Di\u00e1logos en ruso f\u00e1cil + audio: Nivel A2 (papel) - Sistema Kalinka\",\"isPartOf\":{\"@id\":\"https:\\\/\\\/sistemakalinka.com\\\/es\\\/#website\"},\"primaryImageOfPage\":{\"@id\":\"https:\\\/\\\/sistemakalinka.com\\\/es\\\/producto\\\/dialogos-en-ruso-facil-audio-nivel-a2-papel\\\/#primaryimage\"},\"image\":{\"@id\":\"https:\\\/\\\/sistemakalinka.com\\\/es\\\/producto\\\/dialogos-en-ruso-facil-audio-nivel-a2-papel\\\/#primaryimage\"},\"thumbnailUrl\":\"https:\\\/\\\/sistemakalinka.com\\\/wp-content\\\/uploads\\\/DBOOK_A2_01_es_papel.jpg\",\"datePublished\":\"2020-06-03T15:11:18+00:00\",\"dateModified\":\"2026-03-01T10:00:26+00:00\",\"description\":\"Libros para aprender ruso. Textos en ruso f\u00e1cil con audio.\",\"breadcrumb\":{\"@id\":\"https:\\\/\\\/sistemakalinka.com\\\/es\\\/producto\\\/dialogos-en-ruso-facil-audio-nivel-a2-papel\\\/#breadcrumb\"},\"inLanguage\":\"es\",\"potentialAction\":[{\"@type\":\"ReadAction\",\"target\":[\"https:\\\/\\\/sistemakalinka.com\\\/es\\\/producto\\\/dialogos-en-ruso-facil-audio-nivel-a2-papel\\\/\"]}]},{\"@type\":\"ImageObject\",\"inLanguage\":\"es\",\"@id\":\"https:\\\/\\\/sistemakalinka.com\\\/es\\\/producto\\\/dialogos-en-ruso-facil-audio-nivel-a2-papel\\\/#primaryimage\",\"url\":\"https:\\\/\\\/sistemakalinka.com\\\/wp-content\\\/uploads\\\/DBOOK_A2_01_es_papel.jpg\",\"contentUrl\":\"https:\\\/\\\/sistemakalinka.com\\\/wp-content\\\/uploads\\\/DBOOK_A2_01_es_papel.jpg\",\"width\":955,\"height\":955,\"caption\":\"Di\u00e1logos en ruso f\u00e1cil + audio: Nivel A2 (papel)\"},{\"@type\":\"BreadcrumbList\",\"@id\":\"https:\\\/\\\/sistemakalinka.com\\\/es\\\/producto\\\/dialogos-en-ruso-facil-audio-nivel-a2-papel\\\/#breadcrumb\",\"itemListElement\":[{\"@type\":\"ListItem\",\"position\":1,\"name\":\"Home\",\"item\":\"https:\\\/\\\/sistemakalinka.com\\\/es\\\/\"},{\"@type\":\"ListItem\",\"position\":2,\"name\":\"Shop\",\"item\":\"https:\\\/\\\/sistemakalinka.com\\\/shop\\\/\"},{\"@type\":\"ListItem\",\"position\":3,\"name\":\"Di\u00e1logos en ruso f\u00e1cil + audio: Nivel A2 (papel)\"}]},{\"@type\":\"WebSite\",\"@id\":\"https:\\\/\\\/sistemakalinka.com\\\/es\\\/#website\",\"url\":\"https:\\\/\\\/sistemakalinka.com\\\/es\\\/\",\"name\":\"Sistema Kalinka\",\"description\":\"Learn Russian with us\",\"potentialAction\":[{\"@type\":\"SearchAction\",\"target\":{\"@type\":\"EntryPoint\",\"urlTemplate\":\"https:\\\/\\\/sistemakalinka.com\\\/es\\\/?s={search_term_string}\"},\"query-input\":{\"@type\":\"PropertyValueSpecification\",\"valueRequired\":true,\"valueName\":\"search_term_string\"}}],\"inLanguage\":\"es\"}]}<\/script>\n<!-- \/ Yoast SEO plugin. -->","yoast_head_json":{"title":"Di\u00e1logos en ruso f\u00e1cil + audio: Nivel A2 (papel) - Sistema Kalinka","description":"Libros para aprender ruso. Textos en ruso f\u00e1cil con audio.","robots":{"index":"index","follow":"follow","max-snippet":"max-snippet:-1","max-image-preview":"max-image-preview:large","max-video-preview":"max-video-preview:-1"},"canonical":"https:\/\/sistemakalinka.com\/es\/producto\/dialogos-en-ruso-facil-audio-nivel-a2-papel\/","og_locale":"es_ES","og_type":"article","og_title":"Di\u00e1logos en ruso f\u00e1cil + audio: Nivel A2 (papel) - Sistema Kalinka","og_description":"Libros para aprender ruso. Textos en ruso f\u00e1cil con audio.","og_url":"https:\/\/sistemakalinka.com\/es\/producto\/dialogos-en-ruso-facil-audio-nivel-a2-papel\/","og_site_name":"Sistema Kalinka","article_modified_time":"2026-03-01T10:00:26+00:00","og_image":[{"width":955,"height":955,"url":"https:\/\/sistemakalinka.com\/wp-content\/uploads\/DBOOK_A2_01_es_papel.jpg","type":"image\/jpeg"}],"twitter_card":"summary_large_image","twitter_misc":{"Tiempo de lectura":"3 minutos"},"schema":{"@context":"https:\/\/schema.org","@graph":[{"@type":"WebPage","@id":"https:\/\/sistemakalinka.com\/es\/producto\/dialogos-en-ruso-facil-audio-nivel-a2-papel\/","url":"https:\/\/sistemakalinka.com\/es\/producto\/dialogos-en-ruso-facil-audio-nivel-a2-papel\/","name":"Di\u00e1logos en ruso f\u00e1cil + audio: Nivel A2 (papel) - Sistema Kalinka","isPartOf":{"@id":"https:\/\/sistemakalinka.com\/es\/#website"},"primaryImageOfPage":{"@id":"https:\/\/sistemakalinka.com\/es\/producto\/dialogos-en-ruso-facil-audio-nivel-a2-papel\/#primaryimage"},"image":{"@id":"https:\/\/sistemakalinka.com\/es\/producto\/dialogos-en-ruso-facil-audio-nivel-a2-papel\/#primaryimage"},"thumbnailUrl":"https:\/\/sistemakalinka.com\/wp-content\/uploads\/DBOOK_A2_01_es_papel.jpg","datePublished":"2020-06-03T15:11:18+00:00","dateModified":"2026-03-01T10:00:26+00:00","description":"Libros para aprender ruso. Textos en ruso f\u00e1cil con audio.","breadcrumb":{"@id":"https:\/\/sistemakalinka.com\/es\/producto\/dialogos-en-ruso-facil-audio-nivel-a2-papel\/#breadcrumb"},"inLanguage":"es","potentialAction":[{"@type":"ReadAction","target":["https:\/\/sistemakalinka.com\/es\/producto\/dialogos-en-ruso-facil-audio-nivel-a2-papel\/"]}]},{"@type":"ImageObject","inLanguage":"es","@id":"https:\/\/sistemakalinka.com\/es\/producto\/dialogos-en-ruso-facil-audio-nivel-a2-papel\/#primaryimage","url":"https:\/\/sistemakalinka.com\/wp-content\/uploads\/DBOOK_A2_01_es_papel.jpg","contentUrl":"https:\/\/sistemakalinka.com\/wp-content\/uploads\/DBOOK_A2_01_es_papel.jpg","width":955,"height":955,"caption":"Di\u00e1logos en ruso f\u00e1cil + audio: Nivel A2 (papel)"},{"@type":"BreadcrumbList","@id":"https:\/\/sistemakalinka.com\/es\/producto\/dialogos-en-ruso-facil-audio-nivel-a2-papel\/#breadcrumb","itemListElement":[{"@type":"ListItem","position":1,"name":"Home","item":"https:\/\/sistemakalinka.com\/es\/"},{"@type":"ListItem","position":2,"name":"Shop","item":"https:\/\/sistemakalinka.com\/shop\/"},{"@type":"ListItem","position":3,"name":"Di\u00e1logos en ruso f\u00e1cil + audio: Nivel A2 (papel)"}]},{"@type":"WebSite","@id":"https:\/\/sistemakalinka.com\/es\/#website","url":"https:\/\/sistemakalinka.com\/es\/","name":"Sistema Kalinka","description":"Learn Russian with us","potentialAction":[{"@type":"SearchAction","target":{"@type":"EntryPoint","urlTemplate":"https:\/\/sistemakalinka.com\/es\/?s={search_term_string}"},"query-input":{"@type":"PropertyValueSpecification","valueRequired":true,"valueName":"search_term_string"}}],"inLanguage":"es"}]}},"_links":{"self":[{"href":"https:\/\/sistemakalinka.com\/es\/wp-json\/wp\/v2\/product\/4842","targetHints":{"allow":["GET"]}}],"collection":[{"href":"https:\/\/sistemakalinka.com\/es\/wp-json\/wp\/v2\/product"}],"about":[{"href":"https:\/\/sistemakalinka.com\/es\/wp-json\/wp\/v2\/types\/product"}],"replies":[{"embeddable":true,"href":"https:\/\/sistemakalinka.com\/es\/wp-json\/wp\/v2\/comments?post=4842"}],"wp:featuredmedia":[{"embeddable":true,"href":"https:\/\/sistemakalinka.com\/es\/wp-json\/wp\/v2\/media\/4514"}],"wp:attachment":[{"href":"https:\/\/sistemakalinka.com\/es\/wp-json\/wp\/v2\/media?parent=4842"}],"wp:term":[{"taxonomy":"product_brand","embeddable":true,"href":"https:\/\/sistemakalinka.com\/es\/wp-json\/wp\/v2\/product_brand?post=4842"},{"taxonomy":"product_cat","embeddable":true,"href":"https:\/\/sistemakalinka.com\/es\/wp-json\/wp\/v2\/product_cat?post=4842"},{"taxonomy":"product_tag","embeddable":true,"href":"https:\/\/sistemakalinka.com\/es\/wp-json\/wp\/v2\/product_tag?post=4842"}],"curies":[{"name":"wp","href":"https:\/\/api.w.org\/{rel}","templated":true}]}}