{"id":6189,"date":"2020-07-15T15:12:08","date_gmt":"2020-07-15T13:12:08","guid":{"rendered":"http:\/\/sistemakalinka.com\/?post_type=product&#038;p=6189"},"modified":"2025-12-06T16:50:40","modified_gmt":"2025-12-06T15:50:40","slug":"diccionario-visual-ruso-espanol-con-audio-papel","status":"publish","type":"product","link":"https:\/\/sistemakalinka.com\/es\/producto\/diccionario-visual-ruso-espanol-con-audio-papel\/","title":{"rendered":"Diccionario visual ruso-espa\u00f1ol con audio (papel)"},"content":{"rendered":"<div class=\"container-fluid\">\r\n   <div class=\"row\">\r\n      <div class=\"col-xs-12\">\r\n         <h2>&iexcl;Pru&eacute;balo! Lee y escucha un fragmento de este libro:<\/h2>\r\n      <\/div>\r\n   <\/div>\r\n   <div class=\"row\">\r\n      <div class=\"col-lg-6 col-md-6 col-sm-6 col-xs-12\">\r\n         <p>Escucha un fragmento del diccionario:<\/p>\r\n         <p>\r\n            <audio style=\"color: #95b9c7;\" controls=\"controls\">\r\n               <source src=\"\/wp-content\/uploads\/audio-DIC1000.mp3\" type=\"audio\/mpeg\">\r\n               Your browser does not support the audio element.\r\n            <\/audio>\r\n         <\/p>\r\n      <\/div>\r\n      <div class=\"col-lg-6 col-md-6 col-sm-6 col-xs-12\">\r\n         <p class=\"hidden-xs\">Lee un fragmento del diccionario. Haz click para ampliar::<\/p>\r\n         <p class=\"hidden-lg hidden-md hidden-sm visible-xs-block\">Lee un fragmento del diccionario:<\/p>\r\n         <div class=\"row mi-galeria-producto\"><a href=\"\/wp-content\/uploads\/book-ejemplo-DIC1000ES-diccionario-ruso-1.jpg\" data-fancybox=\"gallery\" title=\"Muestra del libro\"><img decoding=\"async\" class=\"col-lg-6 col-md-12 col-sm-12 col-xs-12\" id=\"thumb_296\" src=\"\/wp-content\/uploads\/book-ejemplo-DIC1000ES-diccionario-ruso-1.jpg\" alt=\"Muestra del libro\" title=\"Muestra del libro\" itemprop=\"image\" \/><\/a> <a href=\"\/wp-content\/uploads\/book-ejemplo-DIC1000ES-diccionario-ruso-2.jpg\" data-fancybox=\"gallery\" title=\"Muestra del libro\"><img decoding=\"async\" class=\"col-lg-6 col-md-12 col-sm-12 col-xs-12\" id=\"thumb_296\" src=\"\/wp-content\/uploads\/book-ejemplo-DIC1000ES-diccionario-ruso-2.jpg\" alt=\"Muestra del libro\" title=\"Muestra del libro\" itemprop=\"image\" \/><\/a> <a href=\"\/wp-content\/uploads\/book-ejemplo-DIC1000ES-diccionario-ruso-3.jpg\" data-fancybox=\"gallery\" title=\"Muestra del libro\"><img decoding=\"async\" class=\"col-lg-6 col-md-12 col-sm-12 col-xs-12\" id=\"thumb_296\" src=\"\/wp-content\/uploads\/book-ejemplo-DIC1000ES-diccionario-ruso-3.jpg\" alt=\"Muestra del libro\" title=\"Muestra del libro\" itemprop=\"image\" \/><\/a> <a href=\"\/wp-content\/uploads\/book-ejemplo-DIC1000ES-diccionario-ruso-4.jpg\" data-fancybox=\"gallery\" title=\"Muestra del libro\"><img decoding=\"async\" class=\"col-lg-6 col-md-12 col-sm-12 col-xs-12\" id=\"thumb_296\" src=\"\/wp-content\/uploads\/book-ejemplo-DIC1000ES-diccionario-ruso-4.jpg\" alt=\"Muestra del libro\" title=\"Muestra del libro\" itemprop=\"image\" \/><\/a><\/div>\r\n      <\/div>\r\n   <\/div>\r\n   <div class=\"row\">\r\n      <div class=\"col-xs-12\">\r\n         <hr \/>\r\n         <h2>Diccionario visual ruso-espa&ntilde;ol + audio profesional<\/h2>\r\n         <p>Aprende vocabulario ruso de un modo ordenado. Te presentamos nuestro&nbsp;diccionario visual con audio con el que podr&aacute;s poner a prueba tus conocimientos. El libro est&aacute; divido en 60 temas (animales, objetos de la casa, profesiones, medios de transporte,&#8230;) y cada palabra incluye imagen, palabra en ruso, traducci&oacute;n y audio. Lee, escucha y aprende:<\/p>\r\n         <div class=\"mi-cuadro-importante\">\r\n            <ol>\r\n               <li>M&aacute;s de 1000 palabras.<\/li>\r\n               <li>Traducci&oacute;n y pronunciaci&oacute;n.<\/li>\r\n               <li>Clasificado en 60&nbsp;temas diferentes.<\/li>\r\n               <li>Audio profesional.<\/li>\r\n            <\/ol>\r\n         <\/div>\r\n         <h2>Recibe tu libro en casa muy bien protegido<\/h2>\r\n         <p>Nuestros libros se env&iacute;an protegidos, envueltos en pl&aacute;stico y en un paquete resistente (caja o sobre reforzado).<\/p>\r\n      <\/div>\r\n   <\/div>\r\n<\/div>","protected":false},"excerpt":{"rendered":"<div class=\"container-fluid\">\r\n   <div class=\"row\">\r\n      <div class=\"col-xs-12\">\r\n         <!-- este div es la descripcion para Google Shopping-->\r\n         <div hidden=\"\">\r\n            <p>Ideal para principiantes y alumnos de nivel medio. Aprende vocabulario con nuestro&nbsp;<strong>diccionario visual ruso-espa&ntilde;ol con audio<\/strong>. Ejercita adem&aacute;s el o&iacute;do y tu capacidad de lectura del ruso.<\/p>\r\n         <\/div>\r\n         <!-- fin de la descripci\u00f3n para Google Shooping-->\r\n         [etiquetas_producto paginas=\"76\" audio=47]\r\n         <p>Ideal para principiantes y alumnos de nivel medio. Aprende vocabulario con nuestro&nbsp;<strong>diccionario visual ruso-espa&ntilde;ol con audio<\/strong>. Ejercita adem&aacute;s el o&iacute;do y tu capacidad de lectura del ruso:<\/p>\r\n         <ol>\r\n            <li>M&aacute;s de 1000 palabras con im&aacute;genes.<\/li>\r\n            <li>Palabra en ruso + Pronunciaci&oacute;n + Traducci&oacute;n al castellano.<\/li>\r\n            <li>60 temas diferentes.<\/li>\r\n            <li>Audio profesional.<\/li>\r\n         <\/ol>        \r\n          <!-- Cuadro audio -->\r\n[imagenes_tipo_libro]\r\n      <\/div>\r\n   <\/div>\r\n<\/div>","protected":false},"featured_media":4538,"comment_status":"open","ping_status":"closed","template":"","meta":[],"product_brand":[],"product_cat":[68,70,64,62],"product_tag":[],"class_list":{"0":"post-6189","1":"product","2":"type-product","3":"status-publish","4":"has-post-thumbnail","6":"product_cat-diccionarios","7":"product_cat-libro-en-papel","8":"product_cat-libros-de-ruso-con-audio","9":"product_cat-libros-para-aprender-ruso","10":"pa_level-a1-es","12":"first","13":"instock","14":"taxable","15":"shipping-taxable","16":"purchasable","17":"product-type-simple"},"yoast_head":"<!-- This site is optimized with the Yoast SEO plugin v27.3 - https:\/\/yoast.com\/product\/yoast-seo-wordpress\/ -->\n<title>Diccionario visual ruso-espa\u00f1ol con audio (papel) - Sistema Kalinka<\/title>\n<meta name=\"description\" content=\"Nuestro diccionario con im\u00e1genes ruso-espa\u00f1ol contiene 1000 palabras, con im\u00e1genes y audio profesional. Es el mejor diccionario para estudiantes de nivel inicial-medio.\" \/>\n<meta name=\"robots\" content=\"index, follow, max-snippet:-1, max-image-preview:large, max-video-preview:-1\" \/>\n<link rel=\"canonical\" href=\"https:\/\/sistemakalinka.com\/es\/producto\/diccionario-visual-ruso-espanol-con-audio-papel\/\" \/>\n<meta property=\"og:locale\" content=\"es_ES\" \/>\n<meta property=\"og:type\" content=\"article\" \/>\n<meta property=\"og:title\" content=\"Diccionario visual ruso-espa\u00f1ol con audio (papel) - Sistema Kalinka\" \/>\n<meta property=\"og:description\" content=\"Nuestro diccionario con im\u00e1genes ruso-espa\u00f1ol contiene 1000 palabras, con im\u00e1genes y audio profesional. Es el mejor diccionario para estudiantes de nivel inicial-medio.\" \/>\n<meta property=\"og:url\" content=\"https:\/\/sistemakalinka.com\/es\/producto\/diccionario-visual-ruso-espanol-con-audio-papel\/\" \/>\n<meta property=\"og:site_name\" content=\"Sistema Kalinka\" \/>\n<meta property=\"article:modified_time\" content=\"2025-12-06T15:50:40+00:00\" \/>\n<meta property=\"og:image\" content=\"https:\/\/sistemakalinka.com\/wp-content\/uploads\/DIC_1000_es_paper.jpg\" \/>\n\t<meta property=\"og:image:width\" content=\"1194\" \/>\n\t<meta property=\"og:image:height\" content=\"1194\" \/>\n\t<meta property=\"og:image:type\" content=\"image\/jpeg\" \/>\n<meta name=\"twitter:card\" content=\"summary_large_image\" \/>\n<meta name=\"twitter:label1\" content=\"Tiempo de lectura\" \/>\n\t<meta name=\"twitter:data1\" content=\"2 minutos\" \/>\n<script type=\"application\/ld+json\" class=\"yoast-schema-graph\">{\"@context\":\"https:\\\/\\\/schema.org\",\"@graph\":[{\"@type\":\"WebPage\",\"@id\":\"https:\\\/\\\/sistemakalinka.com\\\/es\\\/producto\\\/diccionario-visual-ruso-espanol-con-audio-papel\\\/\",\"url\":\"https:\\\/\\\/sistemakalinka.com\\\/es\\\/producto\\\/diccionario-visual-ruso-espanol-con-audio-papel\\\/\",\"name\":\"Diccionario visual ruso-espa\u00f1ol con audio (papel) - Sistema Kalinka\",\"isPartOf\":{\"@id\":\"https:\\\/\\\/sistemakalinka.com\\\/es\\\/#website\"},\"primaryImageOfPage\":{\"@id\":\"https:\\\/\\\/sistemakalinka.com\\\/es\\\/producto\\\/diccionario-visual-ruso-espanol-con-audio-papel\\\/#primaryimage\"},\"image\":{\"@id\":\"https:\\\/\\\/sistemakalinka.com\\\/es\\\/producto\\\/diccionario-visual-ruso-espanol-con-audio-papel\\\/#primaryimage\"},\"thumbnailUrl\":\"https:\\\/\\\/sistemakalinka.com\\\/wp-content\\\/uploads\\\/DIC_1000_es_paper.jpg\",\"datePublished\":\"2020-07-15T13:12:08+00:00\",\"dateModified\":\"2025-12-06T15:50:40+00:00\",\"description\":\"Nuestro diccionario con im\u00e1genes ruso-espa\u00f1ol contiene 1000 palabras, con im\u00e1genes y audio profesional. Es el mejor diccionario para estudiantes de nivel inicial-medio.\",\"breadcrumb\":{\"@id\":\"https:\\\/\\\/sistemakalinka.com\\\/es\\\/producto\\\/diccionario-visual-ruso-espanol-con-audio-papel\\\/#breadcrumb\"},\"inLanguage\":\"es\",\"potentialAction\":[{\"@type\":\"ReadAction\",\"target\":[\"https:\\\/\\\/sistemakalinka.com\\\/es\\\/producto\\\/diccionario-visual-ruso-espanol-con-audio-papel\\\/\"]}]},{\"@type\":\"ImageObject\",\"inLanguage\":\"es\",\"@id\":\"https:\\\/\\\/sistemakalinka.com\\\/es\\\/producto\\\/diccionario-visual-ruso-espanol-con-audio-papel\\\/#primaryimage\",\"url\":\"https:\\\/\\\/sistemakalinka.com\\\/wp-content\\\/uploads\\\/DIC_1000_es_paper.jpg\",\"contentUrl\":\"https:\\\/\\\/sistemakalinka.com\\\/wp-content\\\/uploads\\\/DIC_1000_es_paper.jpg\",\"width\":1194,\"height\":1194,\"caption\":\"Diccionario visual ruso-espa\u00f1ol con audio (papel)\"},{\"@type\":\"BreadcrumbList\",\"@id\":\"https:\\\/\\\/sistemakalinka.com\\\/es\\\/producto\\\/diccionario-visual-ruso-espanol-con-audio-papel\\\/#breadcrumb\",\"itemListElement\":[{\"@type\":\"ListItem\",\"position\":1,\"name\":\"Home\",\"item\":\"https:\\\/\\\/sistemakalinka.com\\\/es\\\/\"},{\"@type\":\"ListItem\",\"position\":2,\"name\":\"Shop\",\"item\":\"https:\\\/\\\/sistemakalinka.com\\\/shop\\\/\"},{\"@type\":\"ListItem\",\"position\":3,\"name\":\"Diccionario visual ruso-espa\u00f1ol con audio (papel)\"}]},{\"@type\":\"WebSite\",\"@id\":\"https:\\\/\\\/sistemakalinka.com\\\/es\\\/#website\",\"url\":\"https:\\\/\\\/sistemakalinka.com\\\/es\\\/\",\"name\":\"Sistema Kalinka\",\"description\":\"Learn Russian with us\",\"potentialAction\":[{\"@type\":\"SearchAction\",\"target\":{\"@type\":\"EntryPoint\",\"urlTemplate\":\"https:\\\/\\\/sistemakalinka.com\\\/es\\\/?s={search_term_string}\"},\"query-input\":{\"@type\":\"PropertyValueSpecification\",\"valueRequired\":true,\"valueName\":\"search_term_string\"}}],\"inLanguage\":\"es\"}]}<\/script>\n<!-- \/ Yoast SEO plugin. -->","yoast_head_json":{"title":"Diccionario visual ruso-espa\u00f1ol con audio (papel) - Sistema Kalinka","description":"Nuestro diccionario con im\u00e1genes ruso-espa\u00f1ol contiene 1000 palabras, con im\u00e1genes y audio profesional. Es el mejor diccionario para estudiantes de nivel inicial-medio.","robots":{"index":"index","follow":"follow","max-snippet":"max-snippet:-1","max-image-preview":"max-image-preview:large","max-video-preview":"max-video-preview:-1"},"canonical":"https:\/\/sistemakalinka.com\/es\/producto\/diccionario-visual-ruso-espanol-con-audio-papel\/","og_locale":"es_ES","og_type":"article","og_title":"Diccionario visual ruso-espa\u00f1ol con audio (papel) - Sistema Kalinka","og_description":"Nuestro diccionario con im\u00e1genes ruso-espa\u00f1ol contiene 1000 palabras, con im\u00e1genes y audio profesional. Es el mejor diccionario para estudiantes de nivel inicial-medio.","og_url":"https:\/\/sistemakalinka.com\/es\/producto\/diccionario-visual-ruso-espanol-con-audio-papel\/","og_site_name":"Sistema Kalinka","article_modified_time":"2025-12-06T15:50:40+00:00","og_image":[{"width":1194,"height":1194,"url":"https:\/\/sistemakalinka.com\/wp-content\/uploads\/DIC_1000_es_paper.jpg","type":"image\/jpeg"}],"twitter_card":"summary_large_image","twitter_misc":{"Tiempo de lectura":"2 minutos"},"schema":{"@context":"https:\/\/schema.org","@graph":[{"@type":"WebPage","@id":"https:\/\/sistemakalinka.com\/es\/producto\/diccionario-visual-ruso-espanol-con-audio-papel\/","url":"https:\/\/sistemakalinka.com\/es\/producto\/diccionario-visual-ruso-espanol-con-audio-papel\/","name":"Diccionario visual ruso-espa\u00f1ol con audio (papel) - Sistema Kalinka","isPartOf":{"@id":"https:\/\/sistemakalinka.com\/es\/#website"},"primaryImageOfPage":{"@id":"https:\/\/sistemakalinka.com\/es\/producto\/diccionario-visual-ruso-espanol-con-audio-papel\/#primaryimage"},"image":{"@id":"https:\/\/sistemakalinka.com\/es\/producto\/diccionario-visual-ruso-espanol-con-audio-papel\/#primaryimage"},"thumbnailUrl":"https:\/\/sistemakalinka.com\/wp-content\/uploads\/DIC_1000_es_paper.jpg","datePublished":"2020-07-15T13:12:08+00:00","dateModified":"2025-12-06T15:50:40+00:00","description":"Nuestro diccionario con im\u00e1genes ruso-espa\u00f1ol contiene 1000 palabras, con im\u00e1genes y audio profesional. Es el mejor diccionario para estudiantes de nivel inicial-medio.","breadcrumb":{"@id":"https:\/\/sistemakalinka.com\/es\/producto\/diccionario-visual-ruso-espanol-con-audio-papel\/#breadcrumb"},"inLanguage":"es","potentialAction":[{"@type":"ReadAction","target":["https:\/\/sistemakalinka.com\/es\/producto\/diccionario-visual-ruso-espanol-con-audio-papel\/"]}]},{"@type":"ImageObject","inLanguage":"es","@id":"https:\/\/sistemakalinka.com\/es\/producto\/diccionario-visual-ruso-espanol-con-audio-papel\/#primaryimage","url":"https:\/\/sistemakalinka.com\/wp-content\/uploads\/DIC_1000_es_paper.jpg","contentUrl":"https:\/\/sistemakalinka.com\/wp-content\/uploads\/DIC_1000_es_paper.jpg","width":1194,"height":1194,"caption":"Diccionario visual ruso-espa\u00f1ol con audio (papel)"},{"@type":"BreadcrumbList","@id":"https:\/\/sistemakalinka.com\/es\/producto\/diccionario-visual-ruso-espanol-con-audio-papel\/#breadcrumb","itemListElement":[{"@type":"ListItem","position":1,"name":"Home","item":"https:\/\/sistemakalinka.com\/es\/"},{"@type":"ListItem","position":2,"name":"Shop","item":"https:\/\/sistemakalinka.com\/shop\/"},{"@type":"ListItem","position":3,"name":"Diccionario visual ruso-espa\u00f1ol con audio (papel)"}]},{"@type":"WebSite","@id":"https:\/\/sistemakalinka.com\/es\/#website","url":"https:\/\/sistemakalinka.com\/es\/","name":"Sistema Kalinka","description":"Learn Russian with us","potentialAction":[{"@type":"SearchAction","target":{"@type":"EntryPoint","urlTemplate":"https:\/\/sistemakalinka.com\/es\/?s={search_term_string}"},"query-input":{"@type":"PropertyValueSpecification","valueRequired":true,"valueName":"search_term_string"}}],"inLanguage":"es"}]}},"_links":{"self":[{"href":"https:\/\/sistemakalinka.com\/es\/wp-json\/wp\/v2\/product\/6189","targetHints":{"allow":["GET"]}}],"collection":[{"href":"https:\/\/sistemakalinka.com\/es\/wp-json\/wp\/v2\/product"}],"about":[{"href":"https:\/\/sistemakalinka.com\/es\/wp-json\/wp\/v2\/types\/product"}],"replies":[{"embeddable":true,"href":"https:\/\/sistemakalinka.com\/es\/wp-json\/wp\/v2\/comments?post=6189"}],"wp:featuredmedia":[{"embeddable":true,"href":"https:\/\/sistemakalinka.com\/es\/wp-json\/wp\/v2\/media\/4538"}],"wp:attachment":[{"href":"https:\/\/sistemakalinka.com\/es\/wp-json\/wp\/v2\/media?parent=6189"}],"wp:term":[{"taxonomy":"product_brand","embeddable":true,"href":"https:\/\/sistemakalinka.com\/es\/wp-json\/wp\/v2\/product_brand?post=6189"},{"taxonomy":"product_cat","embeddable":true,"href":"https:\/\/sistemakalinka.com\/es\/wp-json\/wp\/v2\/product_cat?post=6189"},{"taxonomy":"product_tag","embeddable":true,"href":"https:\/\/sistemakalinka.com\/es\/wp-json\/wp\/v2\/product_tag?post=6189"}],"curies":[{"name":"wp","href":"https:\/\/api.w.org\/{rel}","templated":true}]}}